{"id":1950,"date":"2021-05-13T11:37:25","date_gmt":"2021-05-13T11:37:25","guid":{"rendered":"http:\/\/christinakosmeetika.ee\/product\/forever-young-moisturizing-facial-wash\/"},"modified":"2026-04-15T12:07:15","modified_gmt":"2026-04-15T09:07:15","slug":"forever-young-moisturizing-facial-wash-et","status":"publish","type":"product","link":"https:\/\/christinakosmeetika.ee\/et\/toode\/forever-young-moisturizing-facial-wash-et\/","title":{"rendered":"FOREVER YOUNG Moisturizing Facial Wash 300ml CHR391"},"content":{"rendered":"<section class=\"av_textblock_section \">\n<div class=\"avia_textblock \">\n<section class=\"av_textblock_section \">\n<div class=\"avia_textblock \">\n<p>Niisutav n\u00e4opuhastusgeel Christina Forever Young Moisturizing Facial Wash s\u00fcgavpuhastab nahka saasteainetest ja meigij\u00e4\u00e4kidest, k\u00f5rvaldab kuivuse ja ketenduse, optimeerib niiskustasakaalu ja aeglustab vananemisilmingute ilmnemist. See eemaldab t\u00f5husalt saasteained, kahjustatud rakud, liigse naha rasu ja meigij\u00e4\u00e4gid. Puhastusgeel niisutab nahka, stimuleerib ainevahetust ja omab rahustavat toimet. See puhastusvahend on spetsiaalselt v\u00e4lja t\u00f6\u00f6tatud, et mitte \u00e4rritada nahka ega j\u00e4tta tundeid pingulolekust. Seda saab ohutult kasutada ka tundlikus silma\u00fcmbruse piirkonnas. Geel niisutab nahka, p\u00f5hjustamata \u00e4rritust, j\u00e4ttes naha v\u00e4rskeks ja uuendatuks. CHRISTINA Forever Young on leeliselise pH tasemega geel, mille pH tase on 7,8-8,8.<\/p>\n<\/div>\n<\/section>\n<section class=\"av_textblock_section \">\n<div class=\"avia_textblock \">\n<p><strong>Kasutamine:<\/strong><\/p>\n<p>Vahusta geeli peopesades ja kanna nahale. Loputa sooja veega. Sobib meigieemaldamiseks. Sealhulgas orbitaalses piirkonnas.<\/p>\n<\/div>\n<\/section>\n<section class=\"av_textblock_section \">\n<div class=\"avia_textblock \">\n<p><strong>Koostis:<\/strong><\/p>\n<p>Deionized Water (Aqua), Sodium C12-15 Pareth Sulfate, Lauryl Betaine, Caprylyl\/Capryl Glucoside, Quillaja Saponaria Bark Extract, Cocamide MEA, Sodium Chloride, Polyquaternium-7, Polyquaternium-10, Glycerin, Fragrance, Hamamelis Virginiana (Witch Hazel) Extract, Chamomilla Recutita (Matricaria) Flower Extract, Cellulose Gum, DMDM Hydantoin, Glycolic Acid, Lactamide MEA, Acetamide MEA, Saponaria Officinalis Leaf \/ Root Extract, Olea Europaea (Olive) Oil Unsaponifiables, Blue 1 (CI 42090), D&amp;C Yellow No. 10<\/p>\n<\/div>\n<\/section>\n<\/div>\n<\/section>\n","protected":false},"excerpt":{"rendered":"<h4>Niisutav pesemis n\u00e4ogeel<\/h4>\n","protected":false},"featured_media":5272,"template":"","meta":[],"product_brand":[],"product_cat":[147],"product_tag":[],"class_list":{"0":"post-1950","1":"product","2":"type-product","3":"status-publish","4":"has-post-thumbnail","6":"product_cat-geel-et","7":"product_shipping_class-smart-itella-post","8":"pa_linii-kosmetiki-forever-young-et","9":"pa_reshenie-problem-dehudratsioon","10":"pa_reshenie-problem-suhost","11":"pa_reshenie-problem-saastunud-nahk","12":"pa_reshenie-problem-vananemise-margid","13":"pa_tip-kozi-kuiv-et","14":"pa_tip-kozi-normaalne-et","15":"pa_tip-preparata-geel","16":"pa_vremja-primenenija-oine","17":"pa_vremja-primenenija-paevane","19":"first","20":"instock","21":"taxable","22":"shipping-taxable","23":"purchasable","24":"product-type-simple"},"yoast_head":"<!-- This site is optimized with the Yoast SEO plugin v27.5 - https:\/\/yoast.com\/product\/yoast-seo-wordpress\/ -->\n<title>FOREVER YOUNG Moisturizing Facial Wash 300ml CHR391 - Christinakosmeetika<\/title>\n<meta name=\"description\" content=\"Eemaldab t\u00f5husalt mustuse, kahjustatud rakud, liigse rasu ja meigij\u00e4\u00e4gid. Niisutab nahka ning stimuleerib ainevahetust.\" \/>\n<meta name=\"robots\" content=\"index, follow, max-snippet:-1, max-image-preview:large, max-video-preview:-1\" \/>\n<link rel=\"canonical\" href=\"https:\/\/christinakosmeetika.ee\/product\/forever-young-moisturizing-facial-wash\/\" \/>\n<meta property=\"og:locale\" content=\"et_EE\" \/>\n<meta property=\"og:type\" content=\"article\" \/>\n<meta property=\"og:title\" content=\"FOREVER YOUNG Moisturizing Facial Wash 300ml CHR391 - Christinakosmeetika\" \/>\n<meta property=\"og:description\" content=\"Eemaldab t\u00f5husalt mustuse, kahjustatud rakud, liigse rasu ja meigij\u00e4\u00e4gid. Niisutab nahka ning stimuleerib ainevahetust.\" \/>\n<meta property=\"og:url\" content=\"https:\/\/christinakosmeetika.ee\/product\/forever-young-moisturizing-facial-wash\/\" \/>\n<meta property=\"og:site_name\" content=\"Christinakosmeetika\" \/>\n<meta property=\"article:modified_time\" content=\"2026-04-15T09:07:15+00:00\" \/>\n<meta property=\"og:image\" content=\"https:\/\/christinakosmeetika.ee\/wp-content\/uploads\/2021\/05\/Moisturizing-Facial-Wash-450-1.jpg\" \/>\n\t<meta property=\"og:image:width\" content=\"450\" \/>\n\t<meta property=\"og:image:height\" content=\"450\" \/>\n\t<meta property=\"og:image:type\" content=\"image\/jpeg\" \/>\n<meta name=\"twitter:card\" content=\"summary_large_image\" \/>\n<meta name=\"twitter:label1\" content=\"Est. reading time\" \/>\n\t<meta name=\"twitter:data1\" content=\"1 minut\" \/>\n<script type=\"application\/ld+json\" class=\"yoast-schema-graph\">{\"@context\":\"https:\\\/\\\/schema.org\",\"@graph\":[{\"@type\":\"WebPage\",\"@id\":\"https:\\\/\\\/christinakosmeetika.ee\\\/product\\\/forever-young-moisturizing-facial-wash\\\/\",\"url\":\"https:\\\/\\\/christinakosmeetika.ee\\\/product\\\/forever-young-moisturizing-facial-wash\\\/\",\"name\":\"FOREVER YOUNG Moisturizing Facial Wash 300ml CHR391 - Christinakosmeetika\",\"isPartOf\":{\"@id\":\"https:\\\/\\\/christinakosmeetika.ee\\\/#website\"},\"primaryImageOfPage\":{\"@id\":\"https:\\\/\\\/christinakosmeetika.ee\\\/product\\\/forever-young-moisturizing-facial-wash\\\/#primaryimage\"},\"image\":{\"@id\":\"https:\\\/\\\/christinakosmeetika.ee\\\/product\\\/forever-young-moisturizing-facial-wash\\\/#primaryimage\"},\"thumbnailUrl\":\"https:\\\/\\\/christinakosmeetika.ee\\\/wp-content\\\/uploads\\\/2021\\\/05\\\/Moisturizing-Facial-Wash-450-1.jpg\",\"datePublished\":\"2021-05-13T11:37:25+00:00\",\"dateModified\":\"2026-04-15T09:07:15+00:00\",\"description\":\"Eemaldab t\u00f5husalt mustuse, kahjustatud rakud, liigse rasu ja meigij\u00e4\u00e4gid. Niisutab nahka ning stimuleerib ainevahetust.\",\"breadcrumb\":{\"@id\":\"https:\\\/\\\/christinakosmeetika.ee\\\/product\\\/forever-young-moisturizing-facial-wash\\\/#breadcrumb\"},\"inLanguage\":\"et\",\"potentialAction\":[{\"@type\":\"ReadAction\",\"target\":[\"https:\\\/\\\/christinakosmeetika.ee\\\/product\\\/forever-young-moisturizing-facial-wash\\\/\"]}]},{\"@type\":\"ImageObject\",\"inLanguage\":\"et\",\"@id\":\"https:\\\/\\\/christinakosmeetika.ee\\\/product\\\/forever-young-moisturizing-facial-wash\\\/#primaryimage\",\"url\":\"https:\\\/\\\/christinakosmeetika.ee\\\/wp-content\\\/uploads\\\/2021\\\/05\\\/Moisturizing-Facial-Wash-450-1.jpg\",\"contentUrl\":\"https:\\\/\\\/christinakosmeetika.ee\\\/wp-content\\\/uploads\\\/2021\\\/05\\\/Moisturizing-Facial-Wash-450-1.jpg\",\"width\":450,\"height\":450},{\"@type\":\"BreadcrumbList\",\"@id\":\"https:\\\/\\\/christinakosmeetika.ee\\\/product\\\/forever-young-moisturizing-facial-wash\\\/#breadcrumb\",\"itemListElement\":[{\"@type\":\"ListItem\",\"position\":1,\"name\":\"\u0413\u043b\u0430\u0432\u043d\u0430\u044f \u0441\u0442\u0440\u0430\u043d\u0438\u0446\u0430\",\"item\":\"https:\\\/\\\/christinakosmeetika.ee\\\/et\\\/\"},{\"@type\":\"ListItem\",\"position\":2,\"name\":\"Pood\",\"item\":\"https:\\\/\\\/christinakosmeetika.ee\\\/et\\\/shop\\\/\"},{\"@type\":\"ListItem\",\"position\":3,\"name\":\"FOREVER YOUNG Moisturizing Facial Wash 300ml CHR391\"}]},{\"@type\":\"WebSite\",\"@id\":\"https:\\\/\\\/christinakosmeetika.ee\\\/#website\",\"url\":\"https:\\\/\\\/christinakosmeetika.ee\\\/\",\"name\":\"Christinakosmeetika\",\"description\":\"Christina kosmeetika Eestis\",\"alternateName\":\"Christina kosmeetika Eestis\",\"potentialAction\":[{\"@type\":\"SearchAction\",\"target\":{\"@type\":\"EntryPoint\",\"urlTemplate\":\"https:\\\/\\\/christinakosmeetika.ee\\\/?s={search_term_string}\"},\"query-input\":{\"@type\":\"PropertyValueSpecification\",\"valueRequired\":true,\"valueName\":\"search_term_string\"}}],\"inLanguage\":\"et\"}]}<\/script>\n<!-- \/ Yoast SEO plugin. -->","yoast_head_json":{"title":"FOREVER YOUNG Moisturizing Facial Wash 300ml CHR391 - Christinakosmeetika","description":"Eemaldab t\u00f5husalt mustuse, kahjustatud rakud, liigse rasu ja meigij\u00e4\u00e4gid. Niisutab nahka ning stimuleerib ainevahetust.","robots":{"index":"index","follow":"follow","max-snippet":"max-snippet:-1","max-image-preview":"max-image-preview:large","max-video-preview":"max-video-preview:-1"},"canonical":"https:\/\/christinakosmeetika.ee\/product\/forever-young-moisturizing-facial-wash\/","og_locale":"et_EE","og_type":"article","og_title":"FOREVER YOUNG Moisturizing Facial Wash 300ml CHR391 - Christinakosmeetika","og_description":"Eemaldab t\u00f5husalt mustuse, kahjustatud rakud, liigse rasu ja meigij\u00e4\u00e4gid. Niisutab nahka ning stimuleerib ainevahetust.","og_url":"https:\/\/christinakosmeetika.ee\/product\/forever-young-moisturizing-facial-wash\/","og_site_name":"Christinakosmeetika","article_modified_time":"2026-04-15T09:07:15+00:00","og_image":[{"width":450,"height":450,"url":"https:\/\/christinakosmeetika.ee\/wp-content\/uploads\/2021\/05\/Moisturizing-Facial-Wash-450-1.jpg","type":"image\/jpeg"}],"twitter_card":"summary_large_image","twitter_misc":{"Est. reading time":"1 minut"},"schema":{"@context":"https:\/\/schema.org","@graph":[{"@type":"WebPage","@id":"https:\/\/christinakosmeetika.ee\/product\/forever-young-moisturizing-facial-wash\/","url":"https:\/\/christinakosmeetika.ee\/product\/forever-young-moisturizing-facial-wash\/","name":"FOREVER YOUNG Moisturizing Facial Wash 300ml CHR391 - Christinakosmeetika","isPartOf":{"@id":"https:\/\/christinakosmeetika.ee\/#website"},"primaryImageOfPage":{"@id":"https:\/\/christinakosmeetika.ee\/product\/forever-young-moisturizing-facial-wash\/#primaryimage"},"image":{"@id":"https:\/\/christinakosmeetika.ee\/product\/forever-young-moisturizing-facial-wash\/#primaryimage"},"thumbnailUrl":"https:\/\/christinakosmeetika.ee\/wp-content\/uploads\/2021\/05\/Moisturizing-Facial-Wash-450-1.jpg","datePublished":"2021-05-13T11:37:25+00:00","dateModified":"2026-04-15T09:07:15+00:00","description":"Eemaldab t\u00f5husalt mustuse, kahjustatud rakud, liigse rasu ja meigij\u00e4\u00e4gid. Niisutab nahka ning stimuleerib ainevahetust.","breadcrumb":{"@id":"https:\/\/christinakosmeetika.ee\/product\/forever-young-moisturizing-facial-wash\/#breadcrumb"},"inLanguage":"et","potentialAction":[{"@type":"ReadAction","target":["https:\/\/christinakosmeetika.ee\/product\/forever-young-moisturizing-facial-wash\/"]}]},{"@type":"ImageObject","inLanguage":"et","@id":"https:\/\/christinakosmeetika.ee\/product\/forever-young-moisturizing-facial-wash\/#primaryimage","url":"https:\/\/christinakosmeetika.ee\/wp-content\/uploads\/2021\/05\/Moisturizing-Facial-Wash-450-1.jpg","contentUrl":"https:\/\/christinakosmeetika.ee\/wp-content\/uploads\/2021\/05\/Moisturizing-Facial-Wash-450-1.jpg","width":450,"height":450},{"@type":"BreadcrumbList","@id":"https:\/\/christinakosmeetika.ee\/product\/forever-young-moisturizing-facial-wash\/#breadcrumb","itemListElement":[{"@type":"ListItem","position":1,"name":"\u0413\u043b\u0430\u0432\u043d\u0430\u044f \u0441\u0442\u0440\u0430\u043d\u0438\u0446\u0430","item":"https:\/\/christinakosmeetika.ee\/et\/"},{"@type":"ListItem","position":2,"name":"Pood","item":"https:\/\/christinakosmeetika.ee\/et\/shop\/"},{"@type":"ListItem","position":3,"name":"FOREVER YOUNG Moisturizing Facial Wash 300ml CHR391"}]},{"@type":"WebSite","@id":"https:\/\/christinakosmeetika.ee\/#website","url":"https:\/\/christinakosmeetika.ee\/","name":"Christinakosmeetika","description":"Christina kosmeetika Eestis","alternateName":"Christina kosmeetika Eestis","potentialAction":[{"@type":"SearchAction","target":{"@type":"EntryPoint","urlTemplate":"https:\/\/christinakosmeetika.ee\/?s={search_term_string}"},"query-input":{"@type":"PropertyValueSpecification","valueRequired":true,"valueName":"search_term_string"}}],"inLanguage":"et"}]}},"_links":{"self":[{"href":"https:\/\/christinakosmeetika.ee\/et\/wp-json\/wp\/v2\/product\/1950","targetHints":{"allow":["GET"]}}],"collection":[{"href":"https:\/\/christinakosmeetika.ee\/et\/wp-json\/wp\/v2\/product"}],"about":[{"href":"https:\/\/christinakosmeetika.ee\/et\/wp-json\/wp\/v2\/types\/product"}],"wp:featuredmedia":[{"embeddable":true,"href":"https:\/\/christinakosmeetika.ee\/et\/wp-json\/wp\/v2\/media\/5272"}],"wp:attachment":[{"href":"https:\/\/christinakosmeetika.ee\/et\/wp-json\/wp\/v2\/media?parent=1950"}],"wp:term":[{"taxonomy":"product_brand","embeddable":true,"href":"https:\/\/christinakosmeetika.ee\/et\/wp-json\/wp\/v2\/product_brand?post=1950"},{"taxonomy":"product_cat","embeddable":true,"href":"https:\/\/christinakosmeetika.ee\/et\/wp-json\/wp\/v2\/product_cat?post=1950"},{"taxonomy":"product_tag","embeddable":true,"href":"https:\/\/christinakosmeetika.ee\/et\/wp-json\/wp\/v2\/product_tag?post=1950"}],"curies":[{"name":"wp","href":"https:\/\/api.w.org\/{rel}","templated":true}]}}