{"id":1946,"date":"2021-05-13T12:06:13","date_gmt":"2021-05-13T12:06:13","guid":{"rendered":"http:\/\/christinakosmeetika.ee\/product\/forever-young-gentle-cleansing-milk\/"},"modified":"2026-04-15T12:08:16","modified_gmt":"2026-04-15T09:08:16","slug":"forever-young-gentle-cleansing-milk-et","status":"publish","type":"product","link":"https:\/\/christinakosmeetika.ee\/et\/toode\/forever-young-gentle-cleansing-milk-et\/","title":{"rendered":"FOREVER YOUNG Gentle Cleansing Milk 300ml CHR390"},"content":{"rendered":"<section class=\"av_textblock_section \">\n<div class=\"avia_textblock \">\n<section class=\"av_textblock_section \">\n<div class=\"avia_textblock \">\n<p>Forever Young Hydra Protective Day Cream SPF 25 &#8211; p\u00e4evane niisutav kaitsekreem, mis tagab optimaalse niiskustaseme. Normaliseerib nahamikrofloorat, kiirendab kudede taastumist. Leevendab p\u00f5letikke ja \u00e4rritusi.<\/p>\n<p>Kreem kaitseb nahka ultraviolettkiirguse, vabade hapnikuradikaalide ja teiste keskkonnam\u00f5jude eest. Keskmise tihedusega kreem tagab pikaajalise nahaniisutuse. Suurendab naha elastsust ja hoiab veetasakaalu.<\/p>\n<p>Kreem sisaldab noorendavaid peptide, mis ennetavad naha enneaegset vananemist. Need aeglustavad ka melaniini tootmist ja heledavad pigmendilaike.<\/p>\n<p>Kreem sisaldab uue p\u00f5lvkonna p\u00e4ikesekaitsefiltreid, mis peetakse praegu parimateks, j\u00e4ttes nahale mitte\u00f5lise v\u00f5i valge j\u00e4\u00e4gi tunde. Aeglustab vananemisprotsesse, kiirendab naha uuenemist, s\u00e4ilitab selle elastsuse ja elastsuse. Kreem imendub kergesti, tugevdab rasvabarj\u00e4\u00e4ri ja niisutab nahka.<\/p>\n<p><strong>Kasutamine:<\/strong><\/p>\n<\/div>\n<\/section>\n<section class=\"av_textblock_section \">\n<div class=\"avia_textblock \">\n<p>Kanda vattipadjakesega v\u00f5i k\u00e4tega m\u00e4rjale nahale. Eemaldada meigi Loputada veega.<\/p>\n<\/div>\n<\/section>\n<section class=\"av_textblock_section \">\n<div class=\"avia_textblock \">\n<p><strong>Koostis:<\/strong><\/p>\n<p>Deionized Water (Aqua), Isopropyl Palmitate, C12-15 Alkyl Benzoate, Butylene Glycol, Paraffin, Cetearyl alcohol, Cetyl Alcohol, Phenoxyethanol&amp;, Caprylyl Glycol, Chlorphenesin, Dimethicone, Polysorbate-60, Fragrance, DMDM Hydantion, Potassium Hydroxide, Cellulose Gum, Acrylates Copolymer, Tocopheryl Acertate, Glycolic Acid, Retinyl Palmitate, Disodium EDTA<\/p>\n<p><img loading=\"lazy\" decoding=\"async\" class=\"alignnone size-medium wp-image-13423\" src=\"https:\/\/christinakosmeetika.ee\/wp-content\/uploads\/2021\/05\/gentle-cleansing-milk-200x300.webp\" alt=\"\" width=\"200\" height=\"300\" \/><\/p>\n<h3 data-start=\"148\" data-end=\"187\"><a href=\"https:\/\/christinakosmeetika.ee\/et\/orn-naopuhastus-kuivale-nahale\/\"><strong data-start=\"148\" data-end=\"187\">FOREVER YOUNG Gentle Cleansing Milk<\/strong><\/a><\/h3>\n<p data-start=\"189\" data-end=\"370\">Kui p\u00e4rast n\u00e4opesu tundub nahk pingul ja kuiv, on puhastus olnud liiga tugev.<br data-start=\"266\" data-end=\"269\" \/>See \u00f5rn puhastustoode aitab eemaldada mustuse ja meigi, s\u00e4ilitades naha mugavuse ja niiskustasakaalu.<\/p>\n<p data-start=\"372\" data-end=\"443\">\ud83d\udc49 <strong data-start=\"375\" data-end=\"443\">Miks \u00f5rn puhastus on kuiva naha puhul eriti oluline \u2014 loe edasi.<\/strong><\/p>\n<p data-start=\"445\" data-end=\"458\"><a href=\"https:\/\/christinakosmeetika.ee\/et\/orn-naopuhastus-kuivale-nahale\/\"><strong><em data-start=\"445\" data-end=\"458\">loe edasi\u2026\u203a<\/em><\/strong><\/a><\/p>\n<\/div>\n<\/section>\n<\/div>\n<\/section>\n","protected":false},"excerpt":{"rendered":"<h4>\u00d5rn puhastuspiim n\u00e4ole<\/h4>\n","protected":false},"featured_media":1554,"template":"","meta":[],"product_brand":[],"product_cat":[153],"product_tag":[],"class_list":{"0":"post-1946","1":"product","2":"type-product","3":"status-publish","4":"has-post-thumbnail","6":"product_cat-piim","7":"product_shipping_class-smart-itella-post","8":"pa_linii-kosmetiki-forever-young-et","9":"pa_reshenie-problem-dehudratsioon","10":"pa_reshenie-problem-suhost","11":"pa_reshenie-problem-saastunud-nahk","12":"pa_reshenie-problem-chuvstvitelnaja-koza","13":"pa_reshenie-problem-vananemise-margid","14":"pa_tip-kozi-kombi-et","15":"pa_tip-kozi-kuiv-et","16":"pa_tip-kozi-normaalne-et","17":"pa_tip-preparata-piim","19":"first","20":"outofstock","21":"taxable","22":"shipping-taxable","23":"purchasable","24":"product-type-simple"},"yoast_head":"<!-- This site is optimized with the Yoast SEO plugin v27.4 - https:\/\/yoast.com\/product\/yoast-seo-wordpress\/ -->\n<title>FOREVER YOUNG Gentle Cleansing Milk 300ml CHR390 - Christinakosmeetika<\/title>\n<meta name=\"description\" content=\"Forever Young Gentle Cleansing Milk on nahahooldustoode, mis on m\u00f5eldud naha \u00f5rnaks puhastamiseks mustusest ja meigij\u00e4\u00e4kidest.\" \/>\n<meta name=\"robots\" content=\"index, follow, max-snippet:-1, max-image-preview:large, max-video-preview:-1\" \/>\n<link rel=\"canonical\" href=\"https:\/\/christinakosmeetika.ee\/product\/forever-young-gentle-cleansing-milk\/\" \/>\n<meta property=\"og:locale\" content=\"et_EE\" \/>\n<meta property=\"og:type\" content=\"article\" \/>\n<meta property=\"og:title\" content=\"FOREVER YOUNG Gentle Cleansing Milk 300ml CHR390 - Christinakosmeetika\" \/>\n<meta property=\"og:description\" content=\"Forever Young Gentle Cleansing Milk on nahahooldustoode, mis on m\u00f5eldud naha \u00f5rnaks puhastamiseks mustusest ja meigij\u00e4\u00e4kidest.\" \/>\n<meta property=\"og:url\" content=\"https:\/\/christinakosmeetika.ee\/product\/forever-young-gentle-cleansing-milk\/\" \/>\n<meta property=\"og:site_name\" content=\"Christinakosmeetika\" \/>\n<meta property=\"article:modified_time\" content=\"2026-04-15T09:08:16+00:00\" \/>\n<meta property=\"og:image\" content=\"https:\/\/christinakosmeetika.ee\/wp-content\/uploads\/2021\/05\/Gentle-Cleansing-Milk-450-1.jpg\" \/>\n\t<meta property=\"og:image:width\" content=\"450\" \/>\n\t<meta property=\"og:image:height\" content=\"450\" \/>\n\t<meta property=\"og:image:type\" content=\"image\/jpeg\" \/>\n<meta name=\"twitter:card\" content=\"summary_large_image\" \/>\n<meta name=\"twitter:label1\" content=\"Est. reading time\" \/>\n\t<meta name=\"twitter:data1\" content=\"2 minutit\" \/>\n<script type=\"application\/ld+json\" class=\"yoast-schema-graph\">{\"@context\":\"https:\\\/\\\/schema.org\",\"@graph\":[{\"@type\":\"WebPage\",\"@id\":\"https:\\\/\\\/christinakosmeetika.ee\\\/product\\\/forever-young-gentle-cleansing-milk\\\/\",\"url\":\"https:\\\/\\\/christinakosmeetika.ee\\\/product\\\/forever-young-gentle-cleansing-milk\\\/\",\"name\":\"FOREVER YOUNG Gentle Cleansing Milk 300ml CHR390 - Christinakosmeetika\",\"isPartOf\":{\"@id\":\"https:\\\/\\\/christinakosmeetika.ee\\\/#website\"},\"primaryImageOfPage\":{\"@id\":\"https:\\\/\\\/christinakosmeetika.ee\\\/product\\\/forever-young-gentle-cleansing-milk\\\/#primaryimage\"},\"image\":{\"@id\":\"https:\\\/\\\/christinakosmeetika.ee\\\/product\\\/forever-young-gentle-cleansing-milk\\\/#primaryimage\"},\"thumbnailUrl\":\"https:\\\/\\\/christinakosmeetika.ee\\\/wp-content\\\/uploads\\\/2021\\\/05\\\/Gentle-Cleansing-Milk-450-1.jpg\",\"datePublished\":\"2021-05-13T12:06:13+00:00\",\"dateModified\":\"2026-04-15T09:08:16+00:00\",\"description\":\"Forever Young Gentle Cleansing Milk on nahahooldustoode, mis on m\u00f5eldud naha \u00f5rnaks puhastamiseks mustusest ja meigij\u00e4\u00e4kidest.\",\"breadcrumb\":{\"@id\":\"https:\\\/\\\/christinakosmeetika.ee\\\/product\\\/forever-young-gentle-cleansing-milk\\\/#breadcrumb\"},\"inLanguage\":\"et\",\"potentialAction\":[{\"@type\":\"ReadAction\",\"target\":[\"https:\\\/\\\/christinakosmeetika.ee\\\/product\\\/forever-young-gentle-cleansing-milk\\\/\"]}]},{\"@type\":\"ImageObject\",\"inLanguage\":\"et\",\"@id\":\"https:\\\/\\\/christinakosmeetika.ee\\\/product\\\/forever-young-gentle-cleansing-milk\\\/#primaryimage\",\"url\":\"https:\\\/\\\/christinakosmeetika.ee\\\/wp-content\\\/uploads\\\/2021\\\/05\\\/Gentle-Cleansing-Milk-450-1.jpg\",\"contentUrl\":\"https:\\\/\\\/christinakosmeetika.ee\\\/wp-content\\\/uploads\\\/2021\\\/05\\\/Gentle-Cleansing-Milk-450-1.jpg\",\"width\":450,\"height\":450},{\"@type\":\"BreadcrumbList\",\"@id\":\"https:\\\/\\\/christinakosmeetika.ee\\\/product\\\/forever-young-gentle-cleansing-milk\\\/#breadcrumb\",\"itemListElement\":[{\"@type\":\"ListItem\",\"position\":1,\"name\":\"\u0413\u043b\u0430\u0432\u043d\u0430\u044f \u0441\u0442\u0440\u0430\u043d\u0438\u0446\u0430\",\"item\":\"https:\\\/\\\/christinakosmeetika.ee\\\/et\\\/\"},{\"@type\":\"ListItem\",\"position\":2,\"name\":\"Pood\",\"item\":\"https:\\\/\\\/christinakosmeetika.ee\\\/et\\\/shop\\\/\"},{\"@type\":\"ListItem\",\"position\":3,\"name\":\"FOREVER YOUNG Gentle Cleansing Milk 300ml CHR390\"}]},{\"@type\":\"WebSite\",\"@id\":\"https:\\\/\\\/christinakosmeetika.ee\\\/#website\",\"url\":\"https:\\\/\\\/christinakosmeetika.ee\\\/\",\"name\":\"Christinakosmeetika\",\"description\":\"Christina kosmeetika Eestis\",\"alternateName\":\"Christina kosmeetika Eestis\",\"potentialAction\":[{\"@type\":\"SearchAction\",\"target\":{\"@type\":\"EntryPoint\",\"urlTemplate\":\"https:\\\/\\\/christinakosmeetika.ee\\\/?s={search_term_string}\"},\"query-input\":{\"@type\":\"PropertyValueSpecification\",\"valueRequired\":true,\"valueName\":\"search_term_string\"}}],\"inLanguage\":\"et\"}]}<\/script>\n<!-- \/ Yoast SEO plugin. -->","yoast_head_json":{"title":"FOREVER YOUNG Gentle Cleansing Milk 300ml CHR390 - Christinakosmeetika","description":"Forever Young Gentle Cleansing Milk on nahahooldustoode, mis on m\u00f5eldud naha \u00f5rnaks puhastamiseks mustusest ja meigij\u00e4\u00e4kidest.","robots":{"index":"index","follow":"follow","max-snippet":"max-snippet:-1","max-image-preview":"max-image-preview:large","max-video-preview":"max-video-preview:-1"},"canonical":"https:\/\/christinakosmeetika.ee\/product\/forever-young-gentle-cleansing-milk\/","og_locale":"et_EE","og_type":"article","og_title":"FOREVER YOUNG Gentle Cleansing Milk 300ml CHR390 - Christinakosmeetika","og_description":"Forever Young Gentle Cleansing Milk on nahahooldustoode, mis on m\u00f5eldud naha \u00f5rnaks puhastamiseks mustusest ja meigij\u00e4\u00e4kidest.","og_url":"https:\/\/christinakosmeetika.ee\/product\/forever-young-gentle-cleansing-milk\/","og_site_name":"Christinakosmeetika","article_modified_time":"2026-04-15T09:08:16+00:00","og_image":[{"width":450,"height":450,"url":"https:\/\/christinakosmeetika.ee\/wp-content\/uploads\/2021\/05\/Gentle-Cleansing-Milk-450-1.jpg","type":"image\/jpeg"}],"twitter_card":"summary_large_image","twitter_misc":{"Est. reading time":"2 minutit"},"schema":{"@context":"https:\/\/schema.org","@graph":[{"@type":"WebPage","@id":"https:\/\/christinakosmeetika.ee\/product\/forever-young-gentle-cleansing-milk\/","url":"https:\/\/christinakosmeetika.ee\/product\/forever-young-gentle-cleansing-milk\/","name":"FOREVER YOUNG Gentle Cleansing Milk 300ml CHR390 - Christinakosmeetika","isPartOf":{"@id":"https:\/\/christinakosmeetika.ee\/#website"},"primaryImageOfPage":{"@id":"https:\/\/christinakosmeetika.ee\/product\/forever-young-gentle-cleansing-milk\/#primaryimage"},"image":{"@id":"https:\/\/christinakosmeetika.ee\/product\/forever-young-gentle-cleansing-milk\/#primaryimage"},"thumbnailUrl":"https:\/\/christinakosmeetika.ee\/wp-content\/uploads\/2021\/05\/Gentle-Cleansing-Milk-450-1.jpg","datePublished":"2021-05-13T12:06:13+00:00","dateModified":"2026-04-15T09:08:16+00:00","description":"Forever Young Gentle Cleansing Milk on nahahooldustoode, mis on m\u00f5eldud naha \u00f5rnaks puhastamiseks mustusest ja meigij\u00e4\u00e4kidest.","breadcrumb":{"@id":"https:\/\/christinakosmeetika.ee\/product\/forever-young-gentle-cleansing-milk\/#breadcrumb"},"inLanguage":"et","potentialAction":[{"@type":"ReadAction","target":["https:\/\/christinakosmeetika.ee\/product\/forever-young-gentle-cleansing-milk\/"]}]},{"@type":"ImageObject","inLanguage":"et","@id":"https:\/\/christinakosmeetika.ee\/product\/forever-young-gentle-cleansing-milk\/#primaryimage","url":"https:\/\/christinakosmeetika.ee\/wp-content\/uploads\/2021\/05\/Gentle-Cleansing-Milk-450-1.jpg","contentUrl":"https:\/\/christinakosmeetika.ee\/wp-content\/uploads\/2021\/05\/Gentle-Cleansing-Milk-450-1.jpg","width":450,"height":450},{"@type":"BreadcrumbList","@id":"https:\/\/christinakosmeetika.ee\/product\/forever-young-gentle-cleansing-milk\/#breadcrumb","itemListElement":[{"@type":"ListItem","position":1,"name":"\u0413\u043b\u0430\u0432\u043d\u0430\u044f \u0441\u0442\u0440\u0430\u043d\u0438\u0446\u0430","item":"https:\/\/christinakosmeetika.ee\/et\/"},{"@type":"ListItem","position":2,"name":"Pood","item":"https:\/\/christinakosmeetika.ee\/et\/shop\/"},{"@type":"ListItem","position":3,"name":"FOREVER YOUNG Gentle Cleansing Milk 300ml CHR390"}]},{"@type":"WebSite","@id":"https:\/\/christinakosmeetika.ee\/#website","url":"https:\/\/christinakosmeetika.ee\/","name":"Christinakosmeetika","description":"Christina kosmeetika Eestis","alternateName":"Christina kosmeetika Eestis","potentialAction":[{"@type":"SearchAction","target":{"@type":"EntryPoint","urlTemplate":"https:\/\/christinakosmeetika.ee\/?s={search_term_string}"},"query-input":{"@type":"PropertyValueSpecification","valueRequired":true,"valueName":"search_term_string"}}],"inLanguage":"et"}]}},"_links":{"self":[{"href":"https:\/\/christinakosmeetika.ee\/et\/wp-json\/wp\/v2\/product\/1946","targetHints":{"allow":["GET"]}}],"collection":[{"href":"https:\/\/christinakosmeetika.ee\/et\/wp-json\/wp\/v2\/product"}],"about":[{"href":"https:\/\/christinakosmeetika.ee\/et\/wp-json\/wp\/v2\/types\/product"}],"wp:featuredmedia":[{"embeddable":true,"href":"https:\/\/christinakosmeetika.ee\/et\/wp-json\/wp\/v2\/media\/1554"}],"wp:attachment":[{"href":"https:\/\/christinakosmeetika.ee\/et\/wp-json\/wp\/v2\/media?parent=1946"}],"wp:term":[{"taxonomy":"product_brand","embeddable":true,"href":"https:\/\/christinakosmeetika.ee\/et\/wp-json\/wp\/v2\/product_brand?post=1946"},{"taxonomy":"product_cat","embeddable":true,"href":"https:\/\/christinakosmeetika.ee\/et\/wp-json\/wp\/v2\/product_cat?post=1946"},{"taxonomy":"product_tag","embeddable":true,"href":"https:\/\/christinakosmeetika.ee\/et\/wp-json\/wp\/v2\/product_tag?post=1946"}],"curies":[{"name":"wp","href":"https:\/\/api.w.org\/{rel}","templated":true}]}}