{"id":1938,"date":"2021-05-14T11:43:50","date_gmt":"2021-05-14T11:43:50","guid":{"rendered":"http:\/\/christinakosmeetika.ee\/product\/forever-young-radiance-moisturizing-mask\/"},"modified":"2026-04-15T12:09:09","modified_gmt":"2026-04-15T09:09:09","slug":"forever-young-radiance-moisturizing-mask-et","status":"publish","type":"product","link":"https:\/\/christinakosmeetika.ee\/et\/toode\/forever-young-radiance-moisturizing-mask-et\/","title":{"rendered":"FOREVER YOUNG Radiance Moisturizing Mask 50ml CHR212"},"content":{"rendered":"<section class=\"av_textblock_section \">\n<div class=\"avia_textblock \">\n<section class=\"av_textblock_section \">\n<div class=\"avia_textblock \">\n<p>Christina Forever Young Radiance Moisturizing Mask &#8220;S\u00e4ra&#8221; aktiivselt niisutab nahka, varustades seda vajalike vitamiinidega. Peptiidid stimuleerivad naha uuendamise ja noorenemise protsesse, samas kui fito-hemison suurendab rakkude vastupanuv\u00f5imet, tugevust ja ennetab deh\u00fcdratsiooni, tugevdades naha kaitsebarj\u00e4\u00e4ri. Radiance Moisturizing Mask \u00fchendab endas h\u00fcaluroonhappe, noorendavate peptiidide, vitamiinide ja antioks\u00fcdantide eelised, tagades intensiivse niisutava ja noorendava efekti.<\/p>\n<p>Maski koostises on h\u00fcaluroonhape, mis aktiivselt niisutab nahka, ennetab deh\u00fcdratsiooni ja tugevdab kaitsebarj\u00e4\u00e4ri. Noorendavad peptiidid stimuleerivad naha uuendamise protsesse, muutes selle nooremaks. Vitamiinid ja antioks\u00fcdandid toimivad koos, et kaitsta nahka enneaegse vananemise eest.<\/p>\n<\/div>\n<\/section>\n<section class=\"av_textblock_section \">\n<div class=\"avia_textblock \">\n<p><strong>Kasutamine:<\/strong><\/p>\n<p>\u00d5htul kanda mask \u00fchtlaselt n\u00e4ole, kaelale ja dekolteele, v\u00e4ltides silma\u00fcmbritseva tsooni. J\u00e4ta see \u00f6\u00f6seks, seej\u00e4rel loputada. Soovitav kasutada 2 korda n\u00e4dalas.<\/p>\n<\/div>\n<\/section>\n<section class=\"av_textblock_section \">\n<div class=\"avia_textblock \">\n<p><strong>\u0421\u043e\u0441\u0442\u0430\u0432:<\/strong><\/p>\n<p>Deionized water (Aqua), Glycerin, Hexylene Glycol, C12-15 Alkyl Benzoate, Cyclopentasiloxane, Dimethiconol, Hydrogenated Polyisobutene, Butyrospermum Parkii (Shea Butter), Sodium Polyacrylate, Dipalmitoyl Hydroxyproline, Sodium Beta-sitosteryl Sulfate, Dextran &amp;, Acetyl pentapeptide-1, Dextran &amp;, Tripeptide-1, Persea Gratissima (Avocado) Oil Unsaponifiables, Sodium Lactate, Sodium PCA, Polyacrylamide&amp;, C13-14 Isoparaffin&amp;, Laureth-7, Phenoxyethanol&amp;, Caprylyl Glycol, Sorbitan Stearate, Cellulose Gum, Chlorphenesin, Acrylates Copolymer, Hyaluronic acid, Tocopheryl Acetate, Retinyl Palmitate, Ascorbic Acid, Beta Carotene<\/p>\n<\/div>\n<\/section>\n<\/div>\n<\/section>\n","protected":false},"excerpt":{"rendered":"<h4>Niisutav n\u00e4o-ja kaelamask \u00abS\u00e4ra\u00bb<\/h4>\n","protected":false},"featured_media":1556,"template":"","meta":[],"product_brand":[],"product_cat":[483,150],"product_tag":[],"class_list":{"0":"post-1938","1":"product","2":"type-product","3":"status-publish","4":"has-post-thumbnail","6":"product_cat-forever-young-et","7":"product_cat-mask-et","8":"product_shipping_class-smart-itella-post","9":"pa_linii-kosmetiki-forever-young-et","10":"pa_reshenie-problem-dehudratsioon","11":"pa_reshenie-problem-suhost","12":"pa_reshenie-problem-vananemise-margid","13":"pa_tip-kozi-koik-nahatuubid-et","14":"pa_tip-kozi-kombi-et","15":"pa_tip-kozi-kuiv-et","16":"pa_tip-kozi-normaalne-et","17":"pa_tip-kozi-rasvane-et","18":"pa_tip-preparata-mask-et","19":"pa_vremja-primenenija-oine","20":"pa_vremja-primenenija-paevane","22":"first","23":"instock","24":"taxable","25":"shipping-taxable","26":"purchasable","27":"product-type-simple"},"yoast_head":"<!-- This site is optimized with the Yoast SEO plugin v27.5 - https:\/\/yoast.com\/product\/yoast-seo-wordpress\/ -->\n<title>FOREVER YOUNG Radiance Moisturizing Mask 50ml CHR212 - Christinakosmeetika<\/title>\n<meta name=\"description\" content=\"Noorendavad peptiidid stimuleerivad naha uuenemisprotsesse, muutes selle nooruslikumaks. Vitamiinid ja antioks\u00fcdandid toimivad koos, et kaitsta nahka.\" \/>\n<meta name=\"robots\" content=\"index, follow, max-snippet:-1, max-image-preview:large, max-video-preview:-1\" \/>\n<link rel=\"canonical\" href=\"https:\/\/christinakosmeetika.ee\/product\/forever-young-radiance-moisturizing-mask\/\" \/>\n<meta property=\"og:locale\" content=\"et_EE\" \/>\n<meta property=\"og:type\" content=\"article\" \/>\n<meta property=\"og:title\" content=\"FOREVER YOUNG Radiance Moisturizing Mask 50ml CHR212 - Christinakosmeetika\" \/>\n<meta property=\"og:description\" content=\"Noorendavad peptiidid stimuleerivad naha uuenemisprotsesse, muutes selle nooruslikumaks. Vitamiinid ja antioks\u00fcdandid toimivad koos, et kaitsta nahka.\" \/>\n<meta property=\"og:url\" content=\"https:\/\/christinakosmeetika.ee\/product\/forever-young-radiance-moisturizing-mask\/\" \/>\n<meta property=\"og:site_name\" content=\"Christinakosmeetika\" \/>\n<meta property=\"article:modified_time\" content=\"2026-04-15T09:09:09+00:00\" \/>\n<meta property=\"og:image\" content=\"https:\/\/christinakosmeetika.ee\/wp-content\/uploads\/2021\/05\/RADIANCE-MOISTURIZING-MASK-450.jpg\" \/>\n\t<meta property=\"og:image:width\" content=\"450\" \/>\n\t<meta property=\"og:image:height\" content=\"450\" \/>\n\t<meta property=\"og:image:type\" content=\"image\/jpeg\" \/>\n<meta name=\"twitter:card\" content=\"summary_large_image\" \/>\n<meta name=\"twitter:label1\" content=\"Est. reading time\" \/>\n\t<meta name=\"twitter:data1\" content=\"1 minut\" \/>\n<script type=\"application\/ld+json\" class=\"yoast-schema-graph\">{\"@context\":\"https:\\\/\\\/schema.org\",\"@graph\":[{\"@type\":\"WebPage\",\"@id\":\"https:\\\/\\\/christinakosmeetika.ee\\\/product\\\/forever-young-radiance-moisturizing-mask\\\/\",\"url\":\"https:\\\/\\\/christinakosmeetika.ee\\\/product\\\/forever-young-radiance-moisturizing-mask\\\/\",\"name\":\"FOREVER YOUNG Radiance Moisturizing Mask 50ml CHR212 - Christinakosmeetika\",\"isPartOf\":{\"@id\":\"https:\\\/\\\/christinakosmeetika.ee\\\/#website\"},\"primaryImageOfPage\":{\"@id\":\"https:\\\/\\\/christinakosmeetika.ee\\\/product\\\/forever-young-radiance-moisturizing-mask\\\/#primaryimage\"},\"image\":{\"@id\":\"https:\\\/\\\/christinakosmeetika.ee\\\/product\\\/forever-young-radiance-moisturizing-mask\\\/#primaryimage\"},\"thumbnailUrl\":\"https:\\\/\\\/christinakosmeetika.ee\\\/wp-content\\\/uploads\\\/2021\\\/05\\\/RADIANCE-MOISTURIZING-MASK-450.jpg\",\"datePublished\":\"2021-05-14T11:43:50+00:00\",\"dateModified\":\"2026-04-15T09:09:09+00:00\",\"description\":\"Noorendavad peptiidid stimuleerivad naha uuenemisprotsesse, muutes selle nooruslikumaks. Vitamiinid ja antioks\u00fcdandid toimivad koos, et kaitsta nahka.\",\"breadcrumb\":{\"@id\":\"https:\\\/\\\/christinakosmeetika.ee\\\/product\\\/forever-young-radiance-moisturizing-mask\\\/#breadcrumb\"},\"inLanguage\":\"et\",\"potentialAction\":[{\"@type\":\"ReadAction\",\"target\":[\"https:\\\/\\\/christinakosmeetika.ee\\\/product\\\/forever-young-radiance-moisturizing-mask\\\/\"]}]},{\"@type\":\"ImageObject\",\"inLanguage\":\"et\",\"@id\":\"https:\\\/\\\/christinakosmeetika.ee\\\/product\\\/forever-young-radiance-moisturizing-mask\\\/#primaryimage\",\"url\":\"https:\\\/\\\/christinakosmeetika.ee\\\/wp-content\\\/uploads\\\/2021\\\/05\\\/RADIANCE-MOISTURIZING-MASK-450.jpg\",\"contentUrl\":\"https:\\\/\\\/christinakosmeetika.ee\\\/wp-content\\\/uploads\\\/2021\\\/05\\\/RADIANCE-MOISTURIZING-MASK-450.jpg\",\"width\":450,\"height\":450},{\"@type\":\"BreadcrumbList\",\"@id\":\"https:\\\/\\\/christinakosmeetika.ee\\\/product\\\/forever-young-radiance-moisturizing-mask\\\/#breadcrumb\",\"itemListElement\":[{\"@type\":\"ListItem\",\"position\":1,\"name\":\"\u0413\u043b\u0430\u0432\u043d\u0430\u044f \u0441\u0442\u0440\u0430\u043d\u0438\u0446\u0430\",\"item\":\"https:\\\/\\\/christinakosmeetika.ee\\\/et\\\/\"},{\"@type\":\"ListItem\",\"position\":2,\"name\":\"Pood\",\"item\":\"https:\\\/\\\/christinakosmeetika.ee\\\/et\\\/shop\\\/\"},{\"@type\":\"ListItem\",\"position\":3,\"name\":\"FOREVER YOUNG Radiance Moisturizing Mask 50ml CHR212\"}]},{\"@type\":\"WebSite\",\"@id\":\"https:\\\/\\\/christinakosmeetika.ee\\\/#website\",\"url\":\"https:\\\/\\\/christinakosmeetika.ee\\\/\",\"name\":\"Christinakosmeetika\",\"description\":\"Christina kosmeetika Eestis\",\"alternateName\":\"Christina kosmeetika Eestis\",\"potentialAction\":[{\"@type\":\"SearchAction\",\"target\":{\"@type\":\"EntryPoint\",\"urlTemplate\":\"https:\\\/\\\/christinakosmeetika.ee\\\/?s={search_term_string}\"},\"query-input\":{\"@type\":\"PropertyValueSpecification\",\"valueRequired\":true,\"valueName\":\"search_term_string\"}}],\"inLanguage\":\"et\"}]}<\/script>\n<!-- \/ Yoast SEO plugin. -->","yoast_head_json":{"title":"FOREVER YOUNG Radiance Moisturizing Mask 50ml CHR212 - Christinakosmeetika","description":"Noorendavad peptiidid stimuleerivad naha uuenemisprotsesse, muutes selle nooruslikumaks. Vitamiinid ja antioks\u00fcdandid toimivad koos, et kaitsta nahka.","robots":{"index":"index","follow":"follow","max-snippet":"max-snippet:-1","max-image-preview":"max-image-preview:large","max-video-preview":"max-video-preview:-1"},"canonical":"https:\/\/christinakosmeetika.ee\/product\/forever-young-radiance-moisturizing-mask\/","og_locale":"et_EE","og_type":"article","og_title":"FOREVER YOUNG Radiance Moisturizing Mask 50ml CHR212 - Christinakosmeetika","og_description":"Noorendavad peptiidid stimuleerivad naha uuenemisprotsesse, muutes selle nooruslikumaks. Vitamiinid ja antioks\u00fcdandid toimivad koos, et kaitsta nahka.","og_url":"https:\/\/christinakosmeetika.ee\/product\/forever-young-radiance-moisturizing-mask\/","og_site_name":"Christinakosmeetika","article_modified_time":"2026-04-15T09:09:09+00:00","og_image":[{"width":450,"height":450,"url":"https:\/\/christinakosmeetika.ee\/wp-content\/uploads\/2021\/05\/RADIANCE-MOISTURIZING-MASK-450.jpg","type":"image\/jpeg"}],"twitter_card":"summary_large_image","twitter_misc":{"Est. reading time":"1 minut"},"schema":{"@context":"https:\/\/schema.org","@graph":[{"@type":"WebPage","@id":"https:\/\/christinakosmeetika.ee\/product\/forever-young-radiance-moisturizing-mask\/","url":"https:\/\/christinakosmeetika.ee\/product\/forever-young-radiance-moisturizing-mask\/","name":"FOREVER YOUNG Radiance Moisturizing Mask 50ml CHR212 - Christinakosmeetika","isPartOf":{"@id":"https:\/\/christinakosmeetika.ee\/#website"},"primaryImageOfPage":{"@id":"https:\/\/christinakosmeetika.ee\/product\/forever-young-radiance-moisturizing-mask\/#primaryimage"},"image":{"@id":"https:\/\/christinakosmeetika.ee\/product\/forever-young-radiance-moisturizing-mask\/#primaryimage"},"thumbnailUrl":"https:\/\/christinakosmeetika.ee\/wp-content\/uploads\/2021\/05\/RADIANCE-MOISTURIZING-MASK-450.jpg","datePublished":"2021-05-14T11:43:50+00:00","dateModified":"2026-04-15T09:09:09+00:00","description":"Noorendavad peptiidid stimuleerivad naha uuenemisprotsesse, muutes selle nooruslikumaks. Vitamiinid ja antioks\u00fcdandid toimivad koos, et kaitsta nahka.","breadcrumb":{"@id":"https:\/\/christinakosmeetika.ee\/product\/forever-young-radiance-moisturizing-mask\/#breadcrumb"},"inLanguage":"et","potentialAction":[{"@type":"ReadAction","target":["https:\/\/christinakosmeetika.ee\/product\/forever-young-radiance-moisturizing-mask\/"]}]},{"@type":"ImageObject","inLanguage":"et","@id":"https:\/\/christinakosmeetika.ee\/product\/forever-young-radiance-moisturizing-mask\/#primaryimage","url":"https:\/\/christinakosmeetika.ee\/wp-content\/uploads\/2021\/05\/RADIANCE-MOISTURIZING-MASK-450.jpg","contentUrl":"https:\/\/christinakosmeetika.ee\/wp-content\/uploads\/2021\/05\/RADIANCE-MOISTURIZING-MASK-450.jpg","width":450,"height":450},{"@type":"BreadcrumbList","@id":"https:\/\/christinakosmeetika.ee\/product\/forever-young-radiance-moisturizing-mask\/#breadcrumb","itemListElement":[{"@type":"ListItem","position":1,"name":"\u0413\u043b\u0430\u0432\u043d\u0430\u044f \u0441\u0442\u0440\u0430\u043d\u0438\u0446\u0430","item":"https:\/\/christinakosmeetika.ee\/et\/"},{"@type":"ListItem","position":2,"name":"Pood","item":"https:\/\/christinakosmeetika.ee\/et\/shop\/"},{"@type":"ListItem","position":3,"name":"FOREVER YOUNG Radiance Moisturizing Mask 50ml CHR212"}]},{"@type":"WebSite","@id":"https:\/\/christinakosmeetika.ee\/#website","url":"https:\/\/christinakosmeetika.ee\/","name":"Christinakosmeetika","description":"Christina kosmeetika Eestis","alternateName":"Christina kosmeetika Eestis","potentialAction":[{"@type":"SearchAction","target":{"@type":"EntryPoint","urlTemplate":"https:\/\/christinakosmeetika.ee\/?s={search_term_string}"},"query-input":{"@type":"PropertyValueSpecification","valueRequired":true,"valueName":"search_term_string"}}],"inLanguage":"et"}]}},"_links":{"self":[{"href":"https:\/\/christinakosmeetika.ee\/et\/wp-json\/wp\/v2\/product\/1938","targetHints":{"allow":["GET"]}}],"collection":[{"href":"https:\/\/christinakosmeetika.ee\/et\/wp-json\/wp\/v2\/product"}],"about":[{"href":"https:\/\/christinakosmeetika.ee\/et\/wp-json\/wp\/v2\/types\/product"}],"wp:featuredmedia":[{"embeddable":true,"href":"https:\/\/christinakosmeetika.ee\/et\/wp-json\/wp\/v2\/media\/1556"}],"wp:attachment":[{"href":"https:\/\/christinakosmeetika.ee\/et\/wp-json\/wp\/v2\/media?parent=1938"}],"wp:term":[{"taxonomy":"product_brand","embeddable":true,"href":"https:\/\/christinakosmeetika.ee\/et\/wp-json\/wp\/v2\/product_brand?post=1938"},{"taxonomy":"product_cat","embeddable":true,"href":"https:\/\/christinakosmeetika.ee\/et\/wp-json\/wp\/v2\/product_cat?post=1938"},{"taxonomy":"product_tag","embeddable":true,"href":"https:\/\/christinakosmeetika.ee\/et\/wp-json\/wp\/v2\/product_tag?post=1938"}],"curies":[{"name":"wp","href":"https:\/\/api.w.org\/{rel}","templated":true}]}}