{"id":1935,"date":"2021-05-14T12:01:26","date_gmt":"2021-05-14T12:01:26","guid":{"rendered":"http:\/\/christinakosmeetika.ee\/product\/forever-young-repairing-night-cream\/"},"modified":"2026-04-15T12:10:22","modified_gmt":"2026-04-15T09:10:22","slug":"forever-young-repairing-night-cream-et","status":"publish","type":"product","link":"https:\/\/christinakosmeetika.ee\/et\/toode\/forever-young-repairing-night-cream-et\/","title":{"rendered":"FOREVER YOUNG Repairing Night Cream 50ml CHR211"},"content":{"rendered":"<section class=\"av_textblock_section \">\n<div class=\"avia_textblock \">\n<section class=\"av_textblock_section \">\n<div class=\"avia_textblock \">\n<p>Christina Forever Young Repairing Night Cream &#8211; noorteallikas teie nahale. Selle t\u00f5hus valem tagab niisutuse ja kortsude v\u00e4henemise.<\/p>\n<p>See \u00f6ine kreem on rikastatud ainulaadse noorendavate koostisosade kompleksiga, sealhulgas inkapsuleeritud retinool ja peptiidid. Need aeglustavad t\u00f5husalt vananemisprotsessi. Kreem parandab naha elastsust ja tugevust, silub selle tekstuuri ja v\u00e4hendab kortsude n\u00e4htavust.<\/p>\n<p>Lisaks soodustab kreem uute rakkude aktiivset kasvu ja stimuleerib kollageeni, elastiini ja h\u00fcaluroonhappe s\u00fcnteesi. K\u00f5ik see koos aeglustab naha vananemisprotsessi, muutes selle nooremaks ja s\u00e4delevamaks.<\/p>\n<p>\u00d6\u00f6kreem on rikastatud sheav\u00f5i, oliivi\u00f5li ja avokaado\u00f5liga, mis leevendavad \u00e4rritust ja tugevdavad naha loomulikku kaitsebarj\u00e4\u00e4ri. See v\u00f5itleb t\u00f5husalt vananemisilmingutega, muutes naha niisutatuks ja soodustades uute rakkude taastumist. Nautige ilu ja oma naha tervist Christina Forever Young Repairing Night Cream&#8217;iga.<\/p>\n<\/div>\n<\/section>\n<section class=\"av_textblock_section \">\n<div class=\"avia_textblock \">\n<p><strong>Kasutamine:<\/strong><\/p>\n<p>Kanda \u00f5hukese kihina kreemi n\u00e4o, kaela ja dekoltee nahale, v\u00e4ltides silma\u00fcmbritseva tsooni.<\/p>\n<\/div>\n<\/section>\n<section class=\"av_textblock_section \">\n<div class=\"avia_textblock \">\n<p><strong>Koostis:<\/strong><\/p>\n<p>Deionized Water, C12-15 alkyl benzoate, Dimethicone\/Vinyl dimethicone crosspolymer&amp;, C12-14 pareth-12, Glycerin, Pseudoalteromonas ferment extract&amp;, Dextran &amp;, Proline &amp;, Alanine &amp;, Serine, Hydrolyzed elastin, Xanthan gum, Sodium phosphate, Sodium hydroxide, Hyaluronic Acid, Ethylhexylglycerin, Caprylyl glycol, Alteromonas ferment filtrate, Alteromonas ferment extract, Dipeptide-4, Acetyl pentapeptide-1, Fragrance<\/p>\n<\/div>\n<\/section>\n<\/div>\n<\/section>\n","protected":false},"excerpt":{"rendered":"<h4>Taastav \u00f6\u00f6kreem<\/h4>\n","protected":false},"featured_media":7195,"template":"","meta":[],"product_brand":[],"product_cat":[149],"product_tag":[],"class_list":{"0":"post-1935","1":"product","2":"type-product","3":"status-publish","4":"has-post-thumbnail","6":"product_cat-kreem","7":"product_shipping_class-smart-itella-post","8":"pa_linii-kosmetiki-forever-young-et","9":"pa_reshenie-problem-dehudratsioon","10":"pa_reshenie-problem-suhost","11":"pa_reshenie-problem-vananemise-margid","12":"pa_tip-kozi-kombi-et","13":"pa_tip-kozi-kuiv-et","14":"pa_tip-kozi-normaalne-et","15":"pa_tip-preparata-kreem","16":"pa_vremja-primenenija-oine","18":"first","19":"instock","20":"taxable","21":"shipping-taxable","22":"purchasable","23":"product-type-simple"},"yoast_head":"<!-- This site is optimized with the Yoast SEO plugin v27.5 - https:\/\/yoast.com\/product\/yoast-seo-wordpress\/ -->\n<title>FOREVER YOUNG Repairing Night Cream 50ml CHR211 - Christinakosmeetika<\/title>\n<meta name=\"description\" content=\"See kreem niisutab nahka s\u00fcgavuti, v\u00e4hendab kortse, soodustab uute rakkude kasvu ning stimuleerib kollageeni, elastiini ja h\u00fcaluroonhappe tootmist.\" \/>\n<meta name=\"robots\" content=\"index, follow, max-snippet:-1, max-image-preview:large, max-video-preview:-1\" \/>\n<link rel=\"canonical\" href=\"https:\/\/christinakosmeetika.ee\/product\/forever-young-repairing-night-cream\/\" \/>\n<meta property=\"og:locale\" content=\"et_EE\" \/>\n<meta property=\"og:type\" content=\"article\" \/>\n<meta property=\"og:title\" content=\"FOREVER YOUNG Repairing Night Cream 50ml CHR211 - Christinakosmeetika\" \/>\n<meta property=\"og:description\" content=\"See kreem niisutab nahka s\u00fcgavuti, v\u00e4hendab kortse, soodustab uute rakkude kasvu ning stimuleerib kollageeni, elastiini ja h\u00fcaluroonhappe tootmist.\" \/>\n<meta property=\"og:url\" content=\"https:\/\/christinakosmeetika.ee\/product\/forever-young-repairing-night-cream\/\" \/>\n<meta property=\"og:site_name\" content=\"Christinakosmeetika\" \/>\n<meta property=\"article:modified_time\" content=\"2026-04-15T09:10:22+00:00\" \/>\n<meta property=\"og:image\" content=\"https:\/\/christinakosmeetika.ee\/wp-content\/uploads\/2021\/05\/Repairing-Night-Cream2.png\" \/>\n\t<meta property=\"og:image:width\" content=\"1080\" \/>\n\t<meta property=\"og:image:height\" content=\"1080\" \/>\n\t<meta property=\"og:image:type\" content=\"image\/png\" \/>\n<meta name=\"twitter:card\" content=\"summary_large_image\" \/>\n<meta name=\"twitter:label1\" content=\"Est. reading time\" \/>\n\t<meta name=\"twitter:data1\" content=\"1 minut\" \/>\n<script type=\"application\/ld+json\" class=\"yoast-schema-graph\">{\"@context\":\"https:\\\/\\\/schema.org\",\"@graph\":[{\"@type\":\"WebPage\",\"@id\":\"https:\\\/\\\/christinakosmeetika.ee\\\/product\\\/forever-young-repairing-night-cream\\\/\",\"url\":\"https:\\\/\\\/christinakosmeetika.ee\\\/product\\\/forever-young-repairing-night-cream\\\/\",\"name\":\"FOREVER YOUNG Repairing Night Cream 50ml CHR211 - Christinakosmeetika\",\"isPartOf\":{\"@id\":\"https:\\\/\\\/christinakosmeetika.ee\\\/#website\"},\"primaryImageOfPage\":{\"@id\":\"https:\\\/\\\/christinakosmeetika.ee\\\/product\\\/forever-young-repairing-night-cream\\\/#primaryimage\"},\"image\":{\"@id\":\"https:\\\/\\\/christinakosmeetika.ee\\\/product\\\/forever-young-repairing-night-cream\\\/#primaryimage\"},\"thumbnailUrl\":\"https:\\\/\\\/christinakosmeetika.ee\\\/wp-content\\\/uploads\\\/2021\\\/05\\\/Repairing-Night-Cream2.png\",\"datePublished\":\"2021-05-14T12:01:26+00:00\",\"dateModified\":\"2026-04-15T09:10:22+00:00\",\"description\":\"See kreem niisutab nahka s\u00fcgavuti, v\u00e4hendab kortse, soodustab uute rakkude kasvu ning stimuleerib kollageeni, elastiini ja h\u00fcaluroonhappe tootmist.\",\"breadcrumb\":{\"@id\":\"https:\\\/\\\/christinakosmeetika.ee\\\/product\\\/forever-young-repairing-night-cream\\\/#breadcrumb\"},\"inLanguage\":\"et\",\"potentialAction\":[{\"@type\":\"ReadAction\",\"target\":[\"https:\\\/\\\/christinakosmeetika.ee\\\/product\\\/forever-young-repairing-night-cream\\\/\"]}]},{\"@type\":\"ImageObject\",\"inLanguage\":\"et\",\"@id\":\"https:\\\/\\\/christinakosmeetika.ee\\\/product\\\/forever-young-repairing-night-cream\\\/#primaryimage\",\"url\":\"https:\\\/\\\/christinakosmeetika.ee\\\/wp-content\\\/uploads\\\/2021\\\/05\\\/Repairing-Night-Cream2.png\",\"contentUrl\":\"https:\\\/\\\/christinakosmeetika.ee\\\/wp-content\\\/uploads\\\/2021\\\/05\\\/Repairing-Night-Cream2.png\",\"width\":1080,\"height\":1080},{\"@type\":\"BreadcrumbList\",\"@id\":\"https:\\\/\\\/christinakosmeetika.ee\\\/product\\\/forever-young-repairing-night-cream\\\/#breadcrumb\",\"itemListElement\":[{\"@type\":\"ListItem\",\"position\":1,\"name\":\"\u0413\u043b\u0430\u0432\u043d\u0430\u044f \u0441\u0442\u0440\u0430\u043d\u0438\u0446\u0430\",\"item\":\"https:\\\/\\\/christinakosmeetika.ee\\\/et\\\/\"},{\"@type\":\"ListItem\",\"position\":2,\"name\":\"Pood\",\"item\":\"https:\\\/\\\/christinakosmeetika.ee\\\/et\\\/shop\\\/\"},{\"@type\":\"ListItem\",\"position\":3,\"name\":\"FOREVER YOUNG Repairing Night Cream 50ml CHR211\"}]},{\"@type\":\"WebSite\",\"@id\":\"https:\\\/\\\/christinakosmeetika.ee\\\/#website\",\"url\":\"https:\\\/\\\/christinakosmeetika.ee\\\/\",\"name\":\"Christinakosmeetika\",\"description\":\"Christina kosmeetika Eestis\",\"alternateName\":\"Christina kosmeetika Eestis\",\"potentialAction\":[{\"@type\":\"SearchAction\",\"target\":{\"@type\":\"EntryPoint\",\"urlTemplate\":\"https:\\\/\\\/christinakosmeetika.ee\\\/?s={search_term_string}\"},\"query-input\":{\"@type\":\"PropertyValueSpecification\",\"valueRequired\":true,\"valueName\":\"search_term_string\"}}],\"inLanguage\":\"et\"}]}<\/script>\n<!-- \/ Yoast SEO plugin. -->","yoast_head_json":{"title":"FOREVER YOUNG Repairing Night Cream 50ml CHR211 - Christinakosmeetika","description":"See kreem niisutab nahka s\u00fcgavuti, v\u00e4hendab kortse, soodustab uute rakkude kasvu ning stimuleerib kollageeni, elastiini ja h\u00fcaluroonhappe tootmist.","robots":{"index":"index","follow":"follow","max-snippet":"max-snippet:-1","max-image-preview":"max-image-preview:large","max-video-preview":"max-video-preview:-1"},"canonical":"https:\/\/christinakosmeetika.ee\/product\/forever-young-repairing-night-cream\/","og_locale":"et_EE","og_type":"article","og_title":"FOREVER YOUNG Repairing Night Cream 50ml CHR211 - Christinakosmeetika","og_description":"See kreem niisutab nahka s\u00fcgavuti, v\u00e4hendab kortse, soodustab uute rakkude kasvu ning stimuleerib kollageeni, elastiini ja h\u00fcaluroonhappe tootmist.","og_url":"https:\/\/christinakosmeetika.ee\/product\/forever-young-repairing-night-cream\/","og_site_name":"Christinakosmeetika","article_modified_time":"2026-04-15T09:10:22+00:00","og_image":[{"width":1080,"height":1080,"url":"https:\/\/christinakosmeetika.ee\/wp-content\/uploads\/2021\/05\/Repairing-Night-Cream2.png","type":"image\/png"}],"twitter_card":"summary_large_image","twitter_misc":{"Est. reading time":"1 minut"},"schema":{"@context":"https:\/\/schema.org","@graph":[{"@type":"WebPage","@id":"https:\/\/christinakosmeetika.ee\/product\/forever-young-repairing-night-cream\/","url":"https:\/\/christinakosmeetika.ee\/product\/forever-young-repairing-night-cream\/","name":"FOREVER YOUNG Repairing Night Cream 50ml CHR211 - Christinakosmeetika","isPartOf":{"@id":"https:\/\/christinakosmeetika.ee\/#website"},"primaryImageOfPage":{"@id":"https:\/\/christinakosmeetika.ee\/product\/forever-young-repairing-night-cream\/#primaryimage"},"image":{"@id":"https:\/\/christinakosmeetika.ee\/product\/forever-young-repairing-night-cream\/#primaryimage"},"thumbnailUrl":"https:\/\/christinakosmeetika.ee\/wp-content\/uploads\/2021\/05\/Repairing-Night-Cream2.png","datePublished":"2021-05-14T12:01:26+00:00","dateModified":"2026-04-15T09:10:22+00:00","description":"See kreem niisutab nahka s\u00fcgavuti, v\u00e4hendab kortse, soodustab uute rakkude kasvu ning stimuleerib kollageeni, elastiini ja h\u00fcaluroonhappe tootmist.","breadcrumb":{"@id":"https:\/\/christinakosmeetika.ee\/product\/forever-young-repairing-night-cream\/#breadcrumb"},"inLanguage":"et","potentialAction":[{"@type":"ReadAction","target":["https:\/\/christinakosmeetika.ee\/product\/forever-young-repairing-night-cream\/"]}]},{"@type":"ImageObject","inLanguage":"et","@id":"https:\/\/christinakosmeetika.ee\/product\/forever-young-repairing-night-cream\/#primaryimage","url":"https:\/\/christinakosmeetika.ee\/wp-content\/uploads\/2021\/05\/Repairing-Night-Cream2.png","contentUrl":"https:\/\/christinakosmeetika.ee\/wp-content\/uploads\/2021\/05\/Repairing-Night-Cream2.png","width":1080,"height":1080},{"@type":"BreadcrumbList","@id":"https:\/\/christinakosmeetika.ee\/product\/forever-young-repairing-night-cream\/#breadcrumb","itemListElement":[{"@type":"ListItem","position":1,"name":"\u0413\u043b\u0430\u0432\u043d\u0430\u044f \u0441\u0442\u0440\u0430\u043d\u0438\u0446\u0430","item":"https:\/\/christinakosmeetika.ee\/et\/"},{"@type":"ListItem","position":2,"name":"Pood","item":"https:\/\/christinakosmeetika.ee\/et\/shop\/"},{"@type":"ListItem","position":3,"name":"FOREVER YOUNG Repairing Night Cream 50ml CHR211"}]},{"@type":"WebSite","@id":"https:\/\/christinakosmeetika.ee\/#website","url":"https:\/\/christinakosmeetika.ee\/","name":"Christinakosmeetika","description":"Christina kosmeetika Eestis","alternateName":"Christina kosmeetika Eestis","potentialAction":[{"@type":"SearchAction","target":{"@type":"EntryPoint","urlTemplate":"https:\/\/christinakosmeetika.ee\/?s={search_term_string}"},"query-input":{"@type":"PropertyValueSpecification","valueRequired":true,"valueName":"search_term_string"}}],"inLanguage":"et"}]}},"_links":{"self":[{"href":"https:\/\/christinakosmeetika.ee\/et\/wp-json\/wp\/v2\/product\/1935","targetHints":{"allow":["GET"]}}],"collection":[{"href":"https:\/\/christinakosmeetika.ee\/et\/wp-json\/wp\/v2\/product"}],"about":[{"href":"https:\/\/christinakosmeetika.ee\/et\/wp-json\/wp\/v2\/types\/product"}],"wp:featuredmedia":[{"embeddable":true,"href":"https:\/\/christinakosmeetika.ee\/et\/wp-json\/wp\/v2\/media\/7195"}],"wp:attachment":[{"href":"https:\/\/christinakosmeetika.ee\/et\/wp-json\/wp\/v2\/media?parent=1935"}],"wp:term":[{"taxonomy":"product_brand","embeddable":true,"href":"https:\/\/christinakosmeetika.ee\/et\/wp-json\/wp\/v2\/product_brand?post=1935"},{"taxonomy":"product_cat","embeddable":true,"href":"https:\/\/christinakosmeetika.ee\/et\/wp-json\/wp\/v2\/product_cat?post=1935"},{"taxonomy":"product_tag","embeddable":true,"href":"https:\/\/christinakosmeetika.ee\/et\/wp-json\/wp\/v2\/product_tag?post=1935"}],"curies":[{"name":"wp","href":"https:\/\/api.w.org\/{rel}","templated":true}]}}