{"id":1931,"date":"2021-05-14T12:10:26","date_gmt":"2021-05-14T12:10:26","guid":{"rendered":"http:\/\/christinakosmeetika.ee\/product\/forever-young-hydra-protective-day-cream-spf-25\/"},"modified":"2026-04-15T12:11:12","modified_gmt":"2026-04-15T09:11:12","slug":"forever-young-hydra-protective-day-cream-spf-25-et","status":"publish","type":"product","link":"https:\/\/christinakosmeetika.ee\/et\/toode\/forever-young-hydra-protective-day-cream-spf-25-et\/","title":{"rendered":"FOREVER YOUNG Hydra protective day cream SPF25 CHR617"},"content":{"rendered":"<section class=\"av_textblock_section \">\n<div class=\"avia_textblock \">\n<section class=\"av_textblock_section \">\n<div class=\"avia_textblock \">\n<p>Keskmine tihedusega kreem, mis tagab nahale pikaajalise niisutuse. See parandab naha elastsust ja hoiab vee tasakaalu. Kaitseb kahjulike ultraviolettkiirte eest. Kreem sisaldab peptiide, millel on noorendavad omadused ja mis ennetavad naha enneaegset vananemist. Samuti aeglustavad nad melaniini tootmist ja heledavad pigmendilaike. Kreem sisaldab uue p\u00f5lvkonna p\u00e4ikesekaitsefiltreid, mis on praegu saadaval parimad, j\u00e4tmata nahale kleepuvat v\u00f5i &#8220;valget&#8221; j\u00e4\u00e4ki. See aeglustab vananemisprotsesse, kiirendab naha uuenemist ning s\u00e4ilitab selle elastsuse ja tugevuse. Kreem imendub kergesti, tugevdab lipiidbarj\u00e4\u00e4ri ning niisutab nahka<\/p>\n<\/div>\n<\/section>\n<section class=\"av_textblock_section \">\n<div class=\"avia_textblock \">\n<p><strong>Kasutamine:<\/strong><\/p>\n<p>Kanda kreem n\u00e4ole ja tupsutada sisse.<\/p>\n<\/div>\n<\/section>\n<section class=\"av_textblock_section \">\n<div class=\"avia_textblock \">\n<p><strong>Koostis:<\/strong><\/p>\n<p>Deionized water (Aqua), Cetearyl Alcohol&amp;, Glyceryl Caprylate&amp;, Glyceryl Stearate Citrate, Isopropyl Myristate, Diethylamino Hydroxybenzoyl Hexyl Benzoate, Glycerin, Bis-Ethylhexyloxyphenol Methoxyphenyl Triazine, Cyclopentasiloxane, Citric Acid&amp;, Deionized water (Aqua)&amp;, Saccharide Isomerate&amp;, Sodium Citrate, Butylene Glycol&amp;, Decyl Glucoside&amp;, Deionized water (Aqua)&amp;, Disodium Phosphate&amp;, Tris-Biphenyl Triazine&amp;, Xanthan Gum, Ethylhexyl Triazone, Ethylhexylglycerin&amp;, Phenoxyethanol, Dimethicone, Stearyl Alcohol, Tocopheryl Acetate, Deionized water (Aqua)&amp;, Glycerin&amp;, Magnesium chloride&amp;, Tetradecyl Aminobutyroylvalylaminobutyric Urea Trifluoroacetate&amp;. Palmitoyl Dipeptide-5 Diaminobutylroyl Hydroxythreonine&amp;, Palmitoyl Tripeptide-5, Triethanolamine, Acrylates\/C10-30 Alkyl Acrylate Crosspolymer, Chlorphenesin, Caprylyl Glycol, Parfume&amp;, Alpha-Isomethyl Ionone&amp;, Benzyl Salicylate&amp;, Limonene&amp;, Linalool, Retinyl Palmitate, Xanthan Gum<\/p>\n<p><img loading=\"lazy\" decoding=\"async\" class=\"alignnone size-medium wp-image-13469\" src=\"https:\/\/christinakosmeetika.ee\/wp-content\/uploads\/2021\/05\/Hydra-protective-day-cream-200x300.webp\" alt=\"\" width=\"200\" height=\"300\" srcset=\"https:\/\/christinakosmeetika.ee\/wp-content\/uploads\/2021\/05\/Hydra-protective-day-cream-200x300.webp 200w, https:\/\/christinakosmeetika.ee\/wp-content\/uploads\/2021\/05\/Hydra-protective-day-cream-687x1030.webp 687w, https:\/\/christinakosmeetika.ee\/wp-content\/uploads\/2021\/05\/Hydra-protective-day-cream-768x1152.webp 768w, https:\/\/christinakosmeetika.ee\/wp-content\/uploads\/2021\/05\/Hydra-protective-day-cream-1000x1500.webp 1000w, https:\/\/christinakosmeetika.ee\/wp-content\/uploads\/2021\/05\/Hydra-protective-day-cream-470x705.webp 470w, https:\/\/christinakosmeetika.ee\/wp-content\/uploads\/2021\/05\/Hydra-protective-day-cream-450x675.webp 450w, https:\/\/christinakosmeetika.ee\/wp-content\/uploads\/2021\/05\/Hydra-protective-day-cream-600x900.webp 600w, https:\/\/christinakosmeetika.ee\/wp-content\/uploads\/2021\/05\/Hydra-protective-day-cream.webp 1024w\" sizes=\"auto, (max-width: 200px) 100vw, 200px\" \/><\/p>\n<h3 data-start=\"116\" data-end=\"167\"><a href=\"https:\/\/christinakosmeetika.ee\/et\/vananemisvastane-paevakreem-naole\/\"><strong data-start=\"116\" data-end=\"167\">FOREVER YOUNG Hydra Protective Day Cream SPF 25<\/strong><\/a><\/h3>\n<p data-start=\"169\" data-end=\"400\">Isegi regulaarse ja hoolika nahahoolduse korral v\u00f5ib nahk p\u00e4eva jooksul kiiresti niiskust kaotada \u2014 eriti tuule, k\u00fclma v\u00f5i linnakeskkonna m\u00f5jul. Selle tulemusena v\u00f5ib nahk tunduda pingul ja v\u00e4sinud ning mugavustunne kaob kiiremini.<\/p>\n<p data-start=\"402\" data-end=\"568\">See p\u00e4evakreem aitab hoida naha niisutatuna, toetab selle kaitsebarj\u00e4\u00e4ri ning pakub kerget SPF-kaitset, j\u00e4\u00e4des samal ajal nahal kergeks ja mugavaks kogu p\u00e4eva v\u00e4ltel.<\/p>\n<p data-start=\"570\" data-end=\"686\">\ud83d\udc49 Miks just niisutus ja \u00f5rn kaitse on igap\u00e4evase vananemisvastase nahahoolduse k\u00f5ige olulisemad sammud \u2014 loe edasi.<\/p>\n<p data-start=\"688\" data-end=\"706\"><a href=\"https:\/\/christinakosmeetika.ee\/et\/vananemisvastane-paevakreem-naole\/\"><strong data-start=\"688\" data-end=\"706\">Vaata edasi\u2026 \u203a<\/strong><\/a><\/p>\n<p>&nbsp;<\/p>\n<\/div>\n<\/section>\n<\/div>\n<\/section>\n","protected":false},"excerpt":{"rendered":"<h4>H\u00fcdro kaitsega p\u00e4eva n\u00e4okreem<\/h4>\n","protected":false},"featured_media":1558,"template":"","meta":[],"product_brand":[],"product_cat":[483,149],"product_tag":[],"class_list":{"0":"post-1931","1":"product","2":"type-product","3":"status-publish","4":"has-post-thumbnail","6":"product_cat-forever-young-et","7":"product_cat-kreem","8":"product_shipping_class-smart-itella-post","9":"pa_krem-spf-spf-kreemid","10":"pa_linii-kosmetiki-forever-young-et","11":"pa_reshenie-problem-dehudratsioon","12":"pa_reshenie-problem-suhost","13":"pa_reshenie-problem-vananemise-margid","14":"pa_tip-kozi-kombi-et","15":"pa_tip-kozi-kuiv-et","16":"pa_tip-kozi-normaalne-et","17":"pa_tip-preparata-kreem","18":"pa_vremja-primenenija-paevane","20":"first","21":"instock","22":"taxable","23":"shipping-taxable","24":"purchasable","25":"product-type-simple"},"yoast_head":"<!-- This site is optimized with the Yoast SEO plugin v27.5 - https:\/\/yoast.com\/product\/yoast-seo-wordpress\/ -->\n<title>FOREVER YOUNG Hydra protective day cream SPF25 CHR617 - Christinakosmeetika<\/title>\n<meta name=\"description\" content=\"Aeglustab vananemisprotsesse, kiirendab naha uuenemist ning s\u00e4ilitab selle elastsuse ja toonuse. Kreem imendub kergesti ja tugevdab lipiidbarj\u00e4\u00e4ri.\" \/>\n<meta name=\"robots\" content=\"index, follow, max-snippet:-1, max-image-preview:large, max-video-preview:-1\" \/>\n<link rel=\"canonical\" href=\"https:\/\/christinakosmeetika.ee\/product\/forever-young-hydra-protective-day-cream-spf-25\/\" \/>\n<meta property=\"og:locale\" content=\"et_EE\" \/>\n<meta property=\"og:type\" content=\"article\" \/>\n<meta property=\"og:title\" content=\"FOREVER YOUNG Hydra protective day cream SPF25 CHR617 - Christinakosmeetika\" \/>\n<meta property=\"og:description\" content=\"Aeglustab vananemisprotsesse, kiirendab naha uuenemist ning s\u00e4ilitab selle elastsuse ja toonuse. Kreem imendub kergesti ja tugevdab lipiidbarj\u00e4\u00e4ri.\" \/>\n<meta property=\"og:url\" content=\"https:\/\/christinakosmeetika.ee\/product\/forever-young-hydra-protective-day-cream-spf-25\/\" \/>\n<meta property=\"og:site_name\" content=\"Christinakosmeetika\" \/>\n<meta property=\"article:modified_time\" content=\"2026-04-15T09:11:12+00:00\" \/>\n<meta property=\"og:image\" content=\"https:\/\/christinakosmeetika.ee\/wp-content\/uploads\/2021\/05\/Hydra-protective-day-cream-SPF-25.jpg\" \/>\n\t<meta property=\"og:image:width\" content=\"450\" \/>\n\t<meta property=\"og:image:height\" content=\"450\" \/>\n\t<meta property=\"og:image:type\" content=\"image\/jpeg\" \/>\n<meta name=\"twitter:card\" content=\"summary_large_image\" \/>\n<meta name=\"twitter:label1\" content=\"Est. reading time\" \/>\n\t<meta name=\"twitter:data1\" content=\"2 minutit\" \/>\n<script type=\"application\/ld+json\" class=\"yoast-schema-graph\">{\"@context\":\"https:\\\/\\\/schema.org\",\"@graph\":[{\"@type\":\"WebPage\",\"@id\":\"https:\\\/\\\/christinakosmeetika.ee\\\/product\\\/forever-young-hydra-protective-day-cream-spf-25\\\/\",\"url\":\"https:\\\/\\\/christinakosmeetika.ee\\\/product\\\/forever-young-hydra-protective-day-cream-spf-25\\\/\",\"name\":\"FOREVER YOUNG Hydra protective day cream SPF25 CHR617 - Christinakosmeetika\",\"isPartOf\":{\"@id\":\"https:\\\/\\\/christinakosmeetika.ee\\\/#website\"},\"primaryImageOfPage\":{\"@id\":\"https:\\\/\\\/christinakosmeetika.ee\\\/product\\\/forever-young-hydra-protective-day-cream-spf-25\\\/#primaryimage\"},\"image\":{\"@id\":\"https:\\\/\\\/christinakosmeetika.ee\\\/product\\\/forever-young-hydra-protective-day-cream-spf-25\\\/#primaryimage\"},\"thumbnailUrl\":\"https:\\\/\\\/christinakosmeetika.ee\\\/wp-content\\\/uploads\\\/2021\\\/05\\\/Hydra-protective-day-cream-SPF-25.jpg\",\"datePublished\":\"2021-05-14T12:10:26+00:00\",\"dateModified\":\"2026-04-15T09:11:12+00:00\",\"description\":\"Aeglustab vananemisprotsesse, kiirendab naha uuenemist ning s\u00e4ilitab selle elastsuse ja toonuse. Kreem imendub kergesti ja tugevdab lipiidbarj\u00e4\u00e4ri.\",\"breadcrumb\":{\"@id\":\"https:\\\/\\\/christinakosmeetika.ee\\\/product\\\/forever-young-hydra-protective-day-cream-spf-25\\\/#breadcrumb\"},\"inLanguage\":\"et\",\"potentialAction\":[{\"@type\":\"ReadAction\",\"target\":[\"https:\\\/\\\/christinakosmeetika.ee\\\/product\\\/forever-young-hydra-protective-day-cream-spf-25\\\/\"]}]},{\"@type\":\"ImageObject\",\"inLanguage\":\"et\",\"@id\":\"https:\\\/\\\/christinakosmeetika.ee\\\/product\\\/forever-young-hydra-protective-day-cream-spf-25\\\/#primaryimage\",\"url\":\"https:\\\/\\\/christinakosmeetika.ee\\\/wp-content\\\/uploads\\\/2021\\\/05\\\/Hydra-protective-day-cream-SPF-25.jpg\",\"contentUrl\":\"https:\\\/\\\/christinakosmeetika.ee\\\/wp-content\\\/uploads\\\/2021\\\/05\\\/Hydra-protective-day-cream-SPF-25.jpg\",\"width\":450,\"height\":450},{\"@type\":\"BreadcrumbList\",\"@id\":\"https:\\\/\\\/christinakosmeetika.ee\\\/product\\\/forever-young-hydra-protective-day-cream-spf-25\\\/#breadcrumb\",\"itemListElement\":[{\"@type\":\"ListItem\",\"position\":1,\"name\":\"\u0413\u043b\u0430\u0432\u043d\u0430\u044f \u0441\u0442\u0440\u0430\u043d\u0438\u0446\u0430\",\"item\":\"https:\\\/\\\/christinakosmeetika.ee\\\/et\\\/\"},{\"@type\":\"ListItem\",\"position\":2,\"name\":\"Pood\",\"item\":\"https:\\\/\\\/christinakosmeetika.ee\\\/et\\\/shop\\\/\"},{\"@type\":\"ListItem\",\"position\":3,\"name\":\"FOREVER YOUNG Hydra protective day cream SPF25 CHR617\"}]},{\"@type\":\"WebSite\",\"@id\":\"https:\\\/\\\/christinakosmeetika.ee\\\/#website\",\"url\":\"https:\\\/\\\/christinakosmeetika.ee\\\/\",\"name\":\"Christinakosmeetika\",\"description\":\"Christina kosmeetika Eestis\",\"alternateName\":\"Christina kosmeetika Eestis\",\"potentialAction\":[{\"@type\":\"SearchAction\",\"target\":{\"@type\":\"EntryPoint\",\"urlTemplate\":\"https:\\\/\\\/christinakosmeetika.ee\\\/?s={search_term_string}\"},\"query-input\":{\"@type\":\"PropertyValueSpecification\",\"valueRequired\":true,\"valueName\":\"search_term_string\"}}],\"inLanguage\":\"et\"}]}<\/script>\n<!-- \/ Yoast SEO plugin. -->","yoast_head_json":{"title":"FOREVER YOUNG Hydra protective day cream SPF25 CHR617 - Christinakosmeetika","description":"Aeglustab vananemisprotsesse, kiirendab naha uuenemist ning s\u00e4ilitab selle elastsuse ja toonuse. Kreem imendub kergesti ja tugevdab lipiidbarj\u00e4\u00e4ri.","robots":{"index":"index","follow":"follow","max-snippet":"max-snippet:-1","max-image-preview":"max-image-preview:large","max-video-preview":"max-video-preview:-1"},"canonical":"https:\/\/christinakosmeetika.ee\/product\/forever-young-hydra-protective-day-cream-spf-25\/","og_locale":"et_EE","og_type":"article","og_title":"FOREVER YOUNG Hydra protective day cream SPF25 CHR617 - Christinakosmeetika","og_description":"Aeglustab vananemisprotsesse, kiirendab naha uuenemist ning s\u00e4ilitab selle elastsuse ja toonuse. Kreem imendub kergesti ja tugevdab lipiidbarj\u00e4\u00e4ri.","og_url":"https:\/\/christinakosmeetika.ee\/product\/forever-young-hydra-protective-day-cream-spf-25\/","og_site_name":"Christinakosmeetika","article_modified_time":"2026-04-15T09:11:12+00:00","og_image":[{"width":450,"height":450,"url":"https:\/\/christinakosmeetika.ee\/wp-content\/uploads\/2021\/05\/Hydra-protective-day-cream-SPF-25.jpg","type":"image\/jpeg"}],"twitter_card":"summary_large_image","twitter_misc":{"Est. reading time":"2 minutit"},"schema":{"@context":"https:\/\/schema.org","@graph":[{"@type":"WebPage","@id":"https:\/\/christinakosmeetika.ee\/product\/forever-young-hydra-protective-day-cream-spf-25\/","url":"https:\/\/christinakosmeetika.ee\/product\/forever-young-hydra-protective-day-cream-spf-25\/","name":"FOREVER YOUNG Hydra protective day cream SPF25 CHR617 - Christinakosmeetika","isPartOf":{"@id":"https:\/\/christinakosmeetika.ee\/#website"},"primaryImageOfPage":{"@id":"https:\/\/christinakosmeetika.ee\/product\/forever-young-hydra-protective-day-cream-spf-25\/#primaryimage"},"image":{"@id":"https:\/\/christinakosmeetika.ee\/product\/forever-young-hydra-protective-day-cream-spf-25\/#primaryimage"},"thumbnailUrl":"https:\/\/christinakosmeetika.ee\/wp-content\/uploads\/2021\/05\/Hydra-protective-day-cream-SPF-25.jpg","datePublished":"2021-05-14T12:10:26+00:00","dateModified":"2026-04-15T09:11:12+00:00","description":"Aeglustab vananemisprotsesse, kiirendab naha uuenemist ning s\u00e4ilitab selle elastsuse ja toonuse. Kreem imendub kergesti ja tugevdab lipiidbarj\u00e4\u00e4ri.","breadcrumb":{"@id":"https:\/\/christinakosmeetika.ee\/product\/forever-young-hydra-protective-day-cream-spf-25\/#breadcrumb"},"inLanguage":"et","potentialAction":[{"@type":"ReadAction","target":["https:\/\/christinakosmeetika.ee\/product\/forever-young-hydra-protective-day-cream-spf-25\/"]}]},{"@type":"ImageObject","inLanguage":"et","@id":"https:\/\/christinakosmeetika.ee\/product\/forever-young-hydra-protective-day-cream-spf-25\/#primaryimage","url":"https:\/\/christinakosmeetika.ee\/wp-content\/uploads\/2021\/05\/Hydra-protective-day-cream-SPF-25.jpg","contentUrl":"https:\/\/christinakosmeetika.ee\/wp-content\/uploads\/2021\/05\/Hydra-protective-day-cream-SPF-25.jpg","width":450,"height":450},{"@type":"BreadcrumbList","@id":"https:\/\/christinakosmeetika.ee\/product\/forever-young-hydra-protective-day-cream-spf-25\/#breadcrumb","itemListElement":[{"@type":"ListItem","position":1,"name":"\u0413\u043b\u0430\u0432\u043d\u0430\u044f \u0441\u0442\u0440\u0430\u043d\u0438\u0446\u0430","item":"https:\/\/christinakosmeetika.ee\/et\/"},{"@type":"ListItem","position":2,"name":"Pood","item":"https:\/\/christinakosmeetika.ee\/et\/shop\/"},{"@type":"ListItem","position":3,"name":"FOREVER YOUNG Hydra protective day cream SPF25 CHR617"}]},{"@type":"WebSite","@id":"https:\/\/christinakosmeetika.ee\/#website","url":"https:\/\/christinakosmeetika.ee\/","name":"Christinakosmeetika","description":"Christina kosmeetika Eestis","alternateName":"Christina kosmeetika Eestis","potentialAction":[{"@type":"SearchAction","target":{"@type":"EntryPoint","urlTemplate":"https:\/\/christinakosmeetika.ee\/?s={search_term_string}"},"query-input":{"@type":"PropertyValueSpecification","valueRequired":true,"valueName":"search_term_string"}}],"inLanguage":"et"}]}},"_links":{"self":[{"href":"https:\/\/christinakosmeetika.ee\/et\/wp-json\/wp\/v2\/product\/1931","targetHints":{"allow":["GET"]}}],"collection":[{"href":"https:\/\/christinakosmeetika.ee\/et\/wp-json\/wp\/v2\/product"}],"about":[{"href":"https:\/\/christinakosmeetika.ee\/et\/wp-json\/wp\/v2\/types\/product"}],"wp:featuredmedia":[{"embeddable":true,"href":"https:\/\/christinakosmeetika.ee\/et\/wp-json\/wp\/v2\/media\/1558"}],"wp:attachment":[{"href":"https:\/\/christinakosmeetika.ee\/et\/wp-json\/wp\/v2\/media?parent=1931"}],"wp:term":[{"taxonomy":"product_brand","embeddable":true,"href":"https:\/\/christinakosmeetika.ee\/et\/wp-json\/wp\/v2\/product_brand?post=1931"},{"taxonomy":"product_cat","embeddable":true,"href":"https:\/\/christinakosmeetika.ee\/et\/wp-json\/wp\/v2\/product_cat?post=1931"},{"taxonomy":"product_tag","embeddable":true,"href":"https:\/\/christinakosmeetika.ee\/et\/wp-json\/wp\/v2\/product_tag?post=1931"}],"curies":[{"name":"wp","href":"https:\/\/api.w.org\/{rel}","templated":true}]}}