{"id":1927,"date":"2021-05-14T12:20:29","date_gmt":"2021-05-14T12:20:29","guid":{"rendered":"http:\/\/christinakosmeetika.ee\/product\/forever-young-total-renewal-serum\/"},"modified":"2026-04-15T12:11:57","modified_gmt":"2026-04-15T09:11:57","slug":"forever-young-total-renewal-serum-et","status":"publish","type":"product","link":"https:\/\/christinakosmeetika.ee\/et\/toode\/forever-young-total-renewal-serum-et\/","title":{"rendered":"FOREVER YOUNG Total Renewal Serum 30ml CHR209"},"content":{"rendered":"<section class=\"av_textblock_section \">\n<div class=\"avia_textblock \">\n<section class=\"av_textblock_section \">\n<div class=\"avia_textblock \">\n<p>Forever Young Total Renewal Serum &#8211; peptiididega niisutav ja siidise tekstuuriga noorendav seerum, mis silub ja niisutab nahka, \u00fchtlustab nahatooni ja t\u00e4idab kortsud. See kiirendab rakkude taastumist ja stimuleerib uute rakkude kasvu.<\/p>\n<p>Olles kohe siluv ja niisutav, aitab Total Renewal Serum nahka pinguldada, s\u00fcgavalt niisutada, \u00fchtlustada nahatooni ja t\u00e4ita kortsud. See toode aeglustab t\u00f5husalt vananemisprotsesse rakutasandil, tugevdades naha immuunsust. See elustab naha, muutes selle v\u00e4rskeks, siidiseks ja siledaks, kustutades v\u00e4simuse ja stressi j\u00e4ljed.<\/p>\n<\/div>\n<\/section>\n<section class=\"av_textblock_section \">\n<div class=\"avia_textblock \">\n<p><strong>Kasutamine:<\/strong><\/p>\n<p>Kanda \u00f5huke kihina \u00a0puhtale n\u00e4ole, kaelale ja dekolteele. Kasutada kaks korda p\u00e4evas, peale kanda kreemi nahat\u00fc\u00fcbi j\u00e4rgi.<\/p>\n<\/div>\n<\/section>\n<section class=\"av_textblock_section \">\n<div class=\"avia_textblock \">\n<p><strong>Koostis:<\/strong><\/p>\n<p>Deionized water (Aqua), Deionized water (Aqua)&amp;, Glycerin&amp;, Glyceryl Polyacrylate, Cetearyl Ethylhexanoate, Glycerin, Trilaureth-4 Phosphate, Deionized water (Aqua)&amp;, Isohexadecane&amp;, Polysorbate 80&amp;, Sodium Acrylate\/Sodium Acryloyldimethyl Taurate Copolymer&amp;, Sorbitan Oleate, Phenyl Trimethicone, Ethylhexylglycerin, Phenoxyethanol, Chlorphenesin, Cellulose Gum, Fragrance, Alpha-Isomethyl Ionone, Benzyl Salicylate, Limonene, Linalool, Apricot Kernel Oil Polyglyceryl-6 Esters&amp;, Deionized water (Aqua)&amp;, Dicetyl Phosphate&amp;, Hydrolyzed Hyaluronic Acid&amp;, Kaempferol&amp;, Polyglyceryl-10 Oleate&amp;, Polyglyceryl-6 Oleate&amp;, Sorbitan Palmitate&amp;, Magnolol\/honokiol (MAGNOLIA OFFICINALIS BARK EXTRACT), Tocopheryl Acetate, Chlorphenesin&amp;, Deionized water (Aqua)&amp;, Ethylhexylglycerin&amp;, Glycerin&amp;, Phenoxyethanol&amp;, Polyvinyl Alcohol&amp;, Heptapeptide-15 Palmitate&amp;, Chlorella Vulgaris Extract&amp;, Lactic Acid\/Glycolic Acid Copolymer, Lactic Acid, Dimethyl Isosorbide&amp;, Hydroxypinacolone Retinoate, Deionized water (Aqua)&amp;, Glycerin&amp;, Magnesium chloride&amp;, Tetradecyl Aminobutyroylvalylaminobutyric Urea Trifluoroacetate&amp;, Palmitoyl Dipeptide-5 Diaminobutylroyl Hydroxythreonine&amp;, Palmitoyl Tripeptide-5<\/p>\n<\/div>\n<\/section>\n<\/div>\n<\/section>\n","protected":false},"excerpt":{"rendered":"<h4>Noorendav n\u00e4oseerum\u00abTotal\u00bb<\/h4>\n","protected":false},"featured_media":5287,"template":"","meta":[],"product_brand":[],"product_cat":[182],"product_tag":[],"class_list":{"0":"post-1927","1":"product","2":"type-product","3":"status-publish","4":"has-post-thumbnail","6":"product_cat-seerum","7":"product_shipping_class-smart-itella-post","8":"pa_linii-kosmetiki-forever-young-et","9":"pa_reshenie-problem-dehudratsioon","10":"pa_reshenie-problem-ebauhtlane-nahatoon","11":"pa_reshenie-problem-suhost","12":"pa_reshenie-problem-vananemise-margid","13":"pa_tip-kozi-kombi-et","14":"pa_tip-kozi-kuiv-et","15":"pa_tip-kozi-normaalne-et","16":"pa_tip-preparata-seerum","17":"pa_vremja-primenenija-oine","18":"pa_vremja-primenenija-paevane","20":"first","21":"instock","22":"taxable","23":"shipping-taxable","24":"purchasable","25":"product-type-simple"},"yoast_head":"<!-- This site is optimized with the Yoast SEO plugin v27.5 - https:\/\/yoast.com\/product\/yoast-seo-wordpress\/ -->\n<title>FOREVER YOUNG Total Renewal Serum 30ml CHR209 - Christinakosmeetika<\/title>\n<meta name=\"description\" content=\"See toode pidurdab t\u00f5husalt vananemisprotsesse raku tasandil, tugevdab naha immuunsust ning kustutab v\u00e4simuse ja stressi j\u00e4ljed.\" \/>\n<meta name=\"robots\" content=\"index, follow, max-snippet:-1, max-image-preview:large, max-video-preview:-1\" \/>\n<link rel=\"canonical\" href=\"https:\/\/christinakosmeetika.ee\/product\/forever-young-total-renewal-serum\/\" \/>\n<meta property=\"og:locale\" content=\"et_EE\" \/>\n<meta property=\"og:type\" content=\"article\" \/>\n<meta property=\"og:title\" content=\"FOREVER YOUNG Total Renewal Serum 30ml CHR209 - Christinakosmeetika\" \/>\n<meta property=\"og:description\" content=\"See toode pidurdab t\u00f5husalt vananemisprotsesse raku tasandil, tugevdab naha immuunsust ning kustutab v\u00e4simuse ja stressi j\u00e4ljed.\" \/>\n<meta property=\"og:url\" content=\"https:\/\/christinakosmeetika.ee\/product\/forever-young-total-renewal-serum\/\" \/>\n<meta property=\"og:site_name\" content=\"Christinakosmeetika\" \/>\n<meta property=\"article:modified_time\" content=\"2026-04-15T09:11:57+00:00\" \/>\n<meta property=\"og:image\" content=\"https:\/\/christinakosmeetika.ee\/wp-content\/uploads\/2021\/05\/Total-Renewal-Serum-450-1.jpg\" \/>\n\t<meta property=\"og:image:width\" content=\"450\" \/>\n\t<meta property=\"og:image:height\" content=\"450\" \/>\n\t<meta property=\"og:image:type\" content=\"image\/jpeg\" \/>\n<meta name=\"twitter:card\" content=\"summary_large_image\" \/>\n<meta name=\"twitter:label1\" content=\"Est. reading time\" \/>\n\t<meta name=\"twitter:data1\" content=\"2 minutit\" \/>\n<script type=\"application\/ld+json\" class=\"yoast-schema-graph\">{\"@context\":\"https:\\\/\\\/schema.org\",\"@graph\":[{\"@type\":\"WebPage\",\"@id\":\"https:\\\/\\\/christinakosmeetika.ee\\\/product\\\/forever-young-total-renewal-serum\\\/\",\"url\":\"https:\\\/\\\/christinakosmeetika.ee\\\/product\\\/forever-young-total-renewal-serum\\\/\",\"name\":\"FOREVER YOUNG Total Renewal Serum 30ml CHR209 - Christinakosmeetika\",\"isPartOf\":{\"@id\":\"https:\\\/\\\/christinakosmeetika.ee\\\/#website\"},\"primaryImageOfPage\":{\"@id\":\"https:\\\/\\\/christinakosmeetika.ee\\\/product\\\/forever-young-total-renewal-serum\\\/#primaryimage\"},\"image\":{\"@id\":\"https:\\\/\\\/christinakosmeetika.ee\\\/product\\\/forever-young-total-renewal-serum\\\/#primaryimage\"},\"thumbnailUrl\":\"https:\\\/\\\/christinakosmeetika.ee\\\/wp-content\\\/uploads\\\/2021\\\/05\\\/Total-Renewal-Serum-450-1.jpg\",\"datePublished\":\"2021-05-14T12:20:29+00:00\",\"dateModified\":\"2026-04-15T09:11:57+00:00\",\"description\":\"See toode pidurdab t\u00f5husalt vananemisprotsesse raku tasandil, tugevdab naha immuunsust ning kustutab v\u00e4simuse ja stressi j\u00e4ljed.\",\"breadcrumb\":{\"@id\":\"https:\\\/\\\/christinakosmeetika.ee\\\/product\\\/forever-young-total-renewal-serum\\\/#breadcrumb\"},\"inLanguage\":\"et\",\"potentialAction\":[{\"@type\":\"ReadAction\",\"target\":[\"https:\\\/\\\/christinakosmeetika.ee\\\/product\\\/forever-young-total-renewal-serum\\\/\"]}]},{\"@type\":\"ImageObject\",\"inLanguage\":\"et\",\"@id\":\"https:\\\/\\\/christinakosmeetika.ee\\\/product\\\/forever-young-total-renewal-serum\\\/#primaryimage\",\"url\":\"https:\\\/\\\/christinakosmeetika.ee\\\/wp-content\\\/uploads\\\/2021\\\/05\\\/Total-Renewal-Serum-450-1.jpg\",\"contentUrl\":\"https:\\\/\\\/christinakosmeetika.ee\\\/wp-content\\\/uploads\\\/2021\\\/05\\\/Total-Renewal-Serum-450-1.jpg\",\"width\":450,\"height\":450},{\"@type\":\"BreadcrumbList\",\"@id\":\"https:\\\/\\\/christinakosmeetika.ee\\\/product\\\/forever-young-total-renewal-serum\\\/#breadcrumb\",\"itemListElement\":[{\"@type\":\"ListItem\",\"position\":1,\"name\":\"\u0413\u043b\u0430\u0432\u043d\u0430\u044f \u0441\u0442\u0440\u0430\u043d\u0438\u0446\u0430\",\"item\":\"https:\\\/\\\/christinakosmeetika.ee\\\/et\\\/\"},{\"@type\":\"ListItem\",\"position\":2,\"name\":\"Pood\",\"item\":\"https:\\\/\\\/christinakosmeetika.ee\\\/et\\\/shop\\\/\"},{\"@type\":\"ListItem\",\"position\":3,\"name\":\"FOREVER YOUNG Total Renewal Serum 30ml CHR209\"}]},{\"@type\":\"WebSite\",\"@id\":\"https:\\\/\\\/christinakosmeetika.ee\\\/#website\",\"url\":\"https:\\\/\\\/christinakosmeetika.ee\\\/\",\"name\":\"Christinakosmeetika\",\"description\":\"Christina kosmeetika Eestis\",\"alternateName\":\"Christina kosmeetika Eestis\",\"potentialAction\":[{\"@type\":\"SearchAction\",\"target\":{\"@type\":\"EntryPoint\",\"urlTemplate\":\"https:\\\/\\\/christinakosmeetika.ee\\\/?s={search_term_string}\"},\"query-input\":{\"@type\":\"PropertyValueSpecification\",\"valueRequired\":true,\"valueName\":\"search_term_string\"}}],\"inLanguage\":\"et\"}]}<\/script>\n<!-- \/ Yoast SEO plugin. -->","yoast_head_json":{"title":"FOREVER YOUNG Total Renewal Serum 30ml CHR209 - Christinakosmeetika","description":"See toode pidurdab t\u00f5husalt vananemisprotsesse raku tasandil, tugevdab naha immuunsust ning kustutab v\u00e4simuse ja stressi j\u00e4ljed.","robots":{"index":"index","follow":"follow","max-snippet":"max-snippet:-1","max-image-preview":"max-image-preview:large","max-video-preview":"max-video-preview:-1"},"canonical":"https:\/\/christinakosmeetika.ee\/product\/forever-young-total-renewal-serum\/","og_locale":"et_EE","og_type":"article","og_title":"FOREVER YOUNG Total Renewal Serum 30ml CHR209 - Christinakosmeetika","og_description":"See toode pidurdab t\u00f5husalt vananemisprotsesse raku tasandil, tugevdab naha immuunsust ning kustutab v\u00e4simuse ja stressi j\u00e4ljed.","og_url":"https:\/\/christinakosmeetika.ee\/product\/forever-young-total-renewal-serum\/","og_site_name":"Christinakosmeetika","article_modified_time":"2026-04-15T09:11:57+00:00","og_image":[{"width":450,"height":450,"url":"https:\/\/christinakosmeetika.ee\/wp-content\/uploads\/2021\/05\/Total-Renewal-Serum-450-1.jpg","type":"image\/jpeg"}],"twitter_card":"summary_large_image","twitter_misc":{"Est. reading time":"2 minutit"},"schema":{"@context":"https:\/\/schema.org","@graph":[{"@type":"WebPage","@id":"https:\/\/christinakosmeetika.ee\/product\/forever-young-total-renewal-serum\/","url":"https:\/\/christinakosmeetika.ee\/product\/forever-young-total-renewal-serum\/","name":"FOREVER YOUNG Total Renewal Serum 30ml CHR209 - Christinakosmeetika","isPartOf":{"@id":"https:\/\/christinakosmeetika.ee\/#website"},"primaryImageOfPage":{"@id":"https:\/\/christinakosmeetika.ee\/product\/forever-young-total-renewal-serum\/#primaryimage"},"image":{"@id":"https:\/\/christinakosmeetika.ee\/product\/forever-young-total-renewal-serum\/#primaryimage"},"thumbnailUrl":"https:\/\/christinakosmeetika.ee\/wp-content\/uploads\/2021\/05\/Total-Renewal-Serum-450-1.jpg","datePublished":"2021-05-14T12:20:29+00:00","dateModified":"2026-04-15T09:11:57+00:00","description":"See toode pidurdab t\u00f5husalt vananemisprotsesse raku tasandil, tugevdab naha immuunsust ning kustutab v\u00e4simuse ja stressi j\u00e4ljed.","breadcrumb":{"@id":"https:\/\/christinakosmeetika.ee\/product\/forever-young-total-renewal-serum\/#breadcrumb"},"inLanguage":"et","potentialAction":[{"@type":"ReadAction","target":["https:\/\/christinakosmeetika.ee\/product\/forever-young-total-renewal-serum\/"]}]},{"@type":"ImageObject","inLanguage":"et","@id":"https:\/\/christinakosmeetika.ee\/product\/forever-young-total-renewal-serum\/#primaryimage","url":"https:\/\/christinakosmeetika.ee\/wp-content\/uploads\/2021\/05\/Total-Renewal-Serum-450-1.jpg","contentUrl":"https:\/\/christinakosmeetika.ee\/wp-content\/uploads\/2021\/05\/Total-Renewal-Serum-450-1.jpg","width":450,"height":450},{"@type":"BreadcrumbList","@id":"https:\/\/christinakosmeetika.ee\/product\/forever-young-total-renewal-serum\/#breadcrumb","itemListElement":[{"@type":"ListItem","position":1,"name":"\u0413\u043b\u0430\u0432\u043d\u0430\u044f \u0441\u0442\u0440\u0430\u043d\u0438\u0446\u0430","item":"https:\/\/christinakosmeetika.ee\/et\/"},{"@type":"ListItem","position":2,"name":"Pood","item":"https:\/\/christinakosmeetika.ee\/et\/shop\/"},{"@type":"ListItem","position":3,"name":"FOREVER YOUNG Total Renewal Serum 30ml CHR209"}]},{"@type":"WebSite","@id":"https:\/\/christinakosmeetika.ee\/#website","url":"https:\/\/christinakosmeetika.ee\/","name":"Christinakosmeetika","description":"Christina kosmeetika Eestis","alternateName":"Christina kosmeetika Eestis","potentialAction":[{"@type":"SearchAction","target":{"@type":"EntryPoint","urlTemplate":"https:\/\/christinakosmeetika.ee\/?s={search_term_string}"},"query-input":{"@type":"PropertyValueSpecification","valueRequired":true,"valueName":"search_term_string"}}],"inLanguage":"et"}]}},"_links":{"self":[{"href":"https:\/\/christinakosmeetika.ee\/et\/wp-json\/wp\/v2\/product\/1927","targetHints":{"allow":["GET"]}}],"collection":[{"href":"https:\/\/christinakosmeetika.ee\/et\/wp-json\/wp\/v2\/product"}],"about":[{"href":"https:\/\/christinakosmeetika.ee\/et\/wp-json\/wp\/v2\/types\/product"}],"wp:featuredmedia":[{"embeddable":true,"href":"https:\/\/christinakosmeetika.ee\/et\/wp-json\/wp\/v2\/media\/5287"}],"wp:attachment":[{"href":"https:\/\/christinakosmeetika.ee\/et\/wp-json\/wp\/v2\/media?parent=1927"}],"wp:term":[{"taxonomy":"product_brand","embeddable":true,"href":"https:\/\/christinakosmeetika.ee\/et\/wp-json\/wp\/v2\/product_brand?post=1927"},{"taxonomy":"product_cat","embeddable":true,"href":"https:\/\/christinakosmeetika.ee\/et\/wp-json\/wp\/v2\/product_cat?post=1927"},{"taxonomy":"product_tag","embeddable":true,"href":"https:\/\/christinakosmeetika.ee\/et\/wp-json\/wp\/v2\/product_tag?post=1927"}],"curies":[{"name":"wp","href":"https:\/\/api.w.org\/{rel}","templated":true}]}}