{"id":1914,"date":"2021-05-14T13:06:03","date_gmt":"2021-05-14T13:06:03","guid":{"rendered":"http:\/\/christinakosmeetika.ee\/product\/forever-young-active-night-eye-cream\/"},"modified":"2026-04-15T12:13:43","modified_gmt":"2026-04-15T09:13:43","slug":"forever-young-active-night-eye-cream-et","status":"publish","type":"product","link":"https:\/\/christinakosmeetika.ee\/et\/toode\/forever-young-active-night-eye-cream-et\/","title":{"rendered":"FOREVER YOUNG Active Night Eye Cream CHR216"},"content":{"rendered":"<section class=\"av_textblock_section \">\n<div class=\"avia_textblock \">\n<section class=\"av_textblock_section \">\n<div class=\"avia_textblock \">\n<p>FOREVER YOUNG Active Night Eye Cream &#8211; \u00f6ine aktiivne silmakreem. Toitva ja elustava toimega nahale, stimuleerib rakkude uuenemist, kollageeni ja elastiini tootmist ning t\u00f5stab naha toonust. Kreem aitab ka pinguldada nahka ja silmn\u00e4htavalt siluda kortse. See on v\u00f5imas noorendav vahend, mis \u00fchendab endas peptiide, retinooli ja vitamiine \u00f5rna silma\u00fcmbruse naha noorendamiseks.<\/p>\n<p>Rikastatud avokaado\u00f5liga pehmendab see nahka ja sisaldab vajalikke vitamiine. Stimuleerib rakkude uuenemist ja parandab naha elastsust. Kreem niisutab nahka t\u00f5husalt, muutes selle siledaks ja elastseks.<\/p>\n<p>T\u00e4nu v\u00f5imsale koostisosade kombinatsioonile avaldab see terviklikku noorendavat toimet, m\u00f5jutades peeneid jooni ja kortse, samal ajal toites ja elustades \u00f5rna silma\u00fcmbruse nahka<\/p>\n<\/div>\n<\/section>\n<section class=\"av_textblock_section \">\n<div class=\"avia_textblock \">\n<p><strong>Kasutamine:<\/strong><\/p>\n<p>Kanda kreemi \u00f5hukesel kihina puhastatud nahale silmade \u00fcmber. Soovitav kasutada 1-2 korda n\u00e4dalas v\u00f5i igal \u00f5htul, olenevalt naha tundlikkusest.<\/p>\n<\/div>\n<\/section>\n<section class=\"av_textblock_section \">\n<div class=\"avia_textblock \">\n<p><strong>Koostis:<\/strong><\/p>\n<p>Deionized Water (Aqua), Cycloheptasiloxane, C12-15 Alkyl Benzoate, Glycerin, Glyceryl stearate, Stearic Acid, Persea Gratissima (Avocado) Oil Unsaponifiables, Retinol, Dipalmitoyl Hydroxyproline, Dextran &amp;, Acetyl Pentapeptide &#8211; 1, Hexapeptide-3, Dextran &amp;, Tripeptide-1, Acrylates Copolymer, Phenyl Trimethicone, Phenoxyethanol&amp;, Caprylyl Glycol, Dimethicone, Fragrance, Chlorphenesin<\/p>\n<p><img loading=\"lazy\" decoding=\"async\" class=\"alignnone size-medium wp-image-13315\" src=\"https:\/\/christinakosmeetika.ee\/wp-content\/uploads\/2026\/02\/task_01kgq6f4sef2hb6wgwh7jmm708_1770305200_img_1-200x300.webp\" alt=\"\" width=\"200\" height=\"300\" srcset=\"https:\/\/christinakosmeetika.ee\/wp-content\/uploads\/2026\/02\/task_01kgq6f4sef2hb6wgwh7jmm708_1770305200_img_1-200x300.webp 200w, https:\/\/christinakosmeetika.ee\/wp-content\/uploads\/2026\/02\/task_01kgq6f4sef2hb6wgwh7jmm708_1770305200_img_1-687x1030.webp 687w, https:\/\/christinakosmeetika.ee\/wp-content\/uploads\/2026\/02\/task_01kgq6f4sef2hb6wgwh7jmm708_1770305200_img_1-768x1152.webp 768w, https:\/\/christinakosmeetika.ee\/wp-content\/uploads\/2026\/02\/task_01kgq6f4sef2hb6wgwh7jmm708_1770305200_img_1-1000x1500.webp 1000w, https:\/\/christinakosmeetika.ee\/wp-content\/uploads\/2026\/02\/task_01kgq6f4sef2hb6wgwh7jmm708_1770305200_img_1-470x705.webp 470w, https:\/\/christinakosmeetika.ee\/wp-content\/uploads\/2026\/02\/task_01kgq6f4sef2hb6wgwh7jmm708_1770305200_img_1-450x675.webp 450w, https:\/\/christinakosmeetika.ee\/wp-content\/uploads\/2026\/02\/task_01kgq6f4sef2hb6wgwh7jmm708_1770305200_img_1-600x900.webp 600w, https:\/\/christinakosmeetika.ee\/wp-content\/uploads\/2026\/02\/task_01kgq6f4sef2hb6wgwh7jmm708_1770305200_img_1.webp 1024w\" sizes=\"auto, (max-width: 200px) 100vw, 200px\" \/><\/p>\n<h3 data-start=\"140\" data-end=\"180\"><a href=\"https:\/\/christinakosmeetika.ee\/et\/ookreem-silmade-umbruse-nahale\/\"><strong data-start=\"140\" data-end=\"180\">FOREVER YOUNG Active Night Eye Cream<\/strong><\/a><\/h3>\n<p data-start=\"182\" data-end=\"343\">Silma\u00fcmbruse nahk reageerib esimesena v\u00e4simusele ja vanusega seotud muutustele.<br data-start=\"261\" data-end=\"264\" \/>Just \u00f6\u00f6sel, kui nahk taastub k\u00f5ige aktiivsemalt, vajab see sihip\u00e4rast hooldust.<\/p>\n<p data-start=\"345\" data-end=\"472\">See \u00f6\u00f6kreem on loodud silma\u00fcmbruse naha toitmiseks ja taastamiseks,<br data-start=\"412\" data-end=\"415\" \/>aidates muuta naha siledamaks, elastsemaks ja puhanumaks.<\/p>\n<p data-start=\"474\" data-end=\"544\">\ud83d\udc49 <strong data-start=\"477\" data-end=\"544\">Just selles suunas t\u00f6\u00f6tab FOREVER YOUNG Active Night Eye Cream.<\/strong><\/p>\n<p data-start=\"546\" data-end=\"559\"><a href=\"https:\/\/christinakosmeetika.ee\/et\/ookreem-silmade-umbruse-nahale\/\"><strong><em data-start=\"546\" data-end=\"559\">loe edasi\u2026\u203a<\/em><\/strong><\/a><\/p>\n<\/div>\n<\/section>\n<\/div>\n<\/section>\n","protected":false},"excerpt":{"rendered":"<h4>Aktiivne \u00f6\u00f6kreem silmadele<\/h4>\n","protected":false},"featured_media":5254,"template":"","meta":[],"product_brand":[],"product_cat":[149],"product_tag":[],"class_list":{"0":"post-1914","1":"product","2":"type-product","3":"status-publish","4":"has-post-thumbnail","6":"product_cat-kreem","7":"product_shipping_class-smart-itella-post","8":"pa_linii-kosmetiki-forever-young-et","9":"pa_reshenie-problem-suhost","10":"pa_reshenie-problem-tumedad-ringid","11":"pa_reshenie-problem-turse-silmade-all","12":"pa_reshenie-problem-vananemise-margid","13":"pa_tip-kozi-koik-nahatuubid-et","14":"pa_tip-kozi-kombi-et","15":"pa_tip-kozi-kuiv-et","16":"pa_tip-kozi-normaalne-et","17":"pa_tip-kozi-rasvane-et","18":"pa_tip-preparata-kreem","19":"pa_vremja-primenenija-oine","21":"first","22":"instock","23":"taxable","24":"shipping-taxable","25":"purchasable","26":"product-type-simple"},"yoast_head":"<!-- This site is optimized with the Yoast SEO plugin v27.5 - https:\/\/yoast.com\/product\/yoast-seo-wordpress\/ -->\n<title>FOREVER YOUNG Active Night Eye Cream CHR216 - Christinakosmeetika<\/title>\n<meta name=\"description\" content=\"Toidab ja elustab nahka, stimuleerib rakkude uuenemist, kollageeni ja elastiini tootmist, t\u00f5stab naha toonust ning aitab n\u00e4htavalt siluda kortse.\" \/>\n<meta name=\"robots\" content=\"index, follow, max-snippet:-1, max-image-preview:large, max-video-preview:-1\" \/>\n<link rel=\"canonical\" href=\"https:\/\/christinakosmeetika.ee\/product\/forever-young-active-night-eye-cream\/\" \/>\n<meta property=\"og:locale\" content=\"et_EE\" \/>\n<meta property=\"og:type\" content=\"article\" \/>\n<meta property=\"og:title\" content=\"FOREVER YOUNG Active Night Eye Cream CHR216 - Christinakosmeetika\" \/>\n<meta property=\"og:description\" content=\"Toidab ja elustab nahka, stimuleerib rakkude uuenemist, kollageeni ja elastiini tootmist, t\u00f5stab naha toonust ning aitab n\u00e4htavalt siluda kortse.\" \/>\n<meta property=\"og:url\" content=\"https:\/\/christinakosmeetika.ee\/product\/forever-young-active-night-eye-cream\/\" \/>\n<meta property=\"og:site_name\" content=\"Christinakosmeetika\" \/>\n<meta property=\"article:modified_time\" content=\"2026-04-15T09:13:43+00:00\" \/>\n<meta property=\"og:image\" content=\"https:\/\/christinakosmeetika.ee\/wp-content\/uploads\/2021\/05\/Active-Night-Eye-Cream-450-1.jpg\" \/>\n\t<meta property=\"og:image:width\" content=\"450\" \/>\n\t<meta property=\"og:image:height\" content=\"450\" \/>\n\t<meta property=\"og:image:type\" content=\"image\/jpeg\" \/>\n<meta name=\"twitter:card\" content=\"summary_large_image\" \/>\n<meta name=\"twitter:label1\" content=\"Est. reading time\" \/>\n\t<meta name=\"twitter:data1\" content=\"2 minutit\" \/>\n<script type=\"application\/ld+json\" class=\"yoast-schema-graph\">{\"@context\":\"https:\\\/\\\/schema.org\",\"@graph\":[{\"@type\":\"WebPage\",\"@id\":\"https:\\\/\\\/christinakosmeetika.ee\\\/product\\\/forever-young-active-night-eye-cream\\\/\",\"url\":\"https:\\\/\\\/christinakosmeetika.ee\\\/product\\\/forever-young-active-night-eye-cream\\\/\",\"name\":\"FOREVER YOUNG Active Night Eye Cream CHR216 - Christinakosmeetika\",\"isPartOf\":{\"@id\":\"https:\\\/\\\/christinakosmeetika.ee\\\/#website\"},\"primaryImageOfPage\":{\"@id\":\"https:\\\/\\\/christinakosmeetika.ee\\\/product\\\/forever-young-active-night-eye-cream\\\/#primaryimage\"},\"image\":{\"@id\":\"https:\\\/\\\/christinakosmeetika.ee\\\/product\\\/forever-young-active-night-eye-cream\\\/#primaryimage\"},\"thumbnailUrl\":\"https:\\\/\\\/christinakosmeetika.ee\\\/wp-content\\\/uploads\\\/2021\\\/05\\\/Active-Night-Eye-Cream-450-1.jpg\",\"datePublished\":\"2021-05-14T13:06:03+00:00\",\"dateModified\":\"2026-04-15T09:13:43+00:00\",\"description\":\"Toidab ja elustab nahka, stimuleerib rakkude uuenemist, kollageeni ja elastiini tootmist, t\u00f5stab naha toonust ning aitab n\u00e4htavalt siluda kortse.\",\"breadcrumb\":{\"@id\":\"https:\\\/\\\/christinakosmeetika.ee\\\/product\\\/forever-young-active-night-eye-cream\\\/#breadcrumb\"},\"inLanguage\":\"et\",\"potentialAction\":[{\"@type\":\"ReadAction\",\"target\":[\"https:\\\/\\\/christinakosmeetika.ee\\\/product\\\/forever-young-active-night-eye-cream\\\/\"]}]},{\"@type\":\"ImageObject\",\"inLanguage\":\"et\",\"@id\":\"https:\\\/\\\/christinakosmeetika.ee\\\/product\\\/forever-young-active-night-eye-cream\\\/#primaryimage\",\"url\":\"https:\\\/\\\/christinakosmeetika.ee\\\/wp-content\\\/uploads\\\/2021\\\/05\\\/Active-Night-Eye-Cream-450-1.jpg\",\"contentUrl\":\"https:\\\/\\\/christinakosmeetika.ee\\\/wp-content\\\/uploads\\\/2021\\\/05\\\/Active-Night-Eye-Cream-450-1.jpg\",\"width\":450,\"height\":450},{\"@type\":\"BreadcrumbList\",\"@id\":\"https:\\\/\\\/christinakosmeetika.ee\\\/product\\\/forever-young-active-night-eye-cream\\\/#breadcrumb\",\"itemListElement\":[{\"@type\":\"ListItem\",\"position\":1,\"name\":\"\u0413\u043b\u0430\u0432\u043d\u0430\u044f \u0441\u0442\u0440\u0430\u043d\u0438\u0446\u0430\",\"item\":\"https:\\\/\\\/christinakosmeetika.ee\\\/et\\\/\"},{\"@type\":\"ListItem\",\"position\":2,\"name\":\"Pood\",\"item\":\"https:\\\/\\\/christinakosmeetika.ee\\\/et\\\/shop\\\/\"},{\"@type\":\"ListItem\",\"position\":3,\"name\":\"FOREVER YOUNG Active Night Eye Cream CHR216\"}]},{\"@type\":\"WebSite\",\"@id\":\"https:\\\/\\\/christinakosmeetika.ee\\\/#website\",\"url\":\"https:\\\/\\\/christinakosmeetika.ee\\\/\",\"name\":\"Christinakosmeetika\",\"description\":\"Christina kosmeetika Eestis\",\"alternateName\":\"Christina kosmeetika Eestis\",\"potentialAction\":[{\"@type\":\"SearchAction\",\"target\":{\"@type\":\"EntryPoint\",\"urlTemplate\":\"https:\\\/\\\/christinakosmeetika.ee\\\/?s={search_term_string}\"},\"query-input\":{\"@type\":\"PropertyValueSpecification\",\"valueRequired\":true,\"valueName\":\"search_term_string\"}}],\"inLanguage\":\"et\"}]}<\/script>\n<!-- \/ Yoast SEO plugin. -->","yoast_head_json":{"title":"FOREVER YOUNG Active Night Eye Cream CHR216 - Christinakosmeetika","description":"Toidab ja elustab nahka, stimuleerib rakkude uuenemist, kollageeni ja elastiini tootmist, t\u00f5stab naha toonust ning aitab n\u00e4htavalt siluda kortse.","robots":{"index":"index","follow":"follow","max-snippet":"max-snippet:-1","max-image-preview":"max-image-preview:large","max-video-preview":"max-video-preview:-1"},"canonical":"https:\/\/christinakosmeetika.ee\/product\/forever-young-active-night-eye-cream\/","og_locale":"et_EE","og_type":"article","og_title":"FOREVER YOUNG Active Night Eye Cream CHR216 - Christinakosmeetika","og_description":"Toidab ja elustab nahka, stimuleerib rakkude uuenemist, kollageeni ja elastiini tootmist, t\u00f5stab naha toonust ning aitab n\u00e4htavalt siluda kortse.","og_url":"https:\/\/christinakosmeetika.ee\/product\/forever-young-active-night-eye-cream\/","og_site_name":"Christinakosmeetika","article_modified_time":"2026-04-15T09:13:43+00:00","og_image":[{"width":450,"height":450,"url":"https:\/\/christinakosmeetika.ee\/wp-content\/uploads\/2021\/05\/Active-Night-Eye-Cream-450-1.jpg","type":"image\/jpeg"}],"twitter_card":"summary_large_image","twitter_misc":{"Est. reading time":"2 minutit"},"schema":{"@context":"https:\/\/schema.org","@graph":[{"@type":"WebPage","@id":"https:\/\/christinakosmeetika.ee\/product\/forever-young-active-night-eye-cream\/","url":"https:\/\/christinakosmeetika.ee\/product\/forever-young-active-night-eye-cream\/","name":"FOREVER YOUNG Active Night Eye Cream CHR216 - Christinakosmeetika","isPartOf":{"@id":"https:\/\/christinakosmeetika.ee\/#website"},"primaryImageOfPage":{"@id":"https:\/\/christinakosmeetika.ee\/product\/forever-young-active-night-eye-cream\/#primaryimage"},"image":{"@id":"https:\/\/christinakosmeetika.ee\/product\/forever-young-active-night-eye-cream\/#primaryimage"},"thumbnailUrl":"https:\/\/christinakosmeetika.ee\/wp-content\/uploads\/2021\/05\/Active-Night-Eye-Cream-450-1.jpg","datePublished":"2021-05-14T13:06:03+00:00","dateModified":"2026-04-15T09:13:43+00:00","description":"Toidab ja elustab nahka, stimuleerib rakkude uuenemist, kollageeni ja elastiini tootmist, t\u00f5stab naha toonust ning aitab n\u00e4htavalt siluda kortse.","breadcrumb":{"@id":"https:\/\/christinakosmeetika.ee\/product\/forever-young-active-night-eye-cream\/#breadcrumb"},"inLanguage":"et","potentialAction":[{"@type":"ReadAction","target":["https:\/\/christinakosmeetika.ee\/product\/forever-young-active-night-eye-cream\/"]}]},{"@type":"ImageObject","inLanguage":"et","@id":"https:\/\/christinakosmeetika.ee\/product\/forever-young-active-night-eye-cream\/#primaryimage","url":"https:\/\/christinakosmeetika.ee\/wp-content\/uploads\/2021\/05\/Active-Night-Eye-Cream-450-1.jpg","contentUrl":"https:\/\/christinakosmeetika.ee\/wp-content\/uploads\/2021\/05\/Active-Night-Eye-Cream-450-1.jpg","width":450,"height":450},{"@type":"BreadcrumbList","@id":"https:\/\/christinakosmeetika.ee\/product\/forever-young-active-night-eye-cream\/#breadcrumb","itemListElement":[{"@type":"ListItem","position":1,"name":"\u0413\u043b\u0430\u0432\u043d\u0430\u044f \u0441\u0442\u0440\u0430\u043d\u0438\u0446\u0430","item":"https:\/\/christinakosmeetika.ee\/et\/"},{"@type":"ListItem","position":2,"name":"Pood","item":"https:\/\/christinakosmeetika.ee\/et\/shop\/"},{"@type":"ListItem","position":3,"name":"FOREVER YOUNG Active Night Eye Cream CHR216"}]},{"@type":"WebSite","@id":"https:\/\/christinakosmeetika.ee\/#website","url":"https:\/\/christinakosmeetika.ee\/","name":"Christinakosmeetika","description":"Christina kosmeetika Eestis","alternateName":"Christina kosmeetika Eestis","potentialAction":[{"@type":"SearchAction","target":{"@type":"EntryPoint","urlTemplate":"https:\/\/christinakosmeetika.ee\/?s={search_term_string}"},"query-input":{"@type":"PropertyValueSpecification","valueRequired":true,"valueName":"search_term_string"}}],"inLanguage":"et"}]}},"_links":{"self":[{"href":"https:\/\/christinakosmeetika.ee\/et\/wp-json\/wp\/v2\/product\/1914","targetHints":{"allow":["GET"]}}],"collection":[{"href":"https:\/\/christinakosmeetika.ee\/et\/wp-json\/wp\/v2\/product"}],"about":[{"href":"https:\/\/christinakosmeetika.ee\/et\/wp-json\/wp\/v2\/types\/product"}],"wp:featuredmedia":[{"embeddable":true,"href":"https:\/\/christinakosmeetika.ee\/et\/wp-json\/wp\/v2\/media\/5254"}],"wp:attachment":[{"href":"https:\/\/christinakosmeetika.ee\/et\/wp-json\/wp\/v2\/media?parent=1914"}],"wp:term":[{"taxonomy":"product_brand","embeddable":true,"href":"https:\/\/christinakosmeetika.ee\/et\/wp-json\/wp\/v2\/product_brand?post=1914"},{"taxonomy":"product_cat","embeddable":true,"href":"https:\/\/christinakosmeetika.ee\/et\/wp-json\/wp\/v2\/product_cat?post=1914"},{"taxonomy":"product_tag","embeddable":true,"href":"https:\/\/christinakosmeetika.ee\/et\/wp-json\/wp\/v2\/product_tag?post=1914"}],"curies":[{"name":"wp","href":"https:\/\/api.w.org\/{rel}","templated":true}]}}