{"id":1910,"date":"2021-05-14T13:12:50","date_gmt":"2021-05-14T13:12:50","guid":{"rendered":"http:\/\/christinakosmeetika.ee\/product\/forever-young-rejuvenating-day-eye-cream-spf15\/"},"modified":"2026-04-15T12:14:39","modified_gmt":"2026-04-15T09:14:39","slug":"forever-young-rejuvenating-day-eye-cream-spf15","status":"publish","type":"product","link":"https:\/\/christinakosmeetika.ee\/et\/toode\/forever-young-rejuvenating-day-eye-cream-spf15\/","title":{"rendered":"Forever Young Noorendav p\u00e4evakreem silma\u00fcmbruse nahale SPF15 CHR215"},"content":{"rendered":"<section class=\"av_textblock_section \">\n<div class=\"avia_textblock \">\n<section class=\"av_textblock_section \">\n<div class=\"avia_textblock \">\n<section class=\"av_textblock_section \">\n<div class=\"avia_textblock \">\n<p>Noorendav p\u00e4evakreem silma\u00fcmbruse nahale SPF 15 sisaldab noorendavaid peptiide, vitamiine ja p\u00e4ikesekaitsefiltrit. See kaitseb \u00f5rna silma\u00fcmbruse nahka UV-kiirte kahjuliku m\u00f5ju eest, niisutab ja tugevdab kohalikku immuunsust. V\u00e4hendab kortsude n\u00e4htavust, stimuleerib kollageeni ja elastiini s\u00fcnteesi. Omab ultra-kergemat tekstuuri. Kandke nahale 15-20 minutit enne p\u00e4ikese k\u00e4tte minekut.<\/p>\n<p><strong>Kasutusviis:<\/strong> kandke v\u00e4ike kogus puhastatud silma\u00fcmbruse ja kaela nahale ning masseerige kergelt, kuni see on t\u00e4ielikult imendunud. 15-20 minuti p\u00e4rast v\u00f5ite v\u00e4lja minna.<\/p>\n<p><strong>Koostis:\u00a0<\/strong><\/p>\n<p>Deionized Water (Aqua), Cycloheptasiloxane, C12-15 Alkyl Benzoate, Glycerin, Glyceryl Stearate, Stearic Acid, Butyrospermum Parkii (Shea Butter), Bis Ethylhexyloxyphenol Methoxyphenyl Triazine, Dipalmitoyl Hydroxyproline, Dextran&amp;, Acetyl Pentapeptide-1, Dextran &amp;, Tripeptide-1, Acrylates Copolymer, Phenoxyethanol&amp;, Caprylyl Glycol, Phenyl Trimethicone, Dimethicone, Chlorphenesin, Tocopheryl Acetate, Fragrance, Retinyl Palmitate<\/p>\n<\/div>\n<\/section>\n<\/div>\n<\/section>\n<\/div>\n<\/section>\n","protected":false},"excerpt":{"rendered":"<p>Rejuvenating Day Eye Cream SPF15<\/p>\n","protected":false},"featured_media":6385,"template":"","meta":[],"product_brand":[],"product_cat":[149],"product_tag":[],"class_list":{"0":"post-1910","1":"product","2":"type-product","3":"status-publish","4":"has-post-thumbnail","6":"product_cat-kreem","7":"product_shipping_class-smart-itella-post","8":"pa_krem-spf-spf-kreemid","9":"pa_linii-kosmetiki-forever-young-et","10":"pa_reshenie-problem-dehudratsioon","11":"pa_reshenie-problem-ebauhtlane-nahatoon","12":"pa_reshenie-problem-suhost","13":"pa_reshenie-problem-tumedad-ringid","14":"pa_tip-kozi-koik-nahatuubid-et","15":"pa_tip-kozi-kombi-et","16":"pa_tip-kozi-kuiv-et","17":"pa_tip-kozi-normaalne-et","18":"pa_tip-kozi-rasvane-et","19":"pa_tip-preparata-kreem","21":"first","22":"instock","23":"taxable","24":"shipping-taxable","25":"purchasable","26":"product-type-simple"},"yoast_head":"<!-- This site is optimized with the Yoast SEO plugin v27.5 - https:\/\/yoast.com\/product\/yoast-seo-wordpress\/ -->\n<title>Forever Young Noorendav p\u00e4evakreem silma\u00fcmbruse nahale SPF15 CHR215 - Christinakosmeetika<\/title>\n<meta name=\"description\" content=\"V\u00e4hendab kortsude n\u00e4htavust ning stimuleerib kollageeni ja elastiini s\u00fcnteesi. Omab \u00fclikiiret tekstuuri. Sisaldab noorendavaid peptiide ja vitamiine.\" \/>\n<meta name=\"robots\" content=\"index, follow, max-snippet:-1, max-image-preview:large, max-video-preview:-1\" \/>\n<link rel=\"canonical\" href=\"https:\/\/christinakosmeetika.ee\/product\/forever-young-rejuvenating-day-eye-cream-spf15\/\" \/>\n<meta property=\"og:locale\" content=\"et_EE\" \/>\n<meta property=\"og:type\" content=\"article\" \/>\n<meta property=\"og:title\" content=\"Forever Young Noorendav p\u00e4evakreem silma\u00fcmbruse nahale SPF15 CHR215 - Christinakosmeetika\" \/>\n<meta property=\"og:description\" content=\"V\u00e4hendab kortsude n\u00e4htavust ning stimuleerib kollageeni ja elastiini s\u00fcnteesi. Omab \u00fclikiiret tekstuuri. Sisaldab noorendavaid peptiide ja vitamiine.\" \/>\n<meta property=\"og:url\" content=\"https:\/\/christinakosmeetika.ee\/product\/forever-young-rejuvenating-day-eye-cream-spf15\/\" \/>\n<meta property=\"og:site_name\" content=\"Christinakosmeetika\" \/>\n<meta property=\"article:modified_time\" content=\"2026-04-15T09:14:39+00:00\" \/>\n<meta property=\"og:image\" content=\"https:\/\/christinakosmeetika.ee\/wp-content\/uploads\/2021\/05\/Rejuvenating-Day-Eye-Cream-SPF15-450-1.jpg\" \/>\n\t<meta property=\"og:image:width\" content=\"450\" \/>\n\t<meta property=\"og:image:height\" content=\"450\" \/>\n\t<meta property=\"og:image:type\" content=\"image\/jpeg\" \/>\n<meta name=\"twitter:card\" content=\"summary_large_image\" \/>\n<meta name=\"twitter:label1\" content=\"Est. reading time\" \/>\n\t<meta name=\"twitter:data1\" content=\"1 minut\" \/>\n<script type=\"application\/ld+json\" class=\"yoast-schema-graph\">{\"@context\":\"https:\\\/\\\/schema.org\",\"@graph\":[{\"@type\":\"WebPage\",\"@id\":\"https:\\\/\\\/christinakosmeetika.ee\\\/product\\\/forever-young-rejuvenating-day-eye-cream-spf15\\\/\",\"url\":\"https:\\\/\\\/christinakosmeetika.ee\\\/product\\\/forever-young-rejuvenating-day-eye-cream-spf15\\\/\",\"name\":\"Forever Young Noorendav p\u00e4evakreem silma\u00fcmbruse nahale SPF15 CHR215 - Christinakosmeetika\",\"isPartOf\":{\"@id\":\"https:\\\/\\\/christinakosmeetika.ee\\\/#website\"},\"primaryImageOfPage\":{\"@id\":\"https:\\\/\\\/christinakosmeetika.ee\\\/product\\\/forever-young-rejuvenating-day-eye-cream-spf15\\\/#primaryimage\"},\"image\":{\"@id\":\"https:\\\/\\\/christinakosmeetika.ee\\\/product\\\/forever-young-rejuvenating-day-eye-cream-spf15\\\/#primaryimage\"},\"thumbnailUrl\":\"https:\\\/\\\/christinakosmeetika.ee\\\/wp-content\\\/uploads\\\/2021\\\/05\\\/Rejuvenating-Day-Eye-Cream-SPF15-450-1.jpg\",\"datePublished\":\"2021-05-14T13:12:50+00:00\",\"dateModified\":\"2026-04-15T09:14:39+00:00\",\"description\":\"V\u00e4hendab kortsude n\u00e4htavust ning stimuleerib kollageeni ja elastiini s\u00fcnteesi. Omab \u00fclikiiret tekstuuri. Sisaldab noorendavaid peptiide ja vitamiine.\",\"breadcrumb\":{\"@id\":\"https:\\\/\\\/christinakosmeetika.ee\\\/product\\\/forever-young-rejuvenating-day-eye-cream-spf15\\\/#breadcrumb\"},\"inLanguage\":\"et\",\"potentialAction\":[{\"@type\":\"ReadAction\",\"target\":[\"https:\\\/\\\/christinakosmeetika.ee\\\/product\\\/forever-young-rejuvenating-day-eye-cream-spf15\\\/\"]}]},{\"@type\":\"ImageObject\",\"inLanguage\":\"et\",\"@id\":\"https:\\\/\\\/christinakosmeetika.ee\\\/product\\\/forever-young-rejuvenating-day-eye-cream-spf15\\\/#primaryimage\",\"url\":\"https:\\\/\\\/christinakosmeetika.ee\\\/wp-content\\\/uploads\\\/2021\\\/05\\\/Rejuvenating-Day-Eye-Cream-SPF15-450-1.jpg\",\"contentUrl\":\"https:\\\/\\\/christinakosmeetika.ee\\\/wp-content\\\/uploads\\\/2021\\\/05\\\/Rejuvenating-Day-Eye-Cream-SPF15-450-1.jpg\",\"width\":450,\"height\":450},{\"@type\":\"BreadcrumbList\",\"@id\":\"https:\\\/\\\/christinakosmeetika.ee\\\/product\\\/forever-young-rejuvenating-day-eye-cream-spf15\\\/#breadcrumb\",\"itemListElement\":[{\"@type\":\"ListItem\",\"position\":1,\"name\":\"\u0413\u043b\u0430\u0432\u043d\u0430\u044f \u0441\u0442\u0440\u0430\u043d\u0438\u0446\u0430\",\"item\":\"https:\\\/\\\/christinakosmeetika.ee\\\/et\\\/\"},{\"@type\":\"ListItem\",\"position\":2,\"name\":\"Pood\",\"item\":\"https:\\\/\\\/christinakosmeetika.ee\\\/et\\\/shop\\\/\"},{\"@type\":\"ListItem\",\"position\":3,\"name\":\"Forever Young Noorendav p\u00e4evakreem silma\u00fcmbruse nahale SPF15 CHR215\"}]},{\"@type\":\"WebSite\",\"@id\":\"https:\\\/\\\/christinakosmeetika.ee\\\/#website\",\"url\":\"https:\\\/\\\/christinakosmeetika.ee\\\/\",\"name\":\"Christinakosmeetika\",\"description\":\"Christina kosmeetika Eestis\",\"alternateName\":\"Christina kosmeetika Eestis\",\"potentialAction\":[{\"@type\":\"SearchAction\",\"target\":{\"@type\":\"EntryPoint\",\"urlTemplate\":\"https:\\\/\\\/christinakosmeetika.ee\\\/?s={search_term_string}\"},\"query-input\":{\"@type\":\"PropertyValueSpecification\",\"valueRequired\":true,\"valueName\":\"search_term_string\"}}],\"inLanguage\":\"et\"}]}<\/script>\n<!-- \/ Yoast SEO plugin. -->","yoast_head_json":{"title":"Forever Young Noorendav p\u00e4evakreem silma\u00fcmbruse nahale SPF15 CHR215 - Christinakosmeetika","description":"V\u00e4hendab kortsude n\u00e4htavust ning stimuleerib kollageeni ja elastiini s\u00fcnteesi. Omab \u00fclikiiret tekstuuri. Sisaldab noorendavaid peptiide ja vitamiine.","robots":{"index":"index","follow":"follow","max-snippet":"max-snippet:-1","max-image-preview":"max-image-preview:large","max-video-preview":"max-video-preview:-1"},"canonical":"https:\/\/christinakosmeetika.ee\/product\/forever-young-rejuvenating-day-eye-cream-spf15\/","og_locale":"et_EE","og_type":"article","og_title":"Forever Young Noorendav p\u00e4evakreem silma\u00fcmbruse nahale SPF15 CHR215 - Christinakosmeetika","og_description":"V\u00e4hendab kortsude n\u00e4htavust ning stimuleerib kollageeni ja elastiini s\u00fcnteesi. Omab \u00fclikiiret tekstuuri. Sisaldab noorendavaid peptiide ja vitamiine.","og_url":"https:\/\/christinakosmeetika.ee\/product\/forever-young-rejuvenating-day-eye-cream-spf15\/","og_site_name":"Christinakosmeetika","article_modified_time":"2026-04-15T09:14:39+00:00","og_image":[{"width":450,"height":450,"url":"https:\/\/christinakosmeetika.ee\/wp-content\/uploads\/2021\/05\/Rejuvenating-Day-Eye-Cream-SPF15-450-1.jpg","type":"image\/jpeg"}],"twitter_card":"summary_large_image","twitter_misc":{"Est. reading time":"1 minut"},"schema":{"@context":"https:\/\/schema.org","@graph":[{"@type":"WebPage","@id":"https:\/\/christinakosmeetika.ee\/product\/forever-young-rejuvenating-day-eye-cream-spf15\/","url":"https:\/\/christinakosmeetika.ee\/product\/forever-young-rejuvenating-day-eye-cream-spf15\/","name":"Forever Young Noorendav p\u00e4evakreem silma\u00fcmbruse nahale SPF15 CHR215 - Christinakosmeetika","isPartOf":{"@id":"https:\/\/christinakosmeetika.ee\/#website"},"primaryImageOfPage":{"@id":"https:\/\/christinakosmeetika.ee\/product\/forever-young-rejuvenating-day-eye-cream-spf15\/#primaryimage"},"image":{"@id":"https:\/\/christinakosmeetika.ee\/product\/forever-young-rejuvenating-day-eye-cream-spf15\/#primaryimage"},"thumbnailUrl":"https:\/\/christinakosmeetika.ee\/wp-content\/uploads\/2021\/05\/Rejuvenating-Day-Eye-Cream-SPF15-450-1.jpg","datePublished":"2021-05-14T13:12:50+00:00","dateModified":"2026-04-15T09:14:39+00:00","description":"V\u00e4hendab kortsude n\u00e4htavust ning stimuleerib kollageeni ja elastiini s\u00fcnteesi. Omab \u00fclikiiret tekstuuri. Sisaldab noorendavaid peptiide ja vitamiine.","breadcrumb":{"@id":"https:\/\/christinakosmeetika.ee\/product\/forever-young-rejuvenating-day-eye-cream-spf15\/#breadcrumb"},"inLanguage":"et","potentialAction":[{"@type":"ReadAction","target":["https:\/\/christinakosmeetika.ee\/product\/forever-young-rejuvenating-day-eye-cream-spf15\/"]}]},{"@type":"ImageObject","inLanguage":"et","@id":"https:\/\/christinakosmeetika.ee\/product\/forever-young-rejuvenating-day-eye-cream-spf15\/#primaryimage","url":"https:\/\/christinakosmeetika.ee\/wp-content\/uploads\/2021\/05\/Rejuvenating-Day-Eye-Cream-SPF15-450-1.jpg","contentUrl":"https:\/\/christinakosmeetika.ee\/wp-content\/uploads\/2021\/05\/Rejuvenating-Day-Eye-Cream-SPF15-450-1.jpg","width":450,"height":450},{"@type":"BreadcrumbList","@id":"https:\/\/christinakosmeetika.ee\/product\/forever-young-rejuvenating-day-eye-cream-spf15\/#breadcrumb","itemListElement":[{"@type":"ListItem","position":1,"name":"\u0413\u043b\u0430\u0432\u043d\u0430\u044f \u0441\u0442\u0440\u0430\u043d\u0438\u0446\u0430","item":"https:\/\/christinakosmeetika.ee\/et\/"},{"@type":"ListItem","position":2,"name":"Pood","item":"https:\/\/christinakosmeetika.ee\/et\/shop\/"},{"@type":"ListItem","position":3,"name":"Forever Young Noorendav p\u00e4evakreem silma\u00fcmbruse nahale SPF15 CHR215"}]},{"@type":"WebSite","@id":"https:\/\/christinakosmeetika.ee\/#website","url":"https:\/\/christinakosmeetika.ee\/","name":"Christinakosmeetika","description":"Christina kosmeetika Eestis","alternateName":"Christina kosmeetika Eestis","potentialAction":[{"@type":"SearchAction","target":{"@type":"EntryPoint","urlTemplate":"https:\/\/christinakosmeetika.ee\/?s={search_term_string}"},"query-input":{"@type":"PropertyValueSpecification","valueRequired":true,"valueName":"search_term_string"}}],"inLanguage":"et"}]}},"_links":{"self":[{"href":"https:\/\/christinakosmeetika.ee\/et\/wp-json\/wp\/v2\/product\/1910","targetHints":{"allow":["GET"]}}],"collection":[{"href":"https:\/\/christinakosmeetika.ee\/et\/wp-json\/wp\/v2\/product"}],"about":[{"href":"https:\/\/christinakosmeetika.ee\/et\/wp-json\/wp\/v2\/types\/product"}],"wp:featuredmedia":[{"embeddable":true,"href":"https:\/\/christinakosmeetika.ee\/et\/wp-json\/wp\/v2\/media\/6385"}],"wp:attachment":[{"href":"https:\/\/christinakosmeetika.ee\/et\/wp-json\/wp\/v2\/media?parent=1910"}],"wp:term":[{"taxonomy":"product_brand","embeddable":true,"href":"https:\/\/christinakosmeetika.ee\/et\/wp-json\/wp\/v2\/product_brand?post=1910"},{"taxonomy":"product_cat","embeddable":true,"href":"https:\/\/christinakosmeetika.ee\/et\/wp-json\/wp\/v2\/product_cat?post=1910"},{"taxonomy":"product_tag","embeddable":true,"href":"https:\/\/christinakosmeetika.ee\/et\/wp-json\/wp\/v2\/product_tag?post=1910"}],"curies":[{"name":"wp","href":"https:\/\/api.w.org\/{rel}","templated":true}]}}