{"id":1904,"date":"2021-05-14T13:26:34","date_gmt":"2021-05-14T13:26:34","guid":{"rendered":"http:\/\/christinakosmeetika.ee\/product\/bio-phyto-herbal-comple\/"},"modified":"2026-04-10T11:19:48","modified_gmt":"2026-04-10T08:19:48","slug":"christina-piling-bio-phyto-herbal-comple-et","status":"publish","type":"product","link":"https:\/\/christinakosmeetika.ee\/et\/toode\/christina-piling-bio-phyto-herbal-comple-et\/","title":{"rendered":"BIO PHYTO Herbal Complex CHR579"},"content":{"rendered":"<section class=\"av_textblock_section \">\n<div class=\"avia_textblock \">\n<p data-start=\"432\" data-end=\"687\"><strong>Christina Bio Phyto Herbal Complex<\/strong> on taimsel koostisel p\u00f5hinev kooriv hooldus, mis aitab nahka puhastada ja uuendada. Toode eemaldab \u00f5rnalt sarvestunud naharakud, parandab naha mikrotsirkulatsiooni ning valmistab naha ette j\u00e4rgnevateks hooldusetappideks.<\/p>\n<p data-start=\"689\" data-end=\"909\">Taimsed aktiivained aitavad stimuleerida naha loomulikku uuenemist, toetavad naha tasakaalu ning varustavad nahka vitamiinide ja kasulike komponentidega. T\u00e4nu sellele muutub nahk siledamaks, v\u00e4rskemaks ja hoolitsetumaks.<\/p>\n<p data-start=\"911\" data-end=\"1145\">Kooriv hooldus aitab \u00fchtlustada nahatooni, toetab rasun\u00e4\u00e4rmete tasakaalu ning aitab v\u00e4hendada naha \u00e4rritust ja p\u00f5letikulisi reaktsioone. See on eriti kasulik nahale, mis kipub olema rasusem, eba\u00fchtlane v\u00f5i vajab v\u00e4rskendavat uuendust.<\/p>\n<p data-start=\"1147\" data-end=\"1254\">Regulaarsel kasutamisel muutub nahk puhtamaks, siledamaks ja elastsemaks ning n\u00e4eb v\u00e4lja v\u00e4rskem ja tervem.<\/p>\n<hr data-start=\"1256\" data-end=\"1259\" \/>\n<h2 data-section-id=\"1rxt5mb\" data-start=\"1261\" data-end=\"1274\">Kasutamine<\/h2>\n<p data-start=\"1276\" data-end=\"1429\">Kanna v\u00e4ike kogus toodet (umbes 3\u20134 ml) maskina n\u00e4onahale, v\u00e4ltides silma\u00fcmbruse piirkonda.<br data-start=\"1367\" data-end=\"1370\" \/>J\u00e4ta toimima 5\u201310 minutiks ja loputa seej\u00e4rel jaheda veega.<\/p>\n<p data-start=\"1431\" data-end=\"1524\">P\u00e4rast protseduuri on soovitatav kasutada maski v\u00f5i hooldustoodet vastavalt naha vajadustele.<\/p>\n<p data-start=\"1526\" data-end=\"1551\">Kasuta 1\u20132 korda n\u00e4dalas.<\/p>\n<hr data-start=\"1553\" data-end=\"1556\" \/>\n<p><img loading=\"lazy\" decoding=\"async\" class=\"alignnone size-medium wp-image-12539\" src=\"https:\/\/christinakosmeetika.ee\/wp-content\/uploads\/2021\/05\/Herbal-complex-200x300.webp\" alt=\"\" width=\"200\" height=\"300\" srcset=\"https:\/\/christinakosmeetika.ee\/wp-content\/uploads\/2021\/05\/Herbal-complex-200x300.webp 200w, https:\/\/christinakosmeetika.ee\/wp-content\/uploads\/2021\/05\/Herbal-complex-687x1030.webp 687w, https:\/\/christinakosmeetika.ee\/wp-content\/uploads\/2021\/05\/Herbal-complex-768x1152.webp 768w, https:\/\/christinakosmeetika.ee\/wp-content\/uploads\/2021\/05\/Herbal-complex-1000x1500.webp 1000w, https:\/\/christinakosmeetika.ee\/wp-content\/uploads\/2021\/05\/Herbal-complex-470x705.webp 470w, https:\/\/christinakosmeetika.ee\/wp-content\/uploads\/2021\/05\/Herbal-complex-450x675.webp 450w, https:\/\/christinakosmeetika.ee\/wp-content\/uploads\/2021\/05\/Herbal-complex-600x900.webp 600w, https:\/\/christinakosmeetika.ee\/wp-content\/uploads\/2021\/05\/Herbal-complex.webp 1024w\" sizes=\"auto, (max-width: 200px) 100vw, 200px\" \/><\/p>\n<h2 data-section-id=\"1c5qtj\" data-start=\"2078\" data-end=\"2130\"><a href=\"https:\/\/christinakosmeetika.ee\/et\/rastitelnyy-piling-dlya-litsa\/\">Kuidas taimne kooriv hooldus aitab nahka uuendada<\/a><\/h2>\n<p data-start=\"2132\" data-end=\"2345\">Kui nahk hakkab tunduma tuhm, eba\u00fchtlane ja v\u00e4sinud, v\u00f5ib p\u00f5hjus olla lihtne \u2014 naha pinnale kogunenud sarvestunud rakkude kiht. See kiht muudab naha v\u00e4hem siledaks ja takistab hooldustoodetel t\u00e4ielikult toimimast.<\/p>\n<p data-start=\"2347\" data-end=\"2419\">Sellisel juhul ei piisa ainult puhastamisest. Nahk vajab <strong data-start=\"2404\" data-end=\"2418\">uuendamist<\/strong>.<\/p>\n<p data-start=\"2421\" data-end=\"2624\">Taimne kooriv hooldus aitab seda kihti \u00f5rnalt eemaldada, stimuleerides naha loomulikku uuenemist ja parandades naha v\u00e4limust. Nahk muutub siledamaks, v\u00e4rskemaks ja vastuv\u00f5tlikumaks j\u00e4rgnevale hooldusele.<\/p>\n<p data-start=\"2626\" data-end=\"2742\">Bio Phyto Herbal Complex aitab nahka puhastada, \u00fchtlustada selle tooni ja taastada v\u00e4rske ning hoolitsetud v\u00e4limuse.<\/p>\n<p data-start=\"2744\" data-end=\"2842\" data-is-last-node=\"\" data-is-only-node=\"\"><a href=\"https:\/\/christinakosmeetika.ee\/et\/rastitelnyy-piling-dlya-litsa\/\">\ud83d\udc49 <strong data-start=\"2747\" data-end=\"2842\" data-is-last-node=\"\">Miks taimne kooriv hooldus aitab nahka uuendada ja millal see on eriti kasulik \u2014 loe edasi\u2026<\/strong><\/a><\/p>\n<h3 data-section-id=\"spc5f7\" data-start=\"1558\" data-end=\"1568\">Koostis<\/h3>\n<p>Deioniseeritud vesi (Aqua), SD alkohol 40, Mentha Piperita (piparm\u00fcndi) lehtede ekstrakt, gl\u00fctseriin, PVP, ment\u00fc\u00fcllaktaat, pol\u00fcsorbaat 20, et\u00fc\u00fclheks\u00fc\u00fclgl\u00fctseriin, fenoks\u00fcetanool, olea Europaea (oliivipuu) puuviljaekstrakt, bensohappe\u00f5li, bensoool, ja liim cid, salits\u00fc\u00fclhape, klorofenesiin, mentool, sidrunhape ja kaaliumsorbaat, paprika viljaekstrakt, kaneeli tseylanicum koore ekstrakt, klorof\u00fclliini-vase kompleks.<\/p>\n<p>&nbsp;<\/p>\n<\/div>\n<\/section>\n","protected":false},"excerpt":{"rendered":"<h2>Taimne kooriv hooldus naha uuendamiseks Bio Phyto Herbal Complex<\/h2>\n<p data-start=\"103\" data-end=\"138\"><strong>Aitab j\u00e4rgmiste probleemide korral:<\/strong><\/p>\n<p data-start=\"140\" data-end=\"303\">\u2022 tuhm ja eba\u00fchtlane nahatoon<br data-start=\"169\" data-end=\"172\" \/>\u2022 ummistunud poorid ja ebapuhas nahk<br data-start=\"208\" data-end=\"211\" \/>\u2022 liigne rasueritus<br data-start=\"230\" data-end=\"233\" \/>\u2022 naha \u00e4rritus ja p\u00f5letikulised kolded<br data-start=\"271\" data-end=\"274\" \/>\u2022 naha elastsuse v\u00e4henemine<\/p>\n","protected":false},"featured_media":1564,"template":"","meta":[],"product_brand":[],"product_cat":[481,181],"product_tag":[209],"class_list":{"0":"post-1904","1":"product","2":"type-product","3":"status-publish","4":"has-post-thumbnail","6":"product_cat-biophyto-et","7":"product_cat-koorimine","8":"product_tag-koorimine","9":"product_shipping_class-smart-itella-post","10":"pa_linii-kosmetiki-bio-phyto-et","11":"pa_reshenie-problem-ebauhtlane-nahatekstuur","12":"pa_reshenie-problem-vahenenud-elastsus","13":"pa_reshenie-problem-laienenud-poorid","14":"pa_tip-kozi-koik-nahatuubid-et","15":"pa_tip-kozi-kombi-et","16":"pa_tip-kozi-kuiv-et","17":"pa_tip-kozi-normaalne-et","18":"pa_tip-kozi-rasvane-et","19":"pa_tip-preparata-koorija-et","20":"pa_tip-preparata-koorimine","21":"pa_vremja-primenenija-oine","22":"pa_vremja-primenenija-paevane","24":"first","25":"instock","26":"featured","27":"taxable","28":"shipping-taxable","29":"purchasable","30":"product-type-simple"},"yoast_head":"<!-- This site is optimized with the Yoast SEO plugin v27.5 - https:\/\/yoast.com\/product\/yoast-seo-wordpress\/ -->\n<title>Taimne n\u00e4okoorija | Bio Phyto Herbal Complex<\/title>\n<meta name=\"description\" content=\"Bio Phyto Herbal Complex koorimine puhastab nahka s\u00fcgavuti, parandab vereringet, omab antiseptilist toimet ja rikastab nahka vitamiinidega.\" \/>\n<meta name=\"robots\" content=\"index, follow, max-snippet:-1, max-image-preview:large, max-video-preview:-1\" \/>\n<link rel=\"canonical\" href=\"https:\/\/christinakosmeetika.ee\/et\/toode\/christina-piling-bio-phyto-herbal-comple-et\/\" \/>\n<meta property=\"og:locale\" content=\"et_EE\" \/>\n<meta property=\"og:type\" content=\"article\" \/>\n<meta property=\"og:title\" content=\"Taimne n\u00e4okoorija | Bio Phyto Herbal Complex\" \/>\n<meta property=\"og:description\" content=\"Bio Phyto Herbal Complex koorimine puhastab nahka s\u00fcgavuti, parandab vereringet, omab antiseptilist toimet ja rikastab nahka vitamiinidega.\" \/>\n<meta property=\"og:url\" content=\"https:\/\/christinakosmeetika.ee\/et\/toode\/christina-piling-bio-phyto-herbal-comple-et\/\" \/>\n<meta property=\"og:site_name\" content=\"Christinakosmeetika\" \/>\n<meta property=\"article:modified_time\" content=\"2026-04-10T08:19:48+00:00\" \/>\n<meta property=\"og:image\" content=\"https:\/\/christinakosmeetika.ee\/wp-content\/uploads\/2021\/05\/Herbal-Comple-450.jpg\" \/>\n\t<meta property=\"og:image:width\" content=\"450\" \/>\n\t<meta property=\"og:image:height\" content=\"450\" \/>\n\t<meta property=\"og:image:type\" content=\"image\/jpeg\" \/>\n<meta name=\"twitter:card\" content=\"summary_large_image\" \/>\n<meta name=\"twitter:label1\" content=\"Est. reading time\" \/>\n\t<meta name=\"twitter:data1\" content=\"2 minutit\" \/>\n<script type=\"application\/ld+json\" class=\"yoast-schema-graph\">{\"@context\":\"https:\\\/\\\/schema.org\",\"@graph\":[{\"@type\":\"WebPage\",\"@id\":\"https:\\\/\\\/christinakosmeetika.ee\\\/et\\\/toode\\\/christina-piling-bio-phyto-herbal-comple-et\\\/\",\"url\":\"https:\\\/\\\/christinakosmeetika.ee\\\/et\\\/toode\\\/christina-piling-bio-phyto-herbal-comple-et\\\/\",\"name\":\"Taimne n\u00e4okoorija | Bio Phyto Herbal Complex\",\"isPartOf\":{\"@id\":\"https:\\\/\\\/christinakosmeetika.ee\\\/#website\"},\"primaryImageOfPage\":{\"@id\":\"https:\\\/\\\/christinakosmeetika.ee\\\/et\\\/toode\\\/christina-piling-bio-phyto-herbal-comple-et\\\/#primaryimage\"},\"image\":{\"@id\":\"https:\\\/\\\/christinakosmeetika.ee\\\/et\\\/toode\\\/christina-piling-bio-phyto-herbal-comple-et\\\/#primaryimage\"},\"thumbnailUrl\":\"https:\\\/\\\/christinakosmeetika.ee\\\/wp-content\\\/uploads\\\/2021\\\/05\\\/Herbal-Comple-450.jpg\",\"datePublished\":\"2021-05-14T13:26:34+00:00\",\"dateModified\":\"2026-04-10T08:19:48+00:00\",\"description\":\"Bio Phyto Herbal Complex koorimine puhastab nahka s\u00fcgavuti, parandab vereringet, omab antiseptilist toimet ja rikastab nahka vitamiinidega.\",\"breadcrumb\":{\"@id\":\"https:\\\/\\\/christinakosmeetika.ee\\\/et\\\/toode\\\/christina-piling-bio-phyto-herbal-comple-et\\\/#breadcrumb\"},\"inLanguage\":\"et\",\"potentialAction\":[{\"@type\":\"ReadAction\",\"target\":[\"https:\\\/\\\/christinakosmeetika.ee\\\/et\\\/toode\\\/christina-piling-bio-phyto-herbal-comple-et\\\/\"]}]},{\"@type\":\"ImageObject\",\"inLanguage\":\"et\",\"@id\":\"https:\\\/\\\/christinakosmeetika.ee\\\/et\\\/toode\\\/christina-piling-bio-phyto-herbal-comple-et\\\/#primaryimage\",\"url\":\"https:\\\/\\\/christinakosmeetika.ee\\\/wp-content\\\/uploads\\\/2021\\\/05\\\/Herbal-Comple-450.jpg\",\"contentUrl\":\"https:\\\/\\\/christinakosmeetika.ee\\\/wp-content\\\/uploads\\\/2021\\\/05\\\/Herbal-Comple-450.jpg\",\"width\":450,\"height\":450,\"caption\":\"Bio Phyto Herbal Complex\"},{\"@type\":\"BreadcrumbList\",\"@id\":\"https:\\\/\\\/christinakosmeetika.ee\\\/et\\\/toode\\\/christina-piling-bio-phyto-herbal-comple-et\\\/#breadcrumb\",\"itemListElement\":[{\"@type\":\"ListItem\",\"position\":1,\"name\":\"\u0413\u043b\u0430\u0432\u043d\u0430\u044f \u0441\u0442\u0440\u0430\u043d\u0438\u0446\u0430\",\"item\":\"https:\\\/\\\/christinakosmeetika.ee\\\/et\\\/\"},{\"@type\":\"ListItem\",\"position\":2,\"name\":\"Pood\",\"item\":\"https:\\\/\\\/christinakosmeetika.ee\\\/et\\\/shop\\\/\"},{\"@type\":\"ListItem\",\"position\":3,\"name\":\"BIO PHYTO Herbal Complex CHR579\"}]},{\"@type\":\"WebSite\",\"@id\":\"https:\\\/\\\/christinakosmeetika.ee\\\/#website\",\"url\":\"https:\\\/\\\/christinakosmeetika.ee\\\/\",\"name\":\"Christinakosmeetika\",\"description\":\"Christina kosmeetika Eestis\",\"alternateName\":\"Christina kosmeetika Eestis\",\"potentialAction\":[{\"@type\":\"SearchAction\",\"target\":{\"@type\":\"EntryPoint\",\"urlTemplate\":\"https:\\\/\\\/christinakosmeetika.ee\\\/?s={search_term_string}\"},\"query-input\":{\"@type\":\"PropertyValueSpecification\",\"valueRequired\":true,\"valueName\":\"search_term_string\"}}],\"inLanguage\":\"et\"}]}<\/script>\n<!-- \/ Yoast SEO plugin. -->","yoast_head_json":{"title":"Taimne n\u00e4okoorija | Bio Phyto Herbal Complex","description":"Bio Phyto Herbal Complex koorimine puhastab nahka s\u00fcgavuti, parandab vereringet, omab antiseptilist toimet ja rikastab nahka vitamiinidega.","robots":{"index":"index","follow":"follow","max-snippet":"max-snippet:-1","max-image-preview":"max-image-preview:large","max-video-preview":"max-video-preview:-1"},"canonical":"https:\/\/christinakosmeetika.ee\/et\/toode\/christina-piling-bio-phyto-herbal-comple-et\/","og_locale":"et_EE","og_type":"article","og_title":"Taimne n\u00e4okoorija | Bio Phyto Herbal Complex","og_description":"Bio Phyto Herbal Complex koorimine puhastab nahka s\u00fcgavuti, parandab vereringet, omab antiseptilist toimet ja rikastab nahka vitamiinidega.","og_url":"https:\/\/christinakosmeetika.ee\/et\/toode\/christina-piling-bio-phyto-herbal-comple-et\/","og_site_name":"Christinakosmeetika","article_modified_time":"2026-04-10T08:19:48+00:00","og_image":[{"width":450,"height":450,"url":"https:\/\/christinakosmeetika.ee\/wp-content\/uploads\/2021\/05\/Herbal-Comple-450.jpg","type":"image\/jpeg"}],"twitter_card":"summary_large_image","twitter_misc":{"Est. reading time":"2 minutit"},"schema":{"@context":"https:\/\/schema.org","@graph":[{"@type":"WebPage","@id":"https:\/\/christinakosmeetika.ee\/et\/toode\/christina-piling-bio-phyto-herbal-comple-et\/","url":"https:\/\/christinakosmeetika.ee\/et\/toode\/christina-piling-bio-phyto-herbal-comple-et\/","name":"Taimne n\u00e4okoorija | Bio Phyto Herbal Complex","isPartOf":{"@id":"https:\/\/christinakosmeetika.ee\/#website"},"primaryImageOfPage":{"@id":"https:\/\/christinakosmeetika.ee\/et\/toode\/christina-piling-bio-phyto-herbal-comple-et\/#primaryimage"},"image":{"@id":"https:\/\/christinakosmeetika.ee\/et\/toode\/christina-piling-bio-phyto-herbal-comple-et\/#primaryimage"},"thumbnailUrl":"https:\/\/christinakosmeetika.ee\/wp-content\/uploads\/2021\/05\/Herbal-Comple-450.jpg","datePublished":"2021-05-14T13:26:34+00:00","dateModified":"2026-04-10T08:19:48+00:00","description":"Bio Phyto Herbal Complex koorimine puhastab nahka s\u00fcgavuti, parandab vereringet, omab antiseptilist toimet ja rikastab nahka vitamiinidega.","breadcrumb":{"@id":"https:\/\/christinakosmeetika.ee\/et\/toode\/christina-piling-bio-phyto-herbal-comple-et\/#breadcrumb"},"inLanguage":"et","potentialAction":[{"@type":"ReadAction","target":["https:\/\/christinakosmeetika.ee\/et\/toode\/christina-piling-bio-phyto-herbal-comple-et\/"]}]},{"@type":"ImageObject","inLanguage":"et","@id":"https:\/\/christinakosmeetika.ee\/et\/toode\/christina-piling-bio-phyto-herbal-comple-et\/#primaryimage","url":"https:\/\/christinakosmeetika.ee\/wp-content\/uploads\/2021\/05\/Herbal-Comple-450.jpg","contentUrl":"https:\/\/christinakosmeetika.ee\/wp-content\/uploads\/2021\/05\/Herbal-Comple-450.jpg","width":450,"height":450,"caption":"Bio Phyto Herbal Complex"},{"@type":"BreadcrumbList","@id":"https:\/\/christinakosmeetika.ee\/et\/toode\/christina-piling-bio-phyto-herbal-comple-et\/#breadcrumb","itemListElement":[{"@type":"ListItem","position":1,"name":"\u0413\u043b\u0430\u0432\u043d\u0430\u044f \u0441\u0442\u0440\u0430\u043d\u0438\u0446\u0430","item":"https:\/\/christinakosmeetika.ee\/et\/"},{"@type":"ListItem","position":2,"name":"Pood","item":"https:\/\/christinakosmeetika.ee\/et\/shop\/"},{"@type":"ListItem","position":3,"name":"BIO PHYTO Herbal Complex CHR579"}]},{"@type":"WebSite","@id":"https:\/\/christinakosmeetika.ee\/#website","url":"https:\/\/christinakosmeetika.ee\/","name":"Christinakosmeetika","description":"Christina kosmeetika Eestis","alternateName":"Christina kosmeetika Eestis","potentialAction":[{"@type":"SearchAction","target":{"@type":"EntryPoint","urlTemplate":"https:\/\/christinakosmeetika.ee\/?s={search_term_string}"},"query-input":{"@type":"PropertyValueSpecification","valueRequired":true,"valueName":"search_term_string"}}],"inLanguage":"et"}]}},"_links":{"self":[{"href":"https:\/\/christinakosmeetika.ee\/et\/wp-json\/wp\/v2\/product\/1904","targetHints":{"allow":["GET"]}}],"collection":[{"href":"https:\/\/christinakosmeetika.ee\/et\/wp-json\/wp\/v2\/product"}],"about":[{"href":"https:\/\/christinakosmeetika.ee\/et\/wp-json\/wp\/v2\/types\/product"}],"wp:featuredmedia":[{"embeddable":true,"href":"https:\/\/christinakosmeetika.ee\/et\/wp-json\/wp\/v2\/media\/1564"}],"wp:attachment":[{"href":"https:\/\/christinakosmeetika.ee\/et\/wp-json\/wp\/v2\/media?parent=1904"}],"wp:term":[{"taxonomy":"product_brand","embeddable":true,"href":"https:\/\/christinakosmeetika.ee\/et\/wp-json\/wp\/v2\/product_brand?post=1904"},{"taxonomy":"product_cat","embeddable":true,"href":"https:\/\/christinakosmeetika.ee\/et\/wp-json\/wp\/v2\/product_cat?post=1904"},{"taxonomy":"product_tag","embeddable":true,"href":"https:\/\/christinakosmeetika.ee\/et\/wp-json\/wp\/v2\/product_tag?post=1904"}],"curies":[{"name":"wp","href":"https:\/\/api.w.org\/{rel}","templated":true}]}}