{"id":1901,"date":"2021-05-14T13:36:05","date_gmt":"2021-05-14T13:36:05","guid":{"rendered":"http:\/\/christinakosmeetika.ee\/product\/bio-phyto-zaatar-mask\/"},"modified":"2026-04-15T12:17:15","modified_gmt":"2026-04-15T09:17:15","slug":"bio-phyto-zaatar-mask-et","status":"publish","type":"product","link":"https:\/\/christinakosmeetika.ee\/et\/toode\/bio-phyto-zaatar-mask-et\/","title":{"rendered":"BIO PHYTO Zaatar Mask CHR565"},"content":{"rendered":"<section>\n<section>\n<p data-start=\"481\" data-end=\"653\"><strong>Bio Phyto Zaatar Mask<\/strong> on rahustav ja taastav n\u00e4omask tundlikule ja \u00e4rritunud nahale. Mask aitab toetada naha taastumisprotsesse ja tugevdada naha loomulikku kaitsebarj\u00e4\u00e4ri.<\/p>\n<p data-start=\"655\" data-end=\"924\">Mask sobib eriti h\u00e4sti nahale, mis on muutunud tundlikuks v\u00f5i reaktsiooniv\u00f5imeliseks p\u00e4rast kosmeetilisi protseduure v\u00f5i v\u00e4liste keskkonnategurite m\u00f5ju. Taimsed ekstraktid aitavad v\u00e4hendada punetust, s\u00fcgelust ja ebamugavustunnet ning toetavad naha loomulikku tasakaalu.<\/p>\n<p data-start=\"926\" data-end=\"1113\">Valem sisaldab retinoidi, mis aitab kaasa naha \u00f5rnale uuenemisele ja parandab naha tekstuuri. Regulaarse kasutamise korral muutub nahk rahulikumaks, tugevamaks ja visuaalselt \u00fchtlasemaks.<\/p>\n<hr data-start=\"1115\" data-end=\"1118\" \/>\n<h2 data-section-id=\"1rxt5mb\" data-start=\"1120\" data-end=\"1133\">Kasutamine<\/h2>\n<p data-start=\"1135\" data-end=\"1251\">Kanda mask n\u00e4onahale, v\u00e4ltides silma\u00fcmbruse piirkonda.<br data-start=\"1189\" data-end=\"1192\" \/>J\u00e4tta m\u00f5juma 15\u201320 minutiks, seej\u00e4rel loputada sooja veega.<\/p>\n<p data-start=\"1253\" data-end=\"1307\">Kasutada p\u00e4rast naha s\u00fcgavpuhastust 1\u20132 korda n\u00e4dalas.<\/p>\n<\/section>\n<section><strong>Koostis:<\/strong><span class=\"fontstyle0\">Deionized water (Aqua), Cetearyl Ethylhexanoate, Isopropyl Myristate, Glycerin, Zinc Oxide&amp;, Octyldodecanol&amp;, Octyldodecyl Xyloside&amp;, PEG-30 Dipolyhydroxystearate, Polyacrylate-13&amp;, Sorbitan Isostearate&amp;, Polysorbate 20&amp;, Polyisobutene, Beeswax (Cera Alba), Olea Europaea (Olive) Fruit Extract, Ethylhexylglycerin&amp;, Phenoxyethanol, Hydrogenated Castor Oil, Magnesium Sulfate, Tocopheryl Acetate, Origanum Majorana Leaf Extract&amp;, Citric Acid&amp;, Potassium Sorbate&amp;, Sodium Benzoate, Caprylyl Glycol, Chlorophyllin-copper complex&amp;, SD Alcohol 40, Thymus Vulgaris (Thyme) Flower\/Leaf Oil, Chlorphenesin, Dimethyl Isosorbide&amp;, Hydroxypinacolone Retinoate.<\/span><\/p>\n<hr \/>\n<h3 data-start=\"0\" data-end=\"35\"><img loading=\"lazy\" decoding=\"async\" class=\"size-medium wp-image-10829 alignleft\" src=\"https:\/\/christinakosmeetika.ee\/wp-content\/uploads\/2021\/05\/20251229_2220_Revitalizing-Mask-Display_remix_01kdnw7e6sevzagpn2aawjkstj-1-200x300.png\" alt=\"\" width=\"200\" height=\"300\" \/><\/h3>\n<article class=\"text-token-text-primary w-full focus:outline-none [--shadow-height:45px] has-data-writing-block:pointer-events-none has-data-writing-block:-mt-(--shadow-height) has-data-writing-block:pt-(--shadow-height) [&amp;:has([data-writing-block])&gt;*]:pointer-events-auto scroll-mt-(--header-height)\" dir=\"auto\" tabindex=\"-1\" data-turn-id=\"f4a822e0-517e-4078-931e-961d0e268dbf\" data-testid=\"conversation-turn-251\" data-scroll-anchor=\"false\" data-turn=\"user\"><\/article>\n<article class=\"text-token-text-primary w-full focus:outline-none [--shadow-height:45px] has-data-writing-block:pointer-events-none has-data-writing-block:-mt-(--shadow-height) has-data-writing-block:pt-(--shadow-height) [&amp;:has([data-writing-block])&gt;*]:pointer-events-auto scroll-mt-[calc(var(--header-height)+min(200px,max(70px,20svh)))]\" dir=\"auto\" tabindex=\"-1\" data-turn-id=\"request-WEB:6541f2cb-e3cb-4bfe-ba86-f51f6b8d49bf-158\" data-testid=\"conversation-turn-252\" data-scroll-anchor=\"true\" data-turn=\"assistant\">\n<div class=\"text-base my-auto mx-auto pb-10 [--thread-content-margin:var(--thread-content-margin-xs,calc(var(--spacing)*4))] @w-sm\/main:[--thread-content-margin:var(--thread-content-margin-sm,calc(var(--spacing)*6))] @w-lg\/main:[--thread-content-margin:var(--thread-content-margin-lg,calc(var(--spacing)*16))] px-(--thread-content-margin)\">\n<div class=\"[--thread-content-max-width:40rem] @w-lg\/main:[--thread-content-max-width:48rem] mx-auto max-w-(--thread-content-max-width) flex-1 group\/turn-messages focus-visible:outline-hidden relative flex w-full min-w-0 flex-col agent-turn\" tabindex=\"-1\">\n<div class=\"flex max-w-full flex-col gap-4 grow\">\n<div class=\"min-h-8 text-message relative flex w-full flex-col items-end gap-2 text-start break-words whitespace-normal [.text-message+&amp;]:mt-1\" dir=\"auto\" data-message-author-role=\"assistant\" data-message-id=\"0e976497-5f44-4f28-99b6-da74401ad34a\" data-message-model-slug=\"gpt-5-3\">\n<div class=\"flex w-full flex-col gap-1 empty:hidden\">\n<div class=\"markdown prose dark:prose-invert w-full wrap-break-word light markdown-new-styling\">\n<h2 data-section-id=\"mh2c9z\" data-start=\"0\" data-end=\"38\"><a href=\"https:\/\/christinakosmeetika.ee\/et\/bio-phyto-zaatar-maskmask-tundlikule-ja-reaktiivsele-nahale\/\">Kuidas Bio Phyto Zaatar Mask toimib<\/a><\/h2>\n<p data-start=\"40\" data-end=\"206\">M\u00f5nikord hakkab nahk reageerima peaaegu k\u00f5igele \u2014<br data-start=\"89\" data-end=\"92\" \/>punetus tekib isegi p\u00e4rast n\u00e4opesu,<br data-start=\"127\" data-end=\"130\" \/>ilmneb s\u00fcgelus, kipitus v\u00f5i ebamugavustunne p\u00e4rast kosmeetilisi protseduure.<\/p>\n<p data-start=\"208\" data-end=\"409\">Sellistel hetkedel ei pruugi tavalised kreemid ja maskid enam piisata. Nahk ei vaja ainult niisutust, vaid vahendit, mis aitaks taastada naha kaitsebarj\u00e4\u00e4ri ja v\u00e4hendada selle reaktsiooni \u00e4rritajatele.<\/p>\n<p data-start=\"411\" data-end=\"503\" data-is-last-node=\"\" data-is-only-node=\"\"><a href=\"https:\/\/christinakosmeetika.ee\/et\/bio-phyto-zaatar-maskmask-tundlikule-ja-reaktiivsele-nahale\/\">\ud83d\udc49 Miks nahk muutub nii tundlikuks ja kuidas aidata nahal oma tasakaal taastada \u2014 loe edasi\u2026<\/a><\/p>\n<\/div>\n<\/div>\n<\/div>\n<\/div>\n<\/div>\n<\/div>\n<\/article>\n<div class=\"flex flex-col text-sm pb-25\">\n<article class=\"text-token-text-primary w-full focus:outline-none [--shadow-height:45px] has-data-writing-block:pointer-events-none has-data-writing-block:-mt-(--shadow-height) has-data-writing-block:pt-(--shadow-height) [&amp;:has([data-writing-block])&gt;*]:pointer-events-auto scroll-mt-[calc(var(--header-height)+min(200px,max(70px,20svh)))]\" dir=\"auto\" tabindex=\"-1\" data-turn-id=\"request-WEB:6541f2cb-e3cb-4bfe-ba86-f51f6b8d49bf-155\" data-testid=\"conversation-turn-246\" data-scroll-anchor=\"true\" data-turn=\"assistant\">\n<div class=\"text-base my-auto mx-auto pb-10 [--thread-content-margin:var(--thread-content-margin-xs,calc(var(--spacing)*4))] @w-sm\/main:[--thread-content-margin:var(--thread-content-margin-sm,calc(var(--spacing)*6))] @w-lg\/main:[--thread-content-margin:var(--thread-content-margin-lg,calc(var(--spacing)*16))] px-(--thread-content-margin)\">\n<div class=\"[--thread-content-max-width:40rem] @w-lg\/main:[--thread-content-max-width:48rem] mx-auto max-w-(--thread-content-max-width) flex-1 group\/turn-messages focus-visible:outline-hidden relative flex w-full min-w-0 flex-col agent-turn\" tabindex=\"-1\">\n<div class=\"flex max-w-full flex-col gap-4 grow\">\n<div class=\"min-h-8 text-message relative flex w-full flex-col items-end gap-2 text-start break-words whitespace-normal [.text-message+&amp;]:mt-1\" dir=\"auto\" data-message-author-role=\"assistant\" data-message-id=\"2e29f1da-d4ad-4b5e-85ce-4e8346b9e837\" data-message-model-slug=\"gpt-5-3\">\n<div class=\"flex w-full flex-col gap-1 empty:hidden\">\n<div class=\"markdown prose dark:prose-invert w-full wrap-break-word light markdown-new-styling\">\n<h3 data-section-id=\"mh2c9z\" data-start=\"1314\" data-end=\"1352\"><\/h3>\n<\/div>\n<\/div>\n<\/div>\n<\/div>\n<div class=\"z-0 flex min-h-[46px] justify-start\"><\/div>\n<div class=\"mt-3 w-full empty:hidden\">\n<div class=\"text-center\"><\/div>\n<\/div>\n<\/div>\n<\/div>\n<\/article>\n<\/div>\n<div class=\"pointer-events-none h-px w-px absolute bottom-0\" aria-hidden=\"true\" data-edge=\"true\"><\/div>\n<\/section>\n<\/section>\n","protected":false},"excerpt":{"rendered":"<h2>Taastav n\u00e4omask Bio Phyto Zaatar Mask<\/h2>\n<p data-start=\"145\" data-end=\"190\"><strong data-start=\"145\" data-end=\"190\">Kasutatakse j\u00e4rgmiste probleemide korral:<\/strong><\/p>\n<p data-start=\"192\" data-end=\"381\">\u2022 naha taastamine p\u00e4rast agressiivseid kosmeetilisi protseduure<br data-start=\"255\" data-end=\"258\" \/>\u2022 tugev naha\u00e4rritus ja p\u00f5letikuline reaktsioon<br data-start=\"304\" data-end=\"307\" \/>\u2022 naha kaitsebarj\u00e4\u00e4ri kahjustus<br data-start=\"338\" data-end=\"341\" \/>\u2022 naha stress ja suurenenud tundlikkus<\/p>\n<p data-start=\"383\" data-end=\"391\">\n","protected":false},"featured_media":1565,"template":"","meta":[],"product_brand":[],"product_cat":[481,150],"product_tag":[],"class_list":{"0":"post-1901","1":"product","2":"type-product","3":"status-publish","4":"has-post-thumbnail","6":"product_cat-biophyto-et","7":"product_cat-mask-et","8":"product_shipping_class-smart-itella-post","9":"pa_linii-kosmetiki-bio-phyto-et","10":"pa_reshenie-problem-kuperoz","11":"pa_reshenie-problem-naha-taastamine","12":"pa_reshenie-problem-chuvstvitelnaja-koza","13":"pa_tip-kozi-koik-nahatuubid-et","14":"pa_tip-kozi-kombi-et","15":"pa_tip-kozi-kuiv-et","16":"pa_tip-kozi-normaalne-et","17":"pa_tip-kozi-rasvane-et","18":"pa_tip-preparata-mask-et","19":"pa_vremja-primenenija-oine","20":"pa_vremja-primenenija-paevane","22":"first","23":"instock","24":"taxable","25":"shipping-taxable","26":"purchasable","27":"product-type-simple"},"yoast_head":"<!-- This site is optimized with the Yoast SEO plugin v27.5 - https:\/\/yoast.com\/product\/yoast-seo-wordpress\/ -->\n<title>Bio Phyto Zaatar Mask | Taastav n\u00e4omask<\/title>\n<meta name=\"description\" content=\"Kasutatakse agressiivsete kosmeetiliste protseduuride v\u00f5i keskkonna negatiivsete tegurite p\u00f5hjustatud kahjustuste leevendamiseks ja taastamiseks.\" \/>\n<meta name=\"robots\" content=\"index, follow, max-snippet:-1, max-image-preview:large, max-video-preview:-1\" \/>\n<link rel=\"canonical\" href=\"https:\/\/christinakosmeetika.ee\/et\/toode\/bio-phyto-zaatar-mask-et\/\" \/>\n<meta property=\"og:locale\" content=\"et_EE\" \/>\n<meta property=\"og:type\" content=\"article\" \/>\n<meta property=\"og:title\" content=\"Bio Phyto Zaatar Mask | Taastav n\u00e4omask\" \/>\n<meta property=\"og:description\" content=\"Kasutatakse agressiivsete kosmeetiliste protseduuride v\u00f5i keskkonna negatiivsete tegurite p\u00f5hjustatud kahjustuste leevendamiseks ja taastamiseks.\" \/>\n<meta property=\"og:url\" content=\"https:\/\/christinakosmeetika.ee\/et\/toode\/bio-phyto-zaatar-mask-et\/\" \/>\n<meta property=\"og:site_name\" content=\"Christinakosmeetika\" \/>\n<meta property=\"article:modified_time\" content=\"2026-04-15T09:17:15+00:00\" \/>\n<meta property=\"og:image\" content=\"https:\/\/christinakosmeetika.ee\/wp-content\/uploads\/2021\/05\/ZAATAR-MASK-450.jpg\" \/>\n\t<meta property=\"og:image:width\" content=\"450\" \/>\n\t<meta property=\"og:image:height\" content=\"450\" \/>\n\t<meta property=\"og:image:type\" content=\"image\/jpeg\" \/>\n<meta name=\"twitter:card\" content=\"summary_large_image\" \/>\n<meta name=\"twitter:label1\" content=\"Est. reading time\" \/>\n\t<meta name=\"twitter:data1\" content=\"2 minutit\" \/>\n<script type=\"application\/ld+json\" class=\"yoast-schema-graph\">{\"@context\":\"https:\\\/\\\/schema.org\",\"@graph\":[{\"@type\":\"WebPage\",\"@id\":\"https:\\\/\\\/christinakosmeetika.ee\\\/et\\\/toode\\\/bio-phyto-zaatar-mask-et\\\/\",\"url\":\"https:\\\/\\\/christinakosmeetika.ee\\\/et\\\/toode\\\/bio-phyto-zaatar-mask-et\\\/\",\"name\":\"Bio Phyto Zaatar Mask | Taastav n\u00e4omask\",\"isPartOf\":{\"@id\":\"https:\\\/\\\/christinakosmeetika.ee\\\/#website\"},\"primaryImageOfPage\":{\"@id\":\"https:\\\/\\\/christinakosmeetika.ee\\\/et\\\/toode\\\/bio-phyto-zaatar-mask-et\\\/#primaryimage\"},\"image\":{\"@id\":\"https:\\\/\\\/christinakosmeetika.ee\\\/et\\\/toode\\\/bio-phyto-zaatar-mask-et\\\/#primaryimage\"},\"thumbnailUrl\":\"https:\\\/\\\/christinakosmeetika.ee\\\/wp-content\\\/uploads\\\/2021\\\/05\\\/ZAATAR-MASK-450.jpg\",\"datePublished\":\"2021-05-14T13:36:05+00:00\",\"dateModified\":\"2026-04-15T09:17:15+00:00\",\"description\":\"Kasutatakse agressiivsete kosmeetiliste protseduuride v\u00f5i keskkonna negatiivsete tegurite p\u00f5hjustatud kahjustuste leevendamiseks ja taastamiseks.\",\"breadcrumb\":{\"@id\":\"https:\\\/\\\/christinakosmeetika.ee\\\/et\\\/toode\\\/bio-phyto-zaatar-mask-et\\\/#breadcrumb\"},\"inLanguage\":\"et\",\"potentialAction\":[{\"@type\":\"ReadAction\",\"target\":[\"https:\\\/\\\/christinakosmeetika.ee\\\/et\\\/toode\\\/bio-phyto-zaatar-mask-et\\\/\"]}]},{\"@type\":\"ImageObject\",\"inLanguage\":\"et\",\"@id\":\"https:\\\/\\\/christinakosmeetika.ee\\\/et\\\/toode\\\/bio-phyto-zaatar-mask-et\\\/#primaryimage\",\"url\":\"https:\\\/\\\/christinakosmeetika.ee\\\/wp-content\\\/uploads\\\/2021\\\/05\\\/ZAATAR-MASK-450.jpg\",\"contentUrl\":\"https:\\\/\\\/christinakosmeetika.ee\\\/wp-content\\\/uploads\\\/2021\\\/05\\\/ZAATAR-MASK-450.jpg\",\"width\":450,\"height\":450,\"caption\":\"Bio Phyto Zaatar Mask\"},{\"@type\":\"BreadcrumbList\",\"@id\":\"https:\\\/\\\/christinakosmeetika.ee\\\/et\\\/toode\\\/bio-phyto-zaatar-mask-et\\\/#breadcrumb\",\"itemListElement\":[{\"@type\":\"ListItem\",\"position\":1,\"name\":\"\u0413\u043b\u0430\u0432\u043d\u0430\u044f \u0441\u0442\u0440\u0430\u043d\u0438\u0446\u0430\",\"item\":\"https:\\\/\\\/christinakosmeetika.ee\\\/et\\\/\"},{\"@type\":\"ListItem\",\"position\":2,\"name\":\"Pood\",\"item\":\"https:\\\/\\\/christinakosmeetika.ee\\\/et\\\/shop\\\/\"},{\"@type\":\"ListItem\",\"position\":3,\"name\":\"BIO PHYTO Zaatar Mask CHR565\"}]},{\"@type\":\"WebSite\",\"@id\":\"https:\\\/\\\/christinakosmeetika.ee\\\/#website\",\"url\":\"https:\\\/\\\/christinakosmeetika.ee\\\/\",\"name\":\"Christinakosmeetika\",\"description\":\"Christina kosmeetika Eestis\",\"alternateName\":\"Christina kosmeetika Eestis\",\"potentialAction\":[{\"@type\":\"SearchAction\",\"target\":{\"@type\":\"EntryPoint\",\"urlTemplate\":\"https:\\\/\\\/christinakosmeetika.ee\\\/?s={search_term_string}\"},\"query-input\":{\"@type\":\"PropertyValueSpecification\",\"valueRequired\":true,\"valueName\":\"search_term_string\"}}],\"inLanguage\":\"et\"}]}<\/script>\n<!-- \/ Yoast SEO plugin. -->","yoast_head_json":{"title":"Bio Phyto Zaatar Mask | Taastav n\u00e4omask","description":"Kasutatakse agressiivsete kosmeetiliste protseduuride v\u00f5i keskkonna negatiivsete tegurite p\u00f5hjustatud kahjustuste leevendamiseks ja taastamiseks.","robots":{"index":"index","follow":"follow","max-snippet":"max-snippet:-1","max-image-preview":"max-image-preview:large","max-video-preview":"max-video-preview:-1"},"canonical":"https:\/\/christinakosmeetika.ee\/et\/toode\/bio-phyto-zaatar-mask-et\/","og_locale":"et_EE","og_type":"article","og_title":"Bio Phyto Zaatar Mask | Taastav n\u00e4omask","og_description":"Kasutatakse agressiivsete kosmeetiliste protseduuride v\u00f5i keskkonna negatiivsete tegurite p\u00f5hjustatud kahjustuste leevendamiseks ja taastamiseks.","og_url":"https:\/\/christinakosmeetika.ee\/et\/toode\/bio-phyto-zaatar-mask-et\/","og_site_name":"Christinakosmeetika","article_modified_time":"2026-04-15T09:17:15+00:00","og_image":[{"width":450,"height":450,"url":"https:\/\/christinakosmeetika.ee\/wp-content\/uploads\/2021\/05\/ZAATAR-MASK-450.jpg","type":"image\/jpeg"}],"twitter_card":"summary_large_image","twitter_misc":{"Est. reading time":"2 minutit"},"schema":{"@context":"https:\/\/schema.org","@graph":[{"@type":"WebPage","@id":"https:\/\/christinakosmeetika.ee\/et\/toode\/bio-phyto-zaatar-mask-et\/","url":"https:\/\/christinakosmeetika.ee\/et\/toode\/bio-phyto-zaatar-mask-et\/","name":"Bio Phyto Zaatar Mask | Taastav n\u00e4omask","isPartOf":{"@id":"https:\/\/christinakosmeetika.ee\/#website"},"primaryImageOfPage":{"@id":"https:\/\/christinakosmeetika.ee\/et\/toode\/bio-phyto-zaatar-mask-et\/#primaryimage"},"image":{"@id":"https:\/\/christinakosmeetika.ee\/et\/toode\/bio-phyto-zaatar-mask-et\/#primaryimage"},"thumbnailUrl":"https:\/\/christinakosmeetika.ee\/wp-content\/uploads\/2021\/05\/ZAATAR-MASK-450.jpg","datePublished":"2021-05-14T13:36:05+00:00","dateModified":"2026-04-15T09:17:15+00:00","description":"Kasutatakse agressiivsete kosmeetiliste protseduuride v\u00f5i keskkonna negatiivsete tegurite p\u00f5hjustatud kahjustuste leevendamiseks ja taastamiseks.","breadcrumb":{"@id":"https:\/\/christinakosmeetika.ee\/et\/toode\/bio-phyto-zaatar-mask-et\/#breadcrumb"},"inLanguage":"et","potentialAction":[{"@type":"ReadAction","target":["https:\/\/christinakosmeetika.ee\/et\/toode\/bio-phyto-zaatar-mask-et\/"]}]},{"@type":"ImageObject","inLanguage":"et","@id":"https:\/\/christinakosmeetika.ee\/et\/toode\/bio-phyto-zaatar-mask-et\/#primaryimage","url":"https:\/\/christinakosmeetika.ee\/wp-content\/uploads\/2021\/05\/ZAATAR-MASK-450.jpg","contentUrl":"https:\/\/christinakosmeetika.ee\/wp-content\/uploads\/2021\/05\/ZAATAR-MASK-450.jpg","width":450,"height":450,"caption":"Bio Phyto Zaatar Mask"},{"@type":"BreadcrumbList","@id":"https:\/\/christinakosmeetika.ee\/et\/toode\/bio-phyto-zaatar-mask-et\/#breadcrumb","itemListElement":[{"@type":"ListItem","position":1,"name":"\u0413\u043b\u0430\u0432\u043d\u0430\u044f \u0441\u0442\u0440\u0430\u043d\u0438\u0446\u0430","item":"https:\/\/christinakosmeetika.ee\/et\/"},{"@type":"ListItem","position":2,"name":"Pood","item":"https:\/\/christinakosmeetika.ee\/et\/shop\/"},{"@type":"ListItem","position":3,"name":"BIO PHYTO Zaatar Mask CHR565"}]},{"@type":"WebSite","@id":"https:\/\/christinakosmeetika.ee\/#website","url":"https:\/\/christinakosmeetika.ee\/","name":"Christinakosmeetika","description":"Christina kosmeetika Eestis","alternateName":"Christina kosmeetika Eestis","potentialAction":[{"@type":"SearchAction","target":{"@type":"EntryPoint","urlTemplate":"https:\/\/christinakosmeetika.ee\/?s={search_term_string}"},"query-input":{"@type":"PropertyValueSpecification","valueRequired":true,"valueName":"search_term_string"}}],"inLanguage":"et"}]}},"_links":{"self":[{"href":"https:\/\/christinakosmeetika.ee\/et\/wp-json\/wp\/v2\/product\/1901","targetHints":{"allow":["GET"]}}],"collection":[{"href":"https:\/\/christinakosmeetika.ee\/et\/wp-json\/wp\/v2\/product"}],"about":[{"href":"https:\/\/christinakosmeetika.ee\/et\/wp-json\/wp\/v2\/types\/product"}],"wp:featuredmedia":[{"embeddable":true,"href":"https:\/\/christinakosmeetika.ee\/et\/wp-json\/wp\/v2\/media\/1565"}],"wp:attachment":[{"href":"https:\/\/christinakosmeetika.ee\/et\/wp-json\/wp\/v2\/media?parent=1901"}],"wp:term":[{"taxonomy":"product_brand","embeddable":true,"href":"https:\/\/christinakosmeetika.ee\/et\/wp-json\/wp\/v2\/product_brand?post=1901"},{"taxonomy":"product_cat","embeddable":true,"href":"https:\/\/christinakosmeetika.ee\/et\/wp-json\/wp\/v2\/product_cat?post=1901"},{"taxonomy":"product_tag","embeddable":true,"href":"https:\/\/christinakosmeetika.ee\/et\/wp-json\/wp\/v2\/product_tag?post=1901"}],"curies":[{"name":"wp","href":"https:\/\/api.w.org\/{rel}","templated":true}]}}