{"id":1898,"date":"2021-05-14T13:46:06","date_gmt":"2021-05-14T13:46:06","guid":{"rendered":"http:\/\/christinakosmeetika.ee\/product\/bio-phyto-zaatar-cream\/"},"modified":"2026-04-15T12:18:57","modified_gmt":"2026-04-15T09:18:57","slug":"bio-phyto-zaatar-cream-et","status":"publish","type":"product","link":"https:\/\/christinakosmeetika.ee\/et\/toode\/bio-phyto-zaatar-cream-et\/","title":{"rendered":"BIO PHYTO Zaatar Cream  CHR567"},"content":{"rendered":"<section class=\"av_textblock_section \">\n<div class=\"avia_textblock \">\n<section class=\"av_textblock_section \">\n<div class=\"avia_textblock \">\n<p>Christina Bio Phyto Zaatar kreem rahustab nahka ja leevendab \u00e4rrituse, s\u00fcgeluse ja p\u00f5letuse s\u00fcmptomeid t\u00e4nu taimsete ekstraktide ja tsinkoksiidi segule. Samuti omab see regenereerivat toimet, tugevdades ja toites nahka ning suurendades selle elastsust. Kreem aitab nahatooni \u00fchtlustada, tugevdab kapillaare ja suurendab naha immuunsust, kaitstes seda ebasoodsate keskkonnatingimuste eest.<\/p>\n<p>Retinool nanokapslites imendub kergesti ja omab kiiret noorendavat ja regenereerivat toimet. Lisaks tugevdab kreem nahka ja kaitseb seda k\u00fclma ja k\u00fclma tuule eest.<\/p>\n<\/div>\n<\/section>\n<section class=\"av_textblock_section \">\n<div class=\"avia_textblock \">\n<p><strong>Kasutamine:\u00a0<\/strong><\/p>\n<p>Kanda 1 ml kreemi n\u00e4o, kaela, dekoltee nahale, v\u00e4ltides silma\u00fcmbritseva tsooni.<\/p>\n<\/div>\n<\/section>\n<section class=\"av_textblock_section \">\n<div class=\"avia_textblock \">\n<p><strong>Koostis:<\/strong><\/p>\n<p>Deionized water (Aqua), Cetearyl Ethylhexanoate&amp;, Isopropyl Myristate, Glycerin, Zinc Oxide, Octyldodecanol&amp;, Octyldodecyl Xyloside&amp;, PEG-30 Dipolyhydroxystearate, Polyacrylate-13&amp;, Sorbitan Isostearate&amp;, Polysorbate 20&amp;, Polyisobutene, Olea Europaea (Olive) Fruit Extract, Beeswax (Cera Alba), Castor Isostearate Succinate&amp;, Hydrogenated Castor Oil, Ethylhexylglycerin&amp;, Phenoxyethanol, Magnesium Sulfate, Tocopheryl Acetate, Origanum Majorana Leaf Extract&amp;, Potassium Sorbate&amp;, Sodium Benzoate&amp;, Citric Acid, Caprylyl Glycol, chlorophyllin-copper complex&amp;, SD Alcohol 40, Thymus Vulgaris (Thyme) Flower\/Leaf Oil, Chlorphenesin, Echinacea Purpurea Root Extract, Cetraria Islandica (Lichen) Extract&amp;, Butylene Glycol, Dimethyl Isosorbide&amp;, Hydroxypinacolone Retinoate.<\/p>\n<hr \/>\n<p><img loading=\"lazy\" decoding=\"async\" class=\"wp-image-10298 size-medium alignleft\" src=\"https:\/\/christinakosmeetika.ee\/wp-content\/uploads\/2021\/05\/file_00000000df40720a8fc677eb9ee4f9a6-1-200x300.png\" alt=\"\" width=\"200\" height=\"300\" \/><\/p>\n<div class=\"av-special-heading av-mjikvpan-43b91ba3508df5464a785f098f235ca5 av-special-heading-h3 avia-builder-el-15 el_before_av_textblock avia-builder-el-first \">\n<h3 class=\"av-special-heading-tag \"><a href=\"https:\/\/christinakosmeetika.ee\/et\/kreem-tundlikule-ja-reaktiivsele-nahale\/?lang=et\">Kuidas Bio Phyto Zaatar Cream toimib<\/a><\/h3>\n<p>&nbsp;<\/p>\n<p data-start=\"42\" data-end=\"269\">On hetki, mil nahaga ei saa eksperimenteerida.<br data-start=\"88\" data-end=\"91\" \/>See v\u00f5ib olla \u00e4rritunud ja tundlik \u2014<br data-start=\"127\" data-end=\"130\" \/>ning samal ajal n\u00e4ida v\u00e4sinud ja tuhmina.<br data-start=\"171\" data-end=\"174\" \/>Tavaliselt on sellistel perioodidel soovitus \u00fcks:<br data-start=\"223\" data-end=\"226\" \/>mitte midagi aktiivset, ainult rahustamine.<\/p>\n<p data-start=\"271\" data-end=\"352\">Aga mida teha siis, kui nahk vajab korraga<br data-start=\"313\" data-end=\"316\" \/>nii rahustamist<br data-start=\"331\" data-end=\"334\" \/>kui ka taastumist?<\/p>\n<p data-start=\"354\" data-end=\"421\">\ud83d\udc49 M\u00f5nikord on lahendus olemas \u2014 lihtsalt sellest r\u00e4\u00e4gitakse harva.<\/p>\n<\/div>\n<section class=\"av_textblock_section av-mjil3cty-8a9171bbe6afe9fca233c9c40eed73de \">\n<div class=\"avia_textblock\"><a href=\"https:\/\/christinakosmeetika.ee\/et\/kreem-tundlikule-ja-reaktiivsele-nahale\/?lang=et\">Loe edasi\u2026<\/a><\/div>\n<\/section>\n<\/div>\n<\/section>\n<\/div>\n<\/section>\n<p>&nbsp;<\/p>\n","protected":false},"excerpt":{"rendered":"<h4>N\u00e4okreem Zaatar<\/h4>\n","protected":false},"featured_media":1566,"template":"","meta":[],"product_brand":[],"product_cat":[481,149],"product_tag":[],"class_list":{"0":"post-1898","1":"product","2":"type-product","3":"status-publish","4":"has-post-thumbnail","6":"product_cat-biophyto-et","7":"product_cat-kreem","8":"product_shipping_class-smart-itella-post","9":"pa_linii-kosmetiki-bio-phyto-et","10":"pa_reshenie-problem-kuperoz","11":"pa_reshenie-problem-naha-taastamine","12":"pa_tip-kozi-koik-nahatuubid-et","13":"pa_tip-kozi-kombi-et","14":"pa_tip-kozi-kuiv-et","15":"pa_tip-kozi-normaalne-et","16":"pa_tip-kozi-rasvane-et","17":"pa_tip-preparata-kreem","18":"pa_vremja-primenenija-oine","19":"pa_vremja-primenenija-paevane","21":"first","22":"instock","23":"taxable","24":"shipping-taxable","25":"purchasable","26":"product-type-simple"},"yoast_head":"<!-- This site is optimized with the Yoast SEO plugin v27.5 - https:\/\/yoast.com\/product\/yoast-seo-wordpress\/ -->\n<title>BIO PHYTO Zaatar Cream CHR567 - Christinakosmeetika<\/title>\n<meta name=\"description\" content=\"Kreem rahustab nahka koheselt ning leevendab \u00e4rrituse, s\u00fcgeluse ja p\u00f5letustunde s\u00fcmptomeid. Samuti omab see taastavat toimet, tugevdades ja toites nahka.\" \/>\n<meta name=\"robots\" content=\"index, follow, max-snippet:-1, max-image-preview:large, max-video-preview:-1\" \/>\n<link rel=\"canonical\" href=\"https:\/\/christinakosmeetika.ee\/et\/toode\/bio-phyto-zaatar-cream-et\/\" \/>\n<meta property=\"og:locale\" content=\"et_EE\" \/>\n<meta property=\"og:type\" content=\"article\" \/>\n<meta property=\"og:title\" content=\"BIO PHYTO Zaatar Cream CHR567 - Christinakosmeetika\" \/>\n<meta property=\"og:description\" content=\"Kreem rahustab nahka koheselt ning leevendab \u00e4rrituse, s\u00fcgeluse ja p\u00f5letustunde s\u00fcmptomeid. Samuti omab see taastavat toimet, tugevdades ja toites nahka.\" \/>\n<meta property=\"og:url\" content=\"https:\/\/christinakosmeetika.ee\/et\/toode\/bio-phyto-zaatar-cream-et\/\" \/>\n<meta property=\"og:site_name\" content=\"Christinakosmeetika\" \/>\n<meta property=\"article:modified_time\" content=\"2026-04-15T09:18:57+00:00\" \/>\n<meta property=\"og:image\" content=\"https:\/\/christinakosmeetika.ee\/wp-content\/uploads\/2021\/05\/Zaatar-Cream-450.jpg\" \/>\n\t<meta property=\"og:image:width\" content=\"450\" \/>\n\t<meta property=\"og:image:height\" content=\"450\" \/>\n\t<meta property=\"og:image:type\" content=\"image\/jpeg\" \/>\n<meta name=\"twitter:card\" content=\"summary_large_image\" \/>\n<meta name=\"twitter:label1\" content=\"Est. reading time\" \/>\n\t<meta name=\"twitter:data1\" content=\"2 minutit\" \/>\n<script type=\"application\/ld+json\" class=\"yoast-schema-graph\">{\"@context\":\"https:\\\/\\\/schema.org\",\"@graph\":[{\"@type\":\"WebPage\",\"@id\":\"https:\\\/\\\/christinakosmeetika.ee\\\/et\\\/toode\\\/bio-phyto-zaatar-cream-et\\\/\",\"url\":\"https:\\\/\\\/christinakosmeetika.ee\\\/et\\\/toode\\\/bio-phyto-zaatar-cream-et\\\/\",\"name\":\"BIO PHYTO Zaatar Cream CHR567 - Christinakosmeetika\",\"isPartOf\":{\"@id\":\"https:\\\/\\\/christinakosmeetika.ee\\\/#website\"},\"primaryImageOfPage\":{\"@id\":\"https:\\\/\\\/christinakosmeetika.ee\\\/et\\\/toode\\\/bio-phyto-zaatar-cream-et\\\/#primaryimage\"},\"image\":{\"@id\":\"https:\\\/\\\/christinakosmeetika.ee\\\/et\\\/toode\\\/bio-phyto-zaatar-cream-et\\\/#primaryimage\"},\"thumbnailUrl\":\"https:\\\/\\\/christinakosmeetika.ee\\\/wp-content\\\/uploads\\\/2021\\\/05\\\/Zaatar-Cream-450.jpg\",\"datePublished\":\"2021-05-14T13:46:06+00:00\",\"dateModified\":\"2026-04-15T09:18:57+00:00\",\"description\":\"Kreem rahustab nahka koheselt ning leevendab \u00e4rrituse, s\u00fcgeluse ja p\u00f5letustunde s\u00fcmptomeid. Samuti omab see taastavat toimet, tugevdades ja toites nahka.\",\"breadcrumb\":{\"@id\":\"https:\\\/\\\/christinakosmeetika.ee\\\/et\\\/toode\\\/bio-phyto-zaatar-cream-et\\\/#breadcrumb\"},\"inLanguage\":\"et\",\"potentialAction\":[{\"@type\":\"ReadAction\",\"target\":[\"https:\\\/\\\/christinakosmeetika.ee\\\/et\\\/toode\\\/bio-phyto-zaatar-cream-et\\\/\"]}]},{\"@type\":\"ImageObject\",\"inLanguage\":\"et\",\"@id\":\"https:\\\/\\\/christinakosmeetika.ee\\\/et\\\/toode\\\/bio-phyto-zaatar-cream-et\\\/#primaryimage\",\"url\":\"https:\\\/\\\/christinakosmeetika.ee\\\/wp-content\\\/uploads\\\/2021\\\/05\\\/Zaatar-Cream-450.jpg\",\"contentUrl\":\"https:\\\/\\\/christinakosmeetika.ee\\\/wp-content\\\/uploads\\\/2021\\\/05\\\/Zaatar-Cream-450.jpg\",\"width\":450,\"height\":450,\"caption\":\"Bio Phyto Zaatar Cream\"},{\"@type\":\"BreadcrumbList\",\"@id\":\"https:\\\/\\\/christinakosmeetika.ee\\\/et\\\/toode\\\/bio-phyto-zaatar-cream-et\\\/#breadcrumb\",\"itemListElement\":[{\"@type\":\"ListItem\",\"position\":1,\"name\":\"\u0413\u043b\u0430\u0432\u043d\u0430\u044f \u0441\u0442\u0440\u0430\u043d\u0438\u0446\u0430\",\"item\":\"https:\\\/\\\/christinakosmeetika.ee\\\/et\\\/\"},{\"@type\":\"ListItem\",\"position\":2,\"name\":\"Pood\",\"item\":\"https:\\\/\\\/christinakosmeetika.ee\\\/et\\\/shop\\\/\"},{\"@type\":\"ListItem\",\"position\":3,\"name\":\"BIO PHYTO Zaatar Cream CHR567\"}]},{\"@type\":\"WebSite\",\"@id\":\"https:\\\/\\\/christinakosmeetika.ee\\\/#website\",\"url\":\"https:\\\/\\\/christinakosmeetika.ee\\\/\",\"name\":\"Christinakosmeetika\",\"description\":\"Christina kosmeetika Eestis\",\"alternateName\":\"Christina kosmeetika Eestis\",\"potentialAction\":[{\"@type\":\"SearchAction\",\"target\":{\"@type\":\"EntryPoint\",\"urlTemplate\":\"https:\\\/\\\/christinakosmeetika.ee\\\/?s={search_term_string}\"},\"query-input\":{\"@type\":\"PropertyValueSpecification\",\"valueRequired\":true,\"valueName\":\"search_term_string\"}}],\"inLanguage\":\"et\"}]}<\/script>\n<!-- \/ Yoast SEO plugin. -->","yoast_head_json":{"title":"BIO PHYTO Zaatar Cream CHR567 - Christinakosmeetika","description":"Kreem rahustab nahka koheselt ning leevendab \u00e4rrituse, s\u00fcgeluse ja p\u00f5letustunde s\u00fcmptomeid. Samuti omab see taastavat toimet, tugevdades ja toites nahka.","robots":{"index":"index","follow":"follow","max-snippet":"max-snippet:-1","max-image-preview":"max-image-preview:large","max-video-preview":"max-video-preview:-1"},"canonical":"https:\/\/christinakosmeetika.ee\/et\/toode\/bio-phyto-zaatar-cream-et\/","og_locale":"et_EE","og_type":"article","og_title":"BIO PHYTO Zaatar Cream CHR567 - Christinakosmeetika","og_description":"Kreem rahustab nahka koheselt ning leevendab \u00e4rrituse, s\u00fcgeluse ja p\u00f5letustunde s\u00fcmptomeid. Samuti omab see taastavat toimet, tugevdades ja toites nahka.","og_url":"https:\/\/christinakosmeetika.ee\/et\/toode\/bio-phyto-zaatar-cream-et\/","og_site_name":"Christinakosmeetika","article_modified_time":"2026-04-15T09:18:57+00:00","og_image":[{"width":450,"height":450,"url":"https:\/\/christinakosmeetika.ee\/wp-content\/uploads\/2021\/05\/Zaatar-Cream-450.jpg","type":"image\/jpeg"}],"twitter_card":"summary_large_image","twitter_misc":{"Est. reading time":"2 minutit"},"schema":{"@context":"https:\/\/schema.org","@graph":[{"@type":"WebPage","@id":"https:\/\/christinakosmeetika.ee\/et\/toode\/bio-phyto-zaatar-cream-et\/","url":"https:\/\/christinakosmeetika.ee\/et\/toode\/bio-phyto-zaatar-cream-et\/","name":"BIO PHYTO Zaatar Cream CHR567 - Christinakosmeetika","isPartOf":{"@id":"https:\/\/christinakosmeetika.ee\/#website"},"primaryImageOfPage":{"@id":"https:\/\/christinakosmeetika.ee\/et\/toode\/bio-phyto-zaatar-cream-et\/#primaryimage"},"image":{"@id":"https:\/\/christinakosmeetika.ee\/et\/toode\/bio-phyto-zaatar-cream-et\/#primaryimage"},"thumbnailUrl":"https:\/\/christinakosmeetika.ee\/wp-content\/uploads\/2021\/05\/Zaatar-Cream-450.jpg","datePublished":"2021-05-14T13:46:06+00:00","dateModified":"2026-04-15T09:18:57+00:00","description":"Kreem rahustab nahka koheselt ning leevendab \u00e4rrituse, s\u00fcgeluse ja p\u00f5letustunde s\u00fcmptomeid. Samuti omab see taastavat toimet, tugevdades ja toites nahka.","breadcrumb":{"@id":"https:\/\/christinakosmeetika.ee\/et\/toode\/bio-phyto-zaatar-cream-et\/#breadcrumb"},"inLanguage":"et","potentialAction":[{"@type":"ReadAction","target":["https:\/\/christinakosmeetika.ee\/et\/toode\/bio-phyto-zaatar-cream-et\/"]}]},{"@type":"ImageObject","inLanguage":"et","@id":"https:\/\/christinakosmeetika.ee\/et\/toode\/bio-phyto-zaatar-cream-et\/#primaryimage","url":"https:\/\/christinakosmeetika.ee\/wp-content\/uploads\/2021\/05\/Zaatar-Cream-450.jpg","contentUrl":"https:\/\/christinakosmeetika.ee\/wp-content\/uploads\/2021\/05\/Zaatar-Cream-450.jpg","width":450,"height":450,"caption":"Bio Phyto Zaatar Cream"},{"@type":"BreadcrumbList","@id":"https:\/\/christinakosmeetika.ee\/et\/toode\/bio-phyto-zaatar-cream-et\/#breadcrumb","itemListElement":[{"@type":"ListItem","position":1,"name":"\u0413\u043b\u0430\u0432\u043d\u0430\u044f \u0441\u0442\u0440\u0430\u043d\u0438\u0446\u0430","item":"https:\/\/christinakosmeetika.ee\/et\/"},{"@type":"ListItem","position":2,"name":"Pood","item":"https:\/\/christinakosmeetika.ee\/et\/shop\/"},{"@type":"ListItem","position":3,"name":"BIO PHYTO Zaatar Cream CHR567"}]},{"@type":"WebSite","@id":"https:\/\/christinakosmeetika.ee\/#website","url":"https:\/\/christinakosmeetika.ee\/","name":"Christinakosmeetika","description":"Christina kosmeetika Eestis","alternateName":"Christina kosmeetika Eestis","potentialAction":[{"@type":"SearchAction","target":{"@type":"EntryPoint","urlTemplate":"https:\/\/christinakosmeetika.ee\/?s={search_term_string}"},"query-input":{"@type":"PropertyValueSpecification","valueRequired":true,"valueName":"search_term_string"}}],"inLanguage":"et"}]}},"_links":{"self":[{"href":"https:\/\/christinakosmeetika.ee\/et\/wp-json\/wp\/v2\/product\/1898","targetHints":{"allow":["GET"]}}],"collection":[{"href":"https:\/\/christinakosmeetika.ee\/et\/wp-json\/wp\/v2\/product"}],"about":[{"href":"https:\/\/christinakosmeetika.ee\/et\/wp-json\/wp\/v2\/types\/product"}],"wp:featuredmedia":[{"embeddable":true,"href":"https:\/\/christinakosmeetika.ee\/et\/wp-json\/wp\/v2\/media\/1566"}],"wp:attachment":[{"href":"https:\/\/christinakosmeetika.ee\/et\/wp-json\/wp\/v2\/media?parent=1898"}],"wp:term":[{"taxonomy":"product_brand","embeddable":true,"href":"https:\/\/christinakosmeetika.ee\/et\/wp-json\/wp\/v2\/product_brand?post=1898"},{"taxonomy":"product_cat","embeddable":true,"href":"https:\/\/christinakosmeetika.ee\/et\/wp-json\/wp\/v2\/product_cat?post=1898"},{"taxonomy":"product_tag","embeddable":true,"href":"https:\/\/christinakosmeetika.ee\/et\/wp-json\/wp\/v2\/product_tag?post=1898"}],"curies":[{"name":"wp","href":"https:\/\/api.w.org\/{rel}","templated":true}]}}