{"id":1895,"date":"2021-05-14T17:44:52","date_gmt":"2021-05-14T17:44:52","guid":{"rendered":"http:\/\/christinakosmeetika.ee\/product\/bio-phyto-seb-adjustor-mask\/"},"modified":"2026-04-15T12:21:11","modified_gmt":"2026-04-15T09:21:11","slug":"bio-phyto-seb-adjustor-mask-et","status":"publish","type":"product","link":"https:\/\/christinakosmeetika.ee\/et\/toode\/bio-phyto-seb-adjustor-mask-et\/","title":{"rendered":"BIO PHYTO Seb-Adjustor Mask CHR571"},"content":{"rendered":"<section class=\"av_textblock_section \">\n<div class=\"avia_textblock \">\n<section class=\"av_textblock_section \">\n<div class=\"avia_textblock \">\n<p data-start=\"408\" data-end=\"602\"><strong>Christina Bio Phyto Seb-Adjustor Mask<\/strong> on n\u00e4omask, mis on loodud rasuse ja kombineeritud naha hoolduseks. Mask aitab reguleerida rasueritust, puhastada poore ning parandada naha \u00fcldist tekstuuri.<\/p>\n<p data-start=\"604\" data-end=\"793\">Kaoliin ja tsinkoksiid aitavad \u00f5rnalt puhastada nahka ja v\u00e4hendada liigset rasu, j\u00e4ttes naha matima v\u00e4limusega. V\u00e4\u00e4vel ja salits\u00fc\u00fclhape aitavad puhastada poore ning toetavad naha tasakaalu.<\/p>\n<p data-start=\"795\" data-end=\"972\">H\u00fcdrol\u00fc\u00fcsitud p\u00e4rmivalgud aitavad v\u00e4hendada naha l\u00e4iget ja parandada naha \u00fcldist seisundit. Niatsiinamiid ja pantenool aitavad nahka rahustada ning toetavad naha kaitsebarj\u00e4\u00e4ri.<\/p>\n<p data-start=\"974\" data-end=\"1073\">Regulaarse kasutamise korral muutub nahk puhtamaks, poorid v\u00e4hem m\u00e4rgatavaks ja naha l\u00e4ige v\u00e4heneb.<\/p>\n<hr data-start=\"1075\" data-end=\"1078\" \/>\n<h2 data-section-id=\"1rxt5mb\" data-start=\"1080\" data-end=\"1093\">Kasutamine<\/h2>\n<p data-start=\"1095\" data-end=\"1221\">Kanna mask puhastatud n\u00e4onahale, v\u00e4ltides silma\u00fcmbruse piirkonda.<br data-start=\"1160\" data-end=\"1163\" \/>J\u00e4ta m\u00f5juma 15\u201320 minutiks ja loputa seej\u00e4rel sooja veega.<\/p>\n<p data-start=\"1223\" data-end=\"1275\">Kasuta 1\u20132 korda n\u00e4dalas p\u00e4rast naha s\u00fcgavpuhastust.<\/p>\n<\/div>\n<\/section>\n<section class=\"av_textblock_section \">\n<div class=\"avia_textblock \">\n<p><strong>Koostis:<\/strong><\/p>\n<p><span class=\"fontstyle0\">Deionized water (Aqua), Kaolin, Cetyl Alcohol, Zinc Oxide, Glyceryl Stearate, SD Alcohol 40, Glycerin, Cetearyl Ethylhexanoate&amp;, Isopropyl Myristate, Titanium Dioxide, Sodium Myristyl Sulfate, PEG-40 Stearate, Sulfur&amp;, Polysorbate 80, Ethylhexylglycerin&amp;, Phenoxyethanol, PVP, Camphor, Allantoin&amp;, Biotin&amp;, Butylene Glycol&amp;, Fomes Officinalis (MUSHROOM) Extract&amp;, Hydrolyzed Yeast Protein&amp;, Niacinamide&amp;, Panthenol&amp;, Pyridoxine&amp;,\u00a0<\/span>Threonine, Sorbitan Tristearate, Rosin, Salicylic Acid, Caprylyl Glycol, Chlorphenesin, Triclosan.<\/p>\n<hr \/>\n<h3 data-start=\"0\" data-end=\"41\"><img loading=\"lazy\" decoding=\"async\" class=\"size-medium wp-image-10883 alignleft\" src=\"https:\/\/christinakosmeetika.ee\/wp-content\/uploads\/2025\/12\/Bio-Phyto-Seb-Adjustor-Mask-200x300.png\" alt=\"\" width=\"200\" height=\"300\" srcset=\"https:\/\/christinakosmeetika.ee\/wp-content\/uploads\/2025\/12\/Bio-Phyto-Seb-Adjustor-Mask-200x300.png 200w, https:\/\/christinakosmeetika.ee\/wp-content\/uploads\/2025\/12\/Bio-Phyto-Seb-Adjustor-Mask-600x900.png 600w, https:\/\/christinakosmeetika.ee\/wp-content\/uploads\/2025\/12\/Bio-Phyto-Seb-Adjustor-Mask-64x96.png 64w, https:\/\/christinakosmeetika.ee\/wp-content\/uploads\/2025\/12\/Bio-Phyto-Seb-Adjustor-Mask-687x1030.png 687w, https:\/\/christinakosmeetika.ee\/wp-content\/uploads\/2025\/12\/Bio-Phyto-Seb-Adjustor-Mask-768x1152.png 768w, https:\/\/christinakosmeetika.ee\/wp-content\/uploads\/2025\/12\/Bio-Phyto-Seb-Adjustor-Mask-1000x1500.png 1000w, https:\/\/christinakosmeetika.ee\/wp-content\/uploads\/2025\/12\/Bio-Phyto-Seb-Adjustor-Mask-470x705.png 470w, https:\/\/christinakosmeetika.ee\/wp-content\/uploads\/2025\/12\/Bio-Phyto-Seb-Adjustor-Mask-450x675.png 450w, https:\/\/christinakosmeetika.ee\/wp-content\/uploads\/2025\/12\/Bio-Phyto-Seb-Adjustor-Mask.png 1024w\" sizes=\"auto, (max-width: 200px) 100vw, 200px\" \/><\/h3>\n<h2 data-section-id=\"2mbq5o\" data-start=\"1282\" data-end=\"1329\"><a href=\"https:\/\/christinakosmeetika.ee\/et\/mask-rasusele-ja-probleemsele-naonahale\/?lang=et\">Kuidas toimib rasueritust tasakaalustav mask<\/a><\/h2>\n<p data-start=\"1331\" data-end=\"1430\">Rasune ja kombineeritud nahk v\u00f5ib sageli olla seotud liigse l\u00e4ike, laienenud pooride ja p\u00f5letikega.<\/p>\n<p data-start=\"1432\" data-end=\"1567\">Sellisel juhul ei pruugi ainult puhastamisest piisata \u2014 nahk vajab hooldust, mis aitab reguleerida rasueritust ja hoida poorid puhtana.<\/p>\n<p data-start=\"1569\" data-end=\"1699\">Bio Phyto Seb-Adjustor Mask aitab v\u00e4hendada naha rasusust, puhastada poore ja muuta naha v\u00e4limuse matimaks ilma nahka kuivatamata.<\/p>\n<p data-start=\"1701\" data-end=\"1805\" data-is-last-node=\"\" data-is-only-node=\"\"><a href=\"https:\/\/christinakosmeetika.ee\/et\/mask-rasusele-ja-probleemsele-naonahale\/?lang=et\">\ud83d\udc49 <strong data-start=\"1704\" data-end=\"1805\" data-is-last-node=\"\">Kuidas rasueritust tasakaalustav mask aitab v\u00e4hendada naha l\u00e4iget ja puhastada poore \u2014 loe edasi\u2026<\/strong><\/a><\/p>\n<\/div>\n<\/section>\n<\/div>\n<\/section>\n","protected":false},"excerpt":{"rendered":"<h2>Rasueritust tasakaalustav n\u00e4omask Bio Phyto Seb-Adjustor Mask<\/h2>\n<p data-start=\"158\" data-end=\"193\"><strong>Aitab j\u00e4rgmiste probleemide korral:<\/strong><\/p>\n<p data-start=\"195\" data-end=\"308\">\u2022 liigne rasueritus<br data-start=\"214\" data-end=\"217\" \/>\u2022 naha l\u00e4ige<br data-start=\"229\" data-end=\"232\" \/>\u2022 laienenud poorid<br data-start=\"250\" data-end=\"253\" \/>\u2022 p\u00f5letikud ja vistrikud<br data-start=\"277\" data-end=\"280\" \/>\u2022 eba\u00fchtlane naha tekstuur<\/p>\n","protected":false},"featured_media":1567,"template":"","meta":[],"product_brand":[],"product_cat":[481,150],"product_tag":[],"class_list":{"0":"post-1895","1":"product","2":"type-product","3":"status-publish","4":"has-post-thumbnail","6":"product_cat-biophyto-et","7":"product_cat-mask-et","8":"product_shipping_class-smart-itella-post","9":"pa_linii-kosmetiki-bio-phyto-et","10":"pa_reshenie-problem-ebauhtlane-nahatekstuur","11":"pa_reshenie-problem-laienenud-poorid","12":"pa_reshenie-problem-chernye-tochki","13":"pa_reshenie-problem-oline-laige","14":"pa_tip-kozi-kombi-et","15":"pa_tip-kozi-rasvane-et","16":"pa_tip-preparata-mask-et","17":"pa_vremja-primenenija-oine","18":"pa_vremja-primenenija-paevane","20":"first","21":"instock","22":"taxable","23":"shipping-taxable","24":"purchasable","25":"product-type-simple"},"yoast_head":"<!-- This site is optimized with the Yoast SEO plugin v27.5 - https:\/\/yoast.com\/product\/yoast-seo-wordpress\/ -->\n<title>Rasueritust tasakaalustav mask | Bio Phyto Seb-Adjustor Mask<\/title>\n<meta name=\"description\" content=\"Puhastab nahka t\u00f5husalt, eemaldab liigse rasu, ahendab poore ning avaldab keratol\u00fc\u00fctilist ja p\u00f5letikuvastast toimet.\" \/>\n<meta name=\"robots\" content=\"index, follow, max-snippet:-1, max-image-preview:large, max-video-preview:-1\" \/>\n<link rel=\"canonical\" href=\"https:\/\/christinakosmeetika.ee\/et\/toode\/bio-phyto-seb-adjustor-mask-et\/\" \/>\n<meta property=\"og:locale\" content=\"et_EE\" \/>\n<meta property=\"og:type\" content=\"article\" \/>\n<meta property=\"og:title\" content=\"Rasueritust tasakaalustav mask | Bio Phyto Seb-Adjustor Mask\" \/>\n<meta property=\"og:description\" content=\"Puhastab nahka t\u00f5husalt, eemaldab liigse rasu, ahendab poore ning avaldab keratol\u00fc\u00fctilist ja p\u00f5letikuvastast toimet.\" \/>\n<meta property=\"og:url\" content=\"https:\/\/christinakosmeetika.ee\/et\/toode\/bio-phyto-seb-adjustor-mask-et\/\" \/>\n<meta property=\"og:site_name\" content=\"Christinakosmeetika\" \/>\n<meta property=\"article:modified_time\" content=\"2026-04-15T09:21:11+00:00\" \/>\n<meta property=\"og:image\" content=\"https:\/\/christinakosmeetika.ee\/wp-content\/uploads\/2021\/05\/Seb-Adjustor-Mask-450.jpg\" \/>\n\t<meta property=\"og:image:width\" content=\"450\" \/>\n\t<meta property=\"og:image:height\" content=\"450\" \/>\n\t<meta property=\"og:image:type\" content=\"image\/jpeg\" \/>\n<meta name=\"twitter:card\" content=\"summary_large_image\" \/>\n<meta name=\"twitter:label1\" content=\"Est. reading time\" \/>\n\t<meta name=\"twitter:data1\" content=\"2 minutit\" \/>\n<script type=\"application\/ld+json\" class=\"yoast-schema-graph\">{\"@context\":\"https:\\\/\\\/schema.org\",\"@graph\":[{\"@type\":\"WebPage\",\"@id\":\"https:\\\/\\\/christinakosmeetika.ee\\\/et\\\/toode\\\/bio-phyto-seb-adjustor-mask-et\\\/\",\"url\":\"https:\\\/\\\/christinakosmeetika.ee\\\/et\\\/toode\\\/bio-phyto-seb-adjustor-mask-et\\\/\",\"name\":\"Rasueritust tasakaalustav mask | Bio Phyto Seb-Adjustor Mask\",\"isPartOf\":{\"@id\":\"https:\\\/\\\/christinakosmeetika.ee\\\/#website\"},\"primaryImageOfPage\":{\"@id\":\"https:\\\/\\\/christinakosmeetika.ee\\\/et\\\/toode\\\/bio-phyto-seb-adjustor-mask-et\\\/#primaryimage\"},\"image\":{\"@id\":\"https:\\\/\\\/christinakosmeetika.ee\\\/et\\\/toode\\\/bio-phyto-seb-adjustor-mask-et\\\/#primaryimage\"},\"thumbnailUrl\":\"https:\\\/\\\/christinakosmeetika.ee\\\/wp-content\\\/uploads\\\/2021\\\/05\\\/Seb-Adjustor-Mask-450.jpg\",\"datePublished\":\"2021-05-14T17:44:52+00:00\",\"dateModified\":\"2026-04-15T09:21:11+00:00\",\"description\":\"Puhastab nahka t\u00f5husalt, eemaldab liigse rasu, ahendab poore ning avaldab keratol\u00fc\u00fctilist ja p\u00f5letikuvastast toimet.\",\"breadcrumb\":{\"@id\":\"https:\\\/\\\/christinakosmeetika.ee\\\/et\\\/toode\\\/bio-phyto-seb-adjustor-mask-et\\\/#breadcrumb\"},\"inLanguage\":\"et\",\"potentialAction\":[{\"@type\":\"ReadAction\",\"target\":[\"https:\\\/\\\/christinakosmeetika.ee\\\/et\\\/toode\\\/bio-phyto-seb-adjustor-mask-et\\\/\"]}]},{\"@type\":\"ImageObject\",\"inLanguage\":\"et\",\"@id\":\"https:\\\/\\\/christinakosmeetika.ee\\\/et\\\/toode\\\/bio-phyto-seb-adjustor-mask-et\\\/#primaryimage\",\"url\":\"https:\\\/\\\/christinakosmeetika.ee\\\/wp-content\\\/uploads\\\/2021\\\/05\\\/Seb-Adjustor-Mask-450.jpg\",\"contentUrl\":\"https:\\\/\\\/christinakosmeetika.ee\\\/wp-content\\\/uploads\\\/2021\\\/05\\\/Seb-Adjustor-Mask-450.jpg\",\"width\":450,\"height\":450,\"caption\":\"Bio Phyto Seb-Adjustor Mask\"},{\"@type\":\"BreadcrumbList\",\"@id\":\"https:\\\/\\\/christinakosmeetika.ee\\\/et\\\/toode\\\/bio-phyto-seb-adjustor-mask-et\\\/#breadcrumb\",\"itemListElement\":[{\"@type\":\"ListItem\",\"position\":1,\"name\":\"\u0413\u043b\u0430\u0432\u043d\u0430\u044f \u0441\u0442\u0440\u0430\u043d\u0438\u0446\u0430\",\"item\":\"https:\\\/\\\/christinakosmeetika.ee\\\/et\\\/\"},{\"@type\":\"ListItem\",\"position\":2,\"name\":\"Pood\",\"item\":\"https:\\\/\\\/christinakosmeetika.ee\\\/et\\\/shop\\\/\"},{\"@type\":\"ListItem\",\"position\":3,\"name\":\"BIO PHYTO Seb-Adjustor Mask CHR571\"}]},{\"@type\":\"WebSite\",\"@id\":\"https:\\\/\\\/christinakosmeetika.ee\\\/#website\",\"url\":\"https:\\\/\\\/christinakosmeetika.ee\\\/\",\"name\":\"Christinakosmeetika\",\"description\":\"Christina kosmeetika Eestis\",\"alternateName\":\"Christina kosmeetika Eestis\",\"potentialAction\":[{\"@type\":\"SearchAction\",\"target\":{\"@type\":\"EntryPoint\",\"urlTemplate\":\"https:\\\/\\\/christinakosmeetika.ee\\\/?s={search_term_string}\"},\"query-input\":{\"@type\":\"PropertyValueSpecification\",\"valueRequired\":true,\"valueName\":\"search_term_string\"}}],\"inLanguage\":\"et\"}]}<\/script>\n<!-- \/ Yoast SEO plugin. -->","yoast_head_json":{"title":"Rasueritust tasakaalustav mask | Bio Phyto Seb-Adjustor Mask","description":"Puhastab nahka t\u00f5husalt, eemaldab liigse rasu, ahendab poore ning avaldab keratol\u00fc\u00fctilist ja p\u00f5letikuvastast toimet.","robots":{"index":"index","follow":"follow","max-snippet":"max-snippet:-1","max-image-preview":"max-image-preview:large","max-video-preview":"max-video-preview:-1"},"canonical":"https:\/\/christinakosmeetika.ee\/et\/toode\/bio-phyto-seb-adjustor-mask-et\/","og_locale":"et_EE","og_type":"article","og_title":"Rasueritust tasakaalustav mask | Bio Phyto Seb-Adjustor Mask","og_description":"Puhastab nahka t\u00f5husalt, eemaldab liigse rasu, ahendab poore ning avaldab keratol\u00fc\u00fctilist ja p\u00f5letikuvastast toimet.","og_url":"https:\/\/christinakosmeetika.ee\/et\/toode\/bio-phyto-seb-adjustor-mask-et\/","og_site_name":"Christinakosmeetika","article_modified_time":"2026-04-15T09:21:11+00:00","og_image":[{"width":450,"height":450,"url":"https:\/\/christinakosmeetika.ee\/wp-content\/uploads\/2021\/05\/Seb-Adjustor-Mask-450.jpg","type":"image\/jpeg"}],"twitter_card":"summary_large_image","twitter_misc":{"Est. reading time":"2 minutit"},"schema":{"@context":"https:\/\/schema.org","@graph":[{"@type":"WebPage","@id":"https:\/\/christinakosmeetika.ee\/et\/toode\/bio-phyto-seb-adjustor-mask-et\/","url":"https:\/\/christinakosmeetika.ee\/et\/toode\/bio-phyto-seb-adjustor-mask-et\/","name":"Rasueritust tasakaalustav mask | Bio Phyto Seb-Adjustor Mask","isPartOf":{"@id":"https:\/\/christinakosmeetika.ee\/#website"},"primaryImageOfPage":{"@id":"https:\/\/christinakosmeetika.ee\/et\/toode\/bio-phyto-seb-adjustor-mask-et\/#primaryimage"},"image":{"@id":"https:\/\/christinakosmeetika.ee\/et\/toode\/bio-phyto-seb-adjustor-mask-et\/#primaryimage"},"thumbnailUrl":"https:\/\/christinakosmeetika.ee\/wp-content\/uploads\/2021\/05\/Seb-Adjustor-Mask-450.jpg","datePublished":"2021-05-14T17:44:52+00:00","dateModified":"2026-04-15T09:21:11+00:00","description":"Puhastab nahka t\u00f5husalt, eemaldab liigse rasu, ahendab poore ning avaldab keratol\u00fc\u00fctilist ja p\u00f5letikuvastast toimet.","breadcrumb":{"@id":"https:\/\/christinakosmeetika.ee\/et\/toode\/bio-phyto-seb-adjustor-mask-et\/#breadcrumb"},"inLanguage":"et","potentialAction":[{"@type":"ReadAction","target":["https:\/\/christinakosmeetika.ee\/et\/toode\/bio-phyto-seb-adjustor-mask-et\/"]}]},{"@type":"ImageObject","inLanguage":"et","@id":"https:\/\/christinakosmeetika.ee\/et\/toode\/bio-phyto-seb-adjustor-mask-et\/#primaryimage","url":"https:\/\/christinakosmeetika.ee\/wp-content\/uploads\/2021\/05\/Seb-Adjustor-Mask-450.jpg","contentUrl":"https:\/\/christinakosmeetika.ee\/wp-content\/uploads\/2021\/05\/Seb-Adjustor-Mask-450.jpg","width":450,"height":450,"caption":"Bio Phyto Seb-Adjustor Mask"},{"@type":"BreadcrumbList","@id":"https:\/\/christinakosmeetika.ee\/et\/toode\/bio-phyto-seb-adjustor-mask-et\/#breadcrumb","itemListElement":[{"@type":"ListItem","position":1,"name":"\u0413\u043b\u0430\u0432\u043d\u0430\u044f \u0441\u0442\u0440\u0430\u043d\u0438\u0446\u0430","item":"https:\/\/christinakosmeetika.ee\/et\/"},{"@type":"ListItem","position":2,"name":"Pood","item":"https:\/\/christinakosmeetika.ee\/et\/shop\/"},{"@type":"ListItem","position":3,"name":"BIO PHYTO Seb-Adjustor Mask CHR571"}]},{"@type":"WebSite","@id":"https:\/\/christinakosmeetika.ee\/#website","url":"https:\/\/christinakosmeetika.ee\/","name":"Christinakosmeetika","description":"Christina kosmeetika Eestis","alternateName":"Christina kosmeetika Eestis","potentialAction":[{"@type":"SearchAction","target":{"@type":"EntryPoint","urlTemplate":"https:\/\/christinakosmeetika.ee\/?s={search_term_string}"},"query-input":{"@type":"PropertyValueSpecification","valueRequired":true,"valueName":"search_term_string"}}],"inLanguage":"et"}]}},"_links":{"self":[{"href":"https:\/\/christinakosmeetika.ee\/et\/wp-json\/wp\/v2\/product\/1895","targetHints":{"allow":["GET"]}}],"collection":[{"href":"https:\/\/christinakosmeetika.ee\/et\/wp-json\/wp\/v2\/product"}],"about":[{"href":"https:\/\/christinakosmeetika.ee\/et\/wp-json\/wp\/v2\/types\/product"}],"wp:featuredmedia":[{"embeddable":true,"href":"https:\/\/christinakosmeetika.ee\/et\/wp-json\/wp\/v2\/media\/1567"}],"wp:attachment":[{"href":"https:\/\/christinakosmeetika.ee\/et\/wp-json\/wp\/v2\/media?parent=1895"}],"wp:term":[{"taxonomy":"product_brand","embeddable":true,"href":"https:\/\/christinakosmeetika.ee\/et\/wp-json\/wp\/v2\/product_brand?post=1895"},{"taxonomy":"product_cat","embeddable":true,"href":"https:\/\/christinakosmeetika.ee\/et\/wp-json\/wp\/v2\/product_cat?post=1895"},{"taxonomy":"product_tag","embeddable":true,"href":"https:\/\/christinakosmeetika.ee\/et\/wp-json\/wp\/v2\/product_tag?post=1895"}],"curies":[{"name":"wp","href":"https:\/\/api.w.org\/{rel}","templated":true}]}}