{"id":1892,"date":"2021-05-14T17:54:03","date_gmt":"2021-05-14T17:54:03","guid":{"rendered":"http:\/\/christinakosmeetika.ee\/product\/bio-phyto-revitalizing-mask\/"},"modified":"2026-04-15T12:23:11","modified_gmt":"2026-04-15T09:23:11","slug":"bio-phyto-revitalizing-mask","status":"publish","type":"product","link":"https:\/\/christinakosmeetika.ee\/et\/toode\/bio-phyto-revitalizing-mask\/","title":{"rendered":"BIO PHYTO Revitalizing Mask CHR582"},"content":{"rendered":"<section class=\"av_textblock_section \">\n<div class=\"avia_textblock \">\n<section class=\"av_textblock_section \">\n<div class=\"avia_textblock \">\n<div class=\"text-base my-auto mx-auto pb-10 [--thread-content-margin:--spacing(4)] @w-sm\/main:[--thread-content-margin:--spacing(6)] @w-lg\/main:[--thread-content-margin:--spacing(16)] px-(--thread-content-margin)\">\n<div class=\"[--thread-content-max-width:40rem] @w-lg\/main:[--thread-content-max-width:48rem] mx-auto max-w-(--thread-content-max-width) flex-1 group\/turn-messages focus-visible:outline-hidden relative flex w-full min-w-0 flex-col agent-turn\" tabindex=\"-1\">\n<div class=\"flex max-w-full flex-col grow\">\n<div class=\"min-h-8 text-message relative flex w-full flex-col items-end gap-2 text-start break-words whitespace-normal [.text-message+&amp;]:mt-1\" dir=\"auto\" data-message-author-role=\"assistant\" data-message-id=\"a7b54cd7-58f9-461c-b46e-d3c28c41e538\" data-message-model-slug=\"gpt-5-2\">\n<div class=\"flex w-full flex-col gap-1 empty:hidden first:pt-[1px]\">\n<div class=\"markdown prose dark:prose-invert w-full break-words light markdown-new-styling\">\n<p data-start=\"486\" data-end=\"704\">Christina Bio Phyto Revitalizing Mask on taastav n\u00e4omask, mis on loodud v\u00e4sinud, tundliku ja niiskusvaeguses naha hoolduseks. Mask aitab toetada naha taastumisprotsesse ning parandada naha \u00fcldist seisundit ja v\u00e4limust.<\/p>\n<p data-start=\"706\" data-end=\"932\">Mask aitab nahka intensiivselt niisutada, toetab naha toitmist ja aitab tugevdada naha kaitsebarj\u00e4\u00e4ri. T\u00e4nu taimsetele \u00f5lidele ja aktiivsetele komponentidele aitab mask v\u00e4hendada kuivustunnet ning parandada naha mugavustunnet.<\/p>\n<p data-start=\"934\" data-end=\"1114\">H\u00fcaluroonhape aitab s\u00e4ilitada naha niiskustaset ning keramiidid toetavad naha kaitsebarj\u00e4\u00e4ri tugevdamist. Taimsed \u00f5lid aitavad nahka pehmendada ja parandada selle \u00fcldist tekstuuri.<\/p>\n<p data-start=\"1116\" data-end=\"1233\">Regulaarse kasutamise korral muutub nahk siledamaks, v\u00e4rskemaks ja s\u00e4ravamaks ning v\u00e4simuse m\u00e4rgid on v\u00e4hem n\u00e4htavad.<\/p>\n<hr data-start=\"1235\" data-end=\"1238\" \/>\n<h2 data-section-id=\"1rxt5mb\" data-start=\"1240\" data-end=\"1253\">Kasutamine<\/h2>\n<p data-start=\"1255\" data-end=\"1379\">Kanna mask puhastatud n\u00e4onahale, v\u00e4ltides silma\u00fcmbruse piirkonda.<br data-start=\"1320\" data-end=\"1323\" \/>J\u00e4ta m\u00f5juma 15\u201320 minutiks, seej\u00e4rel loputa sooja veega.<\/p>\n<p data-start=\"1381\" data-end=\"1433\">Kasuta 1\u20132 korda n\u00e4dalas p\u00e4rast naha s\u00fcgavpuhastust.<\/p>\n<p data-start=\"0\" data-end=\"222\"><strong>Koostis:<\/strong><\/p>\n<\/div>\n<\/div>\n<\/div>\n<\/div>\n<\/div>\n<\/div>\n<\/div>\n<\/section>\n<section class=\"av_textblock_section \">\n<div class=\"avia_textblock \">\n<p>Deionized water (Aqua), Glyceryl Stearate, Kaolin, Caprylic\/Capric Triglyceride, Cetyl Alcohol, Glycerin, Titanium Dioxide, Simmondsia Chinensis (Jojoba) Seed Oil, PEG-40 Stearate, Cera Alba, Cetearyl Ethylhexanoate, Dimethicone, Phenoxyethanol, Albizia Julibrissin Bark Extract, Stearyl Alcohol, Sorbitan Tristearate, Hydroxyethylcellulose, Mica, Tocopheryl Acetate, Caprylyl Glycol, Perfume, Olea Europaea (Olive) Fruit Oil, Plukenetia Volubilis Seed Oil, Chlorphenesin, Ethylhexylglycerin, Sodium hyaluronate, Sodium Phytate, Butylene Glycol, Ceramide NP, Sodium acetate, Polyglyceryl-10 Laurate, Folic Acid, 1,2-Hexanediol, Isopropyl Alcohol, Cellulose, Sodium Benzoate, Citric Acid, Tocopherol, Plankton Extract, Arginine Ferulate, cyanocobalamin, Hexyl Cinnamal, Benzyl Salicylate, Limonene, Amyl Cinnamal, Hydroxycitronellal, Geraniol, Eugenol.<\/p>\n<hr \/>\n<p><img loading=\"lazy\" decoding=\"async\" class=\"size-medium wp-image-10531 alignleft\" src=\"https:\/\/christinakosmeetika.ee\/wp-content\/uploads\/2021\/05\/20251227_2228_Cosmetic-Ad-with-Mask_remix_01kdgqx2cge5xadcr87k758qsx-1-200x300.png\" alt=\"\" width=\"200\" height=\"300\" srcset=\"https:\/\/christinakosmeetika.ee\/wp-content\/uploads\/2021\/05\/20251227_2228_Cosmetic-Ad-with-Mask_remix_01kdgqx2cge5xadcr87k758qsx-1-200x300.png 200w, https:\/\/christinakosmeetika.ee\/wp-content\/uploads\/2021\/05\/20251227_2228_Cosmetic-Ad-with-Mask_remix_01kdgqx2cge5xadcr87k758qsx-1-600x900.png 600w, https:\/\/christinakosmeetika.ee\/wp-content\/uploads\/2021\/05\/20251227_2228_Cosmetic-Ad-with-Mask_remix_01kdgqx2cge5xadcr87k758qsx-1-64x96.png 64w, https:\/\/christinakosmeetika.ee\/wp-content\/uploads\/2021\/05\/20251227_2228_Cosmetic-Ad-with-Mask_remix_01kdgqx2cge5xadcr87k758qsx-1-687x1030.png 687w, https:\/\/christinakosmeetika.ee\/wp-content\/uploads\/2021\/05\/20251227_2228_Cosmetic-Ad-with-Mask_remix_01kdgqx2cge5xadcr87k758qsx-1-768x1152.png 768w, https:\/\/christinakosmeetika.ee\/wp-content\/uploads\/2021\/05\/20251227_2228_Cosmetic-Ad-with-Mask_remix_01kdgqx2cge5xadcr87k758qsx-1-1000x1500.png 1000w, https:\/\/christinakosmeetika.ee\/wp-content\/uploads\/2021\/05\/20251227_2228_Cosmetic-Ad-with-Mask_remix_01kdgqx2cge5xadcr87k758qsx-1-470x705.png 470w, https:\/\/christinakosmeetika.ee\/wp-content\/uploads\/2021\/05\/20251227_2228_Cosmetic-Ad-with-Mask_remix_01kdgqx2cge5xadcr87k758qsx-1-450x675.png 450w, https:\/\/christinakosmeetika.ee\/wp-content\/uploads\/2021\/05\/20251227_2228_Cosmetic-Ad-with-Mask_remix_01kdgqx2cge5xadcr87k758qsx-1.png 1024w\" sizes=\"auto, (max-width: 200px) 100vw, 200px\" \/><\/p>\n<h2 data-section-id=\"1i2reqt\" data-start=\"1440\" data-end=\"1472\"><a href=\"https:\/\/christinakosmeetika.ee\/et\/taastav-naomask\/?lang=et\">Kuidas toimib taastav n\u00e4omask<\/a><\/h2>\n<p data-start=\"1474\" data-end=\"1623\">Kui nahk hakkab tunduma tuhm, v\u00e4sinud ja kaotab oma v\u00e4rskuse, ei pruugi tavalisest niisutusest enam piisata. Nahk v\u00f5ib tunduda kuiv ja v\u00e4hem elastne.<\/p>\n<p data-start=\"1625\" data-end=\"1706\">Sellistel hetkedel vajab nahk mitte ainult niisutust, vaid ka taastavat hooldust.<\/p>\n<p data-start=\"1708\" data-end=\"1847\">Bio Phyto Revitalizing Mask on loodud just sellisteks olukordadeks \u2014 kui nahale on vaja tagasi anda mugavustunne, siledus ja loomulik s\u00e4ra.<\/p>\n<p data-start=\"1849\" data-end=\"1929\"><a href=\"https:\/\/christinakosmeetika.ee\/et\/taastav-naomask\/?lang=et\">\ud83d\udc49 <strong data-start=\"1852\" data-end=\"1929\">Kuidas taastav mask aitab nahal taastuda ja s\u00e4ra tagasi tuua \u2014 loe edasi\u2026<\/strong><\/a><\/p>\n<h3 data-start=\"0\" data-end=\"180\"><\/h3>\n<\/div>\n<\/section>\n<\/div>\n<\/section>\n","protected":false},"excerpt":{"rendered":"<h2>Taastav n\u00e4omask Bio Phyto Revitalizing Mask<\/h2>\n<p data-start=\"178\" data-end=\"213\"><strong>Aitab j\u00e4rgmiste probleemide korral:<\/strong><\/p>\n<p data-start=\"215\" data-end=\"386\">\u2022 tuhm ja v\u00e4sinud jume<br data-start=\"237\" data-end=\"240\" \/>\u2022 kuivustunne ja niiskusepuudus nahas<br data-start=\"277\" data-end=\"280\" \/>\u2022 tundlik ja kergesti \u00e4rrituv nahk<br data-start=\"314\" data-end=\"317\" \/>\u2022 naha elastsuse ja toonuse v\u00e4henemine<br data-start=\"355\" data-end=\"358\" \/>\u2022 eba\u00fchtlane naha tekstuur<\/p>\n","protected":false},"featured_media":1569,"template":"","meta":[],"product_brand":[],"product_cat":[481,150],"product_tag":[],"class_list":{"0":"post-1892","1":"product","2":"type-product","3":"status-publish","4":"has-post-thumbnail","6":"product_cat-biophyto-et","7":"product_cat-mask-et","8":"product_shipping_class-smart-itella-post","9":"pa_linii-kosmetiki-bio-phyto-et","10":"pa_reshenie-problem-ebauhtlane-nahatekstuur","11":"pa_reshenie-problem-ebauhtlane-nahatoon","12":"pa_reshenie-problem-vananemise-margid","13":"pa_tip-kozi-kuiv-et","14":"pa_tip-kozi-normaalne-et","15":"pa_tip-preparata-mask-et","16":"pa_vremja-primenenija-oine","17":"pa_vremja-primenenija-paevane","19":"first","20":"instock","21":"taxable","22":"shipping-taxable","23":"purchasable","24":"product-type-simple"},"yoast_head":"<!-- This site is optimized with the Yoast SEO plugin v27.5 - https:\/\/yoast.com\/product\/yoast-seo-wordpress\/ -->\n<title>Taastav n\u00e4omask | Bio Phyto Revitalizing Mask<\/title>\n<meta name=\"description\" content=\"on m\u00f5eldud naha kiireks regeneratsiooniks, muudab selle v\u00e4rskeks ja s\u00e4ravaks. S\u00fcgavniisutab nahka, taastab niiskustaseme ja parandab jumet.\" \/>\n<meta name=\"robots\" content=\"index, follow, max-snippet:-1, max-image-preview:large, max-video-preview:-1\" \/>\n<link rel=\"canonical\" href=\"https:\/\/christinakosmeetika.ee\/et\/toode\/bio-phyto-revitalizing-mask\/\" \/>\n<meta property=\"og:locale\" content=\"et_EE\" \/>\n<meta property=\"og:type\" content=\"article\" \/>\n<meta property=\"og:title\" content=\"Taastav n\u00e4omask | Bio Phyto Revitalizing Mask\" \/>\n<meta property=\"og:description\" content=\"on m\u00f5eldud naha kiireks regeneratsiooniks, muudab selle v\u00e4rskeks ja s\u00e4ravaks. S\u00fcgavniisutab nahka, taastab niiskustaseme ja parandab jumet.\" \/>\n<meta property=\"og:url\" content=\"https:\/\/christinakosmeetika.ee\/et\/toode\/bio-phyto-revitalizing-mask\/\" \/>\n<meta property=\"og:site_name\" content=\"Christinakosmeetika\" \/>\n<meta property=\"article:modified_time\" content=\"2026-04-15T09:23:11+00:00\" \/>\n<meta property=\"og:image\" content=\"https:\/\/christinakosmeetika.ee\/wp-content\/uploads\/2021\/05\/Revitalizing-Mask-450-1.jpg\" \/>\n\t<meta property=\"og:image:width\" content=\"450\" \/>\n\t<meta property=\"og:image:height\" content=\"450\" \/>\n\t<meta property=\"og:image:type\" content=\"image\/jpeg\" \/>\n<meta name=\"twitter:card\" content=\"summary_large_image\" \/>\n<meta name=\"twitter:label1\" content=\"Est. reading time\" \/>\n\t<meta name=\"twitter:data1\" content=\"2 minutit\" \/>\n<script type=\"application\/ld+json\" class=\"yoast-schema-graph\">{\"@context\":\"https:\\\/\\\/schema.org\",\"@graph\":[{\"@type\":\"WebPage\",\"@id\":\"https:\\\/\\\/christinakosmeetika.ee\\\/et\\\/toode\\\/bio-phyto-revitalizing-mask\\\/\",\"url\":\"https:\\\/\\\/christinakosmeetika.ee\\\/et\\\/toode\\\/bio-phyto-revitalizing-mask\\\/\",\"name\":\"Taastav n\u00e4omask | Bio Phyto Revitalizing Mask\",\"isPartOf\":{\"@id\":\"https:\\\/\\\/christinakosmeetika.ee\\\/#website\"},\"primaryImageOfPage\":{\"@id\":\"https:\\\/\\\/christinakosmeetika.ee\\\/et\\\/toode\\\/bio-phyto-revitalizing-mask\\\/#primaryimage\"},\"image\":{\"@id\":\"https:\\\/\\\/christinakosmeetika.ee\\\/et\\\/toode\\\/bio-phyto-revitalizing-mask\\\/#primaryimage\"},\"thumbnailUrl\":\"https:\\\/\\\/christinakosmeetika.ee\\\/wp-content\\\/uploads\\\/2021\\\/05\\\/Revitalizing-Mask-450-1.jpg\",\"datePublished\":\"2021-05-14T17:54:03+00:00\",\"dateModified\":\"2026-04-15T09:23:11+00:00\",\"description\":\"on m\u00f5eldud naha kiireks regeneratsiooniks, muudab selle v\u00e4rskeks ja s\u00e4ravaks. S\u00fcgavniisutab nahka, taastab niiskustaseme ja parandab jumet.\",\"breadcrumb\":{\"@id\":\"https:\\\/\\\/christinakosmeetika.ee\\\/et\\\/toode\\\/bio-phyto-revitalizing-mask\\\/#breadcrumb\"},\"inLanguage\":\"et\",\"potentialAction\":[{\"@type\":\"ReadAction\",\"target\":[\"https:\\\/\\\/christinakosmeetika.ee\\\/et\\\/toode\\\/bio-phyto-revitalizing-mask\\\/\"]}]},{\"@type\":\"ImageObject\",\"inLanguage\":\"et\",\"@id\":\"https:\\\/\\\/christinakosmeetika.ee\\\/et\\\/toode\\\/bio-phyto-revitalizing-mask\\\/#primaryimage\",\"url\":\"https:\\\/\\\/christinakosmeetika.ee\\\/wp-content\\\/uploads\\\/2021\\\/05\\\/Revitalizing-Mask-450-1.jpg\",\"contentUrl\":\"https:\\\/\\\/christinakosmeetika.ee\\\/wp-content\\\/uploads\\\/2021\\\/05\\\/Revitalizing-Mask-450-1.jpg\",\"width\":450,\"height\":450,\"caption\":\"Bio Phyto Revitalizing Mask\"},{\"@type\":\"BreadcrumbList\",\"@id\":\"https:\\\/\\\/christinakosmeetika.ee\\\/et\\\/toode\\\/bio-phyto-revitalizing-mask\\\/#breadcrumb\",\"itemListElement\":[{\"@type\":\"ListItem\",\"position\":1,\"name\":\"\u0413\u043b\u0430\u0432\u043d\u0430\u044f \u0441\u0442\u0440\u0430\u043d\u0438\u0446\u0430\",\"item\":\"https:\\\/\\\/christinakosmeetika.ee\\\/et\\\/\"},{\"@type\":\"ListItem\",\"position\":2,\"name\":\"Pood\",\"item\":\"https:\\\/\\\/christinakosmeetika.ee\\\/et\\\/shop\\\/\"},{\"@type\":\"ListItem\",\"position\":3,\"name\":\"BIO PHYTO Revitalizing Mask CHR582\"}]},{\"@type\":\"WebSite\",\"@id\":\"https:\\\/\\\/christinakosmeetika.ee\\\/#website\",\"url\":\"https:\\\/\\\/christinakosmeetika.ee\\\/\",\"name\":\"Christinakosmeetika\",\"description\":\"Christina kosmeetika Eestis\",\"alternateName\":\"Christina kosmeetika Eestis\",\"potentialAction\":[{\"@type\":\"SearchAction\",\"target\":{\"@type\":\"EntryPoint\",\"urlTemplate\":\"https:\\\/\\\/christinakosmeetika.ee\\\/?s={search_term_string}\"},\"query-input\":{\"@type\":\"PropertyValueSpecification\",\"valueRequired\":true,\"valueName\":\"search_term_string\"}}],\"inLanguage\":\"et\"}]}<\/script>\n<!-- \/ Yoast SEO plugin. -->","yoast_head_json":{"title":"Taastav n\u00e4omask | Bio Phyto Revitalizing Mask","description":"on m\u00f5eldud naha kiireks regeneratsiooniks, muudab selle v\u00e4rskeks ja s\u00e4ravaks. S\u00fcgavniisutab nahka, taastab niiskustaseme ja parandab jumet.","robots":{"index":"index","follow":"follow","max-snippet":"max-snippet:-1","max-image-preview":"max-image-preview:large","max-video-preview":"max-video-preview:-1"},"canonical":"https:\/\/christinakosmeetika.ee\/et\/toode\/bio-phyto-revitalizing-mask\/","og_locale":"et_EE","og_type":"article","og_title":"Taastav n\u00e4omask | Bio Phyto Revitalizing Mask","og_description":"on m\u00f5eldud naha kiireks regeneratsiooniks, muudab selle v\u00e4rskeks ja s\u00e4ravaks. S\u00fcgavniisutab nahka, taastab niiskustaseme ja parandab jumet.","og_url":"https:\/\/christinakosmeetika.ee\/et\/toode\/bio-phyto-revitalizing-mask\/","og_site_name":"Christinakosmeetika","article_modified_time":"2026-04-15T09:23:11+00:00","og_image":[{"width":450,"height":450,"url":"https:\/\/christinakosmeetika.ee\/wp-content\/uploads\/2021\/05\/Revitalizing-Mask-450-1.jpg","type":"image\/jpeg"}],"twitter_card":"summary_large_image","twitter_misc":{"Est. reading time":"2 minutit"},"schema":{"@context":"https:\/\/schema.org","@graph":[{"@type":"WebPage","@id":"https:\/\/christinakosmeetika.ee\/et\/toode\/bio-phyto-revitalizing-mask\/","url":"https:\/\/christinakosmeetika.ee\/et\/toode\/bio-phyto-revitalizing-mask\/","name":"Taastav n\u00e4omask | Bio Phyto Revitalizing Mask","isPartOf":{"@id":"https:\/\/christinakosmeetika.ee\/#website"},"primaryImageOfPage":{"@id":"https:\/\/christinakosmeetika.ee\/et\/toode\/bio-phyto-revitalizing-mask\/#primaryimage"},"image":{"@id":"https:\/\/christinakosmeetika.ee\/et\/toode\/bio-phyto-revitalizing-mask\/#primaryimage"},"thumbnailUrl":"https:\/\/christinakosmeetika.ee\/wp-content\/uploads\/2021\/05\/Revitalizing-Mask-450-1.jpg","datePublished":"2021-05-14T17:54:03+00:00","dateModified":"2026-04-15T09:23:11+00:00","description":"on m\u00f5eldud naha kiireks regeneratsiooniks, muudab selle v\u00e4rskeks ja s\u00e4ravaks. S\u00fcgavniisutab nahka, taastab niiskustaseme ja parandab jumet.","breadcrumb":{"@id":"https:\/\/christinakosmeetika.ee\/et\/toode\/bio-phyto-revitalizing-mask\/#breadcrumb"},"inLanguage":"et","potentialAction":[{"@type":"ReadAction","target":["https:\/\/christinakosmeetika.ee\/et\/toode\/bio-phyto-revitalizing-mask\/"]}]},{"@type":"ImageObject","inLanguage":"et","@id":"https:\/\/christinakosmeetika.ee\/et\/toode\/bio-phyto-revitalizing-mask\/#primaryimage","url":"https:\/\/christinakosmeetika.ee\/wp-content\/uploads\/2021\/05\/Revitalizing-Mask-450-1.jpg","contentUrl":"https:\/\/christinakosmeetika.ee\/wp-content\/uploads\/2021\/05\/Revitalizing-Mask-450-1.jpg","width":450,"height":450,"caption":"Bio Phyto Revitalizing Mask"},{"@type":"BreadcrumbList","@id":"https:\/\/christinakosmeetika.ee\/et\/toode\/bio-phyto-revitalizing-mask\/#breadcrumb","itemListElement":[{"@type":"ListItem","position":1,"name":"\u0413\u043b\u0430\u0432\u043d\u0430\u044f \u0441\u0442\u0440\u0430\u043d\u0438\u0446\u0430","item":"https:\/\/christinakosmeetika.ee\/et\/"},{"@type":"ListItem","position":2,"name":"Pood","item":"https:\/\/christinakosmeetika.ee\/et\/shop\/"},{"@type":"ListItem","position":3,"name":"BIO PHYTO Revitalizing Mask CHR582"}]},{"@type":"WebSite","@id":"https:\/\/christinakosmeetika.ee\/#website","url":"https:\/\/christinakosmeetika.ee\/","name":"Christinakosmeetika","description":"Christina kosmeetika Eestis","alternateName":"Christina kosmeetika Eestis","potentialAction":[{"@type":"SearchAction","target":{"@type":"EntryPoint","urlTemplate":"https:\/\/christinakosmeetika.ee\/?s={search_term_string}"},"query-input":{"@type":"PropertyValueSpecification","valueRequired":true,"valueName":"search_term_string"}}],"inLanguage":"et"}]}},"_links":{"self":[{"href":"https:\/\/christinakosmeetika.ee\/et\/wp-json\/wp\/v2\/product\/1892","targetHints":{"allow":["GET"]}}],"collection":[{"href":"https:\/\/christinakosmeetika.ee\/et\/wp-json\/wp\/v2\/product"}],"about":[{"href":"https:\/\/christinakosmeetika.ee\/et\/wp-json\/wp\/v2\/types\/product"}],"wp:featuredmedia":[{"embeddable":true,"href":"https:\/\/christinakosmeetika.ee\/et\/wp-json\/wp\/v2\/media\/1569"}],"wp:attachment":[{"href":"https:\/\/christinakosmeetika.ee\/et\/wp-json\/wp\/v2\/media?parent=1892"}],"wp:term":[{"taxonomy":"product_brand","embeddable":true,"href":"https:\/\/christinakosmeetika.ee\/et\/wp-json\/wp\/v2\/product_brand?post=1892"},{"taxonomy":"product_cat","embeddable":true,"href":"https:\/\/christinakosmeetika.ee\/et\/wp-json\/wp\/v2\/product_cat?post=1892"},{"taxonomy":"product_tag","embeddable":true,"href":"https:\/\/christinakosmeetika.ee\/et\/wp-json\/wp\/v2\/product_tag?post=1892"}],"curies":[{"name":"wp","href":"https:\/\/api.w.org\/{rel}","templated":true}]}}