{"id":1889,"date":"2021-05-14T18:02:30","date_gmt":"2021-05-14T18:02:30","guid":{"rendered":"http:\/\/christinakosmeetika.ee\/product\/bio-phyto-refreshing-toner\/"},"modified":"2026-04-10T11:15:59","modified_gmt":"2026-04-10T08:15:59","slug":"bio-phyto-refreshing-toner","status":"publish","type":"product","link":"https:\/\/christinakosmeetika.ee\/et\/toode\/bio-phyto-refreshing-toner\/","title":{"rendered":"BIO PHYTO Refreshing Toner  CHR591"},"content":{"rendered":"<section class=\"av_textblock_section \">\n<div class=\"avia_textblock \">\n<section class=\"av_textblock_section \">\n<div class=\"avia_textblock \">\n<p data-start=\"465\" data-end=\"621\"><strong>Christina Bio Phyto Refreshing Toner<\/strong> on v\u00e4rskendav n\u00e4otoonik, mis aitab l\u00f5petada naha puhastamise etapi ja valmistab naha ette j\u00e4rgmisteks hooldustoodeteks.<\/p>\n<p data-start=\"623\" data-end=\"821\">Toonik aitab eemaldada naha pinnale j\u00e4\u00e4nud mustuse ja puhastusvahendite j\u00e4\u00e4gid ning toetab naha loomulikku tasakaalu. T\u00e4nu neutraalsele pH-le toimib toonik \u00f5rnalt ja sobib igap\u00e4evaseks kasutamiseks.<\/p>\n<p data-start=\"823\" data-end=\"1013\">Niisutavad komponendid aitavad s\u00e4ilitada naha niiskustaset ning v\u00e4hendavad kuivustunnet p\u00e4rast n\u00e4opesu. Niatsiinamiid ja pantenool aitavad rahustada nahka ja toetada selle kaitsefunktsiooni.<\/p>\n<p data-start=\"1015\" data-end=\"1214\">Kerge v\u00e4rskendav tekstuur aitab v\u00e4hendada liigset l\u00e4iget ning j\u00e4tab naha puhta, v\u00e4rske ja tasakaalustatud tundega. Nahk on p\u00e4rast tooniku kasutamist paremini valmis seerumi ja kreemi pealekandmiseks.<\/p>\n<hr data-start=\"1216\" data-end=\"1219\" \/>\n<h2 data-section-id=\"1rxt5mb\" data-start=\"1221\" data-end=\"1234\">Kasutamine<\/h2>\n<p data-start=\"1236\" data-end=\"1332\">Kanna v\u00e4ike kogus toonikut vatipadjale.<br data-start=\"1275\" data-end=\"1278\" \/>Puhasta \u00f5rnalt n\u00e4o-, kaela- ja dekolteepiirkonna nahk.<\/p>\n<p data-start=\"1334\" data-end=\"1387\">Mitte loputada. Seej\u00e4rel kanna peale seerum ja kreem.<\/p>\n<p data-start=\"1389\" data-end=\"1438\">Kasuta hommikul ja \u00f5htul p\u00e4rast naha puhastamist.<\/p>\n<\/div>\n<\/section>\n<section class=\"av_textblock_section \">\n<div class=\"avia_textblock \">\n<p><img loading=\"lazy\" decoding=\"async\" class=\"alignnone size-medium wp-image-12718\" src=\"https:\/\/christinakosmeetika.ee\/wp-content\/uploads\/2021\/05\/task_01kg84dt46ev0rp1n17mj9jtgr_1769799690_img_1-1-200x300.webp\" alt=\"\" width=\"200\" height=\"300\" srcset=\"https:\/\/christinakosmeetika.ee\/wp-content\/uploads\/2021\/05\/task_01kg84dt46ev0rp1n17mj9jtgr_1769799690_img_1-1-200x300.webp 200w, https:\/\/christinakosmeetika.ee\/wp-content\/uploads\/2021\/05\/task_01kg84dt46ev0rp1n17mj9jtgr_1769799690_img_1-1-687x1030.webp 687w, https:\/\/christinakosmeetika.ee\/wp-content\/uploads\/2021\/05\/task_01kg84dt46ev0rp1n17mj9jtgr_1769799690_img_1-1-768x1152.webp 768w, https:\/\/christinakosmeetika.ee\/wp-content\/uploads\/2021\/05\/task_01kg84dt46ev0rp1n17mj9jtgr_1769799690_img_1-1-1000x1500.webp 1000w, https:\/\/christinakosmeetika.ee\/wp-content\/uploads\/2021\/05\/task_01kg84dt46ev0rp1n17mj9jtgr_1769799690_img_1-1-470x705.webp 470w, https:\/\/christinakosmeetika.ee\/wp-content\/uploads\/2021\/05\/task_01kg84dt46ev0rp1n17mj9jtgr_1769799690_img_1-1-450x675.webp 450w, https:\/\/christinakosmeetika.ee\/wp-content\/uploads\/2021\/05\/task_01kg84dt46ev0rp1n17mj9jtgr_1769799690_img_1-1-600x900.webp 600w, https:\/\/christinakosmeetika.ee\/wp-content\/uploads\/2021\/05\/task_01kg84dt46ev0rp1n17mj9jtgr_1769799690_img_1-1.webp 1024w\" sizes=\"auto, (max-width: 200px) 100vw, 200px\" \/><\/p>\n<h2 data-section-id=\"lzvypw\" data-start=\"1445\" data-end=\"1501\">Kuidas toimib v\u00e4rskendav n\u00e4otoonik p\u00e4rast puhastamist<\/h2>\n<p data-start=\"1503\" data-end=\"1626\">Naha puhastamine ei l\u00f5pe ainult n\u00e4opesuga. P\u00e4rast kokkupuudet veega v\u00f5ib nahk tunduda kuiv, tundlik v\u00f5i tasakaalust v\u00e4ljas.<\/p>\n<p data-start=\"1628\" data-end=\"1759\">Bio Phyto Refreshing Toner aitab l\u00f5petada puhastamise etapi, niisutab nahka ja aitab taastada naha v\u00e4rske ja tasakaalustatud tunde.<\/p>\n<p data-start=\"1761\" data-end=\"1866\">\ud83d\udc49 <strong data-start=\"1764\" data-end=\"1866\">Miks on n\u00e4otoonik p\u00e4rast puhastamist oluline ja kuidas see aitab nahka tasakaalustada \u2014 loe edasi\u2026<\/strong><\/p>\n<p><strong>Koostis:<\/strong><\/p>\n<p>Deionized water (Aqua), Glycerin, Propanediol, Phenoxyethanol, Sodium Coceth Sulfate, Triethanolamine, PEG-40 Castor Oil, Citric Acid, Sodium PCA, Sodium Lactate, Chlorphenesin, Perfume, SD Alcohol 40, Ethylhexylglycerin, Sodium Phytate, Butylene Glycol, Zingiber Officinale (Ginger) Root Extract, Alcohol, Niacinamide, Pyridoxine, Hydrolyzed Yeast Protein, Fomes Officinais (MUSHROOM) Extract, Panthenol, Urea, Fructose, Glycine, Sodium Benzoate, Allantoin, Threonine, chlorophyllin-copper complex, Inositol, Potassium Sorbate, Biotin, Hexyl Cinnamal, Benzyl Salicylate, Limonene, Amyl Cinnamal, Hydroxycitronellal, Geraniol, Eugenol<\/p>\n<p>&nbsp;<\/p>\n<div class=\"text-base my-auto mx-auto pb-10 [--thread-content-margin:--spacing(4)] @w-sm\/main:[--thread-content-margin:--spacing(6)] @w-lg\/main:[--thread-content-margin:--spacing(16)] px-(--thread-content-margin)\">\n<div class=\"[--thread-content-max-width:40rem] @w-lg\/main:[--thread-content-max-width:48rem] mx-auto max-w-(--thread-content-max-width) flex-1 group\/turn-messages focus-visible:outline-hidden relative flex w-full min-w-0 flex-col agent-turn\" tabindex=\"-1\">\n<div class=\"flex max-w-full flex-col grow\">\n<div class=\"min-h-8 text-message relative flex w-full flex-col items-end gap-2 text-start break-words whitespace-normal [.text-message+&amp;]:mt-1\" dir=\"auto\" data-message-author-role=\"assistant\" data-message-id=\"48acfb28-f10e-4033-9d76-efd05b09c08c\" data-message-model-slug=\"gpt-5-2\">\n<div class=\"flex w-full flex-col gap-1 empty:hidden first:pt-[1px]\">\n<div class=\"markdown prose dark:prose-invert w-full wrap-break-word light markdown-new-styling\">\n<h3 data-start=\"0\" data-end=\"178\"><\/h3>\n<\/div>\n<\/div>\n<\/div>\n<\/div>\n<\/div>\n<\/div>\n<\/div>\n<\/section>\n<\/div>\n<\/section>\n","protected":false},"excerpt":{"rendered":"<h2>V\u00e4rskendav n\u00e4otoonik Bio Phyto Refreshing Toner<\/h2>\n<p data-start=\"168\" data-end=\"203\"><strong>Aitab j\u00e4rgmiste probleemide korral:<\/strong><\/p>\n<p data-start=\"205\" data-end=\"363\">\u2022 naha kuivus p\u00e4rast n\u00e4opesu<br data-start=\"233\" data-end=\"236\" \/>\u2022 tuhm ja v\u00e4sinud jume<br data-start=\"258\" data-end=\"261\" \/>\u2022 liigne l\u00e4ige nahal<br data-start=\"281\" data-end=\"284\" \/>\u2022 tundlik v\u00f5i \u00e4rritunud nahk<br data-start=\"312\" data-end=\"315\" \/>\u2022 naha tasakaalu taastamine p\u00e4rast puhastamist<\/p>\n<p data-start=\"365\" data-end=\"373\">\n","protected":false},"featured_media":6037,"template":"","meta":[],"product_brand":[],"product_cat":[481,185],"product_tag":[],"class_list":{"0":"post-1889","1":"product","2":"type-product","3":"status-publish","4":"has-post-thumbnail","6":"product_cat-biophyto-et","7":"product_cat-toonik","8":"product_shipping_class-smart-itella-post","9":"pa_linii-kosmetiki-bio-phyto-et","10":"pa_reshenie-problem-dehudratsioon","11":"pa_reshenie-problem-ebauhtlane-nahatekstuur","12":"pa_reshenie-problem-kuperoz","13":"pa_reshenie-problem-saastunud-nahk","14":"pa_reshenie-problem-oline-laige","15":"pa_reshenie-problem-chuvstvitelnaja-koza","16":"pa_tip-kozi-kombi-et","17":"pa_tip-kozi-kuiv-et","18":"pa_tip-kozi-normaalne-et","19":"pa_tip-preparata-toonik","20":"pa_vremja-primenenija-oine","21":"pa_vremja-primenenija-paevane","23":"first","24":"instock","25":"taxable","26":"shipping-taxable","27":"purchasable","28":"product-type-simple"},"yoast_head":"<!-- This site is optimized with the Yoast SEO plugin v27.5 - https:\/\/yoast.com\/product\/yoast-seo-wordpress\/ -->\n<title>V\u00e4rskendav n\u00e4otoonik | Bio Phyto Refreshing Toner<\/title>\n<meta name=\"description\" content=\"Niisutab nahka koheselt looduslike niisutustegurite abil, pakkudes rahustavat toimet ja v\u00e4hendades p\u00f5letikku. Eemaldab liigse l\u00e4ike.\" \/>\n<meta name=\"robots\" content=\"index, follow, max-snippet:-1, max-image-preview:large, max-video-preview:-1\" \/>\n<link rel=\"canonical\" href=\"https:\/\/christinakosmeetika.ee\/et\/toode\/bio-phyto-refreshing-toner\/\" \/>\n<meta property=\"og:locale\" content=\"et_EE\" \/>\n<meta property=\"og:type\" content=\"article\" \/>\n<meta property=\"og:title\" content=\"V\u00e4rskendav n\u00e4otoonik | Bio Phyto Refreshing Toner\" \/>\n<meta property=\"og:description\" content=\"Niisutab nahka koheselt looduslike niisutustegurite abil, pakkudes rahustavat toimet ja v\u00e4hendades p\u00f5letikku. Eemaldab liigse l\u00e4ike.\" \/>\n<meta property=\"og:url\" content=\"https:\/\/christinakosmeetika.ee\/et\/toode\/bio-phyto-refreshing-toner\/\" \/>\n<meta property=\"og:site_name\" content=\"Christinakosmeetika\" \/>\n<meta property=\"article:modified_time\" content=\"2026-04-10T08:15:59+00:00\" \/>\n<meta property=\"og:image\" content=\"https:\/\/christinakosmeetika.ee\/wp-content\/uploads\/2021\/05\/Refreshing.jpg\" \/>\n\t<meta property=\"og:image:width\" content=\"450\" \/>\n\t<meta property=\"og:image:height\" content=\"450\" \/>\n\t<meta property=\"og:image:type\" content=\"image\/jpeg\" \/>\n<meta name=\"twitter:card\" content=\"summary_large_image\" \/>\n<meta name=\"twitter:label1\" content=\"Est. reading time\" \/>\n\t<meta name=\"twitter:data1\" content=\"2 minutit\" \/>\n<script type=\"application\/ld+json\" class=\"yoast-schema-graph\">{\"@context\":\"https:\\\/\\\/schema.org\",\"@graph\":[{\"@type\":\"WebPage\",\"@id\":\"https:\\\/\\\/christinakosmeetika.ee\\\/et\\\/toode\\\/bio-phyto-refreshing-toner\\\/\",\"url\":\"https:\\\/\\\/christinakosmeetika.ee\\\/et\\\/toode\\\/bio-phyto-refreshing-toner\\\/\",\"name\":\"V\u00e4rskendav n\u00e4otoonik | Bio Phyto Refreshing Toner\",\"isPartOf\":{\"@id\":\"https:\\\/\\\/christinakosmeetika.ee\\\/#website\"},\"primaryImageOfPage\":{\"@id\":\"https:\\\/\\\/christinakosmeetika.ee\\\/et\\\/toode\\\/bio-phyto-refreshing-toner\\\/#primaryimage\"},\"image\":{\"@id\":\"https:\\\/\\\/christinakosmeetika.ee\\\/et\\\/toode\\\/bio-phyto-refreshing-toner\\\/#primaryimage\"},\"thumbnailUrl\":\"https:\\\/\\\/christinakosmeetika.ee\\\/wp-content\\\/uploads\\\/2021\\\/05\\\/Refreshing.jpg\",\"datePublished\":\"2021-05-14T18:02:30+00:00\",\"dateModified\":\"2026-04-10T08:15:59+00:00\",\"description\":\"Niisutab nahka koheselt looduslike niisutustegurite abil, pakkudes rahustavat toimet ja v\u00e4hendades p\u00f5letikku. Eemaldab liigse l\u00e4ike.\",\"breadcrumb\":{\"@id\":\"https:\\\/\\\/christinakosmeetika.ee\\\/et\\\/toode\\\/bio-phyto-refreshing-toner\\\/#breadcrumb\"},\"inLanguage\":\"et\",\"potentialAction\":[{\"@type\":\"ReadAction\",\"target\":[\"https:\\\/\\\/christinakosmeetika.ee\\\/et\\\/toode\\\/bio-phyto-refreshing-toner\\\/\"]}]},{\"@type\":\"ImageObject\",\"inLanguage\":\"et\",\"@id\":\"https:\\\/\\\/christinakosmeetika.ee\\\/et\\\/toode\\\/bio-phyto-refreshing-toner\\\/#primaryimage\",\"url\":\"https:\\\/\\\/christinakosmeetika.ee\\\/wp-content\\\/uploads\\\/2021\\\/05\\\/Refreshing.jpg\",\"contentUrl\":\"https:\\\/\\\/christinakosmeetika.ee\\\/wp-content\\\/uploads\\\/2021\\\/05\\\/Refreshing.jpg\",\"width\":450,\"height\":450,\"caption\":\"Bio Phyto Refreshing Toner\"},{\"@type\":\"BreadcrumbList\",\"@id\":\"https:\\\/\\\/christinakosmeetika.ee\\\/et\\\/toode\\\/bio-phyto-refreshing-toner\\\/#breadcrumb\",\"itemListElement\":[{\"@type\":\"ListItem\",\"position\":1,\"name\":\"\u0413\u043b\u0430\u0432\u043d\u0430\u044f \u0441\u0442\u0440\u0430\u043d\u0438\u0446\u0430\",\"item\":\"https:\\\/\\\/christinakosmeetika.ee\\\/et\\\/\"},{\"@type\":\"ListItem\",\"position\":2,\"name\":\"Pood\",\"item\":\"https:\\\/\\\/christinakosmeetika.ee\\\/et\\\/shop\\\/\"},{\"@type\":\"ListItem\",\"position\":3,\"name\":\"BIO PHYTO Refreshing Toner CHR591\"}]},{\"@type\":\"WebSite\",\"@id\":\"https:\\\/\\\/christinakosmeetika.ee\\\/#website\",\"url\":\"https:\\\/\\\/christinakosmeetika.ee\\\/\",\"name\":\"Christinakosmeetika\",\"description\":\"Christina kosmeetika Eestis\",\"alternateName\":\"Christina kosmeetika Eestis\",\"potentialAction\":[{\"@type\":\"SearchAction\",\"target\":{\"@type\":\"EntryPoint\",\"urlTemplate\":\"https:\\\/\\\/christinakosmeetika.ee\\\/?s={search_term_string}\"},\"query-input\":{\"@type\":\"PropertyValueSpecification\",\"valueRequired\":true,\"valueName\":\"search_term_string\"}}],\"inLanguage\":\"et\"}]}<\/script>\n<!-- \/ Yoast SEO plugin. -->","yoast_head_json":{"title":"V\u00e4rskendav n\u00e4otoonik | Bio Phyto Refreshing Toner","description":"Niisutab nahka koheselt looduslike niisutustegurite abil, pakkudes rahustavat toimet ja v\u00e4hendades p\u00f5letikku. Eemaldab liigse l\u00e4ike.","robots":{"index":"index","follow":"follow","max-snippet":"max-snippet:-1","max-image-preview":"max-image-preview:large","max-video-preview":"max-video-preview:-1"},"canonical":"https:\/\/christinakosmeetika.ee\/et\/toode\/bio-phyto-refreshing-toner\/","og_locale":"et_EE","og_type":"article","og_title":"V\u00e4rskendav n\u00e4otoonik | Bio Phyto Refreshing Toner","og_description":"Niisutab nahka koheselt looduslike niisutustegurite abil, pakkudes rahustavat toimet ja v\u00e4hendades p\u00f5letikku. Eemaldab liigse l\u00e4ike.","og_url":"https:\/\/christinakosmeetika.ee\/et\/toode\/bio-phyto-refreshing-toner\/","og_site_name":"Christinakosmeetika","article_modified_time":"2026-04-10T08:15:59+00:00","og_image":[{"width":450,"height":450,"url":"https:\/\/christinakosmeetika.ee\/wp-content\/uploads\/2021\/05\/Refreshing.jpg","type":"image\/jpeg"}],"twitter_card":"summary_large_image","twitter_misc":{"Est. reading time":"2 minutit"},"schema":{"@context":"https:\/\/schema.org","@graph":[{"@type":"WebPage","@id":"https:\/\/christinakosmeetika.ee\/et\/toode\/bio-phyto-refreshing-toner\/","url":"https:\/\/christinakosmeetika.ee\/et\/toode\/bio-phyto-refreshing-toner\/","name":"V\u00e4rskendav n\u00e4otoonik | Bio Phyto Refreshing Toner","isPartOf":{"@id":"https:\/\/christinakosmeetika.ee\/#website"},"primaryImageOfPage":{"@id":"https:\/\/christinakosmeetika.ee\/et\/toode\/bio-phyto-refreshing-toner\/#primaryimage"},"image":{"@id":"https:\/\/christinakosmeetika.ee\/et\/toode\/bio-phyto-refreshing-toner\/#primaryimage"},"thumbnailUrl":"https:\/\/christinakosmeetika.ee\/wp-content\/uploads\/2021\/05\/Refreshing.jpg","datePublished":"2021-05-14T18:02:30+00:00","dateModified":"2026-04-10T08:15:59+00:00","description":"Niisutab nahka koheselt looduslike niisutustegurite abil, pakkudes rahustavat toimet ja v\u00e4hendades p\u00f5letikku. Eemaldab liigse l\u00e4ike.","breadcrumb":{"@id":"https:\/\/christinakosmeetika.ee\/et\/toode\/bio-phyto-refreshing-toner\/#breadcrumb"},"inLanguage":"et","potentialAction":[{"@type":"ReadAction","target":["https:\/\/christinakosmeetika.ee\/et\/toode\/bio-phyto-refreshing-toner\/"]}]},{"@type":"ImageObject","inLanguage":"et","@id":"https:\/\/christinakosmeetika.ee\/et\/toode\/bio-phyto-refreshing-toner\/#primaryimage","url":"https:\/\/christinakosmeetika.ee\/wp-content\/uploads\/2021\/05\/Refreshing.jpg","contentUrl":"https:\/\/christinakosmeetika.ee\/wp-content\/uploads\/2021\/05\/Refreshing.jpg","width":450,"height":450,"caption":"Bio Phyto Refreshing Toner"},{"@type":"BreadcrumbList","@id":"https:\/\/christinakosmeetika.ee\/et\/toode\/bio-phyto-refreshing-toner\/#breadcrumb","itemListElement":[{"@type":"ListItem","position":1,"name":"\u0413\u043b\u0430\u0432\u043d\u0430\u044f \u0441\u0442\u0440\u0430\u043d\u0438\u0446\u0430","item":"https:\/\/christinakosmeetika.ee\/et\/"},{"@type":"ListItem","position":2,"name":"Pood","item":"https:\/\/christinakosmeetika.ee\/et\/shop\/"},{"@type":"ListItem","position":3,"name":"BIO PHYTO Refreshing Toner CHR591"}]},{"@type":"WebSite","@id":"https:\/\/christinakosmeetika.ee\/#website","url":"https:\/\/christinakosmeetika.ee\/","name":"Christinakosmeetika","description":"Christina kosmeetika Eestis","alternateName":"Christina kosmeetika Eestis","potentialAction":[{"@type":"SearchAction","target":{"@type":"EntryPoint","urlTemplate":"https:\/\/christinakosmeetika.ee\/?s={search_term_string}"},"query-input":{"@type":"PropertyValueSpecification","valueRequired":true,"valueName":"search_term_string"}}],"inLanguage":"et"}]}},"_links":{"self":[{"href":"https:\/\/christinakosmeetika.ee\/et\/wp-json\/wp\/v2\/product\/1889","targetHints":{"allow":["GET"]}}],"collection":[{"href":"https:\/\/christinakosmeetika.ee\/et\/wp-json\/wp\/v2\/product"}],"about":[{"href":"https:\/\/christinakosmeetika.ee\/et\/wp-json\/wp\/v2\/types\/product"}],"wp:featuredmedia":[{"embeddable":true,"href":"https:\/\/christinakosmeetika.ee\/et\/wp-json\/wp\/v2\/media\/6037"}],"wp:attachment":[{"href":"https:\/\/christinakosmeetika.ee\/et\/wp-json\/wp\/v2\/media?parent=1889"}],"wp:term":[{"taxonomy":"product_brand","embeddable":true,"href":"https:\/\/christinakosmeetika.ee\/et\/wp-json\/wp\/v2\/product_brand?post=1889"},{"taxonomy":"product_cat","embeddable":true,"href":"https:\/\/christinakosmeetika.ee\/et\/wp-json\/wp\/v2\/product_cat?post=1889"},{"taxonomy":"product_tag","embeddable":true,"href":"https:\/\/christinakosmeetika.ee\/et\/wp-json\/wp\/v2\/product_tag?post=1889"}],"curies":[{"name":"wp","href":"https:\/\/api.w.org\/{rel}","templated":true}]}}