{"id":1880,"date":"2021-05-14T20:35:55","date_gmt":"2021-05-14T20:35:55","guid":{"rendered":"http:\/\/christinakosmeetika.ee\/product\/bio-phyto-ultimate-defense-tinted-day-cream-spf-20\/"},"modified":"2026-04-17T07:06:33","modified_gmt":"2026-04-17T04:06:33","slug":"bio-phyto-ultimate-defense-tinted-day-cream-spf-20-et","status":"publish","type":"product","link":"https:\/\/christinakosmeetika.ee\/et\/toode\/bio-phyto-ultimate-defense-tinted-day-cream-spf-20-et\/","title":{"rendered":"BIO PHYTO Ultimate Defense Tinted Day Cream SPF 20 CHR587"},"content":{"rendered":"<section class=\"av_textblock_section \">\n<div class=\"avia_textblock \">\n<section class=\"av_textblock_section \">\n<div class=\"avia_textblock \">\n<p data-start=\"438\" data-end=\"618\"><strong>Christina Bio Phyto Ultimate Defense Tinted Day Cream SPF-20<\/strong> on tooniv p\u00e4evakreem, mis aitab \u00fcheaegselt niisutada nahka, \u00fchtlustada nahatooni ja kaitsta nahka p\u00e4ikesekiirguse eest.<\/p>\n<p data-start=\"620\" data-end=\"826\">Kreemi koostis \u00fchendab f\u00fc\u00fcsilised ja keemilised UV-filtrid, mis aitavad kaitsta nahka UVA- ja UVB-kiirguse eest. Kerge toon kohandub nahatooniga, aidates muuta jume visuaalselt \u00fchtlasemaks ja loomulikumaks.<\/p>\n<p data-start=\"828\" data-end=\"1040\">Niisutavad komponendid aitavad s\u00e4ilitada naha niiskustaset ja pehmendavad nahka. Vitamiinid ja antioks\u00fcdandid toetavad naha kaitsefunktsiooni ning aitavad v\u00e4hendada keskkonnam\u00f5jude ja p\u00e4ikesekiirguse m\u00f5ju nahale.<\/p>\n<p data-start=\"1042\" data-end=\"1155\">Kerge tekstuur jaotub nahal \u00fchtlaselt ja imendub kiiresti, j\u00e4ttes naha v\u00e4rske, \u00fchtlasema ja hooldatud v\u00e4limusega.<\/p>\n<hr data-start=\"1157\" data-end=\"1160\" \/>\n<h2 data-section-id=\"1rxt5mb\" data-start=\"1162\" data-end=\"1175\">Kasutamine<\/h2>\n<p data-start=\"1177\" data-end=\"1309\">Kanna v\u00e4ike kogus kreemi n\u00e4ole, kaelale ja dekolteepiirkonnale.<br data-start=\"1240\" data-end=\"1243\" \/>Jaota \u00f5rnade masseerivate liigutustega kuni t\u00e4ieliku imendumiseni.<\/p>\n<p data-start=\"1311\" data-end=\"1367\">Kasuta hommikuti. Umbes 15 minuti p\u00e4rast v\u00f5ib minna \u00f5ue.<\/p>\n<p><strong>Koostis:<\/strong><\/p>\n<\/div>\n<\/section>\n<section class=\"av_textblock_section \">\n<div class=\"avia_textblock \">\n<p>Deionized water (Aqua), Cyclopentasiloxane, Polymethyl Methacrylate&amp;, Bis-Ethylhexyloxyphenol Methoxyphenyl Triazine&amp;, Aminomethyl Propanol&amp;, Deionized water (Aqua)&amp;, Sodium Laureth Sulfate, Glyceryl Stearate&amp;, PEG-100 Stearate, Stearic Acid, C12-15 Alkyl Benzoate, Cetyl Alcohol, Sodium hyaluronate&amp;, 1,2-Hexanediol&amp;, Caprylyl Glycol, Octadecene&amp;, Stearyl Dimethicone, Ethylhexyl Triazone, Polysorbate 80, Alumina&amp;, Titanium Dioxide&amp;, Stearic Acid, Glycerin&amp;, Glyceryl Polyacrylate, Triethanolamine, Ethylhexylglycerin&amp;, Phenoxyethanol, Iron Oxides (CI 77491, CI 77492, CI 77499), Camellia Sinensis Leaf Extract&amp;, Butylene Glycol, Fragrance&amp;, Benzyl Salicylate&amp;, Butylphenyl Methylpropional&amp;, Geraniol&amp;, Hexyl Cinnamal&amp;, Limonene&amp;, Amyl Cinnamal, Acrylates\/C10-30 Alkyl Acrylate Crosspolymer, Tocopheryl Acetate, Chlorphenesin, Sodium Phytate, cyanocobalamin, Folic Acid.<\/p>\n<hr \/>\n<p><img loading=\"lazy\" decoding=\"async\" class=\"size-medium wp-image-10677 alignleft\" src=\"https:\/\/christinakosmeetika.ee\/wp-content\/uploads\/2025\/12\/Bio-Phyto-Ultimate-Defense-Tinted-Day-Cream-SPF-20-2-1-200x300.png\" alt=\"\" width=\"200\" height=\"300\" srcset=\"https:\/\/christinakosmeetika.ee\/wp-content\/uploads\/2025\/12\/Bio-Phyto-Ultimate-Defense-Tinted-Day-Cream-SPF-20-2-1-200x300.png 200w, https:\/\/christinakosmeetika.ee\/wp-content\/uploads\/2025\/12\/Bio-Phyto-Ultimate-Defense-Tinted-Day-Cream-SPF-20-2-1-600x900.png 600w, https:\/\/christinakosmeetika.ee\/wp-content\/uploads\/2025\/12\/Bio-Phyto-Ultimate-Defense-Tinted-Day-Cream-SPF-20-2-1-64x96.png 64w, https:\/\/christinakosmeetika.ee\/wp-content\/uploads\/2025\/12\/Bio-Phyto-Ultimate-Defense-Tinted-Day-Cream-SPF-20-2-1-687x1030.png 687w, https:\/\/christinakosmeetika.ee\/wp-content\/uploads\/2025\/12\/Bio-Phyto-Ultimate-Defense-Tinted-Day-Cream-SPF-20-2-1-768x1152.png 768w, https:\/\/christinakosmeetika.ee\/wp-content\/uploads\/2025\/12\/Bio-Phyto-Ultimate-Defense-Tinted-Day-Cream-SPF-20-2-1-1000x1500.png 1000w, https:\/\/christinakosmeetika.ee\/wp-content\/uploads\/2025\/12\/Bio-Phyto-Ultimate-Defense-Tinted-Day-Cream-SPF-20-2-1-470x705.png 470w, https:\/\/christinakosmeetika.ee\/wp-content\/uploads\/2025\/12\/Bio-Phyto-Ultimate-Defense-Tinted-Day-Cream-SPF-20-2-1-450x675.png 450w, https:\/\/christinakosmeetika.ee\/wp-content\/uploads\/2025\/12\/Bio-Phyto-Ultimate-Defense-Tinted-Day-Cream-SPF-20-2-1.png 1024w\" sizes=\"auto, (max-width: 200px) 100vw, 200px\" \/><\/p>\n<h2 data-section-id=\"1yzqg0d\" data-start=\"1374\" data-end=\"1415\"><a href=\"https:\/\/christinakosmeetika.ee\/et\/tooniv-paevakreem-spf\/\">Kuidas toimib tooniv p\u00e4evakreem SPF-20<\/a><\/h2>\n<p data-start=\"1417\" data-end=\"1575\">Hommikuti soovib nahk sageli enamat kui lihtsalt niisutust. Nahatoon v\u00f5ib tunduda eba\u00fchtlane ning nahk vajab samal ajal nii kaitset kui ka v\u00e4rskemat v\u00e4limust.<\/p>\n<p data-start=\"1577\" data-end=\"1720\">Bio Phyto Ultimate Defense Tinted Day Cream SPF-20 aitab kaitsta nahka p\u00e4ikese eest, \u00fchtlustada nahatooni ja muuta naha visuaalselt siledamaks.<\/p>\n<p data-start=\"1722\" data-end=\"1820\"><a href=\"https:\/\/christinakosmeetika.ee\/et\/tooniv-paevakreem-spf\/\">\ud83d\udc49 <strong data-start=\"1725\" data-end=\"1820\">Kuidas tooniv p\u00e4evakreem \u00fchendab SPF-kaitse, niisutuse ja kerge tooniva efekti \u2014 loe edasi\u2026<\/strong><\/a><\/p>\n<hr \/>\n<p data-start=\"627\" data-end=\"637\" data-is-last-node=\"\" data-is-only-node=\"\">\n<\/div>\n<\/section>\n<\/div>\n<\/section>\n","protected":false},"excerpt":{"rendered":"<h2>Tooniv p\u00e4evakreem SPF-20 Bio Phyto Ultimate Defense<\/h2>\n<p data-start=\"120\" data-end=\"155\"><strong>Aitab j\u00e4rgmiste probleemide korral:<\/strong><\/p>\n<p data-start=\"157\" data-end=\"337\">\u2022 naha kaitse vajadus p\u00e4ikese eest<br data-start=\"191\" data-end=\"194\" \/>\u2022 eba\u00fchtlane nahatoon<br data-start=\"215\" data-end=\"218\" \/>\u2022 v\u00e4ikesed nahapuudused<br data-start=\"241\" data-end=\"244\" \/>\u2022 naha kuivus ja niiskusepuudus<br data-start=\"275\" data-end=\"278\" \/>\u2022 vajadus kerge tooniva efekti j\u00e4rele ilma tugeva meigita<\/p>\n","protected":false},"featured_media":6333,"template":"","meta":[],"product_brand":[],"product_cat":[481,149],"product_tag":[],"class_list":{"0":"post-1880","1":"product","2":"type-product","3":"status-publish","4":"has-post-thumbnail","6":"product_cat-biophyto-et","7":"product_cat-kreem","8":"product_shipping_class-smart-itella-post","9":"pa_linii-kosmetiki-bio-phyto-et","10":"pa_reshenie-problem-suhost","11":"pa_reshenie-problem-kuperoz","12":"pa_tip-kozi-kombi-et","13":"pa_tip-kozi-normaalne-et","14":"pa_tip-preparata-kreem","15":"pa_vremja-primenenija-paevane","17":"first","18":"outofstock","19":"taxable","20":"shipping-taxable","21":"purchasable","22":"product-type-simple"},"yoast_head":"<!-- This site is optimized with the Yoast SEO plugin v27.5 - https:\/\/yoast.com\/product\/yoast-seo-wordpress\/ -->\n<title>Tooniv p\u00e4evakreem SPF-20 | Bio Phyto Ultimate Defense<\/title>\n<meta name=\"description\" content=\"Tooniva efektiga kreem niisutab ja pehmendab nahka, sisaldab nii keemilisi kui ka f\u00fc\u00fcsilisi p\u00e4ikesekaitsefiltreid ning tagab usaldusv\u00e4\u00e4rse kaitse.\" \/>\n<meta name=\"robots\" content=\"index, follow, max-snippet:-1, max-image-preview:large, max-video-preview:-1\" \/>\n<link rel=\"canonical\" href=\"https:\/\/christinakosmeetika.ee\/et\/toode\/bio-phyto-ultimate-defense-tinted-day-cream-spf-20-et\/\" \/>\n<meta property=\"og:locale\" content=\"et_EE\" \/>\n<meta property=\"og:type\" content=\"article\" \/>\n<meta property=\"og:title\" content=\"Tooniv p\u00e4evakreem SPF-20 | Bio Phyto Ultimate Defense\" \/>\n<meta property=\"og:description\" content=\"Tooniva efektiga kreem niisutab ja pehmendab nahka, sisaldab nii keemilisi kui ka f\u00fc\u00fcsilisi p\u00e4ikesekaitsefiltreid ning tagab usaldusv\u00e4\u00e4rse kaitse.\" \/>\n<meta property=\"og:url\" content=\"https:\/\/christinakosmeetika.ee\/et\/toode\/bio-phyto-ultimate-defense-tinted-day-cream-spf-20-et\/\" \/>\n<meta property=\"og:site_name\" content=\"Christinakosmeetika\" \/>\n<meta property=\"article:modified_time\" content=\"2026-04-17T04:06:33+00:00\" \/>\n<meta property=\"og:image\" content=\"https:\/\/christinakosmeetika.ee\/wp-content\/uploads\/2021\/05\/Ultimate-Defense-Tinted-Day-Cream-SPF-20.jpg\" \/>\n\t<meta property=\"og:image:width\" content=\"600\" \/>\n\t<meta property=\"og:image:height\" content=\"600\" \/>\n\t<meta property=\"og:image:type\" content=\"image\/jpeg\" \/>\n<meta name=\"twitter:card\" content=\"summary_large_image\" \/>\n<meta name=\"twitter:label1\" content=\"Est. reading time\" \/>\n\t<meta name=\"twitter:data1\" content=\"2 minutit\" \/>\n<script type=\"application\/ld+json\" class=\"yoast-schema-graph\">{\"@context\":\"https:\\\/\\\/schema.org\",\"@graph\":[{\"@type\":\"WebPage\",\"@id\":\"https:\\\/\\\/christinakosmeetika.ee\\\/et\\\/toode\\\/bio-phyto-ultimate-defense-tinted-day-cream-spf-20-et\\\/\",\"url\":\"https:\\\/\\\/christinakosmeetika.ee\\\/et\\\/toode\\\/bio-phyto-ultimate-defense-tinted-day-cream-spf-20-et\\\/\",\"name\":\"Tooniv p\u00e4evakreem SPF-20 | Bio Phyto Ultimate Defense\",\"isPartOf\":{\"@id\":\"https:\\\/\\\/christinakosmeetika.ee\\\/#website\"},\"primaryImageOfPage\":{\"@id\":\"https:\\\/\\\/christinakosmeetika.ee\\\/et\\\/toode\\\/bio-phyto-ultimate-defense-tinted-day-cream-spf-20-et\\\/#primaryimage\"},\"image\":{\"@id\":\"https:\\\/\\\/christinakosmeetika.ee\\\/et\\\/toode\\\/bio-phyto-ultimate-defense-tinted-day-cream-spf-20-et\\\/#primaryimage\"},\"thumbnailUrl\":\"https:\\\/\\\/christinakosmeetika.ee\\\/wp-content\\\/uploads\\\/2021\\\/05\\\/Ultimate-Defense-Tinted-Day-Cream-SPF-20.jpg\",\"datePublished\":\"2021-05-14T20:35:55+00:00\",\"dateModified\":\"2026-04-17T04:06:33+00:00\",\"description\":\"Tooniva efektiga kreem niisutab ja pehmendab nahka, sisaldab nii keemilisi kui ka f\u00fc\u00fcsilisi p\u00e4ikesekaitsefiltreid ning tagab usaldusv\u00e4\u00e4rse kaitse.\",\"breadcrumb\":{\"@id\":\"https:\\\/\\\/christinakosmeetika.ee\\\/et\\\/toode\\\/bio-phyto-ultimate-defense-tinted-day-cream-spf-20-et\\\/#breadcrumb\"},\"inLanguage\":\"et\",\"potentialAction\":[{\"@type\":\"ReadAction\",\"target\":[\"https:\\\/\\\/christinakosmeetika.ee\\\/et\\\/toode\\\/bio-phyto-ultimate-defense-tinted-day-cream-spf-20-et\\\/\"]}]},{\"@type\":\"ImageObject\",\"inLanguage\":\"et\",\"@id\":\"https:\\\/\\\/christinakosmeetika.ee\\\/et\\\/toode\\\/bio-phyto-ultimate-defense-tinted-day-cream-spf-20-et\\\/#primaryimage\",\"url\":\"https:\\\/\\\/christinakosmeetika.ee\\\/wp-content\\\/uploads\\\/2021\\\/05\\\/Ultimate-Defense-Tinted-Day-Cream-SPF-20.jpg\",\"contentUrl\":\"https:\\\/\\\/christinakosmeetika.ee\\\/wp-content\\\/uploads\\\/2021\\\/05\\\/Ultimate-Defense-Tinted-Day-Cream-SPF-20.jpg\",\"width\":600,\"height\":600,\"caption\":\"Bio Phyto Ultimate Defense Tinted Day Cream SPF 20\"},{\"@type\":\"BreadcrumbList\",\"@id\":\"https:\\\/\\\/christinakosmeetika.ee\\\/et\\\/toode\\\/bio-phyto-ultimate-defense-tinted-day-cream-spf-20-et\\\/#breadcrumb\",\"itemListElement\":[{\"@type\":\"ListItem\",\"position\":1,\"name\":\"\u0413\u043b\u0430\u0432\u043d\u0430\u044f \u0441\u0442\u0440\u0430\u043d\u0438\u0446\u0430\",\"item\":\"https:\\\/\\\/christinakosmeetika.ee\\\/et\\\/\"},{\"@type\":\"ListItem\",\"position\":2,\"name\":\"Pood\",\"item\":\"https:\\\/\\\/christinakosmeetika.ee\\\/et\\\/shop\\\/\"},{\"@type\":\"ListItem\",\"position\":3,\"name\":\"BIO PHYTO Ultimate Defense Tinted Day Cream SPF 20 CHR587\"}]},{\"@type\":\"WebSite\",\"@id\":\"https:\\\/\\\/christinakosmeetika.ee\\\/#website\",\"url\":\"https:\\\/\\\/christinakosmeetika.ee\\\/\",\"name\":\"Christinakosmeetika\",\"description\":\"Christina kosmeetika Eestis\",\"alternateName\":\"Christina kosmeetika Eestis\",\"potentialAction\":[{\"@type\":\"SearchAction\",\"target\":{\"@type\":\"EntryPoint\",\"urlTemplate\":\"https:\\\/\\\/christinakosmeetika.ee\\\/?s={search_term_string}\"},\"query-input\":{\"@type\":\"PropertyValueSpecification\",\"valueRequired\":true,\"valueName\":\"search_term_string\"}}],\"inLanguage\":\"et\"}]}<\/script>\n<!-- \/ Yoast SEO plugin. -->","yoast_head_json":{"title":"Tooniv p\u00e4evakreem SPF-20 | Bio Phyto Ultimate Defense","description":"Tooniva efektiga kreem niisutab ja pehmendab nahka, sisaldab nii keemilisi kui ka f\u00fc\u00fcsilisi p\u00e4ikesekaitsefiltreid ning tagab usaldusv\u00e4\u00e4rse kaitse.","robots":{"index":"index","follow":"follow","max-snippet":"max-snippet:-1","max-image-preview":"max-image-preview:large","max-video-preview":"max-video-preview:-1"},"canonical":"https:\/\/christinakosmeetika.ee\/et\/toode\/bio-phyto-ultimate-defense-tinted-day-cream-spf-20-et\/","og_locale":"et_EE","og_type":"article","og_title":"Tooniv p\u00e4evakreem SPF-20 | Bio Phyto Ultimate Defense","og_description":"Tooniva efektiga kreem niisutab ja pehmendab nahka, sisaldab nii keemilisi kui ka f\u00fc\u00fcsilisi p\u00e4ikesekaitsefiltreid ning tagab usaldusv\u00e4\u00e4rse kaitse.","og_url":"https:\/\/christinakosmeetika.ee\/et\/toode\/bio-phyto-ultimate-defense-tinted-day-cream-spf-20-et\/","og_site_name":"Christinakosmeetika","article_modified_time":"2026-04-17T04:06:33+00:00","og_image":[{"width":600,"height":600,"url":"https:\/\/christinakosmeetika.ee\/wp-content\/uploads\/2021\/05\/Ultimate-Defense-Tinted-Day-Cream-SPF-20.jpg","type":"image\/jpeg"}],"twitter_card":"summary_large_image","twitter_misc":{"Est. reading time":"2 minutit"},"schema":{"@context":"https:\/\/schema.org","@graph":[{"@type":"WebPage","@id":"https:\/\/christinakosmeetika.ee\/et\/toode\/bio-phyto-ultimate-defense-tinted-day-cream-spf-20-et\/","url":"https:\/\/christinakosmeetika.ee\/et\/toode\/bio-phyto-ultimate-defense-tinted-day-cream-spf-20-et\/","name":"Tooniv p\u00e4evakreem SPF-20 | Bio Phyto Ultimate Defense","isPartOf":{"@id":"https:\/\/christinakosmeetika.ee\/#website"},"primaryImageOfPage":{"@id":"https:\/\/christinakosmeetika.ee\/et\/toode\/bio-phyto-ultimate-defense-tinted-day-cream-spf-20-et\/#primaryimage"},"image":{"@id":"https:\/\/christinakosmeetika.ee\/et\/toode\/bio-phyto-ultimate-defense-tinted-day-cream-spf-20-et\/#primaryimage"},"thumbnailUrl":"https:\/\/christinakosmeetika.ee\/wp-content\/uploads\/2021\/05\/Ultimate-Defense-Tinted-Day-Cream-SPF-20.jpg","datePublished":"2021-05-14T20:35:55+00:00","dateModified":"2026-04-17T04:06:33+00:00","description":"Tooniva efektiga kreem niisutab ja pehmendab nahka, sisaldab nii keemilisi kui ka f\u00fc\u00fcsilisi p\u00e4ikesekaitsefiltreid ning tagab usaldusv\u00e4\u00e4rse kaitse.","breadcrumb":{"@id":"https:\/\/christinakosmeetika.ee\/et\/toode\/bio-phyto-ultimate-defense-tinted-day-cream-spf-20-et\/#breadcrumb"},"inLanguage":"et","potentialAction":[{"@type":"ReadAction","target":["https:\/\/christinakosmeetika.ee\/et\/toode\/bio-phyto-ultimate-defense-tinted-day-cream-spf-20-et\/"]}]},{"@type":"ImageObject","inLanguage":"et","@id":"https:\/\/christinakosmeetika.ee\/et\/toode\/bio-phyto-ultimate-defense-tinted-day-cream-spf-20-et\/#primaryimage","url":"https:\/\/christinakosmeetika.ee\/wp-content\/uploads\/2021\/05\/Ultimate-Defense-Tinted-Day-Cream-SPF-20.jpg","contentUrl":"https:\/\/christinakosmeetika.ee\/wp-content\/uploads\/2021\/05\/Ultimate-Defense-Tinted-Day-Cream-SPF-20.jpg","width":600,"height":600,"caption":"Bio Phyto Ultimate Defense Tinted Day Cream SPF 20"},{"@type":"BreadcrumbList","@id":"https:\/\/christinakosmeetika.ee\/et\/toode\/bio-phyto-ultimate-defense-tinted-day-cream-spf-20-et\/#breadcrumb","itemListElement":[{"@type":"ListItem","position":1,"name":"\u0413\u043b\u0430\u0432\u043d\u0430\u044f \u0441\u0442\u0440\u0430\u043d\u0438\u0446\u0430","item":"https:\/\/christinakosmeetika.ee\/et\/"},{"@type":"ListItem","position":2,"name":"Pood","item":"https:\/\/christinakosmeetika.ee\/et\/shop\/"},{"@type":"ListItem","position":3,"name":"BIO PHYTO Ultimate Defense Tinted Day Cream SPF 20 CHR587"}]},{"@type":"WebSite","@id":"https:\/\/christinakosmeetika.ee\/#website","url":"https:\/\/christinakosmeetika.ee\/","name":"Christinakosmeetika","description":"Christina kosmeetika Eestis","alternateName":"Christina kosmeetika Eestis","potentialAction":[{"@type":"SearchAction","target":{"@type":"EntryPoint","urlTemplate":"https:\/\/christinakosmeetika.ee\/?s={search_term_string}"},"query-input":{"@type":"PropertyValueSpecification","valueRequired":true,"valueName":"search_term_string"}}],"inLanguage":"et"}]}},"_links":{"self":[{"href":"https:\/\/christinakosmeetika.ee\/et\/wp-json\/wp\/v2\/product\/1880","targetHints":{"allow":["GET"]}}],"collection":[{"href":"https:\/\/christinakosmeetika.ee\/et\/wp-json\/wp\/v2\/product"}],"about":[{"href":"https:\/\/christinakosmeetika.ee\/et\/wp-json\/wp\/v2\/types\/product"}],"wp:featuredmedia":[{"embeddable":true,"href":"https:\/\/christinakosmeetika.ee\/et\/wp-json\/wp\/v2\/media\/6333"}],"wp:attachment":[{"href":"https:\/\/christinakosmeetika.ee\/et\/wp-json\/wp\/v2\/media?parent=1880"}],"wp:term":[{"taxonomy":"product_brand","embeddable":true,"href":"https:\/\/christinakosmeetika.ee\/et\/wp-json\/wp\/v2\/product_brand?post=1880"},{"taxonomy":"product_cat","embeddable":true,"href":"https:\/\/christinakosmeetika.ee\/et\/wp-json\/wp\/v2\/product_cat?post=1880"},{"taxonomy":"product_tag","embeddable":true,"href":"https:\/\/christinakosmeetika.ee\/et\/wp-json\/wp\/v2\/product_tag?post=1880"}],"curies":[{"name":"wp","href":"https:\/\/api.w.org\/{rel}","templated":true}]}}