{"id":1875,"date":"2021-05-14T20:57:05","date_gmt":"2021-05-14T20:57:05","guid":{"rendered":"http:\/\/christinakosmeetika.ee\/product\/bio-phyto-balancing-cream\/"},"modified":"2026-04-10T11:14:16","modified_gmt":"2026-04-10T08:14:16","slug":"bio-phyto-balancing-cream","status":"publish","type":"product","link":"https:\/\/christinakosmeetika.ee\/et\/toode\/bio-phyto-balancing-cream\/","title":{"rendered":"BIO PHYTO Balancing Cream CHR585"},"content":{"rendered":"<section>\n<section>\n<section>\n<p data-start=\"419\" data-end=\"708\">Christina <strong data-start=\"429\" data-end=\"458\">Bio Phyto Balancing Cream<\/strong> on kerge tasakaalustav n\u00e4okreem, mis on loodud naha hoolduseks, kui nahk kipub l\u00e4ikima, muutub tundlikuks v\u00f5i kaotab oma loomuliku tasakaalu. Kreem aitab v\u00e4hendada liigset rasust l\u00e4iget, pehmendab nahka ning toetab naha mugavat ja \u00fchtlast seisundit.<\/p>\n<p data-start=\"710\" data-end=\"907\">Kreemi kerge tekstuur imendub kiiresti ega koorma nahka. Regulaarse kasutamise korral aitab kreem hoida naha tasakaalu, parandada naha \u00fcldist v\u00e4ljan\u00e4gemist ning muuta naha v\u00e4rskemaks ja siledamaks.<\/p>\n<p data-start=\"909\" data-end=\"1093\">Bio Phyto Balancing Cream sobib igap\u00e4evaseks kasutamiseks ja aitab hoida naha loomulikku tasakaalu ka siis, kui nahk reageerib v\u00e4listele teguritele v\u00f5i muutub ajutiselt ebastabiilseks.<\/p>\n<hr data-start=\"1095\" data-end=\"1098\" \/>\n<h3 data-section-id=\"16rwqds\" data-start=\"1100\" data-end=\"1114\">Kasutamine<\/h3>\n<p data-start=\"1116\" data-end=\"1252\">Parimate tulemuste saavutamiseks soovitatakse kasutada <strong data-start=\"1171\" data-end=\"1200\">BIO PHYTO Balancing Cream<\/strong> iga p\u00e4ev hommikul ja \u00f5htul p\u00e4rast naha puhastamist.<\/p>\n<p data-start=\"1254\" data-end=\"1379\">Kandke v\u00e4ike kogus kreemi n\u00e4o-, kaela- ja dekolteepiirkonnale. Jaotage toode kergete liigutustega kuni t\u00e4ieliku imendumiseni.<\/p>\n<p data-start=\"1381\" data-end=\"1488\">P\u00e4evasel ajal soovitatakse lisaks kasutada p\u00e4ikesekaitsekreemi, et kaitsta nahka ultraviolettkiirguse eest.<\/p>\n<section class=\"av_textblock_section \">\n<div class=\"avia_textblock \">\n<section class=\"av_textblock_section \">\n<div class=\"avia_textblock \">\n<section class=\"av_textblock_section \">\n<div class=\"avia_textblock \"><\/div>\n<\/section>\n<\/div>\n<\/section>\n<\/div>\n<\/section>\n<\/section>\n<section>\n<hr \/>\n<\/section>\n<section><img loading=\"lazy\" decoding=\"async\" class=\"size-medium wp-image-10440 alignleft\" src=\"https:\/\/christinakosmeetika.ee\/wp-content\/uploads\/2021\/05\/20251227_1955_Premium-Cream-Squeeze_remix_01kdgf5q96eyhvnkk2b6st90p2-1-200x300.png\" alt=\"\" width=\"200\" height=\"300\" \/><\/section>\n<section>\n<h3 data-section-id=\"1uvtvi9\" data-start=\"160\" data-end=\"203\"><a href=\"https:\/\/christinakosmeetika.ee\/et\/kreem-kombineeritud-nahale-bio-phyto-balancing-cream\/?lang=et\">Kuidas t\u00f6\u00f6tab Bio Phyto Balancing Cream<\/a><\/h3>\n<p data-start=\"205\" data-end=\"326\">M\u00f5nikord hakkab nahk k\u00e4ituma ettearvamatult.<br data-start=\"249\" data-end=\"252\" \/>\u00dches piirkonnas tekib rasune l\u00e4ige, teises aga kuivuse ja kiskumise tunne.<\/p>\n<p data-start=\"328\" data-end=\"412\">Nahk v\u00f5ib reageerida tavap\u00e4rasele hooldusele, n\u00e4ida v\u00e4sinud ja kaotada oma v\u00e4rskuse.<\/p>\n<p data-start=\"414\" data-end=\"538\">Sellistes olukordades soovitatakse tavaliselt \u00fchte kahest:<br data-start=\"472\" data-end=\"475\" \/>kas tugevalt matistada nahka v\u00f5i lihtsalt suurendada niisutust.<\/p>\n<p data-start=\"540\" data-end=\"655\">Aga probleem on selles, et rasusus ja naha niiskuspuudus on sageli seotud sama p\u00f5hjusega, millest harva r\u00e4\u00e4gitakse.<\/p>\n<p data-start=\"657\" data-end=\"751\">Kui seda mitte arvesse v\u00f5tta, v\u00f5ib nahk j\u00e4tkata tasakaalu kaotamist isegi hea hoolduse korral.<\/p>\n<p data-start=\"753\" data-end=\"873\">\ud83d\udc49 Seet\u00f5ttu on m\u00f5nikord oluline mitte ainult matistada v\u00f5i niisutada nahka,<br data-start=\"828\" data-end=\"831\" \/>vaid <a href=\"https:\/\/christinakosmeetika.ee\/et\/kreem-kombineeritud-nahale-bio-phyto-balancing-cream\/?lang=et\"><strong data-start=\"836\" data-end=\"872\">taastada selle loomulik tasakaal<\/strong>.\u00a0 \u00a0 \u00a0<strong data-start=\"875\" data-end=\"889\" data-is-last-node=\"\">loe edasi\u2026<\/strong><\/a><\/p>\n<section><strong>Koostis:<\/strong><\/section>\n<section>Deionized water (Aqua), Cetyl Alcohol, Glyceryl Stearate, Capryloyl Glycine&amp;, Cinnamomum Zeylanicum Bark Extract&amp;, Deionized water (Aqua)&amp;, Hexylene Glycol&amp;, Sarcosine, Glycerin, Caprylic\/Capric Triglyceride, Butyrospermum Parkii (Shea) Butter, Deionized water (Aqua)&amp;, Isohexadecane&amp;, Polysorbate 80&amp;, Sodium Acrylate\/Sodium Acryloyldimethyl Taurate Copolymer&amp;, Sorbitan Oleate, Prunus Amygdalus Dulcis (Sweet Almond) Oil, Ethoxydiglycol, Ethylhexyl Palmitate, PEG-40 Stearate, Calendula Officinalis Flower Extract&amp;, Helianthus Annuus (Sunflower) Seed Oil, Ethylhexylglycerin&amp;, Phenoxyethanol, Ammonium Acryloyldimethyltaurate\/VP Copolymer, Dimethicone, Aloe Barbadensis Leaf Extract&amp;, Maltodextrin, Sorbitan Tristearate, Chlorphenesin, Geranium Maculatum Oil, Butylene Glycol&amp;, Camellia Sinensis Leaf Extract&amp;, Deionized water (Aqua)&amp;, Glycerin, Sodium Phytate, Triclosan.<\/section>\n<hr \/>\n<p data-start=\"483\" data-end=\"493\" data-is-last-node=\"\" data-is-only-node=\"\">\n<\/section>\n<\/section>\n<\/section>\n","protected":false},"excerpt":{"rendered":"<h2 class=\"av-special-heading-tag \">Tasakaalustav n\u00e4okreem<\/h2>\n<p data-start=\"225\" data-end=\"231\">Aitab:<\/p>\n<p data-start=\"233\" data-end=\"397\">\u2022 T-tsooni liigse rasu korral<br data-start=\"262\" data-end=\"265\" \/>\u2022 naha tasakaalu h\u00e4irete korral<br data-start=\"296\" data-end=\"299\" \/>\u2022 naha kuivuse ja niiskuspuuduse korral<br data-start=\"338\" data-end=\"341\" \/>\u2022 tundliku naha korral<br data-start=\"363\" data-end=\"366\" \/>\u2022 naha ebamugavustunde korral<\/p>\n","protected":false},"featured_media":1576,"template":"","meta":[],"product_brand":[],"product_cat":[481,149],"product_tag":[],"class_list":{"0":"post-1875","1":"product","2":"type-product","3":"status-publish","4":"has-post-thumbnail","6":"product_cat-biophyto-et","7":"product_cat-kreem","8":"product_shipping_class-smart-itella-post","9":"pa_linii-kosmetiki-bio-phyto-et","10":"pa_reshenie-problem-akne","11":"pa_reshenie-problem-kuperoz","12":"pa_reshenie-problem-chuvstvitelnaja-koza","13":"pa_tip-kozi-kombi-et","14":"pa_tip-kozi-rasvane-et","15":"pa_tip-preparata-kreem","16":"pa_vremja-primenenija-oine","17":"pa_vremja-primenenija-paevane","19":"first","20":"instock","21":"taxable","22":"shipping-taxable","23":"purchasable","24":"product-type-simple"},"yoast_head":"<!-- This site is optimized with the Yoast SEO plugin v27.5 - https:\/\/yoast.com\/product\/yoast-seo-wordpress\/ -->\n<title>Bio Phyto Balancing Cream \u2013 tasakaalustav n\u00e4okreem<\/title>\n<meta name=\"description\" content=\"Bio Phyto Balancing Cream on kerge kreem, mis pakub terviklikku hooldust probleemsele, kombineeritud ja tundlikule nahale.\" \/>\n<meta name=\"robots\" content=\"index, follow, max-snippet:-1, max-image-preview:large, max-video-preview:-1\" \/>\n<link rel=\"canonical\" href=\"https:\/\/christinakosmeetika.ee\/product\/bio-phyto-balancing-cream\/\" \/>\n<meta property=\"og:locale\" content=\"et_EE\" \/>\n<meta property=\"og:type\" content=\"article\" \/>\n<meta property=\"og:title\" content=\"Bio Phyto Balancing Cream \u2013 tasakaalustav n\u00e4okreem\" \/>\n<meta property=\"og:description\" content=\"Bio Phyto Balancing Cream on kerge kreem, mis pakub terviklikku hooldust probleemsele, kombineeritud ja tundlikule nahale.\" \/>\n<meta property=\"og:url\" content=\"https:\/\/christinakosmeetika.ee\/product\/bio-phyto-balancing-cream\/\" \/>\n<meta property=\"og:site_name\" content=\"Christinakosmeetika\" \/>\n<meta property=\"article:modified_time\" content=\"2026-04-10T08:14:16+00:00\" \/>\n<meta property=\"og:image\" content=\"https:\/\/christinakosmeetika.ee\/wp-content\/uploads\/2021\/05\/Balancing-Cream-450.jpg\" \/>\n\t<meta property=\"og:image:width\" content=\"450\" \/>\n\t<meta property=\"og:image:height\" content=\"450\" \/>\n\t<meta property=\"og:image:type\" content=\"image\/jpeg\" \/>\n<meta name=\"twitter:card\" content=\"summary_large_image\" \/>\n<meta name=\"twitter:label1\" content=\"Est. reading time\" \/>\n\t<meta name=\"twitter:data1\" content=\"2 minutit\" \/>\n<script type=\"application\/ld+json\" class=\"yoast-schema-graph\">{\"@context\":\"https:\\\/\\\/schema.org\",\"@graph\":[{\"@type\":\"WebPage\",\"@id\":\"https:\\\/\\\/christinakosmeetika.ee\\\/product\\\/bio-phyto-balancing-cream\\\/\",\"url\":\"https:\\\/\\\/christinakosmeetika.ee\\\/product\\\/bio-phyto-balancing-cream\\\/\",\"name\":\"Bio Phyto Balancing Cream \u2013 tasakaalustav n\u00e4okreem\",\"isPartOf\":{\"@id\":\"https:\\\/\\\/christinakosmeetika.ee\\\/#website\"},\"primaryImageOfPage\":{\"@id\":\"https:\\\/\\\/christinakosmeetika.ee\\\/product\\\/bio-phyto-balancing-cream\\\/#primaryimage\"},\"image\":{\"@id\":\"https:\\\/\\\/christinakosmeetika.ee\\\/product\\\/bio-phyto-balancing-cream\\\/#primaryimage\"},\"thumbnailUrl\":\"https:\\\/\\\/christinakosmeetika.ee\\\/wp-content\\\/uploads\\\/2021\\\/05\\\/Balancing-Cream-450.jpg\",\"datePublished\":\"2021-05-14T20:57:05+00:00\",\"dateModified\":\"2026-04-10T08:14:16+00:00\",\"description\":\"Bio Phyto Balancing Cream on kerge kreem, mis pakub terviklikku hooldust probleemsele, kombineeritud ja tundlikule nahale.\",\"breadcrumb\":{\"@id\":\"https:\\\/\\\/christinakosmeetika.ee\\\/product\\\/bio-phyto-balancing-cream\\\/#breadcrumb\"},\"inLanguage\":\"et\",\"potentialAction\":[{\"@type\":\"ReadAction\",\"target\":[\"https:\\\/\\\/christinakosmeetika.ee\\\/product\\\/bio-phyto-balancing-cream\\\/\"]}]},{\"@type\":\"ImageObject\",\"inLanguage\":\"et\",\"@id\":\"https:\\\/\\\/christinakosmeetika.ee\\\/product\\\/bio-phyto-balancing-cream\\\/#primaryimage\",\"url\":\"https:\\\/\\\/christinakosmeetika.ee\\\/wp-content\\\/uploads\\\/2021\\\/05\\\/Balancing-Cream-450.jpg\",\"contentUrl\":\"https:\\\/\\\/christinakosmeetika.ee\\\/wp-content\\\/uploads\\\/2021\\\/05\\\/Balancing-Cream-450.jpg\",\"width\":450,\"height\":450,\"caption\":\"Bio Phyto Balancing Cream\"},{\"@type\":\"BreadcrumbList\",\"@id\":\"https:\\\/\\\/christinakosmeetika.ee\\\/product\\\/bio-phyto-balancing-cream\\\/#breadcrumb\",\"itemListElement\":[{\"@type\":\"ListItem\",\"position\":1,\"name\":\"\u0413\u043b\u0430\u0432\u043d\u0430\u044f \u0441\u0442\u0440\u0430\u043d\u0438\u0446\u0430\",\"item\":\"https:\\\/\\\/christinakosmeetika.ee\\\/et\\\/\"},{\"@type\":\"ListItem\",\"position\":2,\"name\":\"Pood\",\"item\":\"https:\\\/\\\/christinakosmeetika.ee\\\/et\\\/shop\\\/\"},{\"@type\":\"ListItem\",\"position\":3,\"name\":\"BIO PHYTO Balancing Cream CHR585\"}]},{\"@type\":\"WebSite\",\"@id\":\"https:\\\/\\\/christinakosmeetika.ee\\\/#website\",\"url\":\"https:\\\/\\\/christinakosmeetika.ee\\\/\",\"name\":\"Christinakosmeetika\",\"description\":\"Christina kosmeetika Eestis\",\"alternateName\":\"Christina kosmeetika Eestis\",\"potentialAction\":[{\"@type\":\"SearchAction\",\"target\":{\"@type\":\"EntryPoint\",\"urlTemplate\":\"https:\\\/\\\/christinakosmeetika.ee\\\/?s={search_term_string}\"},\"query-input\":{\"@type\":\"PropertyValueSpecification\",\"valueRequired\":true,\"valueName\":\"search_term_string\"}}],\"inLanguage\":\"et\"}]}<\/script>\n<!-- \/ Yoast SEO plugin. -->","yoast_head_json":{"title":"Bio Phyto Balancing Cream \u2013 tasakaalustav n\u00e4okreem","description":"Bio Phyto Balancing Cream on kerge kreem, mis pakub terviklikku hooldust probleemsele, kombineeritud ja tundlikule nahale.","robots":{"index":"index","follow":"follow","max-snippet":"max-snippet:-1","max-image-preview":"max-image-preview:large","max-video-preview":"max-video-preview:-1"},"canonical":"https:\/\/christinakosmeetika.ee\/product\/bio-phyto-balancing-cream\/","og_locale":"et_EE","og_type":"article","og_title":"Bio Phyto Balancing Cream \u2013 tasakaalustav n\u00e4okreem","og_description":"Bio Phyto Balancing Cream on kerge kreem, mis pakub terviklikku hooldust probleemsele, kombineeritud ja tundlikule nahale.","og_url":"https:\/\/christinakosmeetika.ee\/product\/bio-phyto-balancing-cream\/","og_site_name":"Christinakosmeetika","article_modified_time":"2026-04-10T08:14:16+00:00","og_image":[{"width":450,"height":450,"url":"https:\/\/christinakosmeetika.ee\/wp-content\/uploads\/2021\/05\/Balancing-Cream-450.jpg","type":"image\/jpeg"}],"twitter_card":"summary_large_image","twitter_misc":{"Est. reading time":"2 minutit"},"schema":{"@context":"https:\/\/schema.org","@graph":[{"@type":"WebPage","@id":"https:\/\/christinakosmeetika.ee\/product\/bio-phyto-balancing-cream\/","url":"https:\/\/christinakosmeetika.ee\/product\/bio-phyto-balancing-cream\/","name":"Bio Phyto Balancing Cream \u2013 tasakaalustav n\u00e4okreem","isPartOf":{"@id":"https:\/\/christinakosmeetika.ee\/#website"},"primaryImageOfPage":{"@id":"https:\/\/christinakosmeetika.ee\/product\/bio-phyto-balancing-cream\/#primaryimage"},"image":{"@id":"https:\/\/christinakosmeetika.ee\/product\/bio-phyto-balancing-cream\/#primaryimage"},"thumbnailUrl":"https:\/\/christinakosmeetika.ee\/wp-content\/uploads\/2021\/05\/Balancing-Cream-450.jpg","datePublished":"2021-05-14T20:57:05+00:00","dateModified":"2026-04-10T08:14:16+00:00","description":"Bio Phyto Balancing Cream on kerge kreem, mis pakub terviklikku hooldust probleemsele, kombineeritud ja tundlikule nahale.","breadcrumb":{"@id":"https:\/\/christinakosmeetika.ee\/product\/bio-phyto-balancing-cream\/#breadcrumb"},"inLanguage":"et","potentialAction":[{"@type":"ReadAction","target":["https:\/\/christinakosmeetika.ee\/product\/bio-phyto-balancing-cream\/"]}]},{"@type":"ImageObject","inLanguage":"et","@id":"https:\/\/christinakosmeetika.ee\/product\/bio-phyto-balancing-cream\/#primaryimage","url":"https:\/\/christinakosmeetika.ee\/wp-content\/uploads\/2021\/05\/Balancing-Cream-450.jpg","contentUrl":"https:\/\/christinakosmeetika.ee\/wp-content\/uploads\/2021\/05\/Balancing-Cream-450.jpg","width":450,"height":450,"caption":"Bio Phyto Balancing Cream"},{"@type":"BreadcrumbList","@id":"https:\/\/christinakosmeetika.ee\/product\/bio-phyto-balancing-cream\/#breadcrumb","itemListElement":[{"@type":"ListItem","position":1,"name":"\u0413\u043b\u0430\u0432\u043d\u0430\u044f \u0441\u0442\u0440\u0430\u043d\u0438\u0446\u0430","item":"https:\/\/christinakosmeetika.ee\/et\/"},{"@type":"ListItem","position":2,"name":"Pood","item":"https:\/\/christinakosmeetika.ee\/et\/shop\/"},{"@type":"ListItem","position":3,"name":"BIO PHYTO Balancing Cream CHR585"}]},{"@type":"WebSite","@id":"https:\/\/christinakosmeetika.ee\/#website","url":"https:\/\/christinakosmeetika.ee\/","name":"Christinakosmeetika","description":"Christina kosmeetika Eestis","alternateName":"Christina kosmeetika Eestis","potentialAction":[{"@type":"SearchAction","target":{"@type":"EntryPoint","urlTemplate":"https:\/\/christinakosmeetika.ee\/?s={search_term_string}"},"query-input":{"@type":"PropertyValueSpecification","valueRequired":true,"valueName":"search_term_string"}}],"inLanguage":"et"}]}},"_links":{"self":[{"href":"https:\/\/christinakosmeetika.ee\/et\/wp-json\/wp\/v2\/product\/1875","targetHints":{"allow":["GET"]}}],"collection":[{"href":"https:\/\/christinakosmeetika.ee\/et\/wp-json\/wp\/v2\/product"}],"about":[{"href":"https:\/\/christinakosmeetika.ee\/et\/wp-json\/wp\/v2\/types\/product"}],"wp:featuredmedia":[{"embeddable":true,"href":"https:\/\/christinakosmeetika.ee\/et\/wp-json\/wp\/v2\/media\/1576"}],"wp:attachment":[{"href":"https:\/\/christinakosmeetika.ee\/et\/wp-json\/wp\/v2\/media?parent=1875"}],"wp:term":[{"taxonomy":"product_brand","embeddable":true,"href":"https:\/\/christinakosmeetika.ee\/et\/wp-json\/wp\/v2\/product_brand?post=1875"},{"taxonomy":"product_cat","embeddable":true,"href":"https:\/\/christinakosmeetika.ee\/et\/wp-json\/wp\/v2\/product_cat?post=1875"},{"taxonomy":"product_tag","embeddable":true,"href":"https:\/\/christinakosmeetika.ee\/et\/wp-json\/wp\/v2\/product_tag?post=1875"}],"curies":[{"name":"wp","href":"https:\/\/api.w.org\/{rel}","templated":true}]}}