{"id":1873,"date":"2021-05-15T06:03:46","date_gmt":"2021-05-15T06:03:46","guid":{"rendered":"http:\/\/christinakosmeetika.ee\/product\/bio-phyto-anti-rougeurs-mask\/"},"modified":"2026-04-10T11:08:12","modified_gmt":"2026-04-10T08:08:12","slug":"bio-phyto-anti-rougeurs-mask","status":"publish","type":"product","link":"https:\/\/christinakosmeetika.ee\/et\/toode\/bio-phyto-anti-rougeurs-mask\/","title":{"rendered":"BIO PHYTO Anti Rougeurs mask 75ml CHR570"},"content":{"rendered":"<section class=\"av_textblock_section \">\n<div class=\"avia_textblock \">\n<section class=\"av_textblock_section \">\n<div class=\"avia_textblock \">\n<p data-start=\"327\" data-end=\"518\">Bio Phyto Anti Rougeurs Mask on rahustav n\u00e4omask tundlikule nahale, mis on kalduv punetusele ja kuperoosale. Mask aitab v\u00e4hendada naha punetust, leevendada \u00e4rritust ja toetada naha tasakaalu.<\/p>\n<p data-start=\"520\" data-end=\"745\">Maski koostis aitab v\u00e4hendada h\u00fcpereemiat, leevendada turset ja toetada naha loomuliku kaitsebarj\u00e4\u00e4ri taastumist. Aktiivsed komponendid aitavad rahustada tundlikku nahka, toetada naha tasakaalu ja muuta nahatooni \u00fchtlasemaks.<\/p>\n<p data-start=\"747\" data-end=\"864\">Regulaarse kasutamise korral n\u00e4eb nahk rahulikum, v\u00e4rskem ja hoolitsetum v\u00e4lja ning punetus muutub v\u00e4hem m\u00e4rgatavaks.<\/p>\n<hr data-start=\"866\" data-end=\"869\" \/>\n<h2 data-section-id=\"1rxt5mb\" data-start=\"871\" data-end=\"884\">Kasutamine<\/h2>\n<p data-start=\"886\" data-end=\"1013\">Kanna mask puhastatud n\u00e4onahale, v\u00e4ltides silma\u00fcmbruse piirkonda.<br data-start=\"951\" data-end=\"954\" \/>J\u00e4ta toimima 15\u201320 minutiks ja loputa seej\u00e4rel sooja veega.<\/p>\n<p data-start=\"1015\" data-end=\"1067\">Kasuta 1\u20132 korda n\u00e4dalas p\u00e4rast naha s\u00fcgavpuhastust.<\/p>\n<\/div>\n<\/section>\n<section class=\"av_textblock_section \">\n<div class=\"avia_textblock \">\n<p>&nbsp;<\/p>\n<p><img loading=\"lazy\" decoding=\"async\" class=\"alignnone size-medium wp-image-12394\" src=\"https:\/\/christinakosmeetika.ee\/wp-content\/uploads\/2021\/05\/ChatGPT-Image-29-\u044f\u043d\u0432.-2026-\u0433.-15_36_35-2-200x300.png\" alt=\"\" width=\"200\" height=\"300\" srcset=\"https:\/\/christinakosmeetika.ee\/wp-content\/uploads\/2021\/05\/ChatGPT-Image-29-\u044f\u043d\u0432.-2026-\u0433.-15_36_35-2-200x300.png 200w, https:\/\/christinakosmeetika.ee\/wp-content\/uploads\/2021\/05\/ChatGPT-Image-29-\u044f\u043d\u0432.-2026-\u0433.-15_36_35-2-687x1030.png 687w, https:\/\/christinakosmeetika.ee\/wp-content\/uploads\/2021\/05\/ChatGPT-Image-29-\u044f\u043d\u0432.-2026-\u0433.-15_36_35-2-768x1152.png 768w, https:\/\/christinakosmeetika.ee\/wp-content\/uploads\/2021\/05\/ChatGPT-Image-29-\u044f\u043d\u0432.-2026-\u0433.-15_36_35-2-1000x1500.png 1000w, https:\/\/christinakosmeetika.ee\/wp-content\/uploads\/2021\/05\/ChatGPT-Image-29-\u044f\u043d\u0432.-2026-\u0433.-15_36_35-2-470x705.png 470w, https:\/\/christinakosmeetika.ee\/wp-content\/uploads\/2021\/05\/ChatGPT-Image-29-\u044f\u043d\u0432.-2026-\u0433.-15_36_35-2-450x675.png 450w, https:\/\/christinakosmeetika.ee\/wp-content\/uploads\/2021\/05\/ChatGPT-Image-29-\u044f\u043d\u0432.-2026-\u0433.-15_36_35-2-600x900.png 600w, https:\/\/christinakosmeetika.ee\/wp-content\/uploads\/2021\/05\/ChatGPT-Image-29-\u044f\u043d\u0432.-2026-\u0433.-15_36_35-2.png 1024w\" sizes=\"auto, (max-width: 200px) 100vw, 200px\" \/><\/p>\n<h2 data-section-id=\"b3ltcw\" data-start=\"1698\" data-end=\"1743\"><a href=\"https:\/\/christinakosmeetika.ee\/et\/naha-punetus-naomask\/\">Kuidas rahustada punetusele kalduvat nahka<\/a><\/h2>\n<p data-start=\"1745\" data-end=\"1907\">Naha punetus ei t\u00e4henda alati ainult tundlikkust. Sageli on see m\u00e4rk sellest, et nahk reageerib v\u00e4listele teguritele tugevamalt ja kaotab oma loomuliku tasakaalu.<\/p>\n<p data-start=\"1909\" data-end=\"2069\">Bio Phyto Anti Rougeurs Mask on loodud just selliste seisundite jaoks \u2014 kui nahk vajab rahustamist, reaktsioonide v\u00e4hendamist ja \u00fchtlasema nahatooni taastamist.<\/p>\n<p data-start=\"2071\" data-end=\"2157\" data-is-last-node=\"\" data-is-only-node=\"\"><a href=\"https:\/\/christinakosmeetika.ee\/et\/naha-punetus-naomask\/\">\ud83d\udc49 Kuidas mask aitab v\u00e4hendada naha punetust ja rahustada tundlikku nahka \u2014 loe edasi\u2026<\/a><\/p>\n<section class=\"av_textblock_section \">\n<div class=\"avia_textblock \">\n<p data-start=\"136\" data-end=\"346\"><strong>Koostis:<\/strong><\/p>\n<\/div>\n<\/section>\n<section class=\"av_textblock_section \">\n<div class=\"avia_textblock \">\n<p><span class=\"fontstyle0\">Deionized water (Aqua), Kaolin, Glycerin, Cetyl Alcohol, Zinc Oxide, Isopropyl Myristate, Calendula Officinalis Flower Extract&amp;, Helianthus Annuus (Sunflower) Seed Oil, Vitis Vinifera (Grape) Seed Oil, Cetearyl Alcohol&amp;, PEG-20 Stearate, SD Alcohol 40, Titanium Dioxide, Hydroxyethylcellulose, Tasmannia Lanceolata Fruit Extract, Ethylhexylglycerin&amp;, Phenoxyethanol, Propolis Extract&amp;, Citric Acid&amp;, Potassium Sorbate&amp;, Sodium Benzoate, Sodium Myristyl Sulfate, Sorbitan Tristearate, Camphor, Menthyl Lactate, Caprylyl Glycol, Chlorphenesin, Geranium Maculatum Oil, Sodium Phytate, chlorophyllin-copper complex<\/span><\/p>\n<\/div>\n<\/section>\n<p data-start=\"327\" data-end=\"411\" data-is-last-node=\"\" data-is-only-node=\"\">\n<\/div>\n<\/section>\n<\/div>\n<\/section>\n","protected":false},"excerpt":{"rendered":"<h2>Bio Phyto mask naha punetuse ja kuperoosa vastu<\/h2>\n<p data-start=\"55\" data-end=\"94\"><strong data-start=\"55\" data-end=\"94\">Aitab j\u00e4rgmiste probleemide korral:<\/strong><\/p>\n<p data-start=\"96\" data-end=\"177\" data-is-last-node=\"\" data-is-only-node=\"\">\u2022 naha punetus<br data-start=\"110\" data-end=\"113\" \/>\u2022 kuperoos<br data-start=\"123\" data-end=\"126\" data-is-only-node=\"\" \/>\u2022 \u00e4rritunud ja tundlik nahk<br data-start=\"153\" data-end=\"156\" \/>\u2022 eba\u00fchtlane nahatoon<\/p>\n","protected":false},"featured_media":1577,"template":"","meta":[],"product_brand":[],"product_cat":[481,150],"product_tag":[],"class_list":{"0":"post-1873","1":"product","2":"type-product","3":"status-publish","4":"has-post-thumbnail","6":"product_cat-biophyto-et","7":"product_cat-mask-et","8":"product_shipping_class-smart-itella-post","9":"pa_linii-kosmetiki-bio-phyto-et","10":"pa_reshenie-problem-ebauhtlane-nahatoon","11":"pa_reshenie-problem-suhost","12":"pa_reshenie-problem-kuperoz","13":"pa_reshenie-problem-chuvstvitelnaja-koza","14":"pa_tip-kozi-koik-nahatuubid-et","15":"pa_tip-kozi-kombi-et","16":"pa_tip-kozi-kuiv-et","17":"pa_tip-kozi-normaalne-et","18":"pa_tip-kozi-rasvane-et","19":"pa_tip-preparata-mask-et","20":"pa_vremja-primenenija-oine","21":"pa_vremja-primenenija-paevane","23":"first","24":"instock","25":"taxable","26":"shipping-taxable","27":"purchasable","28":"product-type-simple"},"yoast_head":"<!-- This site is optimized with the Yoast SEO plugin v27.5 - https:\/\/yoast.com\/product\/yoast-seo-wordpress\/ -->\n<title>Mask naha punetuse vastu | Bio Phyto Anti Rougeurs Mask<\/title>\n<meta name=\"description\" content=\"Mask on spetsiaalselt v\u00e4lja t\u00f6\u00f6tatud tundlikule, kuperoosile kalduvale nahale. V\u00e4hendab punetust, rahustab turset ja niisutab nahka.\" \/>\n<meta name=\"robots\" content=\"index, follow, max-snippet:-1, max-image-preview:large, max-video-preview:-1\" \/>\n<link rel=\"canonical\" href=\"https:\/\/christinakosmeetika.ee\/product\/bio-phyto-anti-rougeurs-mask\/\" \/>\n<meta property=\"og:locale\" content=\"et_EE\" \/>\n<meta property=\"og:type\" content=\"article\" \/>\n<meta property=\"og:title\" content=\"Mask naha punetuse vastu | Bio Phyto Anti Rougeurs Mask\" \/>\n<meta property=\"og:description\" content=\"Mask on spetsiaalselt v\u00e4lja t\u00f6\u00f6tatud tundlikule, kuperoosile kalduvale nahale. V\u00e4hendab punetust, rahustab turset ja niisutab nahka.\" \/>\n<meta property=\"og:url\" content=\"https:\/\/christinakosmeetika.ee\/product\/bio-phyto-anti-rougeurs-mask\/\" \/>\n<meta property=\"og:site_name\" content=\"Christinakosmeetika\" \/>\n<meta property=\"article:modified_time\" content=\"2026-04-10T08:08:12+00:00\" \/>\n<meta property=\"og:image\" content=\"https:\/\/christinakosmeetika.ee\/wp-content\/uploads\/2021\/05\/Anti-Rougeurs-mask.jpg\" \/>\n\t<meta property=\"og:image:width\" content=\"450\" \/>\n\t<meta property=\"og:image:height\" content=\"450\" \/>\n\t<meta property=\"og:image:type\" content=\"image\/jpeg\" \/>\n<meta name=\"twitter:card\" content=\"summary_large_image\" \/>\n<meta name=\"twitter:label1\" content=\"Est. reading time\" \/>\n\t<meta name=\"twitter:data1\" content=\"2 minutit\" \/>\n<script type=\"application\/ld+json\" class=\"yoast-schema-graph\">{\"@context\":\"https:\\\/\\\/schema.org\",\"@graph\":[{\"@type\":\"WebPage\",\"@id\":\"https:\\\/\\\/christinakosmeetika.ee\\\/product\\\/bio-phyto-anti-rougeurs-mask\\\/\",\"url\":\"https:\\\/\\\/christinakosmeetika.ee\\\/product\\\/bio-phyto-anti-rougeurs-mask\\\/\",\"name\":\"Mask naha punetuse vastu | Bio Phyto Anti Rougeurs Mask\",\"isPartOf\":{\"@id\":\"https:\\\/\\\/christinakosmeetika.ee\\\/#website\"},\"primaryImageOfPage\":{\"@id\":\"https:\\\/\\\/christinakosmeetika.ee\\\/product\\\/bio-phyto-anti-rougeurs-mask\\\/#primaryimage\"},\"image\":{\"@id\":\"https:\\\/\\\/christinakosmeetika.ee\\\/product\\\/bio-phyto-anti-rougeurs-mask\\\/#primaryimage\"},\"thumbnailUrl\":\"https:\\\/\\\/christinakosmeetika.ee\\\/wp-content\\\/uploads\\\/2021\\\/05\\\/Anti-Rougeurs-mask.jpg\",\"datePublished\":\"2021-05-15T06:03:46+00:00\",\"dateModified\":\"2026-04-10T08:08:12+00:00\",\"description\":\"Mask on spetsiaalselt v\u00e4lja t\u00f6\u00f6tatud tundlikule, kuperoosile kalduvale nahale. V\u00e4hendab punetust, rahustab turset ja niisutab nahka.\",\"breadcrumb\":{\"@id\":\"https:\\\/\\\/christinakosmeetika.ee\\\/product\\\/bio-phyto-anti-rougeurs-mask\\\/#breadcrumb\"},\"inLanguage\":\"et\",\"potentialAction\":[{\"@type\":\"ReadAction\",\"target\":[\"https:\\\/\\\/christinakosmeetika.ee\\\/product\\\/bio-phyto-anti-rougeurs-mask\\\/\"]}]},{\"@type\":\"ImageObject\",\"inLanguage\":\"et\",\"@id\":\"https:\\\/\\\/christinakosmeetika.ee\\\/product\\\/bio-phyto-anti-rougeurs-mask\\\/#primaryimage\",\"url\":\"https:\\\/\\\/christinakosmeetika.ee\\\/wp-content\\\/uploads\\\/2021\\\/05\\\/Anti-Rougeurs-mask.jpg\",\"contentUrl\":\"https:\\\/\\\/christinakosmeetika.ee\\\/wp-content\\\/uploads\\\/2021\\\/05\\\/Anti-Rougeurs-mask.jpg\",\"width\":450,\"height\":450,\"caption\":\"Bio Phyto Anti Rougeurs Mask\"},{\"@type\":\"BreadcrumbList\",\"@id\":\"https:\\\/\\\/christinakosmeetika.ee\\\/product\\\/bio-phyto-anti-rougeurs-mask\\\/#breadcrumb\",\"itemListElement\":[{\"@type\":\"ListItem\",\"position\":1,\"name\":\"\u0413\u043b\u0430\u0432\u043d\u0430\u044f \u0441\u0442\u0440\u0430\u043d\u0438\u0446\u0430\",\"item\":\"https:\\\/\\\/christinakosmeetika.ee\\\/et\\\/\"},{\"@type\":\"ListItem\",\"position\":2,\"name\":\"Pood\",\"item\":\"https:\\\/\\\/christinakosmeetika.ee\\\/et\\\/shop\\\/\"},{\"@type\":\"ListItem\",\"position\":3,\"name\":\"BIO PHYTO Anti Rougeurs mask 75ml CHR570\"}]},{\"@type\":\"WebSite\",\"@id\":\"https:\\\/\\\/christinakosmeetika.ee\\\/#website\",\"url\":\"https:\\\/\\\/christinakosmeetika.ee\\\/\",\"name\":\"Christinakosmeetika\",\"description\":\"Christina kosmeetika Eestis\",\"alternateName\":\"Christina kosmeetika Eestis\",\"potentialAction\":[{\"@type\":\"SearchAction\",\"target\":{\"@type\":\"EntryPoint\",\"urlTemplate\":\"https:\\\/\\\/christinakosmeetika.ee\\\/?s={search_term_string}\"},\"query-input\":{\"@type\":\"PropertyValueSpecification\",\"valueRequired\":true,\"valueName\":\"search_term_string\"}}],\"inLanguage\":\"et\"}]}<\/script>\n<!-- \/ Yoast SEO plugin. -->","yoast_head_json":{"title":"Mask naha punetuse vastu | Bio Phyto Anti Rougeurs Mask","description":"Mask on spetsiaalselt v\u00e4lja t\u00f6\u00f6tatud tundlikule, kuperoosile kalduvale nahale. V\u00e4hendab punetust, rahustab turset ja niisutab nahka.","robots":{"index":"index","follow":"follow","max-snippet":"max-snippet:-1","max-image-preview":"max-image-preview:large","max-video-preview":"max-video-preview:-1"},"canonical":"https:\/\/christinakosmeetika.ee\/product\/bio-phyto-anti-rougeurs-mask\/","og_locale":"et_EE","og_type":"article","og_title":"Mask naha punetuse vastu | Bio Phyto Anti Rougeurs Mask","og_description":"Mask on spetsiaalselt v\u00e4lja t\u00f6\u00f6tatud tundlikule, kuperoosile kalduvale nahale. V\u00e4hendab punetust, rahustab turset ja niisutab nahka.","og_url":"https:\/\/christinakosmeetika.ee\/product\/bio-phyto-anti-rougeurs-mask\/","og_site_name":"Christinakosmeetika","article_modified_time":"2026-04-10T08:08:12+00:00","og_image":[{"width":450,"height":450,"url":"https:\/\/christinakosmeetika.ee\/wp-content\/uploads\/2021\/05\/Anti-Rougeurs-mask.jpg","type":"image\/jpeg"}],"twitter_card":"summary_large_image","twitter_misc":{"Est. reading time":"2 minutit"},"schema":{"@context":"https:\/\/schema.org","@graph":[{"@type":"WebPage","@id":"https:\/\/christinakosmeetika.ee\/product\/bio-phyto-anti-rougeurs-mask\/","url":"https:\/\/christinakosmeetika.ee\/product\/bio-phyto-anti-rougeurs-mask\/","name":"Mask naha punetuse vastu | Bio Phyto Anti Rougeurs Mask","isPartOf":{"@id":"https:\/\/christinakosmeetika.ee\/#website"},"primaryImageOfPage":{"@id":"https:\/\/christinakosmeetika.ee\/product\/bio-phyto-anti-rougeurs-mask\/#primaryimage"},"image":{"@id":"https:\/\/christinakosmeetika.ee\/product\/bio-phyto-anti-rougeurs-mask\/#primaryimage"},"thumbnailUrl":"https:\/\/christinakosmeetika.ee\/wp-content\/uploads\/2021\/05\/Anti-Rougeurs-mask.jpg","datePublished":"2021-05-15T06:03:46+00:00","dateModified":"2026-04-10T08:08:12+00:00","description":"Mask on spetsiaalselt v\u00e4lja t\u00f6\u00f6tatud tundlikule, kuperoosile kalduvale nahale. V\u00e4hendab punetust, rahustab turset ja niisutab nahka.","breadcrumb":{"@id":"https:\/\/christinakosmeetika.ee\/product\/bio-phyto-anti-rougeurs-mask\/#breadcrumb"},"inLanguage":"et","potentialAction":[{"@type":"ReadAction","target":["https:\/\/christinakosmeetika.ee\/product\/bio-phyto-anti-rougeurs-mask\/"]}]},{"@type":"ImageObject","inLanguage":"et","@id":"https:\/\/christinakosmeetika.ee\/product\/bio-phyto-anti-rougeurs-mask\/#primaryimage","url":"https:\/\/christinakosmeetika.ee\/wp-content\/uploads\/2021\/05\/Anti-Rougeurs-mask.jpg","contentUrl":"https:\/\/christinakosmeetika.ee\/wp-content\/uploads\/2021\/05\/Anti-Rougeurs-mask.jpg","width":450,"height":450,"caption":"Bio Phyto Anti Rougeurs Mask"},{"@type":"BreadcrumbList","@id":"https:\/\/christinakosmeetika.ee\/product\/bio-phyto-anti-rougeurs-mask\/#breadcrumb","itemListElement":[{"@type":"ListItem","position":1,"name":"\u0413\u043b\u0430\u0432\u043d\u0430\u044f \u0441\u0442\u0440\u0430\u043d\u0438\u0446\u0430","item":"https:\/\/christinakosmeetika.ee\/et\/"},{"@type":"ListItem","position":2,"name":"Pood","item":"https:\/\/christinakosmeetika.ee\/et\/shop\/"},{"@type":"ListItem","position":3,"name":"BIO PHYTO Anti Rougeurs mask 75ml CHR570"}]},{"@type":"WebSite","@id":"https:\/\/christinakosmeetika.ee\/#website","url":"https:\/\/christinakosmeetika.ee\/","name":"Christinakosmeetika","description":"Christina kosmeetika Eestis","alternateName":"Christina kosmeetika Eestis","potentialAction":[{"@type":"SearchAction","target":{"@type":"EntryPoint","urlTemplate":"https:\/\/christinakosmeetika.ee\/?s={search_term_string}"},"query-input":{"@type":"PropertyValueSpecification","valueRequired":true,"valueName":"search_term_string"}}],"inLanguage":"et"}]}},"_links":{"self":[{"href":"https:\/\/christinakosmeetika.ee\/et\/wp-json\/wp\/v2\/product\/1873","targetHints":{"allow":["GET"]}}],"collection":[{"href":"https:\/\/christinakosmeetika.ee\/et\/wp-json\/wp\/v2\/product"}],"about":[{"href":"https:\/\/christinakosmeetika.ee\/et\/wp-json\/wp\/v2\/types\/product"}],"wp:featuredmedia":[{"embeddable":true,"href":"https:\/\/christinakosmeetika.ee\/et\/wp-json\/wp\/v2\/media\/1577"}],"wp:attachment":[{"href":"https:\/\/christinakosmeetika.ee\/et\/wp-json\/wp\/v2\/media?parent=1873"}],"wp:term":[{"taxonomy":"product_brand","embeddable":true,"href":"https:\/\/christinakosmeetika.ee\/et\/wp-json\/wp\/v2\/product_brand?post=1873"},{"taxonomy":"product_cat","embeddable":true,"href":"https:\/\/christinakosmeetika.ee\/et\/wp-json\/wp\/v2\/product_cat?post=1873"},{"taxonomy":"product_tag","embeddable":true,"href":"https:\/\/christinakosmeetika.ee\/et\/wp-json\/wp\/v2\/product_tag?post=1873"}],"curies":[{"name":"wp","href":"https:\/\/api.w.org\/{rel}","templated":true}]}}