{"id":1870,"date":"2021-05-15T06:18:15","date_gmt":"2021-05-15T06:18:15","guid":{"rendered":"http:\/\/christinakosmeetika.ee\/product\/bio-phyto-alluring-serum\/"},"modified":"2026-04-10T10:49:12","modified_gmt":"2026-04-10T07:49:12","slug":"bio-phyto-alluring-serum-et","status":"publish","type":"product","link":"https:\/\/christinakosmeetika.ee\/et\/toode\/bio-phyto-alluring-serum-et\/","title":{"rendered":"BIO PHYTO Alluring Serum CHR563"},"content":{"rendered":"<section class=\"av_textblock_section \">\n<div class=\"avia_textblock \">\n<section class=\"av_textblock_section \">\n<div class=\"avia_textblock \">\n<p data-start=\"769\" data-end=\"1099\">Bio Phyto Alluring Serum on niisutav n\u00e4oseerum, mis on loodud naha intensiivseks niisutamiseks, naha elastsuse taastamiseks ja naha \u00fcldise seisundi parandamiseks. Valem \u00fchendab niisutavad komponendid, taimeekstraktid ja stabiilse C-vitamiini vormi, mis aitavad parandada naha seisundit ja toetada naha loomulikke kaitsemehhanisme.<\/p>\n<p data-start=\"1101\" data-end=\"1406\">Seerum aitab taastada naha pindmise kihi terviklikkust, toetab naha uuenemisprotsesse ning aitab v\u00e4hendada gl\u00fckatsiooni m\u00f5ju, mis on \u00fcks naha vananemisega seotud tegureid. Niisutavad komponendid aitavad s\u00e4ilitada naha optimaalse niiskustaseme, mille tulemusel n\u00e4eb nahk v\u00e4lja siledam, v\u00e4rskem ja elastsem.<\/p>\n<p data-start=\"1408\" data-end=\"1578\">Seerumi kerge tekstuur imendub kiiresti ega koorma nahka. Regulaarse kasutamise korral muutub nahk pehmemaks, elastsemaks ja reageerib paremini j\u00e4rgnevale nahahooldusele.<\/p>\n<hr data-start=\"1580\" data-end=\"1583\" \/>\n<p data-start=\"1585\" data-end=\"1599\"><strong data-start=\"1585\" data-end=\"1599\">Kasutamine<\/strong><\/p>\n<p data-start=\"1601\" data-end=\"1734\">Parimate tulemuste saavutamiseks soovitatakse kasutada BIO PHYTO Alluring Serum\u2019i iga p\u00e4ev hommikul ja \u00f5htul p\u00e4rast naha puhastamist.<\/p>\n<p data-start=\"1736\" data-end=\"1922\">Kandke v\u00e4ike kogus seerumit n\u00e4ole, kaelale ja dekolteepiirkonnale. Jaotage \u00f5rnalt kuni t\u00e4ieliku imendumiseni, seej\u00e4rel kandke peale kreem:<br data-start=\"1874\" data-end=\"1877\" \/>p\u00e4eval \u2013 p\u00e4ikesekaitsekreem, \u00f5htul \u2013 \u00f6\u00f6kreem.<\/p>\n<p>&nbsp;<\/p>\n<p><img loading=\"lazy\" decoding=\"async\" class=\"alignnone size-medium wp-image-12340\" src=\"https:\/\/christinakosmeetika.ee\/wp-content\/uploads\/2021\/05\/Alluring-serum-200x300.png\" alt=\"\" width=\"200\" height=\"300\" srcset=\"https:\/\/christinakosmeetika.ee\/wp-content\/uploads\/2021\/05\/Alluring-serum-200x300.png 200w, https:\/\/christinakosmeetika.ee\/wp-content\/uploads\/2021\/05\/Alluring-serum-687x1030.png 687w, https:\/\/christinakosmeetika.ee\/wp-content\/uploads\/2021\/05\/Alluring-serum-768x1152.png 768w, https:\/\/christinakosmeetika.ee\/wp-content\/uploads\/2021\/05\/Alluring-serum-1000x1500.png 1000w, https:\/\/christinakosmeetika.ee\/wp-content\/uploads\/2021\/05\/Alluring-serum-470x705.png 470w, https:\/\/christinakosmeetika.ee\/wp-content\/uploads\/2021\/05\/Alluring-serum-450x675.png 450w, https:\/\/christinakosmeetika.ee\/wp-content\/uploads\/2021\/05\/Alluring-serum-600x900.png 600w, https:\/\/christinakosmeetika.ee\/wp-content\/uploads\/2021\/05\/Alluring-serum.png 1024w\" sizes=\"auto, (max-width: 200px) 100vw, 200px\" \/><\/p>\n<h2 data-start=\"84\" data-end=\"172\"><a href=\"https:\/\/christinakosmeetika.ee\/et\/kuidas-uhtlustada-naonaha-tooni\/\"><strong data-start=\"84\" data-end=\"141\">Miks nahk kaotab oma tiheduse ja kuidas seda taastada<\/strong><\/a><br data-start=\"141\" data-end=\"144\" \/><strong data-start=\"144\" data-end=\"172\">BIO PHYTO Alluring Serum<\/strong><\/h2>\n<p data-start=\"174\" data-end=\"291\">M\u00f5nikord ei puudu nahal mitte s\u00e4ra ega aktiivne uuenemine.<br data-start=\"232\" data-end=\"235\" \/>Puudu on t\u00e4idluse, elastsuse ja sisemise tiheduse tunne.<\/p>\n<p data-start=\"293\" data-end=\"439\">BIO PHYTO Alluring Serum t\u00f6\u00f6tab just sellise naha seisundiga \u2014<br data-start=\"355\" data-end=\"358\" \/>kui oluline on mitte stimuleerida, vaid toetada naha struktuuri ja niisutustaset.<\/p>\n<h3 data-start=\"441\" data-end=\"517\"><a href=\"https:\/\/christinakosmeetika.ee\/et\/kuidas-uhtlustada-naonaha-tooni\/\">\ud83d\udc49 <strong data-start=\"444\" data-end=\"517\">Kuidas seerum aitab taastada naha tiheduse ja elastsuse \u2014 loe edasi\u2026\u203a<\/strong><\/a><\/h3>\n<p><strong>Koostis:<\/strong><\/p>\n<p>Deionized water (Aqua), Propanediol, Glycerin, Polysorbate 20, Ascorbic Acid, PEG-12 Dimethicone, Albizia Julibrissin Bark Extract, Phenoxyethanol, Triethanolamine, Hydroxyethylcellulose, Butylene Glycol, Sodium Lactate, Sodium PCA, Chlorphenesin, Sodium hyaluronate, Perfume, Ethylhexylglycerin, Glyceryl Polyacrylate, Camellia Sinensis Leaf Extract, Sodium Phytate, Sodium acetate, Caprylyl Glycol, 1,2-Hexanediol, Isopropyl Alcohol, Sodium Benzoate, Cellulose, Glycine, Urea, Fructose, Niacinamide, Arbutin, Magnesium Ascorbyl Phosphate, Inositol, Sodium Metabisulfite, Hexyl Cinnamal, Benzyl Salicylate, Limonene, Amyl Cinnamal, Hydroxycitronellal, Geraniol, Eugenol.<\/p>\n<h3 data-start=\"0\" data-end=\"49\"><\/h3>\n<\/div>\n<\/section>\n<\/div>\n<\/section>\n","protected":false},"excerpt":{"rendered":"<h2>Niisutav n\u00e4oseerum \u00abV\u00f5lu\u00bb<\/h2>\n<p data-start=\"566\" data-end=\"576\"><strong data-start=\"566\" data-end=\"576\">Aitab:<\/strong><\/p>\n<p data-start=\"578\" data-end=\"747\">\u2022 intensiivselt niisutada kuiva ja niiskusvaest nahka<br data-start=\"631\" data-end=\"634\" \/>\u2022 taastada naha elastsust ja pinguldatust<br data-start=\"675\" data-end=\"678\" \/>\u2022 parandada n\u00e4onaha jumet ja v\u00e4rskust<br data-start=\"715\" data-end=\"718\" \/>\u2022 toetada naha kaitsebarj\u00e4\u00e4ri<\/p>\n","protected":false},"featured_media":1578,"template":"","meta":[],"product_brand":[],"product_cat":[481,182],"product_tag":[],"class_list":{"0":"post-1870","1":"product","2":"type-product","3":"status-publish","4":"has-post-thumbnail","6":"product_cat-biophyto-et","7":"product_cat-seerum","8":"product_shipping_class-smart-itella-post","9":"pa_linii-kosmetiki-bio-phyto-et","10":"pa_reshenie-problem-ebauhtlane-nahatoon","11":"pa_reshenie-problem-vahenenud-elastsus","12":"pa_reshenie-problem-vananemise-margid","13":"pa_tip-kozi-koik-nahatuubid-et","14":"pa_tip-kozi-kombi-et","15":"pa_tip-kozi-kuiv-et","16":"pa_tip-kozi-normaalne-et","17":"pa_tip-kozi-rasvane-et","18":"pa_tip-preparata-seerum","20":"first","21":"instock","22":"taxable","23":"shipping-taxable","24":"purchasable","25":"product-type-simple"},"yoast_head":"<!-- This site is optimized with the Yoast SEO plugin v27.5 - https:\/\/yoast.com\/product\/yoast-seo-wordpress\/ -->\n<title>Bio Phyto Alluring Serum \u2013 niisutav n\u00e4oseerum C-vitamiiniga<\/title>\n<meta name=\"description\" content=\"Alluring Serum on nahahooldustoode, mis on suunatud naha niisutamisele, toonuse, elastsuse ja \u00fchtlase jume tagamisele.\" \/>\n<meta name=\"robots\" content=\"index, follow, max-snippet:-1, max-image-preview:large, max-video-preview:-1\" \/>\n<link rel=\"canonical\" href=\"https:\/\/christinakosmeetika.ee\/product\/bio-phyto-alluring-serum\/\" \/>\n<meta property=\"og:locale\" content=\"et_EE\" \/>\n<meta property=\"og:type\" content=\"article\" \/>\n<meta property=\"og:title\" content=\"Bio Phyto Alluring Serum \u2013 niisutav n\u00e4oseerum C-vitamiiniga\" \/>\n<meta property=\"og:description\" content=\"Alluring Serum on nahahooldustoode, mis on suunatud naha niisutamisele, toonuse, elastsuse ja \u00fchtlase jume tagamisele.\" \/>\n<meta property=\"og:url\" content=\"https:\/\/christinakosmeetika.ee\/product\/bio-phyto-alluring-serum\/\" \/>\n<meta property=\"og:site_name\" content=\"Christinakosmeetika\" \/>\n<meta property=\"article:modified_time\" content=\"2026-04-10T07:49:12+00:00\" \/>\n<meta property=\"og:image\" content=\"https:\/\/christinakosmeetika.ee\/wp-content\/uploads\/2021\/05\/Alluring-Serum-450.jpg\" \/>\n\t<meta property=\"og:image:width\" content=\"450\" \/>\n\t<meta property=\"og:image:height\" content=\"450\" \/>\n\t<meta property=\"og:image:type\" content=\"image\/jpeg\" \/>\n<meta name=\"twitter:card\" content=\"summary_large_image\" \/>\n<meta name=\"twitter:label1\" content=\"Est. reading time\" \/>\n\t<meta name=\"twitter:data1\" content=\"2 minutit\" \/>\n<script type=\"application\/ld+json\" class=\"yoast-schema-graph\">{\"@context\":\"https:\\\/\\\/schema.org\",\"@graph\":[{\"@type\":\"WebPage\",\"@id\":\"https:\\\/\\\/christinakosmeetika.ee\\\/product\\\/bio-phyto-alluring-serum\\\/\",\"url\":\"https:\\\/\\\/christinakosmeetika.ee\\\/product\\\/bio-phyto-alluring-serum\\\/\",\"name\":\"Bio Phyto Alluring Serum \u2013 niisutav n\u00e4oseerum C-vitamiiniga\",\"isPartOf\":{\"@id\":\"https:\\\/\\\/christinakosmeetika.ee\\\/#website\"},\"primaryImageOfPage\":{\"@id\":\"https:\\\/\\\/christinakosmeetika.ee\\\/product\\\/bio-phyto-alluring-serum\\\/#primaryimage\"},\"image\":{\"@id\":\"https:\\\/\\\/christinakosmeetika.ee\\\/product\\\/bio-phyto-alluring-serum\\\/#primaryimage\"},\"thumbnailUrl\":\"https:\\\/\\\/christinakosmeetika.ee\\\/wp-content\\\/uploads\\\/2021\\\/05\\\/Alluring-Serum-450.jpg\",\"datePublished\":\"2021-05-15T06:18:15+00:00\",\"dateModified\":\"2026-04-10T07:49:12+00:00\",\"description\":\"Alluring Serum on nahahooldustoode, mis on suunatud naha niisutamisele, toonuse, elastsuse ja \u00fchtlase jume tagamisele.\",\"breadcrumb\":{\"@id\":\"https:\\\/\\\/christinakosmeetika.ee\\\/product\\\/bio-phyto-alluring-serum\\\/#breadcrumb\"},\"inLanguage\":\"et\",\"potentialAction\":[{\"@type\":\"ReadAction\",\"target\":[\"https:\\\/\\\/christinakosmeetika.ee\\\/product\\\/bio-phyto-alluring-serum\\\/\"]}]},{\"@type\":\"ImageObject\",\"inLanguage\":\"et\",\"@id\":\"https:\\\/\\\/christinakosmeetika.ee\\\/product\\\/bio-phyto-alluring-serum\\\/#primaryimage\",\"url\":\"https:\\\/\\\/christinakosmeetika.ee\\\/wp-content\\\/uploads\\\/2021\\\/05\\\/Alluring-Serum-450.jpg\",\"contentUrl\":\"https:\\\/\\\/christinakosmeetika.ee\\\/wp-content\\\/uploads\\\/2021\\\/05\\\/Alluring-Serum-450.jpg\",\"width\":450,\"height\":450,\"caption\":\"Bio Phyto Alluring Serum\"},{\"@type\":\"BreadcrumbList\",\"@id\":\"https:\\\/\\\/christinakosmeetika.ee\\\/product\\\/bio-phyto-alluring-serum\\\/#breadcrumb\",\"itemListElement\":[{\"@type\":\"ListItem\",\"position\":1,\"name\":\"\u0413\u043b\u0430\u0432\u043d\u0430\u044f \u0441\u0442\u0440\u0430\u043d\u0438\u0446\u0430\",\"item\":\"https:\\\/\\\/christinakosmeetika.ee\\\/et\\\/\"},{\"@type\":\"ListItem\",\"position\":2,\"name\":\"Pood\",\"item\":\"https:\\\/\\\/christinakosmeetika.ee\\\/et\\\/shop\\\/\"},{\"@type\":\"ListItem\",\"position\":3,\"name\":\"BIO PHYTO Alluring Serum CHR563\"}]},{\"@type\":\"WebSite\",\"@id\":\"https:\\\/\\\/christinakosmeetika.ee\\\/#website\",\"url\":\"https:\\\/\\\/christinakosmeetika.ee\\\/\",\"name\":\"Christinakosmeetika\",\"description\":\"Christina kosmeetika Eestis\",\"alternateName\":\"Christina kosmeetika Eestis\",\"potentialAction\":[{\"@type\":\"SearchAction\",\"target\":{\"@type\":\"EntryPoint\",\"urlTemplate\":\"https:\\\/\\\/christinakosmeetika.ee\\\/?s={search_term_string}\"},\"query-input\":{\"@type\":\"PropertyValueSpecification\",\"valueRequired\":true,\"valueName\":\"search_term_string\"}}],\"inLanguage\":\"et\"}]}<\/script>\n<!-- \/ Yoast SEO plugin. -->","yoast_head_json":{"title":"Bio Phyto Alluring Serum \u2013 niisutav n\u00e4oseerum C-vitamiiniga","description":"Alluring Serum on nahahooldustoode, mis on suunatud naha niisutamisele, toonuse, elastsuse ja \u00fchtlase jume tagamisele.","robots":{"index":"index","follow":"follow","max-snippet":"max-snippet:-1","max-image-preview":"max-image-preview:large","max-video-preview":"max-video-preview:-1"},"canonical":"https:\/\/christinakosmeetika.ee\/product\/bio-phyto-alluring-serum\/","og_locale":"et_EE","og_type":"article","og_title":"Bio Phyto Alluring Serum \u2013 niisutav n\u00e4oseerum C-vitamiiniga","og_description":"Alluring Serum on nahahooldustoode, mis on suunatud naha niisutamisele, toonuse, elastsuse ja \u00fchtlase jume tagamisele.","og_url":"https:\/\/christinakosmeetika.ee\/product\/bio-phyto-alluring-serum\/","og_site_name":"Christinakosmeetika","article_modified_time":"2026-04-10T07:49:12+00:00","og_image":[{"width":450,"height":450,"url":"https:\/\/christinakosmeetika.ee\/wp-content\/uploads\/2021\/05\/Alluring-Serum-450.jpg","type":"image\/jpeg"}],"twitter_card":"summary_large_image","twitter_misc":{"Est. reading time":"2 minutit"},"schema":{"@context":"https:\/\/schema.org","@graph":[{"@type":"WebPage","@id":"https:\/\/christinakosmeetika.ee\/product\/bio-phyto-alluring-serum\/","url":"https:\/\/christinakosmeetika.ee\/product\/bio-phyto-alluring-serum\/","name":"Bio Phyto Alluring Serum \u2013 niisutav n\u00e4oseerum C-vitamiiniga","isPartOf":{"@id":"https:\/\/christinakosmeetika.ee\/#website"},"primaryImageOfPage":{"@id":"https:\/\/christinakosmeetika.ee\/product\/bio-phyto-alluring-serum\/#primaryimage"},"image":{"@id":"https:\/\/christinakosmeetika.ee\/product\/bio-phyto-alluring-serum\/#primaryimage"},"thumbnailUrl":"https:\/\/christinakosmeetika.ee\/wp-content\/uploads\/2021\/05\/Alluring-Serum-450.jpg","datePublished":"2021-05-15T06:18:15+00:00","dateModified":"2026-04-10T07:49:12+00:00","description":"Alluring Serum on nahahooldustoode, mis on suunatud naha niisutamisele, toonuse, elastsuse ja \u00fchtlase jume tagamisele.","breadcrumb":{"@id":"https:\/\/christinakosmeetika.ee\/product\/bio-phyto-alluring-serum\/#breadcrumb"},"inLanguage":"et","potentialAction":[{"@type":"ReadAction","target":["https:\/\/christinakosmeetika.ee\/product\/bio-phyto-alluring-serum\/"]}]},{"@type":"ImageObject","inLanguage":"et","@id":"https:\/\/christinakosmeetika.ee\/product\/bio-phyto-alluring-serum\/#primaryimage","url":"https:\/\/christinakosmeetika.ee\/wp-content\/uploads\/2021\/05\/Alluring-Serum-450.jpg","contentUrl":"https:\/\/christinakosmeetika.ee\/wp-content\/uploads\/2021\/05\/Alluring-Serum-450.jpg","width":450,"height":450,"caption":"Bio Phyto Alluring Serum"},{"@type":"BreadcrumbList","@id":"https:\/\/christinakosmeetika.ee\/product\/bio-phyto-alluring-serum\/#breadcrumb","itemListElement":[{"@type":"ListItem","position":1,"name":"\u0413\u043b\u0430\u0432\u043d\u0430\u044f \u0441\u0442\u0440\u0430\u043d\u0438\u0446\u0430","item":"https:\/\/christinakosmeetika.ee\/et\/"},{"@type":"ListItem","position":2,"name":"Pood","item":"https:\/\/christinakosmeetika.ee\/et\/shop\/"},{"@type":"ListItem","position":3,"name":"BIO PHYTO Alluring Serum CHR563"}]},{"@type":"WebSite","@id":"https:\/\/christinakosmeetika.ee\/#website","url":"https:\/\/christinakosmeetika.ee\/","name":"Christinakosmeetika","description":"Christina kosmeetika Eestis","alternateName":"Christina kosmeetika Eestis","potentialAction":[{"@type":"SearchAction","target":{"@type":"EntryPoint","urlTemplate":"https:\/\/christinakosmeetika.ee\/?s={search_term_string}"},"query-input":{"@type":"PropertyValueSpecification","valueRequired":true,"valueName":"search_term_string"}}],"inLanguage":"et"}]}},"_links":{"self":[{"href":"https:\/\/christinakosmeetika.ee\/et\/wp-json\/wp\/v2\/product\/1870","targetHints":{"allow":["GET"]}}],"collection":[{"href":"https:\/\/christinakosmeetika.ee\/et\/wp-json\/wp\/v2\/product"}],"about":[{"href":"https:\/\/christinakosmeetika.ee\/et\/wp-json\/wp\/v2\/types\/product"}],"wp:featuredmedia":[{"embeddable":true,"href":"https:\/\/christinakosmeetika.ee\/et\/wp-json\/wp\/v2\/media\/1578"}],"wp:attachment":[{"href":"https:\/\/christinakosmeetika.ee\/et\/wp-json\/wp\/v2\/media?parent=1870"}],"wp:term":[{"taxonomy":"product_brand","embeddable":true,"href":"https:\/\/christinakosmeetika.ee\/et\/wp-json\/wp\/v2\/product_brand?post=1870"},{"taxonomy":"product_cat","embeddable":true,"href":"https:\/\/christinakosmeetika.ee\/et\/wp-json\/wp\/v2\/product_cat?post=1870"},{"taxonomy":"product_tag","embeddable":true,"href":"https:\/\/christinakosmeetika.ee\/et\/wp-json\/wp\/v2\/product_tag?post=1870"}],"curies":[{"name":"wp","href":"https:\/\/api.w.org\/{rel}","templated":true}]}}