{"id":14825,"date":"2026-03-31T23:45:41","date_gmt":"2026-03-31T20:45:41","guid":{"rendered":"https:\/\/christinakosmeetika.ee\/product\/muse-total-resilience-cream-christina\/"},"modified":"2026-04-07T14:33:16","modified_gmt":"2026-04-07T11:33:16","slug":"muse-total-resilience-cream-christina","status":"publish","type":"product","link":"https:\/\/christinakosmeetika.ee\/et\/toode\/muse-total-resilience-cream-christina\/","title":{"rendered":"Muse Total Resilience Cream 50ml CHR495"},"content":{"rendered":"<h2 data-section-id=\"ywx3ow\" data-start=\"82\" data-end=\"189\">Taastav eksosoomidega kreem naha taastamiseks, elastsuse parandamiseks ja kaitseks v\u00e4liste tegurite eest<\/h2>\n<p data-start=\"191\" data-end=\"404\">Innovaatiline Christina kreem eksosoomide ja epigeneetiliste komponentidega, mis on loodud naha taastamiseks, kaitsebarj\u00e4\u00e4ri tugevdamiseks ning vastupidavuse suurendamiseks stressi ja agressiivse keskkonna suhtes.<\/p>\n<p data-start=\"406\" data-end=\"613\">Kreem parandab naha v\u00e4limust, suurendab selle tihedust ja elastsust, aitab siluda kortse ning toetab naha uuenemisprotsesse. See niisutab intensiivselt ja aitab s\u00e4ilitada naha nooruslikku ja tervet v\u00e4limust.<\/p>\n<h2 data-section-id=\"138a7z0\" data-start=\"615\" data-end=\"632\">Aktiivne toime<\/h2>\n<p data-start=\"634\" data-end=\"776\"><strong data-start=\"634\" data-end=\"665\">Goji t\u00fcvirakkude eksosoomid<\/strong> tugevdavad naha taastumisprotsesse ja stimuleerivad kollageeni, elastiini ning gl\u00fckosaminogl\u00fckaanide s\u00fcnteesi.<\/p>\n<p data-start=\"778\" data-end=\"875\"><strong data-start=\"778\" data-end=\"807\">Telosense Active kompleks<\/strong> toetab rakkude eluj\u00f5ulisust ja aitab aeglustada vananemisprotsesse.<\/p>\n<p data-start=\"877\" data-end=\"976\"><strong data-start=\"877\" data-end=\"901\">Alpi roosi t\u00fcvirakud<\/strong> tugevdavad naha kaitsebarj\u00e4\u00e4ri ja suurendavad vastupidavust v\u00e4lism\u00f5judele.<\/p>\n<p data-start=\"978\" data-end=\"1050\"><strong data-start=\"978\" data-end=\"1004\">3 h\u00fcaluroonhappe vormi<\/strong> tagavad s\u00fcgava ja mitmetasandilise niisutuse.<\/p>\n<p data-start=\"1052\" data-end=\"1124\"><strong data-start=\"1052\" data-end=\"1068\">Linaekstrakt<\/strong> taastab lipiidide tasakaalu ja parandab naha elastsust.<\/p>\n<p data-start=\"1126\" data-end=\"1192\"><strong data-start=\"1126\" data-end=\"1141\">Kupua\u00e7u v\u00f5i<\/strong> toidab, kaitseb ja aitab s\u00e4ilitada niiskust nahas.<\/p>\n<h2 data-section-id=\"1rxt5mb\" data-start=\"1194\" data-end=\"1207\">Kasutamine<\/h2>\n<p data-start=\"1209\" data-end=\"1340\">Kanna v\u00e4ike kogus kreemi n\u00e4ole, kaelale ja dekolteepiirkonnale.<br data-start=\"1272\" data-end=\"1275\" \/>Jaota \u00f5rnalt patsutavate liigutustega kuni t\u00e4ieliku imendumiseni.<\/p>\n<p data-start=\"1342\" data-end=\"1438\">Kasuta hommikul ja\/v\u00f5i \u00f5htul.<br data-start=\"1371\" data-end=\"1374\" \/>P\u00e4evasel ajal on soovitatav kasutada lisaks SPF-kaitsega toodet.<\/p>\n<h2 data-section-id=\"1r2952e\" data-start=\"1440\" data-end=\"1450\">Tulemus<\/h2>\n<p data-start=\"1452\" data-end=\"1602\" data-is-last-node=\"\" data-is-only-node=\"\">Nahk muutub tihedamaks, siledamaks ja paremini niisutatuks.<br data-start=\"1511\" data-end=\"1514\" \/>Naha v\u00e4limus paraneb, elastsus suureneb ning vastupidavus v\u00e4listele teguritele tugevneb.<\/p>\n<p data-start=\"1808\" data-end=\"1946\"><img loading=\"lazy\" decoding=\"async\" class=\"alignnone size-medium wp-image-14261\" src=\"https:\/\/christinakosmeetika.ee\/wp-content\/uploads\/2026\/03\/Muse-Total-Resilience-Cream1-200x300.png\" alt=\"Muse Total Resilience Cream\" width=\"200\" height=\"300\" srcset=\"https:\/\/christinakosmeetika.ee\/wp-content\/uploads\/2026\/03\/Muse-Total-Resilience-Cream1-200x300.png 200w, https:\/\/christinakosmeetika.ee\/wp-content\/uploads\/2026\/03\/Muse-Total-Resilience-Cream1-687x1030.png 687w, https:\/\/christinakosmeetika.ee\/wp-content\/uploads\/2026\/03\/Muse-Total-Resilience-Cream1-768x1152.png 768w, https:\/\/christinakosmeetika.ee\/wp-content\/uploads\/2026\/03\/Muse-Total-Resilience-Cream1-1000x1500.png 1000w, https:\/\/christinakosmeetika.ee\/wp-content\/uploads\/2026\/03\/Muse-Total-Resilience-Cream1-470x705.png 470w, https:\/\/christinakosmeetika.ee\/wp-content\/uploads\/2026\/03\/Muse-Total-Resilience-Cream1-450x675.png 450w, https:\/\/christinakosmeetika.ee\/wp-content\/uploads\/2026\/03\/Muse-Total-Resilience-Cream1-600x900.png 600w, https:\/\/christinakosmeetika.ee\/wp-content\/uploads\/2026\/03\/Muse-Total-Resilience-Cream1.png 1024w\" sizes=\"auto, (max-width: 200px) 100vw, 200px\" \/><\/p>\n<h2 data-start=\"4818\" data-end=\"4880\"><a href=\"https:\/\/christinakosmeetika.ee\/et\/naokreem-naha-elastsuse-parandamiseks\/\">Taastava toimega n\u00e4okreem naha elastsuse parandamiseks<\/a><\/h2>\n<h2 data-section-id=\"4tdovj\" data-start=\"0\" data-end=\"47\">Kui nahk vajab rohkem kui tavalist niisutust<\/h2>\n<p data-start=\"49\" data-end=\"196\">Kui tavalisest niisutusest enam ei piisa, vajab nahk hooldust, mis aitab taastada mugavustunde, parandada elastsust ja tugevdada kaitsefunktsioone.<\/p>\n<h2 data-section-id=\"1eoo4s4\" data-start=\"198\" data-end=\"228\">Muse Total Resilience Cream<\/h2>\n<p data-start=\"230\" data-end=\"338\" data-is-last-node=\"\" data-is-only-node=\"\">Muse Total Resilience Cream aitab nahal v\u00e4lja n\u00e4ha tihedam, siledam ja vastupidavam v\u00e4liste tegurite suhtes.<\/p>\n<p data-start=\"5147\" data-end=\"5230\" data-is-last-node=\"\" data-is-only-node=\"\"><a href=\"https:\/\/christinakosmeetika.ee\/et\/naokreem-naha-elastsuse-parandamiseks\/\">\ud83d\udc49 <strong data-start=\"5150\" data-end=\"5230\" data-is-last-node=\"\">Kuidas kreem aitab nahka taastada ja parandada selle elastsust \u2014 loe edasi\u2026\u203a<\/strong><\/a><\/p>\n<p data-start=\"5147\" data-end=\"5230\" data-is-last-node=\"\" data-is-only-node=\"\">Water (Aqua), Propanediol, Cetyl Alcohol, Glyceryl Stearate, C12-15 Alkyl Benzoate, Isononyl Isononanoate, Pentylene Glycol, Glycerin, PEG-40 Stearate, Squalane, Theobroma Grandiflorum Seed Butter, Phenoxyethanol, Dimethicone, Isomalt, Sodium Acrylate Copolymer, Caprylyl Glycol, Sorbitan Stearate, Tocopheryl Acetate, Fragrance (Parfum), Ethylhexylglycerin, Lecithin, Hexamethylindanopyran, Sodium Hyaluronate, Alcohol, Rosa Gallica Flower Extract, Sodium Benzoate, Hydrolyzed Soy Protein, Linum Usitatissimum (Linseed) Seed Extract, Trimethylbenzenepropanol, Lycium Barbarum Fruit Extract, Rhododendron Ferrugineum Leaf Cell Culture Extract (Dry), Citrus Aurantium Peel Oil, Hexyl Cinnamal, Limonene, Hydroxycitronellal, Hydrolyzed Yeast Protein, Linalool, Tocopherol, Citric Acid, Sodium Metabisulfite<\/p>\n","protected":false},"excerpt":{"rendered":"<h2>Eksosoomidega kreem naha taastamiseks, elastsuse parandamiseks ja kaitseks v\u00e4liste tegurite eest. Niisutab, tugevdab ja parandab naha v\u00e4limust.<\/h2>\n<p data-section-id=\"g380dk\" data-start=\"657\" data-end=\"673\"><strong><span role=\"text\">Aitab:<\/span><\/strong><\/p>\n<ul data-start=\"675\" data-end=\"884\">\n<li data-section-id=\"pvnfb8\" data-start=\"675\" data-end=\"708\">tugevdada naha kaitsebarj\u00e4\u00e4ri<\/li>\n<li data-section-id=\"1p6biwk\" data-start=\"709\" data-end=\"746\">parandada naha elastsust ja pinguldatust<\/li>\n<li data-section-id=\"afdpko\" data-start=\"747\" data-end=\"780\">v\u00e4hendada kortsude n\u00e4htavust<\/li>\n<li data-section-id=\"ua9z2g\" data-start=\"781\" data-end=\"816\">taastada nahk p\u00e4rast stressi<\/li>\n<li data-section-id=\"1a4m72o\" data-start=\"817\" data-end=\"846\">parandada naha v\u00e4limust<\/li>\n<li data-section-id=\"h18hor\" data-start=\"847\" data-end=\"884\">kaitsta nahka v\u00e4liste tegurite eest<\/li>\n<\/ul>\n","protected":false},"featured_media":14824,"template":"","meta":[],"product_brand":[],"product_cat":[518],"product_tag":[],"class_list":{"0":"post-14825","1":"product","2":"type-product","3":"status-publish","4":"has-post-thumbnail","6":"product_cat-muse-et-2","7":"product_shipping_class-smart-itella-post-et","8":"pa_efekt-niisutamine","9":"pa_efekt-noorendamine","10":"pa_efekt-regenereerimine","11":"pa_efekt-tugevdamine","12":"pa_linii-kosmetiki-muse-et","13":"pa_reshenie-problem-dehudratsioon","14":"pa_reshenie-problem-kuiv-et","15":"pa_reshenie-problem-pigmentatsioon","16":"pa_reshenie-problem-tundlik-nahk","17":"pa_reshenie-problem-vanuse-muutused","18":"pa_tip-kozi-koik-nahatuubid-et","19":"pa_tip-kozi-kombi-et","20":"pa_tip-kozi-kuiv-et","21":"pa_tip-kozi-normaalne-et","22":"pa_tip-kozi-rasvane-et","23":"pa_tip-preparata-kreem","24":"pa_vremja-primenenija-oine","25":"pa_vremja-primenenija-paev-oo","26":"pa_vremja-primenenija-paevane","28":"first","29":"instock","30":"taxable","31":"shipping-taxable","32":"purchasable","33":"product-type-simple"},"yoast_head":"<!-- This site is optimized with the Yoast SEO plugin v27.3 - https:\/\/yoast.com\/product\/yoast-seo-wordpress\/ -->\n<title>Muse Total Resilience Cream eksosoomidega kreem<\/title>\n<meta name=\"description\" content=\"Muse Total Resilience Cream Christina \u2014 eksosoomidega kreem naha taastamiseks, elastsuse parandamiseks ja kaitseks v\u00e4liste tegurite eest.\" \/>\n<meta name=\"robots\" content=\"index, follow, max-snippet:-1, max-image-preview:large, max-video-preview:-1\" \/>\n<link rel=\"canonical\" href=\"https:\/\/christinakosmeetika.ee\/et\/toode\/muse-total-resilience-cream-christina\/\" \/>\n<meta property=\"og:locale\" content=\"et_EE\" \/>\n<meta property=\"og:type\" content=\"article\" \/>\n<meta property=\"og:title\" content=\"Muse Total Resilience Cream eksosoomidega kreem\" \/>\n<meta property=\"og:description\" content=\"Muse Total Resilience Cream Christina \u2014 eksosoomidega kreem naha taastamiseks, elastsuse parandamiseks ja kaitseks v\u00e4liste tegurite eest.\" \/>\n<meta property=\"og:url\" content=\"https:\/\/christinakosmeetika.ee\/et\/toode\/muse-total-resilience-cream-christina\/\" \/>\n<meta property=\"og:site_name\" content=\"Christinakosmeetika\" \/>\n<meta property=\"article:modified_time\" content=\"2026-04-07T11:33:16+00:00\" \/>\n<meta property=\"og:image\" content=\"https:\/\/christinakosmeetika.ee\/wp-content\/uploads\/2026\/03\/MUSE-TOTAL-RESILIENCE-CREAM.png\" \/>\n\t<meta property=\"og:image:width\" content=\"1080\" \/>\n\t<meta property=\"og:image:height\" content=\"1080\" \/>\n\t<meta property=\"og:image:type\" content=\"image\/png\" \/>\n<meta name=\"twitter:card\" content=\"summary_large_image\" \/>\n<meta name=\"twitter:label1\" content=\"Est. reading time\" \/>\n\t<meta name=\"twitter:data1\" content=\"2 minutit\" \/>\n<script type=\"application\/ld+json\" class=\"yoast-schema-graph\">{\"@context\":\"https:\\\/\\\/schema.org\",\"@graph\":[{\"@type\":\"WebPage\",\"@id\":\"https:\\\/\\\/christinakosmeetika.ee\\\/et\\\/toode\\\/muse-total-resilience-cream-christina\\\/\",\"url\":\"https:\\\/\\\/christinakosmeetika.ee\\\/et\\\/toode\\\/muse-total-resilience-cream-christina\\\/\",\"name\":\"Muse Total Resilience Cream eksosoomidega kreem\",\"isPartOf\":{\"@id\":\"https:\\\/\\\/christinakosmeetika.ee\\\/#website\"},\"primaryImageOfPage\":{\"@id\":\"https:\\\/\\\/christinakosmeetika.ee\\\/et\\\/toode\\\/muse-total-resilience-cream-christina\\\/#primaryimage\"},\"image\":{\"@id\":\"https:\\\/\\\/christinakosmeetika.ee\\\/et\\\/toode\\\/muse-total-resilience-cream-christina\\\/#primaryimage\"},\"thumbnailUrl\":\"https:\\\/\\\/christinakosmeetika.ee\\\/wp-content\\\/uploads\\\/2026\\\/03\\\/MUSE-TOTAL-RESILIENCE-CREAM.png\",\"datePublished\":\"2026-03-31T20:45:41+00:00\",\"dateModified\":\"2026-04-07T11:33:16+00:00\",\"description\":\"Muse Total Resilience Cream Christina \u2014 eksosoomidega kreem naha taastamiseks, elastsuse parandamiseks ja kaitseks v\u00e4liste tegurite eest.\",\"breadcrumb\":{\"@id\":\"https:\\\/\\\/christinakosmeetika.ee\\\/et\\\/toode\\\/muse-total-resilience-cream-christina\\\/#breadcrumb\"},\"inLanguage\":\"et\",\"potentialAction\":[{\"@type\":\"ReadAction\",\"target\":[\"https:\\\/\\\/christinakosmeetika.ee\\\/et\\\/toode\\\/muse-total-resilience-cream-christina\\\/\"]}]},{\"@type\":\"ImageObject\",\"inLanguage\":\"et\",\"@id\":\"https:\\\/\\\/christinakosmeetika.ee\\\/et\\\/toode\\\/muse-total-resilience-cream-christina\\\/#primaryimage\",\"url\":\"https:\\\/\\\/christinakosmeetika.ee\\\/wp-content\\\/uploads\\\/2026\\\/03\\\/MUSE-TOTAL-RESILIENCE-CREAM.png\",\"contentUrl\":\"https:\\\/\\\/christinakosmeetika.ee\\\/wp-content\\\/uploads\\\/2026\\\/03\\\/MUSE-TOTAL-RESILIENCE-CREAM.png\",\"width\":1080,\"height\":1080,\"caption\":\"MUSE TOTAL RESILIENCE CREAM\"},{\"@type\":\"BreadcrumbList\",\"@id\":\"https:\\\/\\\/christinakosmeetika.ee\\\/et\\\/toode\\\/muse-total-resilience-cream-christina\\\/#breadcrumb\",\"itemListElement\":[{\"@type\":\"ListItem\",\"position\":1,\"name\":\"\u0413\u043b\u0430\u0432\u043d\u0430\u044f \u0441\u0442\u0440\u0430\u043d\u0438\u0446\u0430\",\"item\":\"https:\\\/\\\/christinakosmeetika.ee\\\/et\\\/\"},{\"@type\":\"ListItem\",\"position\":2,\"name\":\"Shop\",\"item\":\"https:\\\/\\\/christinakosmeetika.ee\\\/en\\\/shop\\\/\"},{\"@type\":\"ListItem\",\"position\":3,\"name\":\"Muse Total Resilience Cream 50ml CHR495\"}]},{\"@type\":\"WebSite\",\"@id\":\"https:\\\/\\\/christinakosmeetika.ee\\\/#website\",\"url\":\"https:\\\/\\\/christinakosmeetika.ee\\\/\",\"name\":\"Christinakosmeetika\",\"description\":\"Christina kosmeetika Eestis\",\"alternateName\":\"Christina kosmeetika Eestis\",\"potentialAction\":[{\"@type\":\"SearchAction\",\"target\":{\"@type\":\"EntryPoint\",\"urlTemplate\":\"https:\\\/\\\/christinakosmeetika.ee\\\/?s={search_term_string}\"},\"query-input\":{\"@type\":\"PropertyValueSpecification\",\"valueRequired\":true,\"valueName\":\"search_term_string\"}}],\"inLanguage\":\"et\"}]}<\/script>\n<!-- \/ Yoast SEO plugin. -->","yoast_head_json":{"title":"Muse Total Resilience Cream eksosoomidega kreem","description":"Muse Total Resilience Cream Christina \u2014 eksosoomidega kreem naha taastamiseks, elastsuse parandamiseks ja kaitseks v\u00e4liste tegurite eest.","robots":{"index":"index","follow":"follow","max-snippet":"max-snippet:-1","max-image-preview":"max-image-preview:large","max-video-preview":"max-video-preview:-1"},"canonical":"https:\/\/christinakosmeetika.ee\/et\/toode\/muse-total-resilience-cream-christina\/","og_locale":"et_EE","og_type":"article","og_title":"Muse Total Resilience Cream eksosoomidega kreem","og_description":"Muse Total Resilience Cream Christina \u2014 eksosoomidega kreem naha taastamiseks, elastsuse parandamiseks ja kaitseks v\u00e4liste tegurite eest.","og_url":"https:\/\/christinakosmeetika.ee\/et\/toode\/muse-total-resilience-cream-christina\/","og_site_name":"Christinakosmeetika","article_modified_time":"2026-04-07T11:33:16+00:00","og_image":[{"width":1080,"height":1080,"url":"https:\/\/christinakosmeetika.ee\/wp-content\/uploads\/2026\/03\/MUSE-TOTAL-RESILIENCE-CREAM.png","type":"image\/png"}],"twitter_card":"summary_large_image","twitter_misc":{"Est. reading time":"2 minutit"},"schema":{"@context":"https:\/\/schema.org","@graph":[{"@type":"WebPage","@id":"https:\/\/christinakosmeetika.ee\/et\/toode\/muse-total-resilience-cream-christina\/","url":"https:\/\/christinakosmeetika.ee\/et\/toode\/muse-total-resilience-cream-christina\/","name":"Muse Total Resilience Cream eksosoomidega kreem","isPartOf":{"@id":"https:\/\/christinakosmeetika.ee\/#website"},"primaryImageOfPage":{"@id":"https:\/\/christinakosmeetika.ee\/et\/toode\/muse-total-resilience-cream-christina\/#primaryimage"},"image":{"@id":"https:\/\/christinakosmeetika.ee\/et\/toode\/muse-total-resilience-cream-christina\/#primaryimage"},"thumbnailUrl":"https:\/\/christinakosmeetika.ee\/wp-content\/uploads\/2026\/03\/MUSE-TOTAL-RESILIENCE-CREAM.png","datePublished":"2026-03-31T20:45:41+00:00","dateModified":"2026-04-07T11:33:16+00:00","description":"Muse Total Resilience Cream Christina \u2014 eksosoomidega kreem naha taastamiseks, elastsuse parandamiseks ja kaitseks v\u00e4liste tegurite eest.","breadcrumb":{"@id":"https:\/\/christinakosmeetika.ee\/et\/toode\/muse-total-resilience-cream-christina\/#breadcrumb"},"inLanguage":"et","potentialAction":[{"@type":"ReadAction","target":["https:\/\/christinakosmeetika.ee\/et\/toode\/muse-total-resilience-cream-christina\/"]}]},{"@type":"ImageObject","inLanguage":"et","@id":"https:\/\/christinakosmeetika.ee\/et\/toode\/muse-total-resilience-cream-christina\/#primaryimage","url":"https:\/\/christinakosmeetika.ee\/wp-content\/uploads\/2026\/03\/MUSE-TOTAL-RESILIENCE-CREAM.png","contentUrl":"https:\/\/christinakosmeetika.ee\/wp-content\/uploads\/2026\/03\/MUSE-TOTAL-RESILIENCE-CREAM.png","width":1080,"height":1080,"caption":"MUSE TOTAL RESILIENCE CREAM"},{"@type":"BreadcrumbList","@id":"https:\/\/christinakosmeetika.ee\/et\/toode\/muse-total-resilience-cream-christina\/#breadcrumb","itemListElement":[{"@type":"ListItem","position":1,"name":"\u0413\u043b\u0430\u0432\u043d\u0430\u044f \u0441\u0442\u0440\u0430\u043d\u0438\u0446\u0430","item":"https:\/\/christinakosmeetika.ee\/et\/"},{"@type":"ListItem","position":2,"name":"Shop","item":"https:\/\/christinakosmeetika.ee\/en\/shop\/"},{"@type":"ListItem","position":3,"name":"Muse Total Resilience Cream 50ml CHR495"}]},{"@type":"WebSite","@id":"https:\/\/christinakosmeetika.ee\/#website","url":"https:\/\/christinakosmeetika.ee\/","name":"Christinakosmeetika","description":"Christina kosmeetika Eestis","alternateName":"Christina kosmeetika Eestis","potentialAction":[{"@type":"SearchAction","target":{"@type":"EntryPoint","urlTemplate":"https:\/\/christinakosmeetika.ee\/?s={search_term_string}"},"query-input":{"@type":"PropertyValueSpecification","valueRequired":true,"valueName":"search_term_string"}}],"inLanguage":"et"}]}},"_links":{"self":[{"href":"https:\/\/christinakosmeetika.ee\/et\/wp-json\/wp\/v2\/product\/14825","targetHints":{"allow":["GET"]}}],"collection":[{"href":"https:\/\/christinakosmeetika.ee\/et\/wp-json\/wp\/v2\/product"}],"about":[{"href":"https:\/\/christinakosmeetika.ee\/et\/wp-json\/wp\/v2\/types\/product"}],"wp:featuredmedia":[{"embeddable":true,"href":"https:\/\/christinakosmeetika.ee\/et\/wp-json\/wp\/v2\/media\/14824"}],"wp:attachment":[{"href":"https:\/\/christinakosmeetika.ee\/et\/wp-json\/wp\/v2\/media?parent=14825"}],"wp:term":[{"taxonomy":"product_brand","embeddable":true,"href":"https:\/\/christinakosmeetika.ee\/et\/wp-json\/wp\/v2\/product_brand?post=14825"},{"taxonomy":"product_cat","embeddable":true,"href":"https:\/\/christinakosmeetika.ee\/et\/wp-json\/wp\/v2\/product_cat?post=14825"},{"taxonomy":"product_tag","embeddable":true,"href":"https:\/\/christinakosmeetika.ee\/et\/wp-json\/wp\/v2\/product_tag?post=14825"}],"curies":[{"name":"wp","href":"https:\/\/api.w.org\/{rel}","templated":true}]}}