{"id":14289,"date":"2026-03-30T10:59:13","date_gmt":"2026-03-30T07:59:13","guid":{"rendered":"https:\/\/christinakosmeetika.ee\/product\/muse-milky-cleanser-christina\/"},"modified":"2026-03-31T23:47:51","modified_gmt":"2026-03-31T20:47:51","slug":"meigieemalduspiim-naole","status":"publish","type":"product","link":"https:\/\/christinakosmeetika.ee\/et\/toode\/meigieemalduspiim-naole\/","title":{"rendered":"Muse Milky Cleanser 300ml CHR336"},"content":{"rendered":"<h2>\u00d5rn roosiekstraktiga puhastuspiim naha puhastamiseks ja meigi eemaldamiseks<\/h2>\n<p>Muse Milky Cleanser puhastuspiim eemaldab t\u00f5husalt meigi ja pindmise mustuse, puhastab naha \u00f5rnalt ilma seda kuivatamata ning sobib igap\u00e4evaseks kasutamiseks ka silma- ja huulepiirkonnas. igap\u00e4evaseks puhastamiseks, sealhulgas \u00f5rnale silma- ja huulepiirkonnale.<\/p>\n<p>Koostis puhastab naha \u00f5rnalt, samal ajal rahustab seda, v\u00e4hendab \u00e4rritust ja valmistab ette j\u00e4rgnevaks hoolduseks. P\u00e4rast kasutamist j\u00e4\u00e4b nahk pehmem, siledam ja hoolitsetum.<\/p>\n<h2>What is Muse Milky Cleanser used for Aktiivne toime<\/h2>\n<p>Roosiekstraktil on antioks\u00fcdantsed ja rahustavad omadused, mis aitavad parandada naha \u00fcldist v\u00e4ljan\u00e4gemist.<br \/>\nCupua\u00e7u v\u00f5i niisutab ja toidab nahka ning toetab selle loomulikku kaitsev\u00f5imet.<br \/>\nPuuvilla\u00f5ie ekstrakt tugevdab naha kaitsebarj\u00e4\u00e4ri ja aitab v\u00e4hendada \u00e4rritust.<br \/>\nDets\u00fc\u00fclgl\u00fckosiid puhastab naha \u00f5rnalt, tekitamata kuivust ega kiskuvat tunnet.<\/p>\n<h2>Kasutamine<\/h2>\n<p>Kandke v\u00e4ike kogus puhastuspiima n\u00e4o- ja kaelanahale.<br \/>\nJaotage kergete ringjate liigutustega.<br \/>\nEemaldage niiske salvr\u00e4tiga v\u00f5i loputage veega.<\/p>\n<p>Sobib ka silma- ja huulemeigi eemaldamiseks.<\/p>\n<p>Kasutage hommikul ja \u00f5htul.<\/p>\n<h2>Tulemus<\/h2>\n<p>Nahk j\u00e4\u00e4b puhas, pehme ja niisutatud.<br \/>\nKuivus- ja \u00e4rritustunne v\u00e4henevad ning nahk on valmis j\u00e4rgnevaks hoolduseks.<\/p>\n<p data-start=\"1405\" data-end=\"1527\"><img loading=\"lazy\" decoding=\"async\" class=\"alignnone size-medium wp-image-14233\" src=\"https:\/\/christinakosmeetika.ee\/wp-content\/uploads\/2021\/05\/Muse-milk-200x300.png\" alt=\"Muse-milk\" width=\"200\" height=\"300\" srcset=\"https:\/\/christinakosmeetika.ee\/wp-content\/uploads\/2021\/05\/Muse-milk-200x300.png 200w, https:\/\/christinakosmeetika.ee\/wp-content\/uploads\/2021\/05\/Muse-milk-687x1030.png 687w, https:\/\/christinakosmeetika.ee\/wp-content\/uploads\/2021\/05\/Muse-milk-768x1152.png 768w, https:\/\/christinakosmeetika.ee\/wp-content\/uploads\/2021\/05\/Muse-milk-1000x1500.png 1000w, https:\/\/christinakosmeetika.ee\/wp-content\/uploads\/2021\/05\/Muse-milk-470x705.png 470w, https:\/\/christinakosmeetika.ee\/wp-content\/uploads\/2021\/05\/Muse-milk-450x675.png 450w, https:\/\/christinakosmeetika.ee\/wp-content\/uploads\/2021\/05\/Muse-milk-600x900.png 600w, https:\/\/christinakosmeetika.ee\/wp-content\/uploads\/2021\/05\/Muse-milk.png 1024w\" sizes=\"auto, (max-width: 200px) 100vw, 200px\" \/><\/p>\n<h3 data-start=\"4124\" data-end=\"4183\"><a href=\"https:\/\/christinakosmeetika.ee\/et\/molochko-dlya-snyatiya-makiyazha\/\">\u00d5rna puhastava toimega meigieemalduspiim<br \/>\n<\/a><\/h3>\n<p data-start=\"4185\" data-end=\"4455\">Kui nahk ei talu h\u00e4sti tugevat puhastamist, on eriti oluline valida toode, mis eemaldab meigi ja mustuse \u00f5rnalt ning ilma kuivustundeta.<br \/>\nMuse Milky Cleanser puhastab naha hellalt, rahustab seda ja aitab s\u00e4ilitada pehmuse ning mugavustunde juba puhastamise ajal.<\/p>\n<p data-start=\"4457\" data-end=\"4548\"><a href=\"https:\/\/christinakosmeetika.ee\/et\/molochko-dlya-snyatiya-makiyazha\/\">\ud83d\udc49 <strong data-start=\"4460\" data-end=\"4548\">Kuidas puhastuspiim aitab nahka \u00f5rnalt puhastada ja meiki eemaldada ilma kuivustundeta \u2014 loe edasi\u2026<br \/>\n\u203a<\/strong><\/a><\/p>\n","protected":false},"excerpt":{"rendered":"<h2>\u00d5rn puhastuspiim meigi ja mustuse eemaldamiseks. Rahustab nahka, niisutab ja valmistab selle ette j\u00e4rgnevaks hoolduseks.<\/h2>\n<p data-section-id=\"g380dk\" data-start=\"595\" data-end=\"611\"><span role=\"text\"><strong data-start=\"598\" data-end=\"611\">Aitab:<br \/>\n<\/strong><\/span><\/p>\n<ul data-start=\"613\" data-end=\"774\">\n<li data-section-id=\"1r9bx4d\" data-start=\"613\" data-end=\"651\">\u00f5rnalt puhastada nahka mustusest<\/li>\n<li data-section-id=\"c1en05\" data-start=\"652\" data-end=\"670\">eemaldada meiki<\/li>\n<li data-section-id=\"1ejr6x4\" data-start=\"671\" data-end=\"689\">rahustada nahka<\/li>\n<li data-section-id=\"s79egt\" data-start=\"690\" data-end=\"715\">v\u00e4hendada \u00e4rritust<\/li>\n<li data-section-id=\"83ouom\" data-start=\"716\" data-end=\"745\">pehmendada ja niisutada nahka<\/li>\n<li data-section-id=\"1xqr93g\" data-start=\"746\" data-end=\"774\">valmistada nahk ette j\u00e4rgnevaks hoolduseks<\/li>\n<\/ul>\n<div class=\"feature-line__text\">pH 5.5-6.5<\/div>\n","protected":false},"featured_media":14285,"template":"","meta":[],"product_brand":[],"product_cat":[518,153],"product_tag":[],"class_list":{"0":"post-14289","1":"product","2":"type-product","3":"status-publish","4":"has-post-thumbnail","6":"product_cat-muse-et-2","7":"product_cat-piim","8":"product_shipping_class-smart-itella-post-et","9":"pa_efekt-meigieemaldus","10":"pa_efekt-niisutamine","11":"pa_efekt-puhastamine","12":"pa_linii-kosmetiki-muse-et","13":"pa_reshenie-problem-dehudratsioon","14":"pa_reshenie-problem-kuiv-et","15":"pa_reshenie-problem-naha-koorumine-et","16":"pa_reshenie-problem-tundlik-nahk","17":"pa_reshenie-problem-vananemise-margid","18":"pa_tip-kozi-koik-nahatuubid-et","19":"pa_tip-kozi-kombi-et","20":"pa_tip-kozi-kuiv-et","21":"pa_tip-kozi-normaalne-et","22":"pa_tip-kozi-rasvane-et","23":"pa_tip-preparata-piim","24":"pa_vremja-primenenija-oine","25":"pa_vremja-primenenija-paev-oo","26":"pa_vremja-primenenija-paevane","28":"first","29":"outofstock","30":"taxable","31":"shipping-taxable","32":"purchasable","33":"product-type-simple"},"yoast_head":"<!-- This site is optimized with the Yoast SEO plugin v27.3 - https:\/\/yoast.com\/product\/yoast-seo-wordpress\/ -->\n<title>Muse Milky Cleanser puhastuspiim | Christina<\/title>\n<meta name=\"description\" content=\"Muse Milky Cleanser Christina \u2014 \u00f5rn puhastuspiim meigi eemaldamiseks ja naha puhastamiseks. Rahustab, niisutab ega kuivata nahka.\" \/>\n<meta name=\"robots\" content=\"index, follow, max-snippet:-1, max-image-preview:large, max-video-preview:-1\" \/>\n<link rel=\"canonical\" href=\"https:\/\/christinakosmeetika.ee\/et\/toode\/meigieemalduspiim-naole\/\" \/>\n<meta property=\"og:locale\" content=\"et_EE\" \/>\n<meta property=\"og:type\" content=\"article\" \/>\n<meta property=\"og:title\" content=\"Muse Milky Cleanser puhastuspiim | Christina\" \/>\n<meta property=\"og:description\" content=\"Muse Milky Cleanser Christina \u2014 \u00f5rn puhastuspiim meigi eemaldamiseks ja naha puhastamiseks. Rahustab, niisutab ega kuivata nahka.\" \/>\n<meta property=\"og:url\" content=\"https:\/\/christinakosmeetika.ee\/et\/toode\/meigieemalduspiim-naole\/\" \/>\n<meta property=\"og:site_name\" content=\"Christinakosmeetika\" \/>\n<meta property=\"article:modified_time\" content=\"2026-03-31T20:47:51+00:00\" \/>\n<meta property=\"og:image\" content=\"https:\/\/christinakosmeetika.ee\/wp-content\/uploads\/2021\/05\/Milky-Cleanser-.png\" \/>\n\t<meta property=\"og:image:width\" content=\"1080\" \/>\n\t<meta property=\"og:image:height\" content=\"1080\" \/>\n\t<meta property=\"og:image:type\" content=\"image\/png\" \/>\n<meta name=\"twitter:card\" content=\"summary_large_image\" \/>\n<meta name=\"twitter:label1\" content=\"Est. reading time\" \/>\n\t<meta name=\"twitter:data1\" content=\"2 minutit\" \/>\n<script type=\"application\/ld+json\" class=\"yoast-schema-graph\">{\"@context\":\"https:\\\/\\\/schema.org\",\"@graph\":[{\"@type\":\"WebPage\",\"@id\":\"https:\\\/\\\/christinakosmeetika.ee\\\/et\\\/toode\\\/meigieemalduspiim-naole\\\/\",\"url\":\"https:\\\/\\\/christinakosmeetika.ee\\\/et\\\/toode\\\/meigieemalduspiim-naole\\\/\",\"name\":\"Muse Milky Cleanser puhastuspiim | Christina\",\"isPartOf\":{\"@id\":\"https:\\\/\\\/christinakosmeetika.ee\\\/#website\"},\"primaryImageOfPage\":{\"@id\":\"https:\\\/\\\/christinakosmeetika.ee\\\/et\\\/toode\\\/meigieemalduspiim-naole\\\/#primaryimage\"},\"image\":{\"@id\":\"https:\\\/\\\/christinakosmeetika.ee\\\/et\\\/toode\\\/meigieemalduspiim-naole\\\/#primaryimage\"},\"thumbnailUrl\":\"https:\\\/\\\/christinakosmeetika.ee\\\/wp-content\\\/uploads\\\/2021\\\/05\\\/Milky-Cleanser-.png\",\"datePublished\":\"2026-03-30T07:59:13+00:00\",\"dateModified\":\"2026-03-31T20:47:51+00:00\",\"description\":\"Muse Milky Cleanser Christina \u2014 \u00f5rn puhastuspiim meigi eemaldamiseks ja naha puhastamiseks. Rahustab, niisutab ega kuivata nahka.\",\"breadcrumb\":{\"@id\":\"https:\\\/\\\/christinakosmeetika.ee\\\/et\\\/toode\\\/meigieemalduspiim-naole\\\/#breadcrumb\"},\"inLanguage\":\"et\",\"potentialAction\":[{\"@type\":\"ReadAction\",\"target\":[\"https:\\\/\\\/christinakosmeetika.ee\\\/et\\\/toode\\\/meigieemalduspiim-naole\\\/\"]}]},{\"@type\":\"ImageObject\",\"inLanguage\":\"et\",\"@id\":\"https:\\\/\\\/christinakosmeetika.ee\\\/et\\\/toode\\\/meigieemalduspiim-naole\\\/#primaryimage\",\"url\":\"https:\\\/\\\/christinakosmeetika.ee\\\/wp-content\\\/uploads\\\/2021\\\/05\\\/Milky-Cleanser-.png\",\"contentUrl\":\"https:\\\/\\\/christinakosmeetika.ee\\\/wp-content\\\/uploads\\\/2021\\\/05\\\/Milky-Cleanser-.png\",\"width\":1080,\"height\":1080,\"caption\":\"Milky Cleanser\"},{\"@type\":\"BreadcrumbList\",\"@id\":\"https:\\\/\\\/christinakosmeetika.ee\\\/et\\\/toode\\\/meigieemalduspiim-naole\\\/#breadcrumb\",\"itemListElement\":[{\"@type\":\"ListItem\",\"position\":1,\"name\":\"\u0413\u043b\u0430\u0432\u043d\u0430\u044f \u0441\u0442\u0440\u0430\u043d\u0438\u0446\u0430\",\"item\":\"https:\\\/\\\/christinakosmeetika.ee\\\/et\\\/\"},{\"@type\":\"ListItem\",\"position\":2,\"name\":\"Shop\",\"item\":\"https:\\\/\\\/christinakosmeetika.ee\\\/en\\\/shop\\\/\"},{\"@type\":\"ListItem\",\"position\":3,\"name\":\"Muse Milky Cleanser 300ml CHR336\"}]},{\"@type\":\"WebSite\",\"@id\":\"https:\\\/\\\/christinakosmeetika.ee\\\/#website\",\"url\":\"https:\\\/\\\/christinakosmeetika.ee\\\/\",\"name\":\"Christinakosmeetika\",\"description\":\"Christina kosmeetika Eestis\",\"alternateName\":\"Christina kosmeetika Eestis\",\"potentialAction\":[{\"@type\":\"SearchAction\",\"target\":{\"@type\":\"EntryPoint\",\"urlTemplate\":\"https:\\\/\\\/christinakosmeetika.ee\\\/?s={search_term_string}\"},\"query-input\":{\"@type\":\"PropertyValueSpecification\",\"valueRequired\":true,\"valueName\":\"search_term_string\"}}],\"inLanguage\":\"et\"}]}<\/script>\n<!-- \/ Yoast SEO plugin. -->","yoast_head_json":{"title":"Muse Milky Cleanser puhastuspiim | Christina","description":"Muse Milky Cleanser Christina \u2014 \u00f5rn puhastuspiim meigi eemaldamiseks ja naha puhastamiseks. Rahustab, niisutab ega kuivata nahka.","robots":{"index":"index","follow":"follow","max-snippet":"max-snippet:-1","max-image-preview":"max-image-preview:large","max-video-preview":"max-video-preview:-1"},"canonical":"https:\/\/christinakosmeetika.ee\/et\/toode\/meigieemalduspiim-naole\/","og_locale":"et_EE","og_type":"article","og_title":"Muse Milky Cleanser puhastuspiim | Christina","og_description":"Muse Milky Cleanser Christina \u2014 \u00f5rn puhastuspiim meigi eemaldamiseks ja naha puhastamiseks. Rahustab, niisutab ega kuivata nahka.","og_url":"https:\/\/christinakosmeetika.ee\/et\/toode\/meigieemalduspiim-naole\/","og_site_name":"Christinakosmeetika","article_modified_time":"2026-03-31T20:47:51+00:00","og_image":[{"width":1080,"height":1080,"url":"https:\/\/christinakosmeetika.ee\/wp-content\/uploads\/2021\/05\/Milky-Cleanser-.png","type":"image\/png"}],"twitter_card":"summary_large_image","twitter_misc":{"Est. reading time":"2 minutit"},"schema":{"@context":"https:\/\/schema.org","@graph":[{"@type":"WebPage","@id":"https:\/\/christinakosmeetika.ee\/et\/toode\/meigieemalduspiim-naole\/","url":"https:\/\/christinakosmeetika.ee\/et\/toode\/meigieemalduspiim-naole\/","name":"Muse Milky Cleanser puhastuspiim | Christina","isPartOf":{"@id":"https:\/\/christinakosmeetika.ee\/#website"},"primaryImageOfPage":{"@id":"https:\/\/christinakosmeetika.ee\/et\/toode\/meigieemalduspiim-naole\/#primaryimage"},"image":{"@id":"https:\/\/christinakosmeetika.ee\/et\/toode\/meigieemalduspiim-naole\/#primaryimage"},"thumbnailUrl":"https:\/\/christinakosmeetika.ee\/wp-content\/uploads\/2021\/05\/Milky-Cleanser-.png","datePublished":"2026-03-30T07:59:13+00:00","dateModified":"2026-03-31T20:47:51+00:00","description":"Muse Milky Cleanser Christina \u2014 \u00f5rn puhastuspiim meigi eemaldamiseks ja naha puhastamiseks. Rahustab, niisutab ega kuivata nahka.","breadcrumb":{"@id":"https:\/\/christinakosmeetika.ee\/et\/toode\/meigieemalduspiim-naole\/#breadcrumb"},"inLanguage":"et","potentialAction":[{"@type":"ReadAction","target":["https:\/\/christinakosmeetika.ee\/et\/toode\/meigieemalduspiim-naole\/"]}]},{"@type":"ImageObject","inLanguage":"et","@id":"https:\/\/christinakosmeetika.ee\/et\/toode\/meigieemalduspiim-naole\/#primaryimage","url":"https:\/\/christinakosmeetika.ee\/wp-content\/uploads\/2021\/05\/Milky-Cleanser-.png","contentUrl":"https:\/\/christinakosmeetika.ee\/wp-content\/uploads\/2021\/05\/Milky-Cleanser-.png","width":1080,"height":1080,"caption":"Milky Cleanser"},{"@type":"BreadcrumbList","@id":"https:\/\/christinakosmeetika.ee\/et\/toode\/meigieemalduspiim-naole\/#breadcrumb","itemListElement":[{"@type":"ListItem","position":1,"name":"\u0413\u043b\u0430\u0432\u043d\u0430\u044f \u0441\u0442\u0440\u0430\u043d\u0438\u0446\u0430","item":"https:\/\/christinakosmeetika.ee\/et\/"},{"@type":"ListItem","position":2,"name":"Shop","item":"https:\/\/christinakosmeetika.ee\/en\/shop\/"},{"@type":"ListItem","position":3,"name":"Muse Milky Cleanser 300ml CHR336"}]},{"@type":"WebSite","@id":"https:\/\/christinakosmeetika.ee\/#website","url":"https:\/\/christinakosmeetika.ee\/","name":"Christinakosmeetika","description":"Christina kosmeetika Eestis","alternateName":"Christina kosmeetika Eestis","potentialAction":[{"@type":"SearchAction","target":{"@type":"EntryPoint","urlTemplate":"https:\/\/christinakosmeetika.ee\/?s={search_term_string}"},"query-input":{"@type":"PropertyValueSpecification","valueRequired":true,"valueName":"search_term_string"}}],"inLanguage":"et"}]}},"_links":{"self":[{"href":"https:\/\/christinakosmeetika.ee\/et\/wp-json\/wp\/v2\/product\/14289","targetHints":{"allow":["GET"]}}],"collection":[{"href":"https:\/\/christinakosmeetika.ee\/et\/wp-json\/wp\/v2\/product"}],"about":[{"href":"https:\/\/christinakosmeetika.ee\/et\/wp-json\/wp\/v2\/types\/product"}],"wp:featuredmedia":[{"embeddable":true,"href":"https:\/\/christinakosmeetika.ee\/et\/wp-json\/wp\/v2\/media\/14285"}],"wp:attachment":[{"href":"https:\/\/christinakosmeetika.ee\/et\/wp-json\/wp\/v2\/media?parent=14289"}],"wp:term":[{"taxonomy":"product_brand","embeddable":true,"href":"https:\/\/christinakosmeetika.ee\/et\/wp-json\/wp\/v2\/product_brand?post=14289"},{"taxonomy":"product_cat","embeddable":true,"href":"https:\/\/christinakosmeetika.ee\/et\/wp-json\/wp\/v2\/product_cat?post=14289"},{"taxonomy":"product_tag","embeddable":true,"href":"https:\/\/christinakosmeetika.ee\/et\/wp-json\/wp\/v2\/product_tag?post=14289"}],"curies":[{"name":"wp","href":"https:\/\/api.w.org\/{rel}","templated":true}]}}