{"id":14276,"date":"2026-03-28T19:15:35","date_gmt":"2026-03-28T17:15:35","guid":{"rendered":"https:\/\/christinakosmeetika.ee\/product\/muse-bio-tight-serum-30ml-chr339\/"},"modified":"2026-04-07T14:27:27","modified_gmt":"2026-04-07T11:27:27","slug":"muse-bio-tight-serum-30ml-chr339","status":"publish","type":"product","link":"https:\/\/christinakosmeetika.ee\/et\/toode\/muse-bio-tight-serum-30ml-chr339\/","title":{"rendered":"Muse Bio-Tight Serum 30ml CHR339"},"content":{"rendered":"<h2>Naha liftinguks m\u00f5eldud bioseerum kohese pinguldava ja siluva toimega<\/h2>\n<p>Professionaalne Christina seerum v\u00e4ljendunud lifting-efektiga, mis tagab nii kohese naha pinguldamise kui ka regulaarsel kasutamisel kumulatiivse tulemuse. Valem tugevdab nahka, parandab selle elastsust ja aitab siluda kortse.<\/p>\n<p>Seerum imendub kiiresti, loob sileda ja pingul naha tunde, parandab naha tekstuuri ning toetab taastumisprotsesse. Sobib igap\u00e4evaseks hoolduseks naha elastsuse v\u00e4henemise ja vananemisilmingute korral.<\/p>\n<h2>Aktiivne toime<\/h2>\n<p>Seritsiin moodustab naha pinnale kaitsekile, siludes seda koheselt ning andes pehmuse ja siidise tunde.<br \/>\nH\u00fcdrol\u00fc\u00fcsitud siid niisutab nahka, parandab selle seisundit ja toetab taastumisprotsesse.<br \/>\nElastsust suurendavad komponendid toetavad h\u00fcaluroonhappe ja elastiini s\u00fcnteesi, parandades naha tihedust.<br \/>\nAtset\u00fc\u00fclheksapeptiid-8 aitab v\u00e4hendada kortsude n\u00e4htavust, l\u00f5\u00f5gastades miimilist aktiivsust.<br \/>\nKinoaekstrakt ja algiin moodustavad kaitseva bioloogilise kile lifting-efektiga.<\/p>\n<h2>Kasutamine<\/h2>\n<p>Kandke v\u00e4ike kogus seerumit n\u00e4o-, kaela- ja dekolteepiirkonna nahale.<br \/>\nJaotage \u00fchtlaselt kuni t\u00e4ieliku imendumiseni.<\/p>\n<p>Kasutage hommikul ja\/v\u00f5i \u00f5htul enne kreemi.<\/p>\n<h2>Tulemus<\/h2>\n<p>Nahk n\u00e4eb v\u00e4lja pinguldatum, siledam ja elastsem.<br \/>\nKortsud muutuvad v\u00e4hem m\u00e4rgatavaks, paraneb naha \u00fcldine toon ja v\u00e4limus.<\/p>\n<p>Kui on vaja kiiret lifting-efekti, v\u00f5ib kasutada ka ekspresshooldusena enne v\u00e4ljaminekut.<\/p>\n<p data-start=\"1650\" data-end=\"1781\"><img loading=\"lazy\" decoding=\"async\" class=\"alignnone size-medium wp-image-14221\" src=\"https:\/\/christinakosmeetika.ee\/wp-content\/uploads\/2026\/03\/Bio-Tight-Serum--300x300.png\" alt=\"Bio Tight Serum \" width=\"300\" height=\"300\" srcset=\"https:\/\/christinakosmeetika.ee\/wp-content\/uploads\/2026\/03\/Bio-Tight-Serum--300x300.png 300w, https:\/\/christinakosmeetika.ee\/wp-content\/uploads\/2026\/03\/Bio-Tight-Serum--80x80.png 80w, https:\/\/christinakosmeetika.ee\/wp-content\/uploads\/2026\/03\/Bio-Tight-Serum--768x768.png 768w, https:\/\/christinakosmeetika.ee\/wp-content\/uploads\/2026\/03\/Bio-Tight-Serum--36x36.png 36w, https:\/\/christinakosmeetika.ee\/wp-content\/uploads\/2026\/03\/Bio-Tight-Serum--180x180.png 180w, https:\/\/christinakosmeetika.ee\/wp-content\/uploads\/2026\/03\/Bio-Tight-Serum--705x705.png 705w, https:\/\/christinakosmeetika.ee\/wp-content\/uploads\/2026\/03\/Bio-Tight-Serum--120x120.png 120w, https:\/\/christinakosmeetika.ee\/wp-content\/uploads\/2026\/03\/Bio-Tight-Serum--450x450.png 450w, https:\/\/christinakosmeetika.ee\/wp-content\/uploads\/2026\/03\/Bio-Tight-Serum--600x600.png 600w, https:\/\/christinakosmeetika.ee\/wp-content\/uploads\/2026\/03\/Bio-Tight-Serum--100x100.png 100w, https:\/\/christinakosmeetika.ee\/wp-content\/uploads\/2026\/03\/Bio-Tight-Serum-.png 1024w\" sizes=\"auto, (max-width: 300px) 100vw, 300px\" \/><\/p>\n<h2><a href=\"https:\/\/christinakosmeetika.ee\/et\/syvorotka-ot-morshchin\/\">Kortsudevastane seerum pinguldava toimega<\/a><\/h2>\n<p>Kui nahk kaotab elastsust, kortsud muutuvad n\u00e4htavamaks ja n\u00e4gu n\u00e4eb v\u00e4hem pingul v\u00e4lja, ei piisa tavap\u00e4rasest hooldusest enam.<br \/>\nMuse Bio-Tight Serum \u00fchendab kiire pinguldava efekti ja kumulatiivse toime, aidates nahal v\u00e4lja n\u00e4ha siledam, elastsem ja hoolitsetum.<\/p>\n<p data-start=\"453\" data-end=\"548\"><a href=\"https:\/\/christinakosmeetika.ee\/et\/syvorotka-ot-morshchin\/\">\ud83d\udc49 <strong data-start=\"456\" data-end=\"548\">Kuidas seerum aitab nahka pinguldada ja muuta kortsud v\u00e4hem m\u00e4rgatavaks \u2014 loe edasi\u2026\u203a<\/strong><\/a><\/p>\n<p data-start=\"453\" data-end=\"548\">Water (Aqua), Isodecyl Neopentanoate, Cetearyl Ethylhexanoate, Propanediol, Trilaureth-4 Phosphate, Pentylene Glycol, Phenyl Trimethicone, Stearyl Dimethicone, Squalane, Glycerin, Isomalt, Phenoxyethanol, Hydroxyethyl Acrylate\/Sodium Acryloyldimethyl Taurate Copolymer, Polysorbate 20, Ammonium Acryloyldimethyltaurate\/VP Copolymer, Octadecene, Caprylyl Glycol, Tocopheryl Acetate, Hydroxyethylcellulose, Fragrance (Parfum), Polysorbate 60, Ethylhexylglycerin, Lecithin, Hexamethylindanopyran, Carnosine, Alcohol, Rosa Gallica Flower Extract, Citric Acid, Sodium Acetate, Sodium Hyaluronate, Sodium Benzoate, Hydrolyzed Soy Protein, Lycium Barbarum Fruit Extract, Trimethylbenzenepropanol, Isopropyl Alcohol, Cellulose, Rhododendron Ferrugineum Leaf Cell Culture Extract (Dry), Citrus Aurantium Peel Oil, Hexyl Cinnamal, Limonene, Hydroxycitronellal, Tocopherol, Linalool, Hydrolyzed Yeast Protein, N-Prolyl Palmitoyl Tripeptide-56 Acetate, Silybum Marianum Fruit Extract, Sodium Metabisulfite.<\/p>\n","protected":false},"excerpt":{"rendered":"<h2>Pinguldav seerum kohese ja kumulatiivse toimega. Pinguldab nahka, silub kortse ja parandab elastsust.<\/h2>\n<p data-section-id=\"g380dk\" data-start=\"712\" data-end=\"728\"><span role=\"text\"><strong data-start=\"715\" data-end=\"728\">Aitab:<br \/>\n<\/strong><\/span><\/p>\n<ul data-start=\"730\" data-end=\"894\">\n<li data-section-id=\"151jlqk\" data-start=\"730\" data-end=\"759\">pinguldada ja tugevdada nahka<\/li>\n<li data-section-id=\"1yvoxkg\" data-start=\"760\" data-end=\"782\">siluda kortse<\/li>\n<li data-section-id=\"1p6biwk\" data-start=\"783\" data-end=\"820\">parandada naha elastsust ja vetruvust<\/li>\n<li data-section-id=\"cwe3sc\" data-start=\"821\" data-end=\"845\">parandada naha toonust ja tihedust<\/li>\n<li data-section-id=\"1oa6b0q\" data-start=\"846\" data-end=\"894\">kaitsta nahka ja toetada selle taastumist<\/li>\n<\/ul>\n<div class=\"feature-line__text\">pH 6.0-7.0<\/div>\n","protected":false},"featured_media":14278,"template":"","meta":[],"product_brand":[],"product_cat":[518,182],"product_tag":[],"class_list":{"0":"post-14276","1":"product","2":"type-product","3":"status-publish","4":"has-post-thumbnail","6":"product_cat-muse-et-2","7":"product_cat-seerum","8":"product_shipping_class-smart-itella-post-et","9":"pa_efekt-niisutamine","10":"pa_efekt-noorendamine","11":"pa_efekt-regenereerimine","12":"pa_efekt-tugevdamine","13":"pa_linii-kosmetiki-muse-et","14":"pa_reshenie-problem-dehudratsioon","15":"pa_reshenie-problem-vahenenud-elastsus","16":"pa_reshenie-problem-pigmentatsioon","17":"pa_reshenie-problem-vananemise-margid","18":"pa_tip-kozi-koik-nahatuubid-et","19":"pa_tip-kozi-kombi-et","20":"pa_tip-kozi-kuiv-et","21":"pa_tip-kozi-normaalne-et","22":"pa_tip-kozi-rasvane-et","23":"pa_tip-preparata-seerum","25":"first","26":"instock","27":"taxable","28":"shipping-taxable","29":"purchasable","30":"product-type-simple"},"yoast_head":"<!-- This site is optimized with the Yoast SEO plugin v27.3 - https:\/\/yoast.com\/product\/yoast-seo-wordpress\/ -->\n<title>Muse Bio-Tight Serum 30ml CHR339 - Christinakosmeetika<\/title>\n<meta name=\"robots\" content=\"index, follow, max-snippet:-1, max-image-preview:large, max-video-preview:-1\" \/>\n<link rel=\"canonical\" href=\"https:\/\/christinakosmeetika.ee\/et\/toode\/muse-bio-tight-serum-30ml-chr339\/\" \/>\n<meta property=\"og:locale\" content=\"et_EE\" \/>\n<meta property=\"og:type\" content=\"article\" \/>\n<meta property=\"og:title\" content=\"Muse Bio-Tight Serum 30ml CHR339 - Christinakosmeetika\" \/>\n<meta property=\"og:description\" content=\"Pinguldav seerum kohese ja kumulatiivse toimega. Pinguldab nahka, silub kortse ja parandab elastsust. Aitab:     pinguldada ja tugevdada nahka  siluda kortse  parandada naha elastsust ja vetruvust  parandada naha toonust ja tihedust  kaitsta nahka ja toetada selle taastumist  pH 6.0-7.0\" \/>\n<meta property=\"og:url\" content=\"https:\/\/christinakosmeetika.ee\/et\/toode\/muse-bio-tight-serum-30ml-chr339\/\" \/>\n<meta property=\"og:site_name\" content=\"Christinakosmeetika\" \/>\n<meta property=\"article:modified_time\" content=\"2026-04-07T11:27:27+00:00\" \/>\n<meta property=\"og:image\" content=\"https:\/\/christinakosmeetika.ee\/wp-content\/uploads\/2026\/03\/Muse-Bio-Tight-Serum-1.png\" \/>\n\t<meta property=\"og:image:width\" content=\"1080\" \/>\n\t<meta property=\"og:image:height\" content=\"1080\" \/>\n\t<meta property=\"og:image:type\" content=\"image\/png\" \/>\n<meta name=\"twitter:card\" content=\"summary_large_image\" \/>\n<meta name=\"twitter:label1\" content=\"Est. reading time\" \/>\n\t<meta name=\"twitter:data1\" content=\"2 minutit\" \/>\n<script type=\"application\/ld+json\" class=\"yoast-schema-graph\">{\"@context\":\"https:\\\/\\\/schema.org\",\"@graph\":[{\"@type\":\"WebPage\",\"@id\":\"https:\\\/\\\/christinakosmeetika.ee\\\/et\\\/toode\\\/muse-bio-tight-serum-30ml-chr339\\\/\",\"url\":\"https:\\\/\\\/christinakosmeetika.ee\\\/et\\\/toode\\\/muse-bio-tight-serum-30ml-chr339\\\/\",\"name\":\"Muse Bio-Tight Serum 30ml CHR339 - Christinakosmeetika\",\"isPartOf\":{\"@id\":\"https:\\\/\\\/christinakosmeetika.ee\\\/#website\"},\"primaryImageOfPage\":{\"@id\":\"https:\\\/\\\/christinakosmeetika.ee\\\/et\\\/toode\\\/muse-bio-tight-serum-30ml-chr339\\\/#primaryimage\"},\"image\":{\"@id\":\"https:\\\/\\\/christinakosmeetika.ee\\\/et\\\/toode\\\/muse-bio-tight-serum-30ml-chr339\\\/#primaryimage\"},\"thumbnailUrl\":\"https:\\\/\\\/christinakosmeetika.ee\\\/wp-content\\\/uploads\\\/2026\\\/03\\\/Muse-Bio-Tight-Serum-1.png\",\"datePublished\":\"2026-03-28T17:15:35+00:00\",\"dateModified\":\"2026-04-07T11:27:27+00:00\",\"breadcrumb\":{\"@id\":\"https:\\\/\\\/christinakosmeetika.ee\\\/et\\\/toode\\\/muse-bio-tight-serum-30ml-chr339\\\/#breadcrumb\"},\"inLanguage\":\"et\",\"potentialAction\":[{\"@type\":\"ReadAction\",\"target\":[\"https:\\\/\\\/christinakosmeetika.ee\\\/et\\\/toode\\\/muse-bio-tight-serum-30ml-chr339\\\/\"]}]},{\"@type\":\"ImageObject\",\"inLanguage\":\"et\",\"@id\":\"https:\\\/\\\/christinakosmeetika.ee\\\/et\\\/toode\\\/muse-bio-tight-serum-30ml-chr339\\\/#primaryimage\",\"url\":\"https:\\\/\\\/christinakosmeetika.ee\\\/wp-content\\\/uploads\\\/2026\\\/03\\\/Muse-Bio-Tight-Serum-1.png\",\"contentUrl\":\"https:\\\/\\\/christinakosmeetika.ee\\\/wp-content\\\/uploads\\\/2026\\\/03\\\/Muse-Bio-Tight-Serum-1.png\",\"width\":1080,\"height\":1080,\"caption\":\"Muse Bio-Tight Serum\"},{\"@type\":\"BreadcrumbList\",\"@id\":\"https:\\\/\\\/christinakosmeetika.ee\\\/et\\\/toode\\\/muse-bio-tight-serum-30ml-chr339\\\/#breadcrumb\",\"itemListElement\":[{\"@type\":\"ListItem\",\"position\":1,\"name\":\"\u0413\u043b\u0430\u0432\u043d\u0430\u044f \u0441\u0442\u0440\u0430\u043d\u0438\u0446\u0430\",\"item\":\"https:\\\/\\\/christinakosmeetika.ee\\\/et\\\/\"},{\"@type\":\"ListItem\",\"position\":2,\"name\":\"Shop\",\"item\":\"https:\\\/\\\/christinakosmeetika.ee\\\/en\\\/shop\\\/\"},{\"@type\":\"ListItem\",\"position\":3,\"name\":\"Muse Bio-Tight Serum 30ml CHR339\"}]},{\"@type\":\"WebSite\",\"@id\":\"https:\\\/\\\/christinakosmeetika.ee\\\/#website\",\"url\":\"https:\\\/\\\/christinakosmeetika.ee\\\/\",\"name\":\"Christinakosmeetika\",\"description\":\"Christina kosmeetika Eestis\",\"alternateName\":\"Christina kosmeetika Eestis\",\"potentialAction\":[{\"@type\":\"SearchAction\",\"target\":{\"@type\":\"EntryPoint\",\"urlTemplate\":\"https:\\\/\\\/christinakosmeetika.ee\\\/?s={search_term_string}\"},\"query-input\":{\"@type\":\"PropertyValueSpecification\",\"valueRequired\":true,\"valueName\":\"search_term_string\"}}],\"inLanguage\":\"et\"}]}<\/script>\n<!-- \/ Yoast SEO plugin. -->","yoast_head_json":{"title":"Muse Bio-Tight Serum 30ml CHR339 - Christinakosmeetika","robots":{"index":"index","follow":"follow","max-snippet":"max-snippet:-1","max-image-preview":"max-image-preview:large","max-video-preview":"max-video-preview:-1"},"canonical":"https:\/\/christinakosmeetika.ee\/et\/toode\/muse-bio-tight-serum-30ml-chr339\/","og_locale":"et_EE","og_type":"article","og_title":"Muse Bio-Tight Serum 30ml CHR339 - Christinakosmeetika","og_description":"Pinguldav seerum kohese ja kumulatiivse toimega. Pinguldab nahka, silub kortse ja parandab elastsust. Aitab:     pinguldada ja tugevdada nahka  siluda kortse  parandada naha elastsust ja vetruvust  parandada naha toonust ja tihedust  kaitsta nahka ja toetada selle taastumist  pH 6.0-7.0","og_url":"https:\/\/christinakosmeetika.ee\/et\/toode\/muse-bio-tight-serum-30ml-chr339\/","og_site_name":"Christinakosmeetika","article_modified_time":"2026-04-07T11:27:27+00:00","og_image":[{"width":1080,"height":1080,"url":"https:\/\/christinakosmeetika.ee\/wp-content\/uploads\/2026\/03\/Muse-Bio-Tight-Serum-1.png","type":"image\/png"}],"twitter_card":"summary_large_image","twitter_misc":{"Est. reading time":"2 minutit"},"schema":{"@context":"https:\/\/schema.org","@graph":[{"@type":"WebPage","@id":"https:\/\/christinakosmeetika.ee\/et\/toode\/muse-bio-tight-serum-30ml-chr339\/","url":"https:\/\/christinakosmeetika.ee\/et\/toode\/muse-bio-tight-serum-30ml-chr339\/","name":"Muse Bio-Tight Serum 30ml CHR339 - Christinakosmeetika","isPartOf":{"@id":"https:\/\/christinakosmeetika.ee\/#website"},"primaryImageOfPage":{"@id":"https:\/\/christinakosmeetika.ee\/et\/toode\/muse-bio-tight-serum-30ml-chr339\/#primaryimage"},"image":{"@id":"https:\/\/christinakosmeetika.ee\/et\/toode\/muse-bio-tight-serum-30ml-chr339\/#primaryimage"},"thumbnailUrl":"https:\/\/christinakosmeetika.ee\/wp-content\/uploads\/2026\/03\/Muse-Bio-Tight-Serum-1.png","datePublished":"2026-03-28T17:15:35+00:00","dateModified":"2026-04-07T11:27:27+00:00","breadcrumb":{"@id":"https:\/\/christinakosmeetika.ee\/et\/toode\/muse-bio-tight-serum-30ml-chr339\/#breadcrumb"},"inLanguage":"et","potentialAction":[{"@type":"ReadAction","target":["https:\/\/christinakosmeetika.ee\/et\/toode\/muse-bio-tight-serum-30ml-chr339\/"]}]},{"@type":"ImageObject","inLanguage":"et","@id":"https:\/\/christinakosmeetika.ee\/et\/toode\/muse-bio-tight-serum-30ml-chr339\/#primaryimage","url":"https:\/\/christinakosmeetika.ee\/wp-content\/uploads\/2026\/03\/Muse-Bio-Tight-Serum-1.png","contentUrl":"https:\/\/christinakosmeetika.ee\/wp-content\/uploads\/2026\/03\/Muse-Bio-Tight-Serum-1.png","width":1080,"height":1080,"caption":"Muse Bio-Tight Serum"},{"@type":"BreadcrumbList","@id":"https:\/\/christinakosmeetika.ee\/et\/toode\/muse-bio-tight-serum-30ml-chr339\/#breadcrumb","itemListElement":[{"@type":"ListItem","position":1,"name":"\u0413\u043b\u0430\u0432\u043d\u0430\u044f \u0441\u0442\u0440\u0430\u043d\u0438\u0446\u0430","item":"https:\/\/christinakosmeetika.ee\/et\/"},{"@type":"ListItem","position":2,"name":"Shop","item":"https:\/\/christinakosmeetika.ee\/en\/shop\/"},{"@type":"ListItem","position":3,"name":"Muse Bio-Tight Serum 30ml CHR339"}]},{"@type":"WebSite","@id":"https:\/\/christinakosmeetika.ee\/#website","url":"https:\/\/christinakosmeetika.ee\/","name":"Christinakosmeetika","description":"Christina kosmeetika Eestis","alternateName":"Christina kosmeetika Eestis","potentialAction":[{"@type":"SearchAction","target":{"@type":"EntryPoint","urlTemplate":"https:\/\/christinakosmeetika.ee\/?s={search_term_string}"},"query-input":{"@type":"PropertyValueSpecification","valueRequired":true,"valueName":"search_term_string"}}],"inLanguage":"et"}]}},"_links":{"self":[{"href":"https:\/\/christinakosmeetika.ee\/et\/wp-json\/wp\/v2\/product\/14276","targetHints":{"allow":["GET"]}}],"collection":[{"href":"https:\/\/christinakosmeetika.ee\/et\/wp-json\/wp\/v2\/product"}],"about":[{"href":"https:\/\/christinakosmeetika.ee\/et\/wp-json\/wp\/v2\/types\/product"}],"wp:featuredmedia":[{"embeddable":true,"href":"https:\/\/christinakosmeetika.ee\/et\/wp-json\/wp\/v2\/media\/14278"}],"wp:attachment":[{"href":"https:\/\/christinakosmeetika.ee\/et\/wp-json\/wp\/v2\/media?parent=14276"}],"wp:term":[{"taxonomy":"product_brand","embeddable":true,"href":"https:\/\/christinakosmeetika.ee\/et\/wp-json\/wp\/v2\/product_brand?post=14276"},{"taxonomy":"product_cat","embeddable":true,"href":"https:\/\/christinakosmeetika.ee\/et\/wp-json\/wp\/v2\/product_cat?post=14276"},{"taxonomy":"product_tag","embeddable":true,"href":"https:\/\/christinakosmeetika.ee\/et\/wp-json\/wp\/v2\/product_tag?post=14276"}],"curies":[{"name":"wp","href":"https:\/\/api.w.org\/{rel}","templated":true}]}}