{"id":14269,"date":"2026-03-28T18:29:09","date_gmt":"2026-03-28T16:29:09","guid":{"rendered":"https:\/\/christinakosmeetika.ee\/product\/muse-absolute-longevity-serum-christina\/"},"modified":"2026-04-07T14:26:26","modified_gmt":"2026-04-07T11:26:26","slug":"muse-absolute-longevity-serum-christina","status":"publish","type":"product","link":"https:\/\/christinakosmeetika.ee\/et\/toode\/muse-absolute-longevity-serum-christina\/","title":{"rendered":"Muse Absolute Longevity 30ml CHR338"},"content":{"rendered":"<h2 data-start=\"125\" data-end=\"222\">Eksosoomidega seerum naha nooruslikkuse pikendamiseks, elastsuse parandamiseks ja kortsude v\u00e4hendamiseks.<\/h2>\n<p data-start=\"224\" data-end=\"486\">Christina professionaalne eksosoomidega seerum, mis on suunatud naha taastamisele, selle struktuuri parandamisele ja nooruslikkuse s\u00e4ilitamisele. Valem toetab kollageeni ja elastiini s\u00fcnteesi, tugevdab naha kaitsebarj\u00e4\u00e4ri ning aitab nahal kauem s\u00e4ilitada tihedust ja siledust.<\/p>\n<p data-start=\"488\" data-end=\"687\">Seerum parandab naha v\u00e4limust, annab sellele s\u00e4ra, suurendab elastsust ja kaitseb keskkonna kahjulike m\u00f5jude eest. Kerge tekstuur imendub kiiresti ja sobib igap\u00e4evaseks hoolduseks.<br \/>\n.<\/p>\n<hr data-start=\"887\" data-end=\"890\" \/>\n<h2 data-section-id=\"zvkkgl\" data-start=\"892\" data-end=\"916\"><span role=\"text\"><strong data-start=\"895\" data-end=\"916\">Aktiivne toime<br \/>\n<\/strong><\/span><\/h2>\n<ul>\n<li data-start=\"918\" data-end=\"1364\">Goji t\u00fcvirakkude eksosoomid stimuleerivad naha uuenemist ning tugevdavad kollageeni, elastiini ja gl\u00fckosaminogl\u00fckaanide tootmist.<\/li>\n<li data-start=\"918\" data-end=\"1364\">Telosense Active kompleks toetab rakkude eluj\u00f5ulisust ja aitab aeglustada vananemisprotsesse.<\/li>\n<li data-start=\"918\" data-end=\"1364\">Peptiidid tugevdavad sidemeid rakkude ja rakuv\u00e4lise maatriksi vahel, aidates v\u00e4hendada kortsude n\u00e4htavust.<\/li>\n<li data-start=\"918\" data-end=\"1364\">Alpi roosi t\u00fcvirakud suurendavad naha vastupidavust stressile ja v\u00e4listele teguritele, parandades naha barj\u00e4\u00e4rifunktsiooni.<\/li>\n<\/ul>\n<hr data-start=\"1366\" data-end=\"1369\" \/>\n<h2 data-section-id=\"1lxc0lv\" data-start=\"1371\" data-end=\"1388\"><span role=\"text\"><strong data-start=\"1374\" data-end=\"1388\">Kasutamine<br \/>\n<\/strong><\/span><\/h2>\n<ul>\n<li data-start=\"1390\" data-end=\"1502\">Kandke v\u00e4ike kogus seerumit n\u00e4o-, kaela- ja dekolteepiirkonna nahale.<\/li>\n<li data-start=\"1390\" data-end=\"1502\">Jaotage \u00fchtlaselt kuni t\u00e4ieliku imendumiseni.<\/li>\n<li data-start=\"1390\" data-end=\"1502\">Kasutage hommikul ja\/v\u00f5i \u00f5htul enne kreemi.<\/li>\n<\/ul>\n<hr data-start=\"1551\" data-end=\"1554\" \/>\n<h2 data-section-id=\"ji6o0z\" data-start=\"1556\" data-end=\"1572\"><span role=\"text\"><strong data-start=\"1559\" data-end=\"1572\">Tulemus<br \/>\n<\/strong><\/span><\/h2>\n<p data-start=\"1574\" data-end=\"1701\">Nahk muutub siledamaks, elastsemaks ja hoolitsetumaks.<br \/>\nKortsud muutuvad v\u00e4hem m\u00e4rgatavaks ning nahk n\u00e4eb v\u00e4rskem ja s\u00e4ravam v\u00e4lja.<\/p>\n<h2 data-section-id=\"ei90ni\" data-start=\"1699\" data-end=\"1769\"><span role=\"text\"><strong data-start=\"1702\" data-end=\"1769\"><img loading=\"lazy\" decoding=\"async\" class=\"alignnone wp-image-14210 size-medium\" src=\"https:\/\/christinakosmeetika.ee\/wp-content\/uploads\/2026\/03\/Absolute-Longevity--300x300.png\" alt=\"Absolute Longevity \" width=\"300\" height=\"300\" srcset=\"https:\/\/christinakosmeetika.ee\/wp-content\/uploads\/2026\/03\/Absolute-Longevity--300x300.png 300w, https:\/\/christinakosmeetika.ee\/wp-content\/uploads\/2026\/03\/Absolute-Longevity--80x80.png 80w, https:\/\/christinakosmeetika.ee\/wp-content\/uploads\/2026\/03\/Absolute-Longevity--768x768.png 768w, https:\/\/christinakosmeetika.ee\/wp-content\/uploads\/2026\/03\/Absolute-Longevity--36x36.png 36w, https:\/\/christinakosmeetika.ee\/wp-content\/uploads\/2026\/03\/Absolute-Longevity--180x180.png 180w, https:\/\/christinakosmeetika.ee\/wp-content\/uploads\/2026\/03\/Absolute-Longevity--705x705.png 705w, https:\/\/christinakosmeetika.ee\/wp-content\/uploads\/2026\/03\/Absolute-Longevity--120x120.png 120w, https:\/\/christinakosmeetika.ee\/wp-content\/uploads\/2026\/03\/Absolute-Longevity--450x450.png 450w, https:\/\/christinakosmeetika.ee\/wp-content\/uploads\/2026\/03\/Absolute-Longevity--600x600.png 600w, https:\/\/christinakosmeetika.ee\/wp-content\/uploads\/2026\/03\/Absolute-Longevity--100x100.png 100w, https:\/\/christinakosmeetika.ee\/wp-content\/uploads\/2026\/03\/Absolute-Longevity-.png 1024w\" sizes=\"auto, (max-width: 300px) 100vw, 300px\" \/><\/strong><\/span><\/h2>\n<h3><a href=\"https:\/\/christinakosmeetika.ee\/et\/naonaha-elastsus-seerum\/\">Kuidas parandada n\u00e4onaha elastsust eksosoomseerumi abil<\/a><\/h3>\n<p data-start=\"151\" data-end=\"311\">Kui nahk on muutunud v\u00e4hem elastseks, tekkinud on kortsud ja on tunne, et tavap\u00e4rane hooldus ei anna enam tulemusi, on see m\u00e4rk sellest, et nahk vajab t\u00f5husamat l\u00e4henemist.<\/p>\n<p data-start=\"313\" data-end=\"466\">Muse Absolute Longevity \u2014 eksosoomidega seerum, mis aitab aktiivsetel koostisosadel toimida s\u00fcgavamalt ja t\u00f5husamalt, tugevdades naha uuenemisprotsesse.<\/p>\n<p data-start=\"468\" data-end=\"610\">Eksosoomid toimetavad aktiivained otse naharakkudeni, t\u00e4nu millele nende toime tugevneb ja nahk reageerib hooldusele kiiremini.<\/p>\n<p data-start=\"612\" data-end=\"752\">Regulaarsel kasutamisel muutub nahk tihedamaks, siledamaks ja n\u00e4eb m\u00e4rgatavalt hoolitsetum v\u00e4lja ning kortsud muutuvad v\u00e4hem v\u00e4ljendunuks.<\/p>\n<p data-start=\"1901\" data-end=\"1967\"><a href=\"https:\/\/christinakosmeetika.ee\/et\/naonaha-elastsus-seerum\/\">\ud83d\udc49 Kuidas seerum aitab parandada naha elastsust \u2014 loe edasi\u2026<\/a>\u203a<\/p>\n<p data-start=\"1901\" data-end=\"1967\">Water (Aqua), Isodecyl Neopentanoate, Cetearyl Ethylhexanoate, Propanediol, Trilaureth-4 Phosphate, Pentylene Glycol, Phenyl Trimethicone, Stearyl Dimethicone, Squalane, Glycerin, Isomalt, Phenoxyethanol, Hydroxyethyl Acrylate\/Sodium Acryloyldimethyl Taurate Copolymer, Polysorbate 20, Ammonium Acryloyldimethyltaurate\/VP Copolymer, Octadecene, Caprylyl Glycol, Tocopheryl Acetate, Hydroxyethylcellulose, Fragrance (Parfum), Polysorbate 60, Ethylhexylglycerin, Lecithin, Hexamethylindanopyran, Carnosine, Alcohol, Rosa Gallica Flower Extract, Citric Acid, Sodium Acetate, Sodium Hyaluronate, Sodium Benzoate, Hydrolyzed Soy Protein, Lycium Barbarum Fruit Extract, Trimethylbenzenepropanol, Isopropyl Alcohol, Cellulose, Rhododendron Ferrugineum Leaf Cell Culture Extract (Dry), Citrus Aurantium Peel Oil, Hexyl Cinnamal, Limonene, Hydroxycitronellal, Tocopherol, Linalool, Hydrolyzed Yeast Protein, N-Prolyl Palmitoyl Tripeptide-56 Acetate, Silybum Marianum Fruit Extract, Sodium Metabisulfite.<\/p>\n","protected":false},"excerpt":{"rendered":"<h2 class=\"p1\">Seerum t\u00fcvirakkude ekstraktide ja eksosoomidega<\/h2>\n<p data-section-id=\"g380dk\" data-start=\"694\" data-end=\"710\"><span role=\"text\"><strong data-start=\"697\" data-end=\"710\">Aitab:<\/strong><\/span><\/p>\n<ul data-start=\"712\" data-end=\"885\">\n<li data-section-id=\"afdpko\" data-start=\"712\" data-end=\"745\">v\u00e4hendada kortsude n\u00e4htavust<\/li>\n<li data-section-id=\"gfkq7w\" data-start=\"746\" data-end=\"785\">parandada naha elastsust ja tihedust<\/li>\n<li data-section-id=\"1a4m72o\" data-start=\"786\" data-end=\"815\">parandada naha v\u00e4limust<\/li>\n<li data-section-id=\"13trogr\" data-start=\"816\" data-end=\"851\">anda nahale s\u00e4ra ja siledust<\/li>\n<li data-section-id=\"pvnfb8\" data-start=\"852\" data-end=\"885\">tugevdada naha kaitsebarj\u00e4\u00e4ri<\/li>\n<\/ul>\n<div class=\"feature-line__text\"><strong>pH 5.0-6.0<\/strong><\/div>\n","protected":false},"featured_media":14271,"template":"","meta":[],"product_brand":[],"product_cat":[518,182],"product_tag":[],"class_list":{"0":"post-14269","1":"product","2":"type-product","3":"status-publish","4":"has-post-thumbnail","6":"product_cat-muse-et-2","7":"product_cat-seerum","8":"product_shipping_class-smart-itella-post-et","9":"pa_efekt-noorendamine","10":"pa_efekt-regenereerimine","11":"pa_efekt-tugevdamine","12":"pa_linii-kosmetiki-muse-et","13":"pa_reshenie-problem-vahenenud-elastsus","14":"pa_reshenie-problem-kuiv-et","15":"pa_reshenie-problem-vananemise-margid","16":"pa_tip-kozi-koik-nahatuubid-et","17":"pa_tip-kozi-kombi-et","18":"pa_tip-kozi-kuiv-et","19":"pa_tip-kozi-normaalne-et","20":"pa_tip-kozi-rasvane-et","21":"pa_tip-preparata-seerum","22":"pa_vremja-primenenija-oine","23":"pa_vremja-primenenija-paev-oo","24":"pa_vremja-primenenija-paevane","26":"first","27":"instock","28":"taxable","29":"shipping-taxable","30":"purchasable","31":"product-type-simple"},"yoast_head":"<!-- This site is optimized with the Yoast SEO plugin v27.3 - https:\/\/yoast.com\/product\/yoast-seo-wordpress\/ -->\n<title>Muse Absolute Longevity Serum \u2013 eksosoomidega seerum<\/title>\n<meta name=\"description\" content=\"Muse Absolute Longevity Serum Christina \u2014 eksosoomidega seerum naha elastsuse parandamiseks, kortsude v\u00e4hendamiseks ja naha taastamiseks.\" \/>\n<meta name=\"robots\" content=\"index, follow, max-snippet:-1, max-image-preview:large, max-video-preview:-1\" \/>\n<link rel=\"canonical\" href=\"https:\/\/christinakosmeetika.ee\/et\/toode\/muse-absolute-longevity-serum-christina\/\" \/>\n<meta property=\"og:locale\" content=\"et_EE\" \/>\n<meta property=\"og:type\" content=\"article\" \/>\n<meta property=\"og:title\" content=\"Muse Absolute Longevity Serum \u2013 eksosoomidega seerum\" \/>\n<meta property=\"og:description\" content=\"Muse Absolute Longevity Serum Christina \u2014 eksosoomidega seerum naha elastsuse parandamiseks, kortsude v\u00e4hendamiseks ja naha taastamiseks.\" \/>\n<meta property=\"og:url\" content=\"https:\/\/christinakosmeetika.ee\/et\/toode\/muse-absolute-longevity-serum-christina\/\" \/>\n<meta property=\"og:site_name\" content=\"Christinakosmeetika\" \/>\n<meta property=\"article:modified_time\" content=\"2026-04-07T11:26:26+00:00\" \/>\n<meta property=\"og:image\" content=\"https:\/\/christinakosmeetika.ee\/wp-content\/uploads\/2026\/03\/Muse-Absolute-Longevity1.png\" \/>\n\t<meta property=\"og:image:width\" content=\"1080\" \/>\n\t<meta property=\"og:image:height\" content=\"1080\" \/>\n\t<meta property=\"og:image:type\" content=\"image\/png\" \/>\n<meta name=\"twitter:card\" content=\"summary_large_image\" \/>\n<meta name=\"twitter:label1\" content=\"Est. reading time\" \/>\n\t<meta name=\"twitter:data1\" content=\"3 minutit\" \/>\n<script type=\"application\/ld+json\" class=\"yoast-schema-graph\">{\"@context\":\"https:\\\/\\\/schema.org\",\"@graph\":[{\"@type\":\"WebPage\",\"@id\":\"https:\\\/\\\/christinakosmeetika.ee\\\/et\\\/toode\\\/muse-absolute-longevity-serum-christina\\\/\",\"url\":\"https:\\\/\\\/christinakosmeetika.ee\\\/et\\\/toode\\\/muse-absolute-longevity-serum-christina\\\/\",\"name\":\"Muse Absolute Longevity Serum \u2013 eksosoomidega seerum\",\"isPartOf\":{\"@id\":\"https:\\\/\\\/christinakosmeetika.ee\\\/#website\"},\"primaryImageOfPage\":{\"@id\":\"https:\\\/\\\/christinakosmeetika.ee\\\/et\\\/toode\\\/muse-absolute-longevity-serum-christina\\\/#primaryimage\"},\"image\":{\"@id\":\"https:\\\/\\\/christinakosmeetika.ee\\\/et\\\/toode\\\/muse-absolute-longevity-serum-christina\\\/#primaryimage\"},\"thumbnailUrl\":\"https:\\\/\\\/christinakosmeetika.ee\\\/wp-content\\\/uploads\\\/2026\\\/03\\\/Muse-Absolute-Longevity1.png\",\"datePublished\":\"2026-03-28T16:29:09+00:00\",\"dateModified\":\"2026-04-07T11:26:26+00:00\",\"description\":\"Muse Absolute Longevity Serum Christina \u2014 eksosoomidega seerum naha elastsuse parandamiseks, kortsude v\u00e4hendamiseks ja naha taastamiseks.\",\"breadcrumb\":{\"@id\":\"https:\\\/\\\/christinakosmeetika.ee\\\/et\\\/toode\\\/muse-absolute-longevity-serum-christina\\\/#breadcrumb\"},\"inLanguage\":\"et\",\"potentialAction\":[{\"@type\":\"ReadAction\",\"target\":[\"https:\\\/\\\/christinakosmeetika.ee\\\/et\\\/toode\\\/muse-absolute-longevity-serum-christina\\\/\"]}]},{\"@type\":\"ImageObject\",\"inLanguage\":\"et\",\"@id\":\"https:\\\/\\\/christinakosmeetika.ee\\\/et\\\/toode\\\/muse-absolute-longevity-serum-christina\\\/#primaryimage\",\"url\":\"https:\\\/\\\/christinakosmeetika.ee\\\/wp-content\\\/uploads\\\/2026\\\/03\\\/Muse-Absolute-Longevity1.png\",\"contentUrl\":\"https:\\\/\\\/christinakosmeetika.ee\\\/wp-content\\\/uploads\\\/2026\\\/03\\\/Muse-Absolute-Longevity1.png\",\"width\":1080,\"height\":1080,\"caption\":\"Muse Absolute Longevity\"},{\"@type\":\"BreadcrumbList\",\"@id\":\"https:\\\/\\\/christinakosmeetika.ee\\\/et\\\/toode\\\/muse-absolute-longevity-serum-christina\\\/#breadcrumb\",\"itemListElement\":[{\"@type\":\"ListItem\",\"position\":1,\"name\":\"\u0413\u043b\u0430\u0432\u043d\u0430\u044f \u0441\u0442\u0440\u0430\u043d\u0438\u0446\u0430\",\"item\":\"https:\\\/\\\/christinakosmeetika.ee\\\/et\\\/\"},{\"@type\":\"ListItem\",\"position\":2,\"name\":\"Shop\",\"item\":\"https:\\\/\\\/christinakosmeetika.ee\\\/en\\\/shop\\\/\"},{\"@type\":\"ListItem\",\"position\":3,\"name\":\"Muse Absolute Longevity 30ml CHR338\"}]},{\"@type\":\"WebSite\",\"@id\":\"https:\\\/\\\/christinakosmeetika.ee\\\/#website\",\"url\":\"https:\\\/\\\/christinakosmeetika.ee\\\/\",\"name\":\"Christinakosmeetika\",\"description\":\"Christina kosmeetika Eestis\",\"alternateName\":\"Christina kosmeetika Eestis\",\"potentialAction\":[{\"@type\":\"SearchAction\",\"target\":{\"@type\":\"EntryPoint\",\"urlTemplate\":\"https:\\\/\\\/christinakosmeetika.ee\\\/?s={search_term_string}\"},\"query-input\":{\"@type\":\"PropertyValueSpecification\",\"valueRequired\":true,\"valueName\":\"search_term_string\"}}],\"inLanguage\":\"et\"}]}<\/script>\n<!-- \/ Yoast SEO plugin. -->","yoast_head_json":{"title":"Muse Absolute Longevity Serum \u2013 eksosoomidega seerum","description":"Muse Absolute Longevity Serum Christina \u2014 eksosoomidega seerum naha elastsuse parandamiseks, kortsude v\u00e4hendamiseks ja naha taastamiseks.","robots":{"index":"index","follow":"follow","max-snippet":"max-snippet:-1","max-image-preview":"max-image-preview:large","max-video-preview":"max-video-preview:-1"},"canonical":"https:\/\/christinakosmeetika.ee\/et\/toode\/muse-absolute-longevity-serum-christina\/","og_locale":"et_EE","og_type":"article","og_title":"Muse Absolute Longevity Serum \u2013 eksosoomidega seerum","og_description":"Muse Absolute Longevity Serum Christina \u2014 eksosoomidega seerum naha elastsuse parandamiseks, kortsude v\u00e4hendamiseks ja naha taastamiseks.","og_url":"https:\/\/christinakosmeetika.ee\/et\/toode\/muse-absolute-longevity-serum-christina\/","og_site_name":"Christinakosmeetika","article_modified_time":"2026-04-07T11:26:26+00:00","og_image":[{"width":1080,"height":1080,"url":"https:\/\/christinakosmeetika.ee\/wp-content\/uploads\/2026\/03\/Muse-Absolute-Longevity1.png","type":"image\/png"}],"twitter_card":"summary_large_image","twitter_misc":{"Est. reading time":"3 minutit"},"schema":{"@context":"https:\/\/schema.org","@graph":[{"@type":"WebPage","@id":"https:\/\/christinakosmeetika.ee\/et\/toode\/muse-absolute-longevity-serum-christina\/","url":"https:\/\/christinakosmeetika.ee\/et\/toode\/muse-absolute-longevity-serum-christina\/","name":"Muse Absolute Longevity Serum \u2013 eksosoomidega seerum","isPartOf":{"@id":"https:\/\/christinakosmeetika.ee\/#website"},"primaryImageOfPage":{"@id":"https:\/\/christinakosmeetika.ee\/et\/toode\/muse-absolute-longevity-serum-christina\/#primaryimage"},"image":{"@id":"https:\/\/christinakosmeetika.ee\/et\/toode\/muse-absolute-longevity-serum-christina\/#primaryimage"},"thumbnailUrl":"https:\/\/christinakosmeetika.ee\/wp-content\/uploads\/2026\/03\/Muse-Absolute-Longevity1.png","datePublished":"2026-03-28T16:29:09+00:00","dateModified":"2026-04-07T11:26:26+00:00","description":"Muse Absolute Longevity Serum Christina \u2014 eksosoomidega seerum naha elastsuse parandamiseks, kortsude v\u00e4hendamiseks ja naha taastamiseks.","breadcrumb":{"@id":"https:\/\/christinakosmeetika.ee\/et\/toode\/muse-absolute-longevity-serum-christina\/#breadcrumb"},"inLanguage":"et","potentialAction":[{"@type":"ReadAction","target":["https:\/\/christinakosmeetika.ee\/et\/toode\/muse-absolute-longevity-serum-christina\/"]}]},{"@type":"ImageObject","inLanguage":"et","@id":"https:\/\/christinakosmeetika.ee\/et\/toode\/muse-absolute-longevity-serum-christina\/#primaryimage","url":"https:\/\/christinakosmeetika.ee\/wp-content\/uploads\/2026\/03\/Muse-Absolute-Longevity1.png","contentUrl":"https:\/\/christinakosmeetika.ee\/wp-content\/uploads\/2026\/03\/Muse-Absolute-Longevity1.png","width":1080,"height":1080,"caption":"Muse Absolute Longevity"},{"@type":"BreadcrumbList","@id":"https:\/\/christinakosmeetika.ee\/et\/toode\/muse-absolute-longevity-serum-christina\/#breadcrumb","itemListElement":[{"@type":"ListItem","position":1,"name":"\u0413\u043b\u0430\u0432\u043d\u0430\u044f \u0441\u0442\u0440\u0430\u043d\u0438\u0446\u0430","item":"https:\/\/christinakosmeetika.ee\/et\/"},{"@type":"ListItem","position":2,"name":"Shop","item":"https:\/\/christinakosmeetika.ee\/en\/shop\/"},{"@type":"ListItem","position":3,"name":"Muse Absolute Longevity 30ml CHR338"}]},{"@type":"WebSite","@id":"https:\/\/christinakosmeetika.ee\/#website","url":"https:\/\/christinakosmeetika.ee\/","name":"Christinakosmeetika","description":"Christina kosmeetika Eestis","alternateName":"Christina kosmeetika Eestis","potentialAction":[{"@type":"SearchAction","target":{"@type":"EntryPoint","urlTemplate":"https:\/\/christinakosmeetika.ee\/?s={search_term_string}"},"query-input":{"@type":"PropertyValueSpecification","valueRequired":true,"valueName":"search_term_string"}}],"inLanguage":"et"}]}},"_links":{"self":[{"href":"https:\/\/christinakosmeetika.ee\/et\/wp-json\/wp\/v2\/product\/14269","targetHints":{"allow":["GET"]}}],"collection":[{"href":"https:\/\/christinakosmeetika.ee\/et\/wp-json\/wp\/v2\/product"}],"about":[{"href":"https:\/\/christinakosmeetika.ee\/et\/wp-json\/wp\/v2\/types\/product"}],"wp:featuredmedia":[{"embeddable":true,"href":"https:\/\/christinakosmeetika.ee\/et\/wp-json\/wp\/v2\/media\/14271"}],"wp:attachment":[{"href":"https:\/\/christinakosmeetika.ee\/et\/wp-json\/wp\/v2\/media?parent=14269"}],"wp:term":[{"taxonomy":"product_brand","embeddable":true,"href":"https:\/\/christinakosmeetika.ee\/et\/wp-json\/wp\/v2\/product_brand?post=14269"},{"taxonomy":"product_cat","embeddable":true,"href":"https:\/\/christinakosmeetika.ee\/et\/wp-json\/wp\/v2\/product_cat?post=14269"},{"taxonomy":"product_tag","embeddable":true,"href":"https:\/\/christinakosmeetika.ee\/et\/wp-json\/wp\/v2\/product_tag?post=14269"}],"curies":[{"name":"wp","href":"https:\/\/api.w.org\/{rel}","templated":true}]}}