{"id":3694,"date":"2022-05-25T17:39:11","date_gmt":"2022-05-25T17:39:11","guid":{"rendered":"https:\/\/christinakosmeetika.ee\/%d1%83%d1%81%d0%bb%d0%be%d0%b2%d0%b8%d1%8f-%d0%bf%d0%be%d0%bb%d1%8c%d0%b7%d0%be%d0%b2%d0%b0%d0%bd%d0%b8%d1%8f\/"},"modified":"2022-06-06T07:42:25","modified_gmt":"2022-06-06T07:42:25","slug":"%d1%83%d1%81%d0%bb%d0%be%d0%b2%d0%b8%d1%8f-%d0%bf%d0%be%d0%bb%d1%8c%d0%b7%d0%be%d0%b2%d0%b0%d0%bd%d0%b8%d1%8f","status":"publish","type":"page","link":"https:\/\/christinakosmeetika.ee\/et\/%d1%83%d1%81%d0%bb%d0%be%d0%b2%d0%b8%d1%8f-%d0%bf%d0%be%d0%bb%d1%8c%d0%b7%d0%be%d0%b2%d0%b0%d0%bd%d0%b8%d1%8f\/","title":{"rendered":"Kasutustingimused"},"content":{"rendered":"\n<ol class=\"wp-block-list\"><li>Tellimuse vormistamiseks tuleb t\u00e4ita n\u00f5utud andmed.<\/li><li>Ostja vastutab tellimuse vormistamisel m\u00e4rgitud andmete \u00f5igsuse eest. Kui Ostja ei tule pakile \u00f5igeaegselt j\u00e4rele ja see tagastatakse, siis on uuesti saatmine v\u00f5imalik alles p\u00e4rast kordus kohaletoimetamise eest tasumist. Tasutud kauba s\u00e4ilivusaeg ei \u00fcleta 2 n\u00e4dalat.<\/li><li>Arve tasumiseks on v\u00f5imalik ainult kauba laosoleku korral.<\/li><li>Peale tellimuse eest tasumist saab Ostja kauba k\u00e4tte toimetades tema poolt valitud pakikasti. Tavaliselt on see 2 p\u00e4eva. Kosmeetikatoodetele soovitatud temperatuurire\u017eiimi j\u00e4rgimiseks asuvad k\u00f5ik pakikastid ruumides.<\/li><li>Ostjal on \u00f5igus ostust keelduda \u00fcksnes sellega, et ei saa pakki pakikastist k\u00e4tte. Sel juhul tehakse raha tagasi \u00fche kuu jooksul. Tagastatud summast arvestatakse maha topelt saatekulud.<\/li><li>Saadud kauba (kosmeetika) tagastamine ei ole v\u00f5imalik, olenemata pakendi seisukorrast.<\/li><li>Eeldatakse, et kauba pakend v\u00f5ib erineda saidil n\u00e4idatust.<\/li><li>M\u00fc\u00fcdud kauba k\u00f5lblikkusaeg on m\u00e4rgitud pakendile.<\/li><li>Kahjustatud tootepakendiga paki saabumisel tuleb tootest ja karbist koheselt selgelt n\u00e4htava defektiga pilt teha, n\u00e4idates \u00e4ra toote ilmne kahjustuse p\u00f5hjus.<\/li><\/ol>\n<p>.<\/p>\n","protected":false},"excerpt":{"rendered":"<p>Tellimuse vormistamiseks tuleb t\u00e4ita n\u00f5utud andmed. Ostja vastutab tellimuse vormistamisel m\u00e4rgitud andmete \u00f5igsuse eest. Kui Ostja ei tule pakile \u00f5igeaegselt j\u00e4rele ja see tagastatakse, siis on uuesti saatmine v\u00f5imalik alles p\u00e4rast kordus kohaletoimetamise eest tasumist. Tasutud kauba s\u00e4ilivusaeg ei \u00fcleta 2 n\u00e4dalat. Arve tasumiseks on v\u00f5imalik ainult kauba laosoleku korral. Peale tellimuse eest tasumist saab [&hellip;]<\/p>\n","protected":false},"author":2,"featured_media":0,"parent":0,"menu_order":0,"comment_status":"closed","ping_status":"closed","template":"","meta":{"footnotes":""},"class_list":["post-3694","page","type-page","status-publish","hentry"],"yoast_head":"<!-- This site is optimized with the Yoast SEO plugin v27.4 - https:\/\/yoast.com\/product\/yoast-seo-wordpress\/ -->\n<title>Kasutustingimused - Christinakosmeetika<\/title>\n<meta name=\"robots\" content=\"index, follow, max-snippet:-1, max-image-preview:large, max-video-preview:-1\" \/>\n<link rel=\"canonical\" href=\"https:\/\/christinakosmeetika.ee\/\u0443\u0441\u043b\u043e\u0432\u0438\u044f-\u043f\u043e\u043b\u044c\u0437\u043e\u0432\u0430\u043d\u0438\u044f\/?lang=et\" \/>\n<meta property=\"og:locale\" content=\"et_EE\" \/>\n<meta property=\"og:type\" content=\"article\" \/>\n<meta property=\"og:title\" content=\"Kasutustingimused - Christinakosmeetika\" \/>\n<meta property=\"og:description\" content=\"Tellimuse vormistamiseks tuleb t\u00e4ita n\u00f5utud andmed. Ostja vastutab tellimuse vormistamisel m\u00e4rgitud andmete \u00f5igsuse eest. Kui Ostja ei tule pakile \u00f5igeaegselt j\u00e4rele ja see tagastatakse, siis on uuesti saatmine v\u00f5imalik alles p\u00e4rast kordus kohaletoimetamise eest tasumist. Tasutud kauba s\u00e4ilivusaeg ei \u00fcleta 2 n\u00e4dalat. Arve tasumiseks on v\u00f5imalik ainult kauba laosoleku korral. Peale tellimuse eest tasumist saab [&hellip;]\" \/>\n<meta property=\"og:url\" content=\"https:\/\/christinakosmeetika.ee\/\u0443\u0441\u043b\u043e\u0432\u0438\u044f-\u043f\u043e\u043b\u044c\u0437\u043e\u0432\u0430\u043d\u0438\u044f\/?lang=et\" \/>\n<meta property=\"og:site_name\" content=\"Christinakosmeetika\" \/>\n<meta property=\"article:modified_time\" content=\"2022-06-06T07:42:25+00:00\" \/>\n<meta name=\"twitter:card\" content=\"summary_large_image\" \/>\n<meta name=\"twitter:label1\" content=\"Est. reading time\" \/>\n\t<meta name=\"twitter:data1\" content=\"1 minut\" \/>\n<script type=\"application\/ld+json\" class=\"yoast-schema-graph\">{\"@context\":\"https:\\\/\\\/schema.org\",\"@graph\":[{\"@type\":\"WebPage\",\"@id\":\"https:\\\/\\\/christinakosmeetika.ee\\\/%d1%83%d1%81%d0%bb%d0%be%d0%b2%d0%b8%d1%8f-%d0%bf%d0%be%d0%bb%d1%8c%d0%b7%d0%be%d0%b2%d0%b0%d0%bd%d0%b8%d1%8f\\\/?lang=et\",\"url\":\"https:\\\/\\\/christinakosmeetika.ee\\\/%d1%83%d1%81%d0%bb%d0%be%d0%b2%d0%b8%d1%8f-%d0%bf%d0%be%d0%bb%d1%8c%d0%b7%d0%be%d0%b2%d0%b0%d0%bd%d0%b8%d1%8f\\\/?lang=et\",\"name\":\"Kasutustingimused - Christinakosmeetika\",\"isPartOf\":{\"@id\":\"https:\\\/\\\/christinakosmeetika.ee\\\/#website\"},\"datePublished\":\"2022-05-25T17:39:11+00:00\",\"dateModified\":\"2022-06-06T07:42:25+00:00\",\"breadcrumb\":{\"@id\":\"https:\\\/\\\/christinakosmeetika.ee\\\/%d1%83%d1%81%d0%bb%d0%be%d0%b2%d0%b8%d1%8f-%d0%bf%d0%be%d0%bb%d1%8c%d0%b7%d0%be%d0%b2%d0%b0%d0%bd%d0%b8%d1%8f\\\/?lang=et#breadcrumb\"},\"inLanguage\":\"et\",\"potentialAction\":[{\"@type\":\"ReadAction\",\"target\":[\"https:\\\/\\\/christinakosmeetika.ee\\\/%d1%83%d1%81%d0%bb%d0%be%d0%b2%d0%b8%d1%8f-%d0%bf%d0%be%d0%bb%d1%8c%d0%b7%d0%be%d0%b2%d0%b0%d0%bd%d0%b8%d1%8f\\\/?lang=et\"]}]},{\"@type\":\"BreadcrumbList\",\"@id\":\"https:\\\/\\\/christinakosmeetika.ee\\\/%d1%83%d1%81%d0%bb%d0%be%d0%b2%d0%b8%d1%8f-%d0%bf%d0%be%d0%bb%d1%8c%d0%b7%d0%be%d0%b2%d0%b0%d0%bd%d0%b8%d1%8f\\\/?lang=et#breadcrumb\",\"itemListElement\":[{\"@type\":\"ListItem\",\"position\":1,\"name\":\"\u0413\u043b\u0430\u0432\u043d\u0430\u044f \u0441\u0442\u0440\u0430\u043d\u0438\u0446\u0430\",\"item\":\"https:\\\/\\\/christinakosmeetika.ee\\\/et\\\/\"},{\"@type\":\"ListItem\",\"position\":2,\"name\":\"Kasutustingimused\"}]},{\"@type\":\"WebSite\",\"@id\":\"https:\\\/\\\/christinakosmeetika.ee\\\/#website\",\"url\":\"https:\\\/\\\/christinakosmeetika.ee\\\/\",\"name\":\"Christinakosmeetika\",\"description\":\"Christina kosmeetika Eestis\",\"alternateName\":\"Christina kosmeetika Eestis\",\"potentialAction\":[{\"@type\":\"SearchAction\",\"target\":{\"@type\":\"EntryPoint\",\"urlTemplate\":\"https:\\\/\\\/christinakosmeetika.ee\\\/?s={search_term_string}\"},\"query-input\":{\"@type\":\"PropertyValueSpecification\",\"valueRequired\":true,\"valueName\":\"search_term_string\"}}],\"inLanguage\":\"et\"}]}<\/script>\n<!-- \/ Yoast SEO plugin. -->","yoast_head_json":{"title":"Kasutustingimused - Christinakosmeetika","robots":{"index":"index","follow":"follow","max-snippet":"max-snippet:-1","max-image-preview":"max-image-preview:large","max-video-preview":"max-video-preview:-1"},"canonical":"https:\/\/christinakosmeetika.ee\/\u0443\u0441\u043b\u043e\u0432\u0438\u044f-\u043f\u043e\u043b\u044c\u0437\u043e\u0432\u0430\u043d\u0438\u044f\/?lang=et","og_locale":"et_EE","og_type":"article","og_title":"Kasutustingimused - Christinakosmeetika","og_description":"Tellimuse vormistamiseks tuleb t\u00e4ita n\u00f5utud andmed. Ostja vastutab tellimuse vormistamisel m\u00e4rgitud andmete \u00f5igsuse eest. Kui Ostja ei tule pakile \u00f5igeaegselt j\u00e4rele ja see tagastatakse, siis on uuesti saatmine v\u00f5imalik alles p\u00e4rast kordus kohaletoimetamise eest tasumist. Tasutud kauba s\u00e4ilivusaeg ei \u00fcleta 2 n\u00e4dalat. Arve tasumiseks on v\u00f5imalik ainult kauba laosoleku korral. Peale tellimuse eest tasumist saab [&hellip;]","og_url":"https:\/\/christinakosmeetika.ee\/\u0443\u0441\u043b\u043e\u0432\u0438\u044f-\u043f\u043e\u043b\u044c\u0437\u043e\u0432\u0430\u043d\u0438\u044f\/?lang=et","og_site_name":"Christinakosmeetika","article_modified_time":"2022-06-06T07:42:25+00:00","twitter_card":"summary_large_image","twitter_misc":{"Est. reading time":"1 minut"},"schema":{"@context":"https:\/\/schema.org","@graph":[{"@type":"WebPage","@id":"https:\/\/christinakosmeetika.ee\/%d1%83%d1%81%d0%bb%d0%be%d0%b2%d0%b8%d1%8f-%d0%bf%d0%be%d0%bb%d1%8c%d0%b7%d0%be%d0%b2%d0%b0%d0%bd%d0%b8%d1%8f\/?lang=et","url":"https:\/\/christinakosmeetika.ee\/%d1%83%d1%81%d0%bb%d0%be%d0%b2%d0%b8%d1%8f-%d0%bf%d0%be%d0%bb%d1%8c%d0%b7%d0%be%d0%b2%d0%b0%d0%bd%d0%b8%d1%8f\/?lang=et","name":"Kasutustingimused - Christinakosmeetika","isPartOf":{"@id":"https:\/\/christinakosmeetika.ee\/#website"},"datePublished":"2022-05-25T17:39:11+00:00","dateModified":"2022-06-06T07:42:25+00:00","breadcrumb":{"@id":"https:\/\/christinakosmeetika.ee\/%d1%83%d1%81%d0%bb%d0%be%d0%b2%d0%b8%d1%8f-%d0%bf%d0%be%d0%bb%d1%8c%d0%b7%d0%be%d0%b2%d0%b0%d0%bd%d0%b8%d1%8f\/?lang=et#breadcrumb"},"inLanguage":"et","potentialAction":[{"@type":"ReadAction","target":["https:\/\/christinakosmeetika.ee\/%d1%83%d1%81%d0%bb%d0%be%d0%b2%d0%b8%d1%8f-%d0%bf%d0%be%d0%bb%d1%8c%d0%b7%d0%be%d0%b2%d0%b0%d0%bd%d0%b8%d1%8f\/?lang=et"]}]},{"@type":"BreadcrumbList","@id":"https:\/\/christinakosmeetika.ee\/%d1%83%d1%81%d0%bb%d0%be%d0%b2%d0%b8%d1%8f-%d0%bf%d0%be%d0%bb%d1%8c%d0%b7%d0%be%d0%b2%d0%b0%d0%bd%d0%b8%d1%8f\/?lang=et#breadcrumb","itemListElement":[{"@type":"ListItem","position":1,"name":"\u0413\u043b\u0430\u0432\u043d\u0430\u044f \u0441\u0442\u0440\u0430\u043d\u0438\u0446\u0430","item":"https:\/\/christinakosmeetika.ee\/et\/"},{"@type":"ListItem","position":2,"name":"Kasutustingimused"}]},{"@type":"WebSite","@id":"https:\/\/christinakosmeetika.ee\/#website","url":"https:\/\/christinakosmeetika.ee\/","name":"Christinakosmeetika","description":"Christina kosmeetika Eestis","alternateName":"Christina kosmeetika Eestis","potentialAction":[{"@type":"SearchAction","target":{"@type":"EntryPoint","urlTemplate":"https:\/\/christinakosmeetika.ee\/?s={search_term_string}"},"query-input":{"@type":"PropertyValueSpecification","valueRequired":true,"valueName":"search_term_string"}}],"inLanguage":"et"}]}},"_links":{"self":[{"href":"https:\/\/christinakosmeetika.ee\/et\/wp-json\/wp\/v2\/pages\/3694","targetHints":{"allow":["GET"]}}],"collection":[{"href":"https:\/\/christinakosmeetika.ee\/et\/wp-json\/wp\/v2\/pages"}],"about":[{"href":"https:\/\/christinakosmeetika.ee\/et\/wp-json\/wp\/v2\/types\/page"}],"author":[{"embeddable":true,"href":"https:\/\/christinakosmeetika.ee\/et\/wp-json\/wp\/v2\/users\/2"}],"replies":[{"embeddable":true,"href":"https:\/\/christinakosmeetika.ee\/et\/wp-json\/wp\/v2\/comments?post=3694"}],"version-history":[{"count":0,"href":"https:\/\/christinakosmeetika.ee\/et\/wp-json\/wp\/v2\/pages\/3694\/revisions"}],"wp:attachment":[{"href":"https:\/\/christinakosmeetika.ee\/et\/wp-json\/wp\/v2\/media?parent=3694"}],"curies":[{"name":"wp","href":"https:\/\/api.w.org\/{rel}","templated":true}]}}