{"id":3679,"date":"2022-05-25T12:10:34","date_gmt":"2022-05-25T12:10:34","guid":{"rendered":"https:\/\/christinakosmeetika.ee\/kupsiste-poliitika\/"},"modified":"2026-01-01T12:42:51","modified_gmt":"2026-01-01T10:42:51","slug":"kupsiste-poliitika","status":"publish","type":"page","link":"https:\/\/christinakosmeetika.ee\/et\/kupsiste-poliitika\/","title":{"rendered":"K\u00fcpsiste Poliitika"},"content":{"rendered":"<div class=\"cli_pg_page_contaner\">\n<h3>Teave selle k\u00fcpsiste poliitika kohta<\/h3>\n<div>See k\u00fcpsisepoliitika selgitab, mis on k\u00fcpsised ja kuidas me neid kasutame, millist t\u00fc\u00fcpi k\u00fcpsiseid me kasutame, st millist teavet k\u00fcpsiste abil kogume ja kuidas seda teavet kasutatakse ning kuidas k\u00fcpsiste eelistusi juhtida. Lisateavet selle kohta, kuidas me teie isikuandmeid kasutame, s\u00e4ilitame ja turvaliselt hoiame, leiate meie privaatsuspoliitikast.Saate igal ajal oma n\u00f5usolekut meie veebisaidi k\u00fcpsiste deklaratsiooniga muuta v\u00f5i tagasi v\u00f5ttaLisateavet selle kohta, kes me oleme, kuidas saate meiega \u00fchendust v\u00f5tta ja kuidas me isikuandmeid t\u00f6\u00f6tleme, leiate meie privaatsuspoliitikast.Teie n\u00f5usolek kehtib j\u00e4rgmiste domeenide kohta: christinakosmeetika.ee<div class=\"cli_user_consent_state\">Your current state: No consent given. <a class=\"cli_manage_current_consent\" style=\"cursor:pointer;text-decoration:underline;\">Manage your consent.<\/a> <\/div><\/div>\n<h3>Mis on k\u00fcpsised?<\/h3>\n<div>K\u00fcpsised on v\u00e4ikesed tekstifailid, mida kasutatakse v\u00e4ikeste teabekildude salvestamiseks. Need salvestatakse teie seadmesse, kui veebisait laaditakse teie brauserisse. Need k\u00fcpsised aitavad meil veebisaiti korralikult funktsioneerida, muuta see turvalisemaks, pakkuda paremat kasutuskogemust ja m\u00f5ista, kuidas veebisait toimib ning anal\u00fc\u00fcsida, mis t\u00f6\u00f6tab ja kus vajab t\u00e4iustamist.<\/div>\n<h3>Kuidas me k\u00fcpsiseid kasutame?<\/h3>\n<div>Nagu enamik v\u00f5rguteenuseid, kasutab meie veebisait mitmel eesm\u00e4rgil esimese ja kolmanda osapoole k\u00fcpsiseid. Esimese osapoole k\u00fcpsised on enamasti vajalikud veebisaidi \u00f5igeks toimimiseks ning need ei kogu teie isikut tuvastavaid andmeid.Meie veebisaidil kasutatavad kolmandate osapoolte k\u00fcpsised on m\u00f5eldud peamiselt selleks, et m\u00f5ista, kuidas veebisait toimib, kuidas te meie veebisaidiga suhtlete, meie teenuste turvalisuse hoidmiseks, teie jaoks asjakohaste reklaamide pakkumiseks ja kokkuv\u00f5ttes teile parema ja parema kasutaja pakkumiseks. \u041aogemusi ja aidata kiirendada teie tulevast suhtlust meie veebisaidiga.<\/div>\n<h3>Mis t\u00fc\u00fcpi k\u00fcpsiseid me kasutame?<\/h3>\n<div>Oluline: m\u00f5ned k\u00fcpsised on olulised, et saaksite kogeda meie saidi k\u00f5iki funktsioone. Need v\u00f5imaldavad meil s\u00e4ilitada kasutajaseansse ja ennetada mis tahes turvaohte. Nad ei kogu ega salvesta isikuandmeid. N\u00e4iteks v\u00f5imaldavad need k\u00fcpsised teil oma kontole sisse logida ja tooteid ostukorvi lisada ning turvaliselt tasuda.Statistika: need k\u00fcpsised salvestavad teavet, nagu veebisaidi k\u00fclastajate arv, unikaalsete k\u00fclastajate arv, milliseid veebisaidi lehti on k\u00fclastatud, k\u00fclastuse allikas jne. Need andmed aitavad meil m\u00f5ista ja anal\u00fc\u00fcsida, kui h\u00e4sti veebisait toimib. ja kus see vajab parandamist.Turundus: meie veebisaidil kuvatakse reklaame. Neid k\u00fcpsiseid kasutatakse teile kuvatavate reklaamide isikup\u00e4rastamiseks, et need oleksid teie jaoks olulised. Need k\u00fcpsised aitavad meil ka nende reklaamikampaaniate t\u00f5husust j\u00e4lgida.Nendesse k\u00fcpsistesse salvestatud teavet v\u00f5ivad kasutada ka kolmandast osapoolest reklaamipakkujad, et n\u00e4idata teile reklaame ka brauseris teistel veebisaitidel.Funktsionaalsed: need on k\u00fcpsised, mis aitavad meie veebisaidil teatud ebaolulisi funktsioone t\u00e4ita. Need funktsioonid h\u00f5lmavad sisu, n\u00e4iteks videote manustamist v\u00f5i veebisaidi sisu jagamist sotsiaalmeedia platvormidel.Eelistused: need k\u00fcpsised aitavad meil salvestada teie seaded ja sirvimiseelistused, n\u00e4iteks keele-eelistused, et saaksite veebisaidi tulevastel k\u00fclastustel paremini ja t\u00f5husamalt kasutada.<\/div>\n<h3>Kuidas saan k\u00fcpsiste eelistusi juhtida?<\/h3>\n<div>Kui otsustate oma eelistusi hiljem sirvimisseansi k\u00e4igus muuta, v\u00f5ite kl\u00f5psata ekraanil vahekaardil &#8220;Privaatsus ja k\u00fcpsiste poliitika&#8221;. See kuvab uuesti n\u00f5usolekuteatise, mis v\u00f5imaldab teil oma eelistusi muuta v\u00f5i oma n\u00f5usoleku t\u00e4ielikult tagasi v\u00f5tta.Lisaks sellele pakuvad erinevad brauserid erinevaid meetodeid veebisaitide kasutatavate k\u00fcpsiste blokeerimiseks ja kustutamiseks. K\u00fcpsiste blokeerimiseks\/kustutamiseks saate muuta oma brauseri seadeid. K\u00fcpsiste haldamise ja kustutamise kohta lisateabe saamiseks k\u00fclastage wikipedia.org, www.allaboutcookies.org.<\/div>\n<\/div>\n","protected":false},"excerpt":{"rendered":"<p>Teave selle k\u00fcpsiste poliitika kohta See k\u00fcpsisepoliitika selgitab, mis on k\u00fcpsised ja kuidas me neid kasutame, millist t\u00fc\u00fcpi k\u00fcpsiseid me kasutame, st millist teavet k\u00fcpsiste abil kogume ja kuidas seda teavet kasutatakse ning kuidas k\u00fcpsiste eelistusi juhtida. Lisateavet selle kohta, kuidas me teie isikuandmeid kasutame, s\u00e4ilitame ja turvaliselt hoiame, leiate meie privaatsuspoliitikast.Saate igal ajal oma [&hellip;]<\/p>\n","protected":false},"author":1,"featured_media":0,"parent":0,"menu_order":0,"comment_status":"closed","ping_status":"closed","template":"","meta":{"footnotes":""},"class_list":["post-3679","page","type-page","status-publish","hentry"],"yoast_head":"<!-- This site is optimized with the Yoast SEO plugin v27.4 - https:\/\/yoast.com\/product\/yoast-seo-wordpress\/ -->\n<title>K\u00fcpsiste Poliitika - Christinakosmeetika<\/title>\n<meta name=\"robots\" content=\"index, follow, max-snippet:-1, max-image-preview:large, max-video-preview:-1\" \/>\n<link rel=\"canonical\" href=\"https:\/\/christinakosmeetika.ee\/kupsiste-poliitika\/?lang=et\" \/>\n<meta property=\"og:locale\" content=\"et_EE\" \/>\n<meta property=\"og:type\" content=\"article\" \/>\n<meta property=\"og:title\" content=\"K\u00fcpsiste Poliitika - Christinakosmeetika\" \/>\n<meta property=\"og:description\" content=\"Teave selle k\u00fcpsiste poliitika kohta See k\u00fcpsisepoliitika selgitab, mis on k\u00fcpsised ja kuidas me neid kasutame, millist t\u00fc\u00fcpi k\u00fcpsiseid me kasutame, st millist teavet k\u00fcpsiste abil kogume ja kuidas seda teavet kasutatakse ning kuidas k\u00fcpsiste eelistusi juhtida. Lisateavet selle kohta, kuidas me teie isikuandmeid kasutame, s\u00e4ilitame ja turvaliselt hoiame, leiate meie privaatsuspoliitikast.Saate igal ajal oma [&hellip;]\" \/>\n<meta property=\"og:url\" content=\"https:\/\/christinakosmeetika.ee\/kupsiste-poliitika\/?lang=et\" \/>\n<meta property=\"og:site_name\" content=\"Christinakosmeetika\" \/>\n<meta property=\"article:modified_time\" content=\"2026-01-01T10:42:51+00:00\" \/>\n<meta name=\"twitter:card\" content=\"summary_large_image\" \/>\n<meta name=\"twitter:label1\" content=\"Est. reading time\" \/>\n\t<meta name=\"twitter:data1\" content=\"3 minutit\" \/>\n<script type=\"application\/ld+json\" class=\"yoast-schema-graph\">{\"@context\":\"https:\\\/\\\/schema.org\",\"@graph\":[{\"@type\":\"WebPage\",\"@id\":\"https:\\\/\\\/christinakosmeetika.ee\\\/kupsiste-poliitika\\\/?lang=et\",\"url\":\"https:\\\/\\\/christinakosmeetika.ee\\\/kupsiste-poliitika\\\/?lang=et\",\"name\":\"K\u00fcpsiste Poliitika - Christinakosmeetika\",\"isPartOf\":{\"@id\":\"https:\\\/\\\/christinakosmeetika.ee\\\/#website\"},\"datePublished\":\"2022-05-25T12:10:34+00:00\",\"dateModified\":\"2026-01-01T10:42:51+00:00\",\"breadcrumb\":{\"@id\":\"https:\\\/\\\/christinakosmeetika.ee\\\/kupsiste-poliitika\\\/?lang=et#breadcrumb\"},\"inLanguage\":\"et\",\"potentialAction\":[{\"@type\":\"ReadAction\",\"target\":[\"https:\\\/\\\/christinakosmeetika.ee\\\/kupsiste-poliitika\\\/?lang=et\"]}]},{\"@type\":\"BreadcrumbList\",\"@id\":\"https:\\\/\\\/christinakosmeetika.ee\\\/kupsiste-poliitika\\\/?lang=et#breadcrumb\",\"itemListElement\":[{\"@type\":\"ListItem\",\"position\":1,\"name\":\"\u0413\u043b\u0430\u0432\u043d\u0430\u044f \u0441\u0442\u0440\u0430\u043d\u0438\u0446\u0430\",\"item\":\"https:\\\/\\\/christinakosmeetika.ee\\\/et\\\/\"},{\"@type\":\"ListItem\",\"position\":2,\"name\":\"K\u00fcpsiste Poliitika\"}]},{\"@type\":\"WebSite\",\"@id\":\"https:\\\/\\\/christinakosmeetika.ee\\\/#website\",\"url\":\"https:\\\/\\\/christinakosmeetika.ee\\\/\",\"name\":\"Christinakosmeetika\",\"description\":\"Christina kosmeetika Eestis\",\"alternateName\":\"Christina kosmeetika Eestis\",\"potentialAction\":[{\"@type\":\"SearchAction\",\"target\":{\"@type\":\"EntryPoint\",\"urlTemplate\":\"https:\\\/\\\/christinakosmeetika.ee\\\/?s={search_term_string}\"},\"query-input\":{\"@type\":\"PropertyValueSpecification\",\"valueRequired\":true,\"valueName\":\"search_term_string\"}}],\"inLanguage\":\"et\"}]}<\/script>\n<!-- \/ Yoast SEO plugin. -->","yoast_head_json":{"title":"K\u00fcpsiste Poliitika - Christinakosmeetika","robots":{"index":"index","follow":"follow","max-snippet":"max-snippet:-1","max-image-preview":"max-image-preview:large","max-video-preview":"max-video-preview:-1"},"canonical":"https:\/\/christinakosmeetika.ee\/kupsiste-poliitika\/?lang=et","og_locale":"et_EE","og_type":"article","og_title":"K\u00fcpsiste Poliitika - Christinakosmeetika","og_description":"Teave selle k\u00fcpsiste poliitika kohta See k\u00fcpsisepoliitika selgitab, mis on k\u00fcpsised ja kuidas me neid kasutame, millist t\u00fc\u00fcpi k\u00fcpsiseid me kasutame, st millist teavet k\u00fcpsiste abil kogume ja kuidas seda teavet kasutatakse ning kuidas k\u00fcpsiste eelistusi juhtida. Lisateavet selle kohta, kuidas me teie isikuandmeid kasutame, s\u00e4ilitame ja turvaliselt hoiame, leiate meie privaatsuspoliitikast.Saate igal ajal oma [&hellip;]","og_url":"https:\/\/christinakosmeetika.ee\/kupsiste-poliitika\/?lang=et","og_site_name":"Christinakosmeetika","article_modified_time":"2026-01-01T10:42:51+00:00","twitter_card":"summary_large_image","twitter_misc":{"Est. reading time":"3 minutit"},"schema":{"@context":"https:\/\/schema.org","@graph":[{"@type":"WebPage","@id":"https:\/\/christinakosmeetika.ee\/kupsiste-poliitika\/?lang=et","url":"https:\/\/christinakosmeetika.ee\/kupsiste-poliitika\/?lang=et","name":"K\u00fcpsiste Poliitika - Christinakosmeetika","isPartOf":{"@id":"https:\/\/christinakosmeetika.ee\/#website"},"datePublished":"2022-05-25T12:10:34+00:00","dateModified":"2026-01-01T10:42:51+00:00","breadcrumb":{"@id":"https:\/\/christinakosmeetika.ee\/kupsiste-poliitika\/?lang=et#breadcrumb"},"inLanguage":"et","potentialAction":[{"@type":"ReadAction","target":["https:\/\/christinakosmeetika.ee\/kupsiste-poliitika\/?lang=et"]}]},{"@type":"BreadcrumbList","@id":"https:\/\/christinakosmeetika.ee\/kupsiste-poliitika\/?lang=et#breadcrumb","itemListElement":[{"@type":"ListItem","position":1,"name":"\u0413\u043b\u0430\u0432\u043d\u0430\u044f \u0441\u0442\u0440\u0430\u043d\u0438\u0446\u0430","item":"https:\/\/christinakosmeetika.ee\/et\/"},{"@type":"ListItem","position":2,"name":"K\u00fcpsiste Poliitika"}]},{"@type":"WebSite","@id":"https:\/\/christinakosmeetika.ee\/#website","url":"https:\/\/christinakosmeetika.ee\/","name":"Christinakosmeetika","description":"Christina kosmeetika Eestis","alternateName":"Christina kosmeetika Eestis","potentialAction":[{"@type":"SearchAction","target":{"@type":"EntryPoint","urlTemplate":"https:\/\/christinakosmeetika.ee\/?s={search_term_string}"},"query-input":{"@type":"PropertyValueSpecification","valueRequired":true,"valueName":"search_term_string"}}],"inLanguage":"et"}]}},"_links":{"self":[{"href":"https:\/\/christinakosmeetika.ee\/et\/wp-json\/wp\/v2\/pages\/3679","targetHints":{"allow":["GET"]}}],"collection":[{"href":"https:\/\/christinakosmeetika.ee\/et\/wp-json\/wp\/v2\/pages"}],"about":[{"href":"https:\/\/christinakosmeetika.ee\/et\/wp-json\/wp\/v2\/types\/page"}],"author":[{"embeddable":true,"href":"https:\/\/christinakosmeetika.ee\/et\/wp-json\/wp\/v2\/users\/1"}],"replies":[{"embeddable":true,"href":"https:\/\/christinakosmeetika.ee\/et\/wp-json\/wp\/v2\/comments?post=3679"}],"version-history":[{"count":0,"href":"https:\/\/christinakosmeetika.ee\/et\/wp-json\/wp\/v2\/pages\/3679\/revisions"}],"wp:attachment":[{"href":"https:\/\/christinakosmeetika.ee\/et\/wp-json\/wp\/v2\/media?parent=3679"}],"curies":[{"name":"wp","href":"https:\/\/api.w.org\/{rel}","templated":true}]}}