{"id":14862,"date":"2026-02-28T15:17:27","date_gmt":"2026-02-28T13:17:27","guid":{"rendered":"https:\/\/christinakosmeetika.ee\/procedury-muse-exosome-anti-age\/"},"modified":"2026-04-01T16:28:47","modified_gmt":"2026-04-01T13:28:47","slug":"muse-exosome-naha-taastamine","status":"publish","type":"page","link":"https:\/\/christinakosmeetika.ee\/et\/muse-exosome-naha-taastamine\/","title":{"rendered":"MUSE Exosome \u2014 vananemisvastane nahahooldustoodete sari naha taastamiseks"},"content":{"rendered":"<div id='av-layout-grid-1'  class='av-layout-grid-container av-1ivr9jm-857cc68fb20f0bf6298449de8c54475c entry-content-wrapper main_color av-flex-cells  avia-builder-el-0  avia-builder-el-no-sibling   container_wrap sidebar_right'  >\n<div class='flex_cell av-1bwqwwi-183bf59dd0f5c943da1e87b270441a4a av-gridrow-cell av_one_half no_margin  avia-builder-el-1  el_before_av_cell_one_half  avia-builder-el-first '  ><div class='flex_cell_inner'>\n<style type=\"text\/css\" data-created_by=\"avia_inline_auto\" id=\"style-css-av-mm6c0fi7-93d6e252e7190348e35050270ffe98b5\">\n.avia-image-container.av-mm6c0fi7-93d6e252e7190348e35050270ffe98b5 img.avia_image{\nbox-shadow:none;\n}\n.avia-image-container.av-mm6c0fi7-93d6e252e7190348e35050270ffe98b5 .av-image-caption-overlay-center{\ncolor:#ffffff;\n}\n<\/style>\n<div  class='avia-image-container av-mm6c0fi7-93d6e252e7190348e35050270ffe98b5 av-styling- avia-align-center  avia-builder-el-2  avia-builder-el-no-sibling '   itemprop=\"image\" itemscope=\"itemscope\" itemtype=\"https:\/\/schema.org\/ImageObject\" ><div class=\"avia-image-container-inner\"><div class=\"avia-image-overlay-wrap\"><img decoding=\"async\" fetchpriority=\"high\" class='wp-image-14863 avia-img-lazy-loading-not-14863 avia_image ' src=\"https:\/\/christinakosmeetika.ee\/wp-content\/uploads\/2026\/02\/MUSE_procedure_full_strip-scaled.png\" alt='' title='MUSE_procedure_full_strip'  height=\"2560\" width=\"1040\"  itemprop=\"thumbnailUrl\" srcset=\"https:\/\/christinakosmeetika.ee\/wp-content\/uploads\/2026\/02\/MUSE_procedure_full_strip-scaled.png 1040w, https:\/\/christinakosmeetika.ee\/wp-content\/uploads\/2026\/02\/MUSE_procedure_full_strip-122x300.png 122w, https:\/\/christinakosmeetika.ee\/wp-content\/uploads\/2026\/02\/MUSE_procedure_full_strip-418x1030.png 418w, https:\/\/christinakosmeetika.ee\/wp-content\/uploads\/2026\/02\/MUSE_procedure_full_strip-768x1891.png 768w, https:\/\/christinakosmeetika.ee\/wp-content\/uploads\/2026\/02\/MUSE_procedure_full_strip-624x1536.png 624w, https:\/\/christinakosmeetika.ee\/wp-content\/uploads\/2026\/02\/MUSE_procedure_full_strip-832x2048.png 832w, https:\/\/christinakosmeetika.ee\/wp-content\/uploads\/2026\/02\/MUSE_procedure_full_strip-609x1500.png 609w, https:\/\/christinakosmeetika.ee\/wp-content\/uploads\/2026\/02\/MUSE_procedure_full_strip-286x705.png 286w, https:\/\/christinakosmeetika.ee\/wp-content\/uploads\/2026\/02\/MUSE_procedure_full_strip-406x999.png 406w, https:\/\/christinakosmeetika.ee\/wp-content\/uploads\/2026\/02\/MUSE_procedure_full_strip-1320x3250.png 1320w, https:\/\/christinakosmeetika.ee\/wp-content\/uploads\/2026\/02\/MUSE_procedure_full_strip-600x1477.png 600w\" sizes=\"(max-width: 1040px) 100vw, 1040px\" \/><\/div><\/div><\/div>\n<\/div><\/div><div class='flex_cell av-o5qb1u-010622ddd2e50afe1f620572f4954415 av-gridrow-cell av_one_half no_margin  avia-builder-el-3  el_after_av_cell_one_half  avia-builder-el-last '  ><div class='flex_cell_inner'><section  class='av_textblock_section av-mm6c72zj-cb934c45fe2c2d057c2a7ca24fea86bb '   itemscope=\"itemscope\" itemtype=\"https:\/\/schema.org\/CreativeWork\" ><div class='avia_textblock'  itemprop=\"text\" ><h1 data-start=\"0\" data-end=\"70\">Christina<strong data-start=\"0\" data-end=\"26\"> MUSE Exosome<\/strong><br data-start=\"26\" data-end=\"29\" \/><strong data-start=\"29\" data-end=\"70\">Uue p\u00f5lvkonna rakuline regeneratsioon<\/strong><\/h1>\n<p data-start=\"72\" data-end=\"197\">MUSE Exosome sari on kaasaegne vananemisvastane nahahooldus, mis on suunatud naha funktsionaalsuse taastamisele rakutasandil.<\/p>\n<p data-start=\"199\" data-end=\"362\">See on v\u00e4lja t\u00f6\u00f6tatud rakkudevahelise kommunikatsiooni tugevdamiseks, telomeeride kaitsmiseks, gl\u00fckatsiooni kontrollimiseks ja rakkude energiavahetuse toetamiseks.<\/p>\n<p data-start=\"364\" data-end=\"464\">\ud83d\udc49 See ei ole lihtsalt uuendatud kosmeetika<br data-start=\"407\" data-end=\"410\" \/>\ud83d\udc49 see on uus tehnoloogiline l\u00e4henemine nahahooldusele<\/p>\n<p data-start=\"466\" data-end=\"582\">MUSE \u00fchendab kiire n\u00e4htava efekti ja s\u00fcgava regeneratiivse toe, aidates nahal n\u00e4ida tihedam, pringim ja hoolitsetum.<\/p>\n<h2 data-section-id=\"1ifljhw\" data-start=\"584\" data-end=\"616\">Mis teeb MUSE sarja eriliseks<\/h2>\n<p data-start=\"618\" data-end=\"733\">Sari on \u00fcles ehitatud mitmele omavahel seotud mehhanismile, mis toimivad kompleksselt ja v\u00f5imendavad \u00fcksteise m\u00f5ju.<\/p>\n<h3 data-section-id=\"1quuc2\" data-start=\"735\" data-end=\"825\">1. Goji t\u00fcvirakkudest saadud eksosoomid \u2014 rakkudevahelise kommunikatsiooni tugevdamine<\/h3>\n<p data-start=\"827\" data-end=\"903\">Eksosoomid on signaalstruktuurid, mis tagavad info edastamise rakkude vahel.<\/p>\n<p data-start=\"905\" data-end=\"990\">MUSE sarjas kasutatakse taimset p\u00e4ritolu eksosoome, mis on saadud goji t\u00fcvirakkudest.<\/p>\n<p data-start=\"992\" data-end=\"1013\">Uuringud on n\u00e4idanud:<\/p>\n<p data-start=\"1015\" data-end=\"1171\">kollageeni ja elastiini ekspressiooni suurenemist<br data-start=\"1064\" data-end=\"1067\" \/>rakkudevahelise kommunikatsiooni tugevnemist<br data-start=\"1111\" data-end=\"1114\" \/>rakuv\u00e4lise maatriksi komponentide s\u00fcnteesi stimuleerimist<\/p>\n<p data-start=\"1173\" data-end=\"1277\">\ud83d\udc49 Eksosoomid ei toimi lihtsalt naha pinnal<br data-start=\"1216\" data-end=\"1219\" \/>\ud83d\udc49 need aitavad nahal k\u00e4ivitada omaenda taastumisprotsesse<\/p>\n<p data-start=\"1279\" data-end=\"1287\">Tulemus:<\/p>\n<p data-start=\"1289\" data-end=\"1387\">naha tiheduse suurenemine<br data-start=\"1314\" data-end=\"1317\" \/>elastsuse paranemine<br data-start=\"1337\" data-end=\"1340\" \/>\u00fchtlasem tekstuur<br data-start=\"1357\" data-end=\"1360\" \/>v\u00e4simusn\u00e4htude v\u00e4henemine<\/p>\n<h3 data-section-id=\"1wm3wzg\" data-start=\"1389\" data-end=\"1432\">2. Nahabarj\u00e4\u00e4ri funktsiooni tugevdamine<\/h3>\n<p data-start=\"1434\" data-end=\"1513\">Eksosoomid aitavad tugevdada sarvkihi moodustumisega seotud tegureid, mis viib:<\/p>\n<p data-start=\"1515\" data-end=\"1613\">barj\u00e4\u00e4ri tugevnemiseni<br data-start=\"1537\" data-end=\"1540\" \/>niiskuskao v\u00e4henemiseni<br data-start=\"1563\" data-end=\"1566\" \/>kaitse suurenemiseni agressiivse keskkonna eest<\/p>\n<p data-start=\"1615\" data-end=\"1663\">Nahk muutub vastupidavamaks ja v\u00e4hem tundlikuks.<\/p>\n<h3 data-section-id=\"d3017f\" data-start=\"1665\" data-end=\"1709\">3. Telosense Active \u2014 telomeeride kaitse<\/h3>\n<p data-start=\"1711\" data-end=\"1832\">Telosense Active kompleks on suunatud telomeeride l\u00fchenemise ennetamisele, mis on \u00fcks naha vananemise peamisi mehhanisme.<\/p>\n<p data-start=\"1834\" data-end=\"1915\">\ud83d\udc49 See aitab nahal kauem s\u00e4ilitada tihedust, elastsust ja nooruslikumat v\u00e4limust.<\/p>\n<h3 data-section-id=\"1e9owlk\" data-start=\"1917\" data-end=\"1979\">4. Mitokondrite toetamine ja oks\u00fcdatiivse stressi kontroll<\/h3>\n<p data-start=\"1981\" data-end=\"2098\">Jania Rubens ekstrakt toetab rakuenergiat, v\u00e4hendab p\u00f5letikulisi protsesse ja suurendab naha vastupidavust stressile.<\/p>\n<h3 data-section-id=\"17c11m2\" data-start=\"2100\" data-end=\"2128\">5. Gl\u00fckatsiooni kontroll<\/h3>\n<p data-start=\"2130\" data-end=\"2233\">Sari aitab aeglustada gl\u00fckatsiooniprotsesse, t\u00e4nu millele s\u00e4ilitab nahk kauem oma elastsuse ja pehmuse.<\/p>\n<h3 data-section-id=\"ey25tk\" data-start=\"2235\" data-end=\"2268\">6. Kohene biomaatriks-lifting<\/h3>\n<p data-start=\"2270\" data-end=\"2370\">Biomatrix tehnoloogia loob juba p\u00e4rast toodete pealekandmist tihedama ja \u201ekokkuv\u00f5etuma\u201d naha efekti.<\/p>\n<h2 data-section-id=\"13g9lr5\" data-start=\"2372\" data-end=\"2395\">Mida MUSE sari annab<\/h2>\n<p data-start=\"2397\" data-end=\"2431\">Sarja regulaarne kasutamine aitab:<\/p>\n<p data-start=\"2433\" data-end=\"2591\">\u2714 suurendada naha tihedust<br data-start=\"2459\" data-end=\"2462\" \/>\u2714 parandada elastsust<br data-start=\"2483\" data-end=\"2486\" \/>\u2714 v\u00e4hendada kortsude n\u00e4htavust<br data-start=\"2516\" data-end=\"2519\" \/>\u2714 tugevdada kaitsebarj\u00e4\u00e4ri<br data-start=\"2545\" data-end=\"2548\" \/>\u2714 parandada \u00fcldist nahatooni ja tekstuuri<\/p>\n<p data-start=\"2593\" data-end=\"2672\">\ud83d\udc49 Seejuures ei ole m\u00f5ju ainult visuaalne,<br data-start=\"2635\" data-end=\"2638\" \/>vaid kumulatiivne ja ajas tugevnev<\/p>\n<h2 data-section-id=\"9228k5\" data-start=\"2674\" data-end=\"2700\">Kellele MUSE sari sobib<\/h2>\n<p data-start=\"2702\" data-end=\"2860\">vananemise ilmingud 30+<br data-start=\"2725\" data-end=\"2728\" \/>naha tiheduse ja elastsuse v\u00e4henemine<br data-start=\"2765\" data-end=\"2768\" \/>tuhm ja v\u00e4sinud jume<br data-start=\"2788\" data-end=\"2791\" \/>stressist ja fotovananemisest m\u00f5jutatud nahk<br data-start=\"2835\" data-end=\"2838\" \/>n\u00f5rgenenud nahabarj\u00e4\u00e4r<\/p>\n<p data-start=\"2862\" data-end=\"2960\">Sari sobib regulaarseks kasutamiseks ja v\u00f5ib olla s\u00fcsteemse vananemisvastase nahahoolduse aluseks.<\/p>\n<h2 data-section-id=\"1r2952e\" data-start=\"2962\" data-end=\"2972\">Tulemus<\/h2>\n<p data-start=\"2974\" data-end=\"2986\">Nahk muutub:<\/p>\n<p data-start=\"2988\" data-end=\"3085\">tihedamaks<br data-start=\"2998\" data-end=\"3001\" \/>pringimaks<br data-start=\"3011\" data-end=\"3014\" \/>siledamaks<br data-start=\"3024\" data-end=\"3027\" \/>vastupidavamaks<br data-start=\"3042\" data-end=\"3045\" \/>visuaalselt v\u00e4rskemaks ja hoolitsetumaks<\/p>\n<p data-start=\"3087\" data-end=\"3170\" data-is-last-node=\"\" data-is-only-node=\"\">\ud83d\udc49 See ei ole l\u00fchiajaline efekt,<br data-start=\"3119\" data-end=\"3122\" \/>vaid naha funktsionaalse nooruslikkuse toetamine<\/p>\n<\/div><\/section>\n<\/div><\/div><\/div>\n","protected":false},"excerpt":{"rendered":"","protected":false},"author":2,"featured_media":0,"parent":0,"menu_order":0,"comment_status":"closed","ping_status":"closed","template":"","meta":{"footnotes":""},"class_list":["post-14862","page","type-page","status-publish","hentry"],"yoast_head":"<!-- This site is optimized with the Yoast SEO plugin v27.4 - https:\/\/yoast.com\/product\/yoast-seo-wordpress\/ -->\n<title>MUSE Exosome \u2014 naha taastamiseks m\u00f5eldud nahahooldussari<\/title>\n<meta name=\"description\" content=\"MUSE Exosome on vananemisvastane nahahooldussari, mis toetab naha taastumist, elastsust, tihedust ja nooruslikumat v\u00e4limust.\" \/>\n<meta name=\"robots\" content=\"index, follow, max-snippet:-1, max-image-preview:large, max-video-preview:-1\" \/>\n<link rel=\"canonical\" href=\"https:\/\/christinakosmeetika.ee\/et\/muse-exosome-naha-taastamine\/\" \/>\n<meta property=\"og:locale\" content=\"et_EE\" \/>\n<meta property=\"og:type\" content=\"article\" \/>\n<meta property=\"og:title\" content=\"MUSE Exosome \u2014 naha taastamiseks m\u00f5eldud nahahooldussari\" \/>\n<meta property=\"og:description\" content=\"MUSE Exosome on vananemisvastane nahahooldussari, mis toetab naha taastumist, elastsust, tihedust ja nooruslikumat v\u00e4limust.\" \/>\n<meta property=\"og:url\" content=\"https:\/\/christinakosmeetika.ee\/et\/muse-exosome-naha-taastamine\/\" \/>\n<meta property=\"og:site_name\" content=\"Christinakosmeetika\" \/>\n<meta property=\"article:modified_time\" content=\"2026-04-01T13:28:47+00:00\" \/>\n<meta name=\"twitter:card\" content=\"summary_large_image\" \/>\n<meta name=\"twitter:label1\" content=\"Est. reading time\" \/>\n\t<meta name=\"twitter:data1\" content=\"3 minutit\" \/>\n<script type=\"application\/ld+json\" class=\"yoast-schema-graph\">{\"@context\":\"https:\\\/\\\/schema.org\",\"@graph\":[{\"@type\":\"WebPage\",\"@id\":\"https:\\\/\\\/christinakosmeetika.ee\\\/et\\\/muse-exosome-naha-taastamine\\\/\",\"url\":\"https:\\\/\\\/christinakosmeetika.ee\\\/et\\\/muse-exosome-naha-taastamine\\\/\",\"name\":\"MUSE Exosome \u2014 naha taastamiseks m\u00f5eldud nahahooldussari\",\"isPartOf\":{\"@id\":\"https:\\\/\\\/christinakosmeetika.ee\\\/#website\"},\"datePublished\":\"2026-02-28T13:17:27+00:00\",\"dateModified\":\"2026-04-01T13:28:47+00:00\",\"description\":\"MUSE Exosome on vananemisvastane nahahooldussari, mis toetab naha taastumist, elastsust, tihedust ja nooruslikumat v\u00e4limust.\",\"breadcrumb\":{\"@id\":\"https:\\\/\\\/christinakosmeetika.ee\\\/et\\\/muse-exosome-naha-taastamine\\\/#breadcrumb\"},\"inLanguage\":\"et\",\"potentialAction\":[{\"@type\":\"ReadAction\",\"target\":[\"https:\\\/\\\/christinakosmeetika.ee\\\/et\\\/muse-exosome-naha-taastamine\\\/\"]}]},{\"@type\":\"BreadcrumbList\",\"@id\":\"https:\\\/\\\/christinakosmeetika.ee\\\/et\\\/muse-exosome-naha-taastamine\\\/#breadcrumb\",\"itemListElement\":[{\"@type\":\"ListItem\",\"position\":1,\"name\":\"\u0413\u043b\u0430\u0432\u043d\u0430\u044f \u0441\u0442\u0440\u0430\u043d\u0438\u0446\u0430\",\"item\":\"https:\\\/\\\/christinakosmeetika.ee\\\/et\\\/\"},{\"@type\":\"ListItem\",\"position\":2,\"name\":\"MUSE Exosome \u2014 vananemisvastane nahahooldustoodete sari naha taastamiseks\"}]},{\"@type\":\"WebSite\",\"@id\":\"https:\\\/\\\/christinakosmeetika.ee\\\/#website\",\"url\":\"https:\\\/\\\/christinakosmeetika.ee\\\/\",\"name\":\"Christinakosmeetika\",\"description\":\"Christina kosmeetika Eestis\",\"alternateName\":\"Christina kosmeetika Eestis\",\"potentialAction\":[{\"@type\":\"SearchAction\",\"target\":{\"@type\":\"EntryPoint\",\"urlTemplate\":\"https:\\\/\\\/christinakosmeetika.ee\\\/?s={search_term_string}\"},\"query-input\":{\"@type\":\"PropertyValueSpecification\",\"valueRequired\":true,\"valueName\":\"search_term_string\"}}],\"inLanguage\":\"et\"}]}<\/script>\n<!-- \/ Yoast SEO plugin. -->","yoast_head_json":{"title":"MUSE Exosome \u2014 naha taastamiseks m\u00f5eldud nahahooldussari","description":"MUSE Exosome on vananemisvastane nahahooldussari, mis toetab naha taastumist, elastsust, tihedust ja nooruslikumat v\u00e4limust.","robots":{"index":"index","follow":"follow","max-snippet":"max-snippet:-1","max-image-preview":"max-image-preview:large","max-video-preview":"max-video-preview:-1"},"canonical":"https:\/\/christinakosmeetika.ee\/et\/muse-exosome-naha-taastamine\/","og_locale":"et_EE","og_type":"article","og_title":"MUSE Exosome \u2014 naha taastamiseks m\u00f5eldud nahahooldussari","og_description":"MUSE Exosome on vananemisvastane nahahooldussari, mis toetab naha taastumist, elastsust, tihedust ja nooruslikumat v\u00e4limust.","og_url":"https:\/\/christinakosmeetika.ee\/et\/muse-exosome-naha-taastamine\/","og_site_name":"Christinakosmeetika","article_modified_time":"2026-04-01T13:28:47+00:00","twitter_card":"summary_large_image","twitter_misc":{"Est. reading time":"3 minutit"},"schema":{"@context":"https:\/\/schema.org","@graph":[{"@type":"WebPage","@id":"https:\/\/christinakosmeetika.ee\/et\/muse-exosome-naha-taastamine\/","url":"https:\/\/christinakosmeetika.ee\/et\/muse-exosome-naha-taastamine\/","name":"MUSE Exosome \u2014 naha taastamiseks m\u00f5eldud nahahooldussari","isPartOf":{"@id":"https:\/\/christinakosmeetika.ee\/#website"},"datePublished":"2026-02-28T13:17:27+00:00","dateModified":"2026-04-01T13:28:47+00:00","description":"MUSE Exosome on vananemisvastane nahahooldussari, mis toetab naha taastumist, elastsust, tihedust ja nooruslikumat v\u00e4limust.","breadcrumb":{"@id":"https:\/\/christinakosmeetika.ee\/et\/muse-exosome-naha-taastamine\/#breadcrumb"},"inLanguage":"et","potentialAction":[{"@type":"ReadAction","target":["https:\/\/christinakosmeetika.ee\/et\/muse-exosome-naha-taastamine\/"]}]},{"@type":"BreadcrumbList","@id":"https:\/\/christinakosmeetika.ee\/et\/muse-exosome-naha-taastamine\/#breadcrumb","itemListElement":[{"@type":"ListItem","position":1,"name":"\u0413\u043b\u0430\u0432\u043d\u0430\u044f \u0441\u0442\u0440\u0430\u043d\u0438\u0446\u0430","item":"https:\/\/christinakosmeetika.ee\/et\/"},{"@type":"ListItem","position":2,"name":"MUSE Exosome \u2014 vananemisvastane nahahooldustoodete sari naha taastamiseks"}]},{"@type":"WebSite","@id":"https:\/\/christinakosmeetika.ee\/#website","url":"https:\/\/christinakosmeetika.ee\/","name":"Christinakosmeetika","description":"Christina kosmeetika Eestis","alternateName":"Christina kosmeetika Eestis","potentialAction":[{"@type":"SearchAction","target":{"@type":"EntryPoint","urlTemplate":"https:\/\/christinakosmeetika.ee\/?s={search_term_string}"},"query-input":{"@type":"PropertyValueSpecification","valueRequired":true,"valueName":"search_term_string"}}],"inLanguage":"et"}]}},"_links":{"self":[{"href":"https:\/\/christinakosmeetika.ee\/et\/wp-json\/wp\/v2\/pages\/14862","targetHints":{"allow":["GET"]}}],"collection":[{"href":"https:\/\/christinakosmeetika.ee\/et\/wp-json\/wp\/v2\/pages"}],"about":[{"href":"https:\/\/christinakosmeetika.ee\/et\/wp-json\/wp\/v2\/types\/page"}],"author":[{"embeddable":true,"href":"https:\/\/christinakosmeetika.ee\/et\/wp-json\/wp\/v2\/users\/2"}],"replies":[{"embeddable":true,"href":"https:\/\/christinakosmeetika.ee\/et\/wp-json\/wp\/v2\/comments?post=14862"}],"version-history":[{"count":0,"href":"https:\/\/christinakosmeetika.ee\/et\/wp-json\/wp\/v2\/pages\/14862\/revisions"}],"wp:attachment":[{"href":"https:\/\/christinakosmeetika.ee\/et\/wp-json\/wp\/v2\/media?parent=14862"}],"curies":[{"name":"wp","href":"https:\/\/api.w.org\/{rel}","templated":true}]}}