{"id":14685,"date":"2026-03-29T22:07:54","date_gmt":"2026-03-29T19:07:54","guid":{"rendered":"https:\/\/christinakosmeetika.ee\/nochnoy-krem-dlya-lica\/"},"modified":"2026-03-31T16:35:05","modified_gmt":"2026-03-31T13:35:05","slug":"taastav-oine-naokreem","status":"publish","type":"page","link":"https:\/\/christinakosmeetika.ee\/et\/taastav-oine-naokreem\/","title":{"rendered":"\u00d6ine n\u00e4okreem naha taastamiseks | Muse Revitalizing Night Cream"},"content":{"rendered":"<div id='av-layout-grid-1'  class='av-layout-grid-container av-1nfjmi5-9a5c38ca918c5bb44f7ccb0b1ae27fee entry-content-wrapper main_color av-flex-cells  avia-builder-el-0  avia-builder-el-no-sibling   container_wrap sidebar_right'  >\n<div class='flex_cell av-1c9sbhp-feb2a65bc24d780ad7628f956eda1d22 av-gridrow-cell av_one_half no_margin  avia-builder-el-1  el_before_av_cell_one_half  avia-builder-el-first '  ><div class='flex_cell_inner'>\n<style type=\"text\/css\" data-created_by=\"avia_inline_auto\" id=\"style-css-av-mnc3tto6-07b2685eb2f25b6365e7872ffd1c8e59\">\n.avia-image-container.av-mnc3tto6-07b2685eb2f25b6365e7872ffd1c8e59 img.avia_image{\nbox-shadow:none;\n}\n.avia-image-container.av-mnc3tto6-07b2685eb2f25b6365e7872ffd1c8e59 .av-image-caption-overlay-center{\ncolor:#ffffff;\n}\n<\/style>\n<div  class='avia-image-container av-mnc3tto6-07b2685eb2f25b6365e7872ffd1c8e59 av-styling- avia-align-center  avia-builder-el-2  avia-builder-el-no-sibling '   itemprop=\"image\" itemscope=\"itemscope\" itemtype=\"https:\/\/schema.org\/ImageObject\" ><div class=\"avia-image-container-inner\"><div class=\"avia-image-overlay-wrap\"><img decoding=\"async\" fetchpriority=\"high\" class='wp-image-14683 avia-img-lazy-loading-not-14683 avia_image ' src=\"https:\/\/christinakosmeetika.ee\/wp-content\/uploads\/2026\/03\/Muse-Revitalizing-Night-Cream1.png\" alt='Muse Revitalizing Night Cream' title='Muse Revitalizing Night Cream1'  height=\"1536\" width=\"1024\"  itemprop=\"thumbnailUrl\" srcset=\"https:\/\/christinakosmeetika.ee\/wp-content\/uploads\/2026\/03\/Muse-Revitalizing-Night-Cream1.png 1024w, https:\/\/christinakosmeetika.ee\/wp-content\/uploads\/2026\/03\/Muse-Revitalizing-Night-Cream1-200x300.png 200w, https:\/\/christinakosmeetika.ee\/wp-content\/uploads\/2026\/03\/Muse-Revitalizing-Night-Cream1-687x1030.png 687w, https:\/\/christinakosmeetika.ee\/wp-content\/uploads\/2026\/03\/Muse-Revitalizing-Night-Cream1-768x1152.png 768w, https:\/\/christinakosmeetika.ee\/wp-content\/uploads\/2026\/03\/Muse-Revitalizing-Night-Cream1-1000x1500.png 1000w, https:\/\/christinakosmeetika.ee\/wp-content\/uploads\/2026\/03\/Muse-Revitalizing-Night-Cream1-470x705.png 470w, https:\/\/christinakosmeetika.ee\/wp-content\/uploads\/2026\/03\/Muse-Revitalizing-Night-Cream1-450x675.png 450w, https:\/\/christinakosmeetika.ee\/wp-content\/uploads\/2026\/03\/Muse-Revitalizing-Night-Cream1-600x900.png 600w\" sizes=\"(max-width: 1024px) 100vw, 1024px\" \/><\/div><\/div><\/div>\n<\/div><\/div><div class='flex_cell av-wzhd1p-dd1dc86843b61a4c7d70b21bcfe839e5 av-gridrow-cell av_one_half no_margin  avia-builder-el-3  el_after_av_cell_one_half  avia-builder-el-last '  ><div class='flex_cell_inner'><section  class='av_textblock_section av-mnc4m9d6-e161d5fe6fd2b99d92a6aefcf4ef535b '   itemscope=\"itemscope\" itemtype=\"https:\/\/schema.org\/CreativeWork\" ><div class='avia_textblock'  itemprop=\"text\" ><h2 data-section-id=\"1rnx58s\" data-start=\"216\" data-end=\"279\">Taastav \u00f6\u00f6kreem n\u00e4ole naha uuendamiseks ja s\u00e4ra taastamiseks<\/h2>\n<p data-start=\"281\" data-end=\"399\">Kui nahk muutub tuhmiks, eba\u00fchtlaseks ja v\u00e4sinuks, ei piisa tavalisest \u00f5htukreemist \u2014 vaja on aktiivset \u00f6ist hooldust.<\/p>\n<p data-start=\"401\" data-end=\"627\">Muse Revitalizing Night Cream on taastav \u00f6\u00f6kreem n\u00e4ole, mis aitab nahka \u00f5rnalt uuendada, parandada selle tekstuuri ja taastada v\u00e4rske, hoolitsetud v\u00e4limus. Kreem niisutab s\u00fcgavuti, toetab naha uuenemist ja suurendab elastsust.<\/p>\n<h2 data-section-id=\"12zx62s\" data-start=\"629\" data-end=\"673\">Kuidas \u00f6ine n\u00e4okreem aitab nahka taastada<\/h2>\n<p data-start=\"675\" data-end=\"816\">\u00d6\u00f6sel aktiveeruvad naha loomulikud taastumisprotsessid. Kreem toetab neid protsesse, parandab naha tekstuuri ja tugevdab naha kaitsebarj\u00e4\u00e4ri.<\/p>\n<p data-start=\"818\" data-end=\"847\">Regulaarse kasutamise korral:<\/p>\n<ul data-start=\"848\" data-end=\"954\">\n<li data-section-id=\"1c5742\" data-start=\"848\" data-end=\"887\">nahk muutub siledamaks ja pehmemaks<\/li>\n<li data-section-id=\"161ig66\" data-start=\"888\" data-end=\"915\">jume muutub \u00fchtlasemaks<\/li>\n<li data-section-id=\"1f5f2u1\" data-start=\"916\" data-end=\"954\">nahk n\u00e4eb v\u00e4lja v\u00e4rskem ja s\u00e4ravam<\/li>\n<\/ul>\n<h2 data-section-id=\"105u7s0\" data-start=\"956\" data-end=\"965\">Aitab:<\/h2>\n<ul data-start=\"967\" data-end=\"1134\">\n<li data-section-id=\"1v47kg4\" data-start=\"967\" data-end=\"995\">parandada naha tekstuuri<\/li>\n<li data-section-id=\"1ql5wjh\" data-start=\"996\" data-end=\"1018\">taastada naha s\u00e4ra<\/li>\n<li data-section-id=\"a8eato\" data-start=\"1019\" data-end=\"1047\">parandada naha elastsust<\/li>\n<li data-section-id=\"7gabem\" data-start=\"1048\" data-end=\"1073\">\u00f5rnalt uuendada nahka<\/li>\n<li data-section-id=\"13dvlyi\" data-start=\"1074\" data-end=\"1102\">v\u00e4hendada v\u00e4simuse m\u00e4rke<\/li>\n<li data-section-id=\"gq8nmc\" data-start=\"1103\" data-end=\"1134\">rahustada ja taastada nahka<\/li>\n<\/ul>\n<h2 data-section-id=\"9k5spt\" data-start=\"1136\" data-end=\"1169\">Aktiivsed koostisosad ja toime<\/h2>\n<p data-start=\"1171\" data-end=\"1255\"><strong data-start=\"1171\" data-end=\"1186\">Gl\u00fckoolhape<\/strong><br data-start=\"1186\" data-end=\"1189\" \/>Koorib nahka \u00f5rnalt, parandab tekstuuri ja aitab \u00fchtlustada jumet.<\/p>\n<p data-start=\"1257\" data-end=\"1362\"><strong data-start=\"1257\" data-end=\"1281\">Alpi roosi t\u00fcvirakud<\/strong><br data-start=\"1281\" data-end=\"1284\" \/>Tugevdavad naha kaitsebarj\u00e4\u00e4ri ja suurendavad vastupidavust keskkonnam\u00f5judele.<\/p>\n<p data-start=\"1364\" data-end=\"1472\"><strong data-start=\"1364\" data-end=\"1390\">Antigl\u00fckeeriv kompleks<\/strong><br data-start=\"1390\" data-end=\"1393\" \/>Kaitseb nahka oks\u00fcdatiivse stressi eest ja aitab aeglustada vananemisprotsesse.<\/p>\n<p data-start=\"1474\" data-end=\"1561\"><strong data-start=\"1474\" data-end=\"1498\">Puuvilla\u00f5ie ekstrakt<\/strong><br data-start=\"1498\" data-end=\"1501\" \/>Rahustab nahka, v\u00e4hendab \u00e4rritust ja toetab naha taastumist.<\/p>\n<h2 data-section-id=\"1rxt5mb\" data-start=\"1563\" data-end=\"1576\">Kasutamine<\/h2>\n<p data-start=\"1578\" data-end=\"1706\"><strong data-start=\"1578\" data-end=\"1588\">\u00d5htul:<\/strong> kanna v\u00e4ike kogus kreemi puhastatud n\u00e4ole, kaelale ja dekolteepiirkonnale.<br data-start=\"1663\" data-end=\"1666\" \/>Jaota \u00f5rnalt kuni t\u00e4ieliku imendumiseni.<\/p>\n<p data-start=\"1708\" data-end=\"1740\">Kasuta ainult \u00f5htuses hoolduses.<\/p>\n<h2 data-section-id=\"1r2952e\" data-start=\"1742\" data-end=\"1752\">Tulemus<\/h2>\n<p data-start=\"1754\" data-end=\"1876\">Nahk muutub siledamaks, pehmemaks ja niisutatumaks.<br data-start=\"1805\" data-end=\"1808\" \/>Jume muutub \u00fchtlasemaks ning nahk n\u00e4eb v\u00e4lja v\u00e4rskem ja hoolitsetud.<\/p>\n<h2 data-start=\"9\" data-end=\"109\"><a style=\"font-size: 16px;\" href=\"https:\/\/christinakosmeetika.ee\/et\/toode\/christina-muserevitalizing-night-cream-et\/\">Osta Muse Revitalizing Night Cream<\/a><\/h2>\n<\/div><\/section><br \/>\n<div  class='avia-button-wrap avia-button-center  avia-builder-el-5  el_after_av_textblock  el_before_av_button '>\n<style type=\"text\/css\" data-created_by=\"avia_inline_auto\" id=\"style-css-av-mnc4nggm-eeb667a3de80bfba3ef85fd7fd266f0b\">\n#top #wrap_all .avia-button.av-mnc4nggm-eeb667a3de80bfba3ef85fd7fd266f0b:hover{\ncolor:white;\ntransition:all 0.4s ease-in-out;\n}\n#top #wrap_all .avia-button.av-mnc4nggm-eeb667a3de80bfba3ef85fd7fd266f0b:hover .avia-svg-icon svg:first-child{\nfill:white;\nstroke:white;\n}\n<\/style>\n<a href='https:\/\/christinakosmeetika.ee\/et\/toode\/christina-muserevitalizing-night-cream-et\/' class='avia-color-theme-color avia-font-color-theme-color avia-button avia-button-fullwidth av-mnc4nggm-eeb667a3de80bfba3ef85fd7fd266f0b avia-icon_select-no avia-color-theme-color'   aria-label=\"Osta\"><span class='avia_iconbox_title' >Osta<\/span><span class='avia_button_background avia-button avia-button-fullwidth avia-color-theme-color-highlight'><\/span><\/a><\/div><br \/>\n<div  class='avia-button-wrap av-mnc4pqud-309a1ca200d9e78e6dd068c6a4194442-wrap avia-button-center  avia-builder-el-6  el_after_av_button_big  avia-builder-el-no-sibling '><a href='https:\/\/christinakosmeetika.ee\/shop\/?filter_linii-kosmetiki=muse'  class='avia-button av-mnc4pqud-309a1ca200d9e78e6dd068c6a4194442 av-link-btn avia-icon_select-no avia-size-small avia-position-center avia-color-theme-color'   aria-label=\"Tagasi sarja juurde\"><span class='avia_iconbox_title' >Tagasi sarja juurde<\/span><\/a><\/div><\/p>\n<\/div><\/div><\/div>\n","protected":false},"excerpt":{"rendered":"","protected":false},"author":2,"featured_media":0,"parent":0,"menu_order":0,"comment_status":"closed","ping_status":"closed","template":"","meta":{"footnotes":""},"class_list":["post-14685","page","type-page","status-publish","hentry"],"yoast_head":"<!-- This site is optimized with the Yoast SEO plugin v27.3 - https:\/\/yoast.com\/product\/yoast-seo-wordpress\/ -->\n<title>\u00d6ine n\u00e4okreem naha taastamiseks | Muse Revitalizing Night Cream<\/title>\n<meta name=\"description\" content=\"Eksosoomidega \u00f6\u00f6kreem n\u00e4ole naha taastamiseks, uuendamiseks ja s\u00e4ra andmiseks. Parandab naha tekstuuri ja aitab v\u00e4hendada v\u00e4simuse m\u00e4rke.\" \/>\n<meta name=\"robots\" content=\"index, follow, max-snippet:-1, max-image-preview:large, max-video-preview:-1\" \/>\n<link rel=\"canonical\" href=\"https:\/\/christinakosmeetika.ee\/et\/taastav-oine-naokreem\/\" \/>\n<meta property=\"og:locale\" content=\"et_EE\" \/>\n<meta property=\"og:type\" content=\"article\" \/>\n<meta property=\"og:title\" content=\"\u00d6ine n\u00e4okreem naha taastamiseks | Muse Revitalizing Night Cream\" \/>\n<meta property=\"og:description\" content=\"Eksosoomidega \u00f6\u00f6kreem n\u00e4ole naha taastamiseks, uuendamiseks ja s\u00e4ra andmiseks. Parandab naha tekstuuri ja aitab v\u00e4hendada v\u00e4simuse m\u00e4rke.\" \/>\n<meta property=\"og:url\" content=\"https:\/\/christinakosmeetika.ee\/et\/taastav-oine-naokreem\/\" \/>\n<meta property=\"og:site_name\" content=\"Christinakosmeetika\" \/>\n<meta property=\"article:modified_time\" content=\"2026-03-31T13:35:05+00:00\" \/>\n<meta name=\"twitter:card\" content=\"summary_large_image\" \/>\n<meta name=\"twitter:label1\" content=\"Est. reading time\" \/>\n\t<meta name=\"twitter:data1\" content=\"3 minutit\" \/>\n<script type=\"application\/ld+json\" class=\"yoast-schema-graph\">{\"@context\":\"https:\\\/\\\/schema.org\",\"@graph\":[{\"@type\":\"WebPage\",\"@id\":\"https:\\\/\\\/christinakosmeetika.ee\\\/et\\\/taastav-oine-naokreem\\\/\",\"url\":\"https:\\\/\\\/christinakosmeetika.ee\\\/et\\\/taastav-oine-naokreem\\\/\",\"name\":\"\u00d6ine n\u00e4okreem naha taastamiseks | Muse Revitalizing Night Cream\",\"isPartOf\":{\"@id\":\"https:\\\/\\\/christinakosmeetika.ee\\\/#website\"},\"datePublished\":\"2026-03-29T19:07:54+00:00\",\"dateModified\":\"2026-03-31T13:35:05+00:00\",\"description\":\"Eksosoomidega \u00f6\u00f6kreem n\u00e4ole naha taastamiseks, uuendamiseks ja s\u00e4ra andmiseks. Parandab naha tekstuuri ja aitab v\u00e4hendada v\u00e4simuse m\u00e4rke.\",\"breadcrumb\":{\"@id\":\"https:\\\/\\\/christinakosmeetika.ee\\\/et\\\/taastav-oine-naokreem\\\/#breadcrumb\"},\"inLanguage\":\"et\",\"potentialAction\":[{\"@type\":\"ReadAction\",\"target\":[\"https:\\\/\\\/christinakosmeetika.ee\\\/et\\\/taastav-oine-naokreem\\\/\"]}]},{\"@type\":\"BreadcrumbList\",\"@id\":\"https:\\\/\\\/christinakosmeetika.ee\\\/et\\\/taastav-oine-naokreem\\\/#breadcrumb\",\"itemListElement\":[{\"@type\":\"ListItem\",\"position\":1,\"name\":\"\u0413\u043b\u0430\u0432\u043d\u0430\u044f \u0441\u0442\u0440\u0430\u043d\u0438\u0446\u0430\",\"item\":\"https:\\\/\\\/christinakosmeetika.ee\\\/et\\\/\"},{\"@type\":\"ListItem\",\"position\":2,\"name\":\"\u00d6ine n\u00e4okreem naha taastamiseks | Muse Revitalizing Night Cream\"}]},{\"@type\":\"WebSite\",\"@id\":\"https:\\\/\\\/christinakosmeetika.ee\\\/#website\",\"url\":\"https:\\\/\\\/christinakosmeetika.ee\\\/\",\"name\":\"Christinakosmeetika\",\"description\":\"Christina kosmeetika Eestis\",\"alternateName\":\"Christina kosmeetika Eestis\",\"potentialAction\":[{\"@type\":\"SearchAction\",\"target\":{\"@type\":\"EntryPoint\",\"urlTemplate\":\"https:\\\/\\\/christinakosmeetika.ee\\\/?s={search_term_string}\"},\"query-input\":{\"@type\":\"PropertyValueSpecification\",\"valueRequired\":true,\"valueName\":\"search_term_string\"}}],\"inLanguage\":\"et\"}]}<\/script>\n<!-- \/ Yoast SEO plugin. -->","yoast_head_json":{"title":"\u00d6ine n\u00e4okreem naha taastamiseks | Muse Revitalizing Night Cream","description":"Eksosoomidega \u00f6\u00f6kreem n\u00e4ole naha taastamiseks, uuendamiseks ja s\u00e4ra andmiseks. Parandab naha tekstuuri ja aitab v\u00e4hendada v\u00e4simuse m\u00e4rke.","robots":{"index":"index","follow":"follow","max-snippet":"max-snippet:-1","max-image-preview":"max-image-preview:large","max-video-preview":"max-video-preview:-1"},"canonical":"https:\/\/christinakosmeetika.ee\/et\/taastav-oine-naokreem\/","og_locale":"et_EE","og_type":"article","og_title":"\u00d6ine n\u00e4okreem naha taastamiseks | Muse Revitalizing Night Cream","og_description":"Eksosoomidega \u00f6\u00f6kreem n\u00e4ole naha taastamiseks, uuendamiseks ja s\u00e4ra andmiseks. Parandab naha tekstuuri ja aitab v\u00e4hendada v\u00e4simuse m\u00e4rke.","og_url":"https:\/\/christinakosmeetika.ee\/et\/taastav-oine-naokreem\/","og_site_name":"Christinakosmeetika","article_modified_time":"2026-03-31T13:35:05+00:00","twitter_card":"summary_large_image","twitter_misc":{"Est. reading time":"3 minutit"},"schema":{"@context":"https:\/\/schema.org","@graph":[{"@type":"WebPage","@id":"https:\/\/christinakosmeetika.ee\/et\/taastav-oine-naokreem\/","url":"https:\/\/christinakosmeetika.ee\/et\/taastav-oine-naokreem\/","name":"\u00d6ine n\u00e4okreem naha taastamiseks | Muse Revitalizing Night Cream","isPartOf":{"@id":"https:\/\/christinakosmeetika.ee\/#website"},"datePublished":"2026-03-29T19:07:54+00:00","dateModified":"2026-03-31T13:35:05+00:00","description":"Eksosoomidega \u00f6\u00f6kreem n\u00e4ole naha taastamiseks, uuendamiseks ja s\u00e4ra andmiseks. Parandab naha tekstuuri ja aitab v\u00e4hendada v\u00e4simuse m\u00e4rke.","breadcrumb":{"@id":"https:\/\/christinakosmeetika.ee\/et\/taastav-oine-naokreem\/#breadcrumb"},"inLanguage":"et","potentialAction":[{"@type":"ReadAction","target":["https:\/\/christinakosmeetika.ee\/et\/taastav-oine-naokreem\/"]}]},{"@type":"BreadcrumbList","@id":"https:\/\/christinakosmeetika.ee\/et\/taastav-oine-naokreem\/#breadcrumb","itemListElement":[{"@type":"ListItem","position":1,"name":"\u0413\u043b\u0430\u0432\u043d\u0430\u044f \u0441\u0442\u0440\u0430\u043d\u0438\u0446\u0430","item":"https:\/\/christinakosmeetika.ee\/et\/"},{"@type":"ListItem","position":2,"name":"\u00d6ine n\u00e4okreem naha taastamiseks | Muse Revitalizing Night Cream"}]},{"@type":"WebSite","@id":"https:\/\/christinakosmeetika.ee\/#website","url":"https:\/\/christinakosmeetika.ee\/","name":"Christinakosmeetika","description":"Christina kosmeetika Eestis","alternateName":"Christina kosmeetika Eestis","potentialAction":[{"@type":"SearchAction","target":{"@type":"EntryPoint","urlTemplate":"https:\/\/christinakosmeetika.ee\/?s={search_term_string}"},"query-input":{"@type":"PropertyValueSpecification","valueRequired":true,"valueName":"search_term_string"}}],"inLanguage":"et"}]}},"_links":{"self":[{"href":"https:\/\/christinakosmeetika.ee\/et\/wp-json\/wp\/v2\/pages\/14685","targetHints":{"allow":["GET"]}}],"collection":[{"href":"https:\/\/christinakosmeetika.ee\/et\/wp-json\/wp\/v2\/pages"}],"about":[{"href":"https:\/\/christinakosmeetika.ee\/et\/wp-json\/wp\/v2\/types\/page"}],"author":[{"embeddable":true,"href":"https:\/\/christinakosmeetika.ee\/et\/wp-json\/wp\/v2\/users\/2"}],"replies":[{"embeddable":true,"href":"https:\/\/christinakosmeetika.ee\/et\/wp-json\/wp\/v2\/comments?post=14685"}],"version-history":[{"count":0,"href":"https:\/\/christinakosmeetika.ee\/et\/wp-json\/wp\/v2\/pages\/14685\/revisions"}],"wp:attachment":[{"href":"https:\/\/christinakosmeetika.ee\/et\/wp-json\/wp\/v2\/media?parent=14685"}],"curies":[{"name":"wp","href":"https:\/\/api.w.org\/{rel}","templated":true}]}}