{"id":14477,"date":"2026-03-29T21:21:58","date_gmt":"2026-03-29T18:21:58","guid":{"rendered":"https:\/\/christinakosmeetika.ee\/krem-ot-temnyh-krugov-pod-glazami\/"},"modified":"2026-03-31T07:02:03","modified_gmt":"2026-03-31T04:02:03","slug":"silmaaluse-tumedate-ringide-kreem","status":"publish","type":"page","link":"https:\/\/christinakosmeetika.ee\/et\/silmaaluse-tumedate-ringide-kreem\/","title":{"rendered":"Kreem tumedate silmaaluste vastu | Muse Restoring Eye Cream"},"content":{"rendered":"<div id='av-layout-grid-1'  class='av-layout-grid-container av-1hwkk4m-bb8635904e079723dc3e990763ec1143 entry-content-wrapper main_color av-flex-cells  avia-builder-el-0  avia-builder-el-no-sibling   container_wrap sidebar_right'  >\n<div class='flex_cell av-13jfg2u-66278b0e470bd22ee4c4f8d5139a2f4e av-gridrow-cell av_one_half no_margin  avia-builder-el-1  el_before_av_cell_one_half  avia-builder-el-first '  ><div class='flex_cell_inner'>\n<style type=\"text\/css\" data-created_by=\"avia_inline_auto\" id=\"style-css-av-mnc2y3xe-d608da2428450baa6cdc2e83dee04c21\">\n.avia-image-container.av-mnc2y3xe-d608da2428450baa6cdc2e83dee04c21 img.avia_image{\nbox-shadow:none;\n}\n.avia-image-container.av-mnc2y3xe-d608da2428450baa6cdc2e83dee04c21 .av-image-caption-overlay-center{\ncolor:#ffffff;\n}\n<\/style>\n<div  class='avia-image-container av-mnc2y3xe-d608da2428450baa6cdc2e83dee04c21 av-styling- avia-align-center  avia-builder-el-2  avia-builder-el-no-sibling '   itemprop=\"image\" itemscope=\"itemscope\" itemtype=\"https:\/\/schema.org\/ImageObject\" ><div class=\"avia-image-container-inner\"><div class=\"avia-image-overlay-wrap\"><img decoding=\"async\" fetchpriority=\"high\" class='wp-image-14474 avia-img-lazy-loading-not-14474 avia_image ' src=\"https:\/\/christinakosmeetika.ee\/wp-content\/uploads\/2026\/03\/Muse-Restoring-Eye-Cream.png\" alt='Muse Restoring Eye Cream' title='Muse Restoring Eye Cream'  height=\"1536\" width=\"1024\"  itemprop=\"thumbnailUrl\" srcset=\"https:\/\/christinakosmeetika.ee\/wp-content\/uploads\/2026\/03\/Muse-Restoring-Eye-Cream.png 1024w, https:\/\/christinakosmeetika.ee\/wp-content\/uploads\/2026\/03\/Muse-Restoring-Eye-Cream-200x300.png 200w, https:\/\/christinakosmeetika.ee\/wp-content\/uploads\/2026\/03\/Muse-Restoring-Eye-Cream-687x1030.png 687w, https:\/\/christinakosmeetika.ee\/wp-content\/uploads\/2026\/03\/Muse-Restoring-Eye-Cream-768x1152.png 768w, https:\/\/christinakosmeetika.ee\/wp-content\/uploads\/2026\/03\/Muse-Restoring-Eye-Cream-1000x1500.png 1000w, https:\/\/christinakosmeetika.ee\/wp-content\/uploads\/2026\/03\/Muse-Restoring-Eye-Cream-470x705.png 470w, https:\/\/christinakosmeetika.ee\/wp-content\/uploads\/2026\/03\/Muse-Restoring-Eye-Cream-450x675.png 450w, https:\/\/christinakosmeetika.ee\/wp-content\/uploads\/2026\/03\/Muse-Restoring-Eye-Cream-600x900.png 600w\" sizes=\"(max-width: 1024px) 100vw, 1024px\" \/><\/div><\/div><\/div>\n<\/div><\/div><div class='flex_cell av-spr8na-fe71214494cea9b1ccc2bf25cd800209 av-gridrow-cell av_one_half no_margin  avia-builder-el-3  el_after_av_cell_one_half  avia-builder-el-last '  ><div class='flex_cell_inner'><section  class='av_textblock_section av-mnc2okz8-e37fdafbccef81656648f4fd6174dc0c '   itemscope=\"itemscope\" itemtype=\"https:\/\/schema.org\/CreativeWork\" ><div class='avia_textblock'  itemprop=\"text\" ><h2>Kreem tumedate silmaaluste vastu \u2014 kuidas v\u00e4hendada turseid, v\u00e4rskendada pilku ja siluda silma\u00fcmbruse nahka<\/h2>\n<p>Kui silma\u00fcmbruse nahk n\u00e4eb v\u00e4lja v\u00e4sinud, on see kohe m\u00e4rgatav. Tekivad tumedad silmaalused, tursed ja peened kortsud ning pilk kaotab v\u00e4rskuse ja n\u00e4eb v\u00e4hem puhanud v\u00e4lja.<\/p>\n<p>Sellisel juhul ei piisa tavap\u00e4rasest hooldusest. Vaja on kreemi tumedate silmaaluste vastu, mis toimib korraga mitmes suunas: aitab v\u00e4hendada turseid, parandab silma\u00fcmbruse naha v\u00e4limust ja muudab pilgu v\u00e4rskemaks.<\/p>\n<h2>Kuidas aru saada, et silma\u00fcmbrus vajab aktiivsemat hooldust<\/h2>\n<p>Silma\u00fcmbruse nahk reageerib kiiremini v\u00e4simusele, stressile, unepuudusele ja vanusega seotud muutustele. Just siin muutuvad naha v\u00e4simuse m\u00e4rgid k\u00f5ige varem n\u00e4htavaks.<\/p>\n<p>K\u00f5ige sagedasemad m\u00e4rgid:<\/p>\n<p>\u2022 tekivad tumedad silmaalused<br \/>\u2022 tursed s\u00fcvenevad<br \/>\u2022 nahk n\u00e4eb v\u00e4lja v\u00e4hem v\u00e4rske<br \/>\u2022 peened kortsud muutuvad n\u00e4htavamaks<br \/>\u2022 pilk n\u00e4eb v\u00e4lja v\u00e4sinud<\/p>\n<p>Sellisel juhul on eriti oluline kasutada silma\u00fcmbruse kreemi, mis ei niisuta ainult, vaid aitab taastada hoolitsetud ja puhanud v\u00e4limuse.<\/p>\n<h2>Muse Restoring Eye Cream \u2014 kreem tumedate silmaaluste ja tursete vastu<\/h2>\n<p>Muse Restoring Eye Cream on taastav silmakreem, mis on loodud tursete v\u00e4hendamiseks, tumedate silmaaluste heledamaks muutmiseks ja peente kortsude silumiseks.<\/p>\n<p>Valem aitab:<\/p>\n<p>\u2022 v\u00e4hendada turseid<br \/>\u2022 heledamaks muuta tumedaid silmaaluseid<br \/>\u2022 parandada mikrotsirkulatsiooni<br \/>\u2022 siluda peeneid kortse<br \/>\u2022 anda silma\u00fcmbruse nahale v\u00e4rskema ja puhanuma ilme<\/p>\n<p>See teeb toote eriti sobivaks igap\u00e4evaseks hoolduseks, kui soovid, et silma\u00fcmbrus n\u00e4eks v\u00e4lja siledam, rahulikum ja hoolitsetum.<\/p>\n<h2>Mis teeb selle kreemi eriti kasulikuks<\/h2>\n<p>Muse Restoring Eye Cream toimib korraga mitmes suunas. See aitab v\u00e4hendada v\u00e4simuse m\u00e4rke, muuta silma\u00fcmbruse naha \u00fchtlasemaks ja toetada nooruslikumat ning hoolitsetumat v\u00e4limust.<\/p>\n<p>Seet\u00f5ttu ei ole see lihtsalt silmakreem kortsude vastu, vaid toode, mis t\u00f6\u00f6tab samaaegselt tursete, tumedate silmaaluste ja kogu silma\u00fcmbruse v\u00e4limusega.<\/p>\n<h2>Kuidas Muse Restoring Eye Creami koostis toimib<\/h2>\n<p>Selle tursevastase silmakreemi koostis on loodud nii, et see niisutab, silub ja parandab samal ajal silma\u00fcmbruse naha v\u00e4limust.<\/p>\n<p>Alpi roosi t\u00fcvirakud aitavad tugevdada naha kaitsefunktsioone ja suurendavad selle vastupidavust v\u00e4listele teguritele.<\/p>\n<p>H\u00fcaluroonhape niisutab intensiivselt ja aitab siluda peeneid kortse.<\/p>\n<p>Punase vetika Jania rubens ekstrakt toetab rakkude aktiivsust ja aitab parandada naha seisundit.<\/p>\n<p>Koens\u00fc\u00fcm Q10 tugevdab naha antioks\u00fcdantset kaitset.<\/p>\n<p>Regu-age kompleks aitab v\u00e4hendada tumedaid silmaaluseid ja turseid, muutes pilgu v\u00e4rskemaks ja puhanumaks.<\/p>\n<h2>Millal tasub sellele kreemile eriti t\u00e4helepanu p\u00f6\u00f6rata<\/h2>\n<p>Muse Restoring Eye Cream sobib eriti h\u00e4sti, kui:<\/p>\n<p>\u2022 silmade alla on tekkinud tumedad silmaalused<br \/>\u2022 silma\u00fcmbruse nahk n\u00e4eb v\u00e4lja v\u00e4sinud<br \/>\u2022 esineb turseid<br \/>\u2022 peened kortsud on muutunud m\u00e4rgatavamaks<br \/>\u2022 soovid muuta pilgu v\u00e4rskemaks ja puhanumaks<\/p>\n<h2>Tulemus<\/h2>\n<p>Regulaarsel kasutamisel n\u00e4eb silma\u00fcmbruse nahk v\u00e4lja siledam, niisutatum ja hoolitsetum. Tursed ja tumedad silmaalused muutuvad v\u00e4hem m\u00e4rgatavaks ning pilk n\u00e4eb v\u00e4lja v\u00e4rskem ja rahulikum.<\/p>\n<p><a href=\"https:\/\/christinakosmeetika.ee\/et\/toode\/muse-restoring-eye-cream-et\/\">Osta Muse Restoring Eye Cream<\/a><\/p>\n<\/div><\/section><br \/>\n<div  class='avia-button-wrap avia-button-center  avia-builder-el-5  el_after_av_textblock  el_before_av_button '>\n<style type=\"text\/css\" data-created_by=\"avia_inline_auto\" id=\"style-css-av-mnc3225x-03492df886eea1596ecc317384aefd13\">\n#top #wrap_all .avia-button.av-mnc3225x-03492df886eea1596ecc317384aefd13:hover{\ncolor:white;\ntransition:all 0.4s ease-in-out;\n}\n#top #wrap_all .avia-button.av-mnc3225x-03492df886eea1596ecc317384aefd13:hover .avia-svg-icon svg:first-child{\nfill:white;\nstroke:white;\n}\n<\/style>\n<a href='https:\/\/christinakosmeetika.ee\/et\/toode\/muse-restoring-eye-cream-et\/' class='avia-color-theme-color avia-font-color-theme-color avia-button avia-button-fullwidth av-mnc3225x-03492df886eea1596ecc317384aefd13 avia-icon_select-no avia-color-theme-color'   aria-label=\"Osta\"><span class='avia_iconbox_title' >Osta<\/span><span class='avia_button_background avia-button avia-button-fullwidth avia-color-theme-color-highlight'><\/span><\/a><\/div><br \/>\n<div  class='avia-button-wrap av-mnc309gb-6a07a9daa1aca0a06f02458d61274cc6-wrap avia-button-center  avia-builder-el-6  el_after_av_button_big  avia-builder-el-no-sibling '><a href='https:\/\/christinakosmeetika.ee\/shop\/?filter_linii-kosmetiki=muse'  class='avia-button av-mnc309gb-6a07a9daa1aca0a06f02458d61274cc6 av-link-btn avia-icon_select-no avia-size-small avia-position-center avia-color-theme-color'   aria-label=\"Tagasi sarja juurde\"><span class='avia_iconbox_title' >Tagasi sarja juurde<\/span><\/a><\/div><\/p>\n<\/div><\/div><\/div>\n","protected":false},"excerpt":{"rendered":"","protected":false},"author":2,"featured_media":0,"parent":0,"menu_order":0,"comment_status":"closed","ping_status":"closed","template":"","meta":{"footnotes":""},"class_list":["post-14477","page","type-page","status-publish","hentry"],"yoast_head":"<!-- This site is optimized with the Yoast SEO plugin v27.3 - https:\/\/yoast.com\/product\/yoast-seo-wordpress\/ -->\n<title>Kreem tumedate silmaaluste vastu | Muse Restoring Eye Cream<\/title>\n<meta name=\"description\" content=\"Kreem tumedate silmaaluste vastu. Aitab v\u00e4hendada turseid, muuta silma\u00fcmbruse naha heledamaks ja anda pilgule v\u00e4rskema ilme.\" \/>\n<meta name=\"robots\" content=\"index, follow, max-snippet:-1, max-image-preview:large, max-video-preview:-1\" \/>\n<link rel=\"canonical\" href=\"https:\/\/christinakosmeetika.ee\/et\/silmaaluse-tumedate-ringide-kreem\/\" \/>\n<meta property=\"og:locale\" content=\"et_EE\" \/>\n<meta property=\"og:type\" content=\"article\" \/>\n<meta property=\"og:title\" content=\"Kreem tumedate silmaaluste vastu | Muse Restoring Eye Cream\" \/>\n<meta property=\"og:description\" content=\"Kreem tumedate silmaaluste vastu. Aitab v\u00e4hendada turseid, muuta silma\u00fcmbruse naha heledamaks ja anda pilgule v\u00e4rskema ilme.\" \/>\n<meta property=\"og:url\" content=\"https:\/\/christinakosmeetika.ee\/et\/silmaaluse-tumedate-ringide-kreem\/\" \/>\n<meta property=\"og:site_name\" content=\"Christinakosmeetika\" \/>\n<meta property=\"article:modified_time\" content=\"2026-03-31T04:02:03+00:00\" \/>\n<meta name=\"twitter:card\" content=\"summary_large_image\" \/>\n<meta name=\"twitter:label1\" content=\"Est. reading time\" \/>\n\t<meta name=\"twitter:data1\" content=\"3 minutit\" \/>\n<script type=\"application\/ld+json\" class=\"yoast-schema-graph\">{\"@context\":\"https:\\\/\\\/schema.org\",\"@graph\":[{\"@type\":\"WebPage\",\"@id\":\"https:\\\/\\\/christinakosmeetika.ee\\\/et\\\/silmaaluse-tumedate-ringide-kreem\\\/\",\"url\":\"https:\\\/\\\/christinakosmeetika.ee\\\/et\\\/silmaaluse-tumedate-ringide-kreem\\\/\",\"name\":\"Kreem tumedate silmaaluste vastu | Muse Restoring Eye Cream\",\"isPartOf\":{\"@id\":\"https:\\\/\\\/christinakosmeetika.ee\\\/#website\"},\"datePublished\":\"2026-03-29T18:21:58+00:00\",\"dateModified\":\"2026-03-31T04:02:03+00:00\",\"description\":\"Kreem tumedate silmaaluste vastu. Aitab v\u00e4hendada turseid, muuta silma\u00fcmbruse naha heledamaks ja anda pilgule v\u00e4rskema ilme.\",\"breadcrumb\":{\"@id\":\"https:\\\/\\\/christinakosmeetika.ee\\\/et\\\/silmaaluse-tumedate-ringide-kreem\\\/#breadcrumb\"},\"inLanguage\":\"et\",\"potentialAction\":[{\"@type\":\"ReadAction\",\"target\":[\"https:\\\/\\\/christinakosmeetika.ee\\\/et\\\/silmaaluse-tumedate-ringide-kreem\\\/\"]}]},{\"@type\":\"BreadcrumbList\",\"@id\":\"https:\\\/\\\/christinakosmeetika.ee\\\/et\\\/silmaaluse-tumedate-ringide-kreem\\\/#breadcrumb\",\"itemListElement\":[{\"@type\":\"ListItem\",\"position\":1,\"name\":\"\u0413\u043b\u0430\u0432\u043d\u0430\u044f \u0441\u0442\u0440\u0430\u043d\u0438\u0446\u0430\",\"item\":\"https:\\\/\\\/christinakosmeetika.ee\\\/et\\\/\"},{\"@type\":\"ListItem\",\"position\":2,\"name\":\"Kreem tumedate silmaaluste vastu | Muse Restoring Eye Cream\"}]},{\"@type\":\"WebSite\",\"@id\":\"https:\\\/\\\/christinakosmeetika.ee\\\/#website\",\"url\":\"https:\\\/\\\/christinakosmeetika.ee\\\/\",\"name\":\"Christinakosmeetika\",\"description\":\"Christina kosmeetika Eestis\",\"alternateName\":\"Christina kosmeetika Eestis\",\"potentialAction\":[{\"@type\":\"SearchAction\",\"target\":{\"@type\":\"EntryPoint\",\"urlTemplate\":\"https:\\\/\\\/christinakosmeetika.ee\\\/?s={search_term_string}\"},\"query-input\":{\"@type\":\"PropertyValueSpecification\",\"valueRequired\":true,\"valueName\":\"search_term_string\"}}],\"inLanguage\":\"et\"}]}<\/script>\n<!-- \/ Yoast SEO plugin. -->","yoast_head_json":{"title":"Kreem tumedate silmaaluste vastu | Muse Restoring Eye Cream","description":"Kreem tumedate silmaaluste vastu. Aitab v\u00e4hendada turseid, muuta silma\u00fcmbruse naha heledamaks ja anda pilgule v\u00e4rskema ilme.","robots":{"index":"index","follow":"follow","max-snippet":"max-snippet:-1","max-image-preview":"max-image-preview:large","max-video-preview":"max-video-preview:-1"},"canonical":"https:\/\/christinakosmeetika.ee\/et\/silmaaluse-tumedate-ringide-kreem\/","og_locale":"et_EE","og_type":"article","og_title":"Kreem tumedate silmaaluste vastu | Muse Restoring Eye Cream","og_description":"Kreem tumedate silmaaluste vastu. Aitab v\u00e4hendada turseid, muuta silma\u00fcmbruse naha heledamaks ja anda pilgule v\u00e4rskema ilme.","og_url":"https:\/\/christinakosmeetika.ee\/et\/silmaaluse-tumedate-ringide-kreem\/","og_site_name":"Christinakosmeetika","article_modified_time":"2026-03-31T04:02:03+00:00","twitter_card":"summary_large_image","twitter_misc":{"Est. reading time":"3 minutit"},"schema":{"@context":"https:\/\/schema.org","@graph":[{"@type":"WebPage","@id":"https:\/\/christinakosmeetika.ee\/et\/silmaaluse-tumedate-ringide-kreem\/","url":"https:\/\/christinakosmeetika.ee\/et\/silmaaluse-tumedate-ringide-kreem\/","name":"Kreem tumedate silmaaluste vastu | Muse Restoring Eye Cream","isPartOf":{"@id":"https:\/\/christinakosmeetika.ee\/#website"},"datePublished":"2026-03-29T18:21:58+00:00","dateModified":"2026-03-31T04:02:03+00:00","description":"Kreem tumedate silmaaluste vastu. Aitab v\u00e4hendada turseid, muuta silma\u00fcmbruse naha heledamaks ja anda pilgule v\u00e4rskema ilme.","breadcrumb":{"@id":"https:\/\/christinakosmeetika.ee\/et\/silmaaluse-tumedate-ringide-kreem\/#breadcrumb"},"inLanguage":"et","potentialAction":[{"@type":"ReadAction","target":["https:\/\/christinakosmeetika.ee\/et\/silmaaluse-tumedate-ringide-kreem\/"]}]},{"@type":"BreadcrumbList","@id":"https:\/\/christinakosmeetika.ee\/et\/silmaaluse-tumedate-ringide-kreem\/#breadcrumb","itemListElement":[{"@type":"ListItem","position":1,"name":"\u0413\u043b\u0430\u0432\u043d\u0430\u044f \u0441\u0442\u0440\u0430\u043d\u0438\u0446\u0430","item":"https:\/\/christinakosmeetika.ee\/et\/"},{"@type":"ListItem","position":2,"name":"Kreem tumedate silmaaluste vastu | Muse Restoring Eye Cream"}]},{"@type":"WebSite","@id":"https:\/\/christinakosmeetika.ee\/#website","url":"https:\/\/christinakosmeetika.ee\/","name":"Christinakosmeetika","description":"Christina kosmeetika Eestis","alternateName":"Christina kosmeetika Eestis","potentialAction":[{"@type":"SearchAction","target":{"@type":"EntryPoint","urlTemplate":"https:\/\/christinakosmeetika.ee\/?s={search_term_string}"},"query-input":{"@type":"PropertyValueSpecification","valueRequired":true,"valueName":"search_term_string"}}],"inLanguage":"et"}]}},"_links":{"self":[{"href":"https:\/\/christinakosmeetika.ee\/et\/wp-json\/wp\/v2\/pages\/14477","targetHints":{"allow":["GET"]}}],"collection":[{"href":"https:\/\/christinakosmeetika.ee\/et\/wp-json\/wp\/v2\/pages"}],"about":[{"href":"https:\/\/christinakosmeetika.ee\/et\/wp-json\/wp\/v2\/types\/page"}],"author":[{"embeddable":true,"href":"https:\/\/christinakosmeetika.ee\/et\/wp-json\/wp\/v2\/users\/2"}],"replies":[{"embeddable":true,"href":"https:\/\/christinakosmeetika.ee\/et\/wp-json\/wp\/v2\/comments?post=14477"}],"version-history":[{"count":0,"href":"https:\/\/christinakosmeetika.ee\/et\/wp-json\/wp\/v2\/pages\/14477\/revisions"}],"wp:attachment":[{"href":"https:\/\/christinakosmeetika.ee\/et\/wp-json\/wp\/v2\/media?parent=14477"}],"curies":[{"name":"wp","href":"https:\/\/api.w.org\/{rel}","templated":true}]}}