{"id":14433,"date":"2026-03-29T20:04:53","date_gmt":"2026-03-29T17:04:53","guid":{"rendered":"https:\/\/christinakosmeetika.ee\/%d0%be%d0%bc%d0%be%d0%bb%d0%b0%d0%b6%d0%b8%d0%b2%d0%b0%d1%8e%d1%89%d0%b0%d1%8f-%d0%bc%d0%b0%d1%81%d0%ba%d0%b0-%d0%b4%d0%bb%d1%8f-%d0%bb%d0%b8%d1%86%d0%b0-muse-red-mask\/"},"modified":"2026-03-31T06:55:02","modified_gmt":"2026-03-31T03:55:02","slug":"vananemisvastane-naomask-muse","status":"publish","type":"page","link":"https:\/\/christinakosmeetika.ee\/et\/vananemisvastane-naomask-muse\/","title":{"rendered":"Noorendav n\u00e4omask | Muse Red Mask"},"content":{"rendered":"<div id='av-layout-grid-1'  class='av-layout-grid-container av-1g95hy7-04788fda644adcb7968c60981ca77ae3 entry-content-wrapper main_color av-flex-cells  avia-builder-el-0  avia-builder-el-no-sibling   container_wrap sidebar_right'  >\n<div class='flex_cell av-17kzxhb-4c8d0d0320ae88bac2c5fe8321e7262c av-gridrow-cell av_one_half no_margin  avia-builder-el-1  el_before_av_cell_one_half  avia-builder-el-first '  ><div class='flex_cell_inner'>\n<style type=\"text\/css\" data-created_by=\"avia_inline_auto\" id=\"style-css-av-mnc03yti-34c0d7b90fcb6c95fc69112cb7feac82\">\n.avia-image-container.av-mnc03yti-34c0d7b90fcb6c95fc69112cb7feac82 img.avia_image{\nbox-shadow:none;\n}\n.avia-image-container.av-mnc03yti-34c0d7b90fcb6c95fc69112cb7feac82 .av-image-caption-overlay-center{\ncolor:#ffffff;\n}\n<\/style>\n<div  class='avia-image-container av-mnc03yti-34c0d7b90fcb6c95fc69112cb7feac82 av-styling- avia-align-center  avia-builder-el-2  avia-builder-el-no-sibling '   itemprop=\"image\" itemscope=\"itemscope\" itemtype=\"https:\/\/schema.org\/ImageObject\" ><div class=\"avia-image-container-inner\"><div class=\"avia-image-overlay-wrap\"><img decoding=\"async\" fetchpriority=\"high\" class='wp-image-14441 avia-img-lazy-loading-not-14441 avia_image ' src=\"https:\/\/christinakosmeetika.ee\/wp-content\/uploads\/2026\/03\/Red-Mask.png\" alt='Red Mask' title='Red Mask'  height=\"1536\" width=\"1024\"  itemprop=\"thumbnailUrl\" srcset=\"https:\/\/christinakosmeetika.ee\/wp-content\/uploads\/2026\/03\/Red-Mask.png 1024w, https:\/\/christinakosmeetika.ee\/wp-content\/uploads\/2026\/03\/Red-Mask-200x300.png 200w, https:\/\/christinakosmeetika.ee\/wp-content\/uploads\/2026\/03\/Red-Mask-687x1030.png 687w, https:\/\/christinakosmeetika.ee\/wp-content\/uploads\/2026\/03\/Red-Mask-768x1152.png 768w, https:\/\/christinakosmeetika.ee\/wp-content\/uploads\/2026\/03\/Red-Mask-1000x1500.png 1000w, https:\/\/christinakosmeetika.ee\/wp-content\/uploads\/2026\/03\/Red-Mask-470x705.png 470w, https:\/\/christinakosmeetika.ee\/wp-content\/uploads\/2026\/03\/Red-Mask-450x675.png 450w, https:\/\/christinakosmeetika.ee\/wp-content\/uploads\/2026\/03\/Red-Mask-600x900.png 600w\" sizes=\"(max-width: 1024px) 100vw, 1024px\" \/><\/div><\/div><\/div>\n<\/div><\/div><div class='flex_cell av-ojjkpr-b1406e197e35ff2022f1e3e3c981a167 av-gridrow-cell av_one_half no_margin  avia-builder-el-3  el_after_av_cell_one_half  avia-builder-el-last '  ><div class='flex_cell_inner'><section  class='av_textblock_section av-mnc08rzk-f37249db80e7f99cff85033f51243ea2 '   itemscope=\"itemscope\" itemtype=\"https:\/\/schema.org\/CreativeWork\" ><div class='avia_textblock'  itemprop=\"text\" ><h2>Noorendav n\u00e4omask \u2014 kuidas taastada nahka, parandada selle elastsust ja v\u00e4hendada kortsude n\u00e4htavust<\/h2>\n<p>Kui nahk n\u00e4eb v\u00e4lja v\u00e4sinud, kaotab elastsust ja hoiab niiskust halvemini, kajastub see kiiresti ka selle v\u00e4limuses. Kortsud muutuvad m\u00e4rgatavamaks, n\u00e4gu n\u00e4eb v\u00e4hem v\u00e4rske v\u00e4lja ning tavap\u00e4rane hooldus ei anna enam seda tulemust, mida sooviks n\u00e4ha.<\/p>\n<p>Sellistel juhtudel ei vaja nahk mitte lihtsalt tavahooldust, vaid t\u00f5husamat toodet. Just seet\u00f5ttu muutub noorendav n\u00e4omask oluliseks osaks kodusest anti-age hooldusest, kui on vaja samal ajal taastada nahka, parandada selle niisutatust ning muuta see siledamaks ja elastsemaks.<\/p>\n<h2>Millal vajab nahk eriti noorendavat maski<\/h2>\n<p>Vanusega seotud muutused ja v\u00e4lised koormused m\u00f5jutavad naha seisundit j\u00e4rk-j\u00e4rgult. Nahk v\u00f5ib muutuda v\u00e4hem elastseks, kuivemaks, tuhmimaks ja v\u00e4liste tegurite suhtes tundlikumaks.<\/p>\n<p>Sellise seisundi k\u00f5ige sagedamad tunnused on:<\/p>\n<p>\u2022 nahk kaotab elastsust<br \/>\u2022 kortsud muutuvad m\u00e4rgatavamaks<br \/>\u2022 naha niiskustase langeb<br \/>\u2022 n\u00e4gu n\u00e4eb v\u00e4sinum v\u00e4lja<br \/>\u2022 nahk taastub p\u00e4rast stressi ja v\u00e4liseid m\u00f5jutusi aeglasemalt<\/p>\n<p>Sellistel perioodidel on eriti kasulik kortsudevastane mask, mis aitab nahal kiiremini taastuda ja toimib intensiivsema hooldusetapina.<\/p>\n<h2>Miks ei piisa nahale ainult kreemist<\/h2>\n<p>Kreem toetab nahka igap\u00e4evaselt, kuid teatud hetkedel vajab see rikkalikumat hooldust. Eriti oluline on see siis, kui eesm\u00e4rk ei ole ainult niisutamine, vaid naha \u00fcldise seisundi taastamine, selle tiheduse parandamine ja v\u00e4limuse v\u00e4rskendamine.<\/p>\n<p>Just seet\u00f5ttu annab naha elastsust parandav mask sageli selle lisahoolduse, millest tavap\u00e4rases rutiinis puudu j\u00e4\u00e4b.<\/p>\n<h2>Muse Red Mask \u2014 eksosoomidega noorendav n\u00e4omask<\/h2>\n<p>Muse Red Mask on professionaalne Christina eksosoomidega mask, mis on loodud naha taastamiseks, elastsuse parandamiseks ja intensiivseks niisutamiseks.<\/p>\n<p>See ei ole lihtsalt niisutav mask. Selle koostis toimib korraga mitmes suunas:<\/p>\n<p>\u2022 aitab parandada naha elastsust<br \/>\u2022 toetab uuenemisprotsesse<br \/>\u2022 v\u00e4hendab kortsude n\u00e4htavust<br \/>\u2022 parandab naha niisutatust<br \/>\u2022 tugevdab kaitsebarj\u00e4\u00e4ri<br \/>\u2022 taastab naha \u00fcldist seisundit<\/p>\n<p>Just seet\u00f5ttu sobib Muse Red Maski eksosoomidega mask h\u00e4sti siis, kui nahk vajab aktiivsemat taastavat hooldust.<\/p>\n<h2>Mis teeb Muse Red Maski eriti huvitavaks<\/h2>\n<p>Muse Red Mask \u00fchendab endas korraga mitu tugevat omadust:<\/p>\n<p>\u2022 uue Muse sarja eksosoomsuunitlus<br \/>\u2022 v\u00e4ljendunud taastav toime<br \/>\u2022 intensiivne niisutus<br \/>\u2022 naha elastsuse toetamine<br \/>\u2022 kaitsebarj\u00e4\u00e4ri tugevdamine<br \/>\u2022 anti-age efekt koduses hoolduses<\/p>\n<p>Selline formaat on eriti mugav neile, kes ei soovi nahka lihtsalt v\u00e4rskendada, vaid anda sellele t\u00f5husamat hooldust, mis aitab parandada nii naha seisundit kui ka v\u00e4limust.<\/p>\n<h2>Kuidas Muse Red Maski koostis toimib<\/h2>\n<p>Selle noorendava n\u00e4omaski koostis on loodud nii, et nahk saaks korraga intensiivset niisutust, taastavat hooldust ja anti-age tuge.<\/p>\n<p>Goji t\u00fcvirakkude eksosoomid aitavad toetada naha taastumisprotsesse ning kollageeni, elastiini ja gl\u00fckosaminogl\u00fckaanide s\u00fcnteesi.<\/p>\n<p>Punavetik Jania rubens toetab rakkude aktiivsust, soodustab detoksifikatsiooni ja aitab v\u00e4hendada kortsude n\u00e4htavust.<\/p>\n<p>Gl\u00fckatsioonivastane kompleks aitab kaitsta nahka oks\u00fcdatiivse stressi eest ja toetab naha nooruslikumat seisundit.<\/p>\n<p>H\u00fcaluroonhape niisutab nahka intensiivselt ja aitab parandada selle elastsust.<\/p>\n<p>Cupua\u00e7u-v\u00f5i toidab nahka ja toetab selle lipiidbarj\u00e4\u00e4ri.<\/p>\n<p>Skvalaan aitab hoida niiskust ning muudab naha pehmemaks ja mugavamaks.<\/p>\n<h2>Miks on see mask eriti kasulik anti-age hoolduses<\/h2>\n<p>Mitte iga nahk ei saa piisavalt ainult puhastusest ja kreemist. M\u00f5nikord vajab see eraldi taastavat sammu, mis annab rohkem niisutust, rohkem mugavust ja aitab kiiremini viia naha \u00fchtlasemasse ning hoolitsetumasse seisundisse.<\/p>\n<p>Just seet\u00f5ttu on anti-age toimega niisutav n\u00e4omask eriti kasulik siis, kui nahk n\u00e4eb v\u00e4lja v\u00e4sinud, deh\u00fcdreeritud ja v\u00e4hem elastne.<\/p>\n<h2>Kasutamise tulemus<\/h2>\n<p>Regulaarsel kasutamisel muutub nahk siledamaks, niisutatumaks ja elastsemaks. Kortsud n\u00e4evad v\u00e4lja v\u00e4hem m\u00e4rgatavad, naha \u00fcldine seisund paraneb ning n\u00e4gu n\u00e4eb v\u00e4rskem ja hoolitsetum v\u00e4lja.<\/p>\n<p><a href=\"https:\/\/christinakosmeetika.ee\/et\/toode\/muse-red-mask-christina\/\"><strong>Osta Muse Red Mask<\/strong><\/a><\/p>\n<\/div><\/section><br \/>\n<div  class='avia-button-wrap avia-button-center  avia-builder-el-5  el_after_av_textblock  el_before_av_button '>\n<style type=\"text\/css\" data-created_by=\"avia_inline_auto\" id=\"style-css-av-mnc0hc3z-8e992313fa4c0156cf55e46b93b3c610\">\n#top #wrap_all .avia-button.av-mnc0hc3z-8e992313fa4c0156cf55e46b93b3c610:hover{\ncolor:white;\ntransition:all 0.4s ease-in-out;\n}\n#top #wrap_all .avia-button.av-mnc0hc3z-8e992313fa4c0156cf55e46b93b3c610:hover .avia-svg-icon svg:first-child{\nfill:white;\nstroke:white;\n}\n<\/style>\n<a href='https:\/\/christinakosmeetika.ee\/et\/toode\/muse-red-mask-christina\/' class='avia-color-theme-color avia-font-color-theme-color avia-button avia-button-fullwidth av-mnc0hc3z-8e992313fa4c0156cf55e46b93b3c610 avia-icon_select-no avia-color-theme-color'   aria-label=\"Osta\"><span class='avia_iconbox_title' >Osta<\/span><span class='avia_button_background avia-button avia-button-fullwidth avia-color-theme-color-highlight'><\/span><\/a><\/div><br \/>\n<div  class='avia-button-wrap av-mnc0idbs-98cda10e85068a59758ad315052fe763-wrap avia-button-center  avia-builder-el-6  el_after_av_button_big  avia-builder-el-no-sibling '><a href='https:\/\/christinakosmeetika.ee\/shop\/?filter_linii-kosmetiki=muse'  class='avia-button av-mnc0idbs-98cda10e85068a59758ad315052fe763 av-link-btn avia-icon_select-no avia-size-small avia-position-center avia-color-theme-color'   aria-label=\"Tagasi sarja juurde\"><span class='avia_iconbox_title' >Tagasi sarja juurde<\/span><\/a><\/div><\/p>\n<\/div><\/div><\/div>\n","protected":false},"excerpt":{"rendered":"","protected":false},"author":2,"featured_media":0,"parent":0,"menu_order":0,"comment_status":"closed","ping_status":"closed","template":"","meta":{"footnotes":""},"class_list":["post-14433","page","type-page","status-publish","hentry"],"yoast_head":"<!-- This site is optimized with the Yoast SEO plugin v27.3 - https:\/\/yoast.com\/product\/yoast-seo-wordpress\/ -->\n<title>Noorendav n\u00e4omask | Muse Red Mask<\/title>\n<meta name=\"description\" content=\"Eksosoomidega noorendav n\u00e4omask. Aitab parandada naha elastsust, v\u00e4hendada kortsude n\u00e4htavust ja toetada naha taastumist.\" \/>\n<meta name=\"robots\" content=\"index, follow, max-snippet:-1, max-image-preview:large, max-video-preview:-1\" \/>\n<link rel=\"canonical\" href=\"https:\/\/christinakosmeetika.ee\/et\/vananemisvastane-naomask-muse\/\" \/>\n<meta property=\"og:locale\" content=\"et_EE\" \/>\n<meta property=\"og:type\" content=\"article\" \/>\n<meta property=\"og:title\" content=\"Noorendav n\u00e4omask | Muse Red Mask\" \/>\n<meta property=\"og:description\" content=\"Eksosoomidega noorendav n\u00e4omask. Aitab parandada naha elastsust, v\u00e4hendada kortsude n\u00e4htavust ja toetada naha taastumist.\" \/>\n<meta property=\"og:url\" content=\"https:\/\/christinakosmeetika.ee\/et\/vananemisvastane-naomask-muse\/\" \/>\n<meta property=\"og:site_name\" content=\"Christinakosmeetika\" \/>\n<meta property=\"article:modified_time\" content=\"2026-03-31T03:55:02+00:00\" \/>\n<meta name=\"twitter:card\" content=\"summary_large_image\" \/>\n<meta name=\"twitter:label1\" content=\"Est. reading time\" \/>\n\t<meta name=\"twitter:data1\" content=\"4 minutit\" \/>\n<script type=\"application\/ld+json\" class=\"yoast-schema-graph\">{\"@context\":\"https:\\\/\\\/schema.org\",\"@graph\":[{\"@type\":\"WebPage\",\"@id\":\"https:\\\/\\\/christinakosmeetika.ee\\\/et\\\/vananemisvastane-naomask-muse\\\/\",\"url\":\"https:\\\/\\\/christinakosmeetika.ee\\\/et\\\/vananemisvastane-naomask-muse\\\/\",\"name\":\"Noorendav n\u00e4omask | Muse Red Mask\",\"isPartOf\":{\"@id\":\"https:\\\/\\\/christinakosmeetika.ee\\\/#website\"},\"datePublished\":\"2026-03-29T17:04:53+00:00\",\"dateModified\":\"2026-03-31T03:55:02+00:00\",\"description\":\"Eksosoomidega noorendav n\u00e4omask. Aitab parandada naha elastsust, v\u00e4hendada kortsude n\u00e4htavust ja toetada naha taastumist.\",\"breadcrumb\":{\"@id\":\"https:\\\/\\\/christinakosmeetika.ee\\\/et\\\/vananemisvastane-naomask-muse\\\/#breadcrumb\"},\"inLanguage\":\"et\",\"potentialAction\":[{\"@type\":\"ReadAction\",\"target\":[\"https:\\\/\\\/christinakosmeetika.ee\\\/et\\\/vananemisvastane-naomask-muse\\\/\"]}]},{\"@type\":\"BreadcrumbList\",\"@id\":\"https:\\\/\\\/christinakosmeetika.ee\\\/et\\\/vananemisvastane-naomask-muse\\\/#breadcrumb\",\"itemListElement\":[{\"@type\":\"ListItem\",\"position\":1,\"name\":\"\u0413\u043b\u0430\u0432\u043d\u0430\u044f \u0441\u0442\u0440\u0430\u043d\u0438\u0446\u0430\",\"item\":\"https:\\\/\\\/christinakosmeetika.ee\\\/et\\\/\"},{\"@type\":\"ListItem\",\"position\":2,\"name\":\"Noorendav n\u00e4omask | Muse Red Mask\"}]},{\"@type\":\"WebSite\",\"@id\":\"https:\\\/\\\/christinakosmeetika.ee\\\/#website\",\"url\":\"https:\\\/\\\/christinakosmeetika.ee\\\/\",\"name\":\"Christinakosmeetika\",\"description\":\"Christina kosmeetika Eestis\",\"alternateName\":\"Christina kosmeetika Eestis\",\"potentialAction\":[{\"@type\":\"SearchAction\",\"target\":{\"@type\":\"EntryPoint\",\"urlTemplate\":\"https:\\\/\\\/christinakosmeetika.ee\\\/?s={search_term_string}\"},\"query-input\":{\"@type\":\"PropertyValueSpecification\",\"valueRequired\":true,\"valueName\":\"search_term_string\"}}],\"inLanguage\":\"et\"}]}<\/script>\n<!-- \/ Yoast SEO plugin. -->","yoast_head_json":{"title":"Noorendav n\u00e4omask | Muse Red Mask","description":"Eksosoomidega noorendav n\u00e4omask. Aitab parandada naha elastsust, v\u00e4hendada kortsude n\u00e4htavust ja toetada naha taastumist.","robots":{"index":"index","follow":"follow","max-snippet":"max-snippet:-1","max-image-preview":"max-image-preview:large","max-video-preview":"max-video-preview:-1"},"canonical":"https:\/\/christinakosmeetika.ee\/et\/vananemisvastane-naomask-muse\/","og_locale":"et_EE","og_type":"article","og_title":"Noorendav n\u00e4omask | Muse Red Mask","og_description":"Eksosoomidega noorendav n\u00e4omask. Aitab parandada naha elastsust, v\u00e4hendada kortsude n\u00e4htavust ja toetada naha taastumist.","og_url":"https:\/\/christinakosmeetika.ee\/et\/vananemisvastane-naomask-muse\/","og_site_name":"Christinakosmeetika","article_modified_time":"2026-03-31T03:55:02+00:00","twitter_card":"summary_large_image","twitter_misc":{"Est. reading time":"4 minutit"},"schema":{"@context":"https:\/\/schema.org","@graph":[{"@type":"WebPage","@id":"https:\/\/christinakosmeetika.ee\/et\/vananemisvastane-naomask-muse\/","url":"https:\/\/christinakosmeetika.ee\/et\/vananemisvastane-naomask-muse\/","name":"Noorendav n\u00e4omask | Muse Red Mask","isPartOf":{"@id":"https:\/\/christinakosmeetika.ee\/#website"},"datePublished":"2026-03-29T17:04:53+00:00","dateModified":"2026-03-31T03:55:02+00:00","description":"Eksosoomidega noorendav n\u00e4omask. Aitab parandada naha elastsust, v\u00e4hendada kortsude n\u00e4htavust ja toetada naha taastumist.","breadcrumb":{"@id":"https:\/\/christinakosmeetika.ee\/et\/vananemisvastane-naomask-muse\/#breadcrumb"},"inLanguage":"et","potentialAction":[{"@type":"ReadAction","target":["https:\/\/christinakosmeetika.ee\/et\/vananemisvastane-naomask-muse\/"]}]},{"@type":"BreadcrumbList","@id":"https:\/\/christinakosmeetika.ee\/et\/vananemisvastane-naomask-muse\/#breadcrumb","itemListElement":[{"@type":"ListItem","position":1,"name":"\u0413\u043b\u0430\u0432\u043d\u0430\u044f \u0441\u0442\u0440\u0430\u043d\u0438\u0446\u0430","item":"https:\/\/christinakosmeetika.ee\/et\/"},{"@type":"ListItem","position":2,"name":"Noorendav n\u00e4omask | Muse Red Mask"}]},{"@type":"WebSite","@id":"https:\/\/christinakosmeetika.ee\/#website","url":"https:\/\/christinakosmeetika.ee\/","name":"Christinakosmeetika","description":"Christina kosmeetika Eestis","alternateName":"Christina kosmeetika Eestis","potentialAction":[{"@type":"SearchAction","target":{"@type":"EntryPoint","urlTemplate":"https:\/\/christinakosmeetika.ee\/?s={search_term_string}"},"query-input":{"@type":"PropertyValueSpecification","valueRequired":true,"valueName":"search_term_string"}}],"inLanguage":"et"}]}},"_links":{"self":[{"href":"https:\/\/christinakosmeetika.ee\/et\/wp-json\/wp\/v2\/pages\/14433","targetHints":{"allow":["GET"]}}],"collection":[{"href":"https:\/\/christinakosmeetika.ee\/et\/wp-json\/wp\/v2\/pages"}],"about":[{"href":"https:\/\/christinakosmeetika.ee\/et\/wp-json\/wp\/v2\/types\/page"}],"author":[{"embeddable":true,"href":"https:\/\/christinakosmeetika.ee\/et\/wp-json\/wp\/v2\/users\/2"}],"replies":[{"embeddable":true,"href":"https:\/\/christinakosmeetika.ee\/et\/wp-json\/wp\/v2\/comments?post=14433"}],"version-history":[{"count":0,"href":"https:\/\/christinakosmeetika.ee\/et\/wp-json\/wp\/v2\/pages\/14433\/revisions"}],"wp:attachment":[{"href":"https:\/\/christinakosmeetika.ee\/et\/wp-json\/wp\/v2\/media?parent=14433"}],"curies":[{"name":"wp","href":"https:\/\/api.w.org\/{rel}","templated":true}]}}