{"id":14338,"date":"2026-03-29T18:19:26","date_gmt":"2026-03-29T15:19:26","guid":{"rendered":"https:\/\/christinakosmeetika.ee\/syvorotka-ot-morshchin\/"},"modified":"2026-03-30T20:46:48","modified_gmt":"2026-03-30T17:46:48","slug":"syvorotka-ot-morshchin","status":"publish","type":"page","link":"https:\/\/christinakosmeetika.ee\/et\/syvorotka-ot-morshchin\/","title":{"rendered":"Seerum n\u00e4onaha pinguldamiseks | Muse Bio-Tight Serum"},"content":{"rendered":"<div id='av-layout-grid-1'  class='av-layout-grid-container av-1t4cqku-38f8388ca65c29cdbdfcf849ed51df7c entry-content-wrapper main_color av-flex-cells  avia-builder-el-0  avia-builder-el-no-sibling   container_wrap sidebar_right'  >\n\n<style type=\"text\/css\" data-created_by=\"avia_inline_auto\" id=\"style-css-av-11g8ecu-f221d7df038b607363d4c4913277ac56\">\n.flex_cell.av-11g8ecu-f221d7df038b607363d4c4913277ac56{\nvertical-align:top;\n}\n<\/style>\n<div class='flex_cell av-11g8ecu-f221d7df038b607363d4c4913277ac56 av-gridrow-cell av_one_half no_margin  avia-builder-el-1  el_before_av_cell_one_half  avia-builder-el-first  content-align-top'  ><div class='flex_cell_inner'>\n<style type=\"text\/css\" data-created_by=\"avia_inline_auto\" id=\"style-css-av-mnbmdwme-fa22d3d05d1bbad6562f9c7fca31f97c\">\n.avia-image-container.av-mnbmdwme-fa22d3d05d1bbad6562f9c7fca31f97c img.avia_image{\nbox-shadow:none;\n}\n.avia-image-container.av-mnbmdwme-fa22d3d05d1bbad6562f9c7fca31f97c .av-image-caption-overlay-center{\ncolor:#ffffff;\n}\n<\/style>\n<div  class='avia-image-container av-mnbmdwme-fa22d3d05d1bbad6562f9c7fca31f97c av-styling- avia-align-center  avia-builder-el-2  avia-builder-el-no-sibling '   itemprop=\"image\" itemscope=\"itemscope\" itemtype=\"https:\/\/schema.org\/ImageObject\" ><div class=\"avia-image-container-inner\"><div class=\"avia-image-overlay-wrap\"><img decoding=\"async\" fetchpriority=\"high\" class='wp-image-14280 avia-img-lazy-loading-not-14280 avia_image ' src=\"https:\/\/christinakosmeetika.ee\/wp-content\/uploads\/2026\/03\/Bio-Tight-Serum-.png\" alt='Bio Tight Serum' title='Bio Tight Serum'  height=\"1024\" width=\"1024\"  itemprop=\"thumbnailUrl\" srcset=\"https:\/\/christinakosmeetika.ee\/wp-content\/uploads\/2026\/03\/Bio-Tight-Serum-.png 1024w, https:\/\/christinakosmeetika.ee\/wp-content\/uploads\/2026\/03\/Bio-Tight-Serum--300x300.png 300w, https:\/\/christinakosmeetika.ee\/wp-content\/uploads\/2026\/03\/Bio-Tight-Serum--80x80.png 80w, https:\/\/christinakosmeetika.ee\/wp-content\/uploads\/2026\/03\/Bio-Tight-Serum--768x768.png 768w, https:\/\/christinakosmeetika.ee\/wp-content\/uploads\/2026\/03\/Bio-Tight-Serum--36x36.png 36w, https:\/\/christinakosmeetika.ee\/wp-content\/uploads\/2026\/03\/Bio-Tight-Serum--180x180.png 180w, https:\/\/christinakosmeetika.ee\/wp-content\/uploads\/2026\/03\/Bio-Tight-Serum--705x705.png 705w, https:\/\/christinakosmeetika.ee\/wp-content\/uploads\/2026\/03\/Bio-Tight-Serum--120x120.png 120w, https:\/\/christinakosmeetika.ee\/wp-content\/uploads\/2026\/03\/Bio-Tight-Serum--450x450.png 450w, https:\/\/christinakosmeetika.ee\/wp-content\/uploads\/2026\/03\/Bio-Tight-Serum--600x600.png 600w, https:\/\/christinakosmeetika.ee\/wp-content\/uploads\/2026\/03\/Bio-Tight-Serum--100x100.png 100w\" sizes=\"(max-width: 1024px) 100vw, 1024px\" \/><\/div><\/div><\/div>\n<\/div><\/div>\n<style type=\"text\/css\" data-created_by=\"avia_inline_auto\" id=\"style-css-av-2o1ium-964552889a8b44003da5afa84d9c90a6\">\n.flex_cell.av-2o1ium-964552889a8b44003da5afa84d9c90a6{\nvertical-align:top;\n}\n<\/style>\n<div class='flex_cell av-2o1ium-964552889a8b44003da5afa84d9c90a6 av-gridrow-cell av_one_half no_margin  avia-builder-el-3  el_after_av_cell_one_half  avia-builder-el-last  content-align-top'  ><div class='flex_cell_inner'><section  class='av_textblock_section av-mnbmhfu3-412e58ad703bb8b25698366011974ea8 '   itemscope=\"itemscope\" itemtype=\"https:\/\/schema.org\/CreativeWork\" ><div class='avia_textblock'  itemprop=\"text\" ><h2 data-section-id=\"r876s2\" data-start=\"133\" data-end=\"237\">Kohese ja kumulatiivse pinguldava toimega kortsudevastane seerum Christina uuest eksosoomsarjast Muse<\/h2>\n<p data-start=\"239\" data-end=\"457\">Kui nahk kaotab elastsuse, muutub see \u00fcsna kiiresti m\u00e4rgatavaks. Kortsud paistavad tugevamalt v\u00e4lja, n\u00e4okontuur ei ole enam nii selge ning tavap\u00e4rane hooldus ei anna enam seda tulemust, mis varem tundus t\u00e4iesti piisav.<\/p>\n<p data-start=\"459\" data-end=\"742\">Sellisel hetkel ei vaja nahk lihtsalt j\u00e4rjekordset kreemi, vaid t\u00f5husamat hooldust. Just selleks ongi loodud kortsudevastane seerum Muse Bio-Tight Serum \u2014 toode v\u00e4ljendunud pinguldava toimega, mis \u00fchendab kiire n\u00e4htava efekti ja regulaarsel kasutamisel tekkiva kumulatiivse tulemuse.<\/p>\n<h2 data-section-id=\"bj5ket\" data-start=\"744\" data-end=\"811\">Muse Bio-Tight Serum \u2014 kahekordse toimega kortsudevastane seerum<\/h2>\n<p data-start=\"813\" data-end=\"958\">Muse Bio-Tight Serum on professionaalne Christina seerum, mis on loodud nahale, mis vajab nii kiiret n\u00e4htavat tulemust kui ka pikemaajalist tuge.<\/p>\n<p data-start=\"960\" data-end=\"992\">See toimib korraga kahes suunas:<\/p>\n<p data-start=\"994\" data-end=\"1154\">\u2022 annab juba p\u00e4rast pealekandmist silema ja pinguldatuma naha tunde<br data-start=\"1061\" data-end=\"1064\" \/>\u2022 aitab regulaarsel kasutamisel s\u00e4ilitada naha tugevust, elastsust ja hoolitsetud v\u00e4limust<\/p>\n<p data-start=\"1156\" data-end=\"1397\">Just seet\u00f5ttu sobib see kortsudevastane seerum mitte ainult igap\u00e4evaseks vananemisvastaseks hoolduseks, vaid ka kiirabivahendina olukorras, kus soovid enne v\u00e4ljaminekut naha kiiresti v\u00e4rskema, pinguldatu ja kompaktsema v\u00e4ljan\u00e4gemisega muuta.<\/p>\n<h2 data-section-id=\"13a8zbw\" data-start=\"1399\" data-end=\"1441\">Mis teeb selle seerumi eriti huvitavaks<\/h2>\n<p data-start=\"1443\" data-end=\"1507\">Muse Bio-Tight Serum \u00fchendab endas korraga mitu tugevat omadust:<\/p>\n<p data-start=\"1509\" data-end=\"1769\">\u2022 v\u00e4ljendunud pinguldav toime<br data-start=\"1538\" data-end=\"1541\" \/>\u2022 naha kiire n\u00e4htav silenemine<br data-start=\"1571\" data-end=\"1574\" \/>\u2022 kumulatiivne toime regulaarsel kasutamisel<br data-start=\"1618\" data-end=\"1621\" \/>\u2022 kuulumine uude kaasaegsesse eksosoomsarja Muse<br data-start=\"1669\" data-end=\"1672\" \/>\u2022 mugav formaat nii igap\u00e4evaseks kasutamiseks kui ka kiire efekti saavutamiseks enne v\u00e4ljaminekut<\/p>\n<p data-start=\"1771\" data-end=\"1920\">Just selline kooslus muudab selle toote eriti mugavaks neile, kes soovivad n\u00e4ha tulemust mitte ainult aja jooksul, vaid ka kohe p\u00e4rast pealekandmist.<\/p>\n<h2 data-section-id=\"4f96sa\" data-start=\"1922\" data-end=\"1959\">Kuidas Muse Bio-Tight Serum t\u00f6\u00f6tab<\/h2>\n<p data-start=\"1961\" data-end=\"2116\">Selle vananemisvastase n\u00e4oseerumi koostis on \u00fcles ehitatud nii, et nahk saaks nii kohese kosmeetilise efekti kui ka s\u00fcgavamat tuge regulaarsel kasutamisel.<\/p>\n<p data-start=\"2118\" data-end=\"2228\">Seritsiin aitab naha pinda kiiresti siluda ja pehmendada, luues tunde hoolitsetumast ja pinguldatumast nahast.<\/p>\n<p data-start=\"2230\" data-end=\"2351\">H\u00fcdrol\u00fc\u00fcsitud siid toetab naha mugavustunnet, parandab selle seisundit ning muudab tekstuuri meeldivamaks ja \u00fchtlasemaks.<\/p>\n<p data-start=\"2353\" data-end=\"2463\">Naha tugevuse ja elastsuse heaks t\u00f6\u00f6tavad komponendid aitavad muuta naha visuaalselt tihedamaks ja pringimaks.<\/p>\n<p data-start=\"2465\" data-end=\"2578\">Atset\u00fc\u00fclheksapeptiid-8 aitab v\u00e4hendada kortsude n\u00e4htavust ning muudab naha visuaalselt siledamaks ja \u00fchtlasemaks.<\/p>\n<p data-start=\"2580\" data-end=\"2702\">Kinoaekstrakt ja algiin annavad t\u00e4iendava pinguldava efekti, t\u00e4nu millele n\u00e4gu n\u00e4eb v\u00e4lja v\u00e4rskem, siledam ja hoolitsetum.<\/p>\n<h2 data-section-id=\"2p14kn\" data-start=\"2704\" data-end=\"2765\">Miks seda seerumit on mugav kasutada igap\u00e4evases hoolduses<\/h2>\n<p data-start=\"2767\" data-end=\"2846\">Muse Bio-Tight Serum imendub kiiresti ja sobib h\u00e4sti regulaarseks kasutamiseks.<\/p>\n<p data-start=\"2848\" data-end=\"2871\">Seda on mugav kasutada:<\/p>\n<p data-start=\"2873\" data-end=\"3000\">\u2022 hommikul enne kreemi<br data-start=\"2895\" data-end=\"2898\" \/>\u2022 \u00f5htul vananemisvastase hoolduse osana<br data-start=\"2937\" data-end=\"2940\" \/>\u2022 enne v\u00e4ljaminekut, kui on vaja kiiremat pinguldavat efekti<\/p>\n<p data-start=\"3002\" data-end=\"3171\">Selline formaat teeb tootest universaalse lahenduse: see on \u00fchtaegu nii t\u00e4isv\u00e4\u00e4rtuslik kortsudevastane seerum kui ka mugav vahend naha kiireks n\u00e4htavaks v\u00e4rskendamiseks.<\/p>\n<h2 data-section-id=\"1b08p65\" data-start=\"3173\" data-end=\"3194\">Kasutamise tulemus<\/h2>\n<p data-start=\"3196\" data-end=\"3377\">Regulaarsel kasutamisel n\u00e4eb nahk v\u00e4lja pinguldatum, siledam ja elastsem. Kortsud muutuvad v\u00e4hem m\u00e4rgatavaks, n\u00e4o \u00fcldine v\u00e4limus paraneb ning nahk n\u00e4eb v\u00e4lja v\u00e4rskem ja hoolitsetum.<\/p>\n<h2 data-start=\"142\" data-end=\"258\"><a style=\"font-size: 16px;\" href=\"https:\/\/christinakosmeetika.ee\/et\/toode\/muse-bio-tight-serum-30ml-chr339\/\">Osta Muse Bio-Tight Serum<\/a><\/h2>\n<p data-start=\"5048\" data-end=\"5143\">\n<\/div><\/section><br \/>\n<div  class='avia-button-wrap avia-button-center  avia-builder-el-5  el_after_av_textblock  el_before_av_button '>\n<style type=\"text\/css\" data-created_by=\"avia_inline_auto\" id=\"style-css-av-mnbv6bb2-5b14e7b77b6912135dc55dd81105d120\">\n#top #wrap_all .avia-button.av-mnbv6bb2-5b14e7b77b6912135dc55dd81105d120:hover{\ncolor:white;\ntransition:all 0.4s ease-in-out;\n}\n#top #wrap_all .avia-button.av-mnbv6bb2-5b14e7b77b6912135dc55dd81105d120:hover .avia-svg-icon svg:first-child{\nfill:white;\nstroke:white;\n}\n<\/style>\n<a href='https:\/\/christinakosmeetika.ee\/et\/toode\/muse-bio-tight-serum-30ml-chr339\/' class='avia-color-theme-color avia-font-color-theme-color avia-button avia-button-fullwidth av-mnbv6bb2-5b14e7b77b6912135dc55dd81105d120 avia-icon_select-no avia-color-theme-color'   aria-label=\"Osta\"><span class='avia_iconbox_title' >Osta<\/span><span class='avia_button_background avia-button avia-button-fullwidth avia-color-theme-color-highlight'><\/span><\/a><\/div><br \/>\n<div  class='avia-button-wrap av-mnbv884d-963e40760a53b1df0f73f4d5345ced3b-wrap avia-button-center  avia-builder-el-6  el_after_av_button_big  avia-builder-el-no-sibling '><a href='https:\/\/christinakosmeetika.ee\/shop\/?filter_linii-kosmetiki=muse'  class='avia-button av-mnbv884d-963e40760a53b1df0f73f4d5345ced3b av-link-btn avia-icon_select-no avia-size-small avia-position-center avia-color-theme-color'   aria-label=\"Tagasi sarja juurde\"><span class='avia_iconbox_title' >Tagasi sarja juurde<\/span><\/a><\/div><\/p>\n<\/div><\/div><\/div>\n","protected":false},"excerpt":{"rendered":"","protected":false},"author":2,"featured_media":0,"parent":0,"menu_order":0,"comment_status":"closed","ping_status":"closed","template":"","meta":{"footnotes":""},"class_list":["post-14338","page","type-page","status-publish","hentry"],"yoast_head":"<!-- This site is optimized with the Yoast SEO plugin v27.3 - https:\/\/yoast.com\/product\/yoast-seo-wordpress\/ -->\n<title>Kortsudevastane seerum | Muse Bio-Tight Serum<\/title>\n<meta name=\"description\" content=\"Pinguldava toimega kortsudevastane seerum. Aitab parandada naha elastsust ja muuta kortsud v\u00e4hem m\u00e4rgatavaks.\" \/>\n<meta name=\"robots\" content=\"index, follow, max-snippet:-1, max-image-preview:large, max-video-preview:-1\" \/>\n<link rel=\"canonical\" href=\"https:\/\/christinakosmeetika.ee\/et\/syvorotka-ot-morshchin\/\" \/>\n<meta property=\"og:locale\" content=\"et_EE\" \/>\n<meta property=\"og:type\" content=\"article\" \/>\n<meta property=\"og:title\" content=\"Kortsudevastane seerum | Muse Bio-Tight Serum\" \/>\n<meta property=\"og:description\" content=\"Pinguldava toimega kortsudevastane seerum. Aitab parandada naha elastsust ja muuta kortsud v\u00e4hem m\u00e4rgatavaks.\" \/>\n<meta property=\"og:url\" content=\"https:\/\/christinakosmeetika.ee\/et\/syvorotka-ot-morshchin\/\" \/>\n<meta property=\"og:site_name\" content=\"Christinakosmeetika\" \/>\n<meta property=\"article:modified_time\" content=\"2026-03-30T17:46:48+00:00\" \/>\n<meta name=\"twitter:card\" content=\"summary_large_image\" \/>\n<meta name=\"twitter:label1\" content=\"Est. reading time\" \/>\n\t<meta name=\"twitter:data1\" content=\"3 minutit\" \/>\n<script type=\"application\/ld+json\" class=\"yoast-schema-graph\">{\"@context\":\"https:\\\/\\\/schema.org\",\"@graph\":[{\"@type\":\"WebPage\",\"@id\":\"https:\\\/\\\/christinakosmeetika.ee\\\/et\\\/syvorotka-ot-morshchin\\\/\",\"url\":\"https:\\\/\\\/christinakosmeetika.ee\\\/et\\\/syvorotka-ot-morshchin\\\/\",\"name\":\"Kortsudevastane seerum | Muse Bio-Tight Serum\",\"isPartOf\":{\"@id\":\"https:\\\/\\\/christinakosmeetika.ee\\\/#website\"},\"datePublished\":\"2026-03-29T15:19:26+00:00\",\"dateModified\":\"2026-03-30T17:46:48+00:00\",\"description\":\"Pinguldava toimega kortsudevastane seerum. Aitab parandada naha elastsust ja muuta kortsud v\u00e4hem m\u00e4rgatavaks.\",\"breadcrumb\":{\"@id\":\"https:\\\/\\\/christinakosmeetika.ee\\\/et\\\/syvorotka-ot-morshchin\\\/#breadcrumb\"},\"inLanguage\":\"et\",\"potentialAction\":[{\"@type\":\"ReadAction\",\"target\":[\"https:\\\/\\\/christinakosmeetika.ee\\\/et\\\/syvorotka-ot-morshchin\\\/\"]}]},{\"@type\":\"BreadcrumbList\",\"@id\":\"https:\\\/\\\/christinakosmeetika.ee\\\/et\\\/syvorotka-ot-morshchin\\\/#breadcrumb\",\"itemListElement\":[{\"@type\":\"ListItem\",\"position\":1,\"name\":\"\u0413\u043b\u0430\u0432\u043d\u0430\u044f \u0441\u0442\u0440\u0430\u043d\u0438\u0446\u0430\",\"item\":\"https:\\\/\\\/christinakosmeetika.ee\\\/et\\\/\"},{\"@type\":\"ListItem\",\"position\":2,\"name\":\"Seerum n\u00e4onaha pinguldamiseks | Muse Bio-Tight Serum\"}]},{\"@type\":\"WebSite\",\"@id\":\"https:\\\/\\\/christinakosmeetika.ee\\\/#website\",\"url\":\"https:\\\/\\\/christinakosmeetika.ee\\\/\",\"name\":\"Christinakosmeetika\",\"description\":\"Christina kosmeetika Eestis\",\"alternateName\":\"Christina kosmeetika Eestis\",\"potentialAction\":[{\"@type\":\"SearchAction\",\"target\":{\"@type\":\"EntryPoint\",\"urlTemplate\":\"https:\\\/\\\/christinakosmeetika.ee\\\/?s={search_term_string}\"},\"query-input\":{\"@type\":\"PropertyValueSpecification\",\"valueRequired\":true,\"valueName\":\"search_term_string\"}}],\"inLanguage\":\"et\"}]}<\/script>\n<!-- \/ Yoast SEO plugin. -->","yoast_head_json":{"title":"Kortsudevastane seerum | Muse Bio-Tight Serum","description":"Pinguldava toimega kortsudevastane seerum. Aitab parandada naha elastsust ja muuta kortsud v\u00e4hem m\u00e4rgatavaks.","robots":{"index":"index","follow":"follow","max-snippet":"max-snippet:-1","max-image-preview":"max-image-preview:large","max-video-preview":"max-video-preview:-1"},"canonical":"https:\/\/christinakosmeetika.ee\/et\/syvorotka-ot-morshchin\/","og_locale":"et_EE","og_type":"article","og_title":"Kortsudevastane seerum | Muse Bio-Tight Serum","og_description":"Pinguldava toimega kortsudevastane seerum. Aitab parandada naha elastsust ja muuta kortsud v\u00e4hem m\u00e4rgatavaks.","og_url":"https:\/\/christinakosmeetika.ee\/et\/syvorotka-ot-morshchin\/","og_site_name":"Christinakosmeetika","article_modified_time":"2026-03-30T17:46:48+00:00","twitter_card":"summary_large_image","twitter_misc":{"Est. reading time":"3 minutit"},"schema":{"@context":"https:\/\/schema.org","@graph":[{"@type":"WebPage","@id":"https:\/\/christinakosmeetika.ee\/et\/syvorotka-ot-morshchin\/","url":"https:\/\/christinakosmeetika.ee\/et\/syvorotka-ot-morshchin\/","name":"Kortsudevastane seerum | Muse Bio-Tight Serum","isPartOf":{"@id":"https:\/\/christinakosmeetika.ee\/#website"},"datePublished":"2026-03-29T15:19:26+00:00","dateModified":"2026-03-30T17:46:48+00:00","description":"Pinguldava toimega kortsudevastane seerum. Aitab parandada naha elastsust ja muuta kortsud v\u00e4hem m\u00e4rgatavaks.","breadcrumb":{"@id":"https:\/\/christinakosmeetika.ee\/et\/syvorotka-ot-morshchin\/#breadcrumb"},"inLanguage":"et","potentialAction":[{"@type":"ReadAction","target":["https:\/\/christinakosmeetika.ee\/et\/syvorotka-ot-morshchin\/"]}]},{"@type":"BreadcrumbList","@id":"https:\/\/christinakosmeetika.ee\/et\/syvorotka-ot-morshchin\/#breadcrumb","itemListElement":[{"@type":"ListItem","position":1,"name":"\u0413\u043b\u0430\u0432\u043d\u0430\u044f \u0441\u0442\u0440\u0430\u043d\u0438\u0446\u0430","item":"https:\/\/christinakosmeetika.ee\/et\/"},{"@type":"ListItem","position":2,"name":"Seerum n\u00e4onaha pinguldamiseks | Muse Bio-Tight Serum"}]},{"@type":"WebSite","@id":"https:\/\/christinakosmeetika.ee\/#website","url":"https:\/\/christinakosmeetika.ee\/","name":"Christinakosmeetika","description":"Christina kosmeetika Eestis","alternateName":"Christina kosmeetika Eestis","potentialAction":[{"@type":"SearchAction","target":{"@type":"EntryPoint","urlTemplate":"https:\/\/christinakosmeetika.ee\/?s={search_term_string}"},"query-input":{"@type":"PropertyValueSpecification","valueRequired":true,"valueName":"search_term_string"}}],"inLanguage":"et"}]}},"_links":{"self":[{"href":"https:\/\/christinakosmeetika.ee\/et\/wp-json\/wp\/v2\/pages\/14338","targetHints":{"allow":["GET"]}}],"collection":[{"href":"https:\/\/christinakosmeetika.ee\/et\/wp-json\/wp\/v2\/pages"}],"about":[{"href":"https:\/\/christinakosmeetika.ee\/et\/wp-json\/wp\/v2\/types\/page"}],"author":[{"embeddable":true,"href":"https:\/\/christinakosmeetika.ee\/et\/wp-json\/wp\/v2\/users\/2"}],"replies":[{"embeddable":true,"href":"https:\/\/christinakosmeetika.ee\/et\/wp-json\/wp\/v2\/comments?post=14338"}],"version-history":[{"count":0,"href":"https:\/\/christinakosmeetika.ee\/et\/wp-json\/wp\/v2\/pages\/14338\/revisions"}],"wp:attachment":[{"href":"https:\/\/christinakosmeetika.ee\/et\/wp-json\/wp\/v2\/media?parent=14338"}],"curies":[{"name":"wp","href":"https:\/\/api.w.org\/{rel}","templated":true}]}}