{"id":14294,"date":"2026-03-29T11:47:34","date_gmt":"2026-03-29T08:47:34","guid":{"rendered":"https:\/\/christinakosmeetika.ee\/syvorotka-dlya-uprugosti-kozhi-lica\/"},"modified":"2026-03-31T05:16:09","modified_gmt":"2026-03-31T02:16:09","slug":"naonaha-elastsus-seerum","status":"publish","type":"page","link":"https:\/\/christinakosmeetika.ee\/et\/naonaha-elastsus-seerum\/","title":{"rendered":"Seerum n\u00e4onaha elastsuse parandamiseks \u2014 kuidas v\u00e4hendada kortse"},"content":{"rendered":"<div id='av-layout-grid-1'  class='av-layout-grid-container av-1l5mdmr-6dbdab94659fea5c68813d4d61bb495d entry-content-wrapper main_color av-flex-cells  avia-builder-el-0  avia-builder-el-no-sibling   container_wrap sidebar_right'  >\n<div class='flex_cell av-zbdc5f-4a180cab419ffcc80763ca06bca99bf1 av-gridrow-cell av_one_half no_margin  avia-builder-el-1  el_before_av_cell_one_half  avia-builder-el-first '  ><div class='flex_cell_inner'>\n<style type=\"text\/css\" data-created_by=\"avia_inline_auto\" id=\"style-css-av-mnbfdp9q-8d48278ed6b76171099039323f786f80\">\n.avia-image-container.av-mnbfdp9q-8d48278ed6b76171099039323f786f80 img.avia_image{\nbox-shadow:none;\n}\n.avia-image-container.av-mnbfdp9q-8d48278ed6b76171099039323f786f80 .av-image-caption-overlay-center{\ncolor:#ffffff;\n}\n<\/style>\n<div  class='avia-image-container av-mnbfdp9q-8d48278ed6b76171099039323f786f80 av-styling- avia-align-center  avia-builder-el-2  avia-builder-el-no-sibling '   itemprop=\"image\" itemscope=\"itemscope\" itemtype=\"https:\/\/schema.org\/ImageObject\" ><div class=\"avia-image-container-inner\"><div class=\"avia-image-overlay-wrap\"><img decoding=\"async\" fetchpriority=\"high\" class='wp-image-14272 avia-img-lazy-loading-not-14272 avia_image ' src=\"https:\/\/christinakosmeetika.ee\/wp-content\/uploads\/2026\/03\/Absolute-Longevity-.png\" alt='Absolute Longevity' title='Absolute Longevity'  height=\"1024\" width=\"1024\"  itemprop=\"thumbnailUrl\" srcset=\"https:\/\/christinakosmeetika.ee\/wp-content\/uploads\/2026\/03\/Absolute-Longevity-.png 1024w, https:\/\/christinakosmeetika.ee\/wp-content\/uploads\/2026\/03\/Absolute-Longevity--300x300.png 300w, https:\/\/christinakosmeetika.ee\/wp-content\/uploads\/2026\/03\/Absolute-Longevity--80x80.png 80w, https:\/\/christinakosmeetika.ee\/wp-content\/uploads\/2026\/03\/Absolute-Longevity--768x768.png 768w, https:\/\/christinakosmeetika.ee\/wp-content\/uploads\/2026\/03\/Absolute-Longevity--36x36.png 36w, https:\/\/christinakosmeetika.ee\/wp-content\/uploads\/2026\/03\/Absolute-Longevity--180x180.png 180w, https:\/\/christinakosmeetika.ee\/wp-content\/uploads\/2026\/03\/Absolute-Longevity--705x705.png 705w, https:\/\/christinakosmeetika.ee\/wp-content\/uploads\/2026\/03\/Absolute-Longevity--120x120.png 120w, https:\/\/christinakosmeetika.ee\/wp-content\/uploads\/2026\/03\/Absolute-Longevity--450x450.png 450w, https:\/\/christinakosmeetika.ee\/wp-content\/uploads\/2026\/03\/Absolute-Longevity--600x600.png 600w, https:\/\/christinakosmeetika.ee\/wp-content\/uploads\/2026\/03\/Absolute-Longevity--100x100.png 100w\" sizes=\"(max-width: 1024px) 100vw, 1024px\" \/><\/div><\/div><\/div>\n<\/div><\/div><div class='flex_cell av-j8dacj-2e8605b642f3035d23165fa6b10b8869 av-gridrow-cell av_one_half no_margin  avia-builder-el-3  el_after_av_cell_one_half  avia-builder-el-last '  ><div class='flex_cell_inner'><section  class='av_textblock_section av-mnbgwijb-4058df1f3d0dbcd5adf255d39fae609e '   itemscope=\"itemscope\" itemtype=\"https:\/\/schema.org\/CreativeWork\" ><div class='avia_textblock'  itemprop=\"text\" ><h2>Seerum n\u00e4onaha elastsuse parandamiseks \u2014 kuidas v\u00e4hendada kortse ja s\u00e4ilitada nooruslik v\u00e4limus<\/h2>\n<p>Kui nahk hakkab elastsust kaotama, muutub see \u00fcsna kiiresti m\u00e4rgatavaks.<br \/>Tekivad kortsud, n\u00e4okontuur muutub v\u00e4hem selgeks ja tavap\u00e4rane hooldus ei anna enam endist tulemust.<\/p>\n<p>Sellises olukorras ei piisa nahale enam ainult kreemist.<br \/>Vaja on seerumit n\u00e4onaha elastsuse parandamiseks, mis aitab taastada naha tihedust ja v\u00e4hendada kortsude n\u00e4htavust.<\/p>\n<h2>Kuidas aru saada, et nahk vajab vananemisvastast seerumit<\/h2>\n<p>Naha tiheduse v\u00e4henemine avaldub j\u00e4rk-j\u00e4rgult:<\/p>\n<p>\u2022 nahk muutub v\u00e4hem elastseks<br \/>\u2022 tekivad kortsud<br \/>\u2022 nahk n\u00e4eb v\u00e4sinud v\u00e4lja<br \/>\u2022 n\u00e4okontuur kaotab selgust<br \/>\u2022 hooldus toimib n\u00f5rgemalt<\/p>\n<p>Sellistel juhtudel on asjakohane vananemisvastane n\u00e4oseerum, mis toimib s\u00fcgavamalt kui tavaline kreem.<\/p>\n<h2>Miks tavap\u00e4rane hooldus enam tulemust ei anna<\/h2>\n<p>Kreemid toimivad peamiselt naha pinnal.<br \/>Kui naha uuenemisprotsessid aeglustuvad, vajab nahk kontsentreeritumat hooldust.<\/p>\n<p>Seep\u00e4rast kasutataksegi kortsudevastast seerumit, mis sisaldab suuremas kontsentratsioonis aktiivseid koostisosi ja annab n\u00e4htava tulemuse kiiremini.<\/p>\n<h2>Kuidas toimib kortsudevastane ja naha elastsust parandav seerum<\/h2>\n<p>Kaasaegne n\u00e4oseerum kortsude vastu ja naha elastsuse parandamiseks toimib korraga mitmes suunas:<\/p>\n<p>\u2022 stimuleerib kollageeni tootmist<br \/>\u2022 tugevdab naha struktuuri<br \/>\u2022 parandab naha tihedust ja elastsust<br \/>\u2022 v\u00e4hendab kortsude n\u00e4htavust<\/p>\n<p>Eriti t\u00f5husad on valemid, mis kasutavad aktiivsete koostisosade kohaletoimetamiseks kaasaegseid tehnoloogiaid.<\/p>\n<h2>Muse Absolute Longevity \u2014 eksosoomidega seerum naha elastsuse parandamiseks<\/h2>\n<p>Christina Muse Absolute Longevity seerum on vananemisvastane n\u00e4oseerum, mis on v\u00e4lja t\u00f6\u00f6tatud naha elastsuse parandamiseks, kortsude v\u00e4hendamiseks ja noorusliku v\u00e4limuse s\u00e4ilitamiseks.<\/p>\n<p>Valem \u00fchendab aktiivsed koostisosad ja eksosoomtehnoloogia, t\u00e4nu millele toimib seerum t\u00f5husamalt kui tavalised hooldustooted.<\/p>\n<p>Eksosoomid aitavad toimetada aktiivained otse naharakkudeni, v\u00f5imendades nende toimet.<\/p>\n<p>Selle tulemusena:<\/p>\n<p>\u2022 naha tihedus paraneb<br \/>\u2022 kortsud v\u00e4henevad<br \/>\u2022 nahk muutub siledamaks<br \/>\u2022 naha \u00fcldine v\u00e4limus paraneb<\/p>\n<h2>Seerumi aktiivne toime<\/h2>\n<p>Goji t\u00fcvirakkude eksosoomid stimuleerivad naha uuenemist ja kollageeni tootmist<br \/>Telosense Active kompleks toetab rakkude eluj\u00f5ulisust<br \/>Peptiidid tugevdavad naha struktuuri ja aitavad v\u00e4hendada kortse<br \/>Alpi roosi t\u00fcvirakud suurendavad naha vastupidavust v\u00e4listele teguritele<\/p>\n<h2>Millal tasub seerumit kasutada<\/h2>\n<p>Seerum n\u00e4onaha elastsuse parandamiseks sobib juhul, kui:<\/p>\n<p>\u2022 nahk on kaotanud tihedust<br \/>\u2022 on tekkinud kortsud<br \/>\u2022 nahk n\u00e4eb v\u00e4sinud v\u00e4lja<br \/>\u2022 hooldus ei anna enam n\u00e4htavat tulemust<br \/>\u2022 vaja on vananemisvastast toetust<\/p>\n<h2>Kasutamise tulemus<\/h2>\n<p>Regulaarsel kasutamisel:<\/p>\n<p>\u2022 nahk muutub elastsemaks<br \/>\u2022 kortsud v\u00e4henevad<br \/>\u2022 nahk n\u00e4eb siledam v\u00e4lja<br \/>\u2022 naha \u00fcldine v\u00e4limus paraneb<\/p>\n<h2 data-section-id=\"oxj1vg\" data-start=\"126\" data-end=\"208\"><a style=\"font-size: 16px;\" href=\"https:\/\/christinakosmeetika.ee\/et\/toode\/muse-absolute-longevity-serum-christina\/\">Osta Muse Absolute Longevity<\/a><\/h2>\n<\/div><\/section><br \/>\n<div  class='avia-button-wrap avia-button-center  avia-builder-el-5  el_after_av_textblock  el_before_av_button '>\n<style type=\"text\/css\" data-created_by=\"avia_inline_auto\" id=\"style-css-av-mnbilsan-dc2840519dc663bac553639304a4d8a9\">\n#top #wrap_all .avia-button.av-mnbilsan-dc2840519dc663bac553639304a4d8a9:hover{\ncolor:white;\ntransition:all 0.4s ease-in-out;\n}\n#top #wrap_all .avia-button.av-mnbilsan-dc2840519dc663bac553639304a4d8a9:hover .avia-svg-icon svg:first-child{\nfill:white;\nstroke:white;\n}\n<\/style>\n<a href='https:\/\/christinakosmeetika.ee\/et\/toode\/muse-absolute-longevity-serum-christina\/' class='avia-color-theme-color avia-font-color-theme-color avia-button avia-button-fullwidth av-mnbilsan-dc2840519dc663bac553639304a4d8a9 avia-icon_select-no avia-color-theme-color'   aria-label=\"Osta\"><span class='avia_iconbox_title' >Osta<\/span><span class='avia_button_background avia-button avia-button-fullwidth avia-color-theme-color-highlight'><\/span><\/a><\/div><br \/>\n<div  class='avia-button-wrap av-mnbin62s-b1f601048fe9eb588c4801ac5cd04235-wrap avia-button-center  avia-builder-el-6  el_after_av_button_big  avia-builder-el-no-sibling '><a href='https:\/\/christinakosmeetika.ee\/shop\/?filter_linii-kosmetiki=muse'  class='avia-button av-mnbin62s-b1f601048fe9eb588c4801ac5cd04235 av-link-btn avia-icon_select-no avia-size-small avia-position-center avia-color-theme-color'   aria-label=\"Tagasi tootesarja\"><span class='avia_iconbox_title' >Tagasi tootesarja<\/span><\/a><\/div><\/p>\n<\/div><\/div><\/div>\n","protected":false},"excerpt":{"rendered":"","protected":false},"author":2,"featured_media":0,"parent":0,"menu_order":0,"comment_status":"closed","ping_status":"closed","template":"","meta":{"footnotes":""},"class_list":["post-14294","page","type-page","status-publish","hentry"],"yoast_head":"<!-- This site is optimized with the Yoast SEO plugin v27.3 - https:\/\/yoast.com\/product\/yoast-seo-wordpress\/ -->\n<title>N\u00e4oseerum naha elastsusele | Muse Absolute<\/title>\n<meta name=\"description\" content=\"Eksosoomidega seerum n\u00e4onaha elastsuse parandamiseks. Aitab v\u00e4hendada kortse, parandab naha tihedust ning taastab sileduse ja s\u00e4ra.\" \/>\n<meta name=\"robots\" content=\"index, follow, max-snippet:-1, max-image-preview:large, max-video-preview:-1\" \/>\n<link rel=\"canonical\" href=\"https:\/\/christinakosmeetika.ee\/et\/naonaha-elastsus-seerum\/\" \/>\n<meta property=\"og:locale\" content=\"et_EE\" \/>\n<meta property=\"og:type\" content=\"article\" \/>\n<meta property=\"og:title\" content=\"N\u00e4oseerum naha elastsusele | Muse Absolute\" \/>\n<meta property=\"og:description\" content=\"Eksosoomidega seerum n\u00e4onaha elastsuse parandamiseks. Aitab v\u00e4hendada kortse, parandab naha tihedust ning taastab sileduse ja s\u00e4ra.\" \/>\n<meta property=\"og:url\" content=\"https:\/\/christinakosmeetika.ee\/et\/naonaha-elastsus-seerum\/\" \/>\n<meta property=\"og:site_name\" content=\"Christinakosmeetika\" \/>\n<meta property=\"article:modified_time\" content=\"2026-03-31T02:16:09+00:00\" \/>\n<meta name=\"twitter:card\" content=\"summary_large_image\" \/>\n<meta name=\"twitter:label1\" content=\"Est. reading time\" \/>\n\t<meta name=\"twitter:data1\" content=\"3 minutit\" \/>\n<script type=\"application\/ld+json\" class=\"yoast-schema-graph\">{\"@context\":\"https:\\\/\\\/schema.org\",\"@graph\":[{\"@type\":\"WebPage\",\"@id\":\"https:\\\/\\\/christinakosmeetika.ee\\\/et\\\/naonaha-elastsus-seerum\\\/\",\"url\":\"https:\\\/\\\/christinakosmeetika.ee\\\/et\\\/naonaha-elastsus-seerum\\\/\",\"name\":\"N\u00e4oseerum naha elastsusele | Muse Absolute\",\"isPartOf\":{\"@id\":\"https:\\\/\\\/christinakosmeetika.ee\\\/#website\"},\"datePublished\":\"2026-03-29T08:47:34+00:00\",\"dateModified\":\"2026-03-31T02:16:09+00:00\",\"description\":\"Eksosoomidega seerum n\u00e4onaha elastsuse parandamiseks. Aitab v\u00e4hendada kortse, parandab naha tihedust ning taastab sileduse ja s\u00e4ra.\",\"breadcrumb\":{\"@id\":\"https:\\\/\\\/christinakosmeetika.ee\\\/et\\\/naonaha-elastsus-seerum\\\/#breadcrumb\"},\"inLanguage\":\"et\",\"potentialAction\":[{\"@type\":\"ReadAction\",\"target\":[\"https:\\\/\\\/christinakosmeetika.ee\\\/et\\\/naonaha-elastsus-seerum\\\/\"]}]},{\"@type\":\"BreadcrumbList\",\"@id\":\"https:\\\/\\\/christinakosmeetika.ee\\\/et\\\/naonaha-elastsus-seerum\\\/#breadcrumb\",\"itemListElement\":[{\"@type\":\"ListItem\",\"position\":1,\"name\":\"\u0413\u043b\u0430\u0432\u043d\u0430\u044f \u0441\u0442\u0440\u0430\u043d\u0438\u0446\u0430\",\"item\":\"https:\\\/\\\/christinakosmeetika.ee\\\/et\\\/\"},{\"@type\":\"ListItem\",\"position\":2,\"name\":\"Seerum n\u00e4onaha elastsuse parandamiseks \u2014 kuidas v\u00e4hendada kortse\"}]},{\"@type\":\"WebSite\",\"@id\":\"https:\\\/\\\/christinakosmeetika.ee\\\/#website\",\"url\":\"https:\\\/\\\/christinakosmeetika.ee\\\/\",\"name\":\"Christinakosmeetika\",\"description\":\"Christina kosmeetika Eestis\",\"alternateName\":\"Christina kosmeetika Eestis\",\"potentialAction\":[{\"@type\":\"SearchAction\",\"target\":{\"@type\":\"EntryPoint\",\"urlTemplate\":\"https:\\\/\\\/christinakosmeetika.ee\\\/?s={search_term_string}\"},\"query-input\":{\"@type\":\"PropertyValueSpecification\",\"valueRequired\":true,\"valueName\":\"search_term_string\"}}],\"inLanguage\":\"et\"}]}<\/script>\n<!-- \/ Yoast SEO plugin. -->","yoast_head_json":{"title":"N\u00e4oseerum naha elastsusele | Muse Absolute","description":"Eksosoomidega seerum n\u00e4onaha elastsuse parandamiseks. Aitab v\u00e4hendada kortse, parandab naha tihedust ning taastab sileduse ja s\u00e4ra.","robots":{"index":"index","follow":"follow","max-snippet":"max-snippet:-1","max-image-preview":"max-image-preview:large","max-video-preview":"max-video-preview:-1"},"canonical":"https:\/\/christinakosmeetika.ee\/et\/naonaha-elastsus-seerum\/","og_locale":"et_EE","og_type":"article","og_title":"N\u00e4oseerum naha elastsusele | Muse Absolute","og_description":"Eksosoomidega seerum n\u00e4onaha elastsuse parandamiseks. Aitab v\u00e4hendada kortse, parandab naha tihedust ning taastab sileduse ja s\u00e4ra.","og_url":"https:\/\/christinakosmeetika.ee\/et\/naonaha-elastsus-seerum\/","og_site_name":"Christinakosmeetika","article_modified_time":"2026-03-31T02:16:09+00:00","twitter_card":"summary_large_image","twitter_misc":{"Est. reading time":"3 minutit"},"schema":{"@context":"https:\/\/schema.org","@graph":[{"@type":"WebPage","@id":"https:\/\/christinakosmeetika.ee\/et\/naonaha-elastsus-seerum\/","url":"https:\/\/christinakosmeetika.ee\/et\/naonaha-elastsus-seerum\/","name":"N\u00e4oseerum naha elastsusele | Muse Absolute","isPartOf":{"@id":"https:\/\/christinakosmeetika.ee\/#website"},"datePublished":"2026-03-29T08:47:34+00:00","dateModified":"2026-03-31T02:16:09+00:00","description":"Eksosoomidega seerum n\u00e4onaha elastsuse parandamiseks. Aitab v\u00e4hendada kortse, parandab naha tihedust ning taastab sileduse ja s\u00e4ra.","breadcrumb":{"@id":"https:\/\/christinakosmeetika.ee\/et\/naonaha-elastsus-seerum\/#breadcrumb"},"inLanguage":"et","potentialAction":[{"@type":"ReadAction","target":["https:\/\/christinakosmeetika.ee\/et\/naonaha-elastsus-seerum\/"]}]},{"@type":"BreadcrumbList","@id":"https:\/\/christinakosmeetika.ee\/et\/naonaha-elastsus-seerum\/#breadcrumb","itemListElement":[{"@type":"ListItem","position":1,"name":"\u0413\u043b\u0430\u0432\u043d\u0430\u044f \u0441\u0442\u0440\u0430\u043d\u0438\u0446\u0430","item":"https:\/\/christinakosmeetika.ee\/et\/"},{"@type":"ListItem","position":2,"name":"Seerum n\u00e4onaha elastsuse parandamiseks \u2014 kuidas v\u00e4hendada kortse"}]},{"@type":"WebSite","@id":"https:\/\/christinakosmeetika.ee\/#website","url":"https:\/\/christinakosmeetika.ee\/","name":"Christinakosmeetika","description":"Christina kosmeetika Eestis","alternateName":"Christina kosmeetika Eestis","potentialAction":[{"@type":"SearchAction","target":{"@type":"EntryPoint","urlTemplate":"https:\/\/christinakosmeetika.ee\/?s={search_term_string}"},"query-input":{"@type":"PropertyValueSpecification","valueRequired":true,"valueName":"search_term_string"}}],"inLanguage":"et"}]}},"_links":{"self":[{"href":"https:\/\/christinakosmeetika.ee\/et\/wp-json\/wp\/v2\/pages\/14294","targetHints":{"allow":["GET"]}}],"collection":[{"href":"https:\/\/christinakosmeetika.ee\/et\/wp-json\/wp\/v2\/pages"}],"about":[{"href":"https:\/\/christinakosmeetika.ee\/et\/wp-json\/wp\/v2\/types\/page"}],"author":[{"embeddable":true,"href":"https:\/\/christinakosmeetika.ee\/et\/wp-json\/wp\/v2\/users\/2"}],"replies":[{"embeddable":true,"href":"https:\/\/christinakosmeetika.ee\/et\/wp-json\/wp\/v2\/comments?post=14294"}],"version-history":[{"count":0,"href":"https:\/\/christinakosmeetika.ee\/et\/wp-json\/wp\/v2\/pages\/14294\/revisions"}],"wp:attachment":[{"href":"https:\/\/christinakosmeetika.ee\/et\/wp-json\/wp\/v2\/media?parent=14294"}],"curies":[{"name":"wp","href":"https:\/\/api.w.org\/{rel}","templated":true}]}}