{"id":13635,"date":"2026-02-25T12:52:00","date_gmt":"2026-02-25T10:52:00","guid":{"rendered":"https:\/\/christinakosmeetika.ee\/uvlazhnyayushchiy-krem-dlya-litsa\/"},"modified":"2026-02-25T15:00:51","modified_gmt":"2026-02-25T13:00:51","slug":"uvlazhnyayushchiy-krem-dlya-litsa","status":"publish","type":"page","link":"https:\/\/christinakosmeetika.ee\/et\/uvlazhnyayushchiy-krem-dlya-litsa\/","title":{"rendered":"Intensiivselt niisutav n\u00e4okreem | Forever Young Moisture Fusion Cream"},"content":{"rendered":"<div id='av-layout-grid-1'  class='av-layout-grid-container av-1r3rzh6-683c123c1ca6ce76da48a347b610f80a entry-content-wrapper main_color av-flex-cells  avia-builder-el-0  avia-builder-el-no-sibling   container_wrap sidebar_right'  >\n<div class='flex_cell av-13ceinu-010d8dd8fad3b2077fcbba0eb81c10bb av-gridrow-cell av_one_half no_margin  avia-builder-el-1  el_before_av_cell_one_half  avia-builder-el-first '  ><div class='flex_cell_inner'>\n<style type=\"text\/css\" data-created_by=\"avia_inline_auto\" id=\"style-css-av-mm1wjkwt-372b1fef0185ac89405be8348b3dfbc9\">\n.avia-image-container.av-mm1wjkwt-372b1fef0185ac89405be8348b3dfbc9 img.avia_image{\nbox-shadow:none;\n}\n.avia-image-container.av-mm1wjkwt-372b1fef0185ac89405be8348b3dfbc9 .av-image-caption-overlay-center{\ncolor:#ffffff;\n}\n<\/style>\n<div  class='avia-image-container av-mm1wjkwt-372b1fef0185ac89405be8348b3dfbc9 av-styling- avia-align-center  avia-builder-el-2  avia-builder-el-no-sibling '   itemprop=\"image\" itemscope=\"itemscope\" itemtype=\"https:\/\/schema.org\/ImageObject\" ><div class=\"avia-image-container-inner\"><div class=\"avia-image-overlay-wrap\"><img decoding=\"async\" fetchpriority=\"high\" class='wp-image-13633 avia-img-lazy-loading-not-13633 avia_image ' src=\"https:\/\/christinakosmeetika.ee\/wp-content\/uploads\/2021\/05\/Forever-Young-Moisture-Fusion-Cream-.webp\" alt='Forever Young Moisture Fusion Cream' title='Forever Young Moisture Fusion Cream'  height=\"1536\" width=\"1024\"  itemprop=\"thumbnailUrl\" srcset=\"https:\/\/christinakosmeetika.ee\/wp-content\/uploads\/2021\/05\/Forever-Young-Moisture-Fusion-Cream-.webp 1024w, https:\/\/christinakosmeetika.ee\/wp-content\/uploads\/2021\/05\/Forever-Young-Moisture-Fusion-Cream--200x300.webp 200w, https:\/\/christinakosmeetika.ee\/wp-content\/uploads\/2021\/05\/Forever-Young-Moisture-Fusion-Cream--687x1030.webp 687w, https:\/\/christinakosmeetika.ee\/wp-content\/uploads\/2021\/05\/Forever-Young-Moisture-Fusion-Cream--768x1152.webp 768w, https:\/\/christinakosmeetika.ee\/wp-content\/uploads\/2021\/05\/Forever-Young-Moisture-Fusion-Cream--1000x1500.webp 1000w, https:\/\/christinakosmeetika.ee\/wp-content\/uploads\/2021\/05\/Forever-Young-Moisture-Fusion-Cream--470x705.webp 470w, https:\/\/christinakosmeetika.ee\/wp-content\/uploads\/2021\/05\/Forever-Young-Moisture-Fusion-Cream--450x675.webp 450w, https:\/\/christinakosmeetika.ee\/wp-content\/uploads\/2021\/05\/Forever-Young-Moisture-Fusion-Cream--600x900.webp 600w\" sizes=\"(max-width: 1024px) 100vw, 1024px\" \/><\/div><\/div><\/div>\n<\/div><\/div><div class='flex_cell av-mg6322-4d18bd33a754a9372ad26a188a972aa9 av-gridrow-cell av_one_half no_margin  avia-builder-el-3  el_after_av_cell_one_half  avia-builder-el-last '  ><div class='flex_cell_inner'><section  class='av_textblock_section av-mm1wsv6r-3fee0b917dacc0195eb8dd86ff793cc6 '   itemscope=\"itemscope\" itemtype=\"https:\/\/schema.org\/CreativeWork\" ><div class='avia_textblock'  itemprop=\"text\" ><h1 data-start=\"596\" data-end=\"631\">Intensiivselt niisutav n\u00e4okreem<\/h1>\n<h2 data-start=\"632\" data-end=\"676\">Forever Young Moisture Fusion Cream 50 ml<\/h2>\n<p data-start=\"678\" data-end=\"905\"><strong data-start=\"678\" data-end=\"713\">Intensiivselt niisutav n\u00e4okreem<\/strong> on vajalik siis, kui nahk kaotab p\u00e4eva jooksul kiiresti niiskust ja mugavustunnet. Pingulolek, tuhm jume ja peened jooned v\u00f5ivad muutuda m\u00e4rgatavamaks isegi siis, kui hooldusrutiin on olemas.<\/p>\n<p data-start=\"907\" data-end=\"1129\">Forever Young Moisture Fusion Cream aitab taastada naha niiskustasakaalu ning hoida seda stabiilsena kogu p\u00e4eva v\u00e4ltel. Kreem ei t\u00f6\u00f6ta ainult pindmise pehmuse tasemel, vaid toetab naha loomulikku v\u00f5imet niiskust s\u00e4ilitada.<\/p>\n<hr data-start=\"1131\" data-end=\"1134\" \/>\n<h2 data-start=\"1136\" data-end=\"1179\">Millal vajab nahk intensiivset niisutust<\/h2>\n<p data-start=\"1181\" data-end=\"1214\">See kreem sobib eriti h\u00e4sti, kui:<\/p>\n<ul>\n<li data-start=\"1181\" data-end=\"1214\">nahk on kuiv v\u00f5i kergesti deh\u00fcdreeruv<\/li>\n<li data-start=\"1181\" data-end=\"1214\">esineb ketendust v\u00f5i pingulolekut<\/li>\n<li data-start=\"1181\" data-end=\"1214\">meik r\u00f5hutab peeneid jooni<\/li>\n<li data-start=\"1181\" data-end=\"1214\">nahk tundub v\u00e4hem elastne<\/li>\n<li data-start=\"1181\" data-end=\"1214\">k\u00fclm v\u00f5i kuiv \u00f5hk m\u00f5jutab naha seisundit<\/li>\n<\/ul>\n<p data-start=\"1403\" data-end=\"1522\">Sageli otsitakse lihtsalt \u201ckreem kuivale nahale\u201d, kuid tegelik probleem v\u00f5ib olla niiskuskaotus, mitte ainult nahat\u00fc\u00fcp.<\/p>\n<p data-start=\"1524\" data-end=\"1631\">Kreem on loodud Forever Young sarja raames, mida kasutatakse nii koduses kui ka professionaalses hoolduses.<\/p>\n<hr data-start=\"1633\" data-end=\"1636\" \/>\n<h2 data-start=\"1638\" data-end=\"1672\">Kuidas toimib niisutav n\u00e4okreem<\/h2>\n<p data-start=\"1674\" data-end=\"1765\">Valem \u00fchendab aktiivsed komponendid, mis aitavad hoida niiskust ja toetada naha struktuuri.<\/p>\n<h3 data-start=\"1767\" data-end=\"1786\">H\u00fcaluroonhape<\/h3>\n<p data-start=\"1787\" data-end=\"1859\">Aitab siduda ja s\u00e4ilitada niiskust, muutes naha siledamaks ja pehmemaks.<\/p>\n<h3 data-start=\"1861\" data-end=\"1894\">Merelised fermentekstraktid<\/h3>\n<p data-start=\"1895\" data-end=\"1990\">Pseudoalteromonas ja Alteromonas ferment extract toetavad naha kaitsebarj\u00e4\u00e4ri ja mugavustunnet.<\/p>\n<h3 data-start=\"1992\" data-end=\"2007\">Peptiidid<\/h3>\n<p data-start=\"2008\" data-end=\"2102\">Acetyl Pentapeptide-1 ja Dipeptide-4 aitavad s\u00e4ilitada naha elastsust ja \u00fchtlasemat tekstuuri.<\/p>\n<h3 data-start=\"2104\" data-end=\"2121\">Aminohapped<\/h3>\n<p data-start=\"2122\" data-end=\"2193\">Proline, Alanine ja Serine toetavad naha loomulikku taastumisprotsessi.<\/p>\n<p data-start=\"2195\" data-end=\"2267\">Koos aitavad need komponendid muuta naha t\u00e4idlasemaks ja hoolitsetumaks.<\/p>\n<hr data-start=\"2269\" data-end=\"2272\" \/>\n<h2 data-start=\"2274\" data-end=\"2310\">Kerge tekstuur ilma raskustundeta<\/h2>\n<p data-start=\"2312\" data-end=\"2462\">Hoolimata intensiivsest niisutusest j\u00e4\u00e4b kreem kergeks ega tekita rasvast kihti. See sobib ka kombineeritud nahale ning ei koorma nahka p\u00e4eva jooksul.<\/p>\n<p data-start=\"2464\" data-end=\"2559\">See teeb sellest hea valiku neile, kes otsivad s\u00fcgavniisutavat, kuid mugavat igap\u00e4evast kreemi.<\/p>\n<hr data-start=\"2561\" data-end=\"2564\" \/>\n<h2 data-start=\"2566\" data-end=\"2582\">Kellele sobib<\/h2>\n<p data-start=\"2584\" data-end=\"2590\">Sobib:<\/p>\n<ul>\n<li data-start=\"2584\" data-end=\"2590\">kuivale nahale<\/li>\n<li data-start=\"2584\" data-end=\"2590\">normaalsele nahale<\/li>\n<li data-start=\"2584\" data-end=\"2590\">kombineeritud nahale<\/li>\n<li data-start=\"2584\" data-end=\"2590\">deh\u00fcdreeritud nahale<\/li>\n<li data-start=\"2584\" data-end=\"2590\">vananemisilmingute ennetamiseks<\/li>\n<\/ul>\n<p data-start=\"2721\" data-end=\"2763\">Sobib kasutamiseks nii hommikul kui \u00f5htul.<\/p>\n<hr data-start=\"2765\" data-end=\"2768\" \/>\n<h2 data-start=\"2770\" data-end=\"2783\">Kasutamine<\/h2>\n<p data-start=\"2785\" data-end=\"2884\">Kanna puhastatud n\u00e4ole ja kaelale hommikul ja\/v\u00f5i \u00f5htul.<br data-start=\"2841\" data-end=\"2844\" \/>V\u00f5ib kasutada eraldi v\u00f5i koos seerumiga.<\/p>\n<hr data-start=\"2886\" data-end=\"2889\" \/>\n<h2 data-start=\"2891\" data-end=\"2927\">Tulemused regulaarsel kasutamisel<\/h2>\n<p data-start=\"2929\" data-end=\"2953\">Regulaarsel kasutamisel:<\/p>\n<ul>\n<li data-start=\"2929\" data-end=\"2953\">nahk tundub niisutatum<\/li>\n<li data-start=\"2929\" data-end=\"2953\">tekstuur muutub siledamaks<\/li>\n<li data-start=\"2929\" data-end=\"2953\">jume n\u00e4eb v\u00e4rskem v\u00e4lja<\/li>\n<li data-start=\"2929\" data-end=\"2953\">nahk tundub elastsem<\/li>\n<li data-start=\"2929\" data-end=\"2953\">hooldustooted imenduvad paremini<\/li>\n<\/ul>\n<p data-start=\"3104\" data-end=\"3242\">Forever Young Moisture Fusion Cream on intensiivselt niisutav n\u00e4okreem, mis aitab s\u00e4ilitada naha tasakaalu ja mugavust ilma raskustundeta.<\/p>\n<\/div><\/section><br \/>\n<div  class='avia-button-wrap avia-button-center  avia-builder-el-5  el_after_av_textblock  el_before_av_button '>\n<style type=\"text\/css\" data-created_by=\"avia_inline_auto\" id=\"style-css-av-mm1x3rgp-ee541b9ac768f8679afa8841b8c75088\">\n#top #wrap_all .avia-button.av-mm1x3rgp-ee541b9ac768f8679afa8841b8c75088:hover{\ncolor:white;\ntransition:all 0.4s ease-in-out;\n}\n#top #wrap_all .avia-button.av-mm1x3rgp-ee541b9ac768f8679afa8841b8c75088:hover .avia-svg-icon svg:first-child{\nfill:white;\nstroke:white;\n}\n<\/style>\n<a href='https:\/\/christinakosmeetika.ee\/et\/toode\/forever-young-moisture-fusion-cream-et\/' class='avia-color-theme-color avia-font-color-theme-color avia-button avia-button-fullwidth av-mm1x3rgp-ee541b9ac768f8679afa8841b8c75088 avia-icon_select-no avia-color-theme-color'   aria-label=\"Osta\"><span class='avia_iconbox_title' >Osta<\/span><span class='avia_button_background avia-button avia-button-fullwidth avia-color-theme-color-highlight'><\/span><\/a><\/div><br \/>\n<div  class='avia-button-wrap av-mm1x6tvp-c72f4c2c930ac3d05ad95b4569ecda4a-wrap avia-button-center  avia-builder-el-6  el_after_av_button_big  avia-builder-el-no-sibling '><a href='https:\/\/christinakosmeetika.ee\/et\/shop\/?filter_linii-kosmetiki=forever-young-et'  class='avia-button av-mm1x6tvp-c72f4c2c930ac3d05ad95b4569ecda4a av-link-btn avia-icon_select-no avia-size-small avia-position-center avia-color-theme-color'   aria-label=\"Tagasi sarja\"><span class='avia_iconbox_title' >Tagasi sarja<\/span><\/a><\/div><\/p>\n<\/div><\/div><\/div>\n","protected":false},"excerpt":{"rendered":"","protected":false},"author":2,"featured_media":0,"parent":0,"menu_order":0,"comment_status":"closed","ping_status":"closed","template":"","meta":{"footnotes":""},"class_list":["post-13635","page","type-page","status-publish","hentry"],"yoast_head":"<!-- This site is optimized with the Yoast SEO plugin v27.4 - https:\/\/yoast.com\/product\/yoast-seo-wordpress\/ -->\n<title>Intensiivselt niisutav n\u00e4okreem | Forever Young<\/title>\n<meta name=\"description\" content=\"Intensiivselt niisutav n\u00e4okreem h\u00fcaluroonhappe ja peptiididega. Aitab taastada naha niiskustasakaalu ja toetab elastsust.\" \/>\n<meta name=\"robots\" content=\"index, follow, max-snippet:-1, max-image-preview:large, max-video-preview:-1\" \/>\n<link rel=\"canonical\" href=\"https:\/\/christinakosmeetika.ee\/et\/uvlazhnyayushchiy-krem-dlya-litsa\/\" \/>\n<meta property=\"og:locale\" content=\"et_EE\" \/>\n<meta property=\"og:type\" content=\"article\" \/>\n<meta property=\"og:title\" content=\"Intensiivselt niisutav n\u00e4okreem | Forever Young\" \/>\n<meta property=\"og:description\" content=\"Intensiivselt niisutav n\u00e4okreem h\u00fcaluroonhappe ja peptiididega. Aitab taastada naha niiskustasakaalu ja toetab elastsust.\" \/>\n<meta property=\"og:url\" content=\"https:\/\/christinakosmeetika.ee\/et\/uvlazhnyayushchiy-krem-dlya-litsa\/\" \/>\n<meta property=\"og:site_name\" content=\"Christinakosmeetika\" \/>\n<meta property=\"article:modified_time\" content=\"2026-02-25T13:00:51+00:00\" \/>\n<meta name=\"twitter:card\" content=\"summary_large_image\" \/>\n<meta name=\"twitter:label1\" content=\"Est. reading time\" \/>\n\t<meta name=\"twitter:data1\" content=\"2 minutit\" \/>\n<script type=\"application\/ld+json\" class=\"yoast-schema-graph\">{\"@context\":\"https:\\\/\\\/schema.org\",\"@graph\":[{\"@type\":\"WebPage\",\"@id\":\"https:\\\/\\\/christinakosmeetika.ee\\\/et\\\/uvlazhnyayushchiy-krem-dlya-litsa\\\/\",\"url\":\"https:\\\/\\\/christinakosmeetika.ee\\\/et\\\/uvlazhnyayushchiy-krem-dlya-litsa\\\/\",\"name\":\"Intensiivselt niisutav n\u00e4okreem | Forever Young\",\"isPartOf\":{\"@id\":\"https:\\\/\\\/christinakosmeetika.ee\\\/#website\"},\"datePublished\":\"2026-02-25T10:52:00+00:00\",\"dateModified\":\"2026-02-25T13:00:51+00:00\",\"description\":\"Intensiivselt niisutav n\u00e4okreem h\u00fcaluroonhappe ja peptiididega. Aitab taastada naha niiskustasakaalu ja toetab elastsust.\",\"breadcrumb\":{\"@id\":\"https:\\\/\\\/christinakosmeetika.ee\\\/et\\\/uvlazhnyayushchiy-krem-dlya-litsa\\\/#breadcrumb\"},\"inLanguage\":\"et\",\"potentialAction\":[{\"@type\":\"ReadAction\",\"target\":[\"https:\\\/\\\/christinakosmeetika.ee\\\/et\\\/uvlazhnyayushchiy-krem-dlya-litsa\\\/\"]}]},{\"@type\":\"BreadcrumbList\",\"@id\":\"https:\\\/\\\/christinakosmeetika.ee\\\/et\\\/uvlazhnyayushchiy-krem-dlya-litsa\\\/#breadcrumb\",\"itemListElement\":[{\"@type\":\"ListItem\",\"position\":1,\"name\":\"\u0413\u043b\u0430\u0432\u043d\u0430\u044f \u0441\u0442\u0440\u0430\u043d\u0438\u0446\u0430\",\"item\":\"https:\\\/\\\/christinakosmeetika.ee\\\/et\\\/\"},{\"@type\":\"ListItem\",\"position\":2,\"name\":\"Intensiivselt niisutav n\u00e4okreem | Forever Young Moisture Fusion Cream\"}]},{\"@type\":\"WebSite\",\"@id\":\"https:\\\/\\\/christinakosmeetika.ee\\\/#website\",\"url\":\"https:\\\/\\\/christinakosmeetika.ee\\\/\",\"name\":\"Christinakosmeetika\",\"description\":\"Christina kosmeetika Eestis\",\"alternateName\":\"Christina kosmeetika Eestis\",\"potentialAction\":[{\"@type\":\"SearchAction\",\"target\":{\"@type\":\"EntryPoint\",\"urlTemplate\":\"https:\\\/\\\/christinakosmeetika.ee\\\/?s={search_term_string}\"},\"query-input\":{\"@type\":\"PropertyValueSpecification\",\"valueRequired\":true,\"valueName\":\"search_term_string\"}}],\"inLanguage\":\"et\"}]}<\/script>\n<!-- \/ Yoast SEO plugin. -->","yoast_head_json":{"title":"Intensiivselt niisutav n\u00e4okreem | Forever Young","description":"Intensiivselt niisutav n\u00e4okreem h\u00fcaluroonhappe ja peptiididega. Aitab taastada naha niiskustasakaalu ja toetab elastsust.","robots":{"index":"index","follow":"follow","max-snippet":"max-snippet:-1","max-image-preview":"max-image-preview:large","max-video-preview":"max-video-preview:-1"},"canonical":"https:\/\/christinakosmeetika.ee\/et\/uvlazhnyayushchiy-krem-dlya-litsa\/","og_locale":"et_EE","og_type":"article","og_title":"Intensiivselt niisutav n\u00e4okreem | Forever Young","og_description":"Intensiivselt niisutav n\u00e4okreem h\u00fcaluroonhappe ja peptiididega. Aitab taastada naha niiskustasakaalu ja toetab elastsust.","og_url":"https:\/\/christinakosmeetika.ee\/et\/uvlazhnyayushchiy-krem-dlya-litsa\/","og_site_name":"Christinakosmeetika","article_modified_time":"2026-02-25T13:00:51+00:00","twitter_card":"summary_large_image","twitter_misc":{"Est. reading time":"2 minutit"},"schema":{"@context":"https:\/\/schema.org","@graph":[{"@type":"WebPage","@id":"https:\/\/christinakosmeetika.ee\/et\/uvlazhnyayushchiy-krem-dlya-litsa\/","url":"https:\/\/christinakosmeetika.ee\/et\/uvlazhnyayushchiy-krem-dlya-litsa\/","name":"Intensiivselt niisutav n\u00e4okreem | Forever Young","isPartOf":{"@id":"https:\/\/christinakosmeetika.ee\/#website"},"datePublished":"2026-02-25T10:52:00+00:00","dateModified":"2026-02-25T13:00:51+00:00","description":"Intensiivselt niisutav n\u00e4okreem h\u00fcaluroonhappe ja peptiididega. Aitab taastada naha niiskustasakaalu ja toetab elastsust.","breadcrumb":{"@id":"https:\/\/christinakosmeetika.ee\/et\/uvlazhnyayushchiy-krem-dlya-litsa\/#breadcrumb"},"inLanguage":"et","potentialAction":[{"@type":"ReadAction","target":["https:\/\/christinakosmeetika.ee\/et\/uvlazhnyayushchiy-krem-dlya-litsa\/"]}]},{"@type":"BreadcrumbList","@id":"https:\/\/christinakosmeetika.ee\/et\/uvlazhnyayushchiy-krem-dlya-litsa\/#breadcrumb","itemListElement":[{"@type":"ListItem","position":1,"name":"\u0413\u043b\u0430\u0432\u043d\u0430\u044f \u0441\u0442\u0440\u0430\u043d\u0438\u0446\u0430","item":"https:\/\/christinakosmeetika.ee\/et\/"},{"@type":"ListItem","position":2,"name":"Intensiivselt niisutav n\u00e4okreem | Forever Young Moisture Fusion Cream"}]},{"@type":"WebSite","@id":"https:\/\/christinakosmeetika.ee\/#website","url":"https:\/\/christinakosmeetika.ee\/","name":"Christinakosmeetika","description":"Christina kosmeetika Eestis","alternateName":"Christina kosmeetika Eestis","potentialAction":[{"@type":"SearchAction","target":{"@type":"EntryPoint","urlTemplate":"https:\/\/christinakosmeetika.ee\/?s={search_term_string}"},"query-input":{"@type":"PropertyValueSpecification","valueRequired":true,"valueName":"search_term_string"}}],"inLanguage":"et"}]}},"_links":{"self":[{"href":"https:\/\/christinakosmeetika.ee\/et\/wp-json\/wp\/v2\/pages\/13635","targetHints":{"allow":["GET"]}}],"collection":[{"href":"https:\/\/christinakosmeetika.ee\/et\/wp-json\/wp\/v2\/pages"}],"about":[{"href":"https:\/\/christinakosmeetika.ee\/et\/wp-json\/wp\/v2\/types\/page"}],"author":[{"embeddable":true,"href":"https:\/\/christinakosmeetika.ee\/et\/wp-json\/wp\/v2\/users\/2"}],"replies":[{"embeddable":true,"href":"https:\/\/christinakosmeetika.ee\/et\/wp-json\/wp\/v2\/comments?post=13635"}],"version-history":[{"count":0,"href":"https:\/\/christinakosmeetika.ee\/et\/wp-json\/wp\/v2\/pages\/13635\/revisions"}],"wp:attachment":[{"href":"https:\/\/christinakosmeetika.ee\/et\/wp-json\/wp\/v2\/media?parent=13635"}],"curies":[{"name":"wp","href":"https:\/\/api.w.org\/{rel}","templated":true}]}}