{"id":13417,"date":"2026-02-09T13:10:13","date_gmt":"2026-02-09T11:10:13","guid":{"rendered":"https:\/\/christinakosmeetika.ee\/myagkoe-sredstvo-dlya-umyvaniya\/"},"modified":"2026-02-25T11:11:47","modified_gmt":"2026-02-25T09:11:47","slug":"orn-naopuhastus-kuivale-nahale","status":"publish","type":"page","link":"https:\/\/christinakosmeetika.ee\/et\/orn-naopuhastus-kuivale-nahale\/","title":{"rendered":"\u00d5rn n\u00e4opuhastus kuivale nahale | Forever Young Gentle Cleansing Milk"},"content":{"rendered":"<div id='av-layout-grid-1'  class='av-layout-grid-container av-1oubvqs-939518b8600eef5e9a8f48a7120f6389 entry-content-wrapper main_color av-flex-cells  avia-builder-el-0  avia-builder-el-no-sibling   container_wrap sidebar_right'  >\n<div class='flex_cell av-1di53ec-49cbafe419384f1a1108963e5d415512 av-gridrow-cell av_one_half no_margin  avia-builder-el-1  el_before_av_cell_one_half  avia-builder-el-first '  ><div class='flex_cell_inner'>\n<style type=\"text\/css\" data-created_by=\"avia_inline_auto\" id=\"style-css-av-mlf1njg0-a911ae3af0b2dda5ac90648eb96d52b3\">\n.avia-image-container.av-mlf1njg0-a911ae3af0b2dda5ac90648eb96d52b3 img.avia_image{\nbox-shadow:none;\n}\n.avia-image-container.av-mlf1njg0-a911ae3af0b2dda5ac90648eb96d52b3 .av-image-caption-overlay-center{\ncolor:#ffffff;\n}\n<\/style>\n<div  class='avia-image-container av-mlf1njg0-a911ae3af0b2dda5ac90648eb96d52b3 av-styling- avia-align-center  avia-builder-el-2  avia-builder-el-no-sibling '   itemprop=\"image\" itemscope=\"itemscope\" itemtype=\"https:\/\/schema.org\/ImageObject\" ><div class=\"avia-image-container-inner\"><div class=\"avia-image-overlay-wrap\"><img decoding=\"async\" fetchpriority=\"high\" class='wp-image-13425 avia-img-lazy-loading-not-13425 avia_image ' src=\"https:\/\/christinakosmeetika.ee\/wp-content\/uploads\/2026\/02\/gentle-cleansing-milk.webp\" alt='' title='gentle cleansing milk'  height=\"1536\" width=\"1024\"  itemprop=\"thumbnailUrl\" srcset=\"https:\/\/christinakosmeetika.ee\/wp-content\/uploads\/2026\/02\/gentle-cleansing-milk.webp 1024w, https:\/\/christinakosmeetika.ee\/wp-content\/uploads\/2026\/02\/gentle-cleansing-milk-200x300.webp 200w, https:\/\/christinakosmeetika.ee\/wp-content\/uploads\/2026\/02\/gentle-cleansing-milk-687x1030.webp 687w, https:\/\/christinakosmeetika.ee\/wp-content\/uploads\/2026\/02\/gentle-cleansing-milk-768x1152.webp 768w, https:\/\/christinakosmeetika.ee\/wp-content\/uploads\/2026\/02\/gentle-cleansing-milk-1000x1500.webp 1000w, https:\/\/christinakosmeetika.ee\/wp-content\/uploads\/2026\/02\/gentle-cleansing-milk-470x705.webp 470w, https:\/\/christinakosmeetika.ee\/wp-content\/uploads\/2026\/02\/gentle-cleansing-milk-450x675.webp 450w, https:\/\/christinakosmeetika.ee\/wp-content\/uploads\/2026\/02\/gentle-cleansing-milk-600x900.webp 600w\" sizes=\"(max-width: 1024px) 100vw, 1024px\" \/><\/div><\/div><\/div>\n<\/div><\/div><div class='flex_cell av-jc6fzo-f6a102cedc5768bbc622a2b9ab310218 av-gridrow-cell av_one_half no_margin  avia-builder-el-3  el_after_av_cell_one_half  avia-builder-el-last '  ><div class='flex_cell_inner'><section  class='av_textblock_section av-mlf1xdyy-5ccafae86f7f090f16ec5fdadf5eaa95 '   itemscope=\"itemscope\" itemtype=\"https:\/\/schema.org\/CreativeWork\" ><div class='avia_textblock'  itemprop=\"text\" ><h1 data-start=\"513\" data-end=\"560\">\u00d5rn n\u00e4opuhastus kuivale ja tundlikule nahale<\/h1>\n<h2 data-start=\"562\" data-end=\"611\"><strong data-start=\"562\" data-end=\"611\">Christina FOREVER YOUNG Gentle Cleansing Milk<\/strong><\/h2>\n<p data-start=\"784\" data-end=\"1052\"><strong data-start=\"784\" data-end=\"818\">\u00d5rn n\u00e4opuhastus kuivale nahale<\/strong> on vajalik siis, kui n\u00e4gu tundub p\u00e4rast pesu pingul, kuiv v\u00f5i ebamugav. Sageli ei ole probleem hoolduses tervikuna, vaid just puhastusetapis \u2014 vahend puhastab k\u00fcll h\u00e4sti, kuid v\u00f5ib olla liiga agressiivne kuiva ja tundliku naha jaoks.<\/p>\n<p data-start=\"1054\" data-end=\"1214\">FOREVER YOUNG Gentle Cleansing Milk on loodud igap\u00e4evaseks, nahas\u00f5bralikuks puhastuseks, mis eemaldab mustuse ja meigi ilma naha loomulikku tasakaalu h\u00e4irimata.<\/p>\n<hr data-start=\"1092\" data-end=\"1095\" \/>\n<h2 data-start=\"1097\" data-end=\"1137\">Millal on vaja \u00f5rna puhastusvahendit?<\/h2>\n<p data-start=\"1139\" data-end=\"1182\">\u00d5rn n\u00e4opuhastus on eriti oluline siis, kui:<\/p>\n<ul>\n<li data-start=\"1186\" data-end=\"1212\">nahk on kuiv v\u00f5i tundlik<\/li>\n<li data-start=\"1215\" data-end=\"1247\">p\u00e4rast pesu tekib pingul tunne<\/li>\n<li data-start=\"1250\" data-end=\"1272\">nahk kipub ketendama<\/li>\n<li data-start=\"1275\" data-end=\"1332\">vahtgeelid ja tugevad puhastusvahendid kuivatavad nahka<\/li>\n<li data-start=\"1335\" data-end=\"1397\">nahk tundub tuhm, kuigi kasutad kvaliteetseid hooldustooteid<\/li>\n<\/ul>\n<p data-start=\"1399\" data-end=\"1512\">Sellises seisundis ei vaja nahk \u201es\u00fcgavamat\u201c puhastust, vaid puhastust, mis <strong data-start=\"1474\" data-end=\"1511\">ei l\u00f5hu naha loomulikku tasakaalu<\/strong>.<\/p>\n<hr data-start=\"1514\" data-end=\"1517\" \/>\n<h2 data-start=\"1519\" data-end=\"1572\">Kuidas FOREVER YOUNG Gentle Cleansing Milk toimib?<\/h2>\n<p data-start=\"1574\" data-end=\"1732\"><strong data-start=\"1574\" data-end=\"1599\">Gentle Cleansing Milk<\/strong> on kreemja tekstuuriga puhastusvahend, mis eemaldab mustuse ja meigi \u00f5rnalt, ilma et nahk j\u00e4\u00e4ks p\u00e4rast pesu kuivaks v\u00f5i ebamugavaks.<\/p>\n<p data-start=\"1734\" data-end=\"1744\">See aitab:<\/p>\n<ul>\n<li data-start=\"1748\" data-end=\"1786\">puhastada nahka ilma kiskuva tundeta<\/li>\n<li data-start=\"1789\" data-end=\"1823\">s\u00e4ilitada naha mugavus ja pehmus<\/li>\n<li data-start=\"1826\" data-end=\"1866\">toetada naha loomulikku kaitsebarj\u00e4\u00e4ri<\/li>\n<li data-start=\"1869\" data-end=\"1915\">valmistada nahk ette tooniku ja kreemi jaoks<\/li>\n<\/ul>\n<p data-start=\"1917\" data-end=\"1986\">Tulemuseks on puhas, kuid rahulik nahk \u2014 mitte \u201e\u00fclepuhastatud\u201c tunne.<\/p>\n<hr data-start=\"1988\" data-end=\"1991\" \/>\n<h2 data-start=\"1993\" data-end=\"2036\">Miks sobib see ka niiskusvaesele nahale?<\/h2>\n<p data-start=\"2038\" data-end=\"2189\">Niiskusvaene nahk v\u00f5ib olla samal ajal nii kuiv kui ka tundlik. Sellisel juhul reageerib nahk puhastusele eriti kiiresti pingul tunde ja ebamugavusega.<\/p>\n<p data-start=\"2191\" data-end=\"2367\">Puhastuspiima formaat sobib sellisele nahale h\u00e4sti, kuna see ei n\u00f5ua tugevat h\u00f5\u00f5rumist ega agressiivset vahutamist. Nahk puhastatakse, kuid samal ajal s\u00e4ilib pehmus ja mugavus.<\/p>\n<hr data-start=\"2369\" data-end=\"2372\" \/>\n<h2 data-start=\"2374\" data-end=\"2410\">Kellele see puhastusvahend sobib?<\/h2>\n<p data-start=\"2412\" data-end=\"2471\"><strong data-start=\"2412\" data-end=\"2451\">FOREVER YOUNG Gentle Cleansing Milk<\/strong> sobib, kui nahk on:<\/p>\n<ul>\n<li data-start=\"2475\" data-end=\"2481\">kuiv<\/li>\n<li data-start=\"2484\" data-end=\"2493\">tundlik<\/li>\n<li data-start=\"2496\" data-end=\"2510\">niiskusvaene<\/li>\n<li data-start=\"2513\" data-end=\"2543\">kergesti \u00e4rrituv p\u00e4rast pesu<\/li>\n<li data-start=\"2546\" data-end=\"2593\">vajab \u00f5rna, kuid t\u00f5husat igap\u00e4evast puhastust<\/li>\n<\/ul>\n<p data-start=\"2595\" data-end=\"2691\">See on hea valik ka vananemisvastases hoolduses, kus naha mugavus ja tasakaal on eriti olulised.<\/p>\n<hr data-start=\"2693\" data-end=\"2696\" \/>\n<h2 data-start=\"2698\" data-end=\"2717\">Kuidas kasutada?<\/h2>\n<p data-start=\"2719\" data-end=\"2855\">Kanna v\u00e4ike kogus toodet kuivale v\u00f5i kergelt niiskele n\u00e4onahale ja kaelale.<br data-start=\"2794\" data-end=\"2797\" \/>Masseeri \u00f5rnalt ning eemalda veega v\u00f5i niiske vatipadjaga.<\/p>\n<p data-start=\"2857\" data-end=\"2933\">Kasuta <strong data-start=\"2864\" data-end=\"2885\">hommikul ja \u00f5htul<\/strong>.<br data-start=\"2886\" data-end=\"2889\" \/>Seej\u00e4rel j\u00e4tka tooniku, seerumi ja kreemiga.<\/p>\n<hr data-start=\"2935\" data-end=\"2938\" \/>\n<h2 data-start=\"2940\" data-end=\"2979\">Mida m\u00e4rkad regulaarse kasutamisega?<\/h2>\n<p data-start=\"2981\" data-end=\"3005\">Regulaarsel kasutamisel:<\/p>\n<ul>\n<li data-start=\"3009\" data-end=\"3039\">nahk on puhas ilma kuivuseta<\/li>\n<li data-start=\"3042\" data-end=\"3076\">pingul tunne p\u00e4rast pesu v\u00e4heneb<\/li>\n<li data-start=\"3079\" data-end=\"3112\">nahk tundub pehmem ja rahulikum<\/li>\n<li data-start=\"3115\" data-end=\"3149\">hooldustooted imenduvad paremini<\/li>\n<\/ul>\n<p data-start=\"3151\" data-end=\"3298\"><strong data-start=\"3151\" data-end=\"3190\">FOREVER YOUNG Gentle Cleansing Milk<\/strong> aitab muuta n\u00e4opuhastuse etapiks, mis ei tekita ebamugavust, vaid loob hea aluse kogu nahahooldusrutiinile.<\/p>\n<\/div><\/section><br \/>\n<div  class='avia-button-wrap avia-button-center  avia-builder-el-5  el_after_av_textblock  el_before_av_button '>\n<style type=\"text\/css\" data-created_by=\"avia_inline_auto\" id=\"style-css-av-mlf1zkh4-95572e2be20d836ae839aa67d525825d\">\n#top #wrap_all .avia-button.av-mlf1zkh4-95572e2be20d836ae839aa67d525825d:hover{\ncolor:white;\ntransition:all 0.4s ease-in-out;\n}\n#top #wrap_all .avia-button.av-mlf1zkh4-95572e2be20d836ae839aa67d525825d:hover .avia-svg-icon svg:first-child{\nfill:white;\nstroke:white;\n}\n<\/style>\n<a href='https:\/\/christinakosmeetika.ee\/et\/toode\/forever-young-gentle-cleansing-milk-et\/' class='avia-color-theme-color avia-font-color-theme-color avia-button avia-button-fullwidth av-mlf1zkh4-95572e2be20d836ae839aa67d525825d avia-icon_select-no avia-color-theme-color'   aria-label=\"Osta\"><span class='avia_iconbox_title' >Osta<\/span><span class='avia_button_background avia-button avia-button-fullwidth avia-color-theme-color-highlight'><\/span><\/a><\/div><br \/>\n<div  class='avia-button-wrap av-mlf23wjm-cac7d331acfc3ef1552fdaa289f49f1c-wrap avia-button-center  avia-builder-el-6  el_after_av_button_big  avia-builder-el-no-sibling '><a href='https:\/\/christinakosmeetika.ee\/et\/shop\/?filter_linii-kosmetiki=forever-young-et'  class='avia-button av-mlf23wjm-cac7d331acfc3ef1552fdaa289f49f1c av-link-btn avia-icon_select-no avia-size-small avia-position-center avia-color-theme-color'   aria-label=\"Tagasi sarja\"><span class='avia_iconbox_title' >Tagasi sarja<\/span><\/a><\/div><\/p>\n<\/div><\/div><\/div>\n","protected":false},"excerpt":{"rendered":"","protected":false},"author":2,"featured_media":0,"parent":0,"menu_order":0,"comment_status":"closed","ping_status":"closed","template":"","meta":{"footnotes":""},"class_list":["post-13417","page","type-page","status-publish","hentry"],"yoast_head":"<!-- This site is optimized with the Yoast SEO plugin v27.5 - https:\/\/yoast.com\/product\/yoast-seo-wordpress\/ -->\n<title>\u00d5rn n\u00e4opuhastus kuivale nahale | Christina Forever Young<\/title>\n<meta name=\"description\" content=\"\u00d5rn n\u00e4opuhastus kuivale nahale, mis puhastab ilma pinguloleku ja kuivuseta. Sobib tundlikule nahale igap\u00e4evaseks kasutamiseks.\" \/>\n<meta name=\"robots\" content=\"index, follow, max-snippet:-1, max-image-preview:large, max-video-preview:-1\" \/>\n<link rel=\"canonical\" href=\"https:\/\/christinakosmeetika.ee\/et\/orn-naopuhastus-kuivale-nahale\/\" \/>\n<meta property=\"og:locale\" content=\"et_EE\" \/>\n<meta property=\"og:type\" content=\"article\" \/>\n<meta property=\"og:title\" content=\"\u00d5rn n\u00e4opuhastus kuivale nahale | Christina Forever Young\" \/>\n<meta property=\"og:description\" content=\"\u00d5rn n\u00e4opuhastus kuivale nahale, mis puhastab ilma pinguloleku ja kuivuseta. Sobib tundlikule nahale igap\u00e4evaseks kasutamiseks.\" \/>\n<meta property=\"og:url\" content=\"https:\/\/christinakosmeetika.ee\/et\/orn-naopuhastus-kuivale-nahale\/\" \/>\n<meta property=\"og:site_name\" content=\"Christinakosmeetika\" \/>\n<meta property=\"article:modified_time\" content=\"2026-02-25T09:11:47+00:00\" \/>\n<meta name=\"twitter:card\" content=\"summary_large_image\" \/>\n<meta name=\"twitter:label1\" content=\"Est. reading time\" \/>\n\t<meta name=\"twitter:data1\" content=\"3 minutit\" \/>\n<script type=\"application\/ld+json\" class=\"yoast-schema-graph\">{\"@context\":\"https:\\\/\\\/schema.org\",\"@graph\":[{\"@type\":\"WebPage\",\"@id\":\"https:\\\/\\\/christinakosmeetika.ee\\\/et\\\/orn-naopuhastus-kuivale-nahale\\\/\",\"url\":\"https:\\\/\\\/christinakosmeetika.ee\\\/et\\\/orn-naopuhastus-kuivale-nahale\\\/\",\"name\":\"\u00d5rn n\u00e4opuhastus kuivale nahale | Christina Forever Young\",\"isPartOf\":{\"@id\":\"https:\\\/\\\/christinakosmeetika.ee\\\/#website\"},\"datePublished\":\"2026-02-09T11:10:13+00:00\",\"dateModified\":\"2026-02-25T09:11:47+00:00\",\"description\":\"\u00d5rn n\u00e4opuhastus kuivale nahale, mis puhastab ilma pinguloleku ja kuivuseta. Sobib tundlikule nahale igap\u00e4evaseks kasutamiseks.\",\"breadcrumb\":{\"@id\":\"https:\\\/\\\/christinakosmeetika.ee\\\/et\\\/orn-naopuhastus-kuivale-nahale\\\/#breadcrumb\"},\"inLanguage\":\"et\",\"potentialAction\":[{\"@type\":\"ReadAction\",\"target\":[\"https:\\\/\\\/christinakosmeetika.ee\\\/et\\\/orn-naopuhastus-kuivale-nahale\\\/\"]}]},{\"@type\":\"BreadcrumbList\",\"@id\":\"https:\\\/\\\/christinakosmeetika.ee\\\/et\\\/orn-naopuhastus-kuivale-nahale\\\/#breadcrumb\",\"itemListElement\":[{\"@type\":\"ListItem\",\"position\":1,\"name\":\"\u0413\u043b\u0430\u0432\u043d\u0430\u044f \u0441\u0442\u0440\u0430\u043d\u0438\u0446\u0430\",\"item\":\"https:\\\/\\\/christinakosmeetika.ee\\\/et\\\/\"},{\"@type\":\"ListItem\",\"position\":2,\"name\":\"\u00d5rn n\u00e4opuhastus kuivale nahale | Forever Young Gentle Cleansing Milk\"}]},{\"@type\":\"WebSite\",\"@id\":\"https:\\\/\\\/christinakosmeetika.ee\\\/#website\",\"url\":\"https:\\\/\\\/christinakosmeetika.ee\\\/\",\"name\":\"Christinakosmeetika\",\"description\":\"Christina kosmeetika Eestis\",\"alternateName\":\"Christina kosmeetika Eestis\",\"potentialAction\":[{\"@type\":\"SearchAction\",\"target\":{\"@type\":\"EntryPoint\",\"urlTemplate\":\"https:\\\/\\\/christinakosmeetika.ee\\\/?s={search_term_string}\"},\"query-input\":{\"@type\":\"PropertyValueSpecification\",\"valueRequired\":true,\"valueName\":\"search_term_string\"}}],\"inLanguage\":\"et\"}]}<\/script>\n<!-- \/ Yoast SEO plugin. -->","yoast_head_json":{"title":"\u00d5rn n\u00e4opuhastus kuivale nahale | Christina Forever Young","description":"\u00d5rn n\u00e4opuhastus kuivale nahale, mis puhastab ilma pinguloleku ja kuivuseta. Sobib tundlikule nahale igap\u00e4evaseks kasutamiseks.","robots":{"index":"index","follow":"follow","max-snippet":"max-snippet:-1","max-image-preview":"max-image-preview:large","max-video-preview":"max-video-preview:-1"},"canonical":"https:\/\/christinakosmeetika.ee\/et\/orn-naopuhastus-kuivale-nahale\/","og_locale":"et_EE","og_type":"article","og_title":"\u00d5rn n\u00e4opuhastus kuivale nahale | Christina Forever Young","og_description":"\u00d5rn n\u00e4opuhastus kuivale nahale, mis puhastab ilma pinguloleku ja kuivuseta. Sobib tundlikule nahale igap\u00e4evaseks kasutamiseks.","og_url":"https:\/\/christinakosmeetika.ee\/et\/orn-naopuhastus-kuivale-nahale\/","og_site_name":"Christinakosmeetika","article_modified_time":"2026-02-25T09:11:47+00:00","twitter_card":"summary_large_image","twitter_misc":{"Est. reading time":"3 minutit"},"schema":{"@context":"https:\/\/schema.org","@graph":[{"@type":"WebPage","@id":"https:\/\/christinakosmeetika.ee\/et\/orn-naopuhastus-kuivale-nahale\/","url":"https:\/\/christinakosmeetika.ee\/et\/orn-naopuhastus-kuivale-nahale\/","name":"\u00d5rn n\u00e4opuhastus kuivale nahale | Christina Forever Young","isPartOf":{"@id":"https:\/\/christinakosmeetika.ee\/#website"},"datePublished":"2026-02-09T11:10:13+00:00","dateModified":"2026-02-25T09:11:47+00:00","description":"\u00d5rn n\u00e4opuhastus kuivale nahale, mis puhastab ilma pinguloleku ja kuivuseta. Sobib tundlikule nahale igap\u00e4evaseks kasutamiseks.","breadcrumb":{"@id":"https:\/\/christinakosmeetika.ee\/et\/orn-naopuhastus-kuivale-nahale\/#breadcrumb"},"inLanguage":"et","potentialAction":[{"@type":"ReadAction","target":["https:\/\/christinakosmeetika.ee\/et\/orn-naopuhastus-kuivale-nahale\/"]}]},{"@type":"BreadcrumbList","@id":"https:\/\/christinakosmeetika.ee\/et\/orn-naopuhastus-kuivale-nahale\/#breadcrumb","itemListElement":[{"@type":"ListItem","position":1,"name":"\u0413\u043b\u0430\u0432\u043d\u0430\u044f \u0441\u0442\u0440\u0430\u043d\u0438\u0446\u0430","item":"https:\/\/christinakosmeetika.ee\/et\/"},{"@type":"ListItem","position":2,"name":"\u00d5rn n\u00e4opuhastus kuivale nahale | Forever Young Gentle Cleansing Milk"}]},{"@type":"WebSite","@id":"https:\/\/christinakosmeetika.ee\/#website","url":"https:\/\/christinakosmeetika.ee\/","name":"Christinakosmeetika","description":"Christina kosmeetika Eestis","alternateName":"Christina kosmeetika Eestis","potentialAction":[{"@type":"SearchAction","target":{"@type":"EntryPoint","urlTemplate":"https:\/\/christinakosmeetika.ee\/?s={search_term_string}"},"query-input":{"@type":"PropertyValueSpecification","valueRequired":true,"valueName":"search_term_string"}}],"inLanguage":"et"}]}},"_links":{"self":[{"href":"https:\/\/christinakosmeetika.ee\/et\/wp-json\/wp\/v2\/pages\/13417","targetHints":{"allow":["GET"]}}],"collection":[{"href":"https:\/\/christinakosmeetika.ee\/et\/wp-json\/wp\/v2\/pages"}],"about":[{"href":"https:\/\/christinakosmeetika.ee\/et\/wp-json\/wp\/v2\/types\/page"}],"author":[{"embeddable":true,"href":"https:\/\/christinakosmeetika.ee\/et\/wp-json\/wp\/v2\/users\/2"}],"replies":[{"embeddable":true,"href":"https:\/\/christinakosmeetika.ee\/et\/wp-json\/wp\/v2\/comments?post=13417"}],"version-history":[{"count":0,"href":"https:\/\/christinakosmeetika.ee\/et\/wp-json\/wp\/v2\/pages\/13417\/revisions"}],"wp:attachment":[{"href":"https:\/\/christinakosmeetika.ee\/et\/wp-json\/wp\/v2\/media?parent=13417"}],"curies":[{"name":"wp","href":"https:\/\/api.w.org\/{rel}","templated":true}]}}