{"id":13298,"date":"2026-02-05T09:45:19","date_gmt":"2026-02-05T07:45:19","guid":{"rendered":"https:\/\/christinakosmeetika.ee\/nochnoy-krem-dlya-kozhi-vokrug-glaz\/"},"modified":"2026-02-25T08:47:08","modified_gmt":"2026-02-25T06:47:08","slug":"night-eye-cream","status":"publish","type":"page","link":"https:\/\/christinakosmeetika.ee\/et\/night-eye-cream\/","title":{"rendered":"\u00d6\u00f6kreem silma\u00fcmbruse nahale | Forever Young Active Night Eye Cream"},"content":{"rendered":"<div id='av-layout-grid-1'  class='av-layout-grid-container av-1pw2rf1-c5d1b5b4845e455eb342287a17b6c205 entry-content-wrapper main_color av-flex-cells  avia-builder-el-0  avia-builder-el-no-sibling   container_wrap sidebar_right'  >\n<div class='flex_cell av-4ilrkd-b8174a4e29bd36759ff243a2cf092a8a av-gridrow-cell av_one_half no_margin  avia-builder-el-1  el_before_av_cell_one_half  avia-builder-el-first '  ><div class='flex_cell_inner'>\n<style type=\"text\/css\" data-created_by=\"avia_inline_auto\" id=\"style-css-av-ml95ciyp-ddd952addf32e1f09d22274e7c299ca6\">\n.avia-image-container.av-ml95ciyp-ddd952addf32e1f09d22274e7c299ca6 img.avia_image{\nbox-shadow:none;\n}\n.avia-image-container.av-ml95ciyp-ddd952addf32e1f09d22274e7c299ca6 .av-image-caption-overlay-center{\ncolor:#ffffff;\n}\n<\/style>\n<div  class='avia-image-container av-ml95ciyp-ddd952addf32e1f09d22274e7c299ca6 av-styling- avia-align-center  avia-builder-el-2  avia-builder-el-no-sibling '   itemprop=\"image\" itemscope=\"itemscope\" itemtype=\"https:\/\/schema.org\/ImageObject\" ><div class=\"avia-image-container-inner\"><div class=\"avia-image-overlay-wrap\"><img decoding=\"async\" fetchpriority=\"high\" class='wp-image-13315 avia-img-lazy-loading-not-13315 avia_image ' src=\"https:\/\/christinakosmeetika.ee\/wp-content\/uploads\/2026\/02\/task_01kgq6f4sef2hb6wgwh7jmm708_1770305200_img_1.webp\" alt='' title='task_01kgq6f4sef2hb6wgwh7jmm708_1770305200_img_1'  height=\"1536\" width=\"1024\"  itemprop=\"thumbnailUrl\" srcset=\"https:\/\/christinakosmeetika.ee\/wp-content\/uploads\/2026\/02\/task_01kgq6f4sef2hb6wgwh7jmm708_1770305200_img_1.webp 1024w, https:\/\/christinakosmeetika.ee\/wp-content\/uploads\/2026\/02\/task_01kgq6f4sef2hb6wgwh7jmm708_1770305200_img_1-200x300.webp 200w, https:\/\/christinakosmeetika.ee\/wp-content\/uploads\/2026\/02\/task_01kgq6f4sef2hb6wgwh7jmm708_1770305200_img_1-687x1030.webp 687w, https:\/\/christinakosmeetika.ee\/wp-content\/uploads\/2026\/02\/task_01kgq6f4sef2hb6wgwh7jmm708_1770305200_img_1-768x1152.webp 768w, https:\/\/christinakosmeetika.ee\/wp-content\/uploads\/2026\/02\/task_01kgq6f4sef2hb6wgwh7jmm708_1770305200_img_1-1000x1500.webp 1000w, https:\/\/christinakosmeetika.ee\/wp-content\/uploads\/2026\/02\/task_01kgq6f4sef2hb6wgwh7jmm708_1770305200_img_1-470x705.webp 470w, https:\/\/christinakosmeetika.ee\/wp-content\/uploads\/2026\/02\/task_01kgq6f4sef2hb6wgwh7jmm708_1770305200_img_1-450x675.webp 450w, https:\/\/christinakosmeetika.ee\/wp-content\/uploads\/2026\/02\/task_01kgq6f4sef2hb6wgwh7jmm708_1770305200_img_1-600x900.webp 600w\" sizes=\"(max-width: 1024px) 100vw, 1024px\" \/><\/div><\/div><\/div>\n<\/div><\/div><div class='flex_cell av-2cwp4d-955fbad8c8d4da1b0376c0997622533a av-gridrow-cell av_one_half no_margin  avia-builder-el-3  el_after_av_cell_one_half  avia-builder-el-last '  ><div class='flex_cell_inner'><section  class='av_textblock_section av-ml95e67t-3d372dd753f55bf8949eb4c58b63007e '   itemscope=\"itemscope\" itemtype=\"https:\/\/schema.org\/CreativeWork\" ><div class='avia_textblock'  itemprop=\"text\" ><h1 data-start=\"473\" data-end=\"504\">\u00d6\u00f6kreem silma\u00fcmbruse nahale<\/h1>\n<h2 data-start=\"505\" data-end=\"544\">Forever Young Active Night Eye Cream<\/h2>\n<p data-start=\"546\" data-end=\"745\">Silma\u00fcmbruse nahk on \u00f5hem ja tundlikum kui \u00fclej\u00e4\u00e4nud n\u00e4onahk. Just siin tekivad esimesena peened kortsud, kuivus ja elastsuse v\u00e4henemine. Seet\u00f5ttu on \u00f6ine hooldus selle piirkonna jaoks eriti oluline.<\/p>\n<p data-start=\"747\" data-end=\"915\"><strong data-start=\"747\" data-end=\"818\">Forever Young Active Night Eye Cream on \u00f6\u00f6kreem silma\u00fcmbruse nahale<\/strong>, mis toetab naha taastumist une ajal, aitab parandada elastsust ja annab hommikul v\u00e4rskema ilme.<\/p>\n<hr data-start=\"917\" data-end=\"920\" \/>\n<h2 data-start=\"922\" data-end=\"968\">Millal on vaja \u00f6\u00f6kreemi silma\u00fcmbruse nahale<\/h2>\n<p data-start=\"970\" data-end=\"1005\">\u00d6ine hooldus on eriti vajalik, kui:<\/p>\n<ul data-start=\"1007\" data-end=\"1173\">\n<li data-start=\"1007\" data-end=\"1051\">\n<p data-start=\"1009\" data-end=\"1051\">silma\u00fcmbruses on n\u00e4htavad peened kortsud<\/p>\n<\/li>\n<li data-start=\"1052\" data-end=\"1079\">\n<p data-start=\"1054\" data-end=\"1079\">esinevad \u201enaerukortsud\u201c<\/p>\n<\/li>\n<li data-start=\"1080\" data-end=\"1108\">\n<p data-start=\"1082\" data-end=\"1108\">nahk tundub kuiv ja \u00f5hem<\/p>\n<\/li>\n<li data-start=\"1109\" data-end=\"1145\">\n<p data-start=\"1111\" data-end=\"1145\">on m\u00e4rgata tumedaid silmaaluseid<\/p>\n<\/li>\n<li data-start=\"1146\" data-end=\"1173\">\n<p data-start=\"1148\" data-end=\"1173\">pilk n\u00e4eb v\u00e4lja v\u00e4sinud<\/p>\n<\/li>\n<\/ul>\n<p data-start=\"1175\" data-end=\"1277\">\u00d6\u00f6sel aktiveeruvad naha uuenemisprotsessid ning \u00f5igesti valitud kreem aitab nahal t\u00f5husamalt taastuda.<\/p>\n<hr data-start=\"1279\" data-end=\"1282\" \/>\n<h2 data-start=\"1284\" data-end=\"1306\">Kuidas kreem toimib<\/h2>\n<p data-start=\"1308\" data-end=\"1342\">Valem pakub mitmek\u00fclgset hooldust:<\/p>\n<ul data-start=\"1344\" data-end=\"1499\">\n<li data-start=\"1344\" data-end=\"1368\">\n<p data-start=\"1346\" data-end=\"1368\">intensiivne niisutus<\/p>\n<\/li>\n<li data-start=\"1369\" data-end=\"1397\">\n<p data-start=\"1371\" data-end=\"1397\">naha uuenemise toetamine<\/p>\n<\/li>\n<li data-start=\"1398\" data-end=\"1423\">\n<p data-start=\"1400\" data-end=\"1423\">elastsuse parandamine<\/p>\n<\/li>\n<li data-start=\"1424\" data-end=\"1462\">\n<p data-start=\"1426\" data-end=\"1462\">peente kortsude visuaalne silumine<\/p>\n<\/li>\n<li data-start=\"1463\" data-end=\"1499\">\n<p data-start=\"1465\" data-end=\"1499\">naha \u00fcldise seisundi parandamine<\/p>\n<\/li>\n<\/ul>\n<p data-start=\"1501\" data-end=\"1579\">Regulaarsel kasutamisel muutub silma\u00fcmbruse nahk siledamaks ja hoolitsetumaks.<\/p>\n<hr data-start=\"1581\" data-end=\"1584\" \/>\n<h2 data-start=\"1586\" data-end=\"1635\">Aktiivsed koostisosad vananemisilmingute vastu<\/h2>\n<p data-start=\"1637\" data-end=\"1719\"><strong data-start=\"1637\" data-end=\"1650\">Peptiidid<\/strong> aitavad toetada naha pinguldatust ja v\u00e4hendada kortsude n\u00e4htavust.<\/p>\n<p data-start=\"1721\" data-end=\"1802\"><strong data-start=\"1721\" data-end=\"1733\">Retinool<\/strong> toetab naha uuenemist ning aitab muuta naha tekstuuri \u00fchtlasemaks.<\/p>\n<p data-start=\"1804\" data-end=\"1878\"><strong data-start=\"1804\" data-end=\"1819\">Avokaado\u00f5li<\/strong> pehmendab, v\u00e4hendab kuivust ja toetab naha kaitsebarj\u00e4\u00e4ri.<\/p>\n<p data-start=\"1880\" data-end=\"1962\">Koostis v\u00f5imaldab hooldusel toimida s\u00fcstemaatiliselt ja nahka liigselt koormamata.<\/p>\n<hr data-start=\"1964\" data-end=\"1967\" \/>\n<h2 data-start=\"1969\" data-end=\"1985\">Kellele sobib<\/h2>\n<p data-start=\"1987\" data-end=\"2021\">\u00d6\u00f6kreem silma\u00fcmbruse nahale sobib:<\/p>\n<ul data-start=\"2023\" data-end=\"2109\">\n<li data-start=\"2023\" data-end=\"2041\">\n<p data-start=\"2025\" data-end=\"2041\">kuivale nahale<\/p>\n<\/li>\n<li data-start=\"2042\" data-end=\"2064\">\n<p data-start=\"2044\" data-end=\"2064\">normaalsele nahale<\/p>\n<\/li>\n<li data-start=\"2065\" data-end=\"2089\">\n<p data-start=\"2067\" data-end=\"2089\">kombineeritud nahale<\/p>\n<\/li>\n<li data-start=\"2090\" data-end=\"2109\">\n<p data-start=\"2092\" data-end=\"2109\">rasusele nahale<\/p>\n<\/li>\n<\/ul>\n<p data-start=\"2111\" data-end=\"2188\">Eriti siis, kui esinevad esimesed vananemisilmingud v\u00f5i elastsuse v\u00e4henemine.<\/p>\n<hr data-start=\"2190\" data-end=\"2193\" \/>\n<h2 data-start=\"2195\" data-end=\"2208\">Kasutamine<\/h2>\n<p data-start=\"2210\" data-end=\"2265\">Kanna v\u00e4ike kogus puhastatud silma\u00fcmbruse nahale \u00f5htul.<\/p>\n<p data-start=\"2267\" data-end=\"2354\">Tundliku naha korral 1\u20132 korda n\u00e4dalas.<br data-start=\"2306\" data-end=\"2309\" \/>Hea taluvuse korral v\u00f5ib kasutada igal \u00f5htul.<\/p>\n<hr data-start=\"2356\" data-end=\"2359\" \/>\n<h2 data-start=\"2361\" data-end=\"2397\">Tulemused regulaarsel kasutamisel<\/h2>\n<ul data-start=\"2399\" data-end=\"2562\">\n<li data-start=\"2399\" data-end=\"2426\">\n<p data-start=\"2401\" data-end=\"2426\">nahk n\u00e4eb v\u00e4lja siledam<\/p>\n<\/li>\n<li data-start=\"2427\" data-end=\"2447\">\n<p data-start=\"2429\" data-end=\"2447\">elastsus paraneb<\/p>\n<\/li>\n<li data-start=\"2448\" data-end=\"2493\">\n<p data-start=\"2450\" data-end=\"2493\">peened kortsud muutuvad v\u00e4hem m\u00e4rgatavaks<\/p>\n<\/li>\n<li data-start=\"2494\" data-end=\"2517\">\n<p data-start=\"2496\" data-end=\"2517\">pilk tundub v\u00e4rskem<\/p>\n<\/li>\n<li data-start=\"2518\" data-end=\"2562\">\n<p data-start=\"2520\" data-end=\"2562\">silma\u00fcmbruse nahk n\u00e4eb hoolitsetum v\u00e4lja<\/p>\n<\/li>\n<\/ul>\n<p data-start=\"2564\" data-end=\"2703\">Forever Young Active Night Eye Cream on \u00f6\u00f6kreem silma\u00fcmbruse nahale, mis aitab toetada naha taastumist ja s\u00e4ilitada nooruslikumat v\u00e4limust.<\/p>\n<\/div><\/section><br \/>\n<div  class='avia-button-wrap av-ml95fb7f-d856cf27ae165d9a8d3418596e955ed9-wrap avia-button-center  avia-builder-el-5  el_after_av_textblock  el_before_av_button '><a href='https:\/\/christinakosmeetika.ee\/et\/toode\/forever-young-active-night-eye-cream-et\/'  class='avia-button av-ml95fb7f-d856cf27ae165d9a8d3418596e955ed9 av-link-btn avia-icon_select-no avia-size-small avia-position-center avia-color-theme-color'   aria-label=\"Osta\"><span class='avia_iconbox_title' >Osta<\/span><\/a><\/div><br \/>\n<div  class='avia-button-wrap av-ml95gh0z-a33c36b909f9405e784f4a5faaaaf205-wrap avia-button-center  avia-builder-el-6  el_after_av_button  avia-builder-el-last '><a href='https:\/\/christinakosmeetika.ee\/et\/shop\/?filter_linii-kosmetiki=forever-young-et'  class='avia-button av-ml95gh0z-a33c36b909f9405e784f4a5faaaaf205 av-link-btn avia-icon_select-no avia-size-small avia-position-center avia-color-theme-color'   aria-label=\"Tagasi sarja\"><span class='avia_iconbox_title' >Tagasi sarja<\/span><\/a><\/div><\/p>\n<\/div><\/div><\/div>\n","protected":false},"excerpt":{"rendered":"","protected":false},"author":2,"featured_media":0,"parent":0,"menu_order":0,"comment_status":"closed","ping_status":"closed","template":"","meta":{"footnotes":""},"class_list":["post-13298","page","type-page","status-publish","hentry"],"yoast_head":"<!-- This site is optimized with the Yoast SEO plugin v27.5 - https:\/\/yoast.com\/product\/yoast-seo-wordpress\/ -->\n<title>\u00d6\u00f6kreem silma\u00fcmbruse nahale kortsude vastu | Forever Young<\/title>\n<meta name=\"description\" content=\"\u00d6\u00f6kreem silma\u00fcmbruse nahale aitab v\u00e4hendada kortse, parandada elastsust ja muuta pilgu v\u00e4rskemaks. Sobib kasutamiseks p\u00e4rast 35. eluaastat.\" \/>\n<meta name=\"robots\" content=\"index, follow, max-snippet:-1, max-image-preview:large, max-video-preview:-1\" \/>\n<link rel=\"canonical\" href=\"https:\/\/christinakosmeetika.ee\/et\/night-eye-cream\/\" \/>\n<meta property=\"og:locale\" content=\"et_EE\" \/>\n<meta property=\"og:type\" content=\"article\" \/>\n<meta property=\"og:title\" content=\"\u00d6\u00f6kreem silma\u00fcmbruse nahale kortsude vastu | Forever Young\" \/>\n<meta property=\"og:description\" content=\"\u00d6\u00f6kreem silma\u00fcmbruse nahale aitab v\u00e4hendada kortse, parandada elastsust ja muuta pilgu v\u00e4rskemaks. Sobib kasutamiseks p\u00e4rast 35. eluaastat.\" \/>\n<meta property=\"og:url\" content=\"https:\/\/christinakosmeetika.ee\/et\/night-eye-cream\/\" \/>\n<meta property=\"og:site_name\" content=\"Christinakosmeetika\" \/>\n<meta property=\"article:modified_time\" content=\"2026-02-25T06:47:08+00:00\" \/>\n<meta name=\"twitter:card\" content=\"summary_large_image\" \/>\n<meta name=\"twitter:label1\" content=\"Est. reading time\" \/>\n\t<meta name=\"twitter:data1\" content=\"2 minutit\" \/>\n<script type=\"application\/ld+json\" class=\"yoast-schema-graph\">{\"@context\":\"https:\\\/\\\/schema.org\",\"@graph\":[{\"@type\":\"WebPage\",\"@id\":\"https:\\\/\\\/christinakosmeetika.ee\\\/et\\\/night-eye-cream\\\/\",\"url\":\"https:\\\/\\\/christinakosmeetika.ee\\\/et\\\/night-eye-cream\\\/\",\"name\":\"\u00d6\u00f6kreem silma\u00fcmbruse nahale kortsude vastu | Forever Young\",\"isPartOf\":{\"@id\":\"https:\\\/\\\/christinakosmeetika.ee\\\/#website\"},\"datePublished\":\"2026-02-05T07:45:19+00:00\",\"dateModified\":\"2026-02-25T06:47:08+00:00\",\"description\":\"\u00d6\u00f6kreem silma\u00fcmbruse nahale aitab v\u00e4hendada kortse, parandada elastsust ja muuta pilgu v\u00e4rskemaks. Sobib kasutamiseks p\u00e4rast 35. eluaastat.\",\"breadcrumb\":{\"@id\":\"https:\\\/\\\/christinakosmeetika.ee\\\/et\\\/night-eye-cream\\\/#breadcrumb\"},\"inLanguage\":\"et\",\"potentialAction\":[{\"@type\":\"ReadAction\",\"target\":[\"https:\\\/\\\/christinakosmeetika.ee\\\/et\\\/night-eye-cream\\\/\"]}]},{\"@type\":\"BreadcrumbList\",\"@id\":\"https:\\\/\\\/christinakosmeetika.ee\\\/et\\\/night-eye-cream\\\/#breadcrumb\",\"itemListElement\":[{\"@type\":\"ListItem\",\"position\":1,\"name\":\"\u0413\u043b\u0430\u0432\u043d\u0430\u044f \u0441\u0442\u0440\u0430\u043d\u0438\u0446\u0430\",\"item\":\"https:\\\/\\\/christinakosmeetika.ee\\\/et\\\/\"},{\"@type\":\"ListItem\",\"position\":2,\"name\":\"\u00d6\u00f6kreem silma\u00fcmbruse nahale | Forever Young Active Night Eye Cream\"}]},{\"@type\":\"WebSite\",\"@id\":\"https:\\\/\\\/christinakosmeetika.ee\\\/#website\",\"url\":\"https:\\\/\\\/christinakosmeetika.ee\\\/\",\"name\":\"Christinakosmeetika\",\"description\":\"Christina kosmeetika Eestis\",\"alternateName\":\"Christina kosmeetika Eestis\",\"potentialAction\":[{\"@type\":\"SearchAction\",\"target\":{\"@type\":\"EntryPoint\",\"urlTemplate\":\"https:\\\/\\\/christinakosmeetika.ee\\\/?s={search_term_string}\"},\"query-input\":{\"@type\":\"PropertyValueSpecification\",\"valueRequired\":true,\"valueName\":\"search_term_string\"}}],\"inLanguage\":\"et\"}]}<\/script>\n<!-- \/ Yoast SEO plugin. -->","yoast_head_json":{"title":"\u00d6\u00f6kreem silma\u00fcmbruse nahale kortsude vastu | Forever Young","description":"\u00d6\u00f6kreem silma\u00fcmbruse nahale aitab v\u00e4hendada kortse, parandada elastsust ja muuta pilgu v\u00e4rskemaks. Sobib kasutamiseks p\u00e4rast 35. eluaastat.","robots":{"index":"index","follow":"follow","max-snippet":"max-snippet:-1","max-image-preview":"max-image-preview:large","max-video-preview":"max-video-preview:-1"},"canonical":"https:\/\/christinakosmeetika.ee\/et\/night-eye-cream\/","og_locale":"et_EE","og_type":"article","og_title":"\u00d6\u00f6kreem silma\u00fcmbruse nahale kortsude vastu | Forever Young","og_description":"\u00d6\u00f6kreem silma\u00fcmbruse nahale aitab v\u00e4hendada kortse, parandada elastsust ja muuta pilgu v\u00e4rskemaks. Sobib kasutamiseks p\u00e4rast 35. eluaastat.","og_url":"https:\/\/christinakosmeetika.ee\/et\/night-eye-cream\/","og_site_name":"Christinakosmeetika","article_modified_time":"2026-02-25T06:47:08+00:00","twitter_card":"summary_large_image","twitter_misc":{"Est. reading time":"2 minutit"},"schema":{"@context":"https:\/\/schema.org","@graph":[{"@type":"WebPage","@id":"https:\/\/christinakosmeetika.ee\/et\/night-eye-cream\/","url":"https:\/\/christinakosmeetika.ee\/et\/night-eye-cream\/","name":"\u00d6\u00f6kreem silma\u00fcmbruse nahale kortsude vastu | Forever Young","isPartOf":{"@id":"https:\/\/christinakosmeetika.ee\/#website"},"datePublished":"2026-02-05T07:45:19+00:00","dateModified":"2026-02-25T06:47:08+00:00","description":"\u00d6\u00f6kreem silma\u00fcmbruse nahale aitab v\u00e4hendada kortse, parandada elastsust ja muuta pilgu v\u00e4rskemaks. Sobib kasutamiseks p\u00e4rast 35. eluaastat.","breadcrumb":{"@id":"https:\/\/christinakosmeetika.ee\/et\/night-eye-cream\/#breadcrumb"},"inLanguage":"et","potentialAction":[{"@type":"ReadAction","target":["https:\/\/christinakosmeetika.ee\/et\/night-eye-cream\/"]}]},{"@type":"BreadcrumbList","@id":"https:\/\/christinakosmeetika.ee\/et\/night-eye-cream\/#breadcrumb","itemListElement":[{"@type":"ListItem","position":1,"name":"\u0413\u043b\u0430\u0432\u043d\u0430\u044f \u0441\u0442\u0440\u0430\u043d\u0438\u0446\u0430","item":"https:\/\/christinakosmeetika.ee\/et\/"},{"@type":"ListItem","position":2,"name":"\u00d6\u00f6kreem silma\u00fcmbruse nahale | Forever Young Active Night Eye Cream"}]},{"@type":"WebSite","@id":"https:\/\/christinakosmeetika.ee\/#website","url":"https:\/\/christinakosmeetika.ee\/","name":"Christinakosmeetika","description":"Christina kosmeetika Eestis","alternateName":"Christina kosmeetika Eestis","potentialAction":[{"@type":"SearchAction","target":{"@type":"EntryPoint","urlTemplate":"https:\/\/christinakosmeetika.ee\/?s={search_term_string}"},"query-input":{"@type":"PropertyValueSpecification","valueRequired":true,"valueName":"search_term_string"}}],"inLanguage":"et"}]}},"_links":{"self":[{"href":"https:\/\/christinakosmeetika.ee\/et\/wp-json\/wp\/v2\/pages\/13298","targetHints":{"allow":["GET"]}}],"collection":[{"href":"https:\/\/christinakosmeetika.ee\/et\/wp-json\/wp\/v2\/pages"}],"about":[{"href":"https:\/\/christinakosmeetika.ee\/et\/wp-json\/wp\/v2\/types\/page"}],"author":[{"embeddable":true,"href":"https:\/\/christinakosmeetika.ee\/et\/wp-json\/wp\/v2\/users\/2"}],"replies":[{"embeddable":true,"href":"https:\/\/christinakosmeetika.ee\/et\/wp-json\/wp\/v2\/comments?post=13298"}],"version-history":[{"count":0,"href":"https:\/\/christinakosmeetika.ee\/et\/wp-json\/wp\/v2\/pages\/13298\/revisions"}],"wp:attachment":[{"href":"https:\/\/christinakosmeetika.ee\/et\/wp-json\/wp\/v2\/media?parent=13298"}],"curies":[{"name":"wp","href":"https:\/\/api.w.org\/{rel}","templated":true}]}}