{"id":13225,"date":"2026-02-05T00:10:15","date_gmt":"2026-02-04T22:10:15","guid":{"rendered":"https:\/\/christinakosmeetika.ee\/comodex-soothe-regulate-mask\/"},"modified":"2026-04-08T14:56:29","modified_gmt":"2026-04-08T11:56:29","slug":"comodex-soothe-regulate-mask","status":"publish","type":"page","link":"https:\/\/christinakosmeetika.ee\/et\/comodex-soothe-regulate-mask\/","title":{"rendered":"Mask rasusele ja probleemsele n\u00e4onahale"},"content":{"rendered":"<div id='av-layout-grid-1'  class='av-layout-grid-container av-6d3vrw-40a964b4219b5703ef700adfa700d4ce entry-content-wrapper main_color av-flex-cells  avia-builder-el-0  avia-builder-el-no-sibling   container_wrap sidebar_right'  >\n<div class='flex_cell av-1auaav0-ef4f46d63e2412b16248dc05cc64c25f av-gridrow-cell av_one_half no_margin  avia-builder-el-1  el_before_av_cell_one_half  avia-builder-el-first '  ><div class='flex_cell_inner'>\n<style type=\"text\/css\" data-created_by=\"avia_inline_auto\" id=\"style-css-av-ml8kq7n1-1520105986b8fb762cbeeae311ac99e5\">\n.avia-image-container.av-ml8kq7n1-1520105986b8fb762cbeeae311ac99e5 img.avia_image{\nbox-shadow:none;\n}\n.avia-image-container.av-ml8kq7n1-1520105986b8fb762cbeeae311ac99e5 .av-image-caption-overlay-center{\ncolor:#ffffff;\n}\n<\/style>\n<div  class='avia-image-container av-ml8kq7n1-1520105986b8fb762cbeeae311ac99e5 av-styling- avia-align-center  avia-builder-el-2  avia-builder-el-no-sibling '   itemprop=\"image\" itemscope=\"itemscope\" itemtype=\"https:\/\/schema.org\/ImageObject\" ><div class=\"avia-image-container-inner\"><div class=\"avia-image-overlay-wrap\"><img decoding=\"async\" fetchpriority=\"high\" class='wp-image- avia-img-lazy-loading-not- avia_image ' src=\"https:\/\/christinakosmeetika.ee\/wp-content\/uploads\/2021\/04\/soothe.webp\" alt='' title=''   itemprop=\"thumbnailUrl\"  \/><\/div><\/div><\/div>\n<\/div><\/div><div class='flex_cell av-pws3ng-b37685e917d335c3866b5e873f23538d av-gridrow-cell av_one_half no_margin  avia-builder-el-3  el_after_av_cell_one_half  avia-builder-el-last '  ><div class='flex_cell_inner'><section  class='av_textblock_section av-ml8ksejb-d0e2c942edd2eedea3cf0263e169a6f5 '   itemscope=\"itemscope\" itemtype=\"https:\/\/schema.org\/CreativeWork\" ><div class='avia_textblock'  itemprop=\"text\" ><h1 data-start=\"204\" data-end=\"250\"><strong data-start=\"207\" data-end=\"250\">Mask rasusele ja probleemsele n\u00e4onahale<\/strong><\/h1>\n<h2 data-start=\"252\" data-end=\"302\"><strong data-start=\"256\" data-end=\"300\">Christina Comodex Soothe &#038; Regulate Mask<\/strong><\/h2>\n<p data-start=\"344\" data-end=\"566\">Rasune ja probleemne nahk ei ole alati lihtsalt \u201erasune\u201c. Sageli muutub see p\u00e4eva jooksul kiiresti l\u00e4ikivaks, poorid tunduvad ummistunud ning nahk v\u00f5ib v\u00e4lja n\u00e4ha rahutu ja eba\u00fchtlane isegi siis, kui hooldus on regulaarne.<\/p>\n<p data-start=\"568\" data-end=\"721\">Sellistes olukordades ei vaja nahk tugevamat puhastamist, vaid toodet, mis aitab taastada tasakaalu, rahustada nahka ja muuta selle v\u00e4limust \u00fchtlasemaks.<\/p>\n<p data-start=\"723\" data-end=\"855\">Christina Comodex Soothe &#038; Regulate Mask on loodud just rasusele ja probleemsele nahale, mis vajab kontrolli ilma liigse koormuseta.<\/p>\n<hr data-start=\"857\" data-end=\"860\" \/>\n<h3 data-start=\"862\" data-end=\"910\">Millal rasune ja probleemne nahk vajab maski<\/h3>\n<p data-start=\"912\" data-end=\"940\">Mask on hea valik, kui nahk:<\/p>\n<ul>\n<li data-start=\"944\" data-end=\"970\">muutub kiiresti rasuseks<\/li>\n<li data-start=\"973\" data-end=\"1012\">kaotab p\u00e4eva jooksul matistava efekti<\/li>\n<li data-start=\"1015\" data-end=\"1054\">n\u00e4eb v\u00e4lja \u00fclekoormatud ja eba\u00fchtlane<\/li>\n<li data-start=\"1057\" data-end=\"1085\">kipub punetama ja \u00e4rrituma<\/li>\n<li data-start=\"1088\" data-end=\"1141\">ei reageeri h\u00e4sti agressiivsetele puhastustoodetele<\/li>\n<li data-start=\"1144\" data-end=\"1176\">vajab rahustamist ja tasakaalu<\/li>\n<\/ul>\n<p data-start=\"1178\" data-end=\"1250\">See mask sobib nii nooruslikule kui ka t\u00e4iskasvanud probleemsele nahale.<\/p>\n<hr data-start=\"1252\" data-end=\"1255\" \/>\n<h3 data-start=\"1257\" data-end=\"1311\">Mida Christina Comodex Soothe &#038; Regulate Mask teeb<\/h3>\n<p data-start=\"1313\" data-end=\"1464\">Christina Comodex Soothe &#038; Regulate Mask on rahustav ja rasueritust reguleeriv n\u00e4omask, mis aitab parandada rasuse ja probleemse naha \u00fcldist seisundit.<\/p>\n<p data-start=\"1466\" data-end=\"1477\">Mask aitab:<\/p>\n<ul>\n<li data-start=\"1481\" data-end=\"1501\">imada liigset rasu<\/li>\n<li data-start=\"1504\" data-end=\"1530\">v\u00e4hendada naha l\u00e4ikimist<\/li>\n<li data-start=\"1533\" data-end=\"1588\">muuta poorid visuaalselt puhtamaks ja v\u00e4hem n\u00e4htavaks<\/li>\n<li data-start=\"1591\" data-end=\"1630\">rahustada nahka ja v\u00e4hendada punetust<\/li>\n<li data-start=\"1633\" data-end=\"1668\">muuta nahk matimaks ja siledamaks<\/li>\n<\/ul>\n<p data-start=\"1670\" data-end=\"1786\">Tegemist ei ole ajutise efektiga, vaid hooldustoega, mis aitab nahal p\u00fcsida tasakaalus regulaarse kasutamise korral.<\/p>\n<hr data-start=\"1788\" data-end=\"1791\" \/>\n<h3 data-start=\"1793\" data-end=\"1815\">Kuidas mask toimib<\/h3>\n<p data-start=\"1817\" data-end=\"1956\">Maski koostis on suunatud rasuse ja probleemse naha peamistele vajadustele. See toimib t\u00f5husalt, kuid samas \u00f5rnalt, ilma nahka kuivatamata.<\/p>\n<p data-start=\"1958\" data-end=\"1998\">Regulaarse kasutamisega n\u00e4eb nahk v\u00e4lja:<\/p>\n<ul>\n<li data-start=\"2000\" data-end=\"2013\">\n<p data-start=\"2002\" data-end=\"2013\">rahulikum<\/p>\n<\/li>\n<li data-start=\"2016\" data-end=\"2030\">v\u00e4hem l\u00e4ikiv<\/li>\n<li data-start=\"2033\" data-end=\"2043\">\u00fchtlasem<\/li>\n<li data-start=\"2046\" data-end=\"2059\">hoolitsetum<\/li>\n<\/ul>\n<p data-start=\"2061\" data-end=\"2121\">Mask sobib kasutamiseks kuuridena v\u00f5i p\u00fcsiva hooldusetapina.<\/p>\n<hr data-start=\"2123\" data-end=\"2126\" \/>\n<h3 data-start=\"2128\" data-end=\"2154\">Maski peamised eelised<\/h3>\n<ul>\n<li data-start=\"2158\" data-end=\"2189\">aitab reguleerida rasueritust<\/li>\n<li data-start=\"2192\" data-end=\"2243\">sobib nahale, millel esineb vistrikke ja punetust<\/li>\n<li data-start=\"2246\" data-end=\"2281\">toetab puhtamate pooride v\u00e4limust<\/li>\n<li data-start=\"2284\" data-end=\"2309\">parandab naha tekstuuri<\/li>\n<li data-start=\"2312\" data-end=\"2356\">muudab naha matimaks ja tasakaalustatumaks<\/li>\n<li data-start=\"2359\" data-end=\"2388\">sobib koduseks kasutamiseks<\/li>\n<\/ul>\n<hr data-start=\"2390\" data-end=\"2393\" \/>\n<h3 data-start=\"2395\" data-end=\"2434\">Olulisemad toimeained ja nende roll<\/h3>\n<p data-start=\"2436\" data-end=\"2511\"><strong data-start=\"2436\" data-end=\"2453\">Salits\u00fc\u00fclhape<\/strong><br data-start=\"2453\" data-end=\"2456\" \/>Aitab puhastada poore ja toetab naha selgemat v\u00e4limust.<\/p>\n<p data-start=\"2513\" data-end=\"2614\"><strong data-start=\"2513\" data-end=\"2539\">Rahustavad komponendid<\/strong><br data-start=\"2539\" data-end=\"2542\" \/>Aitavad v\u00e4hendada \u00e4rritust ja punetust ning toetavad naha mugavustunnet.<\/p>\n<p data-start=\"2616\" data-end=\"2694\"><strong data-start=\"2616\" data-end=\"2638\">Imavad koostisosad<\/strong><br data-start=\"2638\" data-end=\"2641\" \/>Aitavad kontrollida liigset rasu ja v\u00e4hendada l\u00e4iget.<\/p>\n<p data-start=\"2696\" data-end=\"2774\">K\u00f5ik koostisosad toimivad koos, ilma naha loomulikku kaitsebarj\u00e4\u00e4ri h\u00e4irimata.<\/p>\n<hr data-start=\"2776\" data-end=\"2779\" \/>\n<h3 data-start=\"2781\" data-end=\"2806\">Kuidas maski kasutada<\/h3>\n<p data-start=\"2808\" data-end=\"2950\">Kanna mask \u00fchtlase kihina puhastatud n\u00e4onahale, v\u00e4ltides silma\u00fcmbruse piirkonda.<br data-start=\"2888\" data-end=\"2891\" \/>J\u00e4ta toimima 10\u201315 minutiks ja seej\u00e4rel loputa leige veega.<\/p>\n<p data-start=\"2952\" data-end=\"3003\"><strong data-start=\"2952\" data-end=\"2982\">Soovitatav kasutussagedus:<\/strong><br data-start=\"2982\" data-end=\"2985\" \/>2\u20133 korda n\u00e4dalas.<\/p>\n<hr data-start=\"3005\" data-end=\"3008\" \/>\n<h3 data-start=\"3010\" data-end=\"3050\">Tulemus regulaarse kasutamise korral<\/h3>\n<p data-start=\"3052\" data-end=\"3076\">Regulaarse kasutamisega:<\/p>\n<ul>\n<li data-start=\"3080\" data-end=\"3108\">nahk muutub v\u00e4hem rasuseks<\/li>\n<li data-start=\"3111\" data-end=\"3144\">l\u00e4ige on paremini kontrolli all<\/li>\n<li data-start=\"3147\" data-end=\"3177\">poorid n\u00e4evad puhtamad v\u00e4lja<\/li>\n<li data-start=\"3180\" data-end=\"3218\">punetus ja ebamugavustunne v\u00e4henevad<\/li>\n<li data-start=\"3221\" data-end=\"3263\">nahk n\u00e4eb rahulikum ja hoolitsetum v\u00e4lja<\/li>\n<\/ul>\n<hr data-start=\"3265\" data-end=\"3268\" \/>\n<h3 data-start=\"3270\" data-end=\"3283\">Kokkuv\u00f5te<\/h3>\n<p data-start=\"3285\" data-end=\"3464\">Christina Comodex Soothe &#038; Regulate Mask on mask rasusele ja probleemsele n\u00e4onahale, mis aitab toetada naha tasakaalu, puhtamat v\u00e4limust ja matimat tulemust igap\u00e4evases hoolduses.<\/p>\n<p data-start=\"3466\" data-end=\"3615\">See on hea valik neile, kes otsivad toodet, mis aitab nahka rahustada ja kontrolli alla saada \u2014 ilma agressiivse m\u00f5juta ja ilma liigsete lubadusteta.<\/p>\n<\/div><\/section><br \/>\n<div  class='avia-button-wrap av-ml8ktj8z-b1e0700534f2e6cd2a7170af626fe21b-wrap avia-button-center  avia-builder-el-5  el_after_av_textblock  el_before_av_button '><a href=' https:\/\/christinakosmeetika.ee\/et\/toode\/christina-comodex-soothe-regula-rahustav-reguleeriv-mask-et\/'  class='avia-button av-ml8ktj8z-b1e0700534f2e6cd2a7170af626fe21b av-link-btn avia-icon_select-no avia-size-small avia-position-center avia-color-theme-color'   aria-label=\"Osta\"><span class='avia_iconbox_title' >Osta<\/span><\/a><\/div><br \/>\n<div  class='avia-button-wrap av-ml8kupw5-21a256faea0f28e0fc50542d9c8136f8-wrap avia-button-center  avia-builder-el-6  el_after_av_button  avia-builder-el-last '><a href='https:\/\/christinakosmeetika.ee\/et\/shop\/?filter_linii-kosmetiki=comodex-et'  class='avia-button av-ml8kupw5-21a256faea0f28e0fc50542d9c8136f8 av-link-btn avia-icon_select-no avia-size-small avia-position-center avia-color-theme-color'   aria-label=\"Tagasi sarja\"><span class='avia_iconbox_title' >Tagasi sarja<\/span><\/a><\/div><\/p>\n<\/div><\/div><\/div>\n","protected":false},"excerpt":{"rendered":"","protected":false},"author":2,"featured_media":0,"parent":0,"menu_order":0,"comment_status":"closed","ping_status":"closed","template":"","meta":{"footnotes":""},"class_list":["post-13225","page","type-page","status-publish","hentry"],"yoast_head":"<!-- This site is optimized with the Yoast SEO plugin v27.5 - https:\/\/yoast.com\/product\/yoast-seo-wordpress\/ -->\n<title>Mask rasusele ja probleemsele nahale | Christina Comodex<\/title>\n<meta name=\"description\" content=\"Mask rasusele ja probleemsele nahale, mis aitab kontrollida rasueritust, v\u00e4hendada l\u00e4iget ja parandada naha \u00fcldist v\u00e4ljan\u00e4gemist.\" \/>\n<meta name=\"robots\" content=\"index, follow, max-snippet:-1, max-image-preview:large, max-video-preview:-1\" \/>\n<link rel=\"canonical\" href=\"https:\/\/christinakosmeetika.ee\/et\/comodex-soothe-regulate-mask\/\" \/>\n<meta property=\"og:locale\" content=\"et_EE\" \/>\n<meta property=\"og:type\" content=\"article\" \/>\n<meta property=\"og:title\" content=\"Mask rasusele ja probleemsele nahale | Christina Comodex\" \/>\n<meta property=\"og:description\" content=\"Mask rasusele ja probleemsele nahale, mis aitab kontrollida rasueritust, v\u00e4hendada l\u00e4iget ja parandada naha \u00fcldist v\u00e4ljan\u00e4gemist.\" \/>\n<meta property=\"og:url\" content=\"https:\/\/christinakosmeetika.ee\/et\/comodex-soothe-regulate-mask\/\" \/>\n<meta property=\"og:site_name\" content=\"Christinakosmeetika\" \/>\n<meta property=\"article:modified_time\" content=\"2026-04-08T11:56:29+00:00\" \/>\n<meta name=\"twitter:card\" content=\"summary_large_image\" \/>\n<meta name=\"twitter:label1\" content=\"Est. reading time\" \/>\n\t<meta name=\"twitter:data1\" content=\"3 minutit\" \/>\n<script type=\"application\/ld+json\" class=\"yoast-schema-graph\">{\"@context\":\"https:\\\/\\\/schema.org\",\"@graph\":[{\"@type\":\"WebPage\",\"@id\":\"https:\\\/\\\/christinakosmeetika.ee\\\/et\\\/comodex-soothe-regulate-mask\\\/\",\"url\":\"https:\\\/\\\/christinakosmeetika.ee\\\/et\\\/comodex-soothe-regulate-mask\\\/\",\"name\":\"Mask rasusele ja probleemsele nahale | Christina Comodex\",\"isPartOf\":{\"@id\":\"https:\\\/\\\/christinakosmeetika.ee\\\/#website\"},\"datePublished\":\"2026-02-04T22:10:15+00:00\",\"dateModified\":\"2026-04-08T11:56:29+00:00\",\"description\":\"Mask rasusele ja probleemsele nahale, mis aitab kontrollida rasueritust, v\u00e4hendada l\u00e4iget ja parandada naha \u00fcldist v\u00e4ljan\u00e4gemist.\",\"breadcrumb\":{\"@id\":\"https:\\\/\\\/christinakosmeetika.ee\\\/et\\\/comodex-soothe-regulate-mask\\\/#breadcrumb\"},\"inLanguage\":\"et\",\"potentialAction\":[{\"@type\":\"ReadAction\",\"target\":[\"https:\\\/\\\/christinakosmeetika.ee\\\/et\\\/comodex-soothe-regulate-mask\\\/\"]}]},{\"@type\":\"BreadcrumbList\",\"@id\":\"https:\\\/\\\/christinakosmeetika.ee\\\/et\\\/comodex-soothe-regulate-mask\\\/#breadcrumb\",\"itemListElement\":[{\"@type\":\"ListItem\",\"position\":1,\"name\":\"\u0413\u043b\u0430\u0432\u043d\u0430\u044f \u0441\u0442\u0440\u0430\u043d\u0438\u0446\u0430\",\"item\":\"https:\\\/\\\/christinakosmeetika.ee\\\/et\\\/\"},{\"@type\":\"ListItem\",\"position\":2,\"name\":\"Mask rasusele ja probleemsele n\u00e4onahale\"}]},{\"@type\":\"WebSite\",\"@id\":\"https:\\\/\\\/christinakosmeetika.ee\\\/#website\",\"url\":\"https:\\\/\\\/christinakosmeetika.ee\\\/\",\"name\":\"Christinakosmeetika\",\"description\":\"Christina kosmeetika Eestis\",\"alternateName\":\"Christina kosmeetika Eestis\",\"potentialAction\":[{\"@type\":\"SearchAction\",\"target\":{\"@type\":\"EntryPoint\",\"urlTemplate\":\"https:\\\/\\\/christinakosmeetika.ee\\\/?s={search_term_string}\"},\"query-input\":{\"@type\":\"PropertyValueSpecification\",\"valueRequired\":true,\"valueName\":\"search_term_string\"}}],\"inLanguage\":\"et\"}]}<\/script>\n<!-- \/ Yoast SEO plugin. -->","yoast_head_json":{"title":"Mask rasusele ja probleemsele nahale | Christina Comodex","description":"Mask rasusele ja probleemsele nahale, mis aitab kontrollida rasueritust, v\u00e4hendada l\u00e4iget ja parandada naha \u00fcldist v\u00e4ljan\u00e4gemist.","robots":{"index":"index","follow":"follow","max-snippet":"max-snippet:-1","max-image-preview":"max-image-preview:large","max-video-preview":"max-video-preview:-1"},"canonical":"https:\/\/christinakosmeetika.ee\/et\/comodex-soothe-regulate-mask\/","og_locale":"et_EE","og_type":"article","og_title":"Mask rasusele ja probleemsele nahale | Christina Comodex","og_description":"Mask rasusele ja probleemsele nahale, mis aitab kontrollida rasueritust, v\u00e4hendada l\u00e4iget ja parandada naha \u00fcldist v\u00e4ljan\u00e4gemist.","og_url":"https:\/\/christinakosmeetika.ee\/et\/comodex-soothe-regulate-mask\/","og_site_name":"Christinakosmeetika","article_modified_time":"2026-04-08T11:56:29+00:00","twitter_card":"summary_large_image","twitter_misc":{"Est. reading time":"3 minutit"},"schema":{"@context":"https:\/\/schema.org","@graph":[{"@type":"WebPage","@id":"https:\/\/christinakosmeetika.ee\/et\/comodex-soothe-regulate-mask\/","url":"https:\/\/christinakosmeetika.ee\/et\/comodex-soothe-regulate-mask\/","name":"Mask rasusele ja probleemsele nahale | Christina Comodex","isPartOf":{"@id":"https:\/\/christinakosmeetika.ee\/#website"},"datePublished":"2026-02-04T22:10:15+00:00","dateModified":"2026-04-08T11:56:29+00:00","description":"Mask rasusele ja probleemsele nahale, mis aitab kontrollida rasueritust, v\u00e4hendada l\u00e4iget ja parandada naha \u00fcldist v\u00e4ljan\u00e4gemist.","breadcrumb":{"@id":"https:\/\/christinakosmeetika.ee\/et\/comodex-soothe-regulate-mask\/#breadcrumb"},"inLanguage":"et","potentialAction":[{"@type":"ReadAction","target":["https:\/\/christinakosmeetika.ee\/et\/comodex-soothe-regulate-mask\/"]}]},{"@type":"BreadcrumbList","@id":"https:\/\/christinakosmeetika.ee\/et\/comodex-soothe-regulate-mask\/#breadcrumb","itemListElement":[{"@type":"ListItem","position":1,"name":"\u0413\u043b\u0430\u0432\u043d\u0430\u044f \u0441\u0442\u0440\u0430\u043d\u0438\u0446\u0430","item":"https:\/\/christinakosmeetika.ee\/et\/"},{"@type":"ListItem","position":2,"name":"Mask rasusele ja probleemsele n\u00e4onahale"}]},{"@type":"WebSite","@id":"https:\/\/christinakosmeetika.ee\/#website","url":"https:\/\/christinakosmeetika.ee\/","name":"Christinakosmeetika","description":"Christina kosmeetika Eestis","alternateName":"Christina kosmeetika Eestis","potentialAction":[{"@type":"SearchAction","target":{"@type":"EntryPoint","urlTemplate":"https:\/\/christinakosmeetika.ee\/?s={search_term_string}"},"query-input":{"@type":"PropertyValueSpecification","valueRequired":true,"valueName":"search_term_string"}}],"inLanguage":"et"}]}},"_links":{"self":[{"href":"https:\/\/christinakosmeetika.ee\/et\/wp-json\/wp\/v2\/pages\/13225","targetHints":{"allow":["GET"]}}],"collection":[{"href":"https:\/\/christinakosmeetika.ee\/et\/wp-json\/wp\/v2\/pages"}],"about":[{"href":"https:\/\/christinakosmeetika.ee\/et\/wp-json\/wp\/v2\/types\/page"}],"author":[{"embeddable":true,"href":"https:\/\/christinakosmeetika.ee\/et\/wp-json\/wp\/v2\/users\/2"}],"replies":[{"embeddable":true,"href":"https:\/\/christinakosmeetika.ee\/et\/wp-json\/wp\/v2\/comments?post=13225"}],"version-history":[{"count":0,"href":"https:\/\/christinakosmeetika.ee\/et\/wp-json\/wp\/v2\/pages\/13225\/revisions"}],"wp:attachment":[{"href":"https:\/\/christinakosmeetika.ee\/et\/wp-json\/wp\/v2\/media?parent=13225"}],"curies":[{"name":"wp","href":"https:\/\/api.w.org\/{rel}","templated":true}]}}