{"id":13153,"date":"2026-02-04T14:49:28","date_gmt":"2026-02-04T12:49:28","guid":{"rendered":"https:\/\/christinakosmeetika.ee\/uvlazhnyayushchij-krem-dlya-zony-vokrug-glaz\/"},"modified":"2026-02-04T15:48:04","modified_gmt":"2026-02-04T13:48:04","slug":"niisutav-silmakreem-silmade-umbrusele","status":"publish","type":"page","link":"https:\/\/christinakosmeetika.ee\/et\/niisutav-silmakreem-silmade-umbrusele\/","title":{"rendered":"Comodex Moist &#038; Illuminate Eye Treatment"},"content":{"rendered":"<div id='av-layout-grid-1'  class='av-layout-grid-container av-65q3tf-63a8604d284d13f2328aecd2ac000c5e entry-content-wrapper main_color av-flex-cells  avia-builder-el-0  avia-builder-el-no-sibling   container_wrap sidebar_right'  >\n<div class='flex_cell av-1a3bd3n-00d06679f7505844a0bce010723db13f av-gridrow-cell av_one_half no_margin  avia-builder-el-1  el_before_av_cell_one_half  avia-builder-el-first '  ><div class='flex_cell_inner'>\n<style type=\"text\/css\" data-created_by=\"avia_inline_auto\" id=\"style-css-av-ml80vgzx-c92115a1632b64e961eaba9ea02d5d57\">\n.avia-image-container.av-ml80vgzx-c92115a1632b64e961eaba9ea02d5d57 img.avia_image{\nbox-shadow:none;\n}\n.avia-image-container.av-ml80vgzx-c92115a1632b64e961eaba9ea02d5d57 .av-image-caption-overlay-center{\ncolor:#ffffff;\n}\n<\/style>\n<div  class='avia-image-container av-ml80vgzx-c92115a1632b64e961eaba9ea02d5d57 av-styling- avia-align-center  avia-builder-el-2  avia-builder-el-no-sibling '   itemprop=\"image\" itemscope=\"itemscope\" itemtype=\"https:\/\/schema.org\/ImageObject\" ><div class=\"avia-image-container-inner\"><div class=\"avia-image-overlay-wrap\"><img decoding=\"async\" fetchpriority=\"high\" class='wp-image-13162 avia-img-lazy-loading-not-13162 avia_image ' src=\"https:\/\/christinakosmeetika.ee\/wp-content\/uploads\/2021\/05\/moist-illuminate.webp\" alt='' title='moist illuminate'  height=\"1536\" width=\"1024\"  itemprop=\"thumbnailUrl\" srcset=\"https:\/\/christinakosmeetika.ee\/wp-content\/uploads\/2021\/05\/moist-illuminate.webp 1024w, https:\/\/christinakosmeetika.ee\/wp-content\/uploads\/2021\/05\/moist-illuminate-200x300.webp 200w, https:\/\/christinakosmeetika.ee\/wp-content\/uploads\/2021\/05\/moist-illuminate-687x1030.webp 687w, https:\/\/christinakosmeetika.ee\/wp-content\/uploads\/2021\/05\/moist-illuminate-768x1152.webp 768w, https:\/\/christinakosmeetika.ee\/wp-content\/uploads\/2021\/05\/moist-illuminate-1000x1500.webp 1000w, https:\/\/christinakosmeetika.ee\/wp-content\/uploads\/2021\/05\/moist-illuminate-470x705.webp 470w, https:\/\/christinakosmeetika.ee\/wp-content\/uploads\/2021\/05\/moist-illuminate-450x675.webp 450w, https:\/\/christinakosmeetika.ee\/wp-content\/uploads\/2021\/05\/moist-illuminate-600x900.webp 600w\" sizes=\"(max-width: 1024px) 100vw, 1024px\" \/><\/div><\/div><\/div>\n<\/div><\/div><div class='flex_cell av-mfvcvn-0fdfcf6d4e412ec44ab669fccdbe2411 av-gridrow-cell av_one_half no_margin  avia-builder-el-3  el_after_av_cell_one_half  avia-builder-el-last '  ><div class='flex_cell_inner'><section  class='av_textblock_section av-ml80xjte-2e1425ea75a84de04ec06b792eac5c12 '   itemscope=\"itemscope\" itemtype=\"https:\/\/schema.org\/CreativeWork\" ><div class='avia_textblock'  itemprop=\"text\" ><h1 data-start=\"305\" data-end=\"353\"><strong data-start=\"307\" data-end=\"353\">Niisutav silmakreem silmade \u00fcmbruse nahale<\/strong><\/h1>\n<h2 data-start=\"355\" data-end=\"412\"><strong data-start=\"358\" data-end=\"412\">Christina Comodex Moist &amp; Illuminate Eye Treatment<\/strong><\/h2>\n<p data-start=\"414\" data-end=\"706\"><strong data-start=\"414\" data-end=\"460\">Niisutav silmakreem silmade \u00fcmbruse nahale<\/strong> ei ole lihtsalt n\u00e4okreemi kergem versioon. Silmade \u00fcmbruse nahk on \u00f5hem ja tundlikum, selles on v\u00e4hem rasun\u00e4\u00e4rmeid ning loomulikku kaitset. Seet\u00f5ttu kaotab see kiiremini niiskust ja reageerib esimesena v\u00e4simusele, stressile ja keskkonnam\u00f5judele.<\/p>\n<p data-start=\"708\" data-end=\"994\">Just silmade \u00fcmbruses tekib kiiremini kuivustunne, ebamugavus ja \u201ev\u00e4sinud pilk\u201c. Tavalised n\u00e4okreemid v\u00f5ivad selles piirkonnas olla liiga rasked v\u00f5i mitte piisavalt kohandatud. Seet\u00f5ttu vajab silmade \u00fcmbruse nahk spetsiaalset hooldust \u2014 kergema tekstuuriga ja sihip\u00e4rase toimega kreemi.<\/p>\n<p data-start=\"996\" data-end=\"1184\">T\u00e4iendavat koormust annavad unepuudus, stress, t\u00f6\u00f6 ekraani taga, temperatuurimuutused ja loomulikud vanusega seotud muutused. K\u00f5ik see muudab silma\u00fcmbruse naha kuivemaks ja v\u00e4hem v\u00e4rskeks.<\/p>\n<hr data-start=\"1186\" data-end=\"1189\" \/>\n<h2 data-start=\"1191\" data-end=\"1245\"><strong data-start=\"1194\" data-end=\"1245\">Miks silmade \u00fcmbruse nahk vajab eraldi hooldust<\/strong><\/h2>\n<p data-start=\"1247\" data-end=\"1268\">Silmade \u00fcmbruse nahk:<\/p>\n<ul>\n<li data-start=\"1271\" data-end=\"1302\">on \u00f5hem kui \u00fclej\u00e4\u00e4nud n\u00e4onahk<\/li>\n<li data-start=\"1305\" data-end=\"1332\">kaotab niiskust kiiremini<\/li>\n<li data-start=\"1335\" data-end=\"1359\">kaotab elastsust varem<\/li>\n<li data-start=\"1362\" data-end=\"1407\">reageerib tundlikumalt v\u00e4listele teguritele<\/li>\n<\/ul>\n<p data-start=\"1409\" data-end=\"1549\">Seet\u00f5ttu on oluline kasutada silmakreemi, mis niisutab t\u00f5husalt, kuid ei koorma nahka ning aitab s\u00e4ilitada mugavuse ja hoolitsetud v\u00e4limuse.<\/p>\n<hr data-start=\"1551\" data-end=\"1554\" \/>\n<h2 data-start=\"1556\" data-end=\"1596\"><strong data-start=\"1559\" data-end=\"1596\">Kuidas niisutav silmakreem toimib<\/strong><\/h2>\n<p data-start=\"1598\" data-end=\"1762\"><strong data-start=\"1598\" data-end=\"1639\"><span class=\"hover:entity-accent entity-underline inline cursor-pointer align-baseline\"><span class=\"whitespace-normal\">Christina Comodex Moist &amp; Illuminate Eye Treatment<\/span><\/span><\/strong> on loodud igap\u00e4evaseks hoolduseks, kui peamine eesm\u00e4rk on silmade \u00fcmbruse naha niisutamine ja v\u00e4rskema v\u00e4limuse toetamine.<\/p>\n<p data-start=\"1764\" data-end=\"1770\">Kreem:<\/p>\n<ul>\n<li data-start=\"1773\" data-end=\"1819\">niisutab intensiivselt silmade \u00fcmbruse nahka<\/li>\n<li data-start=\"1822\" data-end=\"1869\">aitab v\u00e4hendada kuivust ja pinguloleku tunnet<\/li>\n<li data-start=\"1872\" data-end=\"1909\">muudab naha pehmemaks ja siledamaks<\/li>\n<li data-start=\"1912\" data-end=\"1954\">toetab hoolitsetud ja v\u00e4rskemat v\u00e4limust<\/li>\n<li data-start=\"1957\" data-end=\"1996\">tagab mugavustunde kogu p\u00e4eva jooksul<\/li>\n<\/ul>\n<p data-start=\"1998\" data-end=\"2120\">Kerge tekstuur imendub kiiresti ega j\u00e4ta rasket tunnet, mist\u00f5ttu sobib kreem nii hommikuseks kui ka \u00f5htuseks kasutamiseks.<\/p>\n<hr data-start=\"2122\" data-end=\"2125\" \/>\n<h2 data-start=\"2127\" data-end=\"2173\"><strong data-start=\"2130\" data-end=\"2173\">Millistele nahaseisunditele kreem sobib<\/strong><\/h2>\n<p data-start=\"2175\" data-end=\"2210\">See silmakreem on eriti sobiv, kui:<\/p>\n<ul>\n<li data-start=\"2213\" data-end=\"2260\">silmade \u00fcmbruse nahk on kuiv v\u00f5i niiskusvaene<\/li>\n<li data-start=\"2263\" data-end=\"2288\">pilk n\u00e4eb v\u00e4sinud v\u00e4lja<\/li>\n<li data-start=\"2291\" data-end=\"2320\">tekivad peened kuivusjooned<\/li>\n<li data-start=\"2323\" data-end=\"2357\">nahk kaotab v\u00e4rskuse ja mugavuse<\/li>\n<li data-start=\"2360\" data-end=\"2398\">on vaja \u00f5rna, kuid toimivat hooldust<\/li>\n<\/ul>\n<hr data-start=\"2400\" data-end=\"2403\" \/>\n<h2 data-start=\"2405\" data-end=\"2427\"><strong data-start=\"2408\" data-end=\"2427\">Kuidas kasutada<\/strong><\/h2>\n<p data-start=\"2429\" data-end=\"2570\">Kanna v\u00e4ike kogus kreemi hommikul ja\/v\u00f5i \u00f5htul puhastatud silmade \u00fcmbruse nahale. Tupsuta \u00f5rnalt, nahka venitamata, v\u00e4ltides silma sattumist.<\/p>\n<hr data-start=\"2572\" data-end=\"2575\" \/>\n<h2 data-start=\"2577\" data-end=\"2630\"><strong data-start=\"2580\" data-end=\"2630\">Miks see kreem sobib igap\u00e4evaseks kasutamiseks<\/strong><\/h2>\n<p data-start=\"2632\" data-end=\"2845\">Christina Comodex Moist &amp; Illuminate Eye Treatment on v\u00e4lja t\u00f6\u00f6tatud tundliku silma\u00fcmbruse naha vajadusi arvestades. See sobib regulaarseks kasutamiseks, ei koorma nahka ning \u00fchildub h\u00e4sti \u00fclej\u00e4\u00e4nud n\u00e4ohooldusega.<\/p>\n<hr data-start=\"2847\" data-end=\"2850\" \/>\n<h2 data-start=\"2852\" data-end=\"2868\"><strong data-start=\"2855\" data-end=\"2868\">Kokkuv\u00f5te<\/strong><\/h2>\n<p data-start=\"2870\" data-end=\"3120\">Niisutav silmakreem aitab silmade \u00fcmbruse nahal s\u00e4ilitada pehmuse, mugavuse ja v\u00e4rskema v\u00e4limuse. Christina Comodex Moist &amp; Illuminate Eye Treatment on hooldus neile, kes otsivad silma\u00fcmbruse nahale mitte universaalset, vaid l\u00e4bim\u00f5eldud ja \u00f5rna tuge.<\/p>\n<\/div><\/section><br \/>\n<div  class='avia-button-wrap av-ml81e5e3-c22ddc5aafb5cf525c2419c74c7428b0-wrap avia-button-center  avia-builder-el-5  el_after_av_textblock  el_before_av_button '><a href='https:\/\/christinakosmeetika.ee\/et\/toode\/christina-comodex-moist-and-illuminate-eye-treatment-uvlazhnyaushchiy-krem-dlya-zony-vokrug-glaz-et\/'  class='avia-button av-ml81e5e3-c22ddc5aafb5cf525c2419c74c7428b0 av-link-btn avia-icon_select-no avia-size-small avia-position-center avia-color-theme-color'   aria-label=\"Osta\"><span class='avia_iconbox_title' >Osta<\/span><\/a><\/div><br \/>\n<div  class='avia-button-wrap av-ml81flea-114ede37be4b63ff18ac179ef2b4caef-wrap avia-button-center  avia-builder-el-6  el_after_av_button  avia-builder-el-last '><a href='https:\/\/christinakosmeetika.ee\/et\/shop\/?filter_linii-kosmetiki=comodex-et'  class='avia-button av-ml81flea-114ede37be4b63ff18ac179ef2b4caef av-link-btn avia-icon_select-no avia-size-small avia-position-center avia-color-theme-color'   aria-label=\"Tagasi sarja\"><span class='avia_iconbox_title' >Tagasi sarja<\/span><\/a><\/div><\/p>\n<\/div><\/div><\/div>\n","protected":false},"excerpt":{"rendered":"","protected":false},"author":2,"featured_media":0,"parent":0,"menu_order":0,"comment_status":"closed","ping_status":"closed","template":"","meta":{"footnotes":""},"class_list":["post-13153","page","type-page","status-publish","hentry"],"yoast_head":"<!-- This site is optimized with the Yoast SEO plugin v27.5 - https:\/\/yoast.com\/product\/yoast-seo-wordpress\/ -->\n<title>Niisutav silmakreem silmade \u00fcmbrusele | Christina Comodex<\/title>\n<meta name=\"description\" content=\"Niisutav silmakreem silmade \u00fcmbruse nahale aitab v\u00e4hendada kuivust, toetab mugavust ja annab v\u00e4rskema v\u00e4limuse.\" \/>\n<meta name=\"robots\" content=\"index, follow, max-snippet:-1, max-image-preview:large, max-video-preview:-1\" \/>\n<link rel=\"canonical\" href=\"https:\/\/christinakosmeetika.ee\/et\/niisutav-silmakreem-silmade-umbrusele\/\" \/>\n<meta property=\"og:locale\" content=\"et_EE\" \/>\n<meta property=\"og:type\" content=\"article\" \/>\n<meta property=\"og:title\" content=\"Niisutav silmakreem silmade \u00fcmbrusele | Christina Comodex\" \/>\n<meta property=\"og:description\" content=\"Niisutav silmakreem silmade \u00fcmbruse nahale aitab v\u00e4hendada kuivust, toetab mugavust ja annab v\u00e4rskema v\u00e4limuse.\" \/>\n<meta property=\"og:url\" content=\"https:\/\/christinakosmeetika.ee\/et\/niisutav-silmakreem-silmade-umbrusele\/\" \/>\n<meta property=\"og:site_name\" content=\"Christinakosmeetika\" \/>\n<meta property=\"article:modified_time\" content=\"2026-02-04T13:48:04+00:00\" \/>\n<meta name=\"twitter:card\" content=\"summary_large_image\" \/>\n<meta name=\"twitter:label1\" content=\"Est. reading time\" \/>\n\t<meta name=\"twitter:data1\" content=\"3 minutit\" \/>\n<script type=\"application\/ld+json\" class=\"yoast-schema-graph\">{\"@context\":\"https:\\\/\\\/schema.org\",\"@graph\":[{\"@type\":\"WebPage\",\"@id\":\"https:\\\/\\\/christinakosmeetika.ee\\\/et\\\/niisutav-silmakreem-silmade-umbrusele\\\/\",\"url\":\"https:\\\/\\\/christinakosmeetika.ee\\\/et\\\/niisutav-silmakreem-silmade-umbrusele\\\/\",\"name\":\"Niisutav silmakreem silmade \u00fcmbrusele | Christina Comodex\",\"isPartOf\":{\"@id\":\"https:\\\/\\\/christinakosmeetika.ee\\\/#website\"},\"datePublished\":\"2026-02-04T12:49:28+00:00\",\"dateModified\":\"2026-02-04T13:48:04+00:00\",\"description\":\"Niisutav silmakreem silmade \u00fcmbruse nahale aitab v\u00e4hendada kuivust, toetab mugavust ja annab v\u00e4rskema v\u00e4limuse.\",\"breadcrumb\":{\"@id\":\"https:\\\/\\\/christinakosmeetika.ee\\\/et\\\/niisutav-silmakreem-silmade-umbrusele\\\/#breadcrumb\"},\"inLanguage\":\"et\",\"potentialAction\":[{\"@type\":\"ReadAction\",\"target\":[\"https:\\\/\\\/christinakosmeetika.ee\\\/et\\\/niisutav-silmakreem-silmade-umbrusele\\\/\"]}]},{\"@type\":\"BreadcrumbList\",\"@id\":\"https:\\\/\\\/christinakosmeetika.ee\\\/et\\\/niisutav-silmakreem-silmade-umbrusele\\\/#breadcrumb\",\"itemListElement\":[{\"@type\":\"ListItem\",\"position\":1,\"name\":\"\u0413\u043b\u0430\u0432\u043d\u0430\u044f \u0441\u0442\u0440\u0430\u043d\u0438\u0446\u0430\",\"item\":\"https:\\\/\\\/christinakosmeetika.ee\\\/et\\\/\"},{\"@type\":\"ListItem\",\"position\":2,\"name\":\"Comodex Moist &#038; Illuminate Eye Treatment\"}]},{\"@type\":\"WebSite\",\"@id\":\"https:\\\/\\\/christinakosmeetika.ee\\\/#website\",\"url\":\"https:\\\/\\\/christinakosmeetika.ee\\\/\",\"name\":\"Christinakosmeetika\",\"description\":\"Christina kosmeetika Eestis\",\"alternateName\":\"Christina kosmeetika Eestis\",\"potentialAction\":[{\"@type\":\"SearchAction\",\"target\":{\"@type\":\"EntryPoint\",\"urlTemplate\":\"https:\\\/\\\/christinakosmeetika.ee\\\/?s={search_term_string}\"},\"query-input\":{\"@type\":\"PropertyValueSpecification\",\"valueRequired\":true,\"valueName\":\"search_term_string\"}}],\"inLanguage\":\"et\"}]}<\/script>\n<!-- \/ Yoast SEO plugin. -->","yoast_head_json":{"title":"Niisutav silmakreem silmade \u00fcmbrusele | Christina Comodex","description":"Niisutav silmakreem silmade \u00fcmbruse nahale aitab v\u00e4hendada kuivust, toetab mugavust ja annab v\u00e4rskema v\u00e4limuse.","robots":{"index":"index","follow":"follow","max-snippet":"max-snippet:-1","max-image-preview":"max-image-preview:large","max-video-preview":"max-video-preview:-1"},"canonical":"https:\/\/christinakosmeetika.ee\/et\/niisutav-silmakreem-silmade-umbrusele\/","og_locale":"et_EE","og_type":"article","og_title":"Niisutav silmakreem silmade \u00fcmbrusele | Christina Comodex","og_description":"Niisutav silmakreem silmade \u00fcmbruse nahale aitab v\u00e4hendada kuivust, toetab mugavust ja annab v\u00e4rskema v\u00e4limuse.","og_url":"https:\/\/christinakosmeetika.ee\/et\/niisutav-silmakreem-silmade-umbrusele\/","og_site_name":"Christinakosmeetika","article_modified_time":"2026-02-04T13:48:04+00:00","twitter_card":"summary_large_image","twitter_misc":{"Est. reading time":"3 minutit"},"schema":{"@context":"https:\/\/schema.org","@graph":[{"@type":"WebPage","@id":"https:\/\/christinakosmeetika.ee\/et\/niisutav-silmakreem-silmade-umbrusele\/","url":"https:\/\/christinakosmeetika.ee\/et\/niisutav-silmakreem-silmade-umbrusele\/","name":"Niisutav silmakreem silmade \u00fcmbrusele | Christina Comodex","isPartOf":{"@id":"https:\/\/christinakosmeetika.ee\/#website"},"datePublished":"2026-02-04T12:49:28+00:00","dateModified":"2026-02-04T13:48:04+00:00","description":"Niisutav silmakreem silmade \u00fcmbruse nahale aitab v\u00e4hendada kuivust, toetab mugavust ja annab v\u00e4rskema v\u00e4limuse.","breadcrumb":{"@id":"https:\/\/christinakosmeetika.ee\/et\/niisutav-silmakreem-silmade-umbrusele\/#breadcrumb"},"inLanguage":"et","potentialAction":[{"@type":"ReadAction","target":["https:\/\/christinakosmeetika.ee\/et\/niisutav-silmakreem-silmade-umbrusele\/"]}]},{"@type":"BreadcrumbList","@id":"https:\/\/christinakosmeetika.ee\/et\/niisutav-silmakreem-silmade-umbrusele\/#breadcrumb","itemListElement":[{"@type":"ListItem","position":1,"name":"\u0413\u043b\u0430\u0432\u043d\u0430\u044f \u0441\u0442\u0440\u0430\u043d\u0438\u0446\u0430","item":"https:\/\/christinakosmeetika.ee\/et\/"},{"@type":"ListItem","position":2,"name":"Comodex Moist &#038; Illuminate Eye Treatment"}]},{"@type":"WebSite","@id":"https:\/\/christinakosmeetika.ee\/#website","url":"https:\/\/christinakosmeetika.ee\/","name":"Christinakosmeetika","description":"Christina kosmeetika Eestis","alternateName":"Christina kosmeetika Eestis","potentialAction":[{"@type":"SearchAction","target":{"@type":"EntryPoint","urlTemplate":"https:\/\/christinakosmeetika.ee\/?s={search_term_string}"},"query-input":{"@type":"PropertyValueSpecification","valueRequired":true,"valueName":"search_term_string"}}],"inLanguage":"et"}]}},"_links":{"self":[{"href":"https:\/\/christinakosmeetika.ee\/et\/wp-json\/wp\/v2\/pages\/13153","targetHints":{"allow":["GET"]}}],"collection":[{"href":"https:\/\/christinakosmeetika.ee\/et\/wp-json\/wp\/v2\/pages"}],"about":[{"href":"https:\/\/christinakosmeetika.ee\/et\/wp-json\/wp\/v2\/types\/page"}],"author":[{"embeddable":true,"href":"https:\/\/christinakosmeetika.ee\/et\/wp-json\/wp\/v2\/users\/2"}],"replies":[{"embeddable":true,"href":"https:\/\/christinakosmeetika.ee\/et\/wp-json\/wp\/v2\/comments?post=13153"}],"version-history":[{"count":0,"href":"https:\/\/christinakosmeetika.ee\/et\/wp-json\/wp\/v2\/pages\/13153\/revisions"}],"wp:attachment":[{"href":"https:\/\/christinakosmeetika.ee\/et\/wp-json\/wp\/v2\/media?parent=13153"}],"curies":[{"name":"wp","href":"https:\/\/api.w.org\/{rel}","templated":true}]}}