{"id":13044,"date":"2026-02-02T21:26:09","date_gmt":"2026-02-02T19:26:09","guid":{"rendered":"https:\/\/christinakosmeetika.ee\/cover-shield-cream-spf-20\/"},"modified":"2026-02-02T21:59:00","modified_gmt":"2026-02-02T19:59:00","slug":"tooniv-kreem-probleemsele-nahale","status":"publish","type":"page","link":"https:\/\/christinakosmeetika.ee\/et\/tooniv-kreem-probleemsele-nahale\/","title":{"rendered":"Cover Shield Cream SPF 20"},"content":{"rendered":"<div id='av-layout-grid-1'  class='av-layout-grid-container av-1ie2odg-d61119de6ddfc9240849699f36a7a7c2 entry-content-wrapper main_color av-flex-cells  avia-builder-el-0  avia-builder-el-no-sibling   container_wrap sidebar_right'  >\n<div class='flex_cell av-1d6cpc4-118e5ca7eba2cfc41f7288f4404389e2 av-gridrow-cell av_one_half no_margin  avia-builder-el-1  el_before_av_cell_one_half  avia-builder-el-first '  ><div class='flex_cell_inner'>\n<style type=\"text\/css\" data-created_by=\"avia_inline_auto\" id=\"style-css-av-ml5k4u6y-928044f1cdc1ca4114396a4207c51239\">\n.avia-image-container.av-ml5k4u6y-928044f1cdc1ca4114396a4207c51239 img.avia_image{\nbox-shadow:none;\n}\n.avia-image-container.av-ml5k4u6y-928044f1cdc1ca4114396a4207c51239 .av-image-caption-overlay-center{\ncolor:#ffffff;\n}\n<\/style>\n<div  class='avia-image-container av-ml5k4u6y-928044f1cdc1ca4114396a4207c51239 av-styling- avia-align-center  avia-builder-el-2  avia-builder-el-no-sibling '   itemprop=\"image\" itemscope=\"itemscope\" itemtype=\"https:\/\/schema.org\/ImageObject\" ><div class=\"avia-image-container-inner\"><div class=\"avia-image-overlay-wrap\"><img decoding=\"async\" fetchpriority=\"high\" class='wp-image-13050 avia-img-lazy-loading-not-13050 avia_image ' src=\"https:\/\/christinakosmeetika.ee\/wp-content\/uploads\/2026\/02\/cover-1.webp\" alt='' title='cover'  height=\"1536\" width=\"1024\"  itemprop=\"thumbnailUrl\" srcset=\"https:\/\/christinakosmeetika.ee\/wp-content\/uploads\/2026\/02\/cover-1.webp 1024w, https:\/\/christinakosmeetika.ee\/wp-content\/uploads\/2026\/02\/cover-1-200x300.webp 200w, https:\/\/christinakosmeetika.ee\/wp-content\/uploads\/2026\/02\/cover-1-687x1030.webp 687w, https:\/\/christinakosmeetika.ee\/wp-content\/uploads\/2026\/02\/cover-1-768x1152.webp 768w, https:\/\/christinakosmeetika.ee\/wp-content\/uploads\/2026\/02\/cover-1-1000x1500.webp 1000w, https:\/\/christinakosmeetika.ee\/wp-content\/uploads\/2026\/02\/cover-1-470x705.webp 470w, https:\/\/christinakosmeetika.ee\/wp-content\/uploads\/2026\/02\/cover-1-450x675.webp 450w, https:\/\/christinakosmeetika.ee\/wp-content\/uploads\/2026\/02\/cover-1-600x900.webp 600w\" sizes=\"(max-width: 1024px) 100vw, 1024px\" \/><\/div><\/div><\/div>\n<\/div><\/div><div class='flex_cell av-j5qydg-adc1c91675472826599016ddc1d75c7b av-gridrow-cell av_one_half no_margin  avia-builder-el-3  el_after_av_cell_one_half  avia-builder-el-last '  ><div class='flex_cell_inner'><section  class='av_textblock_section av-ml5hed4o-8ba06a74412d0062e88ee8dfc34c25c9 '   itemscope=\"itemscope\" itemtype=\"https:\/\/schema.org\/CreativeWork\" ><div class='avia_textblock'  itemprop=\"text\" ><h1 data-start=\"324\" data-end=\"366\">Tooniv kreem probleemsele nahale SPF-iga<\/h1>\n<p data-start=\"368\" data-end=\"668\">Probleemne nahk vajab igap\u00e4evaselt erilist l\u00e4henemist. Punetus, ebapuhtused, vistrike j\u00e4ljed v\u00f5i eba\u00fchtlane toon v\u00f5ivad muuta naha v\u00e4limuse rahutuks, kuid samal ajal ei sobi probleemsele nahale sageli tavalised jumestuskreemid. Need v\u00f5ivad olla liiga rasked, ummistada poore v\u00f5i tekitada ebamugavust.<\/p>\n<p data-start=\"670\" data-end=\"836\">Sellistes olukordades on vaja <strong data-start=\"700\" data-end=\"719\">toonivat kreemi<\/strong>, mis aitab \u00fchtlustada nahatooni, varjata ebatasasusi ja samal ajal toetada naha mugavust ning kaitset p\u00e4eva jooksul.<\/p>\n<hr data-start=\"838\" data-end=\"841\" \/>\n<h2 data-start=\"843\" data-end=\"879\">Comodex Cover Shield Cream SPF 20<\/h2>\n<p data-start=\"881\" data-end=\"1134\"><strong data-start=\"881\" data-end=\"918\">Comodex Cover Shield Cream SPF 20<\/strong> on tooniv n\u00e4okreem, mis sobib igap\u00e4evaseks kasutamiseks probleemsele ja ebapuhtustele kalduvale nahale. Kreem aitab katta punetust, vistrikke ja postakne j\u00e4lgi, muutes naha visuaalselt \u00fchtlasemaks ja hoolitsetumaks.<\/p>\n<p data-start=\"1136\" data-end=\"1256\">Lisaks toonivale efektile pakub kreem ka <strong data-start=\"1177\" data-end=\"1202\">p\u00e4ikesekaitset SPF 20<\/strong>, mis aitab kaitsta nahka igap\u00e4evase UV-kiirguse eest.<\/p>\n<hr data-start=\"1258\" data-end=\"1261\" \/>\n<h2 data-start=\"1263\" data-end=\"1306\">Millal selline tooniv kreem on hea valik<\/h2>\n<p data-start=\"1308\" data-end=\"1346\">See kreem sobib eriti h\u00e4sti, kui nahk:<\/p>\n<ul>\n<li data-start=\"1350\" data-end=\"1388\">on kaldu punetusele ja ebapuhtustele<\/li>\n<li data-start=\"1391\" data-end=\"1451\">vajab toonitasandust, kuid ei talu raskeid jumestustooteid<\/li>\n<li data-start=\"1454\" data-end=\"1510\">reageerib tavalistele jumestuskreemidele ebamugavusega<\/li>\n<li data-start=\"1513\" data-end=\"1546\">vajab igap\u00e4evast p\u00e4ikesekaitset<\/li>\n<li data-start=\"1549\" data-end=\"1599\">soovib loomulikumat ja rahulikumat v\u00e4ljan\u00e4gemist<\/li>\n<\/ul>\n<p data-start=\"1601\" data-end=\"1703\">Sellisel juhul on oluline, et tooniv kreem <strong data-start=\"1644\" data-end=\"1665\">ei koormaks nahka<\/strong>, vaid toetaks selle \u00fcldist seisundit.<\/p>\n<hr data-start=\"1705\" data-end=\"1708\" \/>\n<h2 data-start=\"1710\" data-end=\"1753\">Kuidas Comodex Cover Shield Cream toimib<\/h2>\n<p data-start=\"1755\" data-end=\"1824\">Kreem \u00fchendab endas mitu igap\u00e4evaseks kasutamiseks vajalikku omadust:<\/p>\n<ul>\n<li data-start=\"1828\" data-end=\"1871\">katab visuaalselt ebapuhtused ja punetuse<\/li>\n<li data-start=\"1874\" data-end=\"1902\">aitab \u00fchtlustada nahatooni<\/li>\n<li data-start=\"1905\" data-end=\"1953\">annab nahale loomuliku ja hoolitsetud v\u00e4limuse<\/li>\n<li data-start=\"1956\" data-end=\"1982\">rahustab \u00e4rritunud nahka<\/li>\n<li data-start=\"1985\" data-end=\"2022\">kaitseb nahka p\u00e4ikese eest (SPF 20)<\/li>\n<\/ul>\n<p data-start=\"2024\" data-end=\"2107\">Kreem ei ummista poore ning sobib kasutamiseks ka tundlikumal ja probleemsel nahal.<\/p>\n<hr data-start=\"2109\" data-end=\"2112\" \/>\n<h2 data-start=\"2114\" data-end=\"2175\">Mille poolest see kreem erineb tavalisest jumestuskreemist<\/h2>\n<p data-start=\"2177\" data-end=\"2319\">Comodex Cover Shield Cream SPF 20 ei ole klassikaline paks jumestuskreem.<br data-start=\"2250\" data-end=\"2253\" \/>Selle tekstuur on kohandatud probleemse naha vajadustele ning see:<\/p>\n<ul>\n<li data-start=\"2323\" data-end=\"2353\">ei j\u00e4ta nahale rasket tunnet<\/li>\n<li data-start=\"2356\" data-end=\"2379\">ei r\u00f5huta ebatasasusi<\/li>\n<li data-start=\"2382\" data-end=\"2415\">sobib igap\u00e4evaseks kasutamiseks<\/li>\n<li data-start=\"2418\" data-end=\"2469\">aitab hoida naha v\u00e4limuse rahuliku ja loomulikuna<\/li>\n<\/ul>\n<hr data-start=\"2471\" data-end=\"2474\" \/>\n<h2 data-start=\"2476\" data-end=\"2494\">Kuidas kasutada<\/h2>\n<p data-start=\"2496\" data-end=\"2650\">Kanna kreem \u00f5hukese kihina puhtale n\u00e4onahale ja jaota \u00fchtlaselt.<br data-start=\"2560\" data-end=\"2563\" \/>Vajadusel lisa toodet lokaalselt piirkondadesse, kus on rohkem punetust v\u00f5i ebapuhtusi.<\/p>\n<p data-start=\"2652\" data-end=\"2742\">Kerge kipitustunne v\u00f5ib esineda \u2014 see on normaalne reaktsioon aktiivsetele koostisosadele.<\/p>\n<hr data-start=\"2744\" data-end=\"2747\" \/>\n<h2 data-start=\"2749\" data-end=\"2788\">Tulemus regulaarse kasutamise korral<\/h2>\n<p data-start=\"2790\" data-end=\"2819\">Regulaarsel kasutamisel nahk:<\/p>\n<ul>\n<li data-start=\"2823\" data-end=\"2859\">n\u00e4eb \u00fchtlasem ja hoolitsetum v\u00e4lja<\/li>\n<li data-start=\"2862\" data-end=\"2888\">on visuaalselt rahulikum<\/li>\n<li data-start=\"2891\" data-end=\"2926\">on paremini kaitstud p\u00e4ikese eest<\/li>\n<li data-start=\"2929\" data-end=\"2970\">tunneb end mugavamalt kogu p\u00e4eva v\u00e4ltel<\/li>\n<\/ul>\n<hr data-start=\"2972\" data-end=\"2975\" \/>\n<h2 data-start=\"2977\" data-end=\"2989\">Kokkuv\u00f5te<\/h2>\n<p data-start=\"2991\" data-end=\"3150\"><strong data-start=\"2991\" data-end=\"3028\">Comodex Cover Shield Cream SPF 20<\/strong> on tooniv n\u00e4okreem probleemsele nahale, mis aitab katta ebapuhtusi, rahustada nahka ja pakkuda igap\u00e4evast p\u00e4ikesekaitset.<\/p>\n<p data-start=\"3152\" data-end=\"3282\">See on hea valik neile, kes soovivad <strong data-start=\"3189\" data-end=\"3255\">loomulikku katvust, mugavat tunnet ja nahas\u00f5bralikku lahendust<\/strong> igap\u00e4evaseks kasutamiseks.<\/p>\n<\/div><\/section><br \/>\n<div  class='avia-button-wrap av-ml5k7ad1-679a90fe7c5db6012e14c9c695338ebc-wrap avia-button-center  avia-builder-el-5  el_after_av_textblock  el_before_av_button '><a href='https:\/\/christinakosmeetika.ee\/et\/toode\/christina-comodex-cover-shield-cream-spf-20-et\/'  class='avia-button av-ml5k7ad1-679a90fe7c5db6012e14c9c695338ebc av-link-btn avia-icon_select-no avia-size-small avia-position-center avia-color-theme-color'   aria-label=\"Osta\"><span class='avia_iconbox_title' >Osta<\/span><\/a><\/div><br \/>\n<div  class='avia-button-wrap av-ml5k8bgo-e72ebadd1a603203e7846fea4600e5b1-wrap avia-button-center  avia-builder-el-6  el_after_av_button  avia-builder-el-last '><a href='https:\/\/christinakosmeetika.ee\/et\/shop\/?filter_linii-kosmetiki=comodex-et'  class='avia-button av-ml5k8bgo-e72ebadd1a603203e7846fea4600e5b1 av-link-btn avia-icon_select-no avia-size-small avia-position-center avia-color-theme-color'   aria-label=\"Tagasi sarja\"><span class='avia_iconbox_title' >Tagasi sarja<\/span><\/a><\/div><\/p>\n<\/div><\/div><\/div>\n","protected":false},"excerpt":{"rendered":"","protected":false},"author":2,"featured_media":0,"parent":0,"menu_order":0,"comment_status":"closed","ping_status":"closed","template":"","meta":{"footnotes":""},"class_list":["post-13044","page","type-page","status-publish","hentry"],"yoast_head":"<!-- This site is optimized with the Yoast SEO plugin v27.5 - https:\/\/yoast.com\/product\/yoast-seo-wordpress\/ -->\n<title>Tooniv kreem probleemsele nahale SPF 20 | Comodex<\/title>\n<meta name=\"description\" content=\"Tooniv n\u00e4okreem probleemsele nahale SPF 20-ga. Aitab \u00fchtlustada nahatooni, katta ebapuhtusi ja kaitsta nahka p\u00e4ikese eest.\" \/>\n<meta name=\"robots\" content=\"index, follow, max-snippet:-1, max-image-preview:large, max-video-preview:-1\" \/>\n<link rel=\"canonical\" href=\"https:\/\/christinakosmeetika.ee\/et\/tooniv-kreem-probleemsele-nahale\/\" \/>\n<meta property=\"og:locale\" content=\"et_EE\" \/>\n<meta property=\"og:type\" content=\"article\" \/>\n<meta property=\"og:title\" content=\"Tooniv kreem probleemsele nahale SPF 20 | Comodex\" \/>\n<meta property=\"og:description\" content=\"Tooniv n\u00e4okreem probleemsele nahale SPF 20-ga. Aitab \u00fchtlustada nahatooni, katta ebapuhtusi ja kaitsta nahka p\u00e4ikese eest.\" \/>\n<meta property=\"og:url\" content=\"https:\/\/christinakosmeetika.ee\/et\/tooniv-kreem-probleemsele-nahale\/\" \/>\n<meta property=\"og:site_name\" content=\"Christinakosmeetika\" \/>\n<meta property=\"article:modified_time\" content=\"2026-02-02T19:59:00+00:00\" \/>\n<meta name=\"twitter:card\" content=\"summary_large_image\" \/>\n<meta name=\"twitter:label1\" content=\"Est. reading time\" \/>\n\t<meta name=\"twitter:data1\" content=\"3 minutit\" \/>\n<script type=\"application\/ld+json\" class=\"yoast-schema-graph\">{\"@context\":\"https:\\\/\\\/schema.org\",\"@graph\":[{\"@type\":\"WebPage\",\"@id\":\"https:\\\/\\\/christinakosmeetika.ee\\\/et\\\/tooniv-kreem-probleemsele-nahale\\\/\",\"url\":\"https:\\\/\\\/christinakosmeetika.ee\\\/et\\\/tooniv-kreem-probleemsele-nahale\\\/\",\"name\":\"Tooniv kreem probleemsele nahale SPF 20 | Comodex\",\"isPartOf\":{\"@id\":\"https:\\\/\\\/christinakosmeetika.ee\\\/#website\"},\"datePublished\":\"2026-02-02T19:26:09+00:00\",\"dateModified\":\"2026-02-02T19:59:00+00:00\",\"description\":\"Tooniv n\u00e4okreem probleemsele nahale SPF 20-ga. Aitab \u00fchtlustada nahatooni, katta ebapuhtusi ja kaitsta nahka p\u00e4ikese eest.\",\"breadcrumb\":{\"@id\":\"https:\\\/\\\/christinakosmeetika.ee\\\/et\\\/tooniv-kreem-probleemsele-nahale\\\/#breadcrumb\"},\"inLanguage\":\"et\",\"potentialAction\":[{\"@type\":\"ReadAction\",\"target\":[\"https:\\\/\\\/christinakosmeetika.ee\\\/et\\\/tooniv-kreem-probleemsele-nahale\\\/\"]}]},{\"@type\":\"BreadcrumbList\",\"@id\":\"https:\\\/\\\/christinakosmeetika.ee\\\/et\\\/tooniv-kreem-probleemsele-nahale\\\/#breadcrumb\",\"itemListElement\":[{\"@type\":\"ListItem\",\"position\":1,\"name\":\"\u0413\u043b\u0430\u0432\u043d\u0430\u044f \u0441\u0442\u0440\u0430\u043d\u0438\u0446\u0430\",\"item\":\"https:\\\/\\\/christinakosmeetika.ee\\\/et\\\/\"},{\"@type\":\"ListItem\",\"position\":2,\"name\":\"Cover Shield Cream SPF 20\"}]},{\"@type\":\"WebSite\",\"@id\":\"https:\\\/\\\/christinakosmeetika.ee\\\/#website\",\"url\":\"https:\\\/\\\/christinakosmeetika.ee\\\/\",\"name\":\"Christinakosmeetika\",\"description\":\"Christina kosmeetika Eestis\",\"alternateName\":\"Christina kosmeetika Eestis\",\"potentialAction\":[{\"@type\":\"SearchAction\",\"target\":{\"@type\":\"EntryPoint\",\"urlTemplate\":\"https:\\\/\\\/christinakosmeetika.ee\\\/?s={search_term_string}\"},\"query-input\":{\"@type\":\"PropertyValueSpecification\",\"valueRequired\":true,\"valueName\":\"search_term_string\"}}],\"inLanguage\":\"et\"}]}<\/script>\n<!-- \/ Yoast SEO plugin. -->","yoast_head_json":{"title":"Tooniv kreem probleemsele nahale SPF 20 | Comodex","description":"Tooniv n\u00e4okreem probleemsele nahale SPF 20-ga. Aitab \u00fchtlustada nahatooni, katta ebapuhtusi ja kaitsta nahka p\u00e4ikese eest.","robots":{"index":"index","follow":"follow","max-snippet":"max-snippet:-1","max-image-preview":"max-image-preview:large","max-video-preview":"max-video-preview:-1"},"canonical":"https:\/\/christinakosmeetika.ee\/et\/tooniv-kreem-probleemsele-nahale\/","og_locale":"et_EE","og_type":"article","og_title":"Tooniv kreem probleemsele nahale SPF 20 | Comodex","og_description":"Tooniv n\u00e4okreem probleemsele nahale SPF 20-ga. Aitab \u00fchtlustada nahatooni, katta ebapuhtusi ja kaitsta nahka p\u00e4ikese eest.","og_url":"https:\/\/christinakosmeetika.ee\/et\/tooniv-kreem-probleemsele-nahale\/","og_site_name":"Christinakosmeetika","article_modified_time":"2026-02-02T19:59:00+00:00","twitter_card":"summary_large_image","twitter_misc":{"Est. reading time":"3 minutit"},"schema":{"@context":"https:\/\/schema.org","@graph":[{"@type":"WebPage","@id":"https:\/\/christinakosmeetika.ee\/et\/tooniv-kreem-probleemsele-nahale\/","url":"https:\/\/christinakosmeetika.ee\/et\/tooniv-kreem-probleemsele-nahale\/","name":"Tooniv kreem probleemsele nahale SPF 20 | Comodex","isPartOf":{"@id":"https:\/\/christinakosmeetika.ee\/#website"},"datePublished":"2026-02-02T19:26:09+00:00","dateModified":"2026-02-02T19:59:00+00:00","description":"Tooniv n\u00e4okreem probleemsele nahale SPF 20-ga. Aitab \u00fchtlustada nahatooni, katta ebapuhtusi ja kaitsta nahka p\u00e4ikese eest.","breadcrumb":{"@id":"https:\/\/christinakosmeetika.ee\/et\/tooniv-kreem-probleemsele-nahale\/#breadcrumb"},"inLanguage":"et","potentialAction":[{"@type":"ReadAction","target":["https:\/\/christinakosmeetika.ee\/et\/tooniv-kreem-probleemsele-nahale\/"]}]},{"@type":"BreadcrumbList","@id":"https:\/\/christinakosmeetika.ee\/et\/tooniv-kreem-probleemsele-nahale\/#breadcrumb","itemListElement":[{"@type":"ListItem","position":1,"name":"\u0413\u043b\u0430\u0432\u043d\u0430\u044f \u0441\u0442\u0440\u0430\u043d\u0438\u0446\u0430","item":"https:\/\/christinakosmeetika.ee\/et\/"},{"@type":"ListItem","position":2,"name":"Cover Shield Cream SPF 20"}]},{"@type":"WebSite","@id":"https:\/\/christinakosmeetika.ee\/#website","url":"https:\/\/christinakosmeetika.ee\/","name":"Christinakosmeetika","description":"Christina kosmeetika Eestis","alternateName":"Christina kosmeetika Eestis","potentialAction":[{"@type":"SearchAction","target":{"@type":"EntryPoint","urlTemplate":"https:\/\/christinakosmeetika.ee\/?s={search_term_string}"},"query-input":{"@type":"PropertyValueSpecification","valueRequired":true,"valueName":"search_term_string"}}],"inLanguage":"et"}]}},"_links":{"self":[{"href":"https:\/\/christinakosmeetika.ee\/et\/wp-json\/wp\/v2\/pages\/13044","targetHints":{"allow":["GET"]}}],"collection":[{"href":"https:\/\/christinakosmeetika.ee\/et\/wp-json\/wp\/v2\/pages"}],"about":[{"href":"https:\/\/christinakosmeetika.ee\/et\/wp-json\/wp\/v2\/types\/page"}],"author":[{"embeddable":true,"href":"https:\/\/christinakosmeetika.ee\/et\/wp-json\/wp\/v2\/users\/2"}],"replies":[{"embeddable":true,"href":"https:\/\/christinakosmeetika.ee\/et\/wp-json\/wp\/v2\/comments?post=13044"}],"version-history":[{"count":0,"href":"https:\/\/christinakosmeetika.ee\/et\/wp-json\/wp\/v2\/pages\/13044\/revisions"}],"wp:attachment":[{"href":"https:\/\/christinakosmeetika.ee\/et\/wp-json\/wp\/v2\/media?parent=13044"}],"curies":[{"name":"wp","href":"https:\/\/api.w.org\/{rel}","templated":true}]}}