{"id":12977,"date":"2026-02-02T11:48:27","date_gmt":"2026-02-02T09:48:27","guid":{"rendered":"https:\/\/christinakosmeetika.ee\/sredstvo-ot-zhirnogo-bleska-i-rasshirennyh-por\/"},"modified":"2026-02-02T12:06:44","modified_gmt":"2026-02-02T10:06:44","slug":"sredstvo-ot-zhirnogo-bleska-i-rasshirennyh-por","status":"publish","type":"page","link":"https:\/\/christinakosmeetika.ee\/et\/sredstvo-ot-zhirnogo-bleska-i-rasshirennyh-por\/","title":{"rendered":"Comodex Control &#038; Regulate Day Treatment"},"content":{"rendered":"<div id='av-layout-grid-1'  class='av-layout-grid-container av-av_layout_row-e0d73c8fe905ae44341e34fd8b9aab26 entry-content-wrapper main_color av-flex-cells  avia-builder-el-0  avia-builder-el-no-sibling   container_wrap sidebar_right'  >\n\n<style type=\"text\/css\" data-created_by=\"avia_inline_auto\" id=\"style-css-av-av_cell_one_half-7b2dfb209afb870a55451575d23bd5b9\">\n.flex_cell.av-av_cell_one_half-7b2dfb209afb870a55451575d23bd5b9{\nvertical-align:top;\n}\n<\/style>\n<div class='flex_cell av-av_cell_one_half-7b2dfb209afb870a55451575d23bd5b9 av-gridrow-cell av_one_half no_margin  avia-builder-el-1  el_before_av_cell_one_half  avia-builder-el-first  content-align-top'  ><div class='flex_cell_inner'>\n<style type=\"text\/css\" data-created_by=\"avia_inline_auto\" id=\"style-css-av-ml4ybjby-59a73e8c03dc95134a1b4437ba2d93c5\">\n.avia-image-container.av-ml4ybjby-59a73e8c03dc95134a1b4437ba2d93c5 img.avia_image{\nbox-shadow:none;\n}\n.avia-image-container.av-ml4ybjby-59a73e8c03dc95134a1b4437ba2d93c5 .av-image-caption-overlay-center{\ncolor:#ffffff;\n}\n<\/style>\n<div  class='avia-image-container av-ml4ybjby-59a73e8c03dc95134a1b4437ba2d93c5 av-styling- avia-align-center  avia-builder-el-2  avia-builder-el-no-sibling '   itemprop=\"image\" itemscope=\"itemscope\" itemtype=\"https:\/\/schema.org\/ImageObject\" ><div class=\"avia-image-container-inner\"><div class=\"avia-image-overlay-wrap\"><img decoding=\"async\" fetchpriority=\"high\" class='wp-image-12974 avia-img-lazy-loading-not-12974 avia_image ' src=\"https:\/\/christinakosmeetika.ee\/wp-content\/uploads\/2021\/05\/Comodex-CleanClear-Cleanser-.webp\" alt='' title='Comodex Clean&amp;Clear Cleanser'  height=\"1536\" width=\"1024\"  itemprop=\"thumbnailUrl\" srcset=\"https:\/\/christinakosmeetika.ee\/wp-content\/uploads\/2021\/05\/Comodex-CleanClear-Cleanser-.webp 1024w, https:\/\/christinakosmeetika.ee\/wp-content\/uploads\/2021\/05\/Comodex-CleanClear-Cleanser--200x300.webp 200w, https:\/\/christinakosmeetika.ee\/wp-content\/uploads\/2021\/05\/Comodex-CleanClear-Cleanser--687x1030.webp 687w, https:\/\/christinakosmeetika.ee\/wp-content\/uploads\/2021\/05\/Comodex-CleanClear-Cleanser--768x1152.webp 768w, https:\/\/christinakosmeetika.ee\/wp-content\/uploads\/2021\/05\/Comodex-CleanClear-Cleanser--1000x1500.webp 1000w, https:\/\/christinakosmeetika.ee\/wp-content\/uploads\/2021\/05\/Comodex-CleanClear-Cleanser--470x705.webp 470w, https:\/\/christinakosmeetika.ee\/wp-content\/uploads\/2021\/05\/Comodex-CleanClear-Cleanser--450x675.webp 450w, https:\/\/christinakosmeetika.ee\/wp-content\/uploads\/2021\/05\/Comodex-CleanClear-Cleanser--600x900.webp 600w\" sizes=\"(max-width: 1024px) 100vw, 1024px\" \/><\/div><\/div><\/div>\n<\/div><\/div>\n<style type=\"text\/css\" data-created_by=\"avia_inline_auto\" id=\"style-css-av-av_cell_one_half-7b2dfb209afb870a55451575d23bd5b9\">\n.flex_cell.av-av_cell_one_half-7b2dfb209afb870a55451575d23bd5b9{\nvertical-align:top;\n}\n<\/style>\n<div class='flex_cell av-av_cell_one_half-7b2dfb209afb870a55451575d23bd5b9 av-gridrow-cell av_one_half no_margin  avia-builder-el-3  el_after_av_cell_one_half  avia-builder-el-last  content-align-top'  ><div class='flex_cell_inner'><section  class='av_textblock_section av-ml4ya5o2-0117f9d3cc1ba79da5fe74def19072cc '   itemscope=\"itemscope\" itemtype=\"https:\/\/schema.org\/CreativeWork\" ><div class='avia_textblock'  itemprop=\"text\" ><hr data-start=\"293\" data-end=\"296\" \/>\n<h1 data-start=\"298\" data-end=\"357\">Vahend rasuse l\u00e4ike ja ummistunud pooride kontrollimiseks<\/h1>\n<p data-start=\"359\" data-end=\"596\">Rasune l\u00e4ige, kiiresti ummistuvad poorid ja ebapuhas nahk on levinud probleem rasuse ja kombineeritud nahat\u00fc\u00fcbi puhul. Isegi regulaarse puhastuse korral v\u00f5ib nahk p\u00e4eva jooksul kiiresti kaotada v\u00e4rskuse, muutuda l\u00e4ikivaks ja ebamugavaks.<\/p>\n<p data-start=\"598\" data-end=\"794\">Sellistes olukordades vajab nahk mitte lihtsalt niisutust, vaid <strong data-start=\"662\" data-end=\"793\">p\u00e4evast hooldust, mis aitab reguleerida rasueritust, hoida naha tasakaalus ja toetada selle mugavat seisundit kogu p\u00e4eva v\u00e4ltel<\/strong>.<\/p>\n<hr data-start=\"796\" data-end=\"799\" \/>\n<h2 data-start=\"801\" data-end=\"844\">Comodex Control &amp; Regulate Day Treatment<\/h2>\n<p data-start=\"846\" data-end=\"1065\"><strong data-start=\"846\" data-end=\"890\">Comodex Control &amp; Regulate Day Treatment<\/strong> on p\u00e4evane hooldustoode rasusele ja probleemsele nahale, mis on loodud rasuse l\u00e4ike v\u00e4hendamiseks, pooride n\u00e4htavuse parandamiseks ja naha \u00fcldise seisundi tasakaalustamiseks.<\/p>\n<p data-start=\"1067\" data-end=\"1188\">Kerge geeljas tekstuur imendub kiiresti, ei koorma nahka ning sobib kasutamiseks igap\u00e4evases hoolduses, ka jumestuse all.<\/p>\n<hr data-start=\"1190\" data-end=\"1193\" \/>\n<h2 data-start=\"1195\" data-end=\"1254\">Millal nahk vajab rasueritust reguleerivat p\u00e4evahooldust<\/h2>\n<p data-start=\"1256\" data-end=\"1299\">Selline hooldus on eriti vajalik, kui nahk:<\/p>\n<ul>\n<li data-start=\"1303\" data-end=\"1343\">muutub kiiresti rasuseks p\u00e4eva jooksul<\/li>\n<li data-start=\"1346\" data-end=\"1392\">on kaldu ummistunud ja n\u00e4htavatele pooridele<\/li>\n<li data-start=\"1395\" data-end=\"1443\">reageerib punetuse v\u00f5i p\u00f5letikuliste kolletega<\/li>\n<li data-start=\"1446\" data-end=\"1487\">ei talu raskeid v\u00f5i oklusiooniga kreeme<\/li>\n<li data-start=\"1490\" data-end=\"1528\">kaotab kiiresti v\u00e4rske ja puhta ilme<\/li>\n<\/ul>\n<p data-start=\"1530\" data-end=\"1646\">Nendes olukordades on oluline valida toode, mis <strong data-start=\"1578\" data-end=\"1645\">ei kuivata nahka, vaid aitab taastada selle loomuliku tasakaalu<\/strong>.<\/p>\n<hr data-start=\"1648\" data-end=\"1651\" \/>\n<h2 data-start=\"1653\" data-end=\"1710\">Kuidas Comodex Control &amp; Regulate Day Treatment toimib<\/h2>\n<p data-start=\"1712\" data-end=\"1773\">Toote toime on suunatud igap\u00e4evasele rasuse naha toetamisele:<\/p>\n<ul>\n<li data-start=\"1777\" data-end=\"1808\">aitab reguleerida rasueritust<\/li>\n<li data-start=\"1811\" data-end=\"1840\">v\u00e4hendab rasuse l\u00e4ike teket<\/li>\n<li data-start=\"1843\" data-end=\"1880\">parandab naha v\u00e4limust ja tekstuuri<\/li>\n<li data-start=\"1883\" data-end=\"1927\">toetab pooride puhtamat ja siledamat ilmet<\/li>\n<li data-start=\"1930\" data-end=\"1976\">aitab v\u00e4hendada ebamugavustunnet ja \u00e4rritust<\/li>\n<\/ul>\n<p data-start=\"1978\" data-end=\"2085\">Toode loob nahale kerge kaitsekihi, mis aitab s\u00e4ilitada mati ja hoolitsetud v\u00e4limuse ilma nahka koormamata.<\/p>\n<hr data-start=\"2087\" data-end=\"2090\" \/>\n<h2 data-start=\"2092\" data-end=\"2156\">Mille poolest sobib see toode rasusele ja probleemsele nahale<\/h2>\n<p data-start=\"2158\" data-end=\"2283\">Comodex Control &amp; Regulate Day Treatment ei ummista poore ega tekita nahale rasket tunnet.<br data-start=\"2248\" data-end=\"2251\" \/>Seet\u00f5ttu sobib see kasutamiseks:<\/p>\n<ul>\n<li data-start=\"2287\" data-end=\"2302\">rasusel nahal<\/li>\n<li data-start=\"2305\" data-end=\"2326\">kombineeritud nahal<\/li>\n<li data-start=\"2329\" data-end=\"2371\">probleemsel ja p\u00f5letikule kalduval nahal<\/li>\n<li data-start=\"2374\" data-end=\"2402\">igap\u00e4evases p\u00e4evahoolduses<\/li>\n<\/ul>\n<p data-start=\"2404\" data-end=\"2504\">Toodet v\u00f5ib kasutada kogu n\u00e4ol v\u00f5i lokaalselt, n\u00e4iteks T-tsoonis, kus rasune l\u00e4ige on k\u00f5ige tugevam.<\/p>\n<hr data-start=\"2506\" data-end=\"2509\" \/>\n<h2 data-start=\"2511\" data-end=\"2524\">Kasutamine<\/h2>\n<p data-start=\"2526\" data-end=\"2638\">Kanna v\u00e4ike kogus toodet puhtale n\u00e4onahale, v\u00e4ltides silma\u00fcmbrust.<br data-start=\"2592\" data-end=\"2595\" \/>Masseeri \u00f5rnalt kuni t\u00e4ieliku imendumiseni.<\/p>\n<p data-start=\"2640\" data-end=\"2704\">Soovitav on kasutada enne p\u00e4evakreemi v\u00f5i p\u00e4ikesekaitsevahendit.<\/p>\n<hr data-start=\"2706\" data-end=\"2709\" \/>\n<h2 data-start=\"2711\" data-end=\"2750\">Tulemus regulaarse kasutamise korral<\/h2>\n<p data-start=\"2752\" data-end=\"2781\">Regulaarsel kasutamisel nahk:<\/p>\n<ul>\n<li data-start=\"2785\" data-end=\"2813\">p\u00fcsib kauem matt ja v\u00e4rske<\/li>\n<li data-start=\"2816\" data-end=\"2850\">n\u00e4eb puhtam ja hoolitsetum v\u00e4lja<\/li>\n<li data-start=\"2853\" data-end=\"2886\">on v\u00e4hem kaldu rasusele l\u00e4ikele<\/li>\n<li data-start=\"2889\" data-end=\"2925\">talub paremini igap\u00e4evast koormust<\/li>\n<\/ul>\n<hr data-start=\"2927\" data-end=\"2930\" \/>\n<h2 data-start=\"2932\" data-end=\"2944\">Kokkuv\u00f5te<\/h2>\n<p data-start=\"2946\" data-end=\"3151\"><strong data-start=\"2946\" data-end=\"2990\">Comodex Control &amp; Regulate Day Treatment<\/strong> on p\u00e4evane hooldus rasusele ja probleemsele nahale, mis aitab kontrollida rasueritust, toetada naha tasakaalu ja s\u00e4ilitada mugava enesetunde kogu p\u00e4eva jooksul.<\/p>\n<p data-start=\"3153\" data-end=\"3267\">See on lahendus neile, kes otsivad <strong data-start=\"3188\" data-end=\"3266\">t\u00f5husat, kuid nahas\u00f5bralikku hooldust rasuse naha igap\u00e4evaseks kontrolliks<\/strong>.<\/p>\n<hr data-start=\"4952\" data-end=\"4955\" \/>\n<h3 data-start=\"4957\" data-end=\"4975\"><\/h3>\n<\/div><\/section><br \/>\n<div  class='avia-button-wrap av-ml4yeid5-d832815adb095d965679c5bb888c3c80-wrap avia-button-center  avia-builder-el-5  el_after_av_textblock  el_before_av_button '><a href='https:\/\/christinakosmeetika.ee\/et\/toode\/christina-comodex-control-regulate-day-treatment-et\/'  class='avia-button av-ml4yeid5-d832815adb095d965679c5bb888c3c80 av-link-btn avia-icon_select-no avia-size-small avia-position-center avia-color-theme-color'   aria-label=\"Osta\"><span class='avia_iconbox_title' >Osta<\/span><\/a><\/div><br \/>\n<div  class='avia-button-wrap av-ml4ygk5o-9a7313c27055f45d264ec336c338d320-wrap avia-button-center  avia-builder-el-6  el_after_av_button  avia-builder-el-last '><a href='https:\/\/christinakosmeetika.ee\/et\/shop\/?filter_linii-kosmetiki=comodex-et'  class='avia-button av-ml4ygk5o-9a7313c27055f45d264ec336c338d320 av-link-btn avia-icon_select-no avia-size-small avia-position-center avia-color-theme-color'   aria-label=\"Tagasi sarja\"><span class='avia_iconbox_title' >Tagasi sarja<\/span><\/a><\/div><\/p>\n<\/div><\/div><\/div>\n","protected":false},"excerpt":{"rendered":"","protected":false},"author":2,"featured_media":0,"parent":0,"menu_order":0,"comment_status":"closed","ping_status":"closed","template":"","meta":{"footnotes":""},"class_list":["post-12977","page","type-page","status-publish","hentry"],"yoast_head":"<!-- This site is optimized with the Yoast SEO plugin v27.5 - https:\/\/yoast.com\/product\/yoast-seo-wordpress\/ -->\n<title>Vahend rasuse l\u00e4ike vastu | Comodex<\/title>\n<meta name=\"description\" content=\"P\u00e4evane hooldustoode rasuse l\u00e4ike kontrollimiseks. Aitab tasakaalustada rasueritust ja hoida naha mati ja mugavana kogu p\u00e4eva jooksul.\" \/>\n<meta name=\"robots\" content=\"index, follow, max-snippet:-1, max-image-preview:large, max-video-preview:-1\" \/>\n<link rel=\"canonical\" href=\"https:\/\/christinakosmeetika.ee\/et\/sredstvo-ot-zhirnogo-bleska-i-rasshirennyh-por\/\" \/>\n<meta property=\"og:locale\" content=\"et_EE\" \/>\n<meta property=\"og:type\" content=\"article\" \/>\n<meta property=\"og:title\" content=\"Vahend rasuse l\u00e4ike vastu | Comodex\" \/>\n<meta property=\"og:description\" content=\"P\u00e4evane hooldustoode rasuse l\u00e4ike kontrollimiseks. Aitab tasakaalustada rasueritust ja hoida naha mati ja mugavana kogu p\u00e4eva jooksul.\" \/>\n<meta property=\"og:url\" content=\"https:\/\/christinakosmeetika.ee\/et\/sredstvo-ot-zhirnogo-bleska-i-rasshirennyh-por\/\" \/>\n<meta property=\"og:site_name\" content=\"Christinakosmeetika\" \/>\n<meta property=\"article:modified_time\" content=\"2026-02-02T10:06:44+00:00\" \/>\n<meta name=\"twitter:card\" content=\"summary_large_image\" \/>\n<meta name=\"twitter:label1\" content=\"Est. reading time\" \/>\n\t<meta name=\"twitter:data1\" content=\"3 minutit\" \/>\n<script type=\"application\/ld+json\" class=\"yoast-schema-graph\">{\"@context\":\"https:\\\/\\\/schema.org\",\"@graph\":[{\"@type\":\"WebPage\",\"@id\":\"https:\\\/\\\/christinakosmeetika.ee\\\/et\\\/sredstvo-ot-zhirnogo-bleska-i-rasshirennyh-por\\\/\",\"url\":\"https:\\\/\\\/christinakosmeetika.ee\\\/et\\\/sredstvo-ot-zhirnogo-bleska-i-rasshirennyh-por\\\/\",\"name\":\"Vahend rasuse l\u00e4ike vastu | Comodex\",\"isPartOf\":{\"@id\":\"https:\\\/\\\/christinakosmeetika.ee\\\/#website\"},\"datePublished\":\"2026-02-02T09:48:27+00:00\",\"dateModified\":\"2026-02-02T10:06:44+00:00\",\"description\":\"P\u00e4evane hooldustoode rasuse l\u00e4ike kontrollimiseks. Aitab tasakaalustada rasueritust ja hoida naha mati ja mugavana kogu p\u00e4eva jooksul.\",\"breadcrumb\":{\"@id\":\"https:\\\/\\\/christinakosmeetika.ee\\\/et\\\/sredstvo-ot-zhirnogo-bleska-i-rasshirennyh-por\\\/#breadcrumb\"},\"inLanguage\":\"et\",\"potentialAction\":[{\"@type\":\"ReadAction\",\"target\":[\"https:\\\/\\\/christinakosmeetika.ee\\\/et\\\/sredstvo-ot-zhirnogo-bleska-i-rasshirennyh-por\\\/\"]}]},{\"@type\":\"BreadcrumbList\",\"@id\":\"https:\\\/\\\/christinakosmeetika.ee\\\/et\\\/sredstvo-ot-zhirnogo-bleska-i-rasshirennyh-por\\\/#breadcrumb\",\"itemListElement\":[{\"@type\":\"ListItem\",\"position\":1,\"name\":\"\u0413\u043b\u0430\u0432\u043d\u0430\u044f \u0441\u0442\u0440\u0430\u043d\u0438\u0446\u0430\",\"item\":\"https:\\\/\\\/christinakosmeetika.ee\\\/et\\\/\"},{\"@type\":\"ListItem\",\"position\":2,\"name\":\"Comodex Control &#038; Regulate Day Treatment\"}]},{\"@type\":\"WebSite\",\"@id\":\"https:\\\/\\\/christinakosmeetika.ee\\\/#website\",\"url\":\"https:\\\/\\\/christinakosmeetika.ee\\\/\",\"name\":\"Christinakosmeetika\",\"description\":\"Christina kosmeetika Eestis\",\"alternateName\":\"Christina kosmeetika Eestis\",\"potentialAction\":[{\"@type\":\"SearchAction\",\"target\":{\"@type\":\"EntryPoint\",\"urlTemplate\":\"https:\\\/\\\/christinakosmeetika.ee\\\/?s={search_term_string}\"},\"query-input\":{\"@type\":\"PropertyValueSpecification\",\"valueRequired\":true,\"valueName\":\"search_term_string\"}}],\"inLanguage\":\"et\"}]}<\/script>\n<!-- \/ Yoast SEO plugin. -->","yoast_head_json":{"title":"Vahend rasuse l\u00e4ike vastu | Comodex","description":"P\u00e4evane hooldustoode rasuse l\u00e4ike kontrollimiseks. Aitab tasakaalustada rasueritust ja hoida naha mati ja mugavana kogu p\u00e4eva jooksul.","robots":{"index":"index","follow":"follow","max-snippet":"max-snippet:-1","max-image-preview":"max-image-preview:large","max-video-preview":"max-video-preview:-1"},"canonical":"https:\/\/christinakosmeetika.ee\/et\/sredstvo-ot-zhirnogo-bleska-i-rasshirennyh-por\/","og_locale":"et_EE","og_type":"article","og_title":"Vahend rasuse l\u00e4ike vastu | Comodex","og_description":"P\u00e4evane hooldustoode rasuse l\u00e4ike kontrollimiseks. Aitab tasakaalustada rasueritust ja hoida naha mati ja mugavana kogu p\u00e4eva jooksul.","og_url":"https:\/\/christinakosmeetika.ee\/et\/sredstvo-ot-zhirnogo-bleska-i-rasshirennyh-por\/","og_site_name":"Christinakosmeetika","article_modified_time":"2026-02-02T10:06:44+00:00","twitter_card":"summary_large_image","twitter_misc":{"Est. reading time":"3 minutit"},"schema":{"@context":"https:\/\/schema.org","@graph":[{"@type":"WebPage","@id":"https:\/\/christinakosmeetika.ee\/et\/sredstvo-ot-zhirnogo-bleska-i-rasshirennyh-por\/","url":"https:\/\/christinakosmeetika.ee\/et\/sredstvo-ot-zhirnogo-bleska-i-rasshirennyh-por\/","name":"Vahend rasuse l\u00e4ike vastu | Comodex","isPartOf":{"@id":"https:\/\/christinakosmeetika.ee\/#website"},"datePublished":"2026-02-02T09:48:27+00:00","dateModified":"2026-02-02T10:06:44+00:00","description":"P\u00e4evane hooldustoode rasuse l\u00e4ike kontrollimiseks. Aitab tasakaalustada rasueritust ja hoida naha mati ja mugavana kogu p\u00e4eva jooksul.","breadcrumb":{"@id":"https:\/\/christinakosmeetika.ee\/et\/sredstvo-ot-zhirnogo-bleska-i-rasshirennyh-por\/#breadcrumb"},"inLanguage":"et","potentialAction":[{"@type":"ReadAction","target":["https:\/\/christinakosmeetika.ee\/et\/sredstvo-ot-zhirnogo-bleska-i-rasshirennyh-por\/"]}]},{"@type":"BreadcrumbList","@id":"https:\/\/christinakosmeetika.ee\/et\/sredstvo-ot-zhirnogo-bleska-i-rasshirennyh-por\/#breadcrumb","itemListElement":[{"@type":"ListItem","position":1,"name":"\u0413\u043b\u0430\u0432\u043d\u0430\u044f \u0441\u0442\u0440\u0430\u043d\u0438\u0446\u0430","item":"https:\/\/christinakosmeetika.ee\/et\/"},{"@type":"ListItem","position":2,"name":"Comodex Control &#038; Regulate Day Treatment"}]},{"@type":"WebSite","@id":"https:\/\/christinakosmeetika.ee\/#website","url":"https:\/\/christinakosmeetika.ee\/","name":"Christinakosmeetika","description":"Christina kosmeetika Eestis","alternateName":"Christina kosmeetika Eestis","potentialAction":[{"@type":"SearchAction","target":{"@type":"EntryPoint","urlTemplate":"https:\/\/christinakosmeetika.ee\/?s={search_term_string}"},"query-input":{"@type":"PropertyValueSpecification","valueRequired":true,"valueName":"search_term_string"}}],"inLanguage":"et"}]}},"_links":{"self":[{"href":"https:\/\/christinakosmeetika.ee\/et\/wp-json\/wp\/v2\/pages\/12977","targetHints":{"allow":["GET"]}}],"collection":[{"href":"https:\/\/christinakosmeetika.ee\/et\/wp-json\/wp\/v2\/pages"}],"about":[{"href":"https:\/\/christinakosmeetika.ee\/et\/wp-json\/wp\/v2\/types\/page"}],"author":[{"embeddable":true,"href":"https:\/\/christinakosmeetika.ee\/et\/wp-json\/wp\/v2\/users\/2"}],"replies":[{"embeddable":true,"href":"https:\/\/christinakosmeetika.ee\/et\/wp-json\/wp\/v2\/comments?post=12977"}],"version-history":[{"count":0,"href":"https:\/\/christinakosmeetika.ee\/et\/wp-json\/wp\/v2\/pages\/12977\/revisions"}],"wp:attachment":[{"href":"https:\/\/christinakosmeetika.ee\/et\/wp-json\/wp\/v2\/media?parent=12977"}],"curies":[{"name":"wp","href":"https:\/\/api.w.org\/{rel}","templated":true}]}}