{"id":12535,"date":"2026-01-30T00:27:27","date_gmt":"2026-01-29T22:27:27","guid":{"rendered":"https:\/\/christinakosmeetika.ee\/rastitelnyy-piling-dlya-litsa\/"},"modified":"2026-01-30T19:05:40","modified_gmt":"2026-01-30T17:05:40","slug":"rastitelnyy-piling-dlya-litsa","status":"publish","type":"page","link":"https:\/\/christinakosmeetika.ee\/et\/rastitelnyy-piling-dlya-litsa\/","title":{"rendered":"Herbal Complex"},"content":{"rendered":"<div id='av-layout-grid-1'  class='av-layout-grid-container av-1tmkkd7-b9474896c35a5060e584a5b5c3b34b35 entry-content-wrapper main_color av-flex-cells  avia-builder-el-0  avia-builder-el-no-sibling   container_wrap sidebar_right'  >\n<div class='flex_cell av-407gd7-d35499884caa2d94b7f6574e29a0c259 av-gridrow-cell av_one_half no_margin  avia-builder-el-1  el_before_av_cell_one_half  avia-builder-el-first '  ><div class='flex_cell_inner'>\n<style type=\"text\/css\" data-created_by=\"avia_inline_auto\" id=\"style-css-av-ml007nb7-40614c8d91285d3eddcd1c365b510349\">\n.avia-image-container.av-ml007nb7-40614c8d91285d3eddcd1c365b510349 img.avia_image{\nbox-shadow:none;\n}\n.avia-image-container.av-ml007nb7-40614c8d91285d3eddcd1c365b510349 .av-image-caption-overlay-center{\ncolor:#ffffff;\n}\n<\/style>\n<div  class='avia-image-container av-ml007nb7-40614c8d91285d3eddcd1c365b510349 av-styling- avia-align-center  avia-builder-el-2  avia-builder-el-no-sibling '   itemprop=\"image\" itemscope=\"itemscope\" itemtype=\"https:\/\/schema.org\/ImageObject\" ><div class=\"avia-image-container-inner\"><div class=\"avia-image-overlay-wrap\"><img decoding=\"async\" fetchpriority=\"high\" class='wp-image-12539 avia-img-lazy-loading-not-12539 avia_image ' src=\"https:\/\/christinakosmeetika.ee\/wp-content\/uploads\/2021\/05\/Herbal-complex.webp\" alt='' title='Herbal complex'  height=\"1536\" width=\"1024\"  itemprop=\"thumbnailUrl\" srcset=\"https:\/\/christinakosmeetika.ee\/wp-content\/uploads\/2021\/05\/Herbal-complex.webp 1024w, https:\/\/christinakosmeetika.ee\/wp-content\/uploads\/2021\/05\/Herbal-complex-200x300.webp 200w, https:\/\/christinakosmeetika.ee\/wp-content\/uploads\/2021\/05\/Herbal-complex-687x1030.webp 687w, https:\/\/christinakosmeetika.ee\/wp-content\/uploads\/2021\/05\/Herbal-complex-768x1152.webp 768w, https:\/\/christinakosmeetika.ee\/wp-content\/uploads\/2021\/05\/Herbal-complex-1000x1500.webp 1000w, https:\/\/christinakosmeetika.ee\/wp-content\/uploads\/2021\/05\/Herbal-complex-470x705.webp 470w, https:\/\/christinakosmeetika.ee\/wp-content\/uploads\/2021\/05\/Herbal-complex-450x675.webp 450w, https:\/\/christinakosmeetika.ee\/wp-content\/uploads\/2021\/05\/Herbal-complex-600x900.webp 600w\" sizes=\"(max-width: 1024px) 100vw, 1024px\" \/><\/div><\/div><\/div>\n<\/div><\/div><div class='flex_cell av-ntrgvv-314a258bc66132dbdaa6c17349a0534f av-gridrow-cell av_one_half no_margin  avia-builder-el-3  el_after_av_cell_one_half  avia-builder-el-last '  ><div class='flex_cell_inner'><section  class='av_textblock_section av-ml00gm2j-a429818a09929db3bbb5d785a80365a6 '   itemscope=\"itemscope\" itemtype=\"https:\/\/schema.org\/CreativeWork\" ><div class='avia_textblock'  itemprop=\"text\" ><div class=\"flex max-w-full flex-col grow\">\n<div class=\"min-h-8 text-message relative flex w-full flex-col items-end gap-2 text-start break-words whitespace-normal &#091;.text-message+&amp;&#093;:mt-1\" dir=\"auto\" data-message-author-role=\"assistant\" data-message-id=\"c8ce4fe0-d055-4c94-a965-15957088fcf3\" data-message-model-slug=\"gpt-5-2\">\n<div class=\"flex w-full flex-col gap-1 empty:hidden first:pt-&#091;1px&#093;\">\n<div class=\"markdown prose dark:prose-invert w-full wrap-break-word light markdown-new-styling\">\n<h1 data-start=\"0\" data-end=\"64\"><strong data-start=\"0\" data-end=\"23\">Taimne n\u00e4okoorimine<\/strong><\/h1>\n<h2 data-start=\"0\" data-end=\"64\"><strong data-start=\"26\" data-end=\"64\">Christina Bio Phyto Herbal Complex<\/strong><\/h2>\n<p data-start=\"66\" data-end=\"250\">Taimset n\u00e4okoorimist kasutatakse siis, kui nahk vajab mitte ainult pindmist puhastamist, vaid s\u00fcgavamat t\u00f6\u00f6d naha seisundiga \u2014 puhastamist, uuendamist ja \u00fcldise nahatooni \u00fchtlustamist.<\/p>\n<p data-start=\"252\" data-end=\"576\">Aja jooksul koguneb nahale sarvestunud rakke, liigne rasu ja saaste. See m\u00f5jutab naha v\u00e4limust: toon muutub tuhmiks, tekstuur eba\u00fchtlaseks, v\u00f5ivad tekkida p\u00f5letikulised elemendid ja \u201e\u00fclekoormatud\u201c naha tunne. Sellistel perioodidel vajab nahk aktiivset, kuid tasakaalustatud m\u00f5ju, mis k\u00e4ivitab uuenemise ilma agressiivsuseta.<\/p>\n<p data-start=\"578\" data-end=\"655\"><strong data-start=\"578\" data-end=\"616\">Christina Bio Phyto Herbal Complex<\/strong> on loodud just selliseks t\u00f6\u00f6ks nahaga.<\/p>\n<h3 data-start=\"657\" data-end=\"704\">Millal nahk vajab puhastamist ja uuendamist<\/h3>\n<p data-start=\"706\" data-end=\"863\">Isegi regulaarse hoolduse korral kaotab nahk aja jooksul v\u00e4rskuse. Tavalisest pesemisest ei piisa enam ning agressiivsed happelised koorimised ei sobi alati.<\/p>\n<p data-start=\"865\" data-end=\"1131\">Taimne n\u00e4okoorimine v\u00f5imaldab k\u00e4ivitada naha puhastamise ja uuendamise protsessi \u00f5rnemalt ja f\u00fcsioloogilisemalt. See aitab eemaldada sarvestunud rakke, parandada mikrotsirkulatsiooni ja valmistada naha ette edasiseks hoolduseks, rikkumata selle loomulikku tasakaalu.<\/p>\n<h3 data-start=\"1133\" data-end=\"1193\">Milles seisneb Christina Bio Phyto Herbal Complexi toime<\/h3>\n<p data-start=\"1195\" data-end=\"1429\"><strong data-start=\"1195\" data-end=\"1233\">Christina Bio Phyto Herbal Complex<\/strong> on taimne koorimine, mis on suunatud naha terviklikule hooldusele. See \u00fchendab puhastamise, stimulatsiooni ja uuendamise, aidates nahal j\u00e4rk-j\u00e4rgult taastada \u00fchtlasema tooni ja v\u00e4rskema v\u00e4limuse.<\/p>\n<p data-start=\"1431\" data-end=\"1649\">Koorimine aitab kaasa:<\/p>\n<ul>\n<li data-start=\"1431\" data-end=\"1649\">naha ja pooride puhastamisele<\/li>\n<li data-start=\"1431\" data-end=\"1649\">sarvestunud rakkude eemaldamisele<\/li>\n<li data-start=\"1431\" data-end=\"1649\">naha pinna uuendamisele<\/li>\n<li data-start=\"1431\" data-end=\"1649\">\u00fcldise nahatooni \u00fchtlustamisele<\/li>\n<li data-start=\"1431\" data-end=\"1649\">rasun\u00e4\u00e4rmete t\u00f6\u00f6 kontrollile<\/li>\n<li data-start=\"1431\" data-end=\"1649\">p\u00f5letike n\u00e4htavuse v\u00e4hendamisele<\/li>\n<\/ul>\n<p data-start=\"1651\" data-end=\"1721\">Selline toime aitab nahal v\u00e4lja n\u00e4ha siledam, elastsem ja hoolitsetum.<\/p>\n<h3 data-start=\"1723\" data-end=\"1765\">Kuidas toimib taimse koorimise koostis<\/h3>\n<p data-start=\"1767\" data-end=\"1945\"><strong data-start=\"1767\" data-end=\"1806\">Christina Bio Phyto Herbal Complexi<\/strong> koostis p\u00f5hineb taimsete ekstraktide ja aktiivsete komponentide kombinatsioonil, mis stimuleerivad nahka ja v\u00f5imendavad uuenemisprotsesse.<\/p>\n<ul>\n<li data-start=\"1947\" data-end=\"2440\">M\u00fcndi, aniisi, oliivi ja kaneeli ekstraktid tagavad naha puhastamise ja antiseptilise toe, luues v\u00e4rskustunde.<\/li>\n<li data-start=\"1947\" data-end=\"2440\">T\u0161illipipra ekstrakt, mentool ja ment\u00fc\u00fcllaktaat aktiveerivad mikrotsirkulatsiooni, t\u00e4nu millele nahk reageerib protseduurile kiiremini ning n\u00e4eb \u00fchtlasem ja v\u00e4rskem v\u00e4lja.<\/li>\n<li data-start=\"1947\" data-end=\"2440\">Salits\u00fc\u00fclhape toetab pooride puhastamist ja aitab nahal toime tulla p\u00f5letikuliste elementidega.<\/li>\n<li data-start=\"1947\" data-end=\"2440\">Vask-klorof\u00fclliini kompleks osaleb naha taastumisprotsessides ja tugevdab uuenemistunnet p\u00e4rast protseduuri.<\/li>\n<\/ul>\n<h3 data-start=\"2442\" data-end=\"2498\">Miks on tegemist taimse, mitte happelise koorimisega<\/h3>\n<p data-start=\"2500\" data-end=\"2711\"><strong data-start=\"2500\" data-end=\"2538\">Christina Bio Phyto Herbal Complex<\/strong> ei kuulu klassikaliste happeliste koorimiste hulka. Selle toime nahale p\u00f5hineb stimulatsioonil, vereringe parandamisel ja aktiivsel puhastamisel taimsete komponentide abil.<\/p>\n<p data-start=\"2713\" data-end=\"2869\">Selline l\u00e4henemine v\u00f5imaldab kasutada koorimist juhtudel, kui nahk vajab uuendamist ja puhastamist ilma v\u00e4ljendunud ketenduseta ja pika taastumisperioodita.<\/p>\n<h3 data-start=\"2871\" data-end=\"2916\">Millal taimne n\u00e4okoorimine on eriti sobiv<\/h3>\n<p data-start=\"2918\" data-end=\"3117\"><strong data-start=\"2918\" data-end=\"2956\">Christina Bio Phyto Herbal Complex<\/strong> valitakse siis, kui nahk:<\/p>\n<ul>\n<li data-start=\"2918\" data-end=\"3117\">n\u00e4eb tuhm ja v\u00e4sinud v\u00e4lja<\/li>\n<li data-start=\"2918\" data-end=\"3117\">on eba\u00fchtlase tooniga<\/li>\n<li data-start=\"2918\" data-end=\"3117\">on kalduv p\u00f5letikele<\/li>\n<li data-start=\"2918\" data-end=\"3117\">vajab puhastamist ja uuendamist<\/li>\n<li data-start=\"2918\" data-end=\"3117\">vajab rasu kontrolli<\/li>\n<\/ul>\n<h3 data-start=\"3119\" data-end=\"3132\">Kokkuv\u00f5te<\/h3>\n<p data-start=\"3134\" data-end=\"3302\"><strong data-start=\"3134\" data-end=\"3172\">Christina Bio Phyto Herbal Complex<\/strong> on taimne n\u00e4okoorimine, mis t\u00f6\u00f6tab nahaga terviklikult: puhastab, stimuleerib uuenemist ja aitab parandada naha \u00fcldist seisundit.<\/p>\n<p data-start=\"3304\" data-end=\"3440\" data-is-last-node=\"\" data-is-only-node=\"\">See on hooldus juhtudeks, kui nahk ei vaja agressiivset m\u00f5ju, vaid teadlikku ja toimivat toetust puhastamise ja uuenemise protsessidele.<\/p>\n<\/div>\n<\/div>\n<\/div>\n<\/div>\n<div class=\"z-0 flex min-h-&#091;46px&#093; justify-start\"><\/div>\n<div class=\"border-token-border-light my-2 flex gap-10 border-t pt-4\">\n<div class=\"flex items-center justify-center overflow-hidden h-12 w-12 rounded-lg\"><\/div>\n<\/div>\n<\/div><\/section><br \/>\n<div  class='avia-button-wrap av-ml00q30s-3b48bf47e56286635bf992ebc25b7795-wrap avia-button-center  avia-builder-el-5  el_after_av_textblock  el_before_av_button '><a href='https:\/\/christinakosmeetika.ee\/et\/toode\/christina-piling-bio-phyto-herbal-comple-et\/'  class='avia-button av-ml00q30s-3b48bf47e56286635bf992ebc25b7795 av-link-btn avia-icon_select-no avia-size-small avia-position-center avia-color-theme-color'   aria-label=\"Osta\"><span class='avia_iconbox_title' >Osta<\/span><\/a><\/div><br \/>\n<div  class='avia-button-wrap av-ml00y7id-ae4c5678159c2b13770884528c2f6e32-wrap avia-button-center  avia-builder-el-6  el_after_av_button  avia-builder-el-last '><a href='https:\/\/christinakosmeetika.ee\/shop\/?filter_linii-kosmetiki=bio-phyto'  class='avia-button av-ml00y7id-ae4c5678159c2b13770884528c2f6e32 av-link-btn avia-icon_select-no avia-size-small avia-position-center avia-color-theme-color'   aria-label=\"Tagasi sarja\"><span class='avia_iconbox_title' >Tagasi sarja<\/span><\/a><\/div><\/p>\n<\/div><\/div><\/div>\n","protected":false},"excerpt":{"rendered":"","protected":false},"author":2,"featured_media":0,"parent":0,"menu_order":0,"comment_status":"closed","ping_status":"closed","template":"","meta":{"footnotes":""},"class_list":["post-12535","page","type-page","status-publish","hentry"],"yoast_head":"<!-- This site is optimized with the Yoast SEO plugin v27.3 - https:\/\/yoast.com\/product\/yoast-seo-wordpress\/ -->\n<title>Taimne n\u00e4okoorimine | Christina Bio Phyto<\/title>\n<meta name=\"description\" content=\"Taimne n\u00e4okoorimine naha puhastamiseks ja uuendamiseks, tekstuuri parandamiseks ning \u00fchtlasema nahatooni saavutamiseks ilma agressiivse m\u00f5juta.\" \/>\n<meta name=\"robots\" content=\"index, follow, max-snippet:-1, max-image-preview:large, max-video-preview:-1\" \/>\n<link rel=\"canonical\" href=\"https:\/\/christinakosmeetika.ee\/et\/rastitelnyy-piling-dlya-litsa\/\" \/>\n<meta property=\"og:locale\" content=\"et_EE\" \/>\n<meta property=\"og:type\" content=\"article\" \/>\n<meta property=\"og:title\" content=\"Taimne n\u00e4okoorimine | Christina Bio Phyto\" \/>\n<meta property=\"og:description\" content=\"Taimne n\u00e4okoorimine naha puhastamiseks ja uuendamiseks, tekstuuri parandamiseks ning \u00fchtlasema nahatooni saavutamiseks ilma agressiivse m\u00f5juta.\" \/>\n<meta property=\"og:url\" content=\"https:\/\/christinakosmeetika.ee\/et\/rastitelnyy-piling-dlya-litsa\/\" \/>\n<meta property=\"og:site_name\" content=\"Christinakosmeetika\" \/>\n<meta property=\"article:modified_time\" content=\"2026-01-30T17:05:40+00:00\" \/>\n<meta name=\"twitter:card\" content=\"summary_large_image\" \/>\n<meta name=\"twitter:label1\" content=\"Est. reading time\" \/>\n\t<meta name=\"twitter:data1\" content=\"3 minutit\" \/>\n<script type=\"application\/ld+json\" class=\"yoast-schema-graph\">{\"@context\":\"https:\\\/\\\/schema.org\",\"@graph\":[{\"@type\":\"WebPage\",\"@id\":\"https:\\\/\\\/christinakosmeetika.ee\\\/et\\\/rastitelnyy-piling-dlya-litsa\\\/\",\"url\":\"https:\\\/\\\/christinakosmeetika.ee\\\/et\\\/rastitelnyy-piling-dlya-litsa\\\/\",\"name\":\"Taimne n\u00e4okoorimine | Christina Bio Phyto\",\"isPartOf\":{\"@id\":\"https:\\\/\\\/christinakosmeetika.ee\\\/#website\"},\"datePublished\":\"2026-01-29T22:27:27+00:00\",\"dateModified\":\"2026-01-30T17:05:40+00:00\",\"description\":\"Taimne n\u00e4okoorimine naha puhastamiseks ja uuendamiseks, tekstuuri parandamiseks ning \u00fchtlasema nahatooni saavutamiseks ilma agressiivse m\u00f5juta.\",\"breadcrumb\":{\"@id\":\"https:\\\/\\\/christinakosmeetika.ee\\\/et\\\/rastitelnyy-piling-dlya-litsa\\\/#breadcrumb\"},\"inLanguage\":\"et\",\"potentialAction\":[{\"@type\":\"ReadAction\",\"target\":[\"https:\\\/\\\/christinakosmeetika.ee\\\/et\\\/rastitelnyy-piling-dlya-litsa\\\/\"]}]},{\"@type\":\"BreadcrumbList\",\"@id\":\"https:\\\/\\\/christinakosmeetika.ee\\\/et\\\/rastitelnyy-piling-dlya-litsa\\\/#breadcrumb\",\"itemListElement\":[{\"@type\":\"ListItem\",\"position\":1,\"name\":\"\u0413\u043b\u0430\u0432\u043d\u0430\u044f \u0441\u0442\u0440\u0430\u043d\u0438\u0446\u0430\",\"item\":\"https:\\\/\\\/christinakosmeetika.ee\\\/et\\\/\"},{\"@type\":\"ListItem\",\"position\":2,\"name\":\"Herbal Complex\"}]},{\"@type\":\"WebSite\",\"@id\":\"https:\\\/\\\/christinakosmeetika.ee\\\/#website\",\"url\":\"https:\\\/\\\/christinakosmeetika.ee\\\/\",\"name\":\"Christinakosmeetika\",\"description\":\"Christina kosmeetika Eestis\",\"alternateName\":\"Christina kosmeetika Eestis\",\"potentialAction\":[{\"@type\":\"SearchAction\",\"target\":{\"@type\":\"EntryPoint\",\"urlTemplate\":\"https:\\\/\\\/christinakosmeetika.ee\\\/?s={search_term_string}\"},\"query-input\":{\"@type\":\"PropertyValueSpecification\",\"valueRequired\":true,\"valueName\":\"search_term_string\"}}],\"inLanguage\":\"et\"}]}<\/script>\n<!-- \/ Yoast SEO plugin. -->","yoast_head_json":{"title":"Taimne n\u00e4okoorimine | Christina Bio Phyto","description":"Taimne n\u00e4okoorimine naha puhastamiseks ja uuendamiseks, tekstuuri parandamiseks ning \u00fchtlasema nahatooni saavutamiseks ilma agressiivse m\u00f5juta.","robots":{"index":"index","follow":"follow","max-snippet":"max-snippet:-1","max-image-preview":"max-image-preview:large","max-video-preview":"max-video-preview:-1"},"canonical":"https:\/\/christinakosmeetika.ee\/et\/rastitelnyy-piling-dlya-litsa\/","og_locale":"et_EE","og_type":"article","og_title":"Taimne n\u00e4okoorimine | Christina Bio Phyto","og_description":"Taimne n\u00e4okoorimine naha puhastamiseks ja uuendamiseks, tekstuuri parandamiseks ning \u00fchtlasema nahatooni saavutamiseks ilma agressiivse m\u00f5juta.","og_url":"https:\/\/christinakosmeetika.ee\/et\/rastitelnyy-piling-dlya-litsa\/","og_site_name":"Christinakosmeetika","article_modified_time":"2026-01-30T17:05:40+00:00","twitter_card":"summary_large_image","twitter_misc":{"Est. reading time":"3 minutit"},"schema":{"@context":"https:\/\/schema.org","@graph":[{"@type":"WebPage","@id":"https:\/\/christinakosmeetika.ee\/et\/rastitelnyy-piling-dlya-litsa\/","url":"https:\/\/christinakosmeetika.ee\/et\/rastitelnyy-piling-dlya-litsa\/","name":"Taimne n\u00e4okoorimine | Christina Bio Phyto","isPartOf":{"@id":"https:\/\/christinakosmeetika.ee\/#website"},"datePublished":"2026-01-29T22:27:27+00:00","dateModified":"2026-01-30T17:05:40+00:00","description":"Taimne n\u00e4okoorimine naha puhastamiseks ja uuendamiseks, tekstuuri parandamiseks ning \u00fchtlasema nahatooni saavutamiseks ilma agressiivse m\u00f5juta.","breadcrumb":{"@id":"https:\/\/christinakosmeetika.ee\/et\/rastitelnyy-piling-dlya-litsa\/#breadcrumb"},"inLanguage":"et","potentialAction":[{"@type":"ReadAction","target":["https:\/\/christinakosmeetika.ee\/et\/rastitelnyy-piling-dlya-litsa\/"]}]},{"@type":"BreadcrumbList","@id":"https:\/\/christinakosmeetika.ee\/et\/rastitelnyy-piling-dlya-litsa\/#breadcrumb","itemListElement":[{"@type":"ListItem","position":1,"name":"\u0413\u043b\u0430\u0432\u043d\u0430\u044f \u0441\u0442\u0440\u0430\u043d\u0438\u0446\u0430","item":"https:\/\/christinakosmeetika.ee\/et\/"},{"@type":"ListItem","position":2,"name":"Herbal Complex"}]},{"@type":"WebSite","@id":"https:\/\/christinakosmeetika.ee\/#website","url":"https:\/\/christinakosmeetika.ee\/","name":"Christinakosmeetika","description":"Christina kosmeetika Eestis","alternateName":"Christina kosmeetika Eestis","potentialAction":[{"@type":"SearchAction","target":{"@type":"EntryPoint","urlTemplate":"https:\/\/christinakosmeetika.ee\/?s={search_term_string}"},"query-input":{"@type":"PropertyValueSpecification","valueRequired":true,"valueName":"search_term_string"}}],"inLanguage":"et"}]}},"_links":{"self":[{"href":"https:\/\/christinakosmeetika.ee\/et\/wp-json\/wp\/v2\/pages\/12535","targetHints":{"allow":["GET"]}}],"collection":[{"href":"https:\/\/christinakosmeetika.ee\/et\/wp-json\/wp\/v2\/pages"}],"about":[{"href":"https:\/\/christinakosmeetika.ee\/et\/wp-json\/wp\/v2\/types\/page"}],"author":[{"embeddable":true,"href":"https:\/\/christinakosmeetika.ee\/et\/wp-json\/wp\/v2\/users\/2"}],"replies":[{"embeddable":true,"href":"https:\/\/christinakosmeetika.ee\/et\/wp-json\/wp\/v2\/comments?post=12535"}],"version-history":[{"count":0,"href":"https:\/\/christinakosmeetika.ee\/et\/wp-json\/wp\/v2\/pages\/12535\/revisions"}],"wp:attachment":[{"href":"https:\/\/christinakosmeetika.ee\/et\/wp-json\/wp\/v2\/media?parent=12535"}],"curies":[{"name":"wp","href":"https:\/\/api.w.org\/{rel}","templated":true}]}}