{"id":12482,"date":"2026-01-29T17:41:28","date_gmt":"2026-01-29T15:41:28","guid":{"rendered":"https:\/\/christinakosmeetika.ee\/krem-dlya-kozhi-vokrug-glaz-i-shei\/"},"modified":"2026-01-30T19:03:13","modified_gmt":"2026-01-30T17:03:13","slug":"krem-dlya-kozhi-vokrug-glaz-i-shei","status":"publish","type":"page","link":"https:\/\/christinakosmeetika.ee\/et\/krem-dlya-kozhi-vokrug-glaz-i-shei\/","title":{"rendered":"Enlightening Eye And Neck Cream"},"content":{"rendered":"<div id='av-layout-grid-1'  class='av-layout-grid-container av-1gjotzj-30ac115af5188a051410647320b05ffe entry-content-wrapper main_color av-flex-cells  avia-builder-el-0  avia-builder-el-no-sibling   container_wrap sidebar_right'  >\n<div class='flex_cell av-1aj7mfj-730303a7616ef88d89546c721e4f3b9c av-gridrow-cell av_one_half no_margin  avia-builder-el-1  el_before_av_cell_one_half  avia-builder-el-first '  ><div class='flex_cell_inner'>\n<style type=\"text\/css\" data-created_by=\"avia_inline_auto\" id=\"style-css-av-mkzm3yvz-7b394c72005eaafdb93d9602ad10a8cf\">\n.avia-image-container.av-mkzm3yvz-7b394c72005eaafdb93d9602ad10a8cf img.avia_image{\nbox-shadow:none;\n}\n.avia-image-container.av-mkzm3yvz-7b394c72005eaafdb93d9602ad10a8cf .av-image-caption-overlay-center{\ncolor:#ffffff;\n}\n<\/style>\n<div  class='avia-image-container av-mkzm3yvz-7b394c72005eaafdb93d9602ad10a8cf av-styling- avia-align-center  avia-builder-el-2  avia-builder-el-no-sibling '   itemprop=\"image\" itemscope=\"itemscope\" itemtype=\"https:\/\/schema.org\/ImageObject\" ><div class=\"avia-image-container-inner\"><div class=\"avia-image-overlay-wrap\"><img decoding=\"async\" fetchpriority=\"high\" class='wp-image-12488 avia-img-lazy-loading-not-12488 avia_image ' src=\"https:\/\/christinakosmeetika.ee\/wp-content\/uploads\/2021\/05\/Bio-Phyto-Enlightening-Eye-And-Neck-Cream-.png\" alt='' title='Bio Phyto Enlightening Eye And Neck Cream'  height=\"1536\" width=\"1024\"  itemprop=\"thumbnailUrl\" srcset=\"https:\/\/christinakosmeetika.ee\/wp-content\/uploads\/2021\/05\/Bio-Phyto-Enlightening-Eye-And-Neck-Cream-.png 1024w, https:\/\/christinakosmeetika.ee\/wp-content\/uploads\/2021\/05\/Bio-Phyto-Enlightening-Eye-And-Neck-Cream--200x300.png 200w, https:\/\/christinakosmeetika.ee\/wp-content\/uploads\/2021\/05\/Bio-Phyto-Enlightening-Eye-And-Neck-Cream--687x1030.png 687w, https:\/\/christinakosmeetika.ee\/wp-content\/uploads\/2021\/05\/Bio-Phyto-Enlightening-Eye-And-Neck-Cream--768x1152.png 768w, https:\/\/christinakosmeetika.ee\/wp-content\/uploads\/2021\/05\/Bio-Phyto-Enlightening-Eye-And-Neck-Cream--1000x1500.png 1000w, https:\/\/christinakosmeetika.ee\/wp-content\/uploads\/2021\/05\/Bio-Phyto-Enlightening-Eye-And-Neck-Cream--470x705.png 470w, https:\/\/christinakosmeetika.ee\/wp-content\/uploads\/2021\/05\/Bio-Phyto-Enlightening-Eye-And-Neck-Cream--450x675.png 450w, https:\/\/christinakosmeetika.ee\/wp-content\/uploads\/2021\/05\/Bio-Phyto-Enlightening-Eye-And-Neck-Cream--600x900.png 600w\" sizes=\"(max-width: 1024px) 100vw, 1024px\" \/><\/div><\/div><\/div>\n<\/div><\/div><div class='flex_cell av-quh7wv-e52cd47125a3d01fb8b4a8426eb4880e av-gridrow-cell av_one_half no_margin  avia-builder-el-3  el_after_av_cell_one_half  avia-builder-el-last '  ><div class='flex_cell_inner'><section  class='av_textblock_section av-mkzm9gtk-32ade8e9e5d7a8a44ffc1ddcea8365a9 '   itemscope=\"itemscope\" itemtype=\"https:\/\/schema.org\/CreativeWork\" ><div class='avia_textblock'  itemprop=\"text\" ><h1><strong>Silmade ja kaela\u00fcmbruse kreem<\/strong><\/h1>\n<h2><strong>Bio Phyto Enlightening Eye And Neck Cream<\/strong><\/h2>\n<p>Silmade ja kaela\u00fcmbruse kreem on vajalik juhtudel, kui see tundlik piirkond reageerib esimesena v\u00e4simusele, stressile ja niiskusepuudusele.<br \/>Just siin tekivad kiiremini tumedad silmaalused, tursed ja raskustunne, isegi siis, kui n\u00e4onahk \u00fcldiselt n\u00e4eb hoolitsetud v\u00e4lja.<\/p>\n<p>Isegi hea n\u00e4ohoolduse korral vajab see piirkond sageli eraldi, \u00f5rnemat l\u00e4henemist.<\/p>\n<p><strong>Bio Phyto Enlightening Eye And Neck Cream<\/strong> on loodud spetsiaalselt silmade ja kaela\u00fcmbruse naha hooldamiseks \u2014 olukordadeks, kus on oluline nahatooni heledamaks muuta, v\u00e4hendada turseid ja s\u00e4ilitada niisutatus, ilma nahka koormamata ja ebamugavust tekitamata.<\/p>\n<h3>Kui silmade ja kaela\u00fcmbruse nahk vajab eraldi hooldust<\/h3>\n<p>Seda piirkonda iseloomustab:<br \/>\u2014 \u00f5huke struktuur<br \/>\u2014 v\u00e4iksem rasun\u00e4\u00e4rmete hulk<br \/>\u2014 suurem kalduvus niiskusekaole ja tursetele<\/p>\n<p>Selle tulemusena kaotab nahk kiiremini v\u00e4rskuse ning v\u00e4simuse m\u00e4rgid muutuvad n\u00e4htavamaks.<\/p>\n<p>Sellistel hetkedel ei piisa tavalisest n\u00e4okreemist.<br \/>Silmade ja kaela\u00fcmbruse nahk vajab toodet, mis arvestab selle erip\u00e4radega ning toimib \u00f5rnalt ja sihip\u00e4raselt.<\/p>\n<h3>Bio Phyto Enlightening Eye And Neck Creami eesm\u00e4rk<\/h3>\n<p>See kreem on suunatud silmade ja kaela tundliku piirkonna terviklikule hooldusele.<\/p>\n<p>See aitab:<br \/>\u2014 heledamaks muuta tumedaid silmaaluseid<br \/>\u2014 v\u00e4hendada turseid ja paistetust<br \/>\u2014 s\u00e4ilitada niiskustaset<br \/>\u2014 parandada naha \u00fcldist v\u00e4ljan\u00e4gemist<br \/>\u2014 visuaalselt siluda peeneid kortse<\/p>\n<p>Kreem ei tekita raskustunnet ega koorma nahka.<br \/>Kerge tekstuur imendub kiiresti ja sobib regulaarseks kasutamiseks.<\/p>\n<h3>Kuidas kreemi koostis toimib<\/h3>\n<p><strong>Bio Phyto Enlightening Eye And Neck Creami<\/strong> koostis on v\u00e4lja t\u00f6\u00f6tatud, arvestades silmade ja kaela\u00fcmbruse naha tundlikkust.<\/p>\n<p><strong>H\u00fcaluroonhape ja niisutavad komponendid<\/strong><br \/>Aitavad s\u00e4ilitada optimaalse niisutatuse, muutes naha siledamaks ja hoolitsetumaks.<\/p>\n<p><strong>Kofeiin<\/strong><br \/>Aitab v\u00e4hendada tursete n\u00e4htavust ja muudab naha v\u00e4rskemaks.<\/p>\n<p><strong>Ginkgo biloba ekstrakt ja taimsed valgud<\/strong><br \/>Toetavad nahka, soodustades \u00fchtlasemat v\u00e4ljan\u00e4gemist ja kapillaaride tugevdamist, mis on eriti oluline tumedate silmaaluste korral.<\/p>\n<p><strong>E-vitamiin ja pehmendavad komponendid<\/strong><br \/>Toetavad nahka igap\u00e4evaste keskkonnam\u00f5jude korral ja aitavad s\u00e4ilitada mugava seisundi.<\/p>\n<h3>Miks kreem sobib silmade ja kaela\u00fcmbruse hoolduseks<\/h3>\n<p><strong>Bio Phyto Enlightening Eye And Neck Cream<\/strong> on loodud regulaarseks kasutamiseks ja sobib h\u00e4sti tundlikule nahale.<\/p>\n<p>See ei muuda nahka raskeks, ei j\u00e4ta kleepuvat tunnet ning sobib kasutamiseks nii hommikul kui \u00f5htul.<\/p>\n<p>Kreem aitab silmade ja kaela\u00fcmbruse piirkonnal n\u00e4ha v\u00e4lja v\u00e4rskem, heledam ja hoolitsetum \u2014 ilma agressiivse m\u00f5juta.<\/p>\n<h3>Millal Bio Phyto Enlightening Eye And Neck Cream on eriti sobiv<\/h3>\n<p>Kreemi valitakse, kui:<br \/>\u2014 tumedad silmaalused on m\u00e4rgatavad<br \/>\u2014 tekivad tursed ja paistetus<br \/>\u2014 nahk n\u00e4eb v\u00e4sinud v\u00e4lja<br \/>\u2014 esineb kuivus ja pingulolek<br \/>\u2014 on vaja mugavust ja helendavat efekti<\/p>\n<h3>Kokkuv\u00f5te<\/h3>\n<p><strong>Bio Phyto Enlightening Eye And Neck Cream<\/strong> on helendav kreem silmade ja kaela\u00fcmbruse nahale,<br \/>loodud \u00f5rnaks, kuid t\u00f5husaks hoolduseks.<\/p>\n<p>See aitab v\u00e4hendada v\u00e4simuse m\u00e4rke, s\u00e4ilitab niisutatuse ning muudab selle piirkonna naha v\u00e4rskemaks ja hoolitsetumaks.<\/p>\n<p>See on hooldus juhtudeks, kui silmade ja kaela\u00fcmbruse piirkond vajab erilist t\u00e4helepanu ja tasakaalustatud tuge.<\/p>\n<\/div><\/section><br \/>\n<div  class='avia-button-wrap av-mkzmf4o8-fe7be0aa7fbd15a9b4d18b073f3e7d97-wrap avia-button-center  avia-builder-el-5  el_after_av_textblock  el_before_av_button '><a href='https:\/\/christinakosmeetika.ee\/et\/?attachment_id=12448'  class='avia-button av-mkzmf4o8-fe7be0aa7fbd15a9b4d18b073f3e7d97 av-link-btn avia-icon_select-no avia-size-small avia-position-center avia-color-theme-color'   aria-label=\"Osta\"><span class='avia_iconbox_title' >Osta<\/span><\/a><\/div><br \/>\n<div  class='avia-button-wrap av-mkzmg49o-895df773d3789532f1e73ac3fb98d7f6-wrap avia-button-center  avia-builder-el-6  el_after_av_button  avia-builder-el-last '><a href='https:\/\/christinakosmeetika.ee\/shop\/?filter_linii-kosmetiki=bio-phyto'  class='avia-button av-mkzmg49o-895df773d3789532f1e73ac3fb98d7f6 av-link-btn avia-icon_select-no avia-size-small avia-position-center avia-color-theme-color'   aria-label=\"Tagasi sarja\"><span class='avia_iconbox_title' >Tagasi sarja<\/span><\/a><\/div><\/p>\n<\/div><\/div><\/div>\n","protected":false},"excerpt":{"rendered":"","protected":false},"author":2,"featured_media":0,"parent":0,"menu_order":0,"comment_status":"closed","ping_status":"closed","template":"","meta":{"footnotes":""},"class_list":["post-12482","page","type-page","status-publish","hentry"],"yoast_head":"<!-- This site is optimized with the Yoast SEO plugin v27.5 - https:\/\/yoast.com\/product\/yoast-seo-wordpress\/ -->\n<title>Silmade ja kaela\u00fcmbruse kreem | Eye And Neck Cream<\/title>\n<meta name=\"description\" content=\"Eye And Neck Cream \u2014 silmade ja kaela\u00fcmbruse kreem, mis aitab v\u00e4hendada turseid, muuta nahatooni heledamaks ja s\u00e4ilitada niisutatust.\" \/>\n<meta name=\"robots\" content=\"index, follow, max-snippet:-1, max-image-preview:large, max-video-preview:-1\" \/>\n<link rel=\"canonical\" href=\"https:\/\/christinakosmeetika.ee\/et\/krem-dlya-kozhi-vokrug-glaz-i-shei\/\" \/>\n<meta property=\"og:locale\" content=\"et_EE\" \/>\n<meta property=\"og:type\" content=\"article\" \/>\n<meta property=\"og:title\" content=\"Silmade ja kaela\u00fcmbruse kreem | Eye And Neck Cream\" \/>\n<meta property=\"og:description\" content=\"Eye And Neck Cream \u2014 silmade ja kaela\u00fcmbruse kreem, mis aitab v\u00e4hendada turseid, muuta nahatooni heledamaks ja s\u00e4ilitada niisutatust.\" \/>\n<meta property=\"og:url\" content=\"https:\/\/christinakosmeetika.ee\/et\/krem-dlya-kozhi-vokrug-glaz-i-shei\/\" \/>\n<meta property=\"og:site_name\" content=\"Christinakosmeetika\" \/>\n<meta property=\"article:modified_time\" content=\"2026-01-30T17:03:13+00:00\" \/>\n<meta name=\"twitter:card\" content=\"summary_large_image\" \/>\n<meta name=\"twitter:label1\" content=\"Est. reading time\" \/>\n\t<meta name=\"twitter:data1\" content=\"3 minutit\" \/>\n<script type=\"application\/ld+json\" class=\"yoast-schema-graph\">{\"@context\":\"https:\\\/\\\/schema.org\",\"@graph\":[{\"@type\":\"WebPage\",\"@id\":\"https:\\\/\\\/christinakosmeetika.ee\\\/et\\\/krem-dlya-kozhi-vokrug-glaz-i-shei\\\/\",\"url\":\"https:\\\/\\\/christinakosmeetika.ee\\\/et\\\/krem-dlya-kozhi-vokrug-glaz-i-shei\\\/\",\"name\":\"Silmade ja kaela\u00fcmbruse kreem | Eye And Neck Cream\",\"isPartOf\":{\"@id\":\"https:\\\/\\\/christinakosmeetika.ee\\\/#website\"},\"datePublished\":\"2026-01-29T15:41:28+00:00\",\"dateModified\":\"2026-01-30T17:03:13+00:00\",\"description\":\"Eye And Neck Cream \u2014 silmade ja kaela\u00fcmbruse kreem, mis aitab v\u00e4hendada turseid, muuta nahatooni heledamaks ja s\u00e4ilitada niisutatust.\",\"breadcrumb\":{\"@id\":\"https:\\\/\\\/christinakosmeetika.ee\\\/et\\\/krem-dlya-kozhi-vokrug-glaz-i-shei\\\/#breadcrumb\"},\"inLanguage\":\"et\",\"potentialAction\":[{\"@type\":\"ReadAction\",\"target\":[\"https:\\\/\\\/christinakosmeetika.ee\\\/et\\\/krem-dlya-kozhi-vokrug-glaz-i-shei\\\/\"]}]},{\"@type\":\"BreadcrumbList\",\"@id\":\"https:\\\/\\\/christinakosmeetika.ee\\\/et\\\/krem-dlya-kozhi-vokrug-glaz-i-shei\\\/#breadcrumb\",\"itemListElement\":[{\"@type\":\"ListItem\",\"position\":1,\"name\":\"\u0413\u043b\u0430\u0432\u043d\u0430\u044f \u0441\u0442\u0440\u0430\u043d\u0438\u0446\u0430\",\"item\":\"https:\\\/\\\/christinakosmeetika.ee\\\/et\\\/\"},{\"@type\":\"ListItem\",\"position\":2,\"name\":\"Enlightening Eye And Neck Cream\"}]},{\"@type\":\"WebSite\",\"@id\":\"https:\\\/\\\/christinakosmeetika.ee\\\/#website\",\"url\":\"https:\\\/\\\/christinakosmeetika.ee\\\/\",\"name\":\"Christinakosmeetika\",\"description\":\"Christina kosmeetika Eestis\",\"alternateName\":\"Christina kosmeetika Eestis\",\"potentialAction\":[{\"@type\":\"SearchAction\",\"target\":{\"@type\":\"EntryPoint\",\"urlTemplate\":\"https:\\\/\\\/christinakosmeetika.ee\\\/?s={search_term_string}\"},\"query-input\":{\"@type\":\"PropertyValueSpecification\",\"valueRequired\":true,\"valueName\":\"search_term_string\"}}],\"inLanguage\":\"et\"}]}<\/script>\n<!-- \/ Yoast SEO plugin. -->","yoast_head_json":{"title":"Silmade ja kaela\u00fcmbruse kreem | Eye And Neck Cream","description":"Eye And Neck Cream \u2014 silmade ja kaela\u00fcmbruse kreem, mis aitab v\u00e4hendada turseid, muuta nahatooni heledamaks ja s\u00e4ilitada niisutatust.","robots":{"index":"index","follow":"follow","max-snippet":"max-snippet:-1","max-image-preview":"max-image-preview:large","max-video-preview":"max-video-preview:-1"},"canonical":"https:\/\/christinakosmeetika.ee\/et\/krem-dlya-kozhi-vokrug-glaz-i-shei\/","og_locale":"et_EE","og_type":"article","og_title":"Silmade ja kaela\u00fcmbruse kreem | Eye And Neck Cream","og_description":"Eye And Neck Cream \u2014 silmade ja kaela\u00fcmbruse kreem, mis aitab v\u00e4hendada turseid, muuta nahatooni heledamaks ja s\u00e4ilitada niisutatust.","og_url":"https:\/\/christinakosmeetika.ee\/et\/krem-dlya-kozhi-vokrug-glaz-i-shei\/","og_site_name":"Christinakosmeetika","article_modified_time":"2026-01-30T17:03:13+00:00","twitter_card":"summary_large_image","twitter_misc":{"Est. reading time":"3 minutit"},"schema":{"@context":"https:\/\/schema.org","@graph":[{"@type":"WebPage","@id":"https:\/\/christinakosmeetika.ee\/et\/krem-dlya-kozhi-vokrug-glaz-i-shei\/","url":"https:\/\/christinakosmeetika.ee\/et\/krem-dlya-kozhi-vokrug-glaz-i-shei\/","name":"Silmade ja kaela\u00fcmbruse kreem | Eye And Neck Cream","isPartOf":{"@id":"https:\/\/christinakosmeetika.ee\/#website"},"datePublished":"2026-01-29T15:41:28+00:00","dateModified":"2026-01-30T17:03:13+00:00","description":"Eye And Neck Cream \u2014 silmade ja kaela\u00fcmbruse kreem, mis aitab v\u00e4hendada turseid, muuta nahatooni heledamaks ja s\u00e4ilitada niisutatust.","breadcrumb":{"@id":"https:\/\/christinakosmeetika.ee\/et\/krem-dlya-kozhi-vokrug-glaz-i-shei\/#breadcrumb"},"inLanguage":"et","potentialAction":[{"@type":"ReadAction","target":["https:\/\/christinakosmeetika.ee\/et\/krem-dlya-kozhi-vokrug-glaz-i-shei\/"]}]},{"@type":"BreadcrumbList","@id":"https:\/\/christinakosmeetika.ee\/et\/krem-dlya-kozhi-vokrug-glaz-i-shei\/#breadcrumb","itemListElement":[{"@type":"ListItem","position":1,"name":"\u0413\u043b\u0430\u0432\u043d\u0430\u044f \u0441\u0442\u0440\u0430\u043d\u0438\u0446\u0430","item":"https:\/\/christinakosmeetika.ee\/et\/"},{"@type":"ListItem","position":2,"name":"Enlightening Eye And Neck Cream"}]},{"@type":"WebSite","@id":"https:\/\/christinakosmeetika.ee\/#website","url":"https:\/\/christinakosmeetika.ee\/","name":"Christinakosmeetika","description":"Christina kosmeetika Eestis","alternateName":"Christina kosmeetika Eestis","potentialAction":[{"@type":"SearchAction","target":{"@type":"EntryPoint","urlTemplate":"https:\/\/christinakosmeetika.ee\/?s={search_term_string}"},"query-input":{"@type":"PropertyValueSpecification","valueRequired":true,"valueName":"search_term_string"}}],"inLanguage":"et"}]}},"_links":{"self":[{"href":"https:\/\/christinakosmeetika.ee\/et\/wp-json\/wp\/v2\/pages\/12482","targetHints":{"allow":["GET"]}}],"collection":[{"href":"https:\/\/christinakosmeetika.ee\/et\/wp-json\/wp\/v2\/pages"}],"about":[{"href":"https:\/\/christinakosmeetika.ee\/et\/wp-json\/wp\/v2\/types\/page"}],"author":[{"embeddable":true,"href":"https:\/\/christinakosmeetika.ee\/et\/wp-json\/wp\/v2\/users\/2"}],"replies":[{"embeddable":true,"href":"https:\/\/christinakosmeetika.ee\/et\/wp-json\/wp\/v2\/comments?post=12482"}],"version-history":[{"count":0,"href":"https:\/\/christinakosmeetika.ee\/et\/wp-json\/wp\/v2\/pages\/12482\/revisions"}],"wp:attachment":[{"href":"https:\/\/christinakosmeetika.ee\/et\/wp-json\/wp\/v2\/media?parent=12482"}],"curies":[{"name":"wp","href":"https:\/\/api.w.org\/{rel}","templated":true}]}}