{"id":12338,"date":"2026-01-29T13:26:06","date_gmt":"2026-01-29T11:26:06","guid":{"rendered":"https:\/\/christinakosmeetika.ee\/alluring-serum-skin-quality\/"},"modified":"2026-04-11T23:50:13","modified_gmt":"2026-04-11T20:50:13","slug":"kuidas-uhtlustada-naonaha-tooni","status":"publish","type":"page","link":"https:\/\/christinakosmeetika.ee\/et\/kuidas-uhtlustada-naonaha-tooni\/","title":{"rendered":"Kuidas \u00fchtlustada n\u00e4onaha tooni \u2013 kuidas parandada jumet ja taastada naha v\u00e4rskus"},"content":{"rendered":"<div id='av-layout-grid-1'  class='av-layout-grid-container av-1ocvuw7-f42c9665af1590e1ec431d46db47c362 entry-content-wrapper main_color av-flex-cells  avia-builder-el-0  avia-builder-el-no-sibling   container_wrap sidebar_right'  >\n<div class='flex_cell av-13uk7lz-5984b8aecaf3be227ee6d7bdeab36e55 av-gridrow-cell av_one_half no_margin  avia-builder-el-1  el_before_av_cell_one_half  avia-builder-el-first '  ><div class='flex_cell_inner'>\n<style type=\"text\/css\" data-created_by=\"avia_inline_auto\" id=\"style-css-av-mkzcza88-582cf9d10a7765e006a741570cdbf073\">\n.avia-image-container.av-mkzcza88-582cf9d10a7765e006a741570cdbf073 img.avia_image{\nbox-shadow:none;\n}\n.avia-image-container.av-mkzcza88-582cf9d10a7765e006a741570cdbf073 .av-image-caption-overlay-center{\ncolor:#ffffff;\n}\n<\/style>\n<div  class='avia-image-container av-mkzcza88-582cf9d10a7765e006a741570cdbf073 av-styling- avia-align-center  avia-builder-el-2  avia-builder-el-no-sibling '   itemprop=\"image\" itemscope=\"itemscope\" itemtype=\"https:\/\/schema.org\/ImageObject\" ><div class=\"avia-image-container-inner\"><div class=\"avia-image-overlay-wrap\"><img decoding=\"async\" fetchpriority=\"high\" class='wp-image-12340 avia-img-lazy-loading-not-12340 avia_image ' src=\"https:\/\/christinakosmeetika.ee\/wp-content\/uploads\/2021\/05\/Alluring-serum.png\" alt='' title='Alluring serum'  height=\"1536\" width=\"1024\"  itemprop=\"thumbnailUrl\" srcset=\"https:\/\/christinakosmeetika.ee\/wp-content\/uploads\/2021\/05\/Alluring-serum.png 1024w, https:\/\/christinakosmeetika.ee\/wp-content\/uploads\/2021\/05\/Alluring-serum-200x300.png 200w, https:\/\/christinakosmeetika.ee\/wp-content\/uploads\/2021\/05\/Alluring-serum-687x1030.png 687w, https:\/\/christinakosmeetika.ee\/wp-content\/uploads\/2021\/05\/Alluring-serum-768x1152.png 768w, https:\/\/christinakosmeetika.ee\/wp-content\/uploads\/2021\/05\/Alluring-serum-1000x1500.png 1000w, https:\/\/christinakosmeetika.ee\/wp-content\/uploads\/2021\/05\/Alluring-serum-470x705.png 470w, https:\/\/christinakosmeetika.ee\/wp-content\/uploads\/2021\/05\/Alluring-serum-450x675.png 450w, https:\/\/christinakosmeetika.ee\/wp-content\/uploads\/2021\/05\/Alluring-serum-600x900.png 600w\" sizes=\"(max-width: 1024px) 100vw, 1024px\" \/><\/div><\/div><\/div>\n<\/div><\/div><div class='flex_cell av-ja3ejr-9982dbef65078417f48162386f06c7c0 av-gridrow-cell av_one_half no_margin  avia-builder-el-3  el_after_av_cell_one_half  avia-builder-el-last '  ><div class='flex_cell_inner'><section  class='av_textblock_section av-mkzd1grn-b301d6700c3b1b86bedfbdb06da342bc '   itemscope=\"itemscope\" itemtype=\"https:\/\/schema.org\/CreativeWork\" ><div class='avia_textblock'  itemprop=\"text\" ><h1 data-section-id=\"jh3r6x\" data-start=\"0\" data-end=\"52\">Kuidas \u00fchtlustada n\u00e4onaha tooni ja parandada jumet<\/h1>\n<p data-start=\"54\" data-end=\"361\">Kui n\u00e4onaha toon on muutunud eba\u00fchtlasemaks ja nahk ise n\u00e4eb v\u00e4lja tuhm ning v\u00e4sinud, on oluline valida hooldus, mis aitab taastada v\u00e4rskust ja hoolitsetud v\u00e4limust. Sellises olukorras ei vaja nahk sageli ainult niisutust. Samuti vajab see hooldust, mis aitab parandada jumet ja muuta nahatooni \u00fchtlasemaks.<\/p>\n<p data-start=\"363\" data-end=\"605\">Kui nahk kaotab v\u00e4rskuse, n\u00e4eb n\u00e4gu v\u00e4lja v\u00e4hem s\u00e4rav ja nahatoon muutub eba\u00fchtlasemaks. Seet\u00f5ttu ei peaks hooldus nahka ainult pehmendama. See peab aitama \u00fchtlustada n\u00e4onaha tooni, toetama naha mugavat seisundit ja taastama tervema v\u00e4limuse.<\/p>\n<p data-start=\"607\" data-end=\"748\">Christina Bio Phyto Alluring Serum on seerum nahale, mis n\u00e4eb v\u00e4lja tuhm, v\u00e4sinud ning vajab \u00fchtlasemat, v\u00e4rskemat ja hoolitsetumat v\u00e4limust.<\/p>\n<h2 data-section-id=\"1dfekh7\" data-start=\"750\" data-end=\"790\">Miks n\u00e4onaha toon muutub eba\u00fchtlaseks<\/h2>\n<p data-start=\"792\" data-end=\"1001\">Eba\u00fchtlane n\u00e4onaha toon v\u00f5ib olla seotud v\u00e4simuse, stressi, niiskusepuuduse ja v\u00e4liskeskkonna m\u00f5juga. Lisaks kaotab nahk aja jooksul oma v\u00e4rskuse. Selle tulemusel n\u00e4eb n\u00e4gu v\u00e4lja v\u00e4hem s\u00e4rav ja rohkem v\u00e4sinud.<\/p>\n<p data-start=\"1003\" data-end=\"1185\">Kui nahk n\u00e4eb v\u00e4lja tuhm ja toon on v\u00e4hem \u00fchtlane, on oluline toetada selle seisundit sobiva hooldusega. Just selline l\u00e4henemine aitab parandada jumet ja muuta nahatooni \u00fchtlasemaks.<\/p>\n<h2 data-section-id=\"b4mymt\" data-start=\"1187\" data-end=\"1232\">Miks aitab seerum n\u00e4onaha tooni \u00fchtlustada<\/h2>\n<p data-start=\"1234\" data-end=\"1433\">Seerum on kontsentreeritud hooldustoode. Erinevalt kreemist sisaldab see suuremas koguses aktiivseid koostisosi ja imendub kiiremini. T\u00e4nu sellele saab nahk sihip\u00e4rasemat hooldust ilma raskustundeta.<\/p>\n<p data-start=\"1435\" data-end=\"1592\">Kui soovite \u00fchtlustada n\u00e4onaha tooni ja taastada naha v\u00e4rskust, aitab seerum naha v\u00e4limust kiiremini parandada. Lisaks tugevdab see j\u00e4rgneva hoolduse toimet.<\/p>\n<h2 data-section-id=\"1wcvnc5\" data-start=\"1594\" data-end=\"1656\">Kuidas \u00fchtlustada n\u00e4onaha tooni Bio Phyto Alluring Serumiga<\/h2>\n<p data-start=\"1658\" data-end=\"1862\">Bio Phyto Alluring Serumi koostis on suunatud naha v\u00e4limuse parandamisele, v\u00e4rskuse taastamisele ja \u00fchtlasema tooni toetamisele. Seerum aitab nahal v\u00e4lja n\u00e4ha siledam, hoolitsetum ja visuaalselt \u00fchtlasem.<\/p>\n<p data-start=\"1864\" data-end=\"1997\">Kerge tekstuur imendub kiiresti. Seet\u00f5ttu sobib see h\u00e4sti nahale, mis n\u00e4eb v\u00e4lja tuhm, v\u00e4sinud ja on kaotanud oma loomuliku v\u00e4rskuse.<\/p>\n<h2 data-section-id=\"1nkonsa\" data-start=\"1999\" data-end=\"2052\">Aktiivsed koostisosad, mis aitavad jumet parandada<\/h2>\n<p data-start=\"2054\" data-end=\"2216\">Koostise aktiivsed komponendid aitavad toetada \u00fchtlasemat nahatooni ja v\u00e4rskemat v\u00e4limust. Lisaks aitab seerum muuta naha siledamaks, pehmemaks ja hoolitsetumaks.<\/p>\n<ul>\n<li data-start=\"2218\" data-end=\"2627\">Karulaugu ekstrakt aitab muuta nahatooni \u00fchtlasemaks ning toetab v\u00e4rskemat, puhtamat ja hoolitsetumat v\u00e4limust.<\/li>\n<li data-start=\"2218\" data-end=\"2627\">Mo\u0303oruspuu ekstrakt toetab \u00fchtlasemat jumet ja aitab nahal v\u00e4lja n\u00e4ha s\u00e4ravam ning v\u00e4rskem.<\/li>\n<li data-start=\"2218\" data-end=\"2627\">C-vitamiin aitab parandada naha v\u00e4limust, toetab s\u00e4ravamat tooni ja muudab n\u00e4o visuaalselt v\u00e4rskemaks.<\/li>\n<li data-start=\"2218\" data-end=\"2627\">Lagritsaekstrakt aitab nahka rahustada, toetab \u00fchtlasemat tooni ja muudab jume harmoonilisemaks.<\/li>\n<\/ul>\n<p data-start=\"2629\" data-end=\"2793\">T\u00e4nu sellisele aktiivsete koostisosade kooslusele n\u00e4eb nahk v\u00e4lja v\u00e4rskem, siledam ja hoolitsetum ning n\u00e4otoon muutub \u00fchtlasemaks ja visuaalselt tasakaalustatumaks.<\/p>\n<p data-start=\"2795\" data-end=\"2892\">Regulaarsel kasutamisel n\u00e4eb nahk v\u00e4lja v\u00e4rskem ning jume muutub \u00fchtlasemaks ja harmoonilisemaks.<\/p>\n<h2 data-section-id=\"vkzkod\" data-start=\"2894\" data-end=\"2937\">Millal v\u00f5ib nahk sellist seerumit vajada<\/h2>\n<p data-start=\"2939\" data-end=\"3195\">Bio Phyto Alluring Serum sobib eriti h\u00e4sti siis, kui nahatoon on muutunud eba\u00fchtlaseks. Samuti on seerumist kasu siis, kui jume n\u00e4eb v\u00e4lja tuhm ja nahk ise tundub v\u00e4sinud. Lisaks sobib see juhul, kui n\u00e4gu on kaotanud oma v\u00e4rskuse ja n\u00e4eb v\u00e4lja v\u00e4hem s\u00e4rav.<\/p>\n<p data-start=\"3197\" data-end=\"3364\">Sellistel juhtudel vajab nahk hooldust, mis aitab parandada jumet ja \u00fchtlustada nahatooni. Just seet\u00f5ttu on oluline toetada naha seisundit ja taastada v\u00e4rskem v\u00e4limus.<\/p>\n<h2 data-section-id=\"1u598a1\" data-start=\"3366\" data-end=\"3421\">Mida teha, kui n\u00e4onaha toon on muutunud eba\u00fchtlaseks<\/h2>\n<p data-start=\"3423\" data-end=\"3632\">Kui n\u00e4onaha toon on muutunud v\u00e4hem \u00fchtlaseks, on oluline valida hooldus, mis aitab taastada naha v\u00e4rskust ja parandada jumet. Ainult kreemist ei pruugi piisata, eriti siis, kui nahk n\u00e4eb v\u00e4lja tuhm ja v\u00e4sinud.<\/p>\n<p data-start=\"3634\" data-end=\"3800\" data-is-last-node=\"\" data-is-only-node=\"\">Bio Phyto Alluring Serum aitab muuta naha siledamaks, v\u00e4rskemaks ja visuaalselt \u00fchtlasemaks. Regulaarsel kasutamisel n\u00e4eb n\u00e4gu v\u00e4lja hoolitsetum ja nahatoon \u00fchtlasem.<\/p>\n<\/div><\/section><br \/>\n<div  class='avia-button-wrap avia-button-center  avia-builder-el-5  el_after_av_textblock  el_before_av_button '>\n<style type=\"text\/css\" data-created_by=\"avia_inline_auto\" id=\"style-css-av-mmp7306i-fa45852ec98beb2593868423d3de5054\">\n#top #wrap_all .avia-button.av-mmp7306i-fa45852ec98beb2593868423d3de5054:hover{\ncolor:white;\ntransition:all 0.4s ease-in-out;\n}\n#top #wrap_all .avia-button.av-mmp7306i-fa45852ec98beb2593868423d3de5054:hover .avia-svg-icon svg:first-child{\nfill:white;\nstroke:white;\n}\n<\/style>\n<a href='https:\/\/christinakosmeetika.ee\/et\/toode\/bio-phyto-alluring-serum-et\/' class='avia-color-theme-color avia-font-color-theme-color avia-button avia-button-fullwidth av-mmp7306i-fa45852ec98beb2593868423d3de5054 avia-icon_select-no avia-color-theme-color'   aria-label=\"Osta\"><span class='avia_iconbox_title' >Osta<\/span><span class='avia_button_background avia-button avia-button-fullwidth avia-color-theme-color-highlight'><\/span><\/a><\/div><br \/>\n<div  class='avia-button-wrap av-mkzdqxl8-93c3d3d731d6f1a21a6a52b06a08275e-wrap avia-button-center  avia-builder-el-6  el_after_av_button_big  avia-builder-el-no-sibling '><a href='https:\/\/christinakosmeetika.ee\/shop\/?filter_linii-kosmetiki=bio-phyto'  class='avia-button av-mkzdqxl8-93c3d3d731d6f1a21a6a52b06a08275e av-link-btn avia-icon_select-no avia-size-small avia-position-center avia-color-theme-color'   aria-label=\"Tagasi sarja\"><span class='avia_iconbox_title' >Tagasi sarja<\/span><\/a><\/div><\/p>\n<\/div><\/div><\/div>\n","protected":false},"excerpt":{"rendered":"","protected":false},"author":2,"featured_media":0,"parent":0,"menu_order":0,"comment_status":"closed","ping_status":"closed","template":"","meta":{"footnotes":""},"class_list":["post-12338","page","type-page","status-publish","hentry"],"yoast_head":"<!-- This site is optimized with the Yoast SEO plugin v27.4 - https:\/\/yoast.com\/product\/yoast-seo-wordpress\/ -->\n<title>Tuhm n\u00e4onahk \u2014 mida teha | Bio Phyto Alluring Serum<\/title>\n<meta name=\"description\" content=\"Kuidas \u00fchtlustada n\u00e4onaha tooni, kui nahk n\u00e4eb v\u00e4lja tuhm ja v\u00e4sinud? Uurige, milline hooldus aitab muuta jume \u00fchtlasemaks ja v\u00e4rskemaks.\" \/>\n<meta name=\"robots\" content=\"index, follow, max-snippet:-1, max-image-preview:large, max-video-preview:-1\" \/>\n<link rel=\"canonical\" href=\"https:\/\/christinakosmeetika.ee\/et\/kuidas-uhtlustada-naonaha-tooni\/\" \/>\n<meta property=\"og:locale\" content=\"et_EE\" \/>\n<meta property=\"og:type\" content=\"article\" \/>\n<meta property=\"og:title\" content=\"Tuhm n\u00e4onahk \u2014 mida teha | Bio Phyto Alluring Serum\" \/>\n<meta property=\"og:description\" content=\"Kuidas \u00fchtlustada n\u00e4onaha tooni, kui nahk n\u00e4eb v\u00e4lja tuhm ja v\u00e4sinud? Uurige, milline hooldus aitab muuta jume \u00fchtlasemaks ja v\u00e4rskemaks.\" \/>\n<meta property=\"og:url\" content=\"https:\/\/christinakosmeetika.ee\/et\/kuidas-uhtlustada-naonaha-tooni\/\" \/>\n<meta property=\"og:site_name\" content=\"Christinakosmeetika\" \/>\n<meta property=\"article:modified_time\" content=\"2026-04-11T20:50:13+00:00\" \/>\n<meta name=\"twitter:card\" content=\"summary_large_image\" \/>\n<meta name=\"twitter:label1\" content=\"Est. reading time\" \/>\n\t<meta name=\"twitter:data1\" content=\"3 minutit\" \/>\n<script type=\"application\/ld+json\" class=\"yoast-schema-graph\">{\"@context\":\"https:\\\/\\\/schema.org\",\"@graph\":[{\"@type\":\"WebPage\",\"@id\":\"https:\\\/\\\/christinakosmeetika.ee\\\/et\\\/kuidas-uhtlustada-naonaha-tooni\\\/\",\"url\":\"https:\\\/\\\/christinakosmeetika.ee\\\/et\\\/kuidas-uhtlustada-naonaha-tooni\\\/\",\"name\":\"Tuhm n\u00e4onahk \u2014 mida teha | Bio Phyto Alluring Serum\",\"isPartOf\":{\"@id\":\"https:\\\/\\\/christinakosmeetika.ee\\\/#website\"},\"datePublished\":\"2026-01-29T11:26:06+00:00\",\"dateModified\":\"2026-04-11T20:50:13+00:00\",\"description\":\"Kuidas \u00fchtlustada n\u00e4onaha tooni, kui nahk n\u00e4eb v\u00e4lja tuhm ja v\u00e4sinud? Uurige, milline hooldus aitab muuta jume \u00fchtlasemaks ja v\u00e4rskemaks.\",\"breadcrumb\":{\"@id\":\"https:\\\/\\\/christinakosmeetika.ee\\\/et\\\/kuidas-uhtlustada-naonaha-tooni\\\/#breadcrumb\"},\"inLanguage\":\"et\",\"potentialAction\":[{\"@type\":\"ReadAction\",\"target\":[\"https:\\\/\\\/christinakosmeetika.ee\\\/et\\\/kuidas-uhtlustada-naonaha-tooni\\\/\"]}]},{\"@type\":\"BreadcrumbList\",\"@id\":\"https:\\\/\\\/christinakosmeetika.ee\\\/et\\\/kuidas-uhtlustada-naonaha-tooni\\\/#breadcrumb\",\"itemListElement\":[{\"@type\":\"ListItem\",\"position\":1,\"name\":\"\u0413\u043b\u0430\u0432\u043d\u0430\u044f \u0441\u0442\u0440\u0430\u043d\u0438\u0446\u0430\",\"item\":\"https:\\\/\\\/christinakosmeetika.ee\\\/et\\\/\"},{\"@type\":\"ListItem\",\"position\":2,\"name\":\"Kuidas \u00fchtlustada n\u00e4onaha tooni \u2013 kuidas parandada jumet ja taastada naha v\u00e4rskus\"}]},{\"@type\":\"WebSite\",\"@id\":\"https:\\\/\\\/christinakosmeetika.ee\\\/#website\",\"url\":\"https:\\\/\\\/christinakosmeetika.ee\\\/\",\"name\":\"Christinakosmeetika\",\"description\":\"Christina kosmeetika Eestis\",\"alternateName\":\"Christina kosmeetika Eestis\",\"potentialAction\":[{\"@type\":\"SearchAction\",\"target\":{\"@type\":\"EntryPoint\",\"urlTemplate\":\"https:\\\/\\\/christinakosmeetika.ee\\\/?s={search_term_string}\"},\"query-input\":{\"@type\":\"PropertyValueSpecification\",\"valueRequired\":true,\"valueName\":\"search_term_string\"}}],\"inLanguage\":\"et\"}]}<\/script>\n<!-- \/ Yoast SEO plugin. -->","yoast_head_json":{"title":"Tuhm n\u00e4onahk \u2014 mida teha | Bio Phyto Alluring Serum","description":"Kuidas \u00fchtlustada n\u00e4onaha tooni, kui nahk n\u00e4eb v\u00e4lja tuhm ja v\u00e4sinud? Uurige, milline hooldus aitab muuta jume \u00fchtlasemaks ja v\u00e4rskemaks.","robots":{"index":"index","follow":"follow","max-snippet":"max-snippet:-1","max-image-preview":"max-image-preview:large","max-video-preview":"max-video-preview:-1"},"canonical":"https:\/\/christinakosmeetika.ee\/et\/kuidas-uhtlustada-naonaha-tooni\/","og_locale":"et_EE","og_type":"article","og_title":"Tuhm n\u00e4onahk \u2014 mida teha | Bio Phyto Alluring Serum","og_description":"Kuidas \u00fchtlustada n\u00e4onaha tooni, kui nahk n\u00e4eb v\u00e4lja tuhm ja v\u00e4sinud? Uurige, milline hooldus aitab muuta jume \u00fchtlasemaks ja v\u00e4rskemaks.","og_url":"https:\/\/christinakosmeetika.ee\/et\/kuidas-uhtlustada-naonaha-tooni\/","og_site_name":"Christinakosmeetika","article_modified_time":"2026-04-11T20:50:13+00:00","twitter_card":"summary_large_image","twitter_misc":{"Est. reading time":"3 minutit"},"schema":{"@context":"https:\/\/schema.org","@graph":[{"@type":"WebPage","@id":"https:\/\/christinakosmeetika.ee\/et\/kuidas-uhtlustada-naonaha-tooni\/","url":"https:\/\/christinakosmeetika.ee\/et\/kuidas-uhtlustada-naonaha-tooni\/","name":"Tuhm n\u00e4onahk \u2014 mida teha | Bio Phyto Alluring Serum","isPartOf":{"@id":"https:\/\/christinakosmeetika.ee\/#website"},"datePublished":"2026-01-29T11:26:06+00:00","dateModified":"2026-04-11T20:50:13+00:00","description":"Kuidas \u00fchtlustada n\u00e4onaha tooni, kui nahk n\u00e4eb v\u00e4lja tuhm ja v\u00e4sinud? Uurige, milline hooldus aitab muuta jume \u00fchtlasemaks ja v\u00e4rskemaks.","breadcrumb":{"@id":"https:\/\/christinakosmeetika.ee\/et\/kuidas-uhtlustada-naonaha-tooni\/#breadcrumb"},"inLanguage":"et","potentialAction":[{"@type":"ReadAction","target":["https:\/\/christinakosmeetika.ee\/et\/kuidas-uhtlustada-naonaha-tooni\/"]}]},{"@type":"BreadcrumbList","@id":"https:\/\/christinakosmeetika.ee\/et\/kuidas-uhtlustada-naonaha-tooni\/#breadcrumb","itemListElement":[{"@type":"ListItem","position":1,"name":"\u0413\u043b\u0430\u0432\u043d\u0430\u044f \u0441\u0442\u0440\u0430\u043d\u0438\u0446\u0430","item":"https:\/\/christinakosmeetika.ee\/et\/"},{"@type":"ListItem","position":2,"name":"Kuidas \u00fchtlustada n\u00e4onaha tooni \u2013 kuidas parandada jumet ja taastada naha v\u00e4rskus"}]},{"@type":"WebSite","@id":"https:\/\/christinakosmeetika.ee\/#website","url":"https:\/\/christinakosmeetika.ee\/","name":"Christinakosmeetika","description":"Christina kosmeetika Eestis","alternateName":"Christina kosmeetika Eestis","potentialAction":[{"@type":"SearchAction","target":{"@type":"EntryPoint","urlTemplate":"https:\/\/christinakosmeetika.ee\/?s={search_term_string}"},"query-input":{"@type":"PropertyValueSpecification","valueRequired":true,"valueName":"search_term_string"}}],"inLanguage":"et"}]}},"_links":{"self":[{"href":"https:\/\/christinakosmeetika.ee\/et\/wp-json\/wp\/v2\/pages\/12338","targetHints":{"allow":["GET"]}}],"collection":[{"href":"https:\/\/christinakosmeetika.ee\/et\/wp-json\/wp\/v2\/pages"}],"about":[{"href":"https:\/\/christinakosmeetika.ee\/et\/wp-json\/wp\/v2\/types\/page"}],"author":[{"embeddable":true,"href":"https:\/\/christinakosmeetika.ee\/et\/wp-json\/wp\/v2\/users\/2"}],"replies":[{"embeddable":true,"href":"https:\/\/christinakosmeetika.ee\/et\/wp-json\/wp\/v2\/comments?post=12338"}],"version-history":[{"count":0,"href":"https:\/\/christinakosmeetika.ee\/et\/wp-json\/wp\/v2\/pages\/12338\/revisions"}],"wp:attachment":[{"href":"https:\/\/christinakosmeetika.ee\/et\/wp-json\/wp\/v2\/media?parent=12338"}],"curies":[{"name":"wp","href":"https:\/\/api.w.org\/{rel}","templated":true}]}}