{"id":10885,"date":"2025-12-30T09:21:36","date_gmt":"2025-12-30T07:21:36","guid":{"rendered":"https:\/\/christinakosmeetika.ee\/10863-2\/"},"modified":"2026-01-31T11:27:22","modified_gmt":"2026-01-31T09:27:22","slug":"mask-rasusele-ja-probleemsele-naonahale","status":"publish","type":"page","link":"https:\/\/christinakosmeetika.ee\/et\/mask-rasusele-ja-probleemsele-naonahale\/","title":{"rendered":"Bio Phyto Seb-Adjustor Mask"},"content":{"rendered":"<\/p>\n<div id='av-layout-grid-1'  class='av-layout-grid-container av-1rubuxb-8434cea479525a78965f8bce99517bfc entry-content-wrapper main_color av-flex-cells  avia-builder-el-0  avia-builder-el-no-sibling   container_wrap sidebar_right'  >\n<div class='flex_cell av-zp6isv-da4d9aa892d6383160d75eddac1e6a60 av-gridrow-cell av_one_half no_margin  avia-builder-el-1  el_before_av_cell_one_half  avia-builder-el-first '  ><div class='flex_cell_inner'>\n<style type=\"text\/css\" data-created_by=\"avia_inline_auto\" id=\"style-css-av-mjs9du9w-6ca27aa4403c74eb0578f526d45438fe\">\n.avia-image-container.av-mjs9du9w-6ca27aa4403c74eb0578f526d45438fe img.avia_image{\nbox-shadow:none;\n}\n.avia-image-container.av-mjs9du9w-6ca27aa4403c74eb0578f526d45438fe .av-image-caption-overlay-center{\ncolor:#ffffff;\n}\n<\/style>\n<div  class='avia-image-container av-mjs9du9w-6ca27aa4403c74eb0578f526d45438fe av-styling- avia-align-center  avia-builder-el-2  avia-builder-el-no-sibling '   itemprop=\"image\" itemscope=\"itemscope\" itemtype=\"https:\/\/schema.org\/ImageObject\" ><div class=\"avia-image-container-inner\"><div class=\"avia-image-overlay-wrap\"><img decoding=\"async\" fetchpriority=\"high\" class='wp-image-10883 avia-img-lazy-loading-not-10883 avia_image ' src=\"https:\/\/christinakosmeetika.ee\/wp-content\/uploads\/2025\/12\/Bio-Phyto-Seb-Adjustor-Mask.png\" alt='' title='Bio Phyto Seb-Adjustor Mask'  height=\"1536\" width=\"1024\"  itemprop=\"thumbnailUrl\" srcset=\"https:\/\/christinakosmeetika.ee\/wp-content\/uploads\/2025\/12\/Bio-Phyto-Seb-Adjustor-Mask.png 1024w, https:\/\/christinakosmeetika.ee\/wp-content\/uploads\/2025\/12\/Bio-Phyto-Seb-Adjustor-Mask-600x900.png 600w, https:\/\/christinakosmeetika.ee\/wp-content\/uploads\/2025\/12\/Bio-Phyto-Seb-Adjustor-Mask-64x96.png 64w, https:\/\/christinakosmeetika.ee\/wp-content\/uploads\/2025\/12\/Bio-Phyto-Seb-Adjustor-Mask-200x300.png 200w, https:\/\/christinakosmeetika.ee\/wp-content\/uploads\/2025\/12\/Bio-Phyto-Seb-Adjustor-Mask-687x1030.png 687w, https:\/\/christinakosmeetika.ee\/wp-content\/uploads\/2025\/12\/Bio-Phyto-Seb-Adjustor-Mask-768x1152.png 768w, https:\/\/christinakosmeetika.ee\/wp-content\/uploads\/2025\/12\/Bio-Phyto-Seb-Adjustor-Mask-1000x1500.png 1000w, https:\/\/christinakosmeetika.ee\/wp-content\/uploads\/2025\/12\/Bio-Phyto-Seb-Adjustor-Mask-470x705.png 470w, https:\/\/christinakosmeetika.ee\/wp-content\/uploads\/2025\/12\/Bio-Phyto-Seb-Adjustor-Mask-450x675.png 450w\" sizes=\"(max-width: 1024px) 100vw, 1024px\" \/><\/div><\/div><\/div>\n<\/div><\/div><div class='flex_cell av-mefv9r-7848c2787df3168e9d6153542347bd51 av-gridrow-cell av_one_half no_margin  avia-builder-el-3  el_after_av_cell_one_half  avia-builder-el-last '  ><div class='flex_cell_inner'><section  class='av_textblock_section av-mjs8zux6-b1a29ddc1aef5515e6f077d4f4e83983 '   itemscope=\"itemscope\" itemtype=\"https:\/\/schema.org\/CreativeWork\" ><div class='avia_textblock'  itemprop=\"text\" ><h2 data-start=\"206\" data-end=\"213\"><strong data-start=\"214\" data-end=\"257\">Mask rasusele ja probleemsele n\u00e4onahale<\/strong><\/h2>\n<h2 data-start=\"259\" data-end=\"266\"><strong data-start=\"267\" data-end=\"312\">Kuidas Bio Phyto Seb-Adjustor Mask toimib<\/strong><\/h2>\n<h3 data-start=\"314\" data-end=\"376\">Mitte kuivatamine, vaid tasakaal naha ja rasuerituse vahel<\/h3>\n<p data-start=\"378\" data-end=\"576\">On nahk, mis elab pidevas konfliktis.<br data-start=\"415\" data-end=\"418\" \/>Mida rohkem seda kuivatatakse, seda aktiivsemalt hakkavad rasun\u00e4\u00e4rmed tootma rasu.<br data-start=\"500\" data-end=\"503\" \/>Mida agressiivsem on puhastus, seda kiiremini tekivad p\u00f5letikud ja l\u00e4ige.<\/p>\n<p data-start=\"578\" data-end=\"803\"><strong data-start=\"578\" data-end=\"609\">Bio Phyto Seb-Adjustor Mask<\/strong> ei ole loodud naha vastu v\u00f5itlemiseks.<br data-start=\"648\" data-end=\"651\" \/>See on mask rasusele ja probleemsele n\u00e4onahale, mis aitab nahal taastada tasakaalu ja v\u00f5tta rasuerituse kontrolli alla ilma stressi ja liigse kuivuseta.<\/p>\n<hr data-start=\"805\" data-end=\"808\" \/>\n<h2 data-start=\"810\" data-end=\"817\"><strong data-start=\"818\" data-end=\"867\">Kuidas mask aitab rasust nahka normaliseerida<\/strong><\/h2>\n<p data-start=\"869\" data-end=\"1036\">Seb-Adjustor Mask toimib s\u00fcgavamalt kui tavalised matistavad maskid.<br data-start=\"937\" data-end=\"940\" \/>See aitab v\u00e4hendada naha sisemist pinget, mille t\u00f5ttu rasun\u00e4\u00e4rmed t\u00f6\u00f6tavad \u00fclekoormuse re\u017eiimis.<\/p>\n<p data-start=\"1038\" data-end=\"1188\">Kui nahk ei pea end enam kaitsma ega kompenseerima agressiivset hooldust,<br data-start=\"1111\" data-end=\"1114\" \/>hakkab rasueritus j\u00e4rk-j\u00e4rgult normaliseeruma \u2014 rahulikult ja stabiilselt.<\/p>\n<p data-start=\"1190\" data-end=\"1221\">Seet\u00f5ttu valitakse mask sageli:<\/p>\n<ul>\n<li data-start=\"1190\" data-end=\"1221\">rasuse naha hoolduseks<\/li>\n<li data-start=\"1190\" data-end=\"1221\">probleemse ja p\u00f5letikule kalduva naha jaoks<\/li>\n<li data-start=\"1190\" data-end=\"1221\">laiade pooride korral<\/li>\n<li data-start=\"1190\" data-end=\"1221\">naha tasakaalustamiseks ilma kuivatava efektita<\/li>\n<\/ul>\n<hr data-start=\"1376\" data-end=\"1379\" \/>\n<h2 data-start=\"1381\" data-end=\"1388\"><strong data-start=\"1389\" data-end=\"1443\">Kuidas Bio Phyto Seb-Adjustor Maski koostis toimib<\/strong><\/h2>\n<p data-start=\"1445\" data-end=\"1519\">Maski koostis on \u00fcles ehitatud s\u00fcsteemina, kus iga komponent toetab teist.<\/p>\n<h3 data-start=\"1521\" data-end=\"1549\">Kaoliin ja tsinkoksiid<\/h3>\n<p data-start=\"1550\" data-end=\"1681\">Imavad \u00f5rnalt liigse rasu ja puhastavad poore,<br data-start=\"1596\" data-end=\"1599\" \/>s\u00e4ilitades naha kaitsebarj\u00e4\u00e4ri.<br data-start=\"1630\" data-end=\"1633\" \/>Nahk muutub matiks, kuid ei j\u00e4\u00e4 kuiv ega pingul.<\/p>\n<h3 data-start=\"1683\" data-end=\"1695\">V\u00e4\u00e4vel<\/h3>\n<p data-start=\"1696\" data-end=\"1824\">Toimib piirkondades, kus rasusus muutub p\u00f5letikuks.<br data-start=\"1747\" data-end=\"1750\" \/>Aitab v\u00e4hendada rasun\u00e4\u00e4rmete aktiivsust ja toetab puhtamat naha seisundit.<\/p>\n<h3 data-start=\"1826\" data-end=\"1842\">Triklosaan<\/h3>\n<p data-start=\"1843\" data-end=\"1945\">Aitab hoida kontrolli all bakteriaalset koormust,<br data-start=\"1892\" data-end=\"1895\" \/>v\u00e4hendades p\u00f5letike riski ilma agressiivse m\u00f5juta.<\/p>\n<h3 data-start=\"1947\" data-end=\"1985\">Fomes Officinalis (seenekstrakt)<\/h3>\n<p data-start=\"1986\" data-end=\"2092\">\u00dcks v\u00f5tmekomponente visuaalse tulemuse jaoks.<br data-start=\"2031\" data-end=\"2034\" \/>Aitab pooridel n\u00e4ida v\u00e4iksemad ja parandab naha tekstuuri.<\/p>\n<h3 data-start=\"2094\" data-end=\"2113\">Niasiiniamiid<\/h3>\n<p data-start=\"2114\" data-end=\"2209\">Toetab naha barj\u00e4\u00e4ri ja v\u00e4hendab p\u00f5letikulisi reaktsioone,<br data-start=\"2172\" data-end=\"2175\" \/>aidates nahal s\u00e4ilitada tasakaalu.<\/p>\n<h3 data-start=\"2211\" data-end=\"2240\">Allantoiin ja pantenool<\/h3>\n<p data-start=\"2241\" data-end=\"2322\">Rahustavad nahka, v\u00e4hendavad \u00e4rritust ja taastavad mugavustunde p\u00e4rast puhastust.<\/p>\n<hr data-start=\"2324\" data-end=\"2327\" \/>\n<h2 data-start=\"2329\" data-end=\"2336\"><strong data-start=\"2337\" data-end=\"2381\">Kuidas nahk v\u00e4lja n\u00e4eb p\u00e4rast kasutamist<\/strong><\/h2>\n<p data-start=\"2383\" data-end=\"2435\">P\u00e4rast Bio Phyto Seb-Adjustor Maski kasutamist nahk:<\/p>\n<ul>\n<li data-start=\"2383\" data-end=\"2435\">n\u00e4eb puhtam ja matim v\u00e4lja<\/li>\n<li data-start=\"2383\" data-end=\"2435\">poorid on visuaalselt v\u00e4hem m\u00e4rgatavad<\/li>\n<li data-start=\"2383\" data-end=\"2435\">naha tekstuur on \u00fchtlasem<\/li>\n<li data-start=\"2383\" data-end=\"2435\">rasune l\u00e4ige tekib aeglasemalt<\/li>\n<li data-start=\"2383\" data-end=\"2435\">kaob \u00e4rritunud ja \u00fclekoormatud tunne<\/li>\n<\/ul>\n<p data-start=\"2617\" data-end=\"2693\">See ei ole efekt \u201ekuni krigiseva puhtuseni\u201c.<br data-start=\"2661\" data-end=\"2664\" \/>See on tasakaalus naha tunne.<\/p>\n<hr data-start=\"2695\" data-end=\"2698\" \/>\n<h2 data-start=\"2700\" data-end=\"2707\"><strong data-start=\"2708\" data-end=\"2734\">Kellele see mask sobib<\/strong><\/h2>\n<p data-start=\"2736\" data-end=\"2762\">Mask on sobiv nahale, mis:<\/p>\n<ul>\n<li data-start=\"2736\" data-end=\"2762\">on rasune v\u00f5i kombineeritud<\/li>\n<li data-start=\"2736\" data-end=\"2762\">on kalduv p\u00f5letikele ja aknele<\/li>\n<li data-start=\"2736\" data-end=\"2762\">omab laienenud poore<\/li>\n<li data-start=\"2736\" data-end=\"2762\">ei talu agressiivseid puhastusvahendeid<\/li>\n<li data-start=\"2736\" data-end=\"2762\">vajab rasuerituse kontrolli ilma kuivatamiseta<\/li>\n<\/ul>\n<hr data-start=\"2951\" data-end=\"2954\" \/>\n<h2 data-start=\"2956\" data-end=\"2968\">Kokkuv\u00f5te<\/h2>\n<p data-start=\"2970\" data-end=\"3156\"><strong data-start=\"2970\" data-end=\"3001\">Bio Phyto Seb-Adjustor Mask<\/strong> on mask rasusele ja probleemsele n\u00e4onahale,<br data-start=\"3045\" data-end=\"3048\" \/>mis aitab normaliseerida rasueritust, puhastada poore ja parandada naha tekstuuri<br data-start=\"3129\" data-end=\"3132\" \/>ilma nahka kahjustamata.<\/p>\n<p data-start=\"3158\" data-end=\"3268\">See ei ole \u201enaha kuivatamiseks\u201c.<br data-start=\"3190\" data-end=\"3193\" \/>See on nutikas tasakaal, puhtus ilma stressita ja hoolitsetud naha v\u00e4limus.<\/p>\n<\/div><\/section><br \/>\n<div  class='avia-button-wrap av-mjsz0dna-bc5002e33ee7cb66cf6ad584b815ea95-wrap avia-button-center  avia-builder-el-5  el_after_av_textblock  el_before_av_button '><a href='https:\/\/christinakosmeetika.ee\/et\/toode\/bio-phyto-seb-adjustor-mask-et\/'  class='avia-button av-mjsz0dna-bc5002e33ee7cb66cf6ad584b815ea95 av-link-btn avia-icon_select-no avia-size-small avia-position-center avia-color-theme-color'   aria-label=\"Osta\"><span class='avia_iconbox_title' >Osta<\/span><\/a><\/div><br \/>\n<div  class='avia-button-wrap av-mjsz1wg9-b002dce42b4d0ceb5229495ee9c24003-wrap avia-button-center  avia-builder-el-6  el_after_av_button  avia-builder-el-last '><a href='https:\/\/christinakosmeetika.ee\/et\/shop\/?filter_linii-kosmetiki=bio-phyto-et'  class='avia-button av-mjsz1wg9-b002dce42b4d0ceb5229495ee9c24003 av-link-btn avia-icon_select-no avia-size-small avia-position-center avia-color-theme-color'   aria-label=\"Tagasi sarja\"><span class='avia_iconbox_title' >Tagasi sarja<\/span><\/a><\/div><\/p>\n<\/div><\/div><\/div>\n","protected":false},"excerpt":{"rendered":"","protected":false},"author":2,"featured_media":0,"parent":0,"menu_order":0,"comment_status":"closed","ping_status":"closed","template":"","meta":{"footnotes":""},"class_list":["post-10885","page","type-page","status-publish","hentry"],"yoast_head":"<!-- This site is optimized with the Yoast SEO plugin v27.5 - https:\/\/yoast.com\/product\/yoast-seo-wordpress\/ -->\n<title>Bio Phyto Seb-Adjustor Mask - Christinakosmeetika<\/title>\n<meta name=\"description\" content=\"Mask rasusele ja probleemsele n\u00e4onahale rasuerituse kontrollimiseks, pooride puhastamiseks ja p\u00f5letike v\u00e4hendamiseks ilma kuivatava m\u00f5juta.\" \/>\n<meta name=\"robots\" content=\"index, follow, max-snippet:-1, max-image-preview:large, max-video-preview:-1\" \/>\n<link rel=\"canonical\" href=\"https:\/\/christinakosmeetika.ee\/et\/mask-rasusele-ja-probleemsele-naonahale\/\" \/>\n<meta property=\"og:locale\" content=\"et_EE\" \/>\n<meta property=\"og:type\" content=\"article\" \/>\n<meta property=\"og:title\" content=\"Bio Phyto Seb-Adjustor Mask - Christinakosmeetika\" \/>\n<meta property=\"og:description\" content=\"Mask rasusele ja probleemsele n\u00e4onahale rasuerituse kontrollimiseks, pooride puhastamiseks ja p\u00f5letike v\u00e4hendamiseks ilma kuivatava m\u00f5juta.\" \/>\n<meta property=\"og:url\" content=\"https:\/\/christinakosmeetika.ee\/et\/mask-rasusele-ja-probleemsele-naonahale\/\" \/>\n<meta property=\"og:site_name\" content=\"Christinakosmeetika\" \/>\n<meta property=\"article:modified_time\" content=\"2026-01-31T09:27:22+00:00\" \/>\n<meta name=\"twitter:card\" content=\"summary_large_image\" \/>\n<meta name=\"twitter:label1\" content=\"Est. reading time\" \/>\n\t<meta name=\"twitter:data1\" content=\"3 minutit\" \/>\n<script type=\"application\/ld+json\" class=\"yoast-schema-graph\">{\"@context\":\"https:\\\/\\\/schema.org\",\"@graph\":[{\"@type\":\"WebPage\",\"@id\":\"https:\\\/\\\/christinakosmeetika.ee\\\/et\\\/mask-rasusele-ja-probleemsele-naonahale\\\/\",\"url\":\"https:\\\/\\\/christinakosmeetika.ee\\\/et\\\/mask-rasusele-ja-probleemsele-naonahale\\\/\",\"name\":\"Bio Phyto Seb-Adjustor Mask - Christinakosmeetika\",\"isPartOf\":{\"@id\":\"https:\\\/\\\/christinakosmeetika.ee\\\/#website\"},\"datePublished\":\"2025-12-30T07:21:36+00:00\",\"dateModified\":\"2026-01-31T09:27:22+00:00\",\"description\":\"Mask rasusele ja probleemsele n\u00e4onahale rasuerituse kontrollimiseks, pooride puhastamiseks ja p\u00f5letike v\u00e4hendamiseks ilma kuivatava m\u00f5juta.\",\"breadcrumb\":{\"@id\":\"https:\\\/\\\/christinakosmeetika.ee\\\/et\\\/mask-rasusele-ja-probleemsele-naonahale\\\/#breadcrumb\"},\"inLanguage\":\"et\",\"potentialAction\":[{\"@type\":\"ReadAction\",\"target\":[\"https:\\\/\\\/christinakosmeetika.ee\\\/et\\\/mask-rasusele-ja-probleemsele-naonahale\\\/\"]}]},{\"@type\":\"BreadcrumbList\",\"@id\":\"https:\\\/\\\/christinakosmeetika.ee\\\/et\\\/mask-rasusele-ja-probleemsele-naonahale\\\/#breadcrumb\",\"itemListElement\":[{\"@type\":\"ListItem\",\"position\":1,\"name\":\"\u0413\u043b\u0430\u0432\u043d\u0430\u044f \u0441\u0442\u0440\u0430\u043d\u0438\u0446\u0430\",\"item\":\"https:\\\/\\\/christinakosmeetika.ee\\\/et\\\/\"},{\"@type\":\"ListItem\",\"position\":2,\"name\":\"Bio Phyto Seb-Adjustor Mask\"}]},{\"@type\":\"WebSite\",\"@id\":\"https:\\\/\\\/christinakosmeetika.ee\\\/#website\",\"url\":\"https:\\\/\\\/christinakosmeetika.ee\\\/\",\"name\":\"Christinakosmeetika\",\"description\":\"Christina kosmeetika Eestis\",\"alternateName\":\"Christina kosmeetika Eestis\",\"potentialAction\":[{\"@type\":\"SearchAction\",\"target\":{\"@type\":\"EntryPoint\",\"urlTemplate\":\"https:\\\/\\\/christinakosmeetika.ee\\\/?s={search_term_string}\"},\"query-input\":{\"@type\":\"PropertyValueSpecification\",\"valueRequired\":true,\"valueName\":\"search_term_string\"}}],\"inLanguage\":\"et\"}]}<\/script>\n<!-- \/ Yoast SEO plugin. -->","yoast_head_json":{"title":"Bio Phyto Seb-Adjustor Mask - Christinakosmeetika","description":"Mask rasusele ja probleemsele n\u00e4onahale rasuerituse kontrollimiseks, pooride puhastamiseks ja p\u00f5letike v\u00e4hendamiseks ilma kuivatava m\u00f5juta.","robots":{"index":"index","follow":"follow","max-snippet":"max-snippet:-1","max-image-preview":"max-image-preview:large","max-video-preview":"max-video-preview:-1"},"canonical":"https:\/\/christinakosmeetika.ee\/et\/mask-rasusele-ja-probleemsele-naonahale\/","og_locale":"et_EE","og_type":"article","og_title":"Bio Phyto Seb-Adjustor Mask - Christinakosmeetika","og_description":"Mask rasusele ja probleemsele n\u00e4onahale rasuerituse kontrollimiseks, pooride puhastamiseks ja p\u00f5letike v\u00e4hendamiseks ilma kuivatava m\u00f5juta.","og_url":"https:\/\/christinakosmeetika.ee\/et\/mask-rasusele-ja-probleemsele-naonahale\/","og_site_name":"Christinakosmeetika","article_modified_time":"2026-01-31T09:27:22+00:00","twitter_card":"summary_large_image","twitter_misc":{"Est. reading time":"3 minutit"},"schema":{"@context":"https:\/\/schema.org","@graph":[{"@type":"WebPage","@id":"https:\/\/christinakosmeetika.ee\/et\/mask-rasusele-ja-probleemsele-naonahale\/","url":"https:\/\/christinakosmeetika.ee\/et\/mask-rasusele-ja-probleemsele-naonahale\/","name":"Bio Phyto Seb-Adjustor Mask - Christinakosmeetika","isPartOf":{"@id":"https:\/\/christinakosmeetika.ee\/#website"},"datePublished":"2025-12-30T07:21:36+00:00","dateModified":"2026-01-31T09:27:22+00:00","description":"Mask rasusele ja probleemsele n\u00e4onahale rasuerituse kontrollimiseks, pooride puhastamiseks ja p\u00f5letike v\u00e4hendamiseks ilma kuivatava m\u00f5juta.","breadcrumb":{"@id":"https:\/\/christinakosmeetika.ee\/et\/mask-rasusele-ja-probleemsele-naonahale\/#breadcrumb"},"inLanguage":"et","potentialAction":[{"@type":"ReadAction","target":["https:\/\/christinakosmeetika.ee\/et\/mask-rasusele-ja-probleemsele-naonahale\/"]}]},{"@type":"BreadcrumbList","@id":"https:\/\/christinakosmeetika.ee\/et\/mask-rasusele-ja-probleemsele-naonahale\/#breadcrumb","itemListElement":[{"@type":"ListItem","position":1,"name":"\u0413\u043b\u0430\u0432\u043d\u0430\u044f \u0441\u0442\u0440\u0430\u043d\u0438\u0446\u0430","item":"https:\/\/christinakosmeetika.ee\/et\/"},{"@type":"ListItem","position":2,"name":"Bio Phyto Seb-Adjustor Mask"}]},{"@type":"WebSite","@id":"https:\/\/christinakosmeetika.ee\/#website","url":"https:\/\/christinakosmeetika.ee\/","name":"Christinakosmeetika","description":"Christina kosmeetika Eestis","alternateName":"Christina kosmeetika Eestis","potentialAction":[{"@type":"SearchAction","target":{"@type":"EntryPoint","urlTemplate":"https:\/\/christinakosmeetika.ee\/?s={search_term_string}"},"query-input":{"@type":"PropertyValueSpecification","valueRequired":true,"valueName":"search_term_string"}}],"inLanguage":"et"}]}},"_links":{"self":[{"href":"https:\/\/christinakosmeetika.ee\/et\/wp-json\/wp\/v2\/pages\/10885","targetHints":{"allow":["GET"]}}],"collection":[{"href":"https:\/\/christinakosmeetika.ee\/et\/wp-json\/wp\/v2\/pages"}],"about":[{"href":"https:\/\/christinakosmeetika.ee\/et\/wp-json\/wp\/v2\/types\/page"}],"author":[{"embeddable":true,"href":"https:\/\/christinakosmeetika.ee\/et\/wp-json\/wp\/v2\/users\/2"}],"replies":[{"embeddable":true,"href":"https:\/\/christinakosmeetika.ee\/et\/wp-json\/wp\/v2\/comments?post=10885"}],"version-history":[{"count":0,"href":"https:\/\/christinakosmeetika.ee\/et\/wp-json\/wp\/v2\/pages\/10885\/revisions"}],"wp:attachment":[{"href":"https:\/\/christinakosmeetika.ee\/et\/wp-json\/wp\/v2\/media?parent=10885"}],"curies":[{"name":"wp","href":"https:\/\/api.w.org\/{rel}","templated":true}]}}