{"id":10832,"date":"2025-12-29T22:33:08","date_gmt":"2025-12-29T20:33:08","guid":{"rendered":"https:\/\/christinakosmeetika.ee\/soothing-face-mask\/"},"modified":"2026-01-31T21:46:59","modified_gmt":"2026-01-31T19:46:59","slug":"bio-phyto-zaatar-maskmask-tundlikule-ja-reaktiivsele-nahale","status":"publish","type":"page","link":"https:\/\/christinakosmeetika.ee\/et\/bio-phyto-zaatar-maskmask-tundlikule-ja-reaktiivsele-nahale\/","title":{"rendered":"Bio Phyto Zaatar Mask"},"content":{"rendered":"<div id='av-layout-grid-1'  class='av-layout-grid-container av-1of34o0-f394a451730ed662d5c45160c68c0d0a entry-content-wrapper main_color av-flex-cells  avia-builder-el-0  avia-builder-el-no-sibling   container_wrap sidebar_right'  >\n<div class='flex_cell av-1a4mgu8-ec15bccd28dd7a23deaa0ec1556f65e0 av-gridrow-cell av_one_half no_margin  avia-builder-el-1  el_before_av_cell_one_half  avia-builder-el-first '  ><div class='flex_cell_inner'>\n<style type=\"text\/css\" data-created_by=\"avia_inline_auto\" id=\"style-css-av-mjrlun46-a585c61a411dc75e8e1b1f3064cefb9d\">\n.avia-image-container.av-mjrlun46-a585c61a411dc75e8e1b1f3064cefb9d img.avia_image{\nbox-shadow:none;\n}\n.avia-image-container.av-mjrlun46-a585c61a411dc75e8e1b1f3064cefb9d .av-image-caption-overlay-center{\ncolor:#ffffff;\n}\n<\/style>\n<div  class='avia-image-container av-mjrlun46-a585c61a411dc75e8e1b1f3064cefb9d av-styling- avia-align-center  avia-builder-el-2  avia-builder-el-no-sibling '   itemprop=\"image\" itemscope=\"itemscope\" itemtype=\"https:\/\/schema.org\/ImageObject\" ><div class=\"avia-image-container-inner\"><div class=\"avia-image-overlay-wrap\"><img decoding=\"async\" fetchpriority=\"high\" class='wp-image-10833 avia-img-lazy-loading-not-10833 avia_image ' src=\"https:\/\/christinakosmeetika.ee\/wp-content\/uploads\/2025\/12\/20251229_2220_Revitalizing-Mask-Display_remix_01kdnw7e6sevzagpn2aawjkstj-1.png\" alt='' title='20251229_2220_Revitalizing Mask Display_remix_01kdnw7e6sevzagpn2aawjkstj (1)'  height=\"1536\" width=\"1024\"  itemprop=\"thumbnailUrl\" srcset=\"https:\/\/christinakosmeetika.ee\/wp-content\/uploads\/2025\/12\/20251229_2220_Revitalizing-Mask-Display_remix_01kdnw7e6sevzagpn2aawjkstj-1.png 1024w, https:\/\/christinakosmeetika.ee\/wp-content\/uploads\/2025\/12\/20251229_2220_Revitalizing-Mask-Display_remix_01kdnw7e6sevzagpn2aawjkstj-1-600x900.png 600w, https:\/\/christinakosmeetika.ee\/wp-content\/uploads\/2025\/12\/20251229_2220_Revitalizing-Mask-Display_remix_01kdnw7e6sevzagpn2aawjkstj-1-64x96.png 64w, https:\/\/christinakosmeetika.ee\/wp-content\/uploads\/2025\/12\/20251229_2220_Revitalizing-Mask-Display_remix_01kdnw7e6sevzagpn2aawjkstj-1-200x300.png 200w, https:\/\/christinakosmeetika.ee\/wp-content\/uploads\/2025\/12\/20251229_2220_Revitalizing-Mask-Display_remix_01kdnw7e6sevzagpn2aawjkstj-1-687x1030.png 687w, https:\/\/christinakosmeetika.ee\/wp-content\/uploads\/2025\/12\/20251229_2220_Revitalizing-Mask-Display_remix_01kdnw7e6sevzagpn2aawjkstj-1-768x1152.png 768w, https:\/\/christinakosmeetika.ee\/wp-content\/uploads\/2025\/12\/20251229_2220_Revitalizing-Mask-Display_remix_01kdnw7e6sevzagpn2aawjkstj-1-1000x1500.png 1000w, https:\/\/christinakosmeetika.ee\/wp-content\/uploads\/2025\/12\/20251229_2220_Revitalizing-Mask-Display_remix_01kdnw7e6sevzagpn2aawjkstj-1-470x705.png 470w, https:\/\/christinakosmeetika.ee\/wp-content\/uploads\/2025\/12\/20251229_2220_Revitalizing-Mask-Display_remix_01kdnw7e6sevzagpn2aawjkstj-1-450x675.png 450w\" sizes=\"(max-width: 1024px) 100vw, 1024px\" \/><\/div><\/div><\/div>\n<\/div><\/div><div class='flex_cell av-smlkhs-30ff128f674766063eadf0a4f1439a19 av-gridrow-cell av_one_half no_margin  avia-builder-el-3  el_after_av_cell_one_half  avia-builder-el-last '  ><div class='flex_cell_inner'><section  class='av_textblock_section av-mjrji7gf-1ab63d342a3020eced9f362ceccd95b7 '   itemscope=\"itemscope\" itemtype=\"https:\/\/schema.org\/CreativeWork\" ><div class='avia_textblock'  itemprop=\"text\" ><h1 data-start=\"192\" data-end=\"236\"><strong data-start=\"194\" data-end=\"236\">Mask tundlikule ja reaktiivsele nahale<\/strong><\/h1>\n<h2 data-start=\"238\" data-end=\"282\"><strong data-start=\"241\" data-end=\"282\"><span class=\"hover:entity-accent entity-underline inline cursor-pointer align-baseline\"><span class=\"whitespace-normal\">Bio Phyto Zaatar Mask<\/span><\/span><\/strong><\/h2>\n<p data-start=\"284\" data-end=\"505\">Mask tundlikule ja reaktiivsele nahale on vajalik siis, kui nahk ei tule enam koormusega ise toime. Nahk v\u00f5ib reageerida liiga kiiresti, taastuda aeglaselt ja olla pidevas pingeseisundis, isegi tavap\u00e4rase hoolduse korral.<\/p>\n<p data-start=\"507\" data-end=\"787\">Sellistes olukordades ei vaja nahk tugevat stimulatsiooni ega \u201eaktiivset\u201c toodet, vaid hooldust, mis aitab v\u00e4hendada kaitsemehhanismide \u00fclekoormust ja taastada naha tasakaalu. Bio Phyto Zaatar Mask on loodud just sellisteks hetkeks, kui nahk vajab stabiliseerimist ja rahustamist.<\/p>\n<hr data-start=\"789\" data-end=\"792\" \/>\n<h2 data-start=\"794\" data-end=\"840\"><strong data-start=\"797\" data-end=\"840\">Millal nahk vajab tasakaalustavat maski<\/strong><\/h2>\n<p data-start=\"842\" data-end=\"875\">Maski kasutatakse siis, kui nahk:<\/p>\n<ul>\n<li data-start=\"878\" data-end=\"913\">muutub tundlikuks ja reaktiivseks<\/li>\n<li data-start=\"916\" data-end=\"955\">kipub punetama ja tekitab ebamugavust<\/li>\n<li data-start=\"958\" data-end=\"993\">ei talu aktiivseid hooldustooteid<\/li>\n<li data-start=\"996\" data-end=\"1046\">taastub aeglaselt p\u00e4rast stressi v\u00f5i protseduure<\/li>\n<\/ul>\n<p>Kui tavaline hooldus enam ei toimi, vajab nahk toetust, mis aitab v\u00e4hendada reaktsiooniv\u00f5imet ja taastada kontrolli naha seisundi \u00fcle.<\/p>\n<hr data-start=\"1184\" data-end=\"1187\" \/>\n<h2 data-start=\"1189\" data-end=\"1214\"><strong data-start=\"1192\" data-end=\"1214\">Kuidas mask toimib<\/strong><\/h2>\n<p data-start=\"1216\" data-end=\"1381\">Bio Phyto Zaatar Mask ei toimi tugeva stimuleerimise kaudu.<br data-start=\"1275\" data-end=\"1278\" \/>Selle toime p\u00f5hineb naha liigse reaktsiooni v\u00e4hendamisel ja samaaegsel taastumisprotsesside toetamisel.<\/p>\n<p data-start=\"1383\" data-end=\"1444\">Kui nahk ei pea pidevalt \u201ekaitses olema\u201c, tekib tal ressurss:<\/p>\n<ul>\n<li data-start=\"1447\" data-end=\"1460\">uuenemiseks<\/li>\n<li data-start=\"1463\" data-end=\"1493\">naha seisundi \u00fchtlustamiseks<\/li>\n<li data-start=\"1496\" data-end=\"1525\">kaitsebarj\u00e4\u00e4ri taastamiseks<\/li>\n<\/ul>\n<p>Just see p\u00f5him\u00f5te on maski toimemehhanismi aluseks.<\/p>\n<hr data-start=\"1580\" data-end=\"1583\" \/>\n<h2 data-start=\"1585\" data-end=\"1613\"><strong data-start=\"1588\" data-end=\"1613\">Mis tagab maski toime<\/strong><\/h2>\n<p data-start=\"1615\" data-end=\"1792\"><strong data-start=\"1615\" data-end=\"1630\">Tsinkoksiid<\/strong><br data-start=\"1630\" data-end=\"1633\" \/>Aitab v\u00e4hendada naha liigset reaktsiooniv\u00f5imet, leevendab \u00e4rritust ja ebamugavust ning toetab naha kaitsefunktsioonide taastumist ilma agressiivse sekkumiseta.<\/p>\n<p data-start=\"1794\" data-end=\"1977\"><strong data-start=\"1794\" data-end=\"1837\">Oregano ja t\u00fc\u00fcmiani ekstraktid (zaatar)<\/strong><br data-start=\"1837\" data-end=\"1840\" \/>Taimne rahustav ja antiseptiline kompleks, mis aitab v\u00e4hendada p\u00f5letikulist koormust ja toetab naha stabiilsemat ja \u00fchtlasemat seisundit.<\/p>\n<p data-start=\"1979\" data-end=\"2174\"><strong data-start=\"1979\" data-end=\"2030\">\u00d5rn retinoid (Hydroxypinacolone Retinoate, HPR)<\/strong><br data-start=\"2030\" data-end=\"2033\" \/>Toetab naha uuenemist kontrollitud ja pehmes re\u017eiimis. Ei suurenda tundlikkust ega p\u00f5hjusta \u00e4rritust, vaid aitab nahal j\u00e4rk-j\u00e4rgult taastuda.<\/p>\n<p data-start=\"2176\" data-end=\"2328\"><strong data-start=\"2176\" data-end=\"2217\">Niisutavad ja pehmendavad komponendid<\/strong><br data-start=\"2217\" data-end=\"2220\" \/>Aitavad s\u00e4ilitada naha mugavust, v\u00e4hendada pinguloleku tunnet ja taastada naha kaitsebarj\u00e4\u00e4ri terviklikkust.<\/p>\n<hr data-start=\"2330\" data-end=\"2333\" \/>\n<h2 data-start=\"2335\" data-end=\"2382\"><strong data-start=\"2338\" data-end=\"2382\">Mida nahk tunneb p\u00e4rast maski kasutamist<\/strong><\/h2>\n<p data-start=\"2384\" data-end=\"2430\">P\u00e4rast Bio Phyto Zaatar Maski kasutamist nahk:<\/p>\n<ul>\n<li data-start=\"2433\" data-end=\"2466\">muutub m\u00e4rgatavalt rahulikumaks<\/li>\n<li data-start=\"2469\" data-end=\"2507\">reageerib v\u00e4hem v\u00e4listele teguritele<\/li>\n<li data-start=\"2510\" data-end=\"2542\">n\u00e4eb \u00fchtlasem ja v\u00e4rskem v\u00e4lja<\/li>\n<li data-start=\"2545\" data-end=\"2602\">taastub kiiremini p\u00e4rast stressi v\u00f5i hooldusprotseduure<\/li>\n<\/ul>\n<p data-start=\"2604\" data-end=\"2735\">See ei ole maskeeriv efekt.<br data-start=\"2631\" data-end=\"2634\" \/>See on tulemus sellest, et nahk v\u00e4ljub pideva kaitse seisundist ja naaseb tasakaalustatud t\u00f6\u00f6re\u017eiimi.<\/p>\n<hr data-start=\"2737\" data-end=\"2740\" \/>\n<h2 data-start=\"2742\" data-end=\"2774\"><strong data-start=\"2745\" data-end=\"2774\">Miks mask ei koorma nahka<\/strong><\/h2>\n<p data-start=\"2776\" data-end=\"2949\">Bio Phyto Zaatar Mask ei moodusta nahale rasket kihti ega tekita \u201eaktiivse sekkumise\u201c tunnet.<br data-start=\"2869\" data-end=\"2872\" \/>Nahk tajub maski toetava hooldusena, mitte stimulatsiooni v\u00f5i lisakoormusena.<\/p>\n<p data-start=\"2951\" data-end=\"3056\">Seet\u00f5ttu sobib mask kasutamiseks ka perioodidel, kui nahk on eriti tundlik ja ei talu aktiivseid tooteid.<\/p>\n<hr data-start=\"3058\" data-end=\"3061\" \/>\n<h2 data-start=\"3063\" data-end=\"3113\"><strong data-start=\"3066\" data-end=\"3113\">Millal Bio Phyto Zaatar Mask on eriti sobiv<\/strong><\/h2>\n<p data-start=\"3115\" data-end=\"3139\">Mask on sobiv, kui nahk:<\/p>\n<ul>\n<li data-start=\"3142\" data-end=\"3182\">on muutunud tundlikuks ja reaktiivseks<\/li>\n<li data-start=\"3185\" data-end=\"3224\">kipub punetama ja tekitab ebamugavust<\/li>\n<li data-start=\"3227\" data-end=\"3246\">taastub aeglaselt<\/li>\n<li data-start=\"3249\" data-end=\"3304\">vajab stabiliseerimist p\u00e4rast stressi v\u00f5i protseduure<\/li>\n<\/ul>\n<p data-start=\"3306\" data-end=\"3438\">See ei ole juhuslik mask, vaid sihip\u00e4rane vahend naha tasakaalu taastamiseks olukordades, kus tavap\u00e4rasest hooldusest enam ei piisa.<\/p>\n<\/div><\/section><br \/>\n<div  class='avia-button-wrap av-mjrmfwwa-2711a78eac47104be0825a1e52ab3a7f-wrap avia-button-center  avia-builder-el-5  el_after_av_textblock  el_before_av_button '><a href=' https:\/\/christinakosmeetika.ee\/et\/toode\/bio-phyto-zaatar-mask-et\/'  class='avia-button av-mjrmfwwa-2711a78eac47104be0825a1e52ab3a7f av-link-btn avia-icon_select-no avia-size-small avia-position-center avia-color-theme-color'   aria-label=\"Osta\"><span class='avia_iconbox_title' >Osta<\/span><\/a><\/div><br \/>\n<div  class='avia-button-wrap av-mjrmhfy1-d8300476f6cc48eb6a6e1ff4cff7021d-wrap avia-button-center  avia-builder-el-6  el_after_av_button  avia-builder-el-last '><a href=' https:\/\/christinakosmeetika.ee\/et\/shop\/?filter_linii-kosmetiki=bio-phyto-et'  class='avia-button av-mjrmhfy1-d8300476f6cc48eb6a6e1ff4cff7021d av-link-btn avia-icon_select-no avia-size-small avia-position-center avia-color-theme-color'   aria-label=\"Tagasi sarja\"><span class='avia_iconbox_title' >Tagasi sarja<\/span><\/a><\/div><\/p>\n<\/div><\/div><\/div>\n","protected":false},"excerpt":{"rendered":"","protected":false},"author":2,"featured_media":0,"parent":0,"menu_order":0,"comment_status":"closed","ping_status":"closed","template":"","meta":{"footnotes":""},"class_list":["post-10832","page","type-page","status-publish","hentry"],"yoast_head":"<!-- This site is optimized with the Yoast SEO plugin v27.5 - https:\/\/yoast.com\/product\/yoast-seo-wordpress\/ -->\n<title>Mask tundlikule ja reaktiivsele nahale | Bio Phyto Zaatar<\/title>\n<meta name=\"description\" content=\"Mask tundlikule ja reaktiivsele nahale aitab rahustada nahka, v\u00e4hendada punetust ja taastada naha tasakaalu.\" \/>\n<meta name=\"robots\" content=\"index, follow, max-snippet:-1, max-image-preview:large, max-video-preview:-1\" \/>\n<link rel=\"canonical\" href=\"https:\/\/christinakosmeetika.ee\/et\/bio-phyto-zaatar-maskmask-tundlikule-ja-reaktiivsele-nahale\/\" \/>\n<meta property=\"og:locale\" content=\"et_EE\" \/>\n<meta property=\"og:type\" content=\"article\" \/>\n<meta property=\"og:title\" content=\"Mask tundlikule ja reaktiivsele nahale | Bio Phyto Zaatar\" \/>\n<meta property=\"og:description\" content=\"Mask tundlikule ja reaktiivsele nahale aitab rahustada nahka, v\u00e4hendada punetust ja taastada naha tasakaalu.\" \/>\n<meta property=\"og:url\" content=\"https:\/\/christinakosmeetika.ee\/et\/bio-phyto-zaatar-maskmask-tundlikule-ja-reaktiivsele-nahale\/\" \/>\n<meta property=\"og:site_name\" content=\"Christinakosmeetika\" \/>\n<meta property=\"article:modified_time\" content=\"2026-01-31T19:46:59+00:00\" \/>\n<meta name=\"twitter:card\" content=\"summary_large_image\" \/>\n<meta name=\"twitter:label1\" content=\"Est. reading time\" \/>\n\t<meta name=\"twitter:data1\" content=\"3 minutit\" \/>\n<script type=\"application\/ld+json\" class=\"yoast-schema-graph\">{\"@context\":\"https:\\\/\\\/schema.org\",\"@graph\":[{\"@type\":\"WebPage\",\"@id\":\"https:\\\/\\\/christinakosmeetika.ee\\\/et\\\/bio-phyto-zaatar-maskmask-tundlikule-ja-reaktiivsele-nahale\\\/\",\"url\":\"https:\\\/\\\/christinakosmeetika.ee\\\/et\\\/bio-phyto-zaatar-maskmask-tundlikule-ja-reaktiivsele-nahale\\\/\",\"name\":\"Mask tundlikule ja reaktiivsele nahale | Bio Phyto Zaatar\",\"isPartOf\":{\"@id\":\"https:\\\/\\\/christinakosmeetika.ee\\\/#website\"},\"datePublished\":\"2025-12-29T20:33:08+00:00\",\"dateModified\":\"2026-01-31T19:46:59+00:00\",\"description\":\"Mask tundlikule ja reaktiivsele nahale aitab rahustada nahka, v\u00e4hendada punetust ja taastada naha tasakaalu.\",\"breadcrumb\":{\"@id\":\"https:\\\/\\\/christinakosmeetika.ee\\\/et\\\/bio-phyto-zaatar-maskmask-tundlikule-ja-reaktiivsele-nahale\\\/#breadcrumb\"},\"inLanguage\":\"et\",\"potentialAction\":[{\"@type\":\"ReadAction\",\"target\":[\"https:\\\/\\\/christinakosmeetika.ee\\\/et\\\/bio-phyto-zaatar-maskmask-tundlikule-ja-reaktiivsele-nahale\\\/\"]}]},{\"@type\":\"BreadcrumbList\",\"@id\":\"https:\\\/\\\/christinakosmeetika.ee\\\/et\\\/bio-phyto-zaatar-maskmask-tundlikule-ja-reaktiivsele-nahale\\\/#breadcrumb\",\"itemListElement\":[{\"@type\":\"ListItem\",\"position\":1,\"name\":\"\u0413\u043b\u0430\u0432\u043d\u0430\u044f \u0441\u0442\u0440\u0430\u043d\u0438\u0446\u0430\",\"item\":\"https:\\\/\\\/christinakosmeetika.ee\\\/et\\\/\"},{\"@type\":\"ListItem\",\"position\":2,\"name\":\"Bio Phyto Zaatar Mask\"}]},{\"@type\":\"WebSite\",\"@id\":\"https:\\\/\\\/christinakosmeetika.ee\\\/#website\",\"url\":\"https:\\\/\\\/christinakosmeetika.ee\\\/\",\"name\":\"Christinakosmeetika\",\"description\":\"Christina kosmeetika Eestis\",\"alternateName\":\"Christina kosmeetika Eestis\",\"potentialAction\":[{\"@type\":\"SearchAction\",\"target\":{\"@type\":\"EntryPoint\",\"urlTemplate\":\"https:\\\/\\\/christinakosmeetika.ee\\\/?s={search_term_string}\"},\"query-input\":{\"@type\":\"PropertyValueSpecification\",\"valueRequired\":true,\"valueName\":\"search_term_string\"}}],\"inLanguage\":\"et\"}]}<\/script>\n<!-- \/ Yoast SEO plugin. -->","yoast_head_json":{"title":"Mask tundlikule ja reaktiivsele nahale | Bio Phyto Zaatar","description":"Mask tundlikule ja reaktiivsele nahale aitab rahustada nahka, v\u00e4hendada punetust ja taastada naha tasakaalu.","robots":{"index":"index","follow":"follow","max-snippet":"max-snippet:-1","max-image-preview":"max-image-preview:large","max-video-preview":"max-video-preview:-1"},"canonical":"https:\/\/christinakosmeetika.ee\/et\/bio-phyto-zaatar-maskmask-tundlikule-ja-reaktiivsele-nahale\/","og_locale":"et_EE","og_type":"article","og_title":"Mask tundlikule ja reaktiivsele nahale | Bio Phyto Zaatar","og_description":"Mask tundlikule ja reaktiivsele nahale aitab rahustada nahka, v\u00e4hendada punetust ja taastada naha tasakaalu.","og_url":"https:\/\/christinakosmeetika.ee\/et\/bio-phyto-zaatar-maskmask-tundlikule-ja-reaktiivsele-nahale\/","og_site_name":"Christinakosmeetika","article_modified_time":"2026-01-31T19:46:59+00:00","twitter_card":"summary_large_image","twitter_misc":{"Est. reading time":"3 minutit"},"schema":{"@context":"https:\/\/schema.org","@graph":[{"@type":"WebPage","@id":"https:\/\/christinakosmeetika.ee\/et\/bio-phyto-zaatar-maskmask-tundlikule-ja-reaktiivsele-nahale\/","url":"https:\/\/christinakosmeetika.ee\/et\/bio-phyto-zaatar-maskmask-tundlikule-ja-reaktiivsele-nahale\/","name":"Mask tundlikule ja reaktiivsele nahale | Bio Phyto Zaatar","isPartOf":{"@id":"https:\/\/christinakosmeetika.ee\/#website"},"datePublished":"2025-12-29T20:33:08+00:00","dateModified":"2026-01-31T19:46:59+00:00","description":"Mask tundlikule ja reaktiivsele nahale aitab rahustada nahka, v\u00e4hendada punetust ja taastada naha tasakaalu.","breadcrumb":{"@id":"https:\/\/christinakosmeetika.ee\/et\/bio-phyto-zaatar-maskmask-tundlikule-ja-reaktiivsele-nahale\/#breadcrumb"},"inLanguage":"et","potentialAction":[{"@type":"ReadAction","target":["https:\/\/christinakosmeetika.ee\/et\/bio-phyto-zaatar-maskmask-tundlikule-ja-reaktiivsele-nahale\/"]}]},{"@type":"BreadcrumbList","@id":"https:\/\/christinakosmeetika.ee\/et\/bio-phyto-zaatar-maskmask-tundlikule-ja-reaktiivsele-nahale\/#breadcrumb","itemListElement":[{"@type":"ListItem","position":1,"name":"\u0413\u043b\u0430\u0432\u043d\u0430\u044f \u0441\u0442\u0440\u0430\u043d\u0438\u0446\u0430","item":"https:\/\/christinakosmeetika.ee\/et\/"},{"@type":"ListItem","position":2,"name":"Bio Phyto Zaatar Mask"}]},{"@type":"WebSite","@id":"https:\/\/christinakosmeetika.ee\/#website","url":"https:\/\/christinakosmeetika.ee\/","name":"Christinakosmeetika","description":"Christina kosmeetika Eestis","alternateName":"Christina kosmeetika Eestis","potentialAction":[{"@type":"SearchAction","target":{"@type":"EntryPoint","urlTemplate":"https:\/\/christinakosmeetika.ee\/?s={search_term_string}"},"query-input":{"@type":"PropertyValueSpecification","valueRequired":true,"valueName":"search_term_string"}}],"inLanguage":"et"}]}},"_links":{"self":[{"href":"https:\/\/christinakosmeetika.ee\/et\/wp-json\/wp\/v2\/pages\/10832","targetHints":{"allow":["GET"]}}],"collection":[{"href":"https:\/\/christinakosmeetika.ee\/et\/wp-json\/wp\/v2\/pages"}],"about":[{"href":"https:\/\/christinakosmeetika.ee\/et\/wp-json\/wp\/v2\/types\/page"}],"author":[{"embeddable":true,"href":"https:\/\/christinakosmeetika.ee\/et\/wp-json\/wp\/v2\/users\/2"}],"replies":[{"embeddable":true,"href":"https:\/\/christinakosmeetika.ee\/et\/wp-json\/wp\/v2\/comments?post=10832"}],"version-history":[{"count":0,"href":"https:\/\/christinakosmeetika.ee\/et\/wp-json\/wp\/v2\/pages\/10832\/revisions"}],"wp:attachment":[{"href":"https:\/\/christinakosmeetika.ee\/et\/wp-json\/wp\/v2\/media?parent=10832"}],"curies":[{"name":"wp","href":"https:\/\/api.w.org\/{rel}","templated":true}]}}