{"id":10634,"date":"2025-12-28T23:17:52","date_gmt":"2025-12-28T21:17:52","guid":{"rendered":"https:\/\/christinakosmeetika.ee\/day-protective-cream-spf-20\/"},"modified":"2026-01-31T14:17:10","modified_gmt":"2026-01-31T12:17:10","slug":"paevakreem-naole-spf-20-christina-bio-phyto","status":"publish","type":"page","link":"https:\/\/christinakosmeetika.ee\/et\/paevakreem-naole-spf-20-christina-bio-phyto\/","title":{"rendered":"Bio Phyto Ultimate Defense Day Cream SPF 20"},"content":{"rendered":"<div id='av-layout-grid-1'  class='av-layout-grid-container av-1qvwzz4-746d6845129881baf4164bb0bb921c14 entry-content-wrapper main_color av-flex-cells  avia-builder-el-0  avia-builder-el-no-sibling   container_wrap sidebar_right'  >\n<div class='flex_cell av-zuauf4-f74621e06177414574d0f3cc3451c68b av-gridrow-cell av_one_half no_margin  avia-builder-el-1  el_before_av_cell_one_half  avia-builder-el-first '  ><div class='flex_cell_inner'>\n<style type=\"text\/css\" data-created_by=\"avia_inline_auto\" id=\"style-css-av-mjq70nfc-f6d8d3ce51a2da23cabb2f2337cc304c\">\n.avia-image-container.av-mjq70nfc-f6d8d3ce51a2da23cabb2f2337cc304c img.avia_image{\nbox-shadow:none;\n}\n.avia-image-container.av-mjq70nfc-f6d8d3ce51a2da23cabb2f2337cc304c .av-image-caption-overlay-center{\ncolor:#ffffff;\n}\n<\/style>\n<div  class='avia-image-container av-mjq70nfc-f6d8d3ce51a2da23cabb2f2337cc304c av-styling- avia-align-center  avia-builder-el-2  avia-builder-el-no-sibling '   itemprop=\"image\" itemscope=\"itemscope\" itemtype=\"https:\/\/schema.org\/ImageObject\" ><div class=\"avia-image-container-inner\"><div class=\"avia-image-overlay-wrap\"><img decoding=\"async\" fetchpriority=\"high\" class='wp-image-10629 avia-img-lazy-loading-not-10629 avia_image ' src=\"https:\/\/christinakosmeetika.ee\/wp-content\/uploads\/2025\/12\/20251228_2237_Skincare-Cream-Elegance_remix_01kdkatma4exvarb9jr4ns9pnv-1.png\" alt='' title='20251228_2237_Skincare Cream Elegance_remix_01kdkatma4exvarb9jr4ns9pnv (1)'  height=\"1536\" width=\"1024\"  itemprop=\"thumbnailUrl\" srcset=\"https:\/\/christinakosmeetika.ee\/wp-content\/uploads\/2025\/12\/20251228_2237_Skincare-Cream-Elegance_remix_01kdkatma4exvarb9jr4ns9pnv-1.png 1024w, https:\/\/christinakosmeetika.ee\/wp-content\/uploads\/2025\/12\/20251228_2237_Skincare-Cream-Elegance_remix_01kdkatma4exvarb9jr4ns9pnv-1-600x900.png 600w, https:\/\/christinakosmeetika.ee\/wp-content\/uploads\/2025\/12\/20251228_2237_Skincare-Cream-Elegance_remix_01kdkatma4exvarb9jr4ns9pnv-1-64x96.png 64w, https:\/\/christinakosmeetika.ee\/wp-content\/uploads\/2025\/12\/20251228_2237_Skincare-Cream-Elegance_remix_01kdkatma4exvarb9jr4ns9pnv-1-200x300.png 200w, https:\/\/christinakosmeetika.ee\/wp-content\/uploads\/2025\/12\/20251228_2237_Skincare-Cream-Elegance_remix_01kdkatma4exvarb9jr4ns9pnv-1-687x1030.png 687w, https:\/\/christinakosmeetika.ee\/wp-content\/uploads\/2025\/12\/20251228_2237_Skincare-Cream-Elegance_remix_01kdkatma4exvarb9jr4ns9pnv-1-768x1152.png 768w, https:\/\/christinakosmeetika.ee\/wp-content\/uploads\/2025\/12\/20251228_2237_Skincare-Cream-Elegance_remix_01kdkatma4exvarb9jr4ns9pnv-1-1000x1500.png 1000w, https:\/\/christinakosmeetika.ee\/wp-content\/uploads\/2025\/12\/20251228_2237_Skincare-Cream-Elegance_remix_01kdkatma4exvarb9jr4ns9pnv-1-470x705.png 470w, https:\/\/christinakosmeetika.ee\/wp-content\/uploads\/2025\/12\/20251228_2237_Skincare-Cream-Elegance_remix_01kdkatma4exvarb9jr4ns9pnv-1-450x675.png 450w\" sizes=\"(max-width: 1024px) 100vw, 1024px\" \/><\/div><\/div><\/div>\n<\/div><\/div><div class='flex_cell av-nl8xhc-00d8bcbf4b04ec27112ffd8f204181ac av-gridrow-cell av_one_half no_margin  avia-builder-el-3  el_after_av_cell_one_half  avia-builder-el-last '  ><div class='flex_cell_inner'><section  class='av_textblock_section av-mjq4xc6t-4f1c84caa67d3a9840405ea8e7e63b3b '   itemscope=\"itemscope\" itemtype=\"https:\/\/schema.org\/CreativeWork\" ><div class='avia_textblock'  itemprop=\"text\" ><div class=\"flex max-w-full flex-col grow\">\n<div class=\"min-h-8 text-message relative flex w-full flex-col items-end gap-2 text-start break-words whitespace-normal &#091;.text-message+&#038;&#093;:mt-1\" dir=\"auto\" data-message-author-role=\"assistant\" data-message-id=\"1bc26422-7fa5-421b-92eb-0ca3fd947dec\" data-message-model-slug=\"gpt-5-2\">\n<div class=\"flex w-full flex-col gap-1 empty:hidden first:pt-&#091;1px&#093;\">\n<div class=\"markdown prose dark:prose-invert w-full break-words light markdown-new-styling\"><\/div>\n<\/div>\n<\/div>\n<\/div>\n<div class=\"mt-3 w-full empty:hidden\">\n<h1 data-start=\"161\" data-end=\"190\"><strong data-start=\"163\" data-end=\"190\">P\u00e4evakreem n\u00e4ole SPF 20<\/strong><\/h1>\n<h2 data-start=\"192\" data-end=\"236\"><strong data-start=\"195\" data-end=\"236\"><span class=\"hover:entity-accent entity-underline inline cursor-pointer align-baseline\"><span class=\"whitespace-normal\">Christina Bio Phyto Day Cream SPF 20<\/span><\/span><\/strong><\/h2>\n<p data-start=\"238\" data-end=\"469\">P\u00e4evakreem n\u00e4ole SPF 20 on igap\u00e4evase hoolduse oluline osa, kui soovid hoida naha niisutatuna ja kaitstuna linnakeskkonnas. See sobib kasutamiseks iga p\u00e4ev ning aitab s\u00e4ilitada naha mugavust ja \u00fchtlast seisundit kogu p\u00e4eva jooksul.<\/p>\n<p data-start=\"471\" data-end=\"657\">Ka m\u00f5\u00f5duka p\u00e4ikesega puutub nahk igap\u00e4evaselt kokku UV-kiirguse, kuiva \u00f5hu, tuule ja keskkonnam\u00f5judega. Ilma p\u00e4evase kaitseta kaotab nahk kiiremini niiskust ja v\u00f5ib muutuda tundlikumaks.<\/p>\n<hr data-start=\"659\" data-end=\"662\" \/>\n<h2 data-start=\"664\" data-end=\"707\"><strong data-start=\"667\" data-end=\"707\">Miks on vajalik p\u00e4evakreem SPF 20-ga<\/strong><\/h2>\n<p data-start=\"709\" data-end=\"923\">P\u00e4evakreem SPF-iga aitab kaitsta nahka igap\u00e4evase p\u00e4ikesekiirguse eest ja toetab naha loomulikku kaitsebarj\u00e4\u00e4ri.<br data-start=\"821\" data-end=\"824\" \/>SPF 20 on sobiv igap\u00e4evaseks kasutamiseks, kui on oluline tasakaal kaitse ja kerge tekstuuri vahel.<\/p>\n<p data-start=\"925\" data-end=\"973\">Regulaarne p\u00e4evakreemi kasutamine SPF-iga aitab:<\/p>\n<ul data-start=\"974\" data-end=\"1120\">\n<li data-start=\"974\" data-end=\"1004\">\n<p data-start=\"976\" data-end=\"1004\">v\u00e4hendada UV-kiirguse m\u00f5ju<\/p>\n<\/li>\n<li data-start=\"1005\" data-end=\"1040\">\n<p data-start=\"1007\" data-end=\"1040\">s\u00e4ilitada naha niiskustasakaalu<\/p>\n<\/li>\n<li data-start=\"1041\" data-end=\"1076\">\n<p data-start=\"1043\" data-end=\"1076\">hoida naha seisundi \u00fchtlasemana<\/p>\n<\/li>\n<li data-start=\"1077\" data-end=\"1120\">\n<p data-start=\"1079\" data-end=\"1120\">v\u00e4hendada kuivust ja pinguloleku tunnet<\/p>\n<\/li>\n<\/ul>\n<hr data-start=\"1122\" data-end=\"1125\" \/>\n<h2 data-start=\"1127\" data-end=\"1171\"><strong data-start=\"1130\" data-end=\"1171\">Kellele sobib p\u00e4evakreem n\u00e4ole SPF 20<\/strong><\/h2>\n<p data-start=\"1173\" data-end=\"1208\">P\u00e4evakreem SPF 20 sobib, kui otsid:<\/p>\n<ul data-start=\"1209\" data-end=\"1392\">\n<li data-start=\"1209\" data-end=\"1264\">\n<p data-start=\"1211\" data-end=\"1264\">n\u00e4okreemi p\u00e4ikesekaitsega igap\u00e4evaseks kasutamiseks<\/p>\n<\/li>\n<li data-start=\"1265\" data-end=\"1306\">\n<p data-start=\"1267\" data-end=\"1306\">kerget p\u00e4evakreemi SPF-iga meigi alla<\/p>\n<\/li>\n<li data-start=\"1307\" data-end=\"1346\">\n<p data-start=\"1309\" data-end=\"1346\">niisutavat n\u00e4okreemi linnakeskkonda<\/p>\n<\/li>\n<li data-start=\"1347\" data-end=\"1392\">\n<p data-start=\"1349\" data-end=\"1392\">kaitset ilma raske ja rasvase tekstuurita<\/p>\n<\/li>\n<\/ul>\n<p data-start=\"1394\" data-end=\"1508\">SPF 20 on hea valik neile, kes ei viibi pikalt intensiivse p\u00e4ikese k\u00e4es, kuid soovivad nahka igap\u00e4evaselt kaitsta.<\/p>\n<hr data-start=\"1510\" data-end=\"1513\" \/>\n<h2 data-start=\"1515\" data-end=\"1561\"><strong data-start=\"1518\" data-end=\"1561\">Mis juhtub nahaga ilma p\u00e4evase kaitseta<\/strong><\/h2>\n<p data-start=\"1563\" data-end=\"1634\">Kui hommikuses hoolduses puudub SPF-iga kreem, v\u00f5ib nahk p\u00e4eva jooksul:<\/p>\n<ul data-start=\"1635\" data-end=\"1796\">\n<li data-start=\"1635\" data-end=\"1665\">\n<p data-start=\"1637\" data-end=\"1665\">kiiremini niiskust kaotada<\/p>\n<\/li>\n<li data-start=\"1666\" data-end=\"1698\">\n<p data-start=\"1668\" data-end=\"1698\">tunda ebamugavust ja kuivust<\/p>\n<\/li>\n<li data-start=\"1699\" data-end=\"1745\">\n<p data-start=\"1701\" data-end=\"1745\">muutuda vastuv\u00f5tlikumaks keskkonnam\u00f5judele<\/p>\n<\/li>\n<li data-start=\"1746\" data-end=\"1796\">\n<p data-start=\"1748\" data-end=\"1796\">vajada \u00f5htul intensiivsemat taastavat hooldust<\/p>\n<\/li>\n<\/ul>\n<p data-start=\"1798\" data-end=\"1873\">Seet\u00f5ttu ei ole p\u00e4evakreem SPF-iga lisasamm, vaid igap\u00e4evase hoolduse alus.<\/p>\n<hr data-start=\"1875\" data-end=\"1878\" \/>\n<h2 data-start=\"1880\" data-end=\"1924\"><strong data-start=\"1883\" data-end=\"1924\">Kuidas toimib p\u00e4evakreem n\u00e4ole SPF 20<\/strong><\/h2>\n<p data-start=\"1926\" data-end=\"1980\">Hea p\u00e4evakreem SPF-iga t\u00e4idab mitut \u00fclesannet korraga.<\/p>\n<h3 data-start=\"1982\" data-end=\"2003\"><strong data-start=\"1986\" data-end=\"2003\">P\u00e4ikesekaitse<\/strong><\/h3>\n<p data-start=\"2004\" data-end=\"2106\">SPF-filtrid aitavad kaitsta nahka UVA- ja UVB-kiirguse eest ning v\u00e4hendavad igap\u00e4evast fotokahjustust.<\/p>\n<h3 data-start=\"2108\" data-end=\"2132\"><strong data-start=\"2112\" data-end=\"2132\">Naha niisutamine<\/strong><\/h3>\n<p data-start=\"2133\" data-end=\"2211\">Niisutavad koostisosad aitavad s\u00e4ilitada naha niiskustaseme kogu p\u00e4eva v\u00e4ltel.<\/p>\n<h3 data-start=\"2213\" data-end=\"2240\"><strong data-start=\"2217\" data-end=\"2240\">Kaitsebarj\u00e4\u00e4ri tugi<\/strong><\/h3>\n<p data-start=\"2241\" data-end=\"2330\">Kreem aitab nahal paremini toime tulla v\u00e4liskeskkonna m\u00f5judega, ilma seda \u00fcle koormamata.<\/p>\n<h3 data-start=\"2332\" data-end=\"2363\"><strong data-start=\"2336\" data-end=\"2363\">Kerge ja mugav tekstuur<\/strong><\/h3>\n<p data-start=\"2364\" data-end=\"2375\">P\u00e4evakreem:<\/p>\n<ul data-start=\"2376\" data-end=\"2485\">\n<li data-start=\"2376\" data-end=\"2396\">\n<p data-start=\"2378\" data-end=\"2396\">imendub kiiresti<\/p>\n<\/li>\n<li data-start=\"2397\" data-end=\"2422\">\n<p data-start=\"2399\" data-end=\"2422\">ei j\u00e4ta rasvast kihti<\/p>\n<\/li>\n<li data-start=\"2423\" data-end=\"2446\">\n<p data-start=\"2425\" data-end=\"2446\">sobib meigi aluseks<\/p>\n<\/li>\n<li data-start=\"2447\" data-end=\"2485\">\n<p data-start=\"2449\" data-end=\"2485\">on mugav igap\u00e4evaseks kasutamiseks<\/p>\n<\/li>\n<\/ul>\n<hr data-start=\"2487\" data-end=\"2490\" \/>\n<h2 data-start=\"2492\" data-end=\"2557\"><strong data-start=\"2495\" data-end=\"2557\">Christina Bio Phyto Day Cream SPF 20 igap\u00e4evases hoolduses<\/strong><\/h2>\n<p data-start=\"2559\" data-end=\"2759\">Christina Bio Phyto sarjas on see p\u00e4evakreem m\u00f5eldud naha kaitsmiseks ja niisutamiseks igap\u00e4evastes tingimustes. Kreem sobib regulaarseks kasutamiseks ning ei tekita raskustunnet ega naha \u00fclekoormust.<\/p>\n<hr data-start=\"2761\" data-end=\"2764\" \/>\n<h2 data-start=\"2766\" data-end=\"2782\"><strong data-start=\"2769\" data-end=\"2782\">Kokkuv\u00f5te<\/strong><\/h2>\n<p data-start=\"2784\" data-end=\"2984\">P\u00e4evakreem n\u00e4ole SPF 20 pakub igap\u00e4evast kaitset, niisutust ja mugavust linnakeskkonnas. See aitab hoida naha tasakaalus ja kaitstuna kogu p\u00e4eva v\u00e4ltel, s\u00e4ilitades samal ajal kerge ja loomuliku tunde.<\/p>\n<\/div>\n<\/div><\/section><br \/>\n<div  class='avia-button-wrap av-mjq8c82b-e92417db8e8ef311d22cc2c22ad94423-wrap avia-button-center  avia-builder-el-5  el_after_av_textblock  el_before_av_button '><a href='https:\/\/christinakosmeetika.ee\/et\/toode\/bio-phyto-ultimate-defense-day-cream-spf-20-et\/'  class='avia-button av-mjq8c82b-e92417db8e8ef311d22cc2c22ad94423 av-link-btn avia-icon_select-no avia-size-small avia-position-center avia-color-theme-color'   aria-label=\"Osta\"><span class='avia_iconbox_title' >Osta<\/span><\/a><\/div><br \/>\n<div  class='avia-button-wrap av-mjq8dbc7-0535c881d3b501c14e00ac06caf167b9-wrap avia-button-center  avia-builder-el-6  el_after_av_button  avia-builder-el-last '><a href='https:\/\/christinakosmeetika.ee\/product\/?filter_linii-kosmetiki=bio-phyto'  class='avia-button av-mjq8dbc7-0535c881d3b501c14e00ac06caf167b9 av-link-btn avia-icon_select-no avia-size-small avia-position-center avia-color-theme-color'   aria-label=\"Tagasi tootesarja\"><span class='avia_iconbox_title' >Tagasi tootesarja<\/span><\/a><\/div><\/p>\n<\/div><\/div><\/div>\n","protected":false},"excerpt":{"rendered":"","protected":false},"author":2,"featured_media":0,"parent":0,"menu_order":0,"comment_status":"closed","ping_status":"closed","template":"","meta":{"footnotes":""},"class_list":["post-10634","page","type-page","status-publish","hentry"],"yoast_head":"<!-- This site is optimized with the Yoast SEO plugin v27.5 - https:\/\/yoast.com\/product\/yoast-seo-wordpress\/ -->\n<title>Bio Phyto Ultimate Defense Day Cream SPF 20<\/title>\n<meta name=\"description\" content=\"P\u00e4evakreem n\u00e4ole SPF 20 Christina Bio Phyto pakub igap\u00e4evast niisutust ja kaitset p\u00e4ikesekiirguse eest, sobides kasutamiseks linnakeskkonnas.\" \/>\n<meta name=\"robots\" content=\"index, follow, max-snippet:-1, max-image-preview:large, max-video-preview:-1\" \/>\n<link rel=\"canonical\" href=\"https:\/\/christinakosmeetika.ee\/et\/paevakreem-naole-spf-20-christina-bio-phyto\/\" \/>\n<meta property=\"og:locale\" content=\"et_EE\" \/>\n<meta property=\"og:type\" content=\"article\" \/>\n<meta property=\"og:title\" content=\"Bio Phyto Ultimate Defense Day Cream SPF 20\" \/>\n<meta property=\"og:description\" content=\"P\u00e4evakreem n\u00e4ole SPF 20 Christina Bio Phyto pakub igap\u00e4evast niisutust ja kaitset p\u00e4ikesekiirguse eest, sobides kasutamiseks linnakeskkonnas.\" \/>\n<meta property=\"og:url\" content=\"https:\/\/christinakosmeetika.ee\/et\/paevakreem-naole-spf-20-christina-bio-phyto\/\" \/>\n<meta property=\"og:site_name\" content=\"Christinakosmeetika\" \/>\n<meta property=\"article:modified_time\" content=\"2026-01-31T12:17:10+00:00\" \/>\n<meta name=\"twitter:card\" content=\"summary_large_image\" \/>\n<meta name=\"twitter:label1\" content=\"Est. reading time\" \/>\n\t<meta name=\"twitter:data1\" content=\"3 minutit\" \/>\n<script type=\"application\/ld+json\" class=\"yoast-schema-graph\">{\"@context\":\"https:\\\/\\\/schema.org\",\"@graph\":[{\"@type\":\"WebPage\",\"@id\":\"https:\\\/\\\/christinakosmeetika.ee\\\/et\\\/paevakreem-naole-spf-20-christina-bio-phyto\\\/\",\"url\":\"https:\\\/\\\/christinakosmeetika.ee\\\/et\\\/paevakreem-naole-spf-20-christina-bio-phyto\\\/\",\"name\":\"Bio Phyto Ultimate Defense Day Cream SPF 20\",\"isPartOf\":{\"@id\":\"https:\\\/\\\/christinakosmeetika.ee\\\/#website\"},\"datePublished\":\"2025-12-28T21:17:52+00:00\",\"dateModified\":\"2026-01-31T12:17:10+00:00\",\"description\":\"P\u00e4evakreem n\u00e4ole SPF 20 Christina Bio Phyto pakub igap\u00e4evast niisutust ja kaitset p\u00e4ikesekiirguse eest, sobides kasutamiseks linnakeskkonnas.\",\"breadcrumb\":{\"@id\":\"https:\\\/\\\/christinakosmeetika.ee\\\/et\\\/paevakreem-naole-spf-20-christina-bio-phyto\\\/#breadcrumb\"},\"inLanguage\":\"et\",\"potentialAction\":[{\"@type\":\"ReadAction\",\"target\":[\"https:\\\/\\\/christinakosmeetika.ee\\\/et\\\/paevakreem-naole-spf-20-christina-bio-phyto\\\/\"]}]},{\"@type\":\"BreadcrumbList\",\"@id\":\"https:\\\/\\\/christinakosmeetika.ee\\\/et\\\/paevakreem-naole-spf-20-christina-bio-phyto\\\/#breadcrumb\",\"itemListElement\":[{\"@type\":\"ListItem\",\"position\":1,\"name\":\"\u0413\u043b\u0430\u0432\u043d\u0430\u044f \u0441\u0442\u0440\u0430\u043d\u0438\u0446\u0430\",\"item\":\"https:\\\/\\\/christinakosmeetika.ee\\\/et\\\/\"},{\"@type\":\"ListItem\",\"position\":2,\"name\":\"Bio Phyto Ultimate Defense Day Cream SPF 20\"}]},{\"@type\":\"WebSite\",\"@id\":\"https:\\\/\\\/christinakosmeetika.ee\\\/#website\",\"url\":\"https:\\\/\\\/christinakosmeetika.ee\\\/\",\"name\":\"Christinakosmeetika\",\"description\":\"Christina kosmeetika Eestis\",\"alternateName\":\"Christina kosmeetika Eestis\",\"potentialAction\":[{\"@type\":\"SearchAction\",\"target\":{\"@type\":\"EntryPoint\",\"urlTemplate\":\"https:\\\/\\\/christinakosmeetika.ee\\\/?s={search_term_string}\"},\"query-input\":{\"@type\":\"PropertyValueSpecification\",\"valueRequired\":true,\"valueName\":\"search_term_string\"}}],\"inLanguage\":\"et\"}]}<\/script>\n<!-- \/ Yoast SEO plugin. -->","yoast_head_json":{"title":"Bio Phyto Ultimate Defense Day Cream SPF 20","description":"P\u00e4evakreem n\u00e4ole SPF 20 Christina Bio Phyto pakub igap\u00e4evast niisutust ja kaitset p\u00e4ikesekiirguse eest, sobides kasutamiseks linnakeskkonnas.","robots":{"index":"index","follow":"follow","max-snippet":"max-snippet:-1","max-image-preview":"max-image-preview:large","max-video-preview":"max-video-preview:-1"},"canonical":"https:\/\/christinakosmeetika.ee\/et\/paevakreem-naole-spf-20-christina-bio-phyto\/","og_locale":"et_EE","og_type":"article","og_title":"Bio Phyto Ultimate Defense Day Cream SPF 20","og_description":"P\u00e4evakreem n\u00e4ole SPF 20 Christina Bio Phyto pakub igap\u00e4evast niisutust ja kaitset p\u00e4ikesekiirguse eest, sobides kasutamiseks linnakeskkonnas.","og_url":"https:\/\/christinakosmeetika.ee\/et\/paevakreem-naole-spf-20-christina-bio-phyto\/","og_site_name":"Christinakosmeetika","article_modified_time":"2026-01-31T12:17:10+00:00","twitter_card":"summary_large_image","twitter_misc":{"Est. reading time":"3 minutit"},"schema":{"@context":"https:\/\/schema.org","@graph":[{"@type":"WebPage","@id":"https:\/\/christinakosmeetika.ee\/et\/paevakreem-naole-spf-20-christina-bio-phyto\/","url":"https:\/\/christinakosmeetika.ee\/et\/paevakreem-naole-spf-20-christina-bio-phyto\/","name":"Bio Phyto Ultimate Defense Day Cream SPF 20","isPartOf":{"@id":"https:\/\/christinakosmeetika.ee\/#website"},"datePublished":"2025-12-28T21:17:52+00:00","dateModified":"2026-01-31T12:17:10+00:00","description":"P\u00e4evakreem n\u00e4ole SPF 20 Christina Bio Phyto pakub igap\u00e4evast niisutust ja kaitset p\u00e4ikesekiirguse eest, sobides kasutamiseks linnakeskkonnas.","breadcrumb":{"@id":"https:\/\/christinakosmeetika.ee\/et\/paevakreem-naole-spf-20-christina-bio-phyto\/#breadcrumb"},"inLanguage":"et","potentialAction":[{"@type":"ReadAction","target":["https:\/\/christinakosmeetika.ee\/et\/paevakreem-naole-spf-20-christina-bio-phyto\/"]}]},{"@type":"BreadcrumbList","@id":"https:\/\/christinakosmeetika.ee\/et\/paevakreem-naole-spf-20-christina-bio-phyto\/#breadcrumb","itemListElement":[{"@type":"ListItem","position":1,"name":"\u0413\u043b\u0430\u0432\u043d\u0430\u044f \u0441\u0442\u0440\u0430\u043d\u0438\u0446\u0430","item":"https:\/\/christinakosmeetika.ee\/et\/"},{"@type":"ListItem","position":2,"name":"Bio Phyto Ultimate Defense Day Cream SPF 20"}]},{"@type":"WebSite","@id":"https:\/\/christinakosmeetika.ee\/#website","url":"https:\/\/christinakosmeetika.ee\/","name":"Christinakosmeetika","description":"Christina kosmeetika Eestis","alternateName":"Christina kosmeetika Eestis","potentialAction":[{"@type":"SearchAction","target":{"@type":"EntryPoint","urlTemplate":"https:\/\/christinakosmeetika.ee\/?s={search_term_string}"},"query-input":{"@type":"PropertyValueSpecification","valueRequired":true,"valueName":"search_term_string"}}],"inLanguage":"et"}]}},"_links":{"self":[{"href":"https:\/\/christinakosmeetika.ee\/et\/wp-json\/wp\/v2\/pages\/10634","targetHints":{"allow":["GET"]}}],"collection":[{"href":"https:\/\/christinakosmeetika.ee\/et\/wp-json\/wp\/v2\/pages"}],"about":[{"href":"https:\/\/christinakosmeetika.ee\/et\/wp-json\/wp\/v2\/types\/page"}],"author":[{"embeddable":true,"href":"https:\/\/christinakosmeetika.ee\/et\/wp-json\/wp\/v2\/users\/2"}],"replies":[{"embeddable":true,"href":"https:\/\/christinakosmeetika.ee\/et\/wp-json\/wp\/v2\/comments?post=10634"}],"version-history":[{"count":0,"href":"https:\/\/christinakosmeetika.ee\/et\/wp-json\/wp\/v2\/pages\/10634\/revisions"}],"wp:attachment":[{"href":"https:\/\/christinakosmeetika.ee\/et\/wp-json\/wp\/v2\/media?parent=10634"}],"curies":[{"name":"wp","href":"https:\/\/api.w.org\/{rel}","templated":true}]}}