{"id":10526,"date":"2025-12-27T22:35:34","date_gmt":"2025-12-27T20:35:34","guid":{"rendered":"https:\/\/christinakosmeetika.ee\/skin-revitalization-mask\/"},"modified":"2026-01-31T10:52:18","modified_gmt":"2026-01-31T08:52:18","slug":"taastav-naomask","status":"publish","type":"page","link":"https:\/\/christinakosmeetika.ee\/et\/taastav-naomask\/","title":{"rendered":"Bio Phyto Revitalizing Mask"},"content":{"rendered":"<div id='av-layout-grid-1'  class='av-layout-grid-container av-1s8qjhs-43bbdc9b908c6bab7267b049e619c7ef entry-content-wrapper main_color av-flex-cells  avia-builder-el-0  avia-builder-el-no-sibling   container_wrap sidebar_right'  >\n<div class='flex_cell av-z66sc0-c52e38b699049365e11384ffe1feb90e av-gridrow-cell av_one_half no_margin  avia-builder-el-1  el_before_av_cell_one_half  avia-builder-el-first '  ><div class='flex_cell_inner'>\n<style type=\"text\/css\" data-created_by=\"avia_inline_auto\" id=\"style-css-av-mjora76z-12fb74bbce922bfff15a856272fe56da\">\n.avia-image-container.av-mjora76z-12fb74bbce922bfff15a856272fe56da img.avia_image{\nbox-shadow:none;\n}\n.avia-image-container.av-mjora76z-12fb74bbce922bfff15a856272fe56da .av-image-caption-overlay-center{\ncolor:#ffffff;\n}\n<\/style>\n<div  class='avia-image-container av-mjora76z-12fb74bbce922bfff15a856272fe56da av-styling- avia-align-center  avia-builder-el-2  avia-builder-el-no-sibling '   itemprop=\"image\" itemscope=\"itemscope\" itemtype=\"https:\/\/schema.org\/ImageObject\" ><div class=\"avia-image-container-inner\"><div class=\"avia-image-overlay-wrap\"><img decoding=\"async\" fetchpriority=\"high\" class='wp-image-10531 avia-img-lazy-loading-not-10531 avia_image ' src=\"https:\/\/christinakosmeetika.ee\/wp-content\/uploads\/2021\/05\/20251227_2228_Cosmetic-Ad-with-Mask_remix_01kdgqx2cge5xadcr87k758qsx-1.png\" alt='' title='20251227_2228_Cosmetic Ad with Mask_remix_01kdgqx2cge5xadcr87k758qsx (1)'  height=\"1536\" width=\"1024\"  itemprop=\"thumbnailUrl\" srcset=\"https:\/\/christinakosmeetika.ee\/wp-content\/uploads\/2021\/05\/20251227_2228_Cosmetic-Ad-with-Mask_remix_01kdgqx2cge5xadcr87k758qsx-1.png 1024w, https:\/\/christinakosmeetika.ee\/wp-content\/uploads\/2021\/05\/20251227_2228_Cosmetic-Ad-with-Mask_remix_01kdgqx2cge5xadcr87k758qsx-1-600x900.png 600w, https:\/\/christinakosmeetika.ee\/wp-content\/uploads\/2021\/05\/20251227_2228_Cosmetic-Ad-with-Mask_remix_01kdgqx2cge5xadcr87k758qsx-1-64x96.png 64w, https:\/\/christinakosmeetika.ee\/wp-content\/uploads\/2021\/05\/20251227_2228_Cosmetic-Ad-with-Mask_remix_01kdgqx2cge5xadcr87k758qsx-1-200x300.png 200w, https:\/\/christinakosmeetika.ee\/wp-content\/uploads\/2021\/05\/20251227_2228_Cosmetic-Ad-with-Mask_remix_01kdgqx2cge5xadcr87k758qsx-1-687x1030.png 687w, https:\/\/christinakosmeetika.ee\/wp-content\/uploads\/2021\/05\/20251227_2228_Cosmetic-Ad-with-Mask_remix_01kdgqx2cge5xadcr87k758qsx-1-768x1152.png 768w, https:\/\/christinakosmeetika.ee\/wp-content\/uploads\/2021\/05\/20251227_2228_Cosmetic-Ad-with-Mask_remix_01kdgqx2cge5xadcr87k758qsx-1-1000x1500.png 1000w, https:\/\/christinakosmeetika.ee\/wp-content\/uploads\/2021\/05\/20251227_2228_Cosmetic-Ad-with-Mask_remix_01kdgqx2cge5xadcr87k758qsx-1-470x705.png 470w, https:\/\/christinakosmeetika.ee\/wp-content\/uploads\/2021\/05\/20251227_2228_Cosmetic-Ad-with-Mask_remix_01kdgqx2cge5xadcr87k758qsx-1-450x675.png 450w\" sizes=\"(max-width: 1024px) 100vw, 1024px\" \/><\/div><\/div><\/div>\n<\/div><\/div><div class='flex_cell av-vilzn4-087008b3b718601b9c63af5f4b652d02 av-gridrow-cell av_one_half no_margin  avia-builder-el-3  el_after_av_cell_one_half  avia-builder-el-last '  ><div class='flex_cell_inner'><section  class='av_textblock_section av-mjoqihql-167d772909bfa8904075612b2bb18206 '   itemscope=\"itemscope\" itemtype=\"https:\/\/schema.org\/CreativeWork\" ><div class='avia_textblock'  itemprop=\"text\" ><h1 data-start=\"0\" data-end=\"45\"><strong data-start=\"199\" data-end=\"218\">Taastav n\u00e4omask<\/strong><\/h1>\n<h2 data-start=\"220\" data-end=\"227\"><strong data-start=\"228\" data-end=\"273\">Kuidas Bio Phyto Revitalizing Mask toimib<\/strong><\/h2>\n<p data-start=\"275\" data-end=\"431\">On hetki, mil nahk vajab enamat kui lihtsalt niisutust.<br data-start=\"330\" data-end=\"333\" \/>See v\u00f5ib tunduda tuhm, v\u00e4sinud ja kaotada toonuse \u2014 isegi ilma n\u00e4htava \u00e4rrituse v\u00f5i tundlikkuseta.<\/p>\n<p data-start=\"433\" data-end=\"556\">Sellistel perioodidel vajab nahk mitte l\u00fchiajalist s\u00e4ra, vaid tuge loomulike uuenemis- ja taastumisprotsesside toetamiseks.<\/p>\n<p data-start=\"558\" data-end=\"712\"><strong data-start=\"558\" data-end=\"712\">Bio Phyto Revitalizing Mask sobib neile, kes otsivad taastavat n\u00e4omaski tuhmi ja v\u00e4sinud naha jaoks, et taastada v\u00e4rskus, \u00fchtlane jume ja eluj\u00f5ulisus.<\/strong><\/p>\n<hr data-start=\"714\" data-end=\"717\" \/>\n<h2 data-start=\"719\" data-end=\"726\">Kuidas<strong data-start=\"727\" data-end=\"765\"> mask toetab naha taastumist<\/strong><\/h2>\n<p data-start=\"767\" data-end=\"901\">Bio Phyto Revitalizing Mask on loodud nahale, mis n\u00e4eb v\u00e4sinud v\u00e4lja ja vajab taastumist.<br data-start=\"856\" data-end=\"859\" \/>Mask aitab luua tingimused, kus nahk saab:<\/p>\n<ul data-start=\"902\" data-end=\"1025\">\n<li data-start=\"902\" data-end=\"926\">\n<p data-start=\"904\" data-end=\"926\">aktiivsemalt uueneda<\/p>\n<\/li>\n<li data-start=\"927\" data-end=\"961\">\n<p data-start=\"929\" data-end=\"961\">n\u00e4ha v\u00e4lja v\u00e4rskem ja \u00fchtlasem<\/p>\n<\/li>\n<li data-start=\"962\" data-end=\"995\">\n<p data-start=\"964\" data-end=\"995\">taastada toonuse ja elastsuse<\/p>\n<\/li>\n<li data-start=\"996\" data-end=\"1025\">\n<p data-start=\"998\" data-end=\"1025\">saavutada loomulikku s\u00e4ra<\/p>\n<\/li>\n<\/ul>\n<p data-start=\"1027\" data-end=\"1096\">Toime on pehme ja tasakaalustatud, ilma agressiivse stimuleerimiseta.<\/p>\n<hr data-start=\"1098\" data-end=\"1101\" \/>\n<h2 data-start=\"1103\" data-end=\"1110\">Kuidas<strong data-start=\"1111\" data-end=\"1136\"> koostis toimib<\/strong><\/h2>\n<p data-start=\"1138\" data-end=\"1220\">Maski koostis on suunatud naha taastamisele, mitte ajutisele visuaalsele efektile.<\/p>\n<p data-start=\"1222\" data-end=\"1484\">Taimsed ekstraktid ja antioks\u00fcdandid aitavad nahal paremini toime tulla stressi ja keskkonnam\u00f5judega.<br data-start=\"1323\" data-end=\"1326\" \/>Uuenemist toetavad komponendid soodustavad j\u00e4rkj\u00e4rgulist regeneratsiooni.<br data-start=\"1399\" data-end=\"1402\" \/>Niisutav alus tagab mugavuse, muutes naha siledamaks, elastsemaks ja hoolitsetuks.<\/p>\n<hr data-start=\"1486\" data-end=\"1489\" \/>\n<h2 data-start=\"1491\" data-end=\"1498\">Millal<strong data-start=\"1499\" data-end=\"1552\"> Bio Phyto Revitalizing Mask on eriti sobiv<\/strong><\/h2>\n<p data-start=\"1554\" data-end=\"1577\">Mask sobib nahale, mis:<\/p>\n<ul data-start=\"1578\" data-end=\"1773\">\n<li data-start=\"1578\" data-end=\"1608\">\n<p data-start=\"1580\" data-end=\"1608\">n\u00e4eb v\u00e4lja v\u00e4sinud ja tuhm<\/p>\n<\/li>\n<li data-start=\"1609\" data-end=\"1650\">\n<p data-start=\"1611\" data-end=\"1650\">on kaotanud v\u00e4rskuse ja \u00fchtlase tooni<\/p>\n<\/li>\n<li data-start=\"1651\" data-end=\"1686\">\n<p data-start=\"1653\" data-end=\"1686\">vajab taastumist p\u00e4rast stressi<\/p>\n<\/li>\n<li data-start=\"1687\" data-end=\"1735\">\n<p data-start=\"1689\" data-end=\"1735\">ei talu h\u00e4sti tugevalt aktiveerivaid tooteid<\/p>\n<\/li>\n<li data-start=\"1736\" data-end=\"1773\">\n<p data-start=\"1738\" data-end=\"1773\">vajab \u00f5rna, kuid t\u00f5husat hooldust<\/p>\n<\/li>\n<\/ul>\n<p data-start=\"1775\" data-end=\"1890\">See ei ole kiirmask \u00fcheks \u00f5htuks, vaid <strong data-start=\"1814\" data-end=\"1833\">taastav n\u00e4omask<\/strong>, mis aitab nahal taastada terve ja hoolitsetud v\u00e4limuse.<\/p>\n<\/div><\/section><br \/>\n<div  class='avia-button-wrap av-mjordvoi-c08bbc248e9eae5332a48485ef9ec4b2-wrap avia-button-center  avia-builder-el-5  el_after_av_textblock  el_before_av_button '><a href='https:\/\/christinakosmeetika.ee\/et\/toode\/bio-phyto-revitalizing-mask\/'  class='avia-button av-mjordvoi-c08bbc248e9eae5332a48485ef9ec4b2 av-link-btn avia-icon_select-no avia-size-small avia-position-center avia-color-theme-color'   aria-label=\"Osta\"><span class='avia_iconbox_title' >Osta<\/span><\/a><\/div><br \/>\n<div  class='avia-button-wrap av-mjorfa5z-3f04293bf37a21c26fcc0090da4ef340-wrap avia-button-center  avia-builder-el-6  el_after_av_button  avia-builder-el-last '><a href='https:\/\/christinakosmeetika.ee\/et\/shop\/?filter_linii-kosmetiki=bio-phyto-et'  class='avia-button av-mjorfa5z-3f04293bf37a21c26fcc0090da4ef340 av-link-btn avia-icon_select-no avia-size-small avia-position-center avia-color-theme-color'   aria-label=\"Tagasi sarja\"><span class='avia_iconbox_title' >Tagasi sarja<\/span><\/a><\/div><\/p>\n<\/div><\/div><\/div>\n","protected":false},"excerpt":{"rendered":"","protected":false},"author":2,"featured_media":0,"parent":0,"menu_order":0,"comment_status":"closed","ping_status":"closed","template":"","meta":{"footnotes":""},"class_list":["post-10526","page","type-page","status-publish","hentry"],"yoast_head":"<!-- This site is optimized with the Yoast SEO plugin v27.5 - https:\/\/yoast.com\/product\/yoast-seo-wordpress\/ -->\n<title>Taastav n\u00e4omask tuhmi ja v\u00e4sinud naha jaoks | Bio Phyto<\/title>\n<meta name=\"description\" content=\"Taastav n\u00e4omask tuhmi ja v\u00e4sinud naha jaoks, mis toetab naha uuenemist ning aitab taastada v\u00e4rskuse ja \u00fchtlase jume.\" \/>\n<meta name=\"robots\" content=\"index, follow, max-snippet:-1, max-image-preview:large, max-video-preview:-1\" \/>\n<link rel=\"canonical\" href=\"https:\/\/christinakosmeetika.ee\/et\/taastav-naomask\/\" \/>\n<meta property=\"og:locale\" content=\"et_EE\" \/>\n<meta property=\"og:type\" content=\"article\" \/>\n<meta property=\"og:title\" content=\"Taastav n\u00e4omask tuhmi ja v\u00e4sinud naha jaoks | Bio Phyto\" \/>\n<meta property=\"og:description\" content=\"Taastav n\u00e4omask tuhmi ja v\u00e4sinud naha jaoks, mis toetab naha uuenemist ning aitab taastada v\u00e4rskuse ja \u00fchtlase jume.\" \/>\n<meta property=\"og:url\" content=\"https:\/\/christinakosmeetika.ee\/et\/taastav-naomask\/\" \/>\n<meta property=\"og:site_name\" content=\"Christinakosmeetika\" \/>\n<meta property=\"article:modified_time\" content=\"2026-01-31T08:52:18+00:00\" \/>\n<meta name=\"twitter:card\" content=\"summary_large_image\" \/>\n<meta name=\"twitter:label1\" content=\"Est. reading time\" \/>\n\t<meta name=\"twitter:data1\" content=\"2 minutit\" \/>\n<script type=\"application\/ld+json\" class=\"yoast-schema-graph\">{\"@context\":\"https:\\\/\\\/schema.org\",\"@graph\":[{\"@type\":\"WebPage\",\"@id\":\"https:\\\/\\\/christinakosmeetika.ee\\\/et\\\/taastav-naomask\\\/\",\"url\":\"https:\\\/\\\/christinakosmeetika.ee\\\/et\\\/taastav-naomask\\\/\",\"name\":\"Taastav n\u00e4omask tuhmi ja v\u00e4sinud naha jaoks | Bio Phyto\",\"isPartOf\":{\"@id\":\"https:\\\/\\\/christinakosmeetika.ee\\\/#website\"},\"datePublished\":\"2025-12-27T20:35:34+00:00\",\"dateModified\":\"2026-01-31T08:52:18+00:00\",\"description\":\"Taastav n\u00e4omask tuhmi ja v\u00e4sinud naha jaoks, mis toetab naha uuenemist ning aitab taastada v\u00e4rskuse ja \u00fchtlase jume.\",\"breadcrumb\":{\"@id\":\"https:\\\/\\\/christinakosmeetika.ee\\\/et\\\/taastav-naomask\\\/#breadcrumb\"},\"inLanguage\":\"et\",\"potentialAction\":[{\"@type\":\"ReadAction\",\"target\":[\"https:\\\/\\\/christinakosmeetika.ee\\\/et\\\/taastav-naomask\\\/\"]}]},{\"@type\":\"BreadcrumbList\",\"@id\":\"https:\\\/\\\/christinakosmeetika.ee\\\/et\\\/taastav-naomask\\\/#breadcrumb\",\"itemListElement\":[{\"@type\":\"ListItem\",\"position\":1,\"name\":\"\u0413\u043b\u0430\u0432\u043d\u0430\u044f \u0441\u0442\u0440\u0430\u043d\u0438\u0446\u0430\",\"item\":\"https:\\\/\\\/christinakosmeetika.ee\\\/et\\\/\"},{\"@type\":\"ListItem\",\"position\":2,\"name\":\"Bio Phyto Revitalizing Mask\"}]},{\"@type\":\"WebSite\",\"@id\":\"https:\\\/\\\/christinakosmeetika.ee\\\/#website\",\"url\":\"https:\\\/\\\/christinakosmeetika.ee\\\/\",\"name\":\"Christinakosmeetika\",\"description\":\"Christina kosmeetika Eestis\",\"alternateName\":\"Christina kosmeetika Eestis\",\"potentialAction\":[{\"@type\":\"SearchAction\",\"target\":{\"@type\":\"EntryPoint\",\"urlTemplate\":\"https:\\\/\\\/christinakosmeetika.ee\\\/?s={search_term_string}\"},\"query-input\":{\"@type\":\"PropertyValueSpecification\",\"valueRequired\":true,\"valueName\":\"search_term_string\"}}],\"inLanguage\":\"et\"}]}<\/script>\n<!-- \/ Yoast SEO plugin. -->","yoast_head_json":{"title":"Taastav n\u00e4omask tuhmi ja v\u00e4sinud naha jaoks | Bio Phyto","description":"Taastav n\u00e4omask tuhmi ja v\u00e4sinud naha jaoks, mis toetab naha uuenemist ning aitab taastada v\u00e4rskuse ja \u00fchtlase jume.","robots":{"index":"index","follow":"follow","max-snippet":"max-snippet:-1","max-image-preview":"max-image-preview:large","max-video-preview":"max-video-preview:-1"},"canonical":"https:\/\/christinakosmeetika.ee\/et\/taastav-naomask\/","og_locale":"et_EE","og_type":"article","og_title":"Taastav n\u00e4omask tuhmi ja v\u00e4sinud naha jaoks | Bio Phyto","og_description":"Taastav n\u00e4omask tuhmi ja v\u00e4sinud naha jaoks, mis toetab naha uuenemist ning aitab taastada v\u00e4rskuse ja \u00fchtlase jume.","og_url":"https:\/\/christinakosmeetika.ee\/et\/taastav-naomask\/","og_site_name":"Christinakosmeetika","article_modified_time":"2026-01-31T08:52:18+00:00","twitter_card":"summary_large_image","twitter_misc":{"Est. reading time":"2 minutit"},"schema":{"@context":"https:\/\/schema.org","@graph":[{"@type":"WebPage","@id":"https:\/\/christinakosmeetika.ee\/et\/taastav-naomask\/","url":"https:\/\/christinakosmeetika.ee\/et\/taastav-naomask\/","name":"Taastav n\u00e4omask tuhmi ja v\u00e4sinud naha jaoks | Bio Phyto","isPartOf":{"@id":"https:\/\/christinakosmeetika.ee\/#website"},"datePublished":"2025-12-27T20:35:34+00:00","dateModified":"2026-01-31T08:52:18+00:00","description":"Taastav n\u00e4omask tuhmi ja v\u00e4sinud naha jaoks, mis toetab naha uuenemist ning aitab taastada v\u00e4rskuse ja \u00fchtlase jume.","breadcrumb":{"@id":"https:\/\/christinakosmeetika.ee\/et\/taastav-naomask\/#breadcrumb"},"inLanguage":"et","potentialAction":[{"@type":"ReadAction","target":["https:\/\/christinakosmeetika.ee\/et\/taastav-naomask\/"]}]},{"@type":"BreadcrumbList","@id":"https:\/\/christinakosmeetika.ee\/et\/taastav-naomask\/#breadcrumb","itemListElement":[{"@type":"ListItem","position":1,"name":"\u0413\u043b\u0430\u0432\u043d\u0430\u044f \u0441\u0442\u0440\u0430\u043d\u0438\u0446\u0430","item":"https:\/\/christinakosmeetika.ee\/et\/"},{"@type":"ListItem","position":2,"name":"Bio Phyto Revitalizing Mask"}]},{"@type":"WebSite","@id":"https:\/\/christinakosmeetika.ee\/#website","url":"https:\/\/christinakosmeetika.ee\/","name":"Christinakosmeetika","description":"Christina kosmeetika Eestis","alternateName":"Christina kosmeetika Eestis","potentialAction":[{"@type":"SearchAction","target":{"@type":"EntryPoint","urlTemplate":"https:\/\/christinakosmeetika.ee\/?s={search_term_string}"},"query-input":{"@type":"PropertyValueSpecification","valueRequired":true,"valueName":"search_term_string"}}],"inLanguage":"et"}]}},"_links":{"self":[{"href":"https:\/\/christinakosmeetika.ee\/et\/wp-json\/wp\/v2\/pages\/10526","targetHints":{"allow":["GET"]}}],"collection":[{"href":"https:\/\/christinakosmeetika.ee\/et\/wp-json\/wp\/v2\/pages"}],"about":[{"href":"https:\/\/christinakosmeetika.ee\/et\/wp-json\/wp\/v2\/types\/page"}],"author":[{"embeddable":true,"href":"https:\/\/christinakosmeetika.ee\/et\/wp-json\/wp\/v2\/users\/2"}],"replies":[{"embeddable":true,"href":"https:\/\/christinakosmeetika.ee\/et\/wp-json\/wp\/v2\/comments?post=10526"}],"version-history":[{"count":0,"href":"https:\/\/christinakosmeetika.ee\/et\/wp-json\/wp\/v2\/pages\/10526\/revisions"}],"wp:attachment":[{"href":"https:\/\/christinakosmeetika.ee\/et\/wp-json\/wp\/v2\/media?parent=10526"}],"curies":[{"name":"wp","href":"https:\/\/api.w.org\/{rel}","templated":true}]}}