{"id":10447,"date":"2025-12-27T20:40:45","date_gmt":"2025-12-27T18:40:45","guid":{"rendered":"https:\/\/christinakosmeetika.ee\/skin-balance-cream\/"},"modified":"2026-03-14T14:33:12","modified_gmt":"2026-03-14T12:33:12","slug":"kreem-kombineeritud-nahale-bio-phyto-balancing-cream","status":"publish","type":"page","link":"https:\/\/christinakosmeetika.ee\/et\/kreem-kombineeritud-nahale-bio-phyto-balancing-cream\/","title":{"rendered":"Kreem kombineeritud ja tundlikule nahale Bio Phyto Balancing Cream"},"content":{"rendered":"<div id='av-layout-grid-1'  class='av-layout-grid-container av-1js3158-3ebbe87a9cd70e037d8cdedfdae28ae7 entry-content-wrapper main_color av-flex-cells  avia-builder-el-0  avia-builder-el-no-sibling   container_wrap sidebar_right'  >\n<div class='flex_cell av-1czv0ss-b7305c80bebd5f168665af9a8e881867 av-gridrow-cell av_one_half no_margin  avia-builder-el-1  el_before_av_cell_one_half  avia-builder-el-first '  ><div class='flex_cell_inner'>\n<style type=\"text\/css\" data-created_by=\"avia_inline_auto\" id=\"style-css-av-mjon61do-567da5c38fcba9ea818a30ba05e12d81\">\n.avia-image-container.av-mjon61do-567da5c38fcba9ea818a30ba05e12d81 img.avia_image{\nbox-shadow:none;\n}\n.avia-image-container.av-mjon61do-567da5c38fcba9ea818a30ba05e12d81 .av-image-caption-overlay-center{\ncolor:#ffffff;\n}\n<\/style>\n<div  class='avia-image-container av-mjon61do-567da5c38fcba9ea818a30ba05e12d81 av-styling- avia-align-center  avia-builder-el-2  avia-builder-el-no-sibling '   itemprop=\"image\" itemscope=\"itemscope\" itemtype=\"https:\/\/schema.org\/ImageObject\" ><div class=\"avia-image-container-inner\"><div class=\"avia-image-overlay-wrap\"><img decoding=\"async\" fetchpriority=\"high\" class='wp-image-10450 avia-img-lazy-loading-not-10450 avia_image ' src=\"https:\/\/christinakosmeetika.ee\/wp-content\/uploads\/2025\/12\/20251227_1955_Premium-Cream-Squeeze_remix_01kdgf5q96eyhvnkk2b6st90p2-1.png\" alt='' title='20251227_1955_Premium Cream Squeeze_remix_01kdgf5q96eyhvnkk2b6st90p2 (1)'  height=\"1536\" width=\"1024\"  itemprop=\"thumbnailUrl\" srcset=\"https:\/\/christinakosmeetika.ee\/wp-content\/uploads\/2025\/12\/20251227_1955_Premium-Cream-Squeeze_remix_01kdgf5q96eyhvnkk2b6st90p2-1.png 1024w, https:\/\/christinakosmeetika.ee\/wp-content\/uploads\/2025\/12\/20251227_1955_Premium-Cream-Squeeze_remix_01kdgf5q96eyhvnkk2b6st90p2-1-600x900.png 600w, https:\/\/christinakosmeetika.ee\/wp-content\/uploads\/2025\/12\/20251227_1955_Premium-Cream-Squeeze_remix_01kdgf5q96eyhvnkk2b6st90p2-1-64x96.png 64w, https:\/\/christinakosmeetika.ee\/wp-content\/uploads\/2025\/12\/20251227_1955_Premium-Cream-Squeeze_remix_01kdgf5q96eyhvnkk2b6st90p2-1-200x300.png 200w, https:\/\/christinakosmeetika.ee\/wp-content\/uploads\/2025\/12\/20251227_1955_Premium-Cream-Squeeze_remix_01kdgf5q96eyhvnkk2b6st90p2-1-687x1030.png 687w, https:\/\/christinakosmeetika.ee\/wp-content\/uploads\/2025\/12\/20251227_1955_Premium-Cream-Squeeze_remix_01kdgf5q96eyhvnkk2b6st90p2-1-768x1152.png 768w, https:\/\/christinakosmeetika.ee\/wp-content\/uploads\/2025\/12\/20251227_1955_Premium-Cream-Squeeze_remix_01kdgf5q96eyhvnkk2b6st90p2-1-1000x1500.png 1000w, https:\/\/christinakosmeetika.ee\/wp-content\/uploads\/2025\/12\/20251227_1955_Premium-Cream-Squeeze_remix_01kdgf5q96eyhvnkk2b6st90p2-1-470x705.png 470w, https:\/\/christinakosmeetika.ee\/wp-content\/uploads\/2025\/12\/20251227_1955_Premium-Cream-Squeeze_remix_01kdgf5q96eyhvnkk2b6st90p2-1-450x675.png 450w\" sizes=\"(max-width: 1024px) 100vw, 1024px\" \/><\/div><\/div><\/div>\n<\/div><\/div><div class='flex_cell av-ogkbpo-790937f3c3e553d7561ee1f1d507aad9 av-gridrow-cell av_one_half no_margin  avia-builder-el-3  el_after_av_cell_one_half  avia-builder-el-last '  ><div class='flex_cell_inner'><section  class='av_textblock_section av-mjon71s4-c0a66b851c6423283d3113baeb2be13b '   itemscope=\"itemscope\" itemtype=\"https:\/\/schema.org\/CreativeWork\" ><div class='avia_textblock'  itemprop=\"text\" ><div class=\"flex flex-col text-sm pb-25\">\n<article class=\"text-token-text-primary w-full focus:outline-none &#091;--shadow-height:45px&#093; has-data-writing-block:pointer-events-none has-data-writing-block:-mt-(--shadow-height) has-data-writing-block:pt-(--shadow-height) &#091;&#038;:has(&#091;data-writing-block&#093;)>*]:pointer-events-auto scroll-mt-[calc(var(&#8211;header-height)+min(200px,max(70px,20svh)))]&#8221; dir=&#8221;auto&#8221; tabindex=&#8221;-1&#8243; data-turn-id=&#8221;request-WEB:096e6be2-6fd3-4552-919e-640ff7d095cc-171&#8243; data-testid=&#8221;conversation-turn-22&#8243; data-scroll-anchor=&#8221;true&#8221; data-turn=&#8221;assistant&#8221;><\/p>\n<div class=\"text-base my-auto mx-auto pb-10 &#091;--thread-content-margin:var(--thread-content-margin-xs,calc(var(--spacing)*4))&#093; @w-sm\/main:&#091;--thread-content-margin:var(--thread-content-margin-sm,calc(var(--spacing)*6))&#093; @w-lg\/main:&#091;--thread-content-margin:var(--thread-content-margin-lg,calc(var(--spacing)*16))&#093; px-(--thread-content-margin)\">\n<div class=\"&#091;--thread-content-max-width:40rem&#093; @w-lg\/main:&#091;--thread-content-max-width:48rem&#093; mx-auto max-w-(--thread-content-max-width) flex-1 group\/turn-messages focus-visible:outline-hidden relative flex w-full min-w-0 flex-col agent-turn\" tabindex=\"-1\">\n<div class=\"flex max-w-full flex-col gap-4 grow\">\n<div class=\"min-h-8 text-message relative flex w-full flex-col items-end gap-2 text-start break-words whitespace-normal &#091;.text-message+&#038;&#093;:mt-1\" dir=\"auto\" data-message-author-role=\"assistant\" data-message-id=\"565ddb31-4701-4cff-bb63-cb28b6da849d\" data-message-model-slug=\"gpt-5-3\">\n<div class=\"flex w-full flex-col gap-1 empty:hidden\">\n<div class=\"markdown prose dark:prose-invert w-full wrap-break-word light markdown-new-styling\">\n<h2 data-start=\"0\" data-end=\"70\">Kreem kombineeritud ja tundlikule nahale<br data-start=\"40\" data-end=\"43\" \/>Bio Phyto Balancing Cream<\/h2>\n<p data-start=\"72\" data-end=\"329\">Kreem kombineeritud ja tundlikule nahale, mis aitab taastada naha loomuliku tasakaalu ning toetab niisutuse ja rasuerituse tasakaalu. Kreem on m\u00f5eldud igap\u00e4evaseks hoolduseks nahale, mis on samaaegselt rasuse T-tsooniga ja tundlikum teistes n\u00e4opiirkondades.<\/p>\n<hr data-start=\"331\" data-end=\"334\" \/>\n<h2 data-section-id=\"10wjd7o\" data-start=\"336\" data-end=\"368\">Millal nahk kaotab tasakaalu<\/h2>\n<p data-start=\"370\" data-end=\"550\">Kombineeritud ja tundlik nahk on sageli vastuolulises seisundis.<br data-start=\"434\" data-end=\"437\" \/>M\u00f5ned n\u00e4opiirkonnad muutuvad kiiresti rasuseks, samal ajal kui teised piirkonnad v\u00f5ivad olla kuivad ja tundlikud.<\/p>\n<p data-start=\"552\" data-end=\"590\">Selle seisundi t\u00fc\u00fcpilised tunnused on:<\/p>\n<p data-start=\"592\" data-end=\"841\">\u2022 T-tsoon muutub kiiresti rasuseks<br data-start=\"626\" data-end=\"629\" \/>\u2022 p\u00f5sed tunduvad kuivad v\u00f5i tundlikud<br data-start=\"666\" data-end=\"669\" \/>\u2022 nahk v\u00f5ib l\u00e4ikida, kuid samal ajal tunduda pingul<br data-start=\"720\" data-end=\"723\" \/>\u2022 tekivad lokaalsed punetused ja \u00e4rritus<br data-start=\"763\" data-end=\"766\" \/>\u2022 tihedad kreemid tunduvad nahal rasked<br data-start=\"805\" data-end=\"808\" \/>\u2022 meik p\u00fcsib nahal l\u00fchemat aega<\/p>\n<p data-start=\"843\" data-end=\"971\">Sellises olukorras p\u00fc\u00fcab nahk pidevalt tasakaalu taastada. Ta v\u00f5ib suurendada rasueritust v\u00f5i vastupidi kaotada rohkem niiskust.<\/p>\n<hr data-start=\"973\" data-end=\"976\" \/>\n<h2 data-section-id=\"5lul0s\" data-start=\"978\" data-end=\"1020\">Mis juhtub nahaga tasakaalu h\u00e4irumisel<\/h2>\n<p data-start=\"1022\" data-end=\"1127\">Kui naha tasakaal on h\u00e4iritud, hakkavad selle kaitse- ja regulatsioonimehhanismid t\u00f6\u00f6tama ebastabiilselt.<\/p>\n<p data-start=\"1129\" data-end=\"1283\">Rasun\u00e4\u00e4rmed v\u00f5ivad muutuda aktiivsemaks, p\u00fc\u00fcdes kompenseerida niiskuse puudust. Samal ajal muutub naha pindmine kiht tundlikumaks v\u00e4liste tegurite suhtes.<\/p>\n<p data-start=\"1285\" data-end=\"1307\">Selle tulemusena nahk:<\/p>\n<p data-start=\"1309\" data-end=\"1478\">\u2022 reageerib kiiremini ilmastiku muutustele<br data-start=\"1351\" data-end=\"1354\" \/>\u2022 hoiab niiskust halvemini<br data-start=\"1380\" data-end=\"1383\" \/>\u2022 n\u00e4eb v\u00e4lja eba\u00fchtlane nii tekstuuri kui tooni poolest<br data-start=\"1438\" data-end=\"1441\" \/>\u2022 kaotab p\u00e4eva jooksul mugavustunde<\/p>\n<p data-start=\"1480\" data-end=\"1567\">Sellises seisundis vajab nahk mitte agressiivset sekkumist, vaid \u00f5rna tasakaalustamist.<\/p>\n<hr data-start=\"1569\" data-end=\"1572\" \/>\n<h2 data-section-id=\"1aebqxh\" data-start=\"1574\" data-end=\"1641\">Kuidas Bio Phyto Balancing Cream aitab nahal tasakaalu taastada<\/h2>\n<p data-start=\"1643\" data-end=\"1763\">Bio Phyto Balancing Cream on kreem kombineeritud ja tundlikule nahale, mis aitab \u00fchtlustada naha kolm peamist protsessi:<\/p>\n<p data-start=\"1765\" data-end=\"1818\">\u2022 niisutus<br data-start=\"1775\" data-end=\"1778\" \/>\u2022 rasuerituse tasakaal<br data-start=\"1800\" data-end=\"1803\" \/>\u2022 naha kaitse<\/p>\n<p data-start=\"1820\" data-end=\"1993\">Kreem aitab nahal l\u00f5petada liikumise liigse rasususe ja niiskusepuuduse vahel ning loob tingimused, kus nahk suudab s\u00e4ilitada niiskuse ja samal ajal kontrollida rasueritust.<\/p>\n<p data-start=\"1995\" data-end=\"2036\">Regulaarse kasutamise korral muutub nahk:<\/p>\n<p data-start=\"2038\" data-end=\"2142\">\u2022 rahulikumaks<br data-start=\"2052\" data-end=\"2055\" \/>\u2022 v\u00e4hem reaktiivseks<br data-start=\"2075\" data-end=\"2078\" \/>\u2022 \u00fchtlasemaks tekstuuri poolest<br data-start=\"2109\" data-end=\"2112\" \/>\u2022 v\u00e4rskemaks ja hoolitsetumaks<\/p>\n<hr data-start=\"2144\" data-end=\"2147\" \/>\n<h2 data-section-id=\"1h70rbk\" data-start=\"2149\" data-end=\"2187\">Kuidas toimivad kreemi koostisosad<\/h2>\n<p data-start=\"2189\" data-end=\"2279\">Kreemi koostis on loodud nii, et see toetaks nahka igap\u00e4evaselt, ilma seda \u00fcle koormamata.<\/p>\n<p data-start=\"2281\" data-end=\"2303\"><strong data-start=\"2281\" data-end=\"2303\">Taimsed ekstraktid<\/strong><\/p>\n<p data-start=\"2305\" data-end=\"2434\">Taimsed ekstraktid, sealhulgas saialill ja roheline tee, aitavad v\u00e4hendada naha tundlikkust ning toetavad naha kaitsefunktsioone.<\/p>\n<p data-start=\"2436\" data-end=\"2462\"><strong data-start=\"2436\" data-end=\"2462\">Niisutavad komponendid<\/strong><\/p>\n<p data-start=\"2464\" data-end=\"2596\">Niisutavad koostisosad aitavad s\u00e4ilitada naha optimaalset niiskustaset ja ennetavad deh\u00fcdratsiooni, mis v\u00f5ib suurendada rasueritust.<\/p>\n<p data-start=\"2598\" data-end=\"2630\"><strong data-start=\"2598\" data-end=\"2630\">Kerge tasakaalustav tekstuur<\/strong><\/p>\n<p data-start=\"2632\" data-end=\"2762\">Kreemi kerge tekstuur imendub kiiresti ega moodusta nahale rasket kihti, mist\u00f5ttu sobib see h\u00e4sti tundlikule kombineeritud nahale.<\/p>\n<hr data-start=\"2764\" data-end=\"2767\" \/>\n<h2 data-section-id=\"1981u38\" data-start=\"2769\" data-end=\"2836\">Millal sobib kasutada kreemi kombineeritud ja tundlikule nahale<\/h2>\n<p data-start=\"2838\" data-end=\"2897\">Bio Phyto Balancing Cream sobib eriti h\u00e4sti siis, kui nahk:<\/p>\n<p data-start=\"2899\" data-end=\"3133\">\u2022 on kombineeritud ja kaldu tasakaaluh\u00e4iretele<br data-start=\"2945\" data-end=\"2948\" \/>\u2022 on rasune T-tsoonis ja tundlik teistes piirkondades<br data-start=\"3001\" data-end=\"3004\" \/>\u2022 kaotab p\u00e4eva jooksul mugavustunde<br data-start=\"3039\" data-end=\"3042\" \/>\u2022 reageerib rasketele v\u00f5i aktiivsetele toodetele<br data-start=\"3090\" data-end=\"3093\" \/>\u2022 vajab stabiilset igap\u00e4evast hooldust<\/p>\n<p data-start=\"3135\" data-end=\"3241\" data-is-last-node=\"\" data-is-only-node=\"\">Kreem aitab s\u00e4ilitada naha loomuliku tasakaalu, muutes naha rahulikumaks, niisutatumaks ja hoolitsetumaks.<\/p>\n<p data-start=\"3135\" data-end=\"3241\" data-is-last-node=\"\" data-is-only-node=\"\"><a href=\"https:\/\/christinakosmeetika.ee\/et\/toode\/bio-phyto-balancing-cream\/\">Osta Bio Phyto Balancing Cream<\/a><\/p>\n<\/div>\n<\/div>\n<\/div>\n<\/div>\n<div class=\"z-0 flex min-h-&#091;46px&#093; justify-start\"><\/div>\n<div class=\"mt-3 w-full empty:hidden\">\n<div class=\"text-center\"><\/div>\n<\/div>\n<\/div>\n<\/div>\n<\/article>\n<\/div>\n<div class=\"pointer-events-none h-px w-px absolute bottom-0\" aria-hidden=\"true\" data-edge=\"true\"><\/div>\n<\/div><\/section><br \/>\n<div  class='avia-button-wrap avia-button-center  avia-builder-el-5  el_after_av_textblock  el_before_av_button '>\n<style type=\"text\/css\" data-created_by=\"avia_inline_auto\" id=\"style-css-av-mmqaqhr0-981c02787b519cdcef9d4968d32cee59\">\n#top #wrap_all .avia-button.av-mmqaqhr0-981c02787b519cdcef9d4968d32cee59:hover{\ncolor:white;\ntransition:all 0.4s ease-in-out;\n}\n#top #wrap_all .avia-button.av-mmqaqhr0-981c02787b519cdcef9d4968d32cee59:hover .avia-svg-icon svg:first-child{\nfill:white;\nstroke:white;\n}\n<\/style>\n<a href='https:\/\/christinakosmeetika.ee\/et\/toode\/bio-phyto-balancing-cream\/' class='avia-color-theme-color avia-font-color-theme-color avia-button avia-button-fullwidth av-mmqaqhr0-981c02787b519cdcef9d4968d32cee59 avia-icon_select-no avia-color-theme-color'   aria-label=\"Osta\"><span class='avia_iconbox_title' >Osta<\/span><span class='avia_button_background avia-button avia-button-fullwidth avia-color-theme-color-highlight'><\/span><\/a><\/div><br \/>\n<div  class='avia-button-wrap av-mjon9tg0-f33c749c09c0dbd577df0bf1f3eb8777-wrap avia-button-center  avia-builder-el-6  el_after_av_button_big  avia-builder-el-no-sibling '><a href='https:\/\/christinakosmeetika.ee\/et\/shop\/?filter_linii-kosmetiki=bio-phyto-et'  class='avia-button av-mjon9tg0-f33c749c09c0dbd577df0bf1f3eb8777 av-link-btn avia-icon_select-no avia-size-small avia-position-center avia-color-theme-color'   aria-label=\"Tagasi sarja\"><span class='avia_iconbox_title' >Tagasi sarja<\/span><\/a><\/div><\/p>\n<\/div><\/div><\/div>\n","protected":false},"excerpt":{"rendered":"","protected":false},"author":2,"featured_media":0,"parent":0,"menu_order":0,"comment_status":"closed","ping_status":"closed","template":"","meta":{"footnotes":""},"class_list":["post-10447","page","type-page","status-publish","hentry"],"yoast_head":"<!-- This site is optimized with the Yoast SEO plugin v27.5 - https:\/\/yoast.com\/product\/yoast-seo-wordpress\/ -->\n<title>Kreem kombineeritud nahale | Bio Phyto Balancing Cream<\/title>\n<meta name=\"description\" content=\"Kreem kombineeritud nahale Bio Phyto Balancing Cream aitab tasakaalustada rasusust T-tsoonis ja hoiab naha niisutatuna.\" \/>\n<meta name=\"robots\" content=\"index, follow, max-snippet:-1, max-image-preview:large, max-video-preview:-1\" \/>\n<link rel=\"canonical\" href=\"https:\/\/christinakosmeetika.ee\/et\/kreem-kombineeritud-nahale-bio-phyto-balancing-cream\/\" \/>\n<meta property=\"og:locale\" content=\"et_EE\" \/>\n<meta property=\"og:type\" content=\"article\" \/>\n<meta property=\"og:title\" content=\"Kreem kombineeritud nahale | Bio Phyto Balancing Cream\" \/>\n<meta property=\"og:description\" content=\"Kreem kombineeritud nahale Bio Phyto Balancing Cream aitab tasakaalustada rasusust T-tsoonis ja hoiab naha niisutatuna.\" \/>\n<meta property=\"og:url\" content=\"https:\/\/christinakosmeetika.ee\/et\/kreem-kombineeritud-nahale-bio-phyto-balancing-cream\/\" \/>\n<meta property=\"og:site_name\" content=\"Christinakosmeetika\" \/>\n<meta property=\"article:modified_time\" content=\"2026-03-14T12:33:12+00:00\" \/>\n<meta name=\"twitter:card\" content=\"summary_large_image\" \/>\n<meta name=\"twitter:label1\" content=\"Est. reading time\" \/>\n\t<meta name=\"twitter:data1\" content=\"3 minutit\" \/>\n<script type=\"application\/ld+json\" class=\"yoast-schema-graph\">{\"@context\":\"https:\\\/\\\/schema.org\",\"@graph\":[{\"@type\":\"WebPage\",\"@id\":\"https:\\\/\\\/christinakosmeetika.ee\\\/et\\\/kreem-kombineeritud-nahale-bio-phyto-balancing-cream\\\/\",\"url\":\"https:\\\/\\\/christinakosmeetika.ee\\\/et\\\/kreem-kombineeritud-nahale-bio-phyto-balancing-cream\\\/\",\"name\":\"Kreem kombineeritud nahale | Bio Phyto Balancing Cream\",\"isPartOf\":{\"@id\":\"https:\\\/\\\/christinakosmeetika.ee\\\/#website\"},\"datePublished\":\"2025-12-27T18:40:45+00:00\",\"dateModified\":\"2026-03-14T12:33:12+00:00\",\"description\":\"Kreem kombineeritud nahale Bio Phyto Balancing Cream aitab tasakaalustada rasusust T-tsoonis ja hoiab naha niisutatuna.\",\"breadcrumb\":{\"@id\":\"https:\\\/\\\/christinakosmeetika.ee\\\/et\\\/kreem-kombineeritud-nahale-bio-phyto-balancing-cream\\\/#breadcrumb\"},\"inLanguage\":\"et\",\"potentialAction\":[{\"@type\":\"ReadAction\",\"target\":[\"https:\\\/\\\/christinakosmeetika.ee\\\/et\\\/kreem-kombineeritud-nahale-bio-phyto-balancing-cream\\\/\"]}]},{\"@type\":\"BreadcrumbList\",\"@id\":\"https:\\\/\\\/christinakosmeetika.ee\\\/et\\\/kreem-kombineeritud-nahale-bio-phyto-balancing-cream\\\/#breadcrumb\",\"itemListElement\":[{\"@type\":\"ListItem\",\"position\":1,\"name\":\"\u0413\u043b\u0430\u0432\u043d\u0430\u044f \u0441\u0442\u0440\u0430\u043d\u0438\u0446\u0430\",\"item\":\"https:\\\/\\\/christinakosmeetika.ee\\\/et\\\/\"},{\"@type\":\"ListItem\",\"position\":2,\"name\":\"Kreem kombineeritud ja tundlikule nahale Bio Phyto Balancing Cream\"}]},{\"@type\":\"WebSite\",\"@id\":\"https:\\\/\\\/christinakosmeetika.ee\\\/#website\",\"url\":\"https:\\\/\\\/christinakosmeetika.ee\\\/\",\"name\":\"Christinakosmeetika\",\"description\":\"Christina kosmeetika Eestis\",\"alternateName\":\"Christina kosmeetika Eestis\",\"potentialAction\":[{\"@type\":\"SearchAction\",\"target\":{\"@type\":\"EntryPoint\",\"urlTemplate\":\"https:\\\/\\\/christinakosmeetika.ee\\\/?s={search_term_string}\"},\"query-input\":{\"@type\":\"PropertyValueSpecification\",\"valueRequired\":true,\"valueName\":\"search_term_string\"}}],\"inLanguage\":\"et\"}]}<\/script>\n<!-- \/ Yoast SEO plugin. -->","yoast_head_json":{"title":"Kreem kombineeritud nahale | Bio Phyto Balancing Cream","description":"Kreem kombineeritud nahale Bio Phyto Balancing Cream aitab tasakaalustada rasusust T-tsoonis ja hoiab naha niisutatuna.","robots":{"index":"index","follow":"follow","max-snippet":"max-snippet:-1","max-image-preview":"max-image-preview:large","max-video-preview":"max-video-preview:-1"},"canonical":"https:\/\/christinakosmeetika.ee\/et\/kreem-kombineeritud-nahale-bio-phyto-balancing-cream\/","og_locale":"et_EE","og_type":"article","og_title":"Kreem kombineeritud nahale | Bio Phyto Balancing Cream","og_description":"Kreem kombineeritud nahale Bio Phyto Balancing Cream aitab tasakaalustada rasusust T-tsoonis ja hoiab naha niisutatuna.","og_url":"https:\/\/christinakosmeetika.ee\/et\/kreem-kombineeritud-nahale-bio-phyto-balancing-cream\/","og_site_name":"Christinakosmeetika","article_modified_time":"2026-03-14T12:33:12+00:00","twitter_card":"summary_large_image","twitter_misc":{"Est. reading time":"3 minutit"},"schema":{"@context":"https:\/\/schema.org","@graph":[{"@type":"WebPage","@id":"https:\/\/christinakosmeetika.ee\/et\/kreem-kombineeritud-nahale-bio-phyto-balancing-cream\/","url":"https:\/\/christinakosmeetika.ee\/et\/kreem-kombineeritud-nahale-bio-phyto-balancing-cream\/","name":"Kreem kombineeritud nahale | Bio Phyto Balancing Cream","isPartOf":{"@id":"https:\/\/christinakosmeetika.ee\/#website"},"datePublished":"2025-12-27T18:40:45+00:00","dateModified":"2026-03-14T12:33:12+00:00","description":"Kreem kombineeritud nahale Bio Phyto Balancing Cream aitab tasakaalustada rasusust T-tsoonis ja hoiab naha niisutatuna.","breadcrumb":{"@id":"https:\/\/christinakosmeetika.ee\/et\/kreem-kombineeritud-nahale-bio-phyto-balancing-cream\/#breadcrumb"},"inLanguage":"et","potentialAction":[{"@type":"ReadAction","target":["https:\/\/christinakosmeetika.ee\/et\/kreem-kombineeritud-nahale-bio-phyto-balancing-cream\/"]}]},{"@type":"BreadcrumbList","@id":"https:\/\/christinakosmeetika.ee\/et\/kreem-kombineeritud-nahale-bio-phyto-balancing-cream\/#breadcrumb","itemListElement":[{"@type":"ListItem","position":1,"name":"\u0413\u043b\u0430\u0432\u043d\u0430\u044f \u0441\u0442\u0440\u0430\u043d\u0438\u0446\u0430","item":"https:\/\/christinakosmeetika.ee\/et\/"},{"@type":"ListItem","position":2,"name":"Kreem kombineeritud ja tundlikule nahale Bio Phyto Balancing Cream"}]},{"@type":"WebSite","@id":"https:\/\/christinakosmeetika.ee\/#website","url":"https:\/\/christinakosmeetika.ee\/","name":"Christinakosmeetika","description":"Christina kosmeetika Eestis","alternateName":"Christina kosmeetika Eestis","potentialAction":[{"@type":"SearchAction","target":{"@type":"EntryPoint","urlTemplate":"https:\/\/christinakosmeetika.ee\/?s={search_term_string}"},"query-input":{"@type":"PropertyValueSpecification","valueRequired":true,"valueName":"search_term_string"}}],"inLanguage":"et"}]}},"_links":{"self":[{"href":"https:\/\/christinakosmeetika.ee\/et\/wp-json\/wp\/v2\/pages\/10447","targetHints":{"allow":["GET"]}}],"collection":[{"href":"https:\/\/christinakosmeetika.ee\/et\/wp-json\/wp\/v2\/pages"}],"about":[{"href":"https:\/\/christinakosmeetika.ee\/et\/wp-json\/wp\/v2\/types\/page"}],"author":[{"embeddable":true,"href":"https:\/\/christinakosmeetika.ee\/et\/wp-json\/wp\/v2\/users\/2"}],"replies":[{"embeddable":true,"href":"https:\/\/christinakosmeetika.ee\/et\/wp-json\/wp\/v2\/comments?post=10447"}],"version-history":[{"count":0,"href":"https:\/\/christinakosmeetika.ee\/et\/wp-json\/wp\/v2\/pages\/10447\/revisions"}],"wp:attachment":[{"href":"https:\/\/christinakosmeetika.ee\/et\/wp-json\/wp\/v2\/media?parent=10447"}],"curies":[{"name":"wp","href":"https:\/\/api.w.org\/{rel}","templated":true}]}}