{"id":10348,"date":"2025-12-27T00:26:10","date_gmt":"2025-12-26T22:26:10","guid":{"rendered":"https:\/\/christinakosmeetika.ee\/mild-cleansing-philosophy\/"},"modified":"2026-01-30T12:11:40","modified_gmt":"2026-01-30T10:11:40","slug":"mild-cleansing-philosophy","status":"publish","type":"page","link":"https:\/\/christinakosmeetika.ee\/et\/mild-cleansing-philosophy\/","title":{"rendered":"Bio Phyto Mild Facial Cleanser"},"content":{"rendered":"<div id='av-layout-grid-1'  class='av-layout-grid-container av-1qks6q2-7a4aa5d4cb6c3c427242b56951c89bf4 entry-content-wrapper main_color av-flex-cells  avia-builder-el-0  avia-builder-el-no-sibling   container_wrap sidebar_right'  >\n<div class='flex_cell av-4qa6yy-d2a20e9ab607e6b0ac227abf1fab082a av-gridrow-cell av_one_half no_margin  avia-builder-el-1  el_before_av_cell_one_half  avia-builder-el-first '  ><div class='flex_cell_inner'>\n<style type=\"text\/css\" data-created_by=\"avia_inline_auto\" id=\"style-css-av-mjng5bzh-769ab3cc99cb5cf0f51e77e74557185d\">\n.avia-image-container.av-mjng5bzh-769ab3cc99cb5cf0f51e77e74557185d img.avia_image{\nbox-shadow:none;\n}\n.avia-image-container.av-mjng5bzh-769ab3cc99cb5cf0f51e77e74557185d .av-image-caption-overlay-center{\ncolor:#ffffff;\n}\n<\/style>\n<div  class='avia-image-container av-mjng5bzh-769ab3cc99cb5cf0f51e77e74557185d av-styling- avia-align-center  avia-builder-el-2  avia-builder-el-no-sibling '   itemprop=\"image\" itemscope=\"itemscope\" itemtype=\"https:\/\/schema.org\/ImageObject\" ><div class=\"avia-image-container-inner\"><div class=\"avia-image-overlay-wrap\"><img decoding=\"async\" fetchpriority=\"high\" class='wp-image-10353 avia-img-lazy-loading-not-10353 avia_image ' src=\"https:\/\/christinakosmeetika.ee\/wp-content\/uploads\/2025\/12\/20251227_1142_Minimalist-Skincare-Display_remix_01kdfjym9sf1mthax4yzx6ybff-1.png\" alt='' title='20251227_1142_Minimalist Skincare Display_remix_01kdfjym9sf1mthax4yzx6ybff (1)'  height=\"1536\" width=\"1024\"  itemprop=\"thumbnailUrl\" srcset=\"https:\/\/christinakosmeetika.ee\/wp-content\/uploads\/2025\/12\/20251227_1142_Minimalist-Skincare-Display_remix_01kdfjym9sf1mthax4yzx6ybff-1.png 1024w, https:\/\/christinakosmeetika.ee\/wp-content\/uploads\/2025\/12\/20251227_1142_Minimalist-Skincare-Display_remix_01kdfjym9sf1mthax4yzx6ybff-1-600x900.png 600w, https:\/\/christinakosmeetika.ee\/wp-content\/uploads\/2025\/12\/20251227_1142_Minimalist-Skincare-Display_remix_01kdfjym9sf1mthax4yzx6ybff-1-64x96.png 64w, https:\/\/christinakosmeetika.ee\/wp-content\/uploads\/2025\/12\/20251227_1142_Minimalist-Skincare-Display_remix_01kdfjym9sf1mthax4yzx6ybff-1-200x300.png 200w, https:\/\/christinakosmeetika.ee\/wp-content\/uploads\/2025\/12\/20251227_1142_Minimalist-Skincare-Display_remix_01kdfjym9sf1mthax4yzx6ybff-1-687x1030.png 687w, https:\/\/christinakosmeetika.ee\/wp-content\/uploads\/2025\/12\/20251227_1142_Minimalist-Skincare-Display_remix_01kdfjym9sf1mthax4yzx6ybff-1-768x1152.png 768w, https:\/\/christinakosmeetika.ee\/wp-content\/uploads\/2025\/12\/20251227_1142_Minimalist-Skincare-Display_remix_01kdfjym9sf1mthax4yzx6ybff-1-1000x1500.png 1000w, https:\/\/christinakosmeetika.ee\/wp-content\/uploads\/2025\/12\/20251227_1142_Minimalist-Skincare-Display_remix_01kdfjym9sf1mthax4yzx6ybff-1-470x705.png 470w, https:\/\/christinakosmeetika.ee\/wp-content\/uploads\/2025\/12\/20251227_1142_Minimalist-Skincare-Display_remix_01kdfjym9sf1mthax4yzx6ybff-1-450x675.png 450w\" sizes=\"(max-width: 1024px) 100vw, 1024px\" \/><\/div><\/div><\/div>\n<\/div><\/div><div class='flex_cell av-kwuuei-668442a6a6b49aaee367aa90368e2e94 av-gridrow-cell av_one_half no_margin  avia-builder-el-3  el_after_av_cell_one_half  avia-builder-el-last '  ><div class='flex_cell_inner'><section  class='av_textblock_section av-mjnfwr9s-653d866bf564228f6c15b2ae80f67a87 '   itemscope=\"itemscope\" itemtype=\"https:\/\/schema.org\/CreativeWork\" ><div class='avia_textblock'  itemprop=\"text\" ><h1 data-start=\"0\" data-end=\"81\">\u00d5rn n\u00e4opuhastusvahend<\/h1>\n<h2 data-start=\"0\" data-end=\"81\">Bio Phyto Mild Facial Cleanser<\/h2>\n<p data-start=\"0\" data-end=\"81\">Puhastamine on igap\u00e4evase nahahoolduse alus.<br data-start=\"127\" data-end=\"130\" \/>Just sellest algab naha kokkupuude kosmeetika, vee ja puudutusega. See, milline see etapp on, m\u00f5jutab suuresti \u00fcldist mugavustunnet ja naha valmisolekut edasiseks hoolduseks.<\/p>\n<p data-start=\"306\" data-end=\"546\"><strong>Bio Phyto Mild Facial Cleanser<\/strong> on loodud kui \u00f5rn puhastusgeel regulaarseks kasutamiseks. Selle valem on m\u00f5eldud naha delikaatseks puhastamiseks ilma kuivuse ja kiskuvustundeta, s\u00e4ilitades loomuliku tasakaalu ja mugavustunde p\u00e4rast pesemist.<\/p>\n<h3 data-start=\"548\" data-end=\"586\">Millal eelistatakse \u00f5rna puhastusviisi<\/h3>\n<p data-start=\"588\" data-end=\"899\">Erinevatel perioodidel v\u00f5ib nahk hooldusele erinevalt reageerida.<br data-start=\"653\" data-end=\"656\" \/>M\u00f5nikord vajab ta aktiivsemat puhastamist, m\u00f5nikord rahulikumat ja neutraalsemat l\u00e4henemist. Bio Phyto Mild Facial Cleanser kuulub nende toodete hulka, mida valitakse siis, kui igap\u00e4evases hoolduses on oluline pehmus, etteaimatavus ja mugavus.<\/p>\n<p data-start=\"901\" data-end=\"1087\">Geel eemaldab \u00f5rnalt pindmise mustuse, liigse rasu ja meigij\u00e4\u00e4gid, koormamata nahka ega tekitamata \u201e\u00fclepuhastamise\u201c tunnet. P\u00e4rast pesemist j\u00e4\u00e4b nahk puhas, pehme ja visuaalselt rahulik.<\/p>\n<h3 data-start=\"1089\" data-end=\"1142\">Bio Phyto Mild Facial Cleanseri roll hoolduss\u00fcsteemis<\/h3>\n<p data-start=\"1144\" data-end=\"1365\">Bio Phyto Mild Facial Cleanser ei p\u00fc\u00fca tekitada aktiivse m\u00f5ju tunnet.<br data-start=\"1213\" data-end=\"1216\" \/>Selle eesm\u00e4rk on pakkuda korrektset ja f\u00fcsioloogilist puhastust, mis sobitub loomulikult igap\u00e4evasesse rutiini ega n\u00f5ua nahalt t\u00e4iendavat kohanemist.<\/p>\n<p data-start=\"1367\" data-end=\"1541\">P\u00e4rast geeli kasutamist tundub nahk \u00fchtlane ja hoolitsetud, ilma j\u00e4rsu kontrastita enne ja p\u00e4rast pesemist. See muudab j\u00e4rgmised hooldusetapid mugavamaks ja etteaimatavamaks.<\/p>\n<h3 data-start=\"1543\" data-end=\"1562\">Kuidas valem toimib<\/h3>\n<p data-start=\"1564\" data-end=\"1708\">Bio Phyto Mild Facial Cleanseri valem p\u00f5hineb \u00f5rnadel puhastavatel komponentidel ja taimsetel ekstraktidel, mis toetavad nahka puhastamise ajal.<\/p>\n<p data-start=\"1710\" data-end=\"2019\">N\u00f5iapuu ekstrakt aitab s\u00e4ilitada naha toonust ja v\u00e4rskustunnet.<br data-start=\"1773\" data-end=\"1776\" \/>Kurgiekstrakt soodustab naha niisutatust ja pehmust.<br data-start=\"1828\" data-end=\"1831\" \/>Roheline tee t\u00e4idab antioks\u00fcdantset funktsiooni ja aitab nahal toime tulla igap\u00e4evaste v\u00e4liste teguritega.<br data-start=\"1937\" data-end=\"1940\" \/>Gl\u00fctseriin toetab niiskustaset ja aitab s\u00e4ilitada mugavustunde p\u00e4rast pesemist.<\/p>\n<p data-start=\"2021\" data-end=\"2140\">Koostisosade kombinatsioon v\u00f5imaldab geeli kasutada igap\u00e4evaselt \u2014 hommikul ja \u00f5htul \u2014 ilma naha \u00fclekoormamise tundeta.<\/p>\n<p data-start=\"2142\" data-end=\"2188\">Miks \u00f5rn puhastamine on oluline kui l\u00e4henemine<\/p>\n<p data-start=\"2190\" data-end=\"2454\">\u00d5rn puhastamine ei t\u00e4henda t\u00f5hususest loobumist, vaid tasakaalustatud hooldusviisi valikut.<br data-start=\"2281\" data-end=\"2284\" \/>Bio Phyto Mild Facial Cleanser toimib ettevaatlikult ja j\u00e4rjepidevalt, hoides naha stabiilses seisundis ja s\u00e4ilitades selle loomulikud aistingud p\u00e4rast kokkupuudet veega.<\/p>\n<p data-start=\"2456\" data-end=\"2573\">Aja jooksul aitab selline l\u00e4henemine hoida naha \u00fchtlast ja rahulikku seisundit ning muudab hoolduse harmoonilisemaks.<\/p>\n<p data-start=\"2575\" data-end=\"2627\">Millal Bio Phyto Mild Facial Cleanser on eriti sobiv<\/p>\n<p data-start=\"2629\" data-end=\"2696\">Toode sobib igap\u00e4evaseks kasutamiseks ja on valik, kui olulised on:<\/p>\n<p data-start=\"2698\" data-end=\"2726\">mugavustunne p\u00e4rast pesemist<\/p>\n<p data-start=\"2728\" data-end=\"2758\">\u00f5rn ja etteaimatav puhastamine<\/p>\n<p data-start=\"2760\" data-end=\"2810\">naha korrektne ettevalmistus j\u00e4rgnevaks hoolduseks<\/p>\n<p data-start=\"2812\" data-end=\"2854\">neutraalne ja tasakaalustatud puhastusviis<\/p>\n<p data-start=\"2856\" data-end=\"3090\" data-is-last-node=\"\" data-is-only-node=\"\">Bio Phyto Mild Facial Cleanser on puhastusgeel, mis t\u00e4idab oma \u00fclesande rahulikult ja kindlalt.<br data-start=\"2951\" data-end=\"2954\" \/>See ei vaidle nahaga ega sea talle r\u00fctmi, vaid sobitub loomulikult igap\u00e4evasesse hooldusse, s\u00e4ilitades puhtuse, pehmuse ja mugavustunde.<\/p>\n<\/div><\/section><br \/>\n<div  class='avia-button-wrap av-mjng2by8-66d99dc425f9093f601fc08160c5c495-wrap avia-button-center  avia-builder-el-5  el_after_av_textblock  el_before_av_button '><a href='https:\/\/christinakosmeetika.ee\/et\/toode\/bio-phyto-mild-facial-cleanser-et-2\/'  class='avia-button av-mjng2by8-66d99dc425f9093f601fc08160c5c495 av-link-btn avia-icon_select-no avia-size-small avia-position-center avia-color-theme-color'   aria-label=\"Osta\"><span class='avia_iconbox_title' >Osta<\/span><\/a><\/div><br \/>\n<div  class='avia-button-wrap av-mjng3mq8-2fb851de6d1fff2afa59d5bbd74f2c4b-wrap avia-button-center  avia-builder-el-6  el_after_av_button  avia-builder-el-last '><a href='https:\/\/christinakosmeetika.ee\/en\/shop\/?filter_linii-kosmetiki=bio-phyto-en'  class='avia-button av-mjng3mq8-2fb851de6d1fff2afa59d5bbd74f2c4b av-link-btn avia-icon_select-no avia-size-small avia-position-center avia-color-theme-color'   aria-label=\"Tagasi sarja\"><span class='avia_iconbox_title' >Tagasi sarja<\/span><\/a><\/div><\/p>\n<\/div><\/div><\/div>\n","protected":false},"excerpt":{"rendered":"","protected":false},"author":2,"featured_media":0,"parent":0,"menu_order":0,"comment_status":"open","ping_status":"closed","template":"","meta":{"footnotes":""},"class_list":["post-10348","page","type-page","status-publish","hentry"],"yoast_head":"<!-- This site is optimized with the Yoast SEO plugin v27.5 - https:\/\/yoast.com\/product\/yoast-seo-wordpress\/ -->\n<title>\u00d5rn n\u00e4opuhastusgeel Bio Phyto Mild Facial Cleanser<\/title>\n<meta name=\"description\" content=\"\u00d5rn n\u00e4opuhastusgeel Bio Phyto Mild Facial Cleanser. \u00d5rn naha puhastamine ja mugavustunne p\u00e4rast pesemist.\" \/>\n<meta name=\"robots\" content=\"index, follow, max-snippet:-1, max-image-preview:large, max-video-preview:-1\" \/>\n<link rel=\"canonical\" href=\"https:\/\/christinakosmeetika.ee\/et\/mild-cleansing-philosophy\/\" \/>\n<meta property=\"og:locale\" content=\"et_EE\" \/>\n<meta property=\"og:type\" content=\"article\" \/>\n<meta property=\"og:title\" content=\"\u00d5rn n\u00e4opuhastusgeel Bio Phyto Mild Facial Cleanser\" \/>\n<meta property=\"og:description\" content=\"\u00d5rn n\u00e4opuhastusgeel Bio Phyto Mild Facial Cleanser. \u00d5rn naha puhastamine ja mugavustunne p\u00e4rast pesemist.\" \/>\n<meta property=\"og:url\" content=\"https:\/\/christinakosmeetika.ee\/et\/mild-cleansing-philosophy\/\" \/>\n<meta property=\"og:site_name\" content=\"Christinakosmeetika\" \/>\n<meta property=\"article:modified_time\" content=\"2026-01-30T10:11:40+00:00\" \/>\n<meta name=\"twitter:card\" content=\"summary_large_image\" \/>\n<meta name=\"twitter:label1\" content=\"Est. reading time\" \/>\n\t<meta name=\"twitter:data1\" content=\"3 minutit\" \/>\n<script type=\"application\/ld+json\" class=\"yoast-schema-graph\">{\"@context\":\"https:\\\/\\\/schema.org\",\"@graph\":[{\"@type\":\"WebPage\",\"@id\":\"https:\\\/\\\/christinakosmeetika.ee\\\/et\\\/mild-cleansing-philosophy\\\/\",\"url\":\"https:\\\/\\\/christinakosmeetika.ee\\\/et\\\/mild-cleansing-philosophy\\\/\",\"name\":\"\u00d5rn n\u00e4opuhastusgeel Bio Phyto Mild Facial Cleanser\",\"isPartOf\":{\"@id\":\"https:\\\/\\\/christinakosmeetika.ee\\\/#website\"},\"datePublished\":\"2025-12-26T22:26:10+00:00\",\"dateModified\":\"2026-01-30T10:11:40+00:00\",\"description\":\"\u00d5rn n\u00e4opuhastusgeel Bio Phyto Mild Facial Cleanser. \u00d5rn naha puhastamine ja mugavustunne p\u00e4rast pesemist.\",\"breadcrumb\":{\"@id\":\"https:\\\/\\\/christinakosmeetika.ee\\\/et\\\/mild-cleansing-philosophy\\\/#breadcrumb\"},\"inLanguage\":\"et\",\"potentialAction\":[{\"@type\":\"ReadAction\",\"target\":[\"https:\\\/\\\/christinakosmeetika.ee\\\/et\\\/mild-cleansing-philosophy\\\/\"]}]},{\"@type\":\"BreadcrumbList\",\"@id\":\"https:\\\/\\\/christinakosmeetika.ee\\\/et\\\/mild-cleansing-philosophy\\\/#breadcrumb\",\"itemListElement\":[{\"@type\":\"ListItem\",\"position\":1,\"name\":\"\u0413\u043b\u0430\u0432\u043d\u0430\u044f \u0441\u0442\u0440\u0430\u043d\u0438\u0446\u0430\",\"item\":\"https:\\\/\\\/christinakosmeetika.ee\\\/et\\\/\"},{\"@type\":\"ListItem\",\"position\":2,\"name\":\"Bio Phyto Mild Facial Cleanser\"}]},{\"@type\":\"WebSite\",\"@id\":\"https:\\\/\\\/christinakosmeetika.ee\\\/#website\",\"url\":\"https:\\\/\\\/christinakosmeetika.ee\\\/\",\"name\":\"Christinakosmeetika\",\"description\":\"Christina kosmeetika Eestis\",\"alternateName\":\"Christina kosmeetika Eestis\",\"potentialAction\":[{\"@type\":\"SearchAction\",\"target\":{\"@type\":\"EntryPoint\",\"urlTemplate\":\"https:\\\/\\\/christinakosmeetika.ee\\\/?s={search_term_string}\"},\"query-input\":{\"@type\":\"PropertyValueSpecification\",\"valueRequired\":true,\"valueName\":\"search_term_string\"}}],\"inLanguage\":\"et\"}]}<\/script>\n<!-- \/ Yoast SEO plugin. -->","yoast_head_json":{"title":"\u00d5rn n\u00e4opuhastusgeel Bio Phyto Mild Facial Cleanser","description":"\u00d5rn n\u00e4opuhastusgeel Bio Phyto Mild Facial Cleanser. \u00d5rn naha puhastamine ja mugavustunne p\u00e4rast pesemist.","robots":{"index":"index","follow":"follow","max-snippet":"max-snippet:-1","max-image-preview":"max-image-preview:large","max-video-preview":"max-video-preview:-1"},"canonical":"https:\/\/christinakosmeetika.ee\/et\/mild-cleansing-philosophy\/","og_locale":"et_EE","og_type":"article","og_title":"\u00d5rn n\u00e4opuhastusgeel Bio Phyto Mild Facial Cleanser","og_description":"\u00d5rn n\u00e4opuhastusgeel Bio Phyto Mild Facial Cleanser. \u00d5rn naha puhastamine ja mugavustunne p\u00e4rast pesemist.","og_url":"https:\/\/christinakosmeetika.ee\/et\/mild-cleansing-philosophy\/","og_site_name":"Christinakosmeetika","article_modified_time":"2026-01-30T10:11:40+00:00","twitter_card":"summary_large_image","twitter_misc":{"Est. reading time":"3 minutit"},"schema":{"@context":"https:\/\/schema.org","@graph":[{"@type":"WebPage","@id":"https:\/\/christinakosmeetika.ee\/et\/mild-cleansing-philosophy\/","url":"https:\/\/christinakosmeetika.ee\/et\/mild-cleansing-philosophy\/","name":"\u00d5rn n\u00e4opuhastusgeel Bio Phyto Mild Facial Cleanser","isPartOf":{"@id":"https:\/\/christinakosmeetika.ee\/#website"},"datePublished":"2025-12-26T22:26:10+00:00","dateModified":"2026-01-30T10:11:40+00:00","description":"\u00d5rn n\u00e4opuhastusgeel Bio Phyto Mild Facial Cleanser. \u00d5rn naha puhastamine ja mugavustunne p\u00e4rast pesemist.","breadcrumb":{"@id":"https:\/\/christinakosmeetika.ee\/et\/mild-cleansing-philosophy\/#breadcrumb"},"inLanguage":"et","potentialAction":[{"@type":"ReadAction","target":["https:\/\/christinakosmeetika.ee\/et\/mild-cleansing-philosophy\/"]}]},{"@type":"BreadcrumbList","@id":"https:\/\/christinakosmeetika.ee\/et\/mild-cleansing-philosophy\/#breadcrumb","itemListElement":[{"@type":"ListItem","position":1,"name":"\u0413\u043b\u0430\u0432\u043d\u0430\u044f \u0441\u0442\u0440\u0430\u043d\u0438\u0446\u0430","item":"https:\/\/christinakosmeetika.ee\/et\/"},{"@type":"ListItem","position":2,"name":"Bio Phyto Mild Facial Cleanser"}]},{"@type":"WebSite","@id":"https:\/\/christinakosmeetika.ee\/#website","url":"https:\/\/christinakosmeetika.ee\/","name":"Christinakosmeetika","description":"Christina kosmeetika Eestis","alternateName":"Christina kosmeetika Eestis","potentialAction":[{"@type":"SearchAction","target":{"@type":"EntryPoint","urlTemplate":"https:\/\/christinakosmeetika.ee\/?s={search_term_string}"},"query-input":{"@type":"PropertyValueSpecification","valueRequired":true,"valueName":"search_term_string"}}],"inLanguage":"et"}]}},"_links":{"self":[{"href":"https:\/\/christinakosmeetika.ee\/et\/wp-json\/wp\/v2\/pages\/10348","targetHints":{"allow":["GET"]}}],"collection":[{"href":"https:\/\/christinakosmeetika.ee\/et\/wp-json\/wp\/v2\/pages"}],"about":[{"href":"https:\/\/christinakosmeetika.ee\/et\/wp-json\/wp\/v2\/types\/page"}],"author":[{"embeddable":true,"href":"https:\/\/christinakosmeetika.ee\/et\/wp-json\/wp\/v2\/users\/2"}],"replies":[{"embeddable":true,"href":"https:\/\/christinakosmeetika.ee\/et\/wp-json\/wp\/v2\/comments?post=10348"}],"version-history":[{"count":0,"href":"https:\/\/christinakosmeetika.ee\/et\/wp-json\/wp\/v2\/pages\/10348\/revisions"}],"wp:attachment":[{"href":"https:\/\/christinakosmeetika.ee\/et\/wp-json\/wp\/v2\/media?parent=10348"}],"curies":[{"name":"wp","href":"https:\/\/api.w.org\/{rel}","templated":true}]}}