{"id":10200,"date":"2025-12-15T21:22:01","date_gmt":"2025-12-15T19:22:01","guid":{"rendered":"https:\/\/christinakosmeetika.ee\/rose-de-mer\/"},"modified":"2026-01-11T07:43:25","modified_gmt":"2026-01-11T05:43:25","slug":"rose-de-mer","status":"publish","type":"page","link":"https:\/\/christinakosmeetika.ee\/et\/rose-de-mer\/","title":{"rendered":"Rose de Mer"},"content":{"rendered":"<div id='av-layout-grid-1'  class='av-layout-grid-container av-67g6z5-71d57be083fd55b9a934709f2bdb86a9 entry-content-wrapper main_color av-flex-cells  avia-builder-el-0  avia-builder-el-no-sibling   container_wrap sidebar_right'  >\n<div class='flex_cell av-4couwx-a88e85e23dfd0d6476b76aa306bb4ec1 av-gridrow-cell av_one_half no_margin  avia-builder-el-1  el_before_av_cell_one_half  avia-builder-el-first '  ><div class='flex_cell_inner'>\n<style type=\"text\/css\" data-created_by=\"avia_inline_auto\" id=\"style-css-av-mj6yiyft-7664f14b4179240f004eb031d0ce6f09\">\n.avia-video.av-mj6yiyft-7664f14b4179240f004eb031d0ce6f09{\nbackground-image:url(https:\/\/christinakosmeetika.ee\/wp-content\/uploads\/2025\/12\/rd.jpg);\n}\n<\/style>\n<div  class='avia-video av-mj6yiyft-7664f14b4179240f004eb031d0ce6f09 avia-video-16-9 av-preview-image avia-video-load-always avia-video-html5'  itemprop=\"video\" itemtype=\"https:\/\/schema.org\/VideoObject\"  data-original_url='https:\/\/christinakosmeetika.ee\/wp-content\/uploads\/2025\/12\/Rdm-Rus.mp4'><video class='avia_video' poster=\"https:\/\/christinakosmeetika.ee\/wp-content\/uploads\/2025\/12\/rd.jpg\"   preload=\"auto\"  controls id='player_10200_280234002_1148823479'><source src='https:\/\/christinakosmeetika.ee\/wp-content\/uploads\/2025\/12\/Rdm-Rus.mp4' type='video\/mp4' \/><\/video><\/div>\n<\/div><\/div><div class='flex_cell av-3agm5t-5fa70d58fbd4580789186d78dadcf3dc av-gridrow-cell av_one_half no_margin  avia-builder-el-3  el_after_av_cell_one_half  avia-builder-el-last '  ><div class='flex_cell_inner'><section  class='av_textblock_section av-mj6yjs46-3a0da52e4bfdab0acd4fb10785ab8962 '   itemscope=\"itemscope\" itemtype=\"https:\/\/schema.org\/CreativeWork\" ><div class='avia_textblock'  itemprop=\"text\" ><h3 data-start=\"0\" data-end=\"47\"><strong data-start=\"0\" data-end=\"47\">Kellele on ROSE DE MER kollektsioon m\u00f5eldud<\/strong><\/h3>\n<p data-start=\"49\" data-end=\"251\">ROSE DE MER on professionaalse taseme kollektsioon, mis on m\u00f5eldud kasutamiseks ainult salongiprotseduurides spetsialisti j\u00e4relvalve all, samuti hoolikalt valitud koduseks hoolduseks taastumisperioodil.<\/p>\n<p data-start=\"253\" data-end=\"286\">Sari sobib nahale, millel esineb:<\/p>\n<ul>\n<li data-start=\"288\" data-end=\"538\">v\u00e4ljendunud pigmentatsioon;<\/li>\n<li data-start=\"288\" data-end=\"538\">akne ja postakne;<\/li>\n<li data-start=\"288\" data-end=\"538\">armid ja eba\u00fchtlane nahareljeef;<\/li>\n<li data-start=\"288\" data-end=\"538\">paksenenud sarvkiht ja h\u00fcperkeratoos;<\/li>\n<li data-start=\"288\" data-end=\"538\">vanusega seotud muutused;<\/li>\n<li data-start=\"288\" data-end=\"538\">tuhm ja eba\u00fchtlane nahatoon;<\/li>\n<li data-start=\"288\" data-end=\"538\">vajadus s\u00fcgavaks uuenemiseks ja regeneratsiooni taask\u00e4ivitamiseks.<\/li>\n<\/ul>\n<h3 data-start=\"540\" data-end=\"572\"><strong data-start=\"540\" data-end=\"572\">ROSE DE MER kasutamise efekt<\/strong><\/h3>\n<p data-start=\"574\" data-end=\"797\">ROSE DE MER pakub v\u00e4ljendunud naha uuenemise efekti: paraneb naha tekstuur, toon \u00fchtlustub ning v\u00e4heneb pigmentatsiooni, postakne j\u00e4lgede ja armistumise n\u00e4htavus. Nahk muutub siledamaks, tihedamaks ja visuaalselt uuenenuks.<\/p>\n<p data-start=\"799\" data-end=\"944\">ROSE DE MER protseduurid stimuleerivad naha loomulikke taastumisprotsesse, k\u00e4ivitades aktiivse regeneratsiooni ilma agressiivse keemilise m\u00f5juta.<\/p>\n<h3 data-start=\"946\" data-end=\"969\"><strong data-start=\"946\" data-end=\"969\">ROSE DE MER eelised<\/strong><\/h3>\n<p data-start=\"971\" data-end=\"1094\"><strong data-start=\"971\" data-end=\"998\">Loomulik naha uuenemine<\/strong><br data-start=\"998\" data-end=\"1001\" \/>P\u00f5hineb meremineraalidel, korallidel ja taimsetel komponentidel, ilma agressiivsete hapeteta.<\/p>\n<p data-start=\"1096\" data-end=\"1227\"><strong data-start=\"1096\" data-end=\"1139\">S\u00fcgav puhastus ja reljeefi \u00fchtlustamine<\/strong><br data-start=\"1139\" data-end=\"1142\" \/>Eemaldab surnud naharakud, soodustab epidermise uuenemist ja parandab naha tekstuuri.<\/p>\n<p data-start=\"1229\" data-end=\"1347\"><strong data-start=\"1229\" data-end=\"1275\">Pigmentatsiooni ja postakne korrigeerimine<\/strong><br data-start=\"1275\" data-end=\"1278\" \/>Aitab v\u00e4hendada pigmendilaikude, p\u00f5letikuj\u00e4lgede ja armide n\u00e4htavust.<\/p>\n<p data-start=\"1349\" data-end=\"1474\"><strong data-start=\"1349\" data-end=\"1383\">Regeneratsiooni stimuleerimine<\/strong><br data-start=\"1383\" data-end=\"1386\" \/>Aktiveerib naha uuenemis- ja taastumisprotsesse, parandades naha tihedust ja kvaliteeti.<\/p>\n<p data-start=\"1476\" data-end=\"1565\"><strong data-start=\"1476\" data-end=\"1499\">Pikaajaline tulemus<\/strong><br data-start=\"1499\" data-end=\"1502\" \/>Protseduuride efekt tugevneb ja p\u00fcsib \u00f5ige koduhoolduse korral.<\/p>\n<h3 data-start=\"1567\" data-end=\"1612\"><strong data-start=\"1567\" data-end=\"1612\">ROSE DE MER lahendab j\u00e4rgmised probleemid<\/strong><\/h3>\n<ul>\n<li data-start=\"1614\" data-end=\"1901\">v\u00e4hendab pigmentatsiooni ja \u00fchtlustab nahatooni;<\/li>\n<li data-start=\"1614\" data-end=\"1901\">korrigeerib postaknet ja armistunud muutusi;<\/li>\n<li data-start=\"1614\" data-end=\"1901\">parandab naha tekstuuri ja reljeefi;<\/li>\n<li data-start=\"1614\" data-end=\"1901\">stimuleerib epidermise uuenemist;<\/li>\n<li data-start=\"1614\" data-end=\"1901\">aktiveerib regeneratsiooniprotsesse;<\/li>\n<li data-start=\"1614\" data-end=\"1901\">parandab naha \u00fcldist kvaliteeti;<\/li>\n<li data-start=\"1614\" data-end=\"1901\">soodustab naha noorenemist ja uuenemist.<\/li>\n<\/ul>\n<h3 data-start=\"1903\" data-end=\"1928\"><strong data-start=\"1903\" data-end=\"1928\">Aktiivsed koostisosad<\/strong><\/h3>\n<p data-start=\"1930\" data-end=\"2036\"><strong data-start=\"1930\" data-end=\"1965\">Korallipulber ja meremineraalid<\/strong><br data-start=\"1965\" data-end=\"1968\" \/>Tagavad naha mehaanilise uuenemise ja stimuleerivad regeneratsiooni.<\/p>\n<p data-start=\"2038\" data-end=\"2144\"><strong data-start=\"2038\" data-end=\"2060\">Taimsed ekstraktid<\/strong><br data-start=\"2060\" data-end=\"2063\" \/>Toetavad naha taastumist ja v\u00e4hendavad reaktiivsust protseduurij\u00e4rgsel perioodil.<\/p>\n<p data-start=\"2146\" data-end=\"2248\"><strong data-start=\"2146\" data-end=\"2170\">Taastavad kompleksid<\/strong><br data-start=\"2170\" data-end=\"2173\" \/>Aitavad nahal kiiremini kohaneda ja taastuda p\u00e4rast intensiivset uuenemist.<\/p>\n<h3 data-start=\"2250\" data-end=\"2295\"><strong data-start=\"2250\" data-end=\"2295\">ROSE DE MER professionaalsed protseduurid<\/strong><\/h3>\n<p data-start=\"2297\" data-end=\"2413\">ROSE DE MER on v\u00f5imas professionaalne s\u00fcsteem, mis on loodud v\u00e4ljendunud esteetiliste nahaprobleemidega t\u00f6\u00f6tamiseks.<\/p>\n<p data-start=\"2415\" data-end=\"2454\">ROSE DE MER salongiprotokollid tagavad:<\/p>\n<ul>\n<li data-start=\"2456\" data-end=\"2642\">naha s\u00fcgava uuenemise;<\/li>\n<li data-start=\"2456\" data-end=\"2642\">naha tooni ja reljeefi \u00fchtlustamise;<\/li>\n<li data-start=\"2456\" data-end=\"2642\">pigmentatsiooni ja postakne v\u00e4henemise;<\/li>\n<li data-start=\"2456\" data-end=\"2642\">kudede regeneratsiooni stimuleerimise;<\/li>\n<li data-start=\"2456\" data-end=\"2642\">naha tiheduse ja kvaliteedi paranemise.<\/li>\n<\/ul>\n<p data-start=\"2644\" data-end=\"2729\">ROSE DE MER sarja koduhooldustooted kasutatakse taastumisperioodil ning need aitavad:<\/p>\n<ul>\n<li data-start=\"2731\" data-end=\"2846\">s\u00e4ilitada protseduuride tulemusi;<\/li>\n<li data-start=\"2731\" data-end=\"2846\">kiirendada naha taastumist;<\/li>\n<li data-start=\"2731\" data-end=\"2846\">hoida nahatooni \u00fchtlasena ja naha pinda siledana.<\/li>\n<\/ul>\n<\/div><\/section><br \/>\n<div  class='avia-button-wrap av-mj70l5u8-ad3074b0375ec920012ca07de55fa3f9-wrap avia-button-center  avia-builder-el-5  el_after_av_textblock  el_before_av_button '><a href='https:\/\/christinakosmeetika.ee\/et\/linii-cosmetici-christina-2\/'  class='avia-button av-mj70l5u8-ad3074b0375ec920012ca07de55fa3f9 av-link-btn avia-icon_select-no avia-size-small avia-position-center avia-color-theme-color'   aria-label=\"Tagasi liinidesse\"><span class='avia_iconbox_title' >Tagasi liinidesse<\/span><\/a><\/div><br \/>\n<div  class='avia-button-wrap av-mk9b1m1n-0a755ef5f1def8c0a5af1bc5c47ae833-wrap avia-button-center  avia-builder-el-6  el_after_av_button  avia-builder-el-last '><a href='https:\/\/christinakosmeetika.ee\/en\/shop\/?filter_linii-kosmetiki=bio-phyto-en'  class='avia-button av-mk9b1m1n-0a755ef5f1def8c0a5af1bc5c47ae833 av-link-btn avia-icon_select-no avia-size-small avia-position-center avia-color-theme-color'   aria-label=\"Osta\"><span class='avia_iconbox_title' >Osta<\/span><\/a><\/div><\/p>\n<\/div><\/div><\/div>\n","protected":false},"excerpt":{"rendered":"","protected":false},"author":2,"featured_media":0,"parent":0,"menu_order":0,"comment_status":"closed","ping_status":"closed","template":"","meta":{"footnotes":""},"class_list":["post-10200","page","type-page","status-publish","hentry"],"yoast_head":"<!-- This site is optimized with the Yoast SEO plugin v27.5 - https:\/\/yoast.com\/product\/yoast-seo-wordpress\/ -->\n<title>Rose de Mer - Christinakosmeetika<\/title>\n<meta name=\"robots\" content=\"index, follow, max-snippet:-1, max-image-preview:large, max-video-preview:-1\" \/>\n<link rel=\"canonical\" href=\"https:\/\/christinakosmeetika.ee\/et\/rose-de-mer\/\" \/>\n<meta property=\"og:locale\" content=\"et_EE\" \/>\n<meta property=\"og:type\" content=\"article\" \/>\n<meta property=\"og:title\" content=\"Rose de Mer - Christinakosmeetika\" \/>\n<meta property=\"og:url\" content=\"https:\/\/christinakosmeetika.ee\/et\/rose-de-mer\/\" \/>\n<meta property=\"og:site_name\" content=\"Christinakosmeetika\" \/>\n<meta property=\"article:modified_time\" content=\"2026-01-11T05:43:25+00:00\" \/>\n<meta name=\"twitter:card\" content=\"summary_large_image\" \/>\n<meta name=\"twitter:label1\" content=\"Est. reading time\" \/>\n\t<meta name=\"twitter:data1\" content=\"2 minutit\" \/>\n<script type=\"application\/ld+json\" class=\"yoast-schema-graph\">{\"@context\":\"https:\\\/\\\/schema.org\",\"@graph\":[{\"@type\":\"WebPage\",\"@id\":\"https:\\\/\\\/christinakosmeetika.ee\\\/et\\\/rose-de-mer\\\/\",\"url\":\"https:\\\/\\\/christinakosmeetika.ee\\\/et\\\/rose-de-mer\\\/\",\"name\":\"Rose de Mer - Christinakosmeetika\",\"isPartOf\":{\"@id\":\"https:\\\/\\\/christinakosmeetika.ee\\\/#website\"},\"datePublished\":\"2025-12-15T19:22:01+00:00\",\"dateModified\":\"2026-01-11T05:43:25+00:00\",\"breadcrumb\":{\"@id\":\"https:\\\/\\\/christinakosmeetika.ee\\\/et\\\/rose-de-mer\\\/#breadcrumb\"},\"inLanguage\":\"et\",\"potentialAction\":[{\"@type\":\"ReadAction\",\"target\":[\"https:\\\/\\\/christinakosmeetika.ee\\\/et\\\/rose-de-mer\\\/\"]}]},{\"@type\":\"BreadcrumbList\",\"@id\":\"https:\\\/\\\/christinakosmeetika.ee\\\/et\\\/rose-de-mer\\\/#breadcrumb\",\"itemListElement\":[{\"@type\":\"ListItem\",\"position\":1,\"name\":\"\u0413\u043b\u0430\u0432\u043d\u0430\u044f \u0441\u0442\u0440\u0430\u043d\u0438\u0446\u0430\",\"item\":\"https:\\\/\\\/christinakosmeetika.ee\\\/et\\\/\"},{\"@type\":\"ListItem\",\"position\":2,\"name\":\"Rose de Mer\"}]},{\"@type\":\"WebSite\",\"@id\":\"https:\\\/\\\/christinakosmeetika.ee\\\/#website\",\"url\":\"https:\\\/\\\/christinakosmeetika.ee\\\/\",\"name\":\"Christinakosmeetika\",\"description\":\"Christina kosmeetika Eestis\",\"alternateName\":\"Christina kosmeetika Eestis\",\"potentialAction\":[{\"@type\":\"SearchAction\",\"target\":{\"@type\":\"EntryPoint\",\"urlTemplate\":\"https:\\\/\\\/christinakosmeetika.ee\\\/?s={search_term_string}\"},\"query-input\":{\"@type\":\"PropertyValueSpecification\",\"valueRequired\":true,\"valueName\":\"search_term_string\"}}],\"inLanguage\":\"et\"}]}<\/script>\n<!-- \/ Yoast SEO plugin. -->","yoast_head_json":{"title":"Rose de Mer - Christinakosmeetika","robots":{"index":"index","follow":"follow","max-snippet":"max-snippet:-1","max-image-preview":"max-image-preview:large","max-video-preview":"max-video-preview:-1"},"canonical":"https:\/\/christinakosmeetika.ee\/et\/rose-de-mer\/","og_locale":"et_EE","og_type":"article","og_title":"Rose de Mer - Christinakosmeetika","og_url":"https:\/\/christinakosmeetika.ee\/et\/rose-de-mer\/","og_site_name":"Christinakosmeetika","article_modified_time":"2026-01-11T05:43:25+00:00","twitter_card":"summary_large_image","twitter_misc":{"Est. reading time":"2 minutit"},"schema":{"@context":"https:\/\/schema.org","@graph":[{"@type":"WebPage","@id":"https:\/\/christinakosmeetika.ee\/et\/rose-de-mer\/","url":"https:\/\/christinakosmeetika.ee\/et\/rose-de-mer\/","name":"Rose de Mer - Christinakosmeetika","isPartOf":{"@id":"https:\/\/christinakosmeetika.ee\/#website"},"datePublished":"2025-12-15T19:22:01+00:00","dateModified":"2026-01-11T05:43:25+00:00","breadcrumb":{"@id":"https:\/\/christinakosmeetika.ee\/et\/rose-de-mer\/#breadcrumb"},"inLanguage":"et","potentialAction":[{"@type":"ReadAction","target":["https:\/\/christinakosmeetika.ee\/et\/rose-de-mer\/"]}]},{"@type":"BreadcrumbList","@id":"https:\/\/christinakosmeetika.ee\/et\/rose-de-mer\/#breadcrumb","itemListElement":[{"@type":"ListItem","position":1,"name":"\u0413\u043b\u0430\u0432\u043d\u0430\u044f \u0441\u0442\u0440\u0430\u043d\u0438\u0446\u0430","item":"https:\/\/christinakosmeetika.ee\/et\/"},{"@type":"ListItem","position":2,"name":"Rose de Mer"}]},{"@type":"WebSite","@id":"https:\/\/christinakosmeetika.ee\/#website","url":"https:\/\/christinakosmeetika.ee\/","name":"Christinakosmeetika","description":"Christina kosmeetika Eestis","alternateName":"Christina kosmeetika Eestis","potentialAction":[{"@type":"SearchAction","target":{"@type":"EntryPoint","urlTemplate":"https:\/\/christinakosmeetika.ee\/?s={search_term_string}"},"query-input":{"@type":"PropertyValueSpecification","valueRequired":true,"valueName":"search_term_string"}}],"inLanguage":"et"}]}},"_links":{"self":[{"href":"https:\/\/christinakosmeetika.ee\/et\/wp-json\/wp\/v2\/pages\/10200","targetHints":{"allow":["GET"]}}],"collection":[{"href":"https:\/\/christinakosmeetika.ee\/et\/wp-json\/wp\/v2\/pages"}],"about":[{"href":"https:\/\/christinakosmeetika.ee\/et\/wp-json\/wp\/v2\/types\/page"}],"author":[{"embeddable":true,"href":"https:\/\/christinakosmeetika.ee\/et\/wp-json\/wp\/v2\/users\/2"}],"replies":[{"embeddable":true,"href":"https:\/\/christinakosmeetika.ee\/et\/wp-json\/wp\/v2\/comments?post=10200"}],"version-history":[{"count":0,"href":"https:\/\/christinakosmeetika.ee\/et\/wp-json\/wp\/v2\/pages\/10200\/revisions"}],"wp:attachment":[{"href":"https:\/\/christinakosmeetika.ee\/et\/wp-json\/wp\/v2\/media?parent=10200"}],"curies":[{"name":"wp","href":"https:\/\/api.w.org\/{rel}","templated":true}]}}