{"id":10185,"date":"2025-12-15T21:04:49","date_gmt":"2025-12-15T19:04:49","guid":{"rendered":"https:\/\/christinakosmeetika.ee\/silk\/"},"modified":"2026-01-11T07:36:52","modified_gmt":"2026-01-11T05:36:52","slug":"silk","status":"publish","type":"page","link":"https:\/\/christinakosmeetika.ee\/et\/silk\/","title":{"rendered":"Silk"},"content":{"rendered":"<div id='av-layout-grid-1'  class='av-layout-grid-container av-61iada-808be9269af95e7b169657d3623e223b entry-content-wrapper main_color av-flex-cells  avia-builder-el-0  avia-builder-el-no-sibling   container_wrap sidebar_right'  >\n<div class='flex_cell av-3xoiri-52002c1dab1c2771e9e2d65ecc007a3c av-gridrow-cell av_one_half no_margin  avia-builder-el-1  el_before_av_cell_one_half  avia-builder-el-first '  ><div class='flex_cell_inner'>\n<style type=\"text\/css\" data-created_by=\"avia_inline_auto\" id=\"style-css-av-mj6yzpul-d7f6d413f8b2ea4af3646f38b6b00bd0\">\n.avia-video.av-mj6yzpul-d7f6d413f8b2ea4af3646f38b6b00bd0{\nbackground-image:url(https:\/\/christinakosmeetika.ee\/wp-content\/uploads\/2025\/12\/silk-pr.jpg);\n}\n<\/style>\n<div  class='avia-video av-mj6yzpul-d7f6d413f8b2ea4af3646f38b6b00bd0 avia-video-16-9 av-preview-image avia-video-load-always avia-video-html5'  itemprop=\"video\" itemtype=\"https:\/\/schema.org\/VideoObject\"  data-original_url='https:\/\/christinakosmeetika.ee\/wp-content\/uploads\/2025\/12\/Silk-Rus.mp4'><video class='avia_video' poster=\"https:\/\/christinakosmeetika.ee\/wp-content\/uploads\/2025\/12\/silk-pr.jpg\"   preload=\"auto\"  controls id='player_10185_569251171_407219573'><source src='https:\/\/christinakosmeetika.ee\/wp-content\/uploads\/2025\/12\/Silk-Rus.mp4' type='video\/mp4' \/><\/video><\/div>\n<\/div><\/div><div class='flex_cell av-227926-6c5b17081449cf1c4cb6b383655628c7 av-gridrow-cell av_one_half no_margin  avia-builder-el-3  el_after_av_cell_one_half  avia-builder-el-last '  ><div class='flex_cell_inner'><section  class='av_textblock_section av-mj6z0liy-7fe2a8131cc4efb34f26ee673413f366 '   itemscope=\"itemscope\" itemtype=\"https:\/\/schema.org\/CreativeWork\" ><div class='avia_textblock'  itemprop=\"text\" ><div class=\"text-base my-auto mx-auto pb-10 &#091;--thread-content-margin:--spacing(4)&#093; @w-sm\/main:&#091;--thread-content-margin:--spacing(6)&#093; @w-lg\/main:&#091;--thread-content-margin:--spacing(16)&#093; px-(--thread-content-margin)\">\n<div class=\"&#091;--thread-content-max-width:40rem&#093; @w-lg\/main:&#091;--thread-content-max-width:48rem&#093; mx-auto max-w-(--thread-content-max-width) flex-1 group\/turn-messages focus-visible:outline-hidden relative flex w-full min-w-0 flex-col agent-turn\" tabindex=\"-1\">\n<div class=\"flex max-w-full flex-col grow\">\n<div class=\"min-h-8 text-message relative flex w-full flex-col items-end gap-2 text-start break-words whitespace-normal &#091;.text-message+&#038;&#093;:mt-1\" dir=\"auto\" data-message-author-role=\"assistant\" data-message-id=\"92ee1b98-ebf2-414e-9c3a-b52490452385\" data-message-model-slug=\"gpt-5-2\">\n<div class=\"flex w-full flex-col gap-1 empty:hidden first:pt-&#091;1px&#093;\">\n<div class=\"markdown prose dark:prose-invert w-full break-words light markdown-new-styling\">\n<h3 data-start=\"0\" data-end=\"40\"><strong data-start=\"0\" data-end=\"40\">Kellele on SILK kollektsioon m\u00f5eldud<\/strong><\/h3>\n<p data-start=\"42\" data-end=\"173\">SILK on professionaalse taseme kollektsioon, mis on loodud nii salongiprotseduurideks kui ka t\u00e4isv\u00e4\u00e4rtuslikuks koduseks hoolduseks.<\/p>\n<p data-start=\"175\" data-end=\"213\">Sari on m\u00f5eldud nahale, millel esineb:<\/p>\n<ul>\n<li data-start=\"215\" data-end=\"414\">elastsuse ja toonuse kadu;<\/li>\n<li data-start=\"215\" data-end=\"414\">v\u00e4ljendunud ja miimilised kortsud;<\/li>\n<li data-start=\"215\" data-end=\"414\">n\u00e4okontuuri h\u00e4irumine;<\/li>\n<li data-start=\"215\" data-end=\"414\">stressi ja kosmeetiliste protseduuride j\u00e4rel;<\/li>\n<li data-start=\"215\" data-end=\"414\">vajadus taastamise ja tugevdamise j\u00e4rele;<\/li>\n<li data-start=\"215\" data-end=\"414\">vananemism\u00e4rgid.<\/li>\n<\/ul>\n<p data-start=\"416\" data-end=\"579\">SILK sobib erinevatele nahat\u00fc\u00fcpidele ning seda saab kasutada iseseisva vananemisvastase hooldusprogrammina v\u00f5i toetava hooldusena p\u00e4rast intensiivseid protseduure.<\/p>\n<h3 data-start=\"581\" data-end=\"606\"><strong data-start=\"581\" data-end=\"606\">SILK kasutamise efekt<\/strong><\/h3>\n<p data-start=\"608\" data-end=\"764\">SILK pakub v\u00e4ljendunud liftingu- ja taastavat toimet: nahk muutub elastsemaks, siledamaks ja paremini niisutatuks, paraneb selle tekstuur ja \u00fcldine v\u00e4limus.<\/p>\n<p data-start=\"766\" data-end=\"986\">Vanusega seotud muutused ja v\u00e4lised tegurid n\u00f5rgestavad naha tugistruktuuri, v\u00e4hendades selle tihedust ja elastsust. SILK aitab taastada naha struktuuri, tugevdada seda ning taastada mugavustunde ja hoolitsetud v\u00e4limuse.<\/p>\n<h3 data-start=\"988\" data-end=\"1004\"><strong data-start=\"988\" data-end=\"1004\">SILK eelised<\/strong><\/h3>\n<p data-start=\"1006\" data-end=\"1103\"><strong data-start=\"1006\" data-end=\"1035\">V\u00e4ljendunud liftinguefekt<\/strong><br data-start=\"1035\" data-end=\"1038\" \/>Nahk n\u00e4eb v\u00e4lja rohkem pingul, paraneb n\u00e4okontuur ja kudede toon.<\/p>\n<p data-start=\"1105\" data-end=\"1233\"><strong data-start=\"1105\" data-end=\"1126\">Kortsude silumine<\/strong><br data-start=\"1126\" data-end=\"1129\" \/>Sarja tooted aitavad v\u00e4hendada miimiliste ja vanusega seotud kortsude n\u00e4htavust, muutes naha siledamaks.<\/p>\n<p data-start=\"1235\" data-end=\"1359\"><strong data-start=\"1235\" data-end=\"1270\">Intensiivne niisutus ja mugavus<\/strong><br data-start=\"1270\" data-end=\"1273\" \/>Nahk muutub pehmemaks, paremini niisutatuks ja t\u00e4idlasemaks, ilma pinguloleku tundeta.<\/p>\n<p data-start=\"1361\" data-end=\"1486\"><strong data-start=\"1361\" data-end=\"1385\">Taastamine ja kaitse<\/strong><br data-start=\"1385\" data-end=\"1388\" \/>SILK tugevdab naha kaitsebarj\u00e4\u00e4ri ja aitab nahal kiiremini taastuda p\u00e4rast stressi ja protseduure.<\/p>\n<p data-start=\"1488\" data-end=\"1590\"><strong data-start=\"1488\" data-end=\"1523\">Enneaegse vananemise ennetamine<\/strong><br data-start=\"1523\" data-end=\"1526\" \/>Sari toetab naha head seisundit ja aeglustab vananemisprotsesse.<\/p>\n<h3 data-start=\"1592\" data-end=\"1630\"><strong data-start=\"1592\" data-end=\"1630\">SILK lahendab j\u00e4rgmised probleemid<\/strong><\/h3>\n<ul>\n<li data-start=\"1632\" data-end=\"1920\">suurendab naha elastsust ja vetruvust;<\/li>\n<li data-start=\"1632\" data-end=\"1920\">pinguldab nahka ja parandab n\u00e4okontuuri;<\/li>\n<li data-start=\"1632\" data-end=\"1920\">silub kortse ja miimilisi jooni;<\/li>\n<li data-start=\"1632\" data-end=\"1920\">niisutab ja toidab nahka s\u00fcgavuti;<\/li>\n<li data-start=\"1632\" data-end=\"1920\">taastab naha p\u00e4rast stressi ja protseduure;<\/li>\n<li data-start=\"1632\" data-end=\"1920\">parandab naha tekstuuri ja v\u00e4limust;<\/li>\n<li data-start=\"1632\" data-end=\"1920\">toetab naha nooruslikkust ja hoolitsetud ilmet.<\/li>\n<\/ul>\n<h3 data-start=\"1922\" data-end=\"1947\"><strong data-start=\"1922\" data-end=\"1947\">Aktiivsed koostisosad<\/strong><\/h3>\n<p data-start=\"1949\" data-end=\"2071\"><strong data-start=\"1949\" data-end=\"1968\">Siidiproteiinid<\/strong><br data-start=\"1968\" data-end=\"1971\" \/>Aitavad nahka taastada, parandavad selle siledust ja elastsust ning annavad pehmuse ja mugavustunde.<\/p>\n<p data-start=\"2073\" data-end=\"2172\"><strong data-start=\"2073\" data-end=\"2086\">Peptiidid<\/strong><br data-start=\"2086\" data-end=\"2089\" \/>Toetavad naha uuenemisprotsesse ning aitavad suurendada naha tihedust ja elastsust.<\/p>\n<p data-start=\"2174\" data-end=\"2315\"><strong data-start=\"2174\" data-end=\"2218\">Niisutavad ja antioks\u00fcdantsed kompleksid<\/strong><br data-start=\"2218\" data-end=\"2221\" \/>Aitavad nahal s\u00e4ilitada niiskust, kaitsevad v\u00e4liste tegurite eest ja toetavad naha taastumist.<\/p>\n<h3 data-start=\"2317\" data-end=\"2355\"><strong data-start=\"2317\" data-end=\"2355\">SILK professionaalsed protseduurid<\/strong><\/h3>\n<p data-start=\"2357\" data-end=\"2519\">SILK ei ole lihtsalt kosmeetiline sari, vaid professionaalne s\u00fcsteem, mis v\u00f5imaldab kosmeetikutel t\u00f5husalt t\u00f6\u00f6tada vananemismuutuste ja naha toonuse v\u00e4henemisega.<\/p>\n<p data-start=\"2521\" data-end=\"2546\">SILK protokollid tagavad:<\/p>\n<ul>\n<li data-start=\"2548\" data-end=\"2718\">v\u00e4ljendunud liftingu ilma agressiivse m\u00f5juta;<\/li>\n<li data-start=\"2548\" data-end=\"2718\">naha tiheduse ja elastsuse taastamise;<\/li>\n<li data-start=\"2548\" data-end=\"2718\">naha tekstuuri ja mugavustunde paranemise;<\/li>\n<li data-start=\"2548\" data-end=\"2718\">v\u00e4ljan\u00e4gemise m\u00e4rgatava noorenemise.<\/li>\n<\/ul>\n<p data-start=\"2720\" data-end=\"2910\" data-is-last-node=\"\" data-is-only-node=\"\">SILK kollektsiooni koduhooldustooted pikendavad ja v\u00f5imendavad salongiprotseduuride tulemusi, aidates nahal s\u00e4ilitada elastsust, siledust ja hoolitsetud v\u00e4limust kosmeetiku k\u00fclastuste vahel.<\/p>\n<\/div>\n<\/div>\n<\/div>\n<\/div>\n<\/div>\n<\/div>\n<\/div><\/section><br \/>\n<div  class='avia-button-wrap av-mj70mjox-3769a61bc21ec5ecf5f4ef469af2194a-wrap avia-button-center  avia-builder-el-5  el_after_av_textblock  el_before_av_button '><a href='https:\/\/christinakosmeetika.ee\/et\/linii-cosmetici-christina-2\/'  class='avia-button av-mj70mjox-3769a61bc21ec5ecf5f4ef469af2194a av-link-btn avia-icon_select-no avia-size-small avia-position-center avia-color-theme-color'   aria-label=\"Tagasi liinidesse\"><span class='avia_iconbox_title' >Tagasi liinidesse<\/span><\/a><\/div><br \/>\n<div  class='avia-button-wrap av-mk9axeu6-74f7f8996ea5357550a493f74247603a-wrap avia-button-center  avia-builder-el-6  el_after_av_button  avia-builder-el-last '><a href='https:\/\/christinakosmeetika.ee\/et\/shop\/?filter_linii-kosmetiki=silk-et'  class='avia-button av-mk9axeu6-74f7f8996ea5357550a493f74247603a av-link-btn avia-icon_select-no avia-size-small avia-position-center avia-color-theme-color'   aria-label=\"Osta\"><span class='avia_iconbox_title' >Osta<\/span><\/a><\/div><\/p>\n<\/div><\/div><\/div>\n","protected":false},"excerpt":{"rendered":"","protected":false},"author":2,"featured_media":0,"parent":0,"menu_order":0,"comment_status":"closed","ping_status":"closed","template":"","meta":{"footnotes":""},"class_list":["post-10185","page","type-page","status-publish","hentry"],"yoast_head":"<!-- This site is optimized with the Yoast SEO plugin v27.5 - https:\/\/yoast.com\/product\/yoast-seo-wordpress\/ -->\n<title>Silk - Christinakosmeetika<\/title>\n<meta name=\"robots\" content=\"index, follow, max-snippet:-1, max-image-preview:large, max-video-preview:-1\" \/>\n<link rel=\"canonical\" href=\"https:\/\/christinakosmeetika.ee\/et\/silk\/\" \/>\n<meta property=\"og:locale\" content=\"et_EE\" \/>\n<meta property=\"og:type\" content=\"article\" \/>\n<meta property=\"og:title\" content=\"Silk - Christinakosmeetika\" \/>\n<meta property=\"og:url\" content=\"https:\/\/christinakosmeetika.ee\/et\/silk\/\" \/>\n<meta property=\"og:site_name\" content=\"Christinakosmeetika\" \/>\n<meta property=\"article:modified_time\" content=\"2026-01-11T05:36:52+00:00\" \/>\n<meta name=\"twitter:card\" content=\"summary_large_image\" \/>\n<meta name=\"twitter:label1\" content=\"Est. reading time\" \/>\n\t<meta name=\"twitter:data1\" content=\"2 minutit\" \/>\n<script type=\"application\/ld+json\" class=\"yoast-schema-graph\">{\"@context\":\"https:\\\/\\\/schema.org\",\"@graph\":[{\"@type\":\"WebPage\",\"@id\":\"https:\\\/\\\/christinakosmeetika.ee\\\/et\\\/silk\\\/\",\"url\":\"https:\\\/\\\/christinakosmeetika.ee\\\/et\\\/silk\\\/\",\"name\":\"Silk - Christinakosmeetika\",\"isPartOf\":{\"@id\":\"https:\\\/\\\/christinakosmeetika.ee\\\/#website\"},\"datePublished\":\"2025-12-15T19:04:49+00:00\",\"dateModified\":\"2026-01-11T05:36:52+00:00\",\"breadcrumb\":{\"@id\":\"https:\\\/\\\/christinakosmeetika.ee\\\/et\\\/silk\\\/#breadcrumb\"},\"inLanguage\":\"et\",\"potentialAction\":[{\"@type\":\"ReadAction\",\"target\":[\"https:\\\/\\\/christinakosmeetika.ee\\\/et\\\/silk\\\/\"]}]},{\"@type\":\"BreadcrumbList\",\"@id\":\"https:\\\/\\\/christinakosmeetika.ee\\\/et\\\/silk\\\/#breadcrumb\",\"itemListElement\":[{\"@type\":\"ListItem\",\"position\":1,\"name\":\"\u0413\u043b\u0430\u0432\u043d\u0430\u044f \u0441\u0442\u0440\u0430\u043d\u0438\u0446\u0430\",\"item\":\"https:\\\/\\\/christinakosmeetika.ee\\\/et\\\/\"},{\"@type\":\"ListItem\",\"position\":2,\"name\":\"Silk\"}]},{\"@type\":\"WebSite\",\"@id\":\"https:\\\/\\\/christinakosmeetika.ee\\\/#website\",\"url\":\"https:\\\/\\\/christinakosmeetika.ee\\\/\",\"name\":\"Christinakosmeetika\",\"description\":\"Christina kosmeetika Eestis\",\"alternateName\":\"Christina kosmeetika Eestis\",\"potentialAction\":[{\"@type\":\"SearchAction\",\"target\":{\"@type\":\"EntryPoint\",\"urlTemplate\":\"https:\\\/\\\/christinakosmeetika.ee\\\/?s={search_term_string}\"},\"query-input\":{\"@type\":\"PropertyValueSpecification\",\"valueRequired\":true,\"valueName\":\"search_term_string\"}}],\"inLanguage\":\"et\"}]}<\/script>\n<!-- \/ Yoast SEO plugin. -->","yoast_head_json":{"title":"Silk - Christinakosmeetika","robots":{"index":"index","follow":"follow","max-snippet":"max-snippet:-1","max-image-preview":"max-image-preview:large","max-video-preview":"max-video-preview:-1"},"canonical":"https:\/\/christinakosmeetika.ee\/et\/silk\/","og_locale":"et_EE","og_type":"article","og_title":"Silk - Christinakosmeetika","og_url":"https:\/\/christinakosmeetika.ee\/et\/silk\/","og_site_name":"Christinakosmeetika","article_modified_time":"2026-01-11T05:36:52+00:00","twitter_card":"summary_large_image","twitter_misc":{"Est. reading time":"2 minutit"},"schema":{"@context":"https:\/\/schema.org","@graph":[{"@type":"WebPage","@id":"https:\/\/christinakosmeetika.ee\/et\/silk\/","url":"https:\/\/christinakosmeetika.ee\/et\/silk\/","name":"Silk - Christinakosmeetika","isPartOf":{"@id":"https:\/\/christinakosmeetika.ee\/#website"},"datePublished":"2025-12-15T19:04:49+00:00","dateModified":"2026-01-11T05:36:52+00:00","breadcrumb":{"@id":"https:\/\/christinakosmeetika.ee\/et\/silk\/#breadcrumb"},"inLanguage":"et","potentialAction":[{"@type":"ReadAction","target":["https:\/\/christinakosmeetika.ee\/et\/silk\/"]}]},{"@type":"BreadcrumbList","@id":"https:\/\/christinakosmeetika.ee\/et\/silk\/#breadcrumb","itemListElement":[{"@type":"ListItem","position":1,"name":"\u0413\u043b\u0430\u0432\u043d\u0430\u044f \u0441\u0442\u0440\u0430\u043d\u0438\u0446\u0430","item":"https:\/\/christinakosmeetika.ee\/et\/"},{"@type":"ListItem","position":2,"name":"Silk"}]},{"@type":"WebSite","@id":"https:\/\/christinakosmeetika.ee\/#website","url":"https:\/\/christinakosmeetika.ee\/","name":"Christinakosmeetika","description":"Christina kosmeetika Eestis","alternateName":"Christina kosmeetika Eestis","potentialAction":[{"@type":"SearchAction","target":{"@type":"EntryPoint","urlTemplate":"https:\/\/christinakosmeetika.ee\/?s={search_term_string}"},"query-input":{"@type":"PropertyValueSpecification","valueRequired":true,"valueName":"search_term_string"}}],"inLanguage":"et"}]}},"_links":{"self":[{"href":"https:\/\/christinakosmeetika.ee\/et\/wp-json\/wp\/v2\/pages\/10185","targetHints":{"allow":["GET"]}}],"collection":[{"href":"https:\/\/christinakosmeetika.ee\/et\/wp-json\/wp\/v2\/pages"}],"about":[{"href":"https:\/\/christinakosmeetika.ee\/et\/wp-json\/wp\/v2\/types\/page"}],"author":[{"embeddable":true,"href":"https:\/\/christinakosmeetika.ee\/et\/wp-json\/wp\/v2\/users\/2"}],"replies":[{"embeddable":true,"href":"https:\/\/christinakosmeetika.ee\/et\/wp-json\/wp\/v2\/comments?post=10185"}],"version-history":[{"count":0,"href":"https:\/\/christinakosmeetika.ee\/et\/wp-json\/wp\/v2\/pages\/10185\/revisions"}],"wp:attachment":[{"href":"https:\/\/christinakosmeetika.ee\/et\/wp-json\/wp\/v2\/media?parent=10185"}],"curies":[{"name":"wp","href":"https:\/\/api.w.org\/{rel}","templated":true}]}}