{"id":10168,"date":"2025-12-15T20:41:21","date_gmt":"2025-12-15T18:41:21","guid":{"rendered":"https:\/\/christinakosmeetika.ee\/unstress\/"},"modified":"2026-01-11T07:33:13","modified_gmt":"2026-01-11T05:33:13","slug":"unstress","status":"publish","type":"page","link":"https:\/\/christinakosmeetika.ee\/et\/unstress\/","title":{"rendered":"Unstress"},"content":{"rendered":"<div id='av-layout-grid-1'  class='av-layout-grid-container av-6goeux-53c18ce240ae90a174e65882739e2976 entry-content-wrapper main_color av-flex-cells  avia-builder-el-0  avia-builder-el-no-sibling   container_wrap sidebar_right'  >\n<div class='flex_cell av-438hu1-dc00224f4c8f13190d8d22c45452729f av-gridrow-cell av_one_half no_margin  avia-builder-el-1  el_before_av_cell_one_half  avia-builder-el-first '  ><div class='flex_cell_inner'>\n<style type=\"text\/css\" data-created_by=\"avia_inline_auto\" id=\"style-css-av-mj6ysu55-3fa6a0e240fa09aab0780d41a71e36d6\">\n.avia-video.av-mj6ysu55-3fa6a0e240fa09aab0780d41a71e36d6{\nbackground-image:url(https:\/\/christinakosmeetika.ee\/wp-content\/uploads\/2025\/12\/ChatGPT-Image-15-\u0434\u0435\u043a.-2025-\u0433.-09_33_49.png);\n}\n<\/style>\n<div  class='avia-video av-mj6ysu55-3fa6a0e240fa09aab0780d41a71e36d6 avia-video-16-9 av-preview-image avia-video-load-always avia-video-html5'  itemprop=\"video\" itemtype=\"https:\/\/schema.org\/VideoObject\"  data-original_url='https:\/\/christinakosmeetika.ee\/wp-content\/uploads\/2025\/12\/Unstress-Rus.m4.mp4'><video class='avia_video' poster=\"https:\/\/christinakosmeetika.ee\/wp-content\/uploads\/2025\/12\/ChatGPT-Image-15-\u0434\u0435\u043a.-2025-\u0433.-09_33_49.png\"   preload=\"auto\"  controls id='player_10168_2025677685_1179827186'><source src='https:\/\/christinakosmeetika.ee\/wp-content\/uploads\/2025\/12\/Unstress-Rus.m4.mp4' type='video\/mp4' \/><\/video><\/div>\n<\/div><\/div><div class='flex_cell av-3274ah-675ca9aa4a48c48001d2f2deb6fc188b av-gridrow-cell av_one_half no_margin  avia-builder-el-3  el_after_av_cell_one_half  avia-builder-el-last '  ><div class='flex_cell_inner'><section  class='av_textblock_section av-mj6ytn3r-93671c6034544d28e17c2b0aba54398b '   itemscope=\"itemscope\" itemtype=\"https:\/\/schema.org\/CreativeWork\" ><div class='avia_textblock'  itemprop=\"text\" ><h3 data-start=\"0\" data-end=\"44\"><strong data-start=\"0\" data-end=\"44\">Kellele on UNSTRESS kollektsioon m\u00f5eldud<\/strong><\/h3>\n<p data-start=\"46\" data-end=\"175\">UNSTRESS on professionaalse taseme kollektsioon, mis on loodud nii salongiprotseduurideks kui ka s\u00fcsteemseks koduseks hoolduseks.<\/p>\n<p data-start=\"177\" data-end=\"208\">Sari on m\u00f5eldud nahale, mis on:<\/p>\n<ul>\n<li data-start=\"210\" data-end=\"448\">tundlik ja reaktiivne;<\/li>\n<li data-start=\"210\" data-end=\"448\">kalduv punetusele ja \u00e4rritusele;<\/li>\n<li data-start=\"210\" data-end=\"448\">stressist ja keskkonnam\u00f5judest m\u00f5jutatud;<\/li>\n<li data-start=\"210\" data-end=\"448\">p\u00e4rast agressiivseid kosmeetilisi protseduure;<\/li>\n<li data-start=\"210\" data-end=\"448\">kahjustunud kaitsebarj\u00e4\u00e4riga;<\/li>\n<li data-start=\"210\" data-end=\"448\">kannatab kuivuse, pinguloleku ja ebamugavustunde all.<\/li>\n<\/ul>\n<p data-start=\"450\" data-end=\"563\">UNSTRESS sobib erinevas vanuses ja erinevat t\u00fc\u00fcpi nahale, eriti suurenenud tundlikkuse ja taastumisperioodi ajal.<\/p>\n<h3 data-start=\"565\" data-end=\"594\"><strong data-start=\"565\" data-end=\"594\">UNSTRESS kasutamise efekt<\/strong><\/h3>\n<p data-start=\"596\" data-end=\"834\">UNSTRESS pakub v\u00e4ljendunud rahustavat ja taastavat toimet: nahk muutub rahulikumaks, paremini niisutatuks ja vastupidavamaks v\u00e4listele \u00e4rritajatele. Punetus, kipitus ja ebamugavustunne v\u00e4henevad ning nahk n\u00e4eb v\u00e4lja v\u00e4rske ja hoolitsetud.<\/p>\n<p data-start=\"836\" data-end=\"1038\">Stress ja agressiivsed keskkonnategurid n\u00f5rgestavad naha kaitsefunktsioone, muutes selle haavatavaks. UNSTRESS aitab taastada naha barj\u00e4\u00e4ri, tuua tagasi mugavustunde ja s\u00e4ilitada naha tervislik seisund.<\/p>\n<h3 data-start=\"1040\" data-end=\"1060\"><strong data-start=\"1040\" data-end=\"1060\">UNSTRESS eelised<\/strong><\/h3>\n<p data-start=\"1062\" data-end=\"1132\"><strong data-start=\"1062\" data-end=\"1080\">Rahustav toime<\/strong><br data-start=\"1080\" data-end=\"1083\" \/>V\u00e4hendab \u00e4rritust, punetust ja naha reaktiivsust.<\/p>\n<p data-start=\"1134\" data-end=\"1237\"><strong data-start=\"1134\" data-end=\"1163\">Kaitsebarj\u00e4\u00e4ri taastamine<\/strong><br data-start=\"1163\" data-end=\"1166\" \/>Tugevdab nahka ja suurendab selle vastupidavust v\u00e4listele \u00e4rritajatele.<\/p>\n<p data-start=\"1239\" data-end=\"1321\"><strong data-start=\"1239\" data-end=\"1263\">Intensiivne niisutus<\/strong><br data-start=\"1263\" data-end=\"1266\" \/>S\u00e4ilitab optimaalse niiskustaseme ja leevendab kuivust.<\/p>\n<p data-start=\"1323\" data-end=\"1416\"><strong data-start=\"1323\" data-end=\"1348\">Antioks\u00fcdantne kaitse<\/strong><br data-start=\"1348\" data-end=\"1351\" \/>Aitab kaitsta nahka enneaegse vananemise ja keskkonnam\u00f5jude eest.<\/p>\n<p data-start=\"1418\" data-end=\"1515\"><strong data-start=\"1418\" data-end=\"1433\">\u00d5rn hooldus<\/strong><br data-start=\"1433\" data-end=\"1436\" \/>Koostised on kohandatud tundlikule ja n\u00f5rgestatud nahale ega p\u00f5hjusta \u00e4rritust.<\/p>\n<h3 data-start=\"1517\" data-end=\"1559\"><strong data-start=\"1517\" data-end=\"1559\">UNSTRESS lahendab j\u00e4rgmised probleemid<\/strong><\/h3>\n<ul>\n<li data-start=\"1561\" data-end=\"1844\">v\u00e4hendab naha tundlikkust ja reaktiivsust;<\/li>\n<li data-start=\"1561\" data-end=\"1844\">leevendab punetust ja \u00e4rritust;<\/li>\n<li data-start=\"1561\" data-end=\"1844\">taastab naha kaitsebarj\u00e4\u00e4ri;<\/li>\n<li data-start=\"1561\" data-end=\"1844\">niisutab s\u00fcgavuti ja pehmendab nahka;<\/li>\n<li data-start=\"1561\" data-end=\"1844\">k\u00f5rvaldab pinguloleku ja ebamugavustunde;<\/li>\n<li data-start=\"1561\" data-end=\"1844\">kaitseb nahka v\u00e4liste stressitegurite eest;<\/li>\n<li data-start=\"1561\" data-end=\"1844\">toetab naha tervet ja hoolitsetud v\u00e4limust.<\/li>\n<\/ul>\n<h3 data-start=\"1846\" data-end=\"1871\"><strong data-start=\"1846\" data-end=\"1871\">Aktiivsed koostisosad<\/strong><\/h3>\n<p data-start=\"1873\" data-end=\"1978\"><strong data-start=\"1873\" data-end=\"1903\">Rahustavad taimeekstraktid<\/strong><br data-start=\"1903\" data-end=\"1906\" \/>V\u00e4hendavad p\u00f5letikulisi reaktsioone ja aitavad nahal kiiremini taastuda.<\/p>\n<p data-start=\"1980\" data-end=\"2058\"><strong data-start=\"1980\" data-end=\"2005\">Niisutavad kompleksid<\/strong><br data-start=\"2005\" data-end=\"2008\" \/>Hoiavad optimaalset niiskustaset ja naha mugavust.<\/p>\n<p data-start=\"2060\" data-end=\"2139\"><strong data-start=\"2060\" data-end=\"2078\">Antioks\u00fcdandid<\/strong><br data-start=\"2078\" data-end=\"2081\" \/>Kaitsevad nahka vabade radikaalide ja fotovananemise eest.<\/p>\n<p data-start=\"2141\" data-end=\"2257\"><strong data-start=\"2141\" data-end=\"2175\">Barj\u00e4\u00e4ri taastavad komponendid<\/strong><br data-start=\"2175\" data-end=\"2178\" \/>Tugevdavad naha kaitsefunktsioone ja suurendavad selle vastupidavust stressile.<\/p>\n<p data-start=\"2259\" data-end=\"2301\"><strong data-start=\"2259\" data-end=\"2301\">UNSTRESS professionaalsed protseduurid<\/strong><\/p>\n<p data-start=\"2303\" data-end=\"2479\">UNSTRESS ei ole lihtsalt kosmeetiline sari, vaid professionaalne s\u00fcsteem, mis v\u00f5imaldab kosmeetikutel t\u00f6\u00f6tada tundliku ja stressis naha kanssa maksimaalselt \u00f5rnalt ja t\u00f5husalt.<\/p>\n<p data-start=\"2481\" data-end=\"2510\">UNSTRESS protokollid tagavad:<\/p>\n<ul>\n<li data-start=\"2512\" data-end=\"2679\">naha kiire rahustamise;<\/li>\n<li data-start=\"2512\" data-end=\"2679\">barj\u00e4\u00e4rifunktsioonide taastamise;<\/li>\n<li data-start=\"2512\" data-end=\"2679\">punetuse ja \u00e4rrituse v\u00e4henemise;<\/li>\n<li data-start=\"2512\" data-end=\"2679\">s\u00fcgava niisutuse ja mugavustunde;<\/li>\n<li data-start=\"2512\" data-end=\"2679\">naha \u00fcldise kvaliteedi paranemise.<\/li>\n<\/ul>\n<p data-start=\"2681\" data-end=\"2878\" data-is-last-node=\"\" data-is-only-node=\"\">UNSTRESS kollektsiooni koduhooldustooted pikendavad ja v\u00f5imendavad professionaalsete protseduuride tulemusi, aidates nahal s\u00e4ilitada rahu, niisutatuse ja terve v\u00e4limuse kosmeetiku k\u00fclastuste vahel.<\/p>\n<\/div><\/section><br \/>\n<div  class='avia-button-wrap av-mj70jjk7-cea3fb1b11a2eee4b3dc696466a601fa-wrap avia-button-center  avia-builder-el-5  el_after_av_textblock  el_before_av_button '><a href='https:\/\/christinakosmeetika.ee\/et\/linii-cosmetici-christina-2\/'  class='avia-button av-mj70jjk7-cea3fb1b11a2eee4b3dc696466a601fa av-link-btn avia-icon_select-no avia-size-small avia-position-center avia-color-theme-color'   aria-label=\"Tagasi liinidesse\"><span class='avia_iconbox_title' >Tagasi liinidesse<\/span><\/a><\/div><br \/>\n<div  class='avia-button-wrap av-mk9ardol-55fa466ba359da2a74c5e8d8884ef00e-wrap avia-button-center  avia-builder-el-6  el_after_av_button  avia-builder-el-last '><a href='https:\/\/christinakosmeetika.ee\/et\/shop\/?filter_linii-kosmetiki=unstress-et'  class='avia-button av-mk9ardol-55fa466ba359da2a74c5e8d8884ef00e av-link-btn avia-icon_select-no avia-size-small avia-position-center avia-color-theme-color'   aria-label=\"Osta\"><span class='avia_iconbox_title' >Osta<\/span><\/a><\/div><\/p>\n<\/div><\/div><\/div>\n","protected":false},"excerpt":{"rendered":"","protected":false},"author":2,"featured_media":0,"parent":0,"menu_order":0,"comment_status":"closed","ping_status":"closed","template":"","meta":{"footnotes":""},"class_list":["post-10168","page","type-page","status-publish","hentry"],"yoast_head":"<!-- This site is optimized with the Yoast SEO plugin v27.5 - https:\/\/yoast.com\/product\/yoast-seo-wordpress\/ -->\n<title>Unstress - Christinakosmeetika<\/title>\n<meta name=\"robots\" content=\"index, follow, max-snippet:-1, max-image-preview:large, max-video-preview:-1\" \/>\n<link rel=\"canonical\" href=\"https:\/\/christinakosmeetika.ee\/et\/unstress\/\" \/>\n<meta property=\"og:locale\" content=\"et_EE\" \/>\n<meta property=\"og:type\" content=\"article\" \/>\n<meta property=\"og:title\" content=\"Unstress - Christinakosmeetika\" \/>\n<meta property=\"og:url\" content=\"https:\/\/christinakosmeetika.ee\/et\/unstress\/\" \/>\n<meta property=\"og:site_name\" content=\"Christinakosmeetika\" \/>\n<meta property=\"article:modified_time\" content=\"2026-01-11T05:33:13+00:00\" \/>\n<meta name=\"twitter:card\" content=\"summary_large_image\" \/>\n<meta name=\"twitter:label1\" content=\"Est. reading time\" \/>\n\t<meta name=\"twitter:data1\" content=\"2 minutit\" \/>\n<script type=\"application\/ld+json\" class=\"yoast-schema-graph\">{\"@context\":\"https:\\\/\\\/schema.org\",\"@graph\":[{\"@type\":\"WebPage\",\"@id\":\"https:\\\/\\\/christinakosmeetika.ee\\\/et\\\/unstress\\\/\",\"url\":\"https:\\\/\\\/christinakosmeetika.ee\\\/et\\\/unstress\\\/\",\"name\":\"Unstress - Christinakosmeetika\",\"isPartOf\":{\"@id\":\"https:\\\/\\\/christinakosmeetika.ee\\\/#website\"},\"datePublished\":\"2025-12-15T18:41:21+00:00\",\"dateModified\":\"2026-01-11T05:33:13+00:00\",\"breadcrumb\":{\"@id\":\"https:\\\/\\\/christinakosmeetika.ee\\\/et\\\/unstress\\\/#breadcrumb\"},\"inLanguage\":\"et\",\"potentialAction\":[{\"@type\":\"ReadAction\",\"target\":[\"https:\\\/\\\/christinakosmeetika.ee\\\/et\\\/unstress\\\/\"]}]},{\"@type\":\"BreadcrumbList\",\"@id\":\"https:\\\/\\\/christinakosmeetika.ee\\\/et\\\/unstress\\\/#breadcrumb\",\"itemListElement\":[{\"@type\":\"ListItem\",\"position\":1,\"name\":\"\u0413\u043b\u0430\u0432\u043d\u0430\u044f \u0441\u0442\u0440\u0430\u043d\u0438\u0446\u0430\",\"item\":\"https:\\\/\\\/christinakosmeetika.ee\\\/et\\\/\"},{\"@type\":\"ListItem\",\"position\":2,\"name\":\"Unstress\"}]},{\"@type\":\"WebSite\",\"@id\":\"https:\\\/\\\/christinakosmeetika.ee\\\/#website\",\"url\":\"https:\\\/\\\/christinakosmeetika.ee\\\/\",\"name\":\"Christinakosmeetika\",\"description\":\"Christina kosmeetika Eestis\",\"alternateName\":\"Christina kosmeetika Eestis\",\"potentialAction\":[{\"@type\":\"SearchAction\",\"target\":{\"@type\":\"EntryPoint\",\"urlTemplate\":\"https:\\\/\\\/christinakosmeetika.ee\\\/?s={search_term_string}\"},\"query-input\":{\"@type\":\"PropertyValueSpecification\",\"valueRequired\":true,\"valueName\":\"search_term_string\"}}],\"inLanguage\":\"et\"}]}<\/script>\n<!-- \/ Yoast SEO plugin. -->","yoast_head_json":{"title":"Unstress - Christinakosmeetika","robots":{"index":"index","follow":"follow","max-snippet":"max-snippet:-1","max-image-preview":"max-image-preview:large","max-video-preview":"max-video-preview:-1"},"canonical":"https:\/\/christinakosmeetika.ee\/et\/unstress\/","og_locale":"et_EE","og_type":"article","og_title":"Unstress - Christinakosmeetika","og_url":"https:\/\/christinakosmeetika.ee\/et\/unstress\/","og_site_name":"Christinakosmeetika","article_modified_time":"2026-01-11T05:33:13+00:00","twitter_card":"summary_large_image","twitter_misc":{"Est. reading time":"2 minutit"},"schema":{"@context":"https:\/\/schema.org","@graph":[{"@type":"WebPage","@id":"https:\/\/christinakosmeetika.ee\/et\/unstress\/","url":"https:\/\/christinakosmeetika.ee\/et\/unstress\/","name":"Unstress - Christinakosmeetika","isPartOf":{"@id":"https:\/\/christinakosmeetika.ee\/#website"},"datePublished":"2025-12-15T18:41:21+00:00","dateModified":"2026-01-11T05:33:13+00:00","breadcrumb":{"@id":"https:\/\/christinakosmeetika.ee\/et\/unstress\/#breadcrumb"},"inLanguage":"et","potentialAction":[{"@type":"ReadAction","target":["https:\/\/christinakosmeetika.ee\/et\/unstress\/"]}]},{"@type":"BreadcrumbList","@id":"https:\/\/christinakosmeetika.ee\/et\/unstress\/#breadcrumb","itemListElement":[{"@type":"ListItem","position":1,"name":"\u0413\u043b\u0430\u0432\u043d\u0430\u044f \u0441\u0442\u0440\u0430\u043d\u0438\u0446\u0430","item":"https:\/\/christinakosmeetika.ee\/et\/"},{"@type":"ListItem","position":2,"name":"Unstress"}]},{"@type":"WebSite","@id":"https:\/\/christinakosmeetika.ee\/#website","url":"https:\/\/christinakosmeetika.ee\/","name":"Christinakosmeetika","description":"Christina kosmeetika Eestis","alternateName":"Christina kosmeetika Eestis","potentialAction":[{"@type":"SearchAction","target":{"@type":"EntryPoint","urlTemplate":"https:\/\/christinakosmeetika.ee\/?s={search_term_string}"},"query-input":{"@type":"PropertyValueSpecification","valueRequired":true,"valueName":"search_term_string"}}],"inLanguage":"et"}]}},"_links":{"self":[{"href":"https:\/\/christinakosmeetika.ee\/et\/wp-json\/wp\/v2\/pages\/10168","targetHints":{"allow":["GET"]}}],"collection":[{"href":"https:\/\/christinakosmeetika.ee\/et\/wp-json\/wp\/v2\/pages"}],"about":[{"href":"https:\/\/christinakosmeetika.ee\/et\/wp-json\/wp\/v2\/types\/page"}],"author":[{"embeddable":true,"href":"https:\/\/christinakosmeetika.ee\/et\/wp-json\/wp\/v2\/users\/2"}],"replies":[{"embeddable":true,"href":"https:\/\/christinakosmeetika.ee\/et\/wp-json\/wp\/v2\/comments?post=10168"}],"version-history":[{"count":0,"href":"https:\/\/christinakosmeetika.ee\/et\/wp-json\/wp\/v2\/pages\/10168\/revisions"}],"wp:attachment":[{"href":"https:\/\/christinakosmeetika.ee\/et\/wp-json\/wp\/v2\/media?parent=10168"}],"curies":[{"name":"wp","href":"https:\/\/api.w.org\/{rel}","templated":true}]}}