{"id":10151,"date":"2025-12-15T20:19:42","date_gmt":"2025-12-15T18:19:42","guid":{"rendered":"https:\/\/christinakosmeetika.ee\/illustrious\/"},"modified":"2026-01-11T07:29:37","modified_gmt":"2026-01-11T05:29:37","slug":"illustrious","status":"publish","type":"page","link":"https:\/\/christinakosmeetika.ee\/et\/illustrious\/","title":{"rendered":"Illustrious"},"content":{"rendered":"<div id='av-layout-grid-1'  class='av-layout-grid-container av-5syaex-494d501d3ff4465ee3458b6934823192 entry-content-wrapper main_color av-flex-cells  avia-builder-el-0  avia-builder-el-no-sibling   container_wrap sidebar_right'  >\n<div class='flex_cell av-1lfuh-ff16f9465acf4760c60af95374a624de av-gridrow-cell av_one_half no_margin  avia-builder-el-1  el_before_av_cell_one_half  avia-builder-el-first '  ><div class='flex_cell_inner'>\n<style type=\"text\/css\" data-created_by=\"avia_inline_auto\" id=\"style-css-av-mj6zc1un-d5446e3206edd95d396efedfc0c2405c\">\n.avia-video.av-mj6zc1un-d5446e3206edd95d396efedfc0c2405c{\nbackground-image:url(https:\/\/christinakosmeetika.ee\/wp-content\/uploads\/2025\/12\/illustrious.jpg);\n}\n<\/style>\n<div  class='avia-video av-mj6zc1un-d5446e3206edd95d396efedfc0c2405c avia-video-16-9 av-preview-image avia-video-load-always avia-video-html5'  itemprop=\"video\" itemtype=\"https:\/\/schema.org\/VideoObject\"  data-original_url='https:\/\/christinakosmeetika.ee\/wp-content\/uploads\/2025\/12\/\u041b\u0438\u043d\u0438\u044f-Illustrious-\u043e\u0442-Christina-720p-1.mp4'><video class='avia_video' poster=\"https:\/\/christinakosmeetika.ee\/wp-content\/uploads\/2025\/12\/illustrious.jpg\"   preload=\"auto\"  controls id='player_10151_1088281227_766192393'><source src='https:\/\/christinakosmeetika.ee\/wp-content\/uploads\/2025\/12\/\u041b\u0438\u043d\u0438\u044f-Illustrious-\u043e\u0442-Christina-720p-1.mp4' type='video\/mp4' \/><\/video><\/div>\n<\/div><\/div><div class='flex_cell av-1z8xwp-f9706c833285d6dbe438e76b606b3a2c av-gridrow-cell av_one_half no_margin  avia-builder-el-3  el_after_av_cell_one_half  avia-builder-el-last '  ><div class='flex_cell_inner'><section  class='av_textblock_section av-mj6zcq7t-54810e10de7649f19befc79a5ed3a25b '   itemscope=\"itemscope\" itemtype=\"https:\/\/schema.org\/CreativeWork\" ><div class='avia_textblock'  itemprop=\"text\" ><h3 data-start=\"0\" data-end=\"47\"><strong data-start=\"0\" data-end=\"47\">Kellele on ILLUSTRIOUS kollektsioon m\u00f5eldud<\/strong><\/h3>\n<p data-start=\"49\" data-end=\"208\">ILLUSTRIOUS on premium-tasemel toodete kollektsioon, mis on loodud nii professionaalseteks salongiprotseduurideks kui ka t\u00e4isv\u00e4\u00e4rtuslikuks koduseks hoolduseks.<\/p>\n<p data-start=\"210\" data-end=\"248\">Sari on m\u00f5eldud nahale, millel esineb:<\/p>\n<ul>\n<li data-start=\"250\" data-end=\"513\">erineva p\u00e4ritoluga h\u00fcperpigmentatsioon;<\/li>\n<li data-start=\"250\" data-end=\"513\">eba\u00fchtlane ja tuhm nahatoon;<\/li>\n<li data-start=\"250\" data-end=\"513\">fotovananemise tunnused;<\/li>\n<li data-start=\"250\" data-end=\"513\">vanusega seotud muutused;<\/li>\n<li data-start=\"250\" data-end=\"513\">postp\u00f5letikuline pigmentatsioon (aknej\u00e4rgsed j\u00e4ljed);<\/li>\n<li data-start=\"250\" data-end=\"513\">vajadus naha heledamaks muutmise, tooni \u00fchtlustamise ja s\u00e4ra taastamise j\u00e4rele.<\/li>\n<\/ul>\n<h3 data-start=\"515\" data-end=\"547\"><strong data-start=\"515\" data-end=\"547\">ILLUSTRIOUS kasutamise efekt<\/strong><\/h3>\n<p data-start=\"549\" data-end=\"776\">ILLUSTRIOUS pakub v\u00e4ljendunud nahka helendavat ja noorendavat toimet: nahk muutub \u00fchtlasemaks, siledamaks ja s\u00e4ravamaks. Pigmentlaikude n\u00e4htavus v\u00e4heneb, paraneb naha toon ja tekstuur ning jume n\u00e4eb v\u00e4rske ja hoolitsetud v\u00e4lja.<\/p>\n<p data-start=\"778\" data-end=\"985\">Pigmentatsioonile kalduv nahk ei vaja punktlahendusi, vaid s\u00fcsteemi, mis m\u00f5jutab melaniini tekkemehhanisme ning toetab samaaegselt naha uuenemis- ja taastumisprotsesse. Just selline s\u00fcsteem ongi ILLUSTRIOUS.<\/p>\n<h3 data-start=\"987\" data-end=\"1010\"><strong data-start=\"987\" data-end=\"1010\">ILLUSTRIOUS eelised<\/strong><\/h3>\n<p data-start=\"1012\" data-end=\"1118\"><strong data-start=\"1012\" data-end=\"1041\">Kompleksne helendav toime<\/strong><br data-start=\"1041\" data-end=\"1044\" \/>M\u00f5jutab erineva p\u00e4ritoluga pigmentatsiooni ja \u00fchtlustab naha \u00fcldist tooni.<\/p>\n<p data-start=\"1120\" data-end=\"1228\"><strong data-start=\"1120\" data-end=\"1145\">V\u00e4ljendunud s\u00e4raefekt<\/strong><br data-start=\"1145\" data-end=\"1148\" \/>Nahk n\u00e4eb v\u00e4rskem, heledam ja hoolitsetum v\u00e4lja juba p\u00e4rast esimesi protseduure.<\/p>\n<p data-start=\"1230\" data-end=\"1357\"><strong data-start=\"1230\" data-end=\"1271\">Noorendamine ja tekstuuri parandamine<\/strong><br data-start=\"1271\" data-end=\"1274\" \/>Sarja tooted aitavad siluda peeneid kortse ning parandada naha toonust ja tihedust.<\/p>\n<p data-start=\"1359\" data-end=\"1440\"><strong data-start=\"1359\" data-end=\"1384\">Antioks\u00fcdantne kaitse<\/strong><br data-start=\"1384\" data-end=\"1387\" \/>Kaitseb nahka keskkonnam\u00f5jude ja fotovananemise eest.<\/p>\n<p data-start=\"1442\" data-end=\"1554\"><strong data-start=\"1442\" data-end=\"1467\">Mugavus ja taastamine<\/strong><br data-start=\"1467\" data-end=\"1470\" \/>ILLUSTRIOUS helendab, niisutab ja rahustab nahka samaaegselt, p\u00f5hjustamata \u00e4rritust.<\/p>\n<h3 data-start=\"1556\" data-end=\"1601\"><strong data-start=\"1556\" data-end=\"1601\">ILLUSTRIOUS lahendab j\u00e4rgmised probleemid<\/strong><\/h3>\n<ul>\n<li data-start=\"1603\" data-end=\"2002\">helendab nahka ja parandab jumet;<\/li>\n<li data-start=\"1603\" data-end=\"2002\">v\u00e4hendab h\u00fcperpigmentatsiooni n\u00e4htavust;<\/li>\n<li data-start=\"1603\" data-end=\"2002\">\u00fchtlustab naha tooni ja reljeefi;<\/li>\n<li data-start=\"1603\" data-end=\"2002\">niisutab s\u00fcgavuti ja taastab nahka;<\/li>\n<li data-start=\"1603\" data-end=\"2002\">v\u00e4hendab \u00e4rritust ja rikastab nahka antioks\u00fcdantidega;<\/li>\n<li data-start=\"1603\" data-end=\"2002\">stimuleerib kollageeni ja elastiini s\u00fcnteesi;<\/li>\n<li data-start=\"1603\" data-end=\"2002\">suurendab naha elastsust ja vetruvust;<\/li>\n<li data-start=\"1603\" data-end=\"2002\">v\u00e4hendab nii peente kui ka s\u00fcgavamate kortsude n\u00e4htavust;<\/li>\n<li data-start=\"1603\" data-end=\"2002\">aktiveerib epidermise uuenemisprotsesse.<\/li>\n<\/ul>\n<p data-start=\"2004\" data-end=\"2026\"><strong data-start=\"2004\" data-end=\"2026\">Kasutusn\u00e4idustused<\/strong><\/p>\n<ul>\n<li data-start=\"2028\" data-end=\"2161\">h\u00fcperpigmentatsioon ja eba\u00fchtlane nahatoon;<\/li>\n<li data-start=\"2028\" data-end=\"2161\">vanusega seotud muutused;<\/li>\n<li data-start=\"2028\" data-end=\"2161\">\u201ev\u00e4sinud nahk\u201c, \u201esuitsetaja nahk\u201c;<\/li>\n<li data-start=\"2028\" data-end=\"2161\">postakne;<\/li>\n<li data-start=\"2028\" data-end=\"2161\">kuperoosa.<\/li>\n<\/ul>\n<p data-start=\"2163\" data-end=\"2208\"><strong data-start=\"2163\" data-end=\"2208\">ILLUSTRIOUS professionaalsed protseduurid<\/strong><\/p>\n<p data-start=\"2210\" data-end=\"2371\">ILLUSTRIOUS ei ole lihtsalt helendav sari, vaid professionaalne s\u00fcsteem, mis v\u00f5imaldab kosmeetikutel t\u00f5husalt t\u00f6\u00f6tada pigmentatsiooni ja naha vananemism\u00e4rkidega.<\/p>\n<p data-start=\"2373\" data-end=\"2409\">Mitmeetapilised protokollid tagavad:<\/p>\n<ul>\n<li data-start=\"2411\" data-end=\"2583\">naha m\u00e4rgatava helenemise;<\/li>\n<li data-start=\"2411\" data-end=\"2583\">naha tooni ja tekstuuri \u00fchtlustamise;<\/li>\n<li data-start=\"2411\" data-end=\"2583\">naha tiheduse ja elastsuse paranemise;<\/li>\n<li data-start=\"2411\" data-end=\"2583\">v\u00e4ljendunud s\u00e4ra;<\/li>\n<li data-start=\"2411\" data-end=\"2583\">naha noorendamise ilma agressiivse m\u00f5juta.<\/li>\n<\/ul>\n<p data-start=\"2585\" data-end=\"2765\" data-is-last-node=\"\" data-is-only-node=\"\">ILLUSTRIOUS kollektsiooni koduhooldustooted pikendavad ja v\u00f5imendavad professionaalsete protseduuride tulemusi, hoides naha heleda, \u00fchtlase ja s\u00e4ravana kosmeetiku k\u00fclastuste vahel.<\/p>\n<\/div><\/section><br \/>\n<div  class='avia-button-wrap av-mj70hz96-b379e7f1d0a67f9db2af9a28d3d46f00-wrap avia-button-center  avia-builder-el-5  el_after_av_textblock  el_before_av_button '><a href='https:\/\/christinakosmeetika.ee\/et\/linii-cosmetici-christina-2\/'  class='avia-button av-mj70hz96-b379e7f1d0a67f9db2af9a28d3d46f00 av-link-btn avia-icon_select-no avia-size-small avia-position-center avia-color-theme-color'   aria-label=\"Tagasi liinidesse\"><span class='avia_iconbox_title' >Tagasi liinidesse<\/span><\/a><\/div><br \/>\n<div  class='avia-button-wrap av-mk9ao2os-5d3d71181dc08a4051b802ba0f32d33d-wrap avia-button-center  avia-builder-el-6  el_after_av_button  avia-builder-el-last '><a href='https:\/\/christinakosmeetika.ee\/et\/shop\/?filter_linii-kosmetiki=illustrious-et'  class='avia-button av-mk9ao2os-5d3d71181dc08a4051b802ba0f32d33d av-link-btn avia-icon_select-no avia-size-small avia-position-center avia-color-theme-color'   aria-label=\"Osta\"><span class='avia_iconbox_title' >Osta<\/span><\/a><\/div><\/p>\n<\/div><\/div><\/div>\n","protected":false},"excerpt":{"rendered":"","protected":false},"author":2,"featured_media":0,"parent":0,"menu_order":0,"comment_status":"closed","ping_status":"closed","template":"","meta":{"footnotes":""},"class_list":["post-10151","page","type-page","status-publish","hentry"],"yoast_head":"<!-- This site is optimized with the Yoast SEO plugin v27.5 - https:\/\/yoast.com\/product\/yoast-seo-wordpress\/ -->\n<title>Illustrious - Christinakosmeetika<\/title>\n<meta name=\"robots\" content=\"index, follow, max-snippet:-1, max-image-preview:large, max-video-preview:-1\" \/>\n<link rel=\"canonical\" href=\"https:\/\/christinakosmeetika.ee\/et\/illustrious\/\" \/>\n<meta property=\"og:locale\" content=\"et_EE\" \/>\n<meta property=\"og:type\" content=\"article\" \/>\n<meta property=\"og:title\" content=\"Illustrious - Christinakosmeetika\" \/>\n<meta property=\"og:url\" content=\"https:\/\/christinakosmeetika.ee\/et\/illustrious\/\" \/>\n<meta property=\"og:site_name\" content=\"Christinakosmeetika\" \/>\n<meta property=\"article:modified_time\" content=\"2026-01-11T05:29:37+00:00\" \/>\n<meta name=\"twitter:card\" content=\"summary_large_image\" \/>\n<meta name=\"twitter:label1\" content=\"Est. reading time\" \/>\n\t<meta name=\"twitter:data1\" content=\"2 minutit\" \/>\n<script type=\"application\/ld+json\" class=\"yoast-schema-graph\">{\"@context\":\"https:\\\/\\\/schema.org\",\"@graph\":[{\"@type\":\"WebPage\",\"@id\":\"https:\\\/\\\/christinakosmeetika.ee\\\/et\\\/illustrious\\\/\",\"url\":\"https:\\\/\\\/christinakosmeetika.ee\\\/et\\\/illustrious\\\/\",\"name\":\"Illustrious - Christinakosmeetika\",\"isPartOf\":{\"@id\":\"https:\\\/\\\/christinakosmeetika.ee\\\/#website\"},\"datePublished\":\"2025-12-15T18:19:42+00:00\",\"dateModified\":\"2026-01-11T05:29:37+00:00\",\"breadcrumb\":{\"@id\":\"https:\\\/\\\/christinakosmeetika.ee\\\/et\\\/illustrious\\\/#breadcrumb\"},\"inLanguage\":\"et\",\"potentialAction\":[{\"@type\":\"ReadAction\",\"target\":[\"https:\\\/\\\/christinakosmeetika.ee\\\/et\\\/illustrious\\\/\"]}]},{\"@type\":\"BreadcrumbList\",\"@id\":\"https:\\\/\\\/christinakosmeetika.ee\\\/et\\\/illustrious\\\/#breadcrumb\",\"itemListElement\":[{\"@type\":\"ListItem\",\"position\":1,\"name\":\"\u0413\u043b\u0430\u0432\u043d\u0430\u044f \u0441\u0442\u0440\u0430\u043d\u0438\u0446\u0430\",\"item\":\"https:\\\/\\\/christinakosmeetika.ee\\\/et\\\/\"},{\"@type\":\"ListItem\",\"position\":2,\"name\":\"Illustrious\"}]},{\"@type\":\"WebSite\",\"@id\":\"https:\\\/\\\/christinakosmeetika.ee\\\/#website\",\"url\":\"https:\\\/\\\/christinakosmeetika.ee\\\/\",\"name\":\"Christinakosmeetika\",\"description\":\"Christina kosmeetika Eestis\",\"alternateName\":\"Christina kosmeetika Eestis\",\"potentialAction\":[{\"@type\":\"SearchAction\",\"target\":{\"@type\":\"EntryPoint\",\"urlTemplate\":\"https:\\\/\\\/christinakosmeetika.ee\\\/?s={search_term_string}\"},\"query-input\":{\"@type\":\"PropertyValueSpecification\",\"valueRequired\":true,\"valueName\":\"search_term_string\"}}],\"inLanguage\":\"et\"}]}<\/script>\n<!-- \/ Yoast SEO plugin. -->","yoast_head_json":{"title":"Illustrious - Christinakosmeetika","robots":{"index":"index","follow":"follow","max-snippet":"max-snippet:-1","max-image-preview":"max-image-preview:large","max-video-preview":"max-video-preview:-1"},"canonical":"https:\/\/christinakosmeetika.ee\/et\/illustrious\/","og_locale":"et_EE","og_type":"article","og_title":"Illustrious - Christinakosmeetika","og_url":"https:\/\/christinakosmeetika.ee\/et\/illustrious\/","og_site_name":"Christinakosmeetika","article_modified_time":"2026-01-11T05:29:37+00:00","twitter_card":"summary_large_image","twitter_misc":{"Est. reading time":"2 minutit"},"schema":{"@context":"https:\/\/schema.org","@graph":[{"@type":"WebPage","@id":"https:\/\/christinakosmeetika.ee\/et\/illustrious\/","url":"https:\/\/christinakosmeetika.ee\/et\/illustrious\/","name":"Illustrious - Christinakosmeetika","isPartOf":{"@id":"https:\/\/christinakosmeetika.ee\/#website"},"datePublished":"2025-12-15T18:19:42+00:00","dateModified":"2026-01-11T05:29:37+00:00","breadcrumb":{"@id":"https:\/\/christinakosmeetika.ee\/et\/illustrious\/#breadcrumb"},"inLanguage":"et","potentialAction":[{"@type":"ReadAction","target":["https:\/\/christinakosmeetika.ee\/et\/illustrious\/"]}]},{"@type":"BreadcrumbList","@id":"https:\/\/christinakosmeetika.ee\/et\/illustrious\/#breadcrumb","itemListElement":[{"@type":"ListItem","position":1,"name":"\u0413\u043b\u0430\u0432\u043d\u0430\u044f \u0441\u0442\u0440\u0430\u043d\u0438\u0446\u0430","item":"https:\/\/christinakosmeetika.ee\/et\/"},{"@type":"ListItem","position":2,"name":"Illustrious"}]},{"@type":"WebSite","@id":"https:\/\/christinakosmeetika.ee\/#website","url":"https:\/\/christinakosmeetika.ee\/","name":"Christinakosmeetika","description":"Christina kosmeetika Eestis","alternateName":"Christina kosmeetika Eestis","potentialAction":[{"@type":"SearchAction","target":{"@type":"EntryPoint","urlTemplate":"https:\/\/christinakosmeetika.ee\/?s={search_term_string}"},"query-input":{"@type":"PropertyValueSpecification","valueRequired":true,"valueName":"search_term_string"}}],"inLanguage":"et"}]}},"_links":{"self":[{"href":"https:\/\/christinakosmeetika.ee\/et\/wp-json\/wp\/v2\/pages\/10151","targetHints":{"allow":["GET"]}}],"collection":[{"href":"https:\/\/christinakosmeetika.ee\/et\/wp-json\/wp\/v2\/pages"}],"about":[{"href":"https:\/\/christinakosmeetika.ee\/et\/wp-json\/wp\/v2\/types\/page"}],"author":[{"embeddable":true,"href":"https:\/\/christinakosmeetika.ee\/et\/wp-json\/wp\/v2\/users\/2"}],"replies":[{"embeddable":true,"href":"https:\/\/christinakosmeetika.ee\/et\/wp-json\/wp\/v2\/comments?post=10151"}],"version-history":[{"count":0,"href":"https:\/\/christinakosmeetika.ee\/et\/wp-json\/wp\/v2\/pages\/10151\/revisions"}],"wp:attachment":[{"href":"https:\/\/christinakosmeetika.ee\/et\/wp-json\/wp\/v2\/media?parent=10151"}],"curies":[{"name":"wp","href":"https:\/\/api.w.org\/{rel}","templated":true}]}}